{"id":22854,"date":"2019-09-12T12:41:57","date_gmt":"2019-09-12T10:41:57","guid":{"rendered":"https:\/\/www.ferrovial.com\/?page_id=22854"},"modified":"2026-04-10T10:47:05","modified_gmt":"2026-04-10T08:47:05","slug":"comisiones","status":"publish","type":"page","link":"https:\/\/www.ferrovial.com\/es\/accionistas-e-inversores\/gobierno-corporativo\/comisiones\/","title":{"rendered":"Comisiones"},"content":{"rendered":"    <m-final-content-header bgimage='https:\/\/static.ferrovial.com\/wp-content\/uploads\/2019\/10\/13133239\/wydzial-textura-1280x720.jpg'>\n            <c-breadcrumb label-text=\"Breadcrumb\" slot=\"breadcrumbs\" type='2' align='left' wrap='wrapped wrapped' aria-label='Vienes de Gobierno corporativo'>\n                        <ol>\n\n                                                            <li><a href=\"https:\/\/www.ferrovial.com\/es\/\" title=\"Ferrovial\">Ferrovial<\/a><\/li>\n                                                                        <li><a href=\"https:\/\/www.ferrovial.com\/es\/accionistas-e-inversores\/\" title=\"Accionistas e inversores\">Accionistas e inversores<\/a><\/li>\n                                                                        <li><a href=\"https:\/\/www.ferrovial.com\/es\/accionistas-e-inversores\/gobierno-corporativo\/\" title=\"Gobierno corporativo\">Gobierno corporativo<\/a><\/li>\n                                    \n                <\/ol>\n\n                <\/c-breadcrumb>\n    \n        <div slot=\"header\">\n            <h1>\n                Comisiones            <\/h1>\n                    <\/div>\n    <\/m-final-content-header>\n\n    \n\n\n<m-wysiwig class=\"wp-block-components-wysiwyg\"><div slot=\"maincontent\">\n<h2 class=\"wp-block-heading\"><strong>Comisi\u00f3n Ejecutiva<\/strong><\/h2>\n\n\n\n<p>La composici\u00f3n actual de la Comisi\u00f3n Ejecutiva es la siguiente:<\/p>\n\n\n\n<ul class=\"wp-block-list\">\n<li>Rafael del Pino, Consejero Ejecutivo (Presidente)<\/li>\n\n\n\n<li>\u00d3scar Fanjul, Consejero No Ejecutivo Independiente<\/li>\n\n\n\n<li>Ignacio Madridejos, Consejero Ejecutivo (Consejero Delegado)<\/li>\n\n\n\n<li>Mar\u00eda del Pino, Consejera No Ejecutiva<\/li>\n\n\n\n<li>Jos\u00e9 Fernando S\u00e1nchez-Junco, Consejero No Ejecutivo Independiente<\/li>\n\n\n\n<li>Juan Hoyos, Consejero No Ejecutivo Independiente<\/li>\n<\/ul>\n\n\n\n<p>Conforme a lo establecido en el Reglamento del Consejo, la Comisi\u00f3n Ejecutiva puede adoptar decisiones sobre todos los asuntos que competen al Consejo, sujeto a la legislaci\u00f3n aplicable, a los Estatutos Sociales o seg\u00fan se estipule expresamente en el propio Reglamento del Consejo.<\/p>\n\n\n\n<h2 class=\"wp-block-heading\"><strong>Comisi\u00f3n de Auditor\u00eda y Control<\/strong><\/h2>\n\n\n\n<p>La composici\u00f3n actual de la Comisi\u00f3n de Auditor\u00eda y Control es la siguiente:<\/p>\n\n\n\n<ul class=\"wp-block-list\">\n<li>\u00d3scar Fanjul, Consejero No Ejecutivo Independiente (Presidente)<\/li>\n\n\n\n<li>Philip Bowman, Consejero No Ejecutivo Independiente.<\/li>\n\n\n\n<li>Gonzalo Urquijo, Consejero No Ejecutivo Independiente<\/li>\n<\/ul>\n\n\n\n<p>La Comisi\u00f3n de Auditor\u00eda y Control tiene como objetivo principal supervisar los procesos de informaci\u00f3n contable y financiera de la Sociedad y las auditor\u00edas de los estados financieros, as\u00ed como asistir al Consejo en su proceso de toma de decisiones en relaci\u00f3n con la supervisi\u00f3n de la integridad y calidad de la informaci\u00f3n financiera y la sostenibilidad y eficacia de los sistemas internos de gesti\u00f3n y control de riesgos.<\/p>\n\n\n\n<p>El <a href=\"https:\/\/static.ferrovial.com\/wp-content\/uploads\/2026\/01\/19132742\/nrferaj-007-reglamento-de-la-comision-de-auditoria-y-control-20251218.pdf\" target=\"_blank\" rel=\"noreferrer noopener\">Reglamento<\/a> de la Comisi\u00f3n de Auditor\u00eda y Control establece sus funciones y responsabilidades, as\u00ed como otros aspectos que le son propios.<\/p>\n\n\n\n<h2 class=\"wp-block-heading\"><strong>Comisi\u00f3n de Nombramientos y Retribuciones<\/strong><\/h2>\n\n\n\n<p>La composici\u00f3n actual de la Comisi\u00f3n de Nombramientos y Retribuciones es la siguiente:<\/p>\n\n\n\n<ul class=\"wp-block-list\">\n<li>Bruno Di Leo, Consejero No Ejecutivo Independiente (Presidente)<\/li>\n\n\n\n<li>Jos\u00e9 Fernando S\u00e1nchez-Junco, Consejero No Ejecutivo Independiente<\/li>\n\n\n\n<li>Gonzalo Urquijo, Consejero No Ejecutivo Independiente<\/li>\n\n\n\n<li>Hildegard Wortmann, Consejera no Ejecutiva Independiente<\/li>\n<\/ul>\n\n\n\n<p>El objetivo principal de la Comisi\u00f3n de Nombramientos y Remuneraciones es identificar a las personas adecuadas para ser miembros del Consejo de acuerdo con los criterios aprobados por el propio Consejo, y recomendar a este los candidatos a Consejeros &nbsp;que ser\u00e1n presentados a la Junta General de Accionistas, as\u00ed como preparar las decisiones del Consejo en relaci\u00f3n con la remuneraci\u00f3n de los Consejeros y altos directivos.<\/p>\n\n\n\n<p>El <a href=\"https:\/\/static.ferrovial.com\/wp-content\/uploads\/2025\/05\/26171737\/nomination-and-remuneration-committee-charter-es.pdf\" target=\"_blank\" rel=\"noreferrer noopener\">Reglamento<\/a> de la Comisi\u00f3n de Nombramientos y Retribuciones estable sus funciones y responsabilidades, as\u00ed como otros aspectos que le son propios.<\/p>\n<\/div><\/m-wysiwig>\n","protected":false},"excerpt":{"rendered":"","protected":false},"featured_media":0,"parent":22831,"menu_order":0,"comment_status":"closed","ping_status":"closed","template":"","meta":{"_acf_changed":false,"footnotes":""},"class_list":["post-22854","page","type-page","status-publish","hentry"],"acf":[],"yoast_head":"<!-- This site is optimized with the Yoast SEO plugin v27.2 - https:\/\/yoast.com\/product\/yoast-seo-wordpress\/ -->\n<title>Comisi\u00f3n Ejecutiva - Accionistas e Inversores - Ferrovial<\/title>\n<meta name=\"description\" content=\"Desde el 2000, existen Comisiones del Consejo, de conformidad con lo dispuesto en los Estatutos Sociales. En la actualidad la Comisi\u00f3n Ejecutiva est\u00e1 compuesta por ...\" \/>\n<meta name=\"robots\" content=\"index, follow, max-snippet:-1, max-image-preview:large, max-video-preview:-1\" \/>\n<link rel=\"canonical\" href=\"https:\/\/www.ferrovial.com\/es\/accionistas-e-inversores\/gobierno-corporativo\/comisiones\/\" \/>\n<meta property=\"og:locale\" content=\"es_ES\" \/>\n<meta property=\"og:type\" content=\"article\" \/>\n<meta property=\"og:title\" content=\"Comisi\u00f3n Ejecutiva - Accionistas e Inversores - Ferrovial\" \/>\n<meta property=\"og:description\" content=\"Desde el 2000, existen Comisiones del Consejo, de conformidad con lo dispuesto en los Estatutos Sociales. En la actualidad la Comisi\u00f3n Ejecutiva est\u00e1 compuesta por ...\" \/>\n<meta property=\"og:url\" content=\"https:\/\/www.ferrovial.com\/es\/accionistas-e-inversores\/gobierno-corporativo\/comisiones\/\" \/>\n<meta property=\"og:site_name\" content=\"Ferrovial\" \/>\n<meta property=\"article:publisher\" content=\"https:\/\/www.facebook.com\/ferrovial\" \/>\n<meta property=\"article:modified_time\" content=\"2026-04-10T08:47:05+00:00\" \/>\n<meta name=\"twitter:card\" content=\"summary_large_image\" \/>\n<meta name=\"twitter:site\" content=\"@ferrovial\" \/>\n<meta name=\"twitter:label1\" content=\"Est. reading time\" \/>\n\t<meta name=\"twitter:data1\" content=\"2 minutos\" \/>\n<!-- \/ Yoast SEO plugin. -->","yoast_head_json":{"title":"Comisi\u00f3n Ejecutiva - Accionistas e Inversores - Ferrovial","description":"Desde el 2000, existen Comisiones del Consejo, de conformidad con lo dispuesto en los Estatutos Sociales. En la actualidad la Comisi\u00f3n Ejecutiva est\u00e1 compuesta por ...","robots":{"index":"index","follow":"follow","max-snippet":"max-snippet:-1","max-image-preview":"max-image-preview:large","max-video-preview":"max-video-preview:-1"},"canonical":"https:\/\/www.ferrovial.com\/es\/accionistas-e-inversores\/gobierno-corporativo\/comisiones\/","og_locale":"es_ES","og_type":"article","og_title":"Comisi\u00f3n Ejecutiva - Accionistas e Inversores - Ferrovial","og_description":"Desde el 2000, existen Comisiones del Consejo, de conformidad con lo dispuesto en los Estatutos Sociales. En la actualidad la Comisi\u00f3n Ejecutiva est\u00e1 compuesta por ...","og_url":"https:\/\/www.ferrovial.com\/es\/accionistas-e-inversores\/gobierno-corporativo\/comisiones\/","og_site_name":"Ferrovial","article_publisher":"https:\/\/www.facebook.com\/ferrovial","article_modified_time":"2026-04-10T08:47:05+00:00","twitter_card":"summary_large_image","twitter_site":"@ferrovial","twitter_misc":{"Est. reading time":"2 minutos"},"schema":{"@context":"https:\/\/schema.org","@graph":[{"@type":"WebPage","@id":"https:\/\/www.ferrovial.com\/es\/accionistas-e-inversores\/gobierno-corporativo\/comisiones\/","url":"https:\/\/www.ferrovial.com\/es\/accionistas-e-inversores\/gobierno-corporativo\/comisiones\/","name":"Comisi\u00f3n Ejecutiva - Accionistas e Inversores - Ferrovial","isPartOf":{"@id":"https:\/\/www.ferrovial.com\/es\/#website"},"datePublished":"2019-09-12T10:41:57+00:00","dateModified":"2026-04-10T08:47:05+00:00","description":"Desde el 2000, existen Comisiones del Consejo, de conformidad con lo dispuesto en los Estatutos Sociales. En la actualidad la Comisi\u00f3n Ejecutiva est\u00e1 compuesta por ...","breadcrumb":{"@id":"https:\/\/www.ferrovial.com\/es\/accionistas-e-inversores\/gobierno-corporativo\/comisiones\/#breadcrumb"},"inLanguage":"es","potentialAction":[{"@type":"ReadAction","target":["https:\/\/www.ferrovial.com\/es\/accionistas-e-inversores\/gobierno-corporativo\/comisiones\/"]}]},{"@type":"BreadcrumbList","@id":"https:\/\/www.ferrovial.com\/es\/accionistas-e-inversores\/gobierno-corporativo\/comisiones\/#breadcrumb","itemListElement":[{"@type":"ListItem","position":1,"name":"Portada","item":"https:\/\/www.ferrovial.com\/es\/"},{"@type":"ListItem","position":2,"name":"Accionistas e inversores","item":"https:\/\/www.ferrovial.com\/es\/accionistas-e-inversores\/"},{"@type":"ListItem","position":3,"name":"Gobierno corporativo","item":"https:\/\/www.ferrovial.com\/es\/accionistas-e-inversores\/gobierno-corporativo\/"},{"@type":"ListItem","position":4,"name":"Comisiones"}]},{"@type":"WebSite","@id":"https:\/\/www.ferrovial.com\/es\/#website","url":"https:\/\/www.ferrovial.com\/es\/","name":"Ferrovial","description":"Welcome to the Ferrovial&#039;s website, global operator of sustainable infrastructure. Here you can find all the information about the company and subsidiaries.","publisher":{"@id":"https:\/\/www.ferrovial.com\/es\/#organization"},"potentialAction":[{"@type":"SearchAction","target":{"@type":"EntryPoint","urlTemplate":"https:\/\/www.ferrovial.com\/es\/?s={search_term_string}"},"query-input":{"@type":"PropertyValueSpecification","valueRequired":true,"valueName":"search_term_string"}}],"inLanguage":"es"},{"@type":"Organization","@id":"https:\/\/www.ferrovial.com\/es\/#organization","name":"Ferrovial S.A.","url":"https:\/\/www.ferrovial.com\/es\/","logo":{"@type":"ImageObject","inLanguage":"es","@id":"https:\/\/www.ferrovial.com\/es\/#\/schema\/logo\/image\/","url":"https:\/\/static.ferrovial.com\/wp-content\/uploads\/2020\/01\/13124948\/logo-ferrovial-cf7.png","contentUrl":"https:\/\/static.ferrovial.com\/wp-content\/uploads\/2020\/01\/13124948\/logo-ferrovial-cf7.png","width":144,"height":32,"caption":"Ferrovial S.A."},"image":{"@id":"https:\/\/www.ferrovial.com\/es\/#\/schema\/logo\/image\/"},"sameAs":["https:\/\/www.facebook.com\/ferrovial","https:\/\/x.com\/ferrovial","https:\/\/www.instagram.com\/ferrovial\/","https:\/\/www.linkedin.com\/company\/ferrovial","https:\/\/www.pinterest.es\/ferrovial\/","https:\/\/www.youtube.com\/ferrovial","https:\/\/en.wikipedia.org\/wiki\/Ferrovial"]}]}},"_links":{"self":[{"href":"https:\/\/www.ferrovial.com\/es\/wp-json\/wp\/v2\/pages\/22854","targetHints":{"allow":["GET"]}}],"collection":[{"href":"https:\/\/www.ferrovial.com\/es\/wp-json\/wp\/v2\/pages"}],"about":[{"href":"https:\/\/www.ferrovial.com\/es\/wp-json\/wp\/v2\/types\/page"}],"replies":[{"embeddable":true,"href":"https:\/\/www.ferrovial.com\/es\/wp-json\/wp\/v2\/comments?post=22854"}],"version-history":[{"count":3,"href":"https:\/\/www.ferrovial.com\/es\/wp-json\/wp\/v2\/pages\/22854\/revisions"}],"predecessor-version":[{"id":329591,"href":"https:\/\/www.ferrovial.com\/es\/wp-json\/wp\/v2\/pages\/22854\/revisions\/329591"}],"up":[{"embeddable":true,"href":"https:\/\/www.ferrovial.com\/es\/wp-json\/wp\/v2\/pages\/22831"}],"wp:attachment":[{"href":"https:\/\/www.ferrovial.com\/es\/wp-json\/wp\/v2\/media?parent=22854"}],"curies":[{"name":"wp","href":"https:\/\/api.w.org\/{rel}","templated":true}]}}