{"id":22876,"date":"2019-09-12T13:04:13","date_gmt":"2019-09-12T11:04:13","guid":{"rendered":"https:\/\/www.ferrovial.com\/?page_id=22876"},"modified":"2026-03-30T11:25:21","modified_gmt":"2026-03-30T09:25:21","slug":"informes-de-gobierno-corporativo","status":"publish","type":"page","link":"https:\/\/www.ferrovial.com\/es\/accionistas-e-inversores\/gobierno-corporativo\/informes-de-gobierno-corporativo\/","title":{"rendered":"Informaci\u00f3n Anual sobre Gobierno Corporativo"},"content":{"rendered":"    <m-final-content-header bgimage='https:\/\/static.ferrovial.com\/wp-content\/uploads\/2019\/11\/13133127\/construccion-textura-736x720.jpg'>\n            <c-breadcrumb label-text=\"Breadcrumb\" slot=\"breadcrumbs\" type='2' align='left' wrap='wrapped wrapped' aria-label='Vienes de Gobierno corporativo'>\n                        <ol>\n\n                                                            <li><a href=\"https:\/\/www.ferrovial.com\/es\/\" title=\"Ferrovial\">Ferrovial<\/a><\/li>\n                                                                        <li><a href=\"https:\/\/www.ferrovial.com\/es\/accionistas-e-inversores\/\" title=\"Accionistas e inversores\">Accionistas e inversores<\/a><\/li>\n                                                                        <li><a href=\"https:\/\/www.ferrovial.com\/es\/accionistas-e-inversores\/gobierno-corporativo\/\" title=\"Gobierno corporativo\">Gobierno corporativo<\/a><\/li>\n                                    \n                <\/ol>\n\n                <\/c-breadcrumb>\n    \n        <div slot=\"header\">\n            <h1>\n                Informaci\u00f3n Anual sobre Gobierno Corporativo            <\/h1>\n                    <\/div>\n    <\/m-final-content-header>\n\n    \n\n\n<m-wysiwig class=\"wp-block-components-wysiwyg\"><div slot=\"maincontent\">\n<h3 class=\"wp-block-heading\"><em>Con fecha 16 de junio de 2023 Ferrovial, S.A. fue absorbida por Ferrovial International SE, que pas\u00f3 a denominarse Ferrovial SE.<\/em><\/h3>\n<\/div><\/m-wysiwig>\n\n\n\n    <m-link-list>\n                    <p slot=\"text\">Descripci\u00f3n por defecto<\/p>\n                    <ul slot=\"links\">\n                                    <li>\n                        <c-link external='_blank' sr-only='Abrir en una nueva pesta\u00f1a' icon='download'>\n                            <a href=\"https:\/\/static.ferrovial.com\/wp-content\/uploads\/2026\/03\/30112504\/iagc-2025-spa.pdf\" title=\"Informaci\u00f3n sobre Gobierno Corporativo contenida en el Informe Anual Integrado de 2025 de Ferrovial SE\">\n                                Informaci\u00f3n sobre Gobierno Corporativo contenida en el Informe Anual Integrado de 2025 de Ferrovial SE (PDF 6 MB)                            <\/a>\n                        <\/c-link>\n                    <\/li>\n                                    <li>\n                        <c-link external='_blank' sr-only='Abrir en una nueva pesta\u00f1a' icon='download'>\n                            <a href=\"https:\/\/static.ferrovial.com\/wp-content\/uploads\/2026\/02\/26175300\/informe-de-gobierno-corporativo-2024.pdf\" title=\"Informaci\u00f3n sobre Gobierno Corporativo contenida en el Informe Anual Integrado de 2024 de Ferrovial SE\">\n                                Informaci\u00f3n sobre Gobierno Corporativo contenida en el Informe Anual Integrado de 2024 de Ferrovial SE (PDF 673 KB)                            <\/a>\n                        <\/c-link>\n                    <\/li>\n                                    <li>\n                        <c-link external='_blank' sr-only='Abrir en una nueva pesta\u00f1a' icon='download'>\n                            <a href=\"https:\/\/static.ferrovial.com\/wp-content\/uploads\/2024\/03\/13162437\/informe-de-gobierno-corporativo-2023-esp.pdf\" title=\"Informaci\u00f3n sobre Gobierno Corporativo contenida en el Informe Anual Integrado de 2023 de Ferrovial SE\">\n                                Informaci\u00f3n sobre Gobierno Corporativo contenida en el Informe Anual Integrado de 2023 de Ferrovial SE (PDF 533 KB)                            <\/a>\n                        <\/c-link>\n                    <\/li>\n                                    <li>\n                        <c-link external='_blank' sr-only='Abrir en una nueva pesta\u00f1a' icon='download'>\n                            <a href=\"https:\/\/static.ferrovial.com\/wp-content\/uploads\/2023\/02\/28184352\/iagc-cnmv-2022-esp.pdf\" title=\"2022 - Informe anual de Gobierno Corporativo de Ferrovial, S.A.\">\n                                2022 &#8211; Informe anual de Gobierno Corporativo de Ferrovial, S.A. (PDF 2 MB)                            <\/a>\n                        <\/c-link>\n                    <\/li>\n                                    <li>\n                        <c-link external='_blank' sr-only='Abrir en una nueva pesta\u00f1a' icon='download'>\n                            <a href=\"https:\/\/www.ferrovial.com\/wp-content\/uploads\/2022\/02\/iagc2022esp.pdf\" title=\"2021 - Informe anual de Gobierno Corporativo de Ferrovial, S.A.\">\n                                2021 &#8211; Informe anual de Gobierno Corporativo de Ferrovial, S.A. (PDF 2 MB)                            <\/a>\n                        <\/c-link>\n                    <\/li>\n                                    <li>\n                        <c-link external='_blank' sr-only='Abrir en una nueva pesta\u00f1a' icon='download'>\n                            <a href=\"https:\/\/static.ferrovial.com\/wp-content\/uploads\/2021\/02\/18235818\/7iagc2020esp-1.pdf\" title=\"2020 - Informe anual de Gobierno Corporativo de Ferrovial, S.A.\">\n                                2020 &#8211; Informe anual de Gobierno Corporativo de Ferrovial, S.A. (PDF 2 MB)                            <\/a>\n                        <\/c-link>\n                    <\/li>\n                                    <li>\n                        <c-link external='_blank' sr-only='Abrir en una nueva pesta\u00f1a' icon='download'>\n                            <a href=\"https:\/\/static.ferrovial.com\/wp-content\/uploads\/2020\/02\/13125859\/igc_a81939209_2019-27-2-2020-informe-sciff.pdf\" title=\"2019 - Informe anual de Gobierno Corporativo de Ferrovial, S.A.\">\n                                2019 &#8211; Informe anual de Gobierno Corporativo de Ferrovial, S.A. (PDF 596 KB)                            <\/a>\n                        <\/c-link>\n                    <\/li>\n                                    <li>\n                        <c-link external='_blank' sr-only='Abrir en una nueva pesta\u00f1a' icon='download'>\n                            <a href=\"https:\/\/static.ferrovial.com\/wp-content\/uploads\/2019\/09\/13134254\/07IAGC2018.pdf\" title=\"2018 - Informe anual de Gobierno Corporativo de Ferrovial, S.A.\">\n                                2018 &#8211; Informe anual de Gobierno Corporativo de Ferrovial, S.A. (PDF 760 KB)                            <\/a>\n                        <\/c-link>\n                    <\/li>\n                                    <li>\n                        <c-link external='_blank' sr-only='Abrir en una nueva pesta\u00f1a' icon='download'>\n                            <a href=\"https:\/\/static.ferrovial.com\/wp-content\/uploads\/2019\/09\/13134253\/7IAGC2017.pdf\" title=\"2017 - Informe anual de Gobierno Corporativo de Ferrovial, S.A.\">\n                                2017 &#8211; Informe anual de Gobierno Corporativo de Ferrovial, S.A. (PDF 395 KB)                            <\/a>\n                        <\/c-link>\n                    <\/li>\n                                    <li>\n                        <c-link external='_blank' sr-only='Abrir en una nueva pesta\u00f1a' icon='download'>\n                            <a href=\"https:\/\/static.ferrovial.com\/wp-content\/uploads\/2019\/09\/13134253\/IAGC2016-1.pdf\" title=\"2016 - Informe anual de Gobierno Corporativo de Ferrovial, S.A.\">\n                                2016 &#8211; Informe anual de Gobierno Corporativo de Ferrovial, S.A. (PDF 402 KB)                            <\/a>\n                        <\/c-link>\n                    <\/li>\n                                    <li>\n                        <c-link external='_blank' sr-only='Abrir en una nueva pesta\u00f1a' icon='download'>\n                            <a href=\"https:\/\/static.ferrovial.com\/wp-content\/uploads\/2019\/09\/13134253\/informe_gobierno_Corporativo_2015-2.pdf\" title=\"2015 - Informe anual de Gobierno Corporativo de Ferrovial, S.A.\">\n                                2015 &#8211; Informe anual de Gobierno Corporativo de Ferrovial, S.A. (PDF 405 KB)                            <\/a>\n                        <\/c-link>\n                    <\/li>\n                                    <li>\n                        <c-link external='_blank' sr-only='Abrir en una nueva pesta\u00f1a' icon='download'>\n                            <a href=\"https:\/\/static.ferrovial.com\/wp-content\/uploads\/2019\/09\/13134253\/Escrito-CNMV-Ampliaci%C3%B3n-informaci%C3%B3n-IAGC-colgado-en-CNMV.pdf\" title=\"2015 - Aclaraciones Informe Gobierno Corporativo de Ferrovial, S.A.\">\n                                2015 &#8211; Aclaraciones Informe Gobierno Corporativo de Ferrovial, S.A. (PDF 236 KB)                            <\/a>\n                        <\/c-link>\n                    <\/li>\n                                    <li>\n                        <c-link external='_blank' sr-only='Abrir en una nueva pesta\u00f1a' icon='download'>\n                            <a href=\"https:\/\/static.ferrovial.com\/wp-content\/uploads\/2019\/09\/13134252\/IAGC-2014-ferrovial-DEFINITIVO-con-DT-SCIIFF.pdf\" title=\"2014 - Informe anual de Gobierno Corporativo de Ferrovial, S.A.\">\n                                2014 &#8211; Informe anual de Gobierno Corporativo de Ferrovial, S.A. (PDF 305 KB)                            <\/a>\n                        <\/c-link>\n                    <\/li>\n                                    <li>\n                        <c-link external='_blank' sr-only='Abrir en una nueva pesta\u00f1a' icon='download'>\n                            <a href=\"https:\/\/static.ferrovial.com\/wp-content\/uploads\/2019\/09\/13134252\/Informe-Gobierno-Corporativo-20131.pdf\" title=\"2013 - Informe anual de Gobierno Corporativo de Ferrovial, S.A.\">\n                                2013 &#8211; Informe anual de Gobierno Corporativo de Ferrovial, S.A. (PDF 3 MB)                            <\/a>\n                        <\/c-link>\n                    <\/li>\n                                    <li>\n                        <c-link external='_blank' sr-only='Abrir en una nueva pesta\u00f1a' icon='download'>\n                            <a href=\"https:\/\/static.ferrovial.com\/wp-content\/uploads\/2019\/09\/13134252\/Informe-Gobierno-Corporativo-20121.pdf\" title=\"2012 - Informe anual de Gobierno Corporativo de Ferrovial, S.A.\">\n                                2012 &#8211; Informe anual de Gobierno Corporativo de Ferrovial, S.A. (PDF 2 MB)                            <\/a>\n                        <\/c-link>\n                    <\/li>\n                                    <li>\n                        <c-link external='_blank' sr-only='Abrir en una nueva pesta\u00f1a' icon='download'>\n                            <a href=\"https:\/\/static.ferrovial.com\/wp-content\/uploads\/2019\/09\/13134251\/Informe-Gobierno-Corporativo-20111.pdf\" title=\"2011 - Informe anual de Gobierno Corporativo de Ferrovial, S.A.\">\n                                2011 &#8211; Informe anual de Gobierno Corporativo de Ferrovial, S.A. (PDF 4 MB)                            <\/a>\n                        <\/c-link>\n                    <\/li>\n                                    <li>\n                        <c-link external='_blank' sr-only='Abrir en una nueva pesta\u00f1a' icon='download'>\n                            <a href=\"https:\/\/static.ferrovial.com\/wp-content\/uploads\/2019\/09\/13134251\/Informe-Gobierno-Corporativo-20101.pdf\" title=\"2010 - Informe anual de Gobierno Corporativo de Ferrovial, S.A.\">\n                                2010 &#8211; Informe anual de Gobierno Corporativo de Ferrovial, S.A. (PDF 161 KB)                            <\/a>\n                        <\/c-link>\n                    <\/li>\n                                    <li>\n                        <c-link external='_blank' sr-only='Abrir en una nueva pesta\u00f1a' icon='download'>\n                            <a href=\"https:\/\/static.ferrovial.com\/wp-content\/uploads\/2019\/09\/13134251\/Informe-Gobierno-Corporativo-20091.pdf\" title=\"2009 - Informe anual de Gobierno Corporativo de Ferrovial, S.A.\">\n                                2009 &#8211; Informe anual de Gobierno Corporativo de Ferrovial, S.A. (PDF 164 KB)                            <\/a>\n                        <\/c-link>\n                    <\/li>\n                                    <li>\n                        <c-link external='_blank' sr-only='Abrir en una nueva pesta\u00f1a' icon='download'>\n                            <a href=\"https:\/\/static.ferrovial.com\/wp-content\/uploads\/2019\/11\/13132139\/aclaraciones-iagc-2009.pdf\" title=\"2009 - Aclaraciones Informe Anual Gobierno Corporativo de Ferrovial, S.A.\">\n                                2009 &#8211; Aclaraciones Informe Anual Gobierno Corporativo de Ferrovial, S.A. (PDF 2 MB)                            <\/a>\n                        <\/c-link>\n                    <\/li>\n                                    <li>\n                        <c-link external='_blank' sr-only='Abrir en una nueva pesta\u00f1a' icon='download'>\n                            <a href=\"https:\/\/static.ferrovial.com\/wp-content\/uploads\/2019\/09\/13134250\/Informe-Gobierno-Corporativo-20081.pdf\" title=\"2008 - Informe anual de Gobierno Corporativo de Grupo Ferrovial, S.A.\">\n                                2008 &#8211; Informe anual de Gobierno Corporativo de Grupo Ferrovial, S.A. (PDF 655 KB)                            <\/a>\n                        <\/c-link>\n                    <\/li>\n                                    <li>\n                        <c-link external='_blank' sr-only='Abrir en una nueva pesta\u00f1a' icon='download'>\n                            <a href=\"https:\/\/static.ferrovial.com\/wp-content\/uploads\/2021\/07\/18235659\/iagc-ejercicio-2007.pdf\" title=\"2007 - Informe anual de Gobierno Corporativo de Grupo Ferrovial, S.A.\">\n                                2007 &#8211; Informe anual de Gobierno Corporativo de Grupo Ferrovial, S.A. (PDF 3 MB)                            <\/a>\n                        <\/c-link>\n                    <\/li>\n                                    <li>\n                        <c-link external='_blank' sr-only='Abrir en una nueva pesta\u00f1a' icon='download'>\n                            <a href=\"https:\/\/static.ferrovial.com\/wp-content\/uploads\/2019\/09\/13134249\/Informe-Gobierno-Corporativo-20061.pdf\" title=\"2006 - Informe anual de Gobierno Corporativo de Grupo Ferrovial, S.A.\">\n                                2006 &#8211; Informe anual de Gobierno Corporativo de Grupo Ferrovial, S.A. (PDF 205 KB)                            <\/a>\n                        <\/c-link>\n                    <\/li>\n                                    <li>\n                        <c-link external='_blank' sr-only='Abrir en una nueva pesta\u00f1a' icon='download'>\n                            <a href=\"https:\/\/static.ferrovial.com\/wp-content\/uploads\/2019\/10\/13133852\/Informe-Gobierno-Corporativo-20051.pdf\" title=\"2005 - Informe anual de Gobierno Corporativo de Grupo Ferrovial, S.A.\">\n                                2005 &#8211; Informe anual de Gobierno Corporativo de Grupo Ferrovial, S.A. (PDF 177 KB)                            <\/a>\n                        <\/c-link>\n                    <\/li>\n                                    <li>\n                        <c-link external='_blank' sr-only='Abrir en una nueva pesta\u00f1a' icon='download'>\n                            <a href=\"https:\/\/static.ferrovial.com\/wp-content\/uploads\/2019\/10\/13133851\/Informe-Gobierno-Corporativo-20041.pdf\" title=\"2004 - Informe anual de Gobierno Corporativo de Grupo Ferrovial, S.A.\">\n                                2004 &#8211; Informe anual de Gobierno Corporativo de Grupo Ferrovial, S.A. (PDF 8 MB)                            <\/a>\n                        <\/c-link>\n                    <\/li>\n                                    <li>\n                        <c-link external='_blank' sr-only='Abrir en una nueva pesta\u00f1a' icon='download'>\n                            <a href=\"https:\/\/static.ferrovial.com\/wp-content\/uploads\/2019\/10\/13133851\/Informe-Gobierno-Corporativo-20031.pdf\" title=\"2003 - Informe anual de Gobierno Corporativo de Grupo Ferrovial, S.A.\">\n                                2003 &#8211; Informe anual de Gobierno Corporativo de Grupo Ferrovial, S.A. (PDF 163 KB)                            <\/a>\n                        <\/c-link>\n                    <\/li>\n                                    <li>\n                        <c-link external='_blank' sr-only='Abrir en una nueva pesta\u00f1a' icon='download'>\n                            <a href=\"https:\/\/static.ferrovial.com\/wp-content\/uploads\/2019\/10\/13133850\/Informe-Gobierno-Corporativo-2002.pdf\" title=\"2002 - Informe anual de Gobierno Corporativo de Grupo Ferrovial, S.A.\">\n                                2002 &#8211; Informe anual de Gobierno Corporativo de Grupo Ferrovial, S.A. (PDF 289 KB)                            <\/a>\n                        <\/c-link>\n                    <\/li>\n                                    <li>\n                        <c-link external='_blank' sr-only='Abrir en una nueva pesta\u00f1a' icon='download'>\n                            <a href=\"https:\/\/static.ferrovial.com\/wp-content\/uploads\/2019\/10\/13133850\/Informe-Gobierno-Corporativo-2001.pdf\" title=\"2001 - Informe anual de Gobierno Corporativo de Grupo Ferrovial, S.A.\">\n                                2001 &#8211; Informe anual de Gobierno Corporativo de Grupo Ferrovial, S.A. (PDF 796 KB)                            <\/a>\n                        <\/c-link>\n                    <\/li>\n                            <\/ul>\n            <\/m-link-list>\n    \n\n\n<m-wysiwig class=\"wp-block-components-wysiwyg\"><div slot=\"maincontent\">\n<p><em>Con fecha 3 de diciembre de 2009 Grupo Ferrovial S.A. fue absorbida por Cintra Concesiones de Infraestructuras de Transportes, S.A, que pas\u00f3 a denominarse Ferrovial, S.A.<\/em><\/p>\n<\/div><\/m-wysiwig>\n","protected":false},"excerpt":{"rendered":"","protected":false},"featured_media":0,"parent":22831,"menu_order":0,"comment_status":"closed","ping_status":"closed","template":"","meta":{"_acf_changed":false,"footnotes":""},"class_list":["post-22876","page","type-page","status-publish","hentry"],"acf":[],"yoast_head":"<!-- This site is optimized with the Yoast SEO plugin v27.2 - https:\/\/yoast.com\/product\/yoast-seo-wordpress\/ -->\n<title>Informaci\u00f3n Anual sobre Gobierno Corporativo - Ferrovial<\/title>\n<meta name=\"description\" content=\"Aqu\u00ed puedes acceder a los Informes de Gobierno Corporativo publicados en los Informes Anuales de Ferrovial desde el a\u00f1o 2001 hasta hoy.\" \/>\n<meta name=\"robots\" content=\"index, follow, max-snippet:-1, max-image-preview:large, max-video-preview:-1\" \/>\n<link rel=\"canonical\" href=\"https:\/\/www.ferrovial.com\/es\/accionistas-e-inversores\/gobierno-corporativo\/informes-de-gobierno-corporativo\/\" \/>\n<meta property=\"og:locale\" content=\"es_ES\" \/>\n<meta property=\"og:type\" content=\"article\" \/>\n<meta property=\"og:title\" content=\"Informaci\u00f3n Anual sobre Gobierno Corporativo - Ferrovial\" \/>\n<meta property=\"og:description\" content=\"Aqu\u00ed puedes acceder a los Informes de Gobierno Corporativo publicados en los Informes Anuales de Ferrovial desde el a\u00f1o 2001 hasta hoy.\" \/>\n<meta property=\"og:url\" content=\"https:\/\/www.ferrovial.com\/es\/accionistas-e-inversores\/gobierno-corporativo\/informes-de-gobierno-corporativo\/\" \/>\n<meta property=\"og:site_name\" content=\"Ferrovial\" \/>\n<meta property=\"article:publisher\" content=\"https:\/\/www.facebook.com\/ferrovial\" \/>\n<meta property=\"article:modified_time\" content=\"2026-03-30T09:25:21+00:00\" \/>\n<meta name=\"twitter:card\" content=\"summary_large_image\" \/>\n<meta name=\"twitter:site\" content=\"@ferrovial\" \/>\n<meta name=\"twitter:label1\" content=\"Est. reading time\" \/>\n\t<meta name=\"twitter:data1\" content=\"1 minuto\" \/>\n<!-- \/ Yoast SEO plugin. -->","yoast_head_json":{"title":"Informaci\u00f3n Anual sobre Gobierno Corporativo - Ferrovial","description":"Aqu\u00ed puedes acceder a los Informes de Gobierno Corporativo publicados en los Informes Anuales de Ferrovial desde el a\u00f1o 2001 hasta hoy.","robots":{"index":"index","follow":"follow","max-snippet":"max-snippet:-1","max-image-preview":"max-image-preview:large","max-video-preview":"max-video-preview:-1"},"canonical":"https:\/\/www.ferrovial.com\/es\/accionistas-e-inversores\/gobierno-corporativo\/informes-de-gobierno-corporativo\/","og_locale":"es_ES","og_type":"article","og_title":"Informaci\u00f3n Anual sobre Gobierno Corporativo - Ferrovial","og_description":"Aqu\u00ed puedes acceder a los Informes de Gobierno Corporativo publicados en los Informes Anuales de Ferrovial desde el a\u00f1o 2001 hasta hoy.","og_url":"https:\/\/www.ferrovial.com\/es\/accionistas-e-inversores\/gobierno-corporativo\/informes-de-gobierno-corporativo\/","og_site_name":"Ferrovial","article_publisher":"https:\/\/www.facebook.com\/ferrovial","article_modified_time":"2026-03-30T09:25:21+00:00","twitter_card":"summary_large_image","twitter_site":"@ferrovial","twitter_misc":{"Est. reading time":"1 minuto"},"schema":{"@context":"https:\/\/schema.org","@graph":[{"@type":"WebPage","@id":"https:\/\/www.ferrovial.com\/es\/accionistas-e-inversores\/gobierno-corporativo\/informes-de-gobierno-corporativo\/","url":"https:\/\/www.ferrovial.com\/es\/accionistas-e-inversores\/gobierno-corporativo\/informes-de-gobierno-corporativo\/","name":"Informaci\u00f3n Anual sobre Gobierno Corporativo - Ferrovial","isPartOf":{"@id":"https:\/\/www.ferrovial.com\/es\/#website"},"datePublished":"2019-09-12T11:04:13+00:00","dateModified":"2026-03-30T09:25:21+00:00","description":"Aqu\u00ed puedes acceder a los Informes de Gobierno Corporativo publicados en los Informes Anuales de Ferrovial desde el a\u00f1o 2001 hasta hoy.","breadcrumb":{"@id":"https:\/\/www.ferrovial.com\/es\/accionistas-e-inversores\/gobierno-corporativo\/informes-de-gobierno-corporativo\/#breadcrumb"},"inLanguage":"es","potentialAction":[{"@type":"ReadAction","target":["https:\/\/www.ferrovial.com\/es\/accionistas-e-inversores\/gobierno-corporativo\/informes-de-gobierno-corporativo\/"]}]},{"@type":"BreadcrumbList","@id":"https:\/\/www.ferrovial.com\/es\/accionistas-e-inversores\/gobierno-corporativo\/informes-de-gobierno-corporativo\/#breadcrumb","itemListElement":[{"@type":"ListItem","position":1,"name":"Portada","item":"https:\/\/www.ferrovial.com\/es\/"},{"@type":"ListItem","position":2,"name":"Accionistas e inversores","item":"https:\/\/www.ferrovial.com\/es\/accionistas-e-inversores\/"},{"@type":"ListItem","position":3,"name":"Gobierno corporativo","item":"https:\/\/www.ferrovial.com\/es\/accionistas-e-inversores\/gobierno-corporativo\/"},{"@type":"ListItem","position":4,"name":"Informaci\u00f3n Anual sobre Gobierno Corporativo"}]},{"@type":"WebSite","@id":"https:\/\/www.ferrovial.com\/es\/#website","url":"https:\/\/www.ferrovial.com\/es\/","name":"Ferrovial","description":"Welcome to the Ferrovial&#039;s website, global operator of sustainable infrastructure. Here you can find all the information about the company and subsidiaries.","publisher":{"@id":"https:\/\/www.ferrovial.com\/es\/#organization"},"potentialAction":[{"@type":"SearchAction","target":{"@type":"EntryPoint","urlTemplate":"https:\/\/www.ferrovial.com\/es\/?s={search_term_string}"},"query-input":{"@type":"PropertyValueSpecification","valueRequired":true,"valueName":"search_term_string"}}],"inLanguage":"es"},{"@type":"Organization","@id":"https:\/\/www.ferrovial.com\/es\/#organization","name":"Ferrovial S.A.","url":"https:\/\/www.ferrovial.com\/es\/","logo":{"@type":"ImageObject","inLanguage":"es","@id":"https:\/\/www.ferrovial.com\/es\/#\/schema\/logo\/image\/","url":"https:\/\/static.ferrovial.com\/wp-content\/uploads\/2020\/01\/13124948\/logo-ferrovial-cf7.png","contentUrl":"https:\/\/static.ferrovial.com\/wp-content\/uploads\/2020\/01\/13124948\/logo-ferrovial-cf7.png","width":144,"height":32,"caption":"Ferrovial S.A."},"image":{"@id":"https:\/\/www.ferrovial.com\/es\/#\/schema\/logo\/image\/"},"sameAs":["https:\/\/www.facebook.com\/ferrovial","https:\/\/x.com\/ferrovial","https:\/\/www.instagram.com\/ferrovial\/","https:\/\/www.linkedin.com\/company\/ferrovial","https:\/\/www.pinterest.es\/ferrovial\/","https:\/\/www.youtube.com\/ferrovial","https:\/\/en.wikipedia.org\/wiki\/Ferrovial"]}]}},"_links":{"self":[{"href":"https:\/\/www.ferrovial.com\/es\/wp-json\/wp\/v2\/pages\/22876","targetHints":{"allow":["GET"]}}],"collection":[{"href":"https:\/\/www.ferrovial.com\/es\/wp-json\/wp\/v2\/pages"}],"about":[{"href":"https:\/\/www.ferrovial.com\/es\/wp-json\/wp\/v2\/types\/page"}],"replies":[{"embeddable":true,"href":"https:\/\/www.ferrovial.com\/es\/wp-json\/wp\/v2\/comments?post=22876"}],"version-history":[{"count":3,"href":"https:\/\/www.ferrovial.com\/es\/wp-json\/wp\/v2\/pages\/22876\/revisions"}],"predecessor-version":[{"id":328942,"href":"https:\/\/www.ferrovial.com\/es\/wp-json\/wp\/v2\/pages\/22876\/revisions\/328942"}],"up":[{"embeddable":true,"href":"https:\/\/www.ferrovial.com\/es\/wp-json\/wp\/v2\/pages\/22831"}],"wp:attachment":[{"href":"https:\/\/www.ferrovial.com\/es\/wp-json\/wp\/v2\/media?parent=22876"}],"curies":[{"name":"wp","href":"https:\/\/api.w.org\/{rel}","templated":true}]}}