{"id":22880,"date":"2019-09-12T13:04:51","date_gmt":"2019-09-12T11:04:51","guid":{"rendered":"https:\/\/www.ferrovial.com\/?page_id=22880"},"modified":"2026-02-26T12:02:08","modified_gmt":"2026-02-26T11:02:08","slug":"informes-anuales-sobre-renumeracion-de-los-consejeros","status":"publish","type":"page","link":"https:\/\/www.ferrovial.com\/es\/accionistas-e-inversores\/gobierno-corporativo\/informes-anuales-sobre-renumeracion-de-los-consejeros\/","title":{"rendered":"Informes Anuales sobre Remuneraciones de los Consejeros"},"content":{"rendered":"    <m-final-content-header bgimage='https:\/\/static.ferrovial.com\/wp-content\/uploads\/2019\/11\/13141823\/central-train-station-in-wroclaw-6-1280x720.jpg'>\n            <c-breadcrumb label-text=\"Breadcrumb\" slot=\"breadcrumbs\" type='2' align='left' wrap='wrapped wrapped' aria-label='Vienes de Gobierno corporativo'>\n                        <ol>\n\n                                                            <li><a href=\"https:\/\/www.ferrovial.com\/es\/\" title=\"Ferrovial\">Ferrovial<\/a><\/li>\n                                                                        <li><a href=\"https:\/\/www.ferrovial.com\/es\/accionistas-e-inversores\/\" title=\"Accionistas e inversores\">Accionistas e inversores<\/a><\/li>\n                                                                        <li><a href=\"https:\/\/www.ferrovial.com\/es\/accionistas-e-inversores\/gobierno-corporativo\/\" title=\"Gobierno corporativo\">Gobierno corporativo<\/a><\/li>\n                                    \n                <\/ol>\n\n                <\/c-breadcrumb>\n    \n        <div slot=\"header\">\n            <h1>\n                Informes Anuales sobre Remuneraciones de los Consejeros            <\/h1>\n                    <\/div>\n    <\/m-final-content-header>\n\n    \n\n\n<m-wysiwig class=\"wp-block-components-wysiwyg\"><div slot=\"maincontent\">\n<h3 class=\"wp-block-heading\"><em>Con fecha 16 de junio de 2023 Ferrovial, S.A. fue absorbida por Ferrovial International SE, que pas\u00f3 a denominarse Ferrovial SE.<\/em><\/h3>\n<\/div><\/m-wysiwig>\n\n\n\n    <m-link-list>\n                    <p slot=\"text\">Descripci\u00f3n por defecto<\/p>\n                    <ul slot=\"links\">\n                                    <li>\n                        <c-link external='_blank' sr-only='Abrir en una nueva pesta\u00f1a' icon='download'>\n                            <a href=\"https:\/\/static.ferrovial.com\/wp-content\/uploads\/2026\/02\/26115129\/remuneration-report-2025.pdf\" title=\"2025 \u2013 Informe Anual sobre Remuneraciones de los Consejeros de Ferrovial SE (actualmente solo disponible en ingl\u00e9s)\">\n                                2025 \u2013 Informe Anual sobre Remuneraciones de los Consejeros de Ferrovial SE (actualmente solo disponible en ingl\u00e9s) (PDF 628 KB)                            <\/a>\n                        <\/c-link>\n                    <\/li>\n                                    <li>\n                        <c-link external='_blank' sr-only='Abrir en una nueva pesta\u00f1a' icon='download'>\n                            <a href=\"https:\/\/static.ferrovial.com\/wp-content\/uploads\/2025\/03\/14204652\/informe-de-remuneraciones-de-los-consejeros-2024.pdf\" title=\"2024 \u2013 Informe Anual sobre Remuneraciones de los Consejeros de Ferrovial SE\">\n                                2024 \u2013 Informe Anual sobre Remuneraciones de los Consejeros de Ferrovial SE (PDF 368 KB)                            <\/a>\n                        <\/c-link>\n                    <\/li>\n                                    <li>\n                        <c-link external='_blank' sr-only='Abrir en una nueva pesta\u00f1a' icon='download'>\n                            <a href=\"https:\/\/static.ferrovial.com\/wp-content\/uploads\/2024\/03\/13161448\/4-remuneration-report-2023-esp.pdf\" title=\"2023 \u2013 Informe Anual sobre Remuneraciones de los Consejeros de Ferrovial SE\">\n                                2023 \u2013 Informe Anual sobre Remuneraciones de los Consejeros de Ferrovial SE (PDF 468 KB)                            <\/a>\n                        <\/c-link>\n                    <\/li>\n                                    <li>\n                        <c-link external='_blank' sr-only='Abrir en una nueva pesta\u00f1a' icon='download'>\n                            <a href=\"https:\/\/static.ferrovial.com\/wp-content\/uploads\/2023\/03\/01101552\/270223-iarc-2022-1.pdf\" title=\"2022 - Informe Anual sobre Remuneraciones de los Consejeros de Ferrovial, S.A.\">\n                                2022 &#8211; Informe Anual sobre Remuneraciones de los Consejeros de Ferrovial, S.A. (PDF 613 KB)                            <\/a>\n                        <\/c-link>\n                    <\/li>\n                                    <li>\n                        <c-link external='_blank' sr-only='Abrir en una nueva pesta\u00f1a' icon='download'>\n                            <a href=\"https:\/\/www.ferrovial.com\/wp-content\/uploads\/2022\/02\/iarc-2021-con-tablas-cnmv.pdf\" title=\"2021 - Informe Anual sobre Remuneraciones de los Consejeros de Ferrovial, S.A.\">\n                                2021 &#8211; Informe Anual sobre Remuneraciones de los Consejeros de Ferrovial, S.A. (PDF 727 KB)                            <\/a>\n                        <\/c-link>\n                    <\/li>\n                                    <li>\n                        <c-link external='_blank' sr-only='Abrir en una nueva pesta\u00f1a' icon='download'>\n                            <a href=\"https:\/\/static.ferrovial.com\/wp-content\/uploads\/2021\/02\/18235849\/ferrovial-iarc-2020-version-web-2.pdf\" title=\"2020 -  Informe Anual sobre Remuneraciones de los Consejeros de Ferrovial, S.A.\">\n                                2020 &#8211;  Informe Anual sobre Remuneraciones de los Consejeros de Ferrovial, S.A. (PDF 4 MB)                            <\/a>\n                        <\/c-link>\n                    <\/li>\n                                    <li>\n                        <c-link external='_blank' sr-only='Abrir en una nueva pesta\u00f1a' icon='download'>\n                            <a href=\"https:\/\/static.ferrovial.com\/wp-content\/uploads\/2020\/02\/13125855\/iarc-2019-ferrovial.pdf\" title=\"2019 -  Informe Anual sobre Remuneraciones de los Consejeros de Ferrovial, S.A.\">\n                                2019 &#8211;  Informe Anual sobre Remuneraciones de los Consejeros de Ferrovial, S.A. (PDF 536 KB)                            <\/a>\n                        <\/c-link>\n                    <\/li>\n                                    <li>\n                        <c-link external='_blank' sr-only='Abrir en una nueva pesta\u00f1a' icon='download'>\n                            <a href=\"https:\/\/static.ferrovial.com\/wp-content\/uploads\/2019\/11\/13132142\/08iarc2018-2.pdf\" title=\"2018 - Informe Anual sobre Remuneraciones de los Consejeros de Ferrovial, S.A.\">\n                                2018 &#8211; Informe Anual sobre Remuneraciones de los Consejeros de Ferrovial, S.A. (PDF 1 MB)                            <\/a>\n                        <\/c-link>\n                    <\/li>\n                                    <li>\n                        <c-link external='_blank' sr-only='Abrir en una nueva pesta\u00f1a' icon='download'>\n                            <a href=\"https:\/\/static.ferrovial.com\/wp-content\/uploads\/2019\/09\/13134249\/8IARC2017.pdf\" title=\"2017 - Informe Anual sobre Remuneraciones de los Consejeros de Ferrovial, S.A.\">\n                                2017 &#8211; Informe Anual sobre Remuneraciones de los Consejeros de Ferrovial, S.A. (PDF 193 KB)                            <\/a>\n                        <\/c-link>\n                    <\/li>\n                                    <li>\n                        <c-link external='_blank' sr-only='Abrir en una nueva pesta\u00f1a' icon='download'>\n                            <a href=\"https:\/\/static.ferrovial.com\/wp-content\/uploads\/2019\/09\/13134249\/IARC2016-1.pdf\" title=\"2016 - Informe Anual sobre Remuneraciones de los Consejeros de Ferrovial, S.A.\">\n                                2016 &#8211; Informe Anual sobre Remuneraciones de los Consejeros de Ferrovial, S.A. (PDF 100 KB)                            <\/a>\n                        <\/c-link>\n                    <\/li>\n                                    <li>\n                        <c-link external='_blank' sr-only='Abrir en una nueva pesta\u00f1a' icon='download'>\n                            <a href=\"https:\/\/static.ferrovial.com\/wp-content\/uploads\/2019\/09\/13134248\/Informe-Anual-Sobre-Remuneraciones-2015-2.pdf\" title=\"2015 - Informe Anual sobre Remuneraciones de los Consejeros de Ferrovial, S.A.\">\n                                2015 &#8211; Informe Anual sobre Remuneraciones de los Consejeros de Ferrovial, S.A. (PDF 96 KB)                            <\/a>\n                        <\/c-link>\n                    <\/li>\n                                    <li>\n                        <c-link external='_blank' sr-only='Abrir en una nueva pesta\u00f1a' icon='download'>\n                            <a href=\"https:\/\/static.ferrovial.com\/wp-content\/uploads\/2019\/09\/13134248\/HR-Informe-Remuneraciones-de-Consejeros.pdf\" title=\"2014 - Informe Anual sobre Remuneraciones de los Consejeros de Ferrovial, S.A.\">\n                                2014 &#8211; Informe Anual sobre Remuneraciones de los Consejeros de Ferrovial, S.A. (PDF 110 KB)                            <\/a>\n                        <\/c-link>\n                    <\/li>\n                                    <li>\n                        <c-link external='_blank' sr-only='Abrir en una nueva pesta\u00f1a' icon='download'>\n                            <a href=\"https:\/\/static.ferrovial.com\/wp-content\/uploads\/2019\/09\/13134248\/InformeAnualRemuneracionesConsejeros2013-2.pdf\" title=\"2013 - Informe Anual sobre Remuneraciones de los Consejeros de Ferrovial, S.A.\">\n                                2013 &#8211; Informe Anual sobre Remuneraciones de los Consejeros de Ferrovial, S.A. (PDF 108 KB)                            <\/a>\n                        <\/c-link>\n                    <\/li>\n                                    <li>\n                        <c-link external='_blank' sr-only='Abrir en una nueva pesta\u00f1a' icon='download'>\n                            <a href=\"https:\/\/static.ferrovial.com\/wp-content\/uploads\/2019\/09\/13134247\/doc_inf_anual_remuner_2012.pdf\" title=\"2012 - Informe Anual sobre Remuneraciones de los Consejeros de Ferrovial, S.A.\">\n                                2012 &#8211; Informe Anual sobre Remuneraciones de los Consejeros de Ferrovial, S.A. (PDF 148 KB)                            <\/a>\n                        <\/c-link>\n                    <\/li>\n                                    <li>\n                        <c-link external='_blank' sr-only='Abrir en una nueva pesta\u00f1a' icon='download'>\n                            <a href=\"https:\/\/static.ferrovial.com\/wp-content\/uploads\/2019\/09\/13134247\/doc_inf_anual_remuner_2011.pdf\" title=\"2011 - Informe Anual sobre Remuneraciones de los Consejeros de Ferrovial, S.A.\">\n                                2011 &#8211; Informe Anual sobre Remuneraciones de los Consejeros de Ferrovial, S.A. (PDF 172 KB)                            <\/a>\n                        <\/c-link>\n                    <\/li>\n                            <\/ul>\n            <\/m-link-list>\n    ","protected":false},"excerpt":{"rendered":"","protected":false},"featured_media":0,"parent":22831,"menu_order":0,"comment_status":"closed","ping_status":"closed","template":"","meta":{"_acf_changed":false,"footnotes":""},"class_list":["post-22880","page","type-page","status-publish","hentry"],"acf":[],"yoast_head":"<!-- This site is optimized with the Yoast SEO plugin v27.2 - https:\/\/yoast.com\/product\/yoast-seo-wordpress\/ -->\n<title>Informes anuales sobre remuneraciones - Ferrovial<\/title>\n<meta name=\"description\" content=\"Consulta los informes anuales sobre renumeraci\u00f3n de los Consejeros de Ferrovial. Informaci\u00f3n actualizada y \u00fatil para Accionistas e inversores.\" \/>\n<meta name=\"robots\" content=\"index, follow, max-snippet:-1, max-image-preview:large, max-video-preview:-1\" \/>\n<link rel=\"canonical\" href=\"https:\/\/www.ferrovial.com\/es\/accionistas-e-inversores\/gobierno-corporativo\/informes-anuales-sobre-renumeracion-de-los-consejeros\/\" \/>\n<meta property=\"og:locale\" content=\"es_ES\" \/>\n<meta property=\"og:type\" content=\"article\" \/>\n<meta property=\"og:title\" content=\"Informes anuales sobre remuneraciones - Ferrovial\" \/>\n<meta property=\"og:description\" content=\"Consulta los informes anuales sobre renumeraci\u00f3n de los Consejeros de Ferrovial. Informaci\u00f3n actualizada y \u00fatil para Accionistas e inversores.\" \/>\n<meta property=\"og:url\" content=\"https:\/\/www.ferrovial.com\/es\/accionistas-e-inversores\/gobierno-corporativo\/informes-anuales-sobre-renumeracion-de-los-consejeros\/\" \/>\n<meta property=\"og:site_name\" content=\"Ferrovial\" \/>\n<meta property=\"article:publisher\" content=\"https:\/\/www.facebook.com\/ferrovial\" \/>\n<meta property=\"article:modified_time\" content=\"2026-02-26T11:02:08+00:00\" \/>\n<meta name=\"twitter:card\" content=\"summary_large_image\" \/>\n<meta name=\"twitter:site\" content=\"@ferrovial\" \/>\n<meta name=\"twitter:label1\" content=\"Est. reading time\" \/>\n\t<meta name=\"twitter:data1\" content=\"1 minuto\" \/>\n<!-- \/ Yoast SEO plugin. -->","yoast_head_json":{"title":"Informes anuales sobre remuneraciones - Ferrovial","description":"Consulta los informes anuales sobre renumeraci\u00f3n de los Consejeros de Ferrovial. Informaci\u00f3n actualizada y \u00fatil para Accionistas e inversores.","robots":{"index":"index","follow":"follow","max-snippet":"max-snippet:-1","max-image-preview":"max-image-preview:large","max-video-preview":"max-video-preview:-1"},"canonical":"https:\/\/www.ferrovial.com\/es\/accionistas-e-inversores\/gobierno-corporativo\/informes-anuales-sobre-renumeracion-de-los-consejeros\/","og_locale":"es_ES","og_type":"article","og_title":"Informes anuales sobre remuneraciones - Ferrovial","og_description":"Consulta los informes anuales sobre renumeraci\u00f3n de los Consejeros de Ferrovial. Informaci\u00f3n actualizada y \u00fatil para Accionistas e inversores.","og_url":"https:\/\/www.ferrovial.com\/es\/accionistas-e-inversores\/gobierno-corporativo\/informes-anuales-sobre-renumeracion-de-los-consejeros\/","og_site_name":"Ferrovial","article_publisher":"https:\/\/www.facebook.com\/ferrovial","article_modified_time":"2026-02-26T11:02:08+00:00","twitter_card":"summary_large_image","twitter_site":"@ferrovial","twitter_misc":{"Est. reading time":"1 minuto"},"schema":{"@context":"https:\/\/schema.org","@graph":[{"@type":"WebPage","@id":"https:\/\/www.ferrovial.com\/es\/accionistas-e-inversores\/gobierno-corporativo\/informes-anuales-sobre-renumeracion-de-los-consejeros\/","url":"https:\/\/www.ferrovial.com\/es\/accionistas-e-inversores\/gobierno-corporativo\/informes-anuales-sobre-renumeracion-de-los-consejeros\/","name":"Informes anuales sobre remuneraciones - Ferrovial","isPartOf":{"@id":"https:\/\/www.ferrovial.com\/es\/#website"},"datePublished":"2019-09-12T11:04:51+00:00","dateModified":"2026-02-26T11:02:08+00:00","description":"Consulta los informes anuales sobre renumeraci\u00f3n de los Consejeros de Ferrovial. Informaci\u00f3n actualizada y \u00fatil para Accionistas e inversores.","breadcrumb":{"@id":"https:\/\/www.ferrovial.com\/es\/accionistas-e-inversores\/gobierno-corporativo\/informes-anuales-sobre-renumeracion-de-los-consejeros\/#breadcrumb"},"inLanguage":"es","potentialAction":[{"@type":"ReadAction","target":["https:\/\/www.ferrovial.com\/es\/accionistas-e-inversores\/gobierno-corporativo\/informes-anuales-sobre-renumeracion-de-los-consejeros\/"]}]},{"@type":"BreadcrumbList","@id":"https:\/\/www.ferrovial.com\/es\/accionistas-e-inversores\/gobierno-corporativo\/informes-anuales-sobre-renumeracion-de-los-consejeros\/#breadcrumb","itemListElement":[{"@type":"ListItem","position":1,"name":"Portada","item":"https:\/\/www.ferrovial.com\/es\/"},{"@type":"ListItem","position":2,"name":"Accionistas e inversores","item":"https:\/\/www.ferrovial.com\/es\/accionistas-e-inversores\/"},{"@type":"ListItem","position":3,"name":"Gobierno corporativo","item":"https:\/\/www.ferrovial.com\/es\/accionistas-e-inversores\/gobierno-corporativo\/"},{"@type":"ListItem","position":4,"name":"Informes Anuales sobre Remuneraciones de los Consejeros"}]},{"@type":"WebSite","@id":"https:\/\/www.ferrovial.com\/es\/#website","url":"https:\/\/www.ferrovial.com\/es\/","name":"Ferrovial","description":"Welcome to the Ferrovial&#039;s website, global operator of sustainable infrastructure. Here you can find all the information about the company and subsidiaries.","publisher":{"@id":"https:\/\/www.ferrovial.com\/es\/#organization"},"potentialAction":[{"@type":"SearchAction","target":{"@type":"EntryPoint","urlTemplate":"https:\/\/www.ferrovial.com\/es\/?s={search_term_string}"},"query-input":{"@type":"PropertyValueSpecification","valueRequired":true,"valueName":"search_term_string"}}],"inLanguage":"es"},{"@type":"Organization","@id":"https:\/\/www.ferrovial.com\/es\/#organization","name":"Ferrovial S.A.","url":"https:\/\/www.ferrovial.com\/es\/","logo":{"@type":"ImageObject","inLanguage":"es","@id":"https:\/\/www.ferrovial.com\/es\/#\/schema\/logo\/image\/","url":"https:\/\/static.ferrovial.com\/wp-content\/uploads\/2020\/01\/13124948\/logo-ferrovial-cf7.png","contentUrl":"https:\/\/static.ferrovial.com\/wp-content\/uploads\/2020\/01\/13124948\/logo-ferrovial-cf7.png","width":144,"height":32,"caption":"Ferrovial S.A."},"image":{"@id":"https:\/\/www.ferrovial.com\/es\/#\/schema\/logo\/image\/"},"sameAs":["https:\/\/www.facebook.com\/ferrovial","https:\/\/x.com\/ferrovial","https:\/\/www.instagram.com\/ferrovial\/","https:\/\/www.linkedin.com\/company\/ferrovial","https:\/\/www.pinterest.es\/ferrovial\/","https:\/\/www.youtube.com\/ferrovial","https:\/\/en.wikipedia.org\/wiki\/Ferrovial"]}]}},"_links":{"self":[{"href":"https:\/\/www.ferrovial.com\/es\/wp-json\/wp\/v2\/pages\/22880","targetHints":{"allow":["GET"]}}],"collection":[{"href":"https:\/\/www.ferrovial.com\/es\/wp-json\/wp\/v2\/pages"}],"about":[{"href":"https:\/\/www.ferrovial.com\/es\/wp-json\/wp\/v2\/types\/page"}],"replies":[{"embeddable":true,"href":"https:\/\/www.ferrovial.com\/es\/wp-json\/wp\/v2\/comments?post=22880"}],"version-history":[{"count":3,"href":"https:\/\/www.ferrovial.com\/es\/wp-json\/wp\/v2\/pages\/22880\/revisions"}],"predecessor-version":[{"id":325536,"href":"https:\/\/www.ferrovial.com\/es\/wp-json\/wp\/v2\/pages\/22880\/revisions\/325536"}],"up":[{"embeddable":true,"href":"https:\/\/www.ferrovial.com\/es\/wp-json\/wp\/v2\/pages\/22831"}],"wp:attachment":[{"href":"https:\/\/www.ferrovial.com\/es\/wp-json\/wp\/v2\/media?parent=22880"}],"curies":[{"name":"wp","href":"https:\/\/api.w.org\/{rel}","templated":true}]}}