{"id":22889,"date":"2019-09-12T13:16:34","date_gmt":"2019-09-12T11:16:34","guid":{"rendered":"https:\/\/www.ferrovial.com\/?page_id=22889"},"modified":"2025-03-11T17:19:30","modified_gmt":"2025-03-11T16:19:30","slug":"bolsas-e-indices","status":"publish","type":"page","link":"https:\/\/www.ferrovial.com\/es\/accionistas-e-inversores\/informacion-bursatil\/capital\/bolsas-e-indices\/","title":{"rendered":"Mercado e \u00edndices"},"content":{"rendered":"    <m-final-content-header bgimage='https:\/\/static.ferrovial.com\/wp-content\/uploads\/2019\/11\/13140706\/autopistas-407etr_toronto-canada-1280x720.jpg'>\n            <c-breadcrumb label-text=\"Breadcrumb\" slot=\"breadcrumbs\" type='2' align='left' wrap='wrapped wrapped' aria-label='Vienes de Acci\u00f3n y Capital Social'>\n                        <ol>\n\n                                                            <li><a href=\"https:\/\/www.ferrovial.com\/es\/\" title=\"Ferrovial\">Ferrovial<\/a><\/li>\n                                                                        <li><a href=\"https:\/\/www.ferrovial.com\/es\/accionistas-e-inversores\/\" title=\"Accionistas e inversores\">Accionistas e inversores<\/a><\/li>\n                                                                        <li><a href=\"https:\/\/www.ferrovial.com\/es\/accionistas-e-inversores\/informacion-bursatil\/\" title=\"Informaci\u00f3n burs\u00e1til\">Informaci\u00f3n burs\u00e1til<\/a><\/li>\n                                                                        <li><a href=\"https:\/\/www.ferrovial.com\/es\/accionistas-e-inversores\/informacion-bursatil\/capital\/\" title=\"Acci\u00f3n y Capital Social\">Acci\u00f3n y Capital Social<\/a><\/li>\n                                    \n                <\/ol>\n\n                <\/c-breadcrumb>\n    \n        <div slot=\"header\">\n            <h1>\n                Mercado e \u00edndices            <\/h1>\n                    <\/div>\n    <\/m-final-content-header>\n\n    \n\n\n<m-wysiwig class=\"wp-block-components-wysiwyg\"><div slot=\"maincontent\">\n<h2 class=\"wp-block-heading\">Bolsas en las que cotizamos *<\/h2>\n\n\n\n<ul class=\"wp-block-list\">\n<li><a href=\"https:\/\/www.nasdaq.com\/es\/market-activity\/stocks\/fer\" target=\"_blank\" rel=\"noreferrer noopener nofollow\">NASDAQ<\/a><\/li>\n\n\n\n<li><a href=\"https:\/\/live.euronext.com\/en\">Euronext Amsterdam<\/a><\/li>\n\n\n\n<li><a title=\"Bolsa de Madrid\" href=\"http:\/\/www.bolsamadrid.es\/esp\/aspx\/Portada\/Portada.aspx\" target=\"_blank\" rel=\"dofollow noopener noreferrer\">Bolsa de Madrid<\/a><\/li>\n\n\n\n<li><a title=\"Bolsa de Barcelona\" rel=\"dofollow noopener noreferrer\" href=\"http:\/\/www.borsabcn.es\/esp\/aspx\/Portada\/Portada.aspx\" target=\"_blank\">Bolsa de Barcelona<\/a><\/li>\n\n\n\n<li><a title=\"Bolsa de Bilbao\" rel=\"dofollow noopener noreferrer\" href=\"http:\/\/www.bolsabilbao.es\/esp\/aspx\/Portada\/Portada.aspx\" target=\"_blank\">Bolsa de Bilbao<\/a><\/li>\n\n\n\n<li><a title=\"Bolsa de Valencia\" rel=\"dofollow noopener noreferrer\" href=\"http:\/\/www.bolsavalencia.es\/esp\/aspx\/Portada\/Portada.aspx\" target=\"_blank\">Bolsa de Valencia <\/a><\/li>\n<\/ul>\n\n\n\n<p>\n\n*Segmento de contrataci\u00f3n general\n\n<\/p>\n\n\n\n<h2 class=\"wp-block-heading\">\u00cdndices burs\u00e1tiles a los que pertenecemos<\/h2>\n\n\n\n<h3 class=\"wp-block-heading\">Generales<\/h3>\n\n\n\n<ul class=\"wp-block-list\">\n<li>IGBM<\/li>\n\n\n\n<li>IBEX35<\/li>\n\n\n\n<li>Morgan Stanley Capital International (MSCI)<\/li>\n\n\n\n<li>S&amp;P 350<\/li>\n\n\n\n<li>Bloomberg European 500<\/li>\n\n\n\n<li>DJ Euro Stoxx Price Index<\/li>\n\n\n\n<li>DJ Stoxx 600<\/li>\n<\/ul>\n\n\n\n<h3 class=\"wp-block-heading\">Sectoriales<\/h3>\n\n\n\n<ul class=\"wp-block-list\">\n<li>\u00cdndice Construcci\u00f3n Bolsa de Madrid<\/li>\n\n\n\n<li>IBEX Industrial y Varios<\/li>\n\n\n\n<li>Bloomberg European 500 Construction and Engineering<\/li>\n\n\n\n<li>Bloomberg European<\/li>\n\n\n\n<li>Industrials Index<\/li>\n\n\n\n<li>DJ Euro Stoxx Construction<\/li>\n\n\n\n<li>DJ Stoxx 600 Construction<\/li>\n<\/ul>\n\n\n\n<h3 class=\"wp-block-heading\">Responsabilidad Social<\/h3>\n\n\n\n<ul class=\"wp-block-list\">\n<li>DJSI \u2013 Dow Jones Sustainability Index<\/li>\n\n\n\n<li>ASPI Eurozone (R)<\/li>\n\n\n\n<li>FTSE4Good<\/li>\n<\/ul>\n<\/div><\/m-wysiwig>\n","protected":false},"excerpt":{"rendered":"","protected":false},"featured_media":0,"parent":21665,"menu_order":0,"comment_status":"closed","ping_status":"closed","template":"","meta":{"_acf_changed":false,"footnotes":""},"class_list":["post-22889","page","type-page","status-publish","hentry"],"acf":[],"yoast_head":"<!-- This site is optimized with the Yoast SEO plugin v27.2 - https:\/\/yoast.com\/product\/yoast-seo-wordpress\/ -->\n<title>Bolsa e \u00edndices burs\u00e1tiles en los que participa Ferrovial<\/title>\n<meta name=\"description\" content=\"Informaci\u00f3n sobre las Bolsas en las que cotiza y los \u00cdndices Burs\u00e1tiles a los que pertenece Ferrovial. Entra e inf\u00f3rmate.\" \/>\n<meta name=\"robots\" content=\"index, follow, max-snippet:-1, max-image-preview:large, max-video-preview:-1\" \/>\n<link rel=\"canonical\" href=\"https:\/\/www.ferrovial.com\/es\/accionistas-e-inversores\/informacion-bursatil\/capital\/bolsas-e-indices\/\" \/>\n<meta property=\"og:locale\" content=\"es_ES\" \/>\n<meta property=\"og:type\" content=\"article\" \/>\n<meta property=\"og:title\" content=\"Bolsa e \u00edndices burs\u00e1tiles en los que participa Ferrovial\" \/>\n<meta property=\"og:description\" content=\"Informaci\u00f3n sobre las Bolsas en las que cotiza y los \u00cdndices Burs\u00e1tiles a los que pertenece Ferrovial. Entra e inf\u00f3rmate.\" \/>\n<meta property=\"og:url\" content=\"https:\/\/www.ferrovial.com\/es\/accionistas-e-inversores\/informacion-bursatil\/capital\/bolsas-e-indices\/\" \/>\n<meta property=\"og:site_name\" content=\"Ferrovial\" \/>\n<meta property=\"article:publisher\" content=\"https:\/\/www.facebook.com\/ferrovial\" \/>\n<meta property=\"article:modified_time\" content=\"2025-03-11T16:19:30+00:00\" \/>\n<meta name=\"twitter:card\" content=\"summary_large_image\" \/>\n<meta name=\"twitter:site\" content=\"@ferrovial\" \/>\n<meta name=\"twitter:label1\" content=\"Est. reading time\" \/>\n\t<meta name=\"twitter:data1\" content=\"1 minuto\" \/>\n<!-- \/ Yoast SEO plugin. -->","yoast_head_json":{"title":"Bolsa e \u00edndices burs\u00e1tiles en los que participa Ferrovial","description":"Informaci\u00f3n sobre las Bolsas en las que cotiza y los \u00cdndices Burs\u00e1tiles a los que pertenece Ferrovial. Entra e inf\u00f3rmate.","robots":{"index":"index","follow":"follow","max-snippet":"max-snippet:-1","max-image-preview":"max-image-preview:large","max-video-preview":"max-video-preview:-1"},"canonical":"https:\/\/www.ferrovial.com\/es\/accionistas-e-inversores\/informacion-bursatil\/capital\/bolsas-e-indices\/","og_locale":"es_ES","og_type":"article","og_title":"Bolsa e \u00edndices burs\u00e1tiles en los que participa Ferrovial","og_description":"Informaci\u00f3n sobre las Bolsas en las que cotiza y los \u00cdndices Burs\u00e1tiles a los que pertenece Ferrovial. Entra e inf\u00f3rmate.","og_url":"https:\/\/www.ferrovial.com\/es\/accionistas-e-inversores\/informacion-bursatil\/capital\/bolsas-e-indices\/","og_site_name":"Ferrovial","article_publisher":"https:\/\/www.facebook.com\/ferrovial","article_modified_time":"2025-03-11T16:19:30+00:00","twitter_card":"summary_large_image","twitter_site":"@ferrovial","twitter_misc":{"Est. reading time":"1 minuto"},"schema":{"@context":"https:\/\/schema.org","@graph":[{"@type":"WebPage","@id":"https:\/\/www.ferrovial.com\/es\/accionistas-e-inversores\/informacion-bursatil\/capital\/bolsas-e-indices\/","url":"https:\/\/www.ferrovial.com\/es\/accionistas-e-inversores\/informacion-bursatil\/capital\/bolsas-e-indices\/","name":"Bolsa e \u00edndices burs\u00e1tiles en los que participa Ferrovial","isPartOf":{"@id":"https:\/\/www.ferrovial.com\/es\/#website"},"datePublished":"2019-09-12T11:16:34+00:00","dateModified":"2025-03-11T16:19:30+00:00","description":"Informaci\u00f3n sobre las Bolsas en las que cotiza y los \u00cdndices Burs\u00e1tiles a los que pertenece Ferrovial. Entra e inf\u00f3rmate.","breadcrumb":{"@id":"https:\/\/www.ferrovial.com\/es\/accionistas-e-inversores\/informacion-bursatil\/capital\/bolsas-e-indices\/#breadcrumb"},"inLanguage":"es","potentialAction":[{"@type":"ReadAction","target":["https:\/\/www.ferrovial.com\/es\/accionistas-e-inversores\/informacion-bursatil\/capital\/bolsas-e-indices\/"]}]},{"@type":"BreadcrumbList","@id":"https:\/\/www.ferrovial.com\/es\/accionistas-e-inversores\/informacion-bursatil\/capital\/bolsas-e-indices\/#breadcrumb","itemListElement":[{"@type":"ListItem","position":1,"name":"Portada","item":"https:\/\/www.ferrovial.com\/es\/"},{"@type":"ListItem","position":2,"name":"Accionistas e inversores","item":"https:\/\/www.ferrovial.com\/es\/accionistas-e-inversores\/"},{"@type":"ListItem","position":3,"name":"Informaci\u00f3n burs\u00e1til","item":"https:\/\/www.ferrovial.com\/es\/accionistas-e-inversores\/informacion-bursatil\/"},{"@type":"ListItem","position":4,"name":"Acci\u00f3n y Capital Social","item":"https:\/\/www.ferrovial.com\/es\/accionistas-e-inversores\/informacion-bursatil\/capital\/"},{"@type":"ListItem","position":5,"name":"Mercado e \u00edndices"}]},{"@type":"WebSite","@id":"https:\/\/www.ferrovial.com\/es\/#website","url":"https:\/\/www.ferrovial.com\/es\/","name":"Ferrovial","description":"Welcome to the Ferrovial&#039;s website, global operator of sustainable infrastructure. Here you can find all the information about the company and subsidiaries.","publisher":{"@id":"https:\/\/www.ferrovial.com\/es\/#organization"},"potentialAction":[{"@type":"SearchAction","target":{"@type":"EntryPoint","urlTemplate":"https:\/\/www.ferrovial.com\/es\/?s={search_term_string}"},"query-input":{"@type":"PropertyValueSpecification","valueRequired":true,"valueName":"search_term_string"}}],"inLanguage":"es"},{"@type":"Organization","@id":"https:\/\/www.ferrovial.com\/es\/#organization","name":"Ferrovial S.A.","url":"https:\/\/www.ferrovial.com\/es\/","logo":{"@type":"ImageObject","inLanguage":"es","@id":"https:\/\/www.ferrovial.com\/es\/#\/schema\/logo\/image\/","url":"https:\/\/static.ferrovial.com\/wp-content\/uploads\/2020\/01\/13124948\/logo-ferrovial-cf7.png","contentUrl":"https:\/\/static.ferrovial.com\/wp-content\/uploads\/2020\/01\/13124948\/logo-ferrovial-cf7.png","width":144,"height":32,"caption":"Ferrovial S.A."},"image":{"@id":"https:\/\/www.ferrovial.com\/es\/#\/schema\/logo\/image\/"},"sameAs":["https:\/\/www.facebook.com\/ferrovial","https:\/\/x.com\/ferrovial","https:\/\/www.instagram.com\/ferrovial\/","https:\/\/www.linkedin.com\/company\/ferrovial","https:\/\/www.pinterest.es\/ferrovial\/","https:\/\/www.youtube.com\/ferrovial","https:\/\/en.wikipedia.org\/wiki\/Ferrovial"]}]}},"_links":{"self":[{"href":"https:\/\/www.ferrovial.com\/es\/wp-json\/wp\/v2\/pages\/22889","targetHints":{"allow":["GET"]}}],"collection":[{"href":"https:\/\/www.ferrovial.com\/es\/wp-json\/wp\/v2\/pages"}],"about":[{"href":"https:\/\/www.ferrovial.com\/es\/wp-json\/wp\/v2\/types\/page"}],"replies":[{"embeddable":true,"href":"https:\/\/www.ferrovial.com\/es\/wp-json\/wp\/v2\/comments?post=22889"}],"version-history":[{"count":3,"href":"https:\/\/www.ferrovial.com\/es\/wp-json\/wp\/v2\/pages\/22889\/revisions"}],"predecessor-version":[{"id":301213,"href":"https:\/\/www.ferrovial.com\/es\/wp-json\/wp\/v2\/pages\/22889\/revisions\/301213"}],"up":[{"embeddable":true,"href":"https:\/\/www.ferrovial.com\/es\/wp-json\/wp\/v2\/pages\/21665"}],"wp:attachment":[{"href":"https:\/\/www.ferrovial.com\/es\/wp-json\/wp\/v2\/media?parent=22889"}],"curies":[{"name":"wp","href":"https:\/\/api.w.org\/{rel}","templated":true}]}}