{"id":235451,"date":"2022-07-28T11:04:21","date_gmt":"2022-07-28T09:04:21","guid":{"rendered":"https:\/\/www.ferrovial.com\/?page_id=235451"},"modified":"2024-09-16T21:12:15","modified_gmt":"2024-09-16T19:12:15","slug":"iluminacion","status":"publish","type":"page","link":"https:\/\/www.ferrovial.com\/es\/stem\/iluminacion\/","title":{"rendered":"\u00bfQu\u00e9 es la iluminaci\u00f3n?"},"content":{"rendered":"    <m-final-content-header >\n            <c-breadcrumb label-text=\"Breadcrumb\" slot=\"breadcrumbs\" type='2' align='left' wrap='wrapped wrapped' aria-label='Vienes de STEM'>\n                        <ol>\n\n                                                            <li><a href=\"https:\/\/www.ferrovial.com\/es\/\" title=\"Ferrovial\">Ferrovial<\/a><\/li>\n                                                                        <li><a href=\"https:\/\/www.ferrovial.com\/es\/stem\/\" title=\"STEM\">STEM<\/a><\/li>\n                                    \n                <\/ol>\n\n                <\/c-breadcrumb>\n    \n        <div slot=\"header\">\n            <h1>\n                \u00bfQu\u00e9 es la iluminaci\u00f3n?            <\/h1>\n                    <\/div>\n    <\/m-final-content-header>\n\n    \n\n\n<m-wysiwig class=\"wp-block-components-wysiwyg\"><div slot=\"maincontent\">\n<p><script>\n{\n  \"@context\": \"https:\/\/schema.org\",\n  \"@type\": \"FAQPage\",\n  \"mainEntity\": [{\n    \"@type\": \"Question\",\n    \"name\": \"\u00bfQu\u00e9 es la iluminaci\u00f3n?\",\n    \"acceptedAnswer\": {\n      \"@type\": \"Answer\",\n      \"text\": \"La acci\u00f3n de iluminar, pretende adecuar el nivel de luz al lugar donde se haga uso de ella y de acuerdo con las actividades que realizan las personas en ese espacio, que necesitar\u00e1n mayor o menor grado de luminiscencia.\nPor otro lado, tambi\u00e9n se llama iluminaci\u00f3n al conjunto de luces que se utilizan para lograr el fin de dar una luz suficiente.\"\n    }\n  },{\n    \"@type\": \"Question\",\n    \"name\": \"\u00bfQu\u00e9 formas existen para generar luz?\",\n    \"acceptedAnswer\": {\n      \"@type\": \"Answer\",\n      \"text\": \"La luz puede generarse por:\n<ol>\n<li>Termoradiaci\u00f3n: iluminaci\u00f3n que se genera gracias a materiales s\u00f3lidos o l\u00edquidos.\n<\/li>\n<li>Descarga el\u00e9ctrica: iluminaci\u00f3n que se genera cuando una corriente el\u00e9ctrica pasa a trav\u00e9s de un gas para emitir radiaci\u00f3n lum\u00ednica.<\/li>\n<\/ol>\nDe acuerdo con esta \u00faltima categor\u00eda, existen los siguientes artefactos lum\u00ednicos:\n<ul>\n<li>L\u00e1mparas incandescentes<\/li>\n<li>L\u00e1mparas fluorescentes<\/li>\n<li>L\u00e1mparas de vapor de mercurio<\/li>\n<li>L\u00e1mparas hal\u00f3genas<\/li>\n<li>L\u00e1mparas LED<\/li>\n<\/ul>\"\n    }\n  },{\n    \"@type\": \"Question\",\n    \"name\": \"\u00bfCu\u00e1les son los elementos principales de un sistema de iluminaci\u00f3n?\",\n    \"acceptedAnswer\": {\n      \"@type\": \"Answer\",\n      \"text\": \"Un sistema de iluminaci\u00f3n consiste en todos los elementos que se integran para proveer de luz a un espacio. Son los siguientes:\n<ul>\n<li>L\u00e1mparas<\/li>\n<li>Luminarios<\/li>\n<li>Balastros<\/li>\n<li>Dispositivos de control<\/li>\n<\/ul>\"\n    }\n  },{\n    \"@type\": \"Question\",\n    \"name\": \"\u00bfPor qu\u00e9 son importantes los sistemas de control de iluminaci\u00f3n?\",\n    \"acceptedAnswer\": {\n      \"@type\": \"Answer\",\n      \"text\": \"Las tecnolog\u00edas que permiten controlar un sistema de iluminaci\u00f3n el\u00e9ctrico permiten:\n<ul>\n<li>Uso consciente de energ\u00eda, pues solo se utiliza la luz artificial cuando es necesaria. De esta forma, se mejora la eficiencia energ\u00e9tica y se reduce la huella de carbono.\n<\/li>\n<li>Aprovechamiento de la iluminaci\u00f3n natural, complementando con la iluminaci\u00f3n artificial estrictamente necesaria.\n<\/li>\n<li>Ahorro econ\u00f3mico. Si bien la instalaci\u00f3n de sistemas de control de iluminaci\u00f3n puede resultar costosa, a largo plazo el ahorro en factura es significativo.\n<\/li>\n<li>Prolongaci\u00f3n de la vida \u00fatil de los luminarios, pues se hace uso de ellos cuando realmente es necesario, de manera consciente y programada, gracias a los sensores de control. Al prolongarse la vida \u00fatil de las l\u00e1mparas y luminarios tambi\u00e9n se est\u00e1 logrando, en consecuencia, la menor generaci\u00f3n de residuos de artefactos contaminantes.\n<\/li>\n<\/ul>\"\n    }\n  }]\n}\n<\/script><p>La acci\u00f3n de iluminar, pretende <strong>adecuar el nivel de luz al lugar donde se haga uso de ella y de acuerdo con las actividades que realizan las personas en ese espacio<\/strong>, que necesitar\u00e1n mayor o menor grado de luminiscencia.<\/p><\/p>\n\n\n\n<p>Por otro lado, tambi\u00e9n se llama<em> iluminaci\u00f3n<\/em> al conjunto de luces que se utilizan para lograr el fin de dar una luz suficiente.<\/p>\n\n\n\n<h2 class=\"wp-block-heading\">\u00bfQu\u00e9 formas existen para generar luz?<\/h2>\n\n\n\n<p>La luz puede generarse por:<\/p>\n\n\n\n<ol class=\"wp-block-list\">\n<li><strong>Termorradiaci\u00f3n<\/strong>: iluminaci\u00f3n que se genera gracias a materiales s\u00f3lidos o l\u00edquidos.<\/li>\n\n\n\n<li><strong>Descarga el\u00e9ctrica<\/strong>: iluminaci\u00f3n que se genera cuando una corriente el\u00e9ctrica pasa a trav\u00e9s de un gas para emitir radiaci\u00f3n lum\u00ednica.<\/li>\n<\/ol>\n\n\n\n<p>De acuerdo con esta \u00faltima categor\u00eda, existen los siguientes artefactos lum\u00ednicos:<\/p>\n\n\n\n<ul class=\"wp-block-list\">\n<li><strong>L\u00e1mparas incandescentes:<\/strong> son un tipo de l\u00e1mparas el\u00e9ctricas formadas por un filamento que alcanza altas temperaturas gracias al <a href=\"https:\/\/es.wikipedia.org\/wiki\/Efecto_Joule\" target=\"_blank\" rel=\"noreferrer noopener\">efecto Joule<\/a> para emitir luz. Estas l\u00e1mparas est\u00e1n envueltas en cristal que se llena de gas para evitar que el hilo se queme y con el paso del tiempo se oscurecen producto de la evaporaci\u00f3n del elemento qu\u00edmico del filamento.<\/li>\n\n\n\n<li><strong>L\u00e1mparas fluorescentes:<\/strong> est\u00e1n formadas por un tubo cerrado en cada extremo, donde se encuentran los electrodos para la conexi\u00f3n y encendido. Este tipo de l\u00e1mpara se llena de vapor de mercurio a baja presi\u00f3n el\u00e9ctrica con una peque\u00f1a cantidad de gas para que pueda encenderse y, adem\u00e1s, controlar la descarga de los electrodos.<\/li>\n\n\n\n<li><strong>L\u00e1mparas de vapor de mercurio: <\/strong>denominadas as\u00ed por el contenido de su interior, son l\u00e1mparas de baja presi\u00f3n.<\/li>\n\n\n\n<li><strong>L\u00e1mparas hal\u00f3genas:<\/strong> se trata de un tipo de iluminaci\u00f3n que se diferencia de las categor\u00edas anteriores porque tienen una mezcla de gas inerte y un hal\u00f3geno que permite el aumento de la capacidad lum\u00ednica sin que el filamento interior se funda.<\/li>\n\n\n\n<li><strong>L\u00e1mparas LED:<\/strong> es una de las invenciones m\u00e1s eficientes, duraderas y resistentes en cuanto a la iluminaci\u00f3n, consumo y aprovechamiento de energ\u00eda. Es un semiconductor que hace uso de LEDS (<em>light-emitting diode<\/em> o diodos emisores de luz) para generar luz. Cuentan con elementos que gestionan la intensidad del calor, ya sean disipadores o aletas de refrigeraci\u00f3n. Hoy en d\u00eda la mayor\u00eda de las l\u00e1mparas son LED; las otras tecnolog\u00edas han ca\u00eddo pr\u00e1cticamente en desuso porque son menos eficientes y tienen un mayor impacto ambiental.<\/li>\n<\/ul>\n\n\n\n<h2 class=\"wp-block-heading\">\u00bfCu\u00e1les son los elementos principales de un sistema de iluminaci\u00f3n?<\/h2>\n\n\n\n<p>Un sistema de iluminaci\u00f3n consiste en todos los elementos que se integran para proveer de luz a un espacio. Son los siguientes:<\/p>\n\n\n\n<ol class=\"wp-block-list\">\n<li><strong>L\u00e1mparas:<\/strong> encargadas de proporcionar la luz artificial.<\/li>\n\n\n\n<li><strong>Luminarios:<\/strong> contenedores de las l\u00e1mparas cuya funci\u00f3n es la de controlar y dirigir el flujo de la luz de una o m\u00e1s l\u00e1mparas.<\/li>\n\n\n\n<li><strong>Balastros:<\/strong> encargados de limitar la corriente de las l\u00e1mparas e, incluso, la tensi\u00f3n para encenderlas. Se trata de dispositivos electromagn\u00e9ticos, electr\u00f3nicos o una combinaci\u00f3n de ambos.<\/li>\n\n\n\n<li><strong>Dispositivos de control:<\/strong> encargados de controlar el sistema de iluminaci\u00f3n, tales como sensores de movimiento o los temporizadores.<\/li>\n<\/ol>\n\n\n\n<h2 class=\"wp-block-heading\">\u00bfPor qu\u00e9 son importantes los sistemas de control de iluminaci\u00f3n?<\/h2>\n\n\n\n<p>Las <strong>tecnolog\u00edas que permiten controlar un sistema de iluminaci\u00f3n el\u00e9ctrico<\/strong> permiten:<\/p>\n\n\n\n<ul class=\"wp-block-list\">\n<li><strong>Uso consciente de energ\u00eda<\/strong>, pues solo se utiliza la luz artificial cuando es necesaria. De esta forma, se mejora la eficiencia energ\u00e9tica y se reduce la huella de carbono.<\/li>\n\n\n\n<li><strong>Aprovechamiento de la iluminaci\u00f3n natural<\/strong>, complementando con la iluminaci\u00f3n artificial estrictamente necesaria.<\/li>\n\n\n\n<li><strong>Ahorro econ\u00f3mico<\/strong>. Si bien la instalaci\u00f3n de sistemas de control de iluminaci\u00f3n puede resultar costosa, a largo plazo el ahorro en factura es significativo.<\/li>\n\n\n\n<li><strong>Prolongaci\u00f3n de la vida \u00fatil de los luminarios<\/strong>, pues se hace uso de ellos cuando realmente es necesario, de manera consciente y programada, gracias a los sensores de control. Al prolongarse la vida \u00fatil de las l\u00e1mparas y luminarios tambi\u00e9n se est\u00e1 logrando, en consecuencia, la menor generaci\u00f3n de residuos de artefactos contaminantes.<\/li>\n<\/ul>\n<\/div><\/m-wysiwig>\n","protected":false},"excerpt":{"rendered":"","protected":false},"featured_media":0,"parent":227878,"menu_order":0,"comment_status":"closed","ping_status":"closed","template":"","meta":{"_acf_changed":false,"footnotes":""},"class_list":["post-235451","page","type-page","status-publish","hentry"],"acf":[],"yoast_head":"<!-- This site is optimized with the Yoast SEO plugin v27.2 - https:\/\/yoast.com\/product\/yoast-seo-wordpress\/ -->\n<title>\u00bfQu\u00e9 es la iluminaci\u00f3n? - Ferrovial<\/title>\n<meta name=\"description\" content=\"Adecuar el nivel de luz al lugar donde se haga uso de ella y las actividades que se realicen en ese espacio.\" \/>\n<meta name=\"robots\" content=\"index, follow, max-snippet:-1, max-image-preview:large, max-video-preview:-1\" \/>\n<link rel=\"canonical\" href=\"https:\/\/www.ferrovial.com\/es\/stem\/iluminacion\/\" \/>\n<meta property=\"og:locale\" content=\"es_ES\" \/>\n<meta property=\"og:type\" content=\"article\" \/>\n<meta property=\"og:title\" content=\"\u00bfQu\u00e9 es la iluminaci\u00f3n? - Ferrovial\" \/>\n<meta property=\"og:description\" content=\"Adecuar el nivel de luz al lugar donde se haga uso de ella y las actividades que se realicen en ese espacio.\" \/>\n<meta property=\"og:url\" content=\"https:\/\/www.ferrovial.com\/es\/stem\/iluminacion\/\" \/>\n<meta property=\"og:site_name\" content=\"Ferrovial\" \/>\n<meta property=\"article:publisher\" content=\"https:\/\/www.facebook.com\/ferrovial\" \/>\n<meta property=\"article:modified_time\" content=\"2024-09-16T19:12:15+00:00\" \/>\n<meta name=\"twitter:card\" content=\"summary_large_image\" \/>\n<meta name=\"twitter:site\" content=\"@ferrovial\" \/>\n<meta name=\"twitter:label1\" content=\"Est. reading time\" \/>\n\t<meta name=\"twitter:data1\" content=\"3 minutos\" \/>\n<!-- \/ Yoast SEO plugin. -->","yoast_head_json":{"title":"\u00bfQu\u00e9 es la iluminaci\u00f3n? - Ferrovial","description":"Adecuar el nivel de luz al lugar donde se haga uso de ella y las actividades que se realicen en ese espacio.","robots":{"index":"index","follow":"follow","max-snippet":"max-snippet:-1","max-image-preview":"max-image-preview:large","max-video-preview":"max-video-preview:-1"},"canonical":"https:\/\/www.ferrovial.com\/es\/stem\/iluminacion\/","og_locale":"es_ES","og_type":"article","og_title":"\u00bfQu\u00e9 es la iluminaci\u00f3n? - Ferrovial","og_description":"Adecuar el nivel de luz al lugar donde se haga uso de ella y las actividades que se realicen en ese espacio.","og_url":"https:\/\/www.ferrovial.com\/es\/stem\/iluminacion\/","og_site_name":"Ferrovial","article_publisher":"https:\/\/www.facebook.com\/ferrovial","article_modified_time":"2024-09-16T19:12:15+00:00","twitter_card":"summary_large_image","twitter_site":"@ferrovial","twitter_misc":{"Est. reading time":"3 minutos"},"schema":{"@context":"https:\/\/schema.org","@graph":[{"@type":"WebPage","@id":"https:\/\/www.ferrovial.com\/es\/stem\/iluminacion\/","url":"https:\/\/www.ferrovial.com\/es\/stem\/iluminacion\/","name":"\u00bfQu\u00e9 es la iluminaci\u00f3n? - Ferrovial","isPartOf":{"@id":"https:\/\/www.ferrovial.com\/es\/#website"},"datePublished":"2022-07-28T09:04:21+00:00","dateModified":"2024-09-16T19:12:15+00:00","description":"Adecuar el nivel de luz al lugar donde se haga uso de ella y las actividades que se realicen en ese espacio.","breadcrumb":{"@id":"https:\/\/www.ferrovial.com\/es\/stem\/iluminacion\/#breadcrumb"},"inLanguage":"es","potentialAction":[{"@type":"ReadAction","target":["https:\/\/www.ferrovial.com\/es\/stem\/iluminacion\/"]}]},{"@type":"BreadcrumbList","@id":"https:\/\/www.ferrovial.com\/es\/stem\/iluminacion\/#breadcrumb","itemListElement":[{"@type":"ListItem","position":1,"name":"Portada","item":"https:\/\/www.ferrovial.com\/es\/"},{"@type":"ListItem","position":2,"name":"STEM","item":"https:\/\/www.ferrovial.com\/es\/stem\/"},{"@type":"ListItem","position":3,"name":"\u00bfQu\u00e9 es la iluminaci\u00f3n?"}]},{"@type":"WebSite","@id":"https:\/\/www.ferrovial.com\/es\/#website","url":"https:\/\/www.ferrovial.com\/es\/","name":"Ferrovial","description":"Welcome to the Ferrovial&#039;s website, global operator of sustainable infrastructure. Here you can find all the information about the company and subsidiaries.","publisher":{"@id":"https:\/\/www.ferrovial.com\/es\/#organization"},"potentialAction":[{"@type":"SearchAction","target":{"@type":"EntryPoint","urlTemplate":"https:\/\/www.ferrovial.com\/es\/?s={search_term_string}"},"query-input":{"@type":"PropertyValueSpecification","valueRequired":true,"valueName":"search_term_string"}}],"inLanguage":"es"},{"@type":"Organization","@id":"https:\/\/www.ferrovial.com\/es\/#organization","name":"Ferrovial S.A.","url":"https:\/\/www.ferrovial.com\/es\/","logo":{"@type":"ImageObject","inLanguage":"es","@id":"https:\/\/www.ferrovial.com\/es\/#\/schema\/logo\/image\/","url":"https:\/\/static.ferrovial.com\/wp-content\/uploads\/2020\/01\/13124948\/logo-ferrovial-cf7.png","contentUrl":"https:\/\/static.ferrovial.com\/wp-content\/uploads\/2020\/01\/13124948\/logo-ferrovial-cf7.png","width":144,"height":32,"caption":"Ferrovial S.A."},"image":{"@id":"https:\/\/www.ferrovial.com\/es\/#\/schema\/logo\/image\/"},"sameAs":["https:\/\/www.facebook.com\/ferrovial","https:\/\/x.com\/ferrovial","https:\/\/www.instagram.com\/ferrovial\/","https:\/\/www.linkedin.com\/company\/ferrovial","https:\/\/www.pinterest.es\/ferrovial\/","https:\/\/www.youtube.com\/ferrovial","https:\/\/en.wikipedia.org\/wiki\/Ferrovial"]}]}},"_links":{"self":[{"href":"https:\/\/www.ferrovial.com\/es\/wp-json\/wp\/v2\/pages\/235451","targetHints":{"allow":["GET"]}}],"collection":[{"href":"https:\/\/www.ferrovial.com\/es\/wp-json\/wp\/v2\/pages"}],"about":[{"href":"https:\/\/www.ferrovial.com\/es\/wp-json\/wp\/v2\/types\/page"}],"replies":[{"embeddable":true,"href":"https:\/\/www.ferrovial.com\/es\/wp-json\/wp\/v2\/comments?post=235451"}],"version-history":[{"count":3,"href":"https:\/\/www.ferrovial.com\/es\/wp-json\/wp\/v2\/pages\/235451\/revisions"}],"predecessor-version":[{"id":288242,"href":"https:\/\/www.ferrovial.com\/es\/wp-json\/wp\/v2\/pages\/235451\/revisions\/288242"}],"up":[{"embeddable":true,"href":"https:\/\/www.ferrovial.com\/es\/wp-json\/wp\/v2\/pages\/227878"}],"wp:attachment":[{"href":"https:\/\/www.ferrovial.com\/es\/wp-json\/wp\/v2\/media?parent=235451"}],"curies":[{"name":"wp","href":"https:\/\/api.w.org\/{rel}","templated":true}]}}