{"id":235472,"date":"2022-07-28T13:02:39","date_gmt":"2022-07-28T11:02:39","guid":{"rendered":"https:\/\/www.ferrovial.com\/?page_id=235472"},"modified":"2022-09-09T09:14:10","modified_gmt":"2022-09-09T07:14:10","slug":"cables-y-cableado","status":"publish","type":"page","link":"https:\/\/www.ferrovial.com\/es\/stem\/cables-y-cableado\/","title":{"rendered":"Cables y cableado"},"content":{"rendered":"    <m-final-content-header >\n            <c-breadcrumb label-text=\"Breadcrumb\" slot=\"breadcrumbs\" type='2' align='left' wrap='wrapped wrapped' aria-label='Vienes de STEM'>\n                        <ol>\n\n                                                            <li><a href=\"https:\/\/www.ferrovial.com\/es\/\" title=\"Ferrovial\">Ferrovial<\/a><\/li>\n                                                                        <li><a href=\"https:\/\/www.ferrovial.com\/es\/stem\/\" title=\"STEM\">STEM<\/a><\/li>\n                                    \n                <\/ol>\n\n                <\/c-breadcrumb>\n    \n        <div slot=\"header\">\n            <h1>\n                \u00bfQu\u00e9 son los cables?            <\/h1>\n                    <\/div>\n    <\/m-final-content-header>\n\n    \n\n\n<m-wysiwig class=\"wp-block-components-wysiwyg\"><div slot=\"maincontent\">\n<script type=\"application\/ld+json\">\n{\n  \"@context\": \"https:\/\/schema.org\",\n  \"@type\": \"FAQPage\",\n  \"mainEntity\": [{\n    \"@type\": \"Question\",\n    \"name\": \"\u00bfQu\u00e9 son los cables?\",\n    \"acceptedAnswer\": {\n      \"@type\": \"Answer\",\n      \"text\": \"Los cables son un conjunto de hilos met\u00e1licos, generalmente de cobre (por su grado de conductividad) o aluminio (por su bajo coste), que cumplen la funci\u00f3n de conducir la electricidad de un punto a otro. Generalmente, cuentan con una envoltura o manguera aislante y protectora para que la corriente no circule fuera de ellos, una capa de relleno para conservar la forma circular del cable y una capa cubierta, la m\u00e1s externa, hecha con materiales resistentes al calor, la lluvia, etc.\"\n    }\n  },{\n    \"@type\": \"Question\",\n    \"name\": \"\u00bfQu\u00e9 es el cableado?\",\n    \"acceptedAnswer\": {\n      \"@type\": \"Answer\",\n      \"text\": \"Se entiende como el conjunto de cables, conectores, canalizadores y terminales que forman parte de una red el\u00e9ctrica. En conjunto, su funci\u00f3n es transportar emisiones desde un dispositivo emisor a otro receptor.\"\n    }\n  },{\n    \"@type\": \"Question\",\n    \"name\": \"\u00bfQu\u00e9 tipos de cables existen?\",\n    \"acceptedAnswer\": {\n      \"@type\": \"Answer\",\n      \"text\": \"Los cables m\u00e1s utilizados en las instalaciones el\u00e9ctricas son los siguientes:\n\n<ul>\n<li>Seg\u00fan el n\u00famero de hilos conductores: pueden ser unipolares, multipolares o mangueras.<\/li>\n<li>Seg\u00fan su estructura: pueden ser flexibles o r\u00edgidos, planos o redondos, con un n\u00facleo chapado en cobre (com\u00fanmente conocidos como coaxiales), trenzados o entrelazados, con aislante o sin ellos, etc.<\/li>\n<li>Seg\u00fan tipo de conductor: de alambre desnudo, o aislado, conductor de cable flexible o de cord\u00f3n, etc.<\/li>\n<li>Seg\u00fan las propiedades del recubrimiento: con distintas denominaciones para diferenciarlos entre ellos, 1-T (thermoplastic), 2-H (heat resistant, resistente a temperaturas de hasta 75\u00baC), 3-HH (heat resistant, resistente a temperaturas de hasta 90\u00baC), 4-W (water resistant, resiste al agua y a la humedad), 5-LS (low smoke, baja emisi\u00f3n de humos y otros elementos contaminantes), 6-SPT (service parallel thermoplastic, tambi\u00e9n denominado cord\u00f3n d\u00faplex).<\/li>\n<li>Seg\u00fan el tipo de aislamiento: termopl\u00e1sticos o termoestables.<\/li>\n<\/ul>\"\n    }\n  },{\n    \"@type\": \"Question\",\n    \"name\": \"\u00bfC\u00f3mo se clasifican los cables el\u00e9ctricos seg\u00fan su tensi\u00f3n?\",\n    \"acceptedAnswer\": {\n      \"@type\": \"Answer\",\n      \"text\": \"De acuerdo con la tensi\u00f3n con la que funcionan, los cables se clasifican en:\n<ol>\n<li>Cables de baja tensi\u00f3n (de hasta 1.000 voltios)<\/li>\n<li>Cables de media tensi\u00f3n (de hasta 30 kW)<\/li>\n<li>Cables de alta tensi\u00f3n (de hasta 66 kW)<\/li>\n<\/ol>\"\n    }\n  },{\n    \"@type\": \"Question\",\n    \"name\": \"\u00bfQu\u00e9 significan los colores de los cables?\",\n    \"acceptedAnswer\": {\n      \"@type\": \"Answer\",\n      \"text\": \"La denominaci\u00f3n de cables por colores est\u00e1 regida por la Norma de la Comisi\u00f3n El\u00e9ctrica Internacional IEC 60446. Se utiliza para identificar la capa aislante de los cables y poder diferenciar la funci\u00f3n de cada uno. Teniendo en cuenta esto, cada color significa lo siguiente:\n\n<ul>\n<li>Verde y amarillo: son los cables de toma de tierra. No transportan energ\u00eda, sino que suelen desviarla en caso de que ocurra un fallo el\u00e9ctrico, evitando posibles electrocuciones.<\/li>\n<li>Azul: se utiliza para denominar el cable neutro que, antiguamente, estaba identificado con el color rojo. En algunos pa\u00edses, como los Estados Unidos, la funci\u00f3n de este cable tambi\u00e9n se le asigna a los de color blanco.<\/li>\n<li>Marr\u00f3n, negro o gris: cable de fase por excelencia; se encarga de transmitir la corriente el\u00e9ctrica.<\/li>\n<li>Colores con rayas: sirven de gu\u00eda, ya que se trata de cables neutrales, como los azules o blancos, que sirven para identificar qu\u00e9 cable neutral va con otro de color.<\/li>\n<li>Otros colores: utilizados para la funci\u00f3n de corriente o de carga. El m\u00e1s com\u00fan es el rojo, y suelen utilizarse en instalaciones donde hay muchos cables, de manera que puedan ser f\u00e1ciles de identificar y, en consecuencia, diferenciar su uso.<\/li>\n<\/ul>\"\n    }\n  },{\n    \"@type\": \"Question\",\n    \"name\": \"\u00bfQu\u00e9 tipos de enchufes existen?\",\n    \"acceptedAnswer\": {\n      \"@type\": \"Answer\",\n      \"text\": \"<ol>\n<li>De toma de tierra: no llevan corriente el\u00e9ctrica y tienen una funci\u00f3n protectora, pues van hacia el cuadro el\u00e9ctrico y de all\u00ed hacia la toma de tierra, llevando la corriente hacia el subsuelo. El cable capta y expulsa la corriente el\u00e9ctrica en caso de un cortocircuito.<\/li>\n<li>De fase: es por donde entra la corriente y tiene una tensi\u00f3n de 220 o 230 kV, raz\u00f3n por la que solo profesionales est\u00e1n autorizados para su manipulaci\u00f3n.<\/li>\n<li>Neutro: tiene la funci\u00f3n de dar paso de regreso a la corriente el\u00e9ctrica.<\/li>\n<\/ol>\"\n    }\n  }]\n}\n<\/script><p>Los cables son un <strong>conjunto de hilos met\u00e1licos<\/strong>, generalmente de cobre (por su grado de conductividad) o aluminio (por su bajo coste), que cumplen la funci\u00f3n de <strong>conducir la electricidad<\/strong> de un punto a otro. Generalmente, <strong>cuentan con una envoltura o manguera aislante <\/strong>y protectora para que la corriente no circule fuera de ellos, una capa de relleno para conservar la forma circular del cable y una <strong>capa cubierta<\/strong>, la m\u00e1s externa, hecha con materiales resistentes al calor, la lluvia, etc.<\/p>\n\n\n\n<h2 class=\"wp-block-heading\">\u00bfQu\u00e9 es el cableado?<\/h2>\n\n\n\n<p>Se entiende como el <strong>conjunto de cables, conectores, canalizadores y terminales que forman parte de una red el\u00e9ctrica.<\/strong> En conjunto, su funci\u00f3n es transportar emisiones desde un dispositivo emisor a otro receptor.<\/p>\n\n\n\n<p>Una red de cableado est\u00e1 dise\u00f1ada de manera que la extensi\u00f3n de los cables sea la correcta para evitar ca\u00eddas de tensi\u00f3n y para facilitar su montaje. Asimismo, debe contar con <strong>elementos de contacto con los aparatos<\/strong> de consumo a los que se van a unir los cables y efectuar el traspaso de la corriente el\u00e9ctrica.<\/p>\n\n\n\n<h2 class=\"wp-block-heading\">\u00bfQu\u00e9 tipos de cables existen?<\/h2>\n\n\n\n<p>Los cables m\u00e1s utilizados en las instalaciones el\u00e9ctricas son los siguientes:<\/p>\n\n\n\n<ul class=\"wp-block-list\"><li><strong>Seg\u00fan el n\u00famero de hilos conductores: <\/strong>pueden ser unipolares, multipolares o mangueras.<\/li><li><strong>Seg\u00fan su estructura:<\/strong> pueden ser flexibles o r\u00edgidos, planos o redondos, con un n\u00facleo chapado en cobre (com\u00fanmente conocidos como coaxiales), trenzados o entrelazados, con aislante o sin ellos, etc.<\/li><li><strong>Seg\u00fan tipo de conductor:<\/strong> de alambre desnudo, o aislado, conductor de cable flexible o de cord\u00f3n, etc.<\/li><li><strong>Seg\u00fan las propiedades del recubrimiento:<\/strong> con distintas denominaciones para diferenciarlos entre ellos, 1-T (<em>thermoplastic<\/em>), 2-H (<em>heat resistant<\/em>, resistente a temperaturas de hasta 75\u00baC), 3-HH (<em>heat resistant<\/em>, resistente a temperaturas de hasta 90\u00baC), 4-W (<em>water resistant<\/em>, resiste al agua y a la humedad), 5-LS (<em>low smoke<\/em>, baja emisi\u00f3n de humos y otros elementos contaminantes), 6-SPT (<em>service parallel thermoplastic<\/em>, tambi\u00e9n denominado cord\u00f3n d\u00faplex).<\/li><li><strong>Seg\u00fan el tipo de aislamiento:<\/strong> termopl\u00e1sticos o termoestables.<\/li><\/ul>\n\n\n\n<h2 class=\"wp-block-heading\">\u00bfC\u00f3mo se clasifican los cables el\u00e9ctricos seg\u00fan su tensi\u00f3n?<\/h2>\n\n\n\n<p>De acuerdo con la tensi\u00f3n con la que funcionan, los cables se clasifican en:<\/p>\n\n\n\n<ol class=\"wp-block-list\"><li><strong>Cables de baja tensi\u00f3n (de hasta 1.000 voltios):<\/strong> se utilizan para instalaciones dom\u00e9sticas en las que la energ\u00eda pasa por estaciones transformadoras ubicadas en el mismo lugar de consumo.<\/li><li><strong>Cables de media tensi\u00f3n (de hasta 30 kW):<\/strong> se utilizan para distribuir la electricidad generada en subestaciones el\u00e9ctricas hasta las centrales transformadoras y distribuidoras que suministran la corriente a trav\u00e9s de sistema de cableados.<\/li><li><strong>Cables de alta tensi\u00f3n (de hasta 66 kW):<\/strong> transportan la electricidad desde las centrales generadoras hacia las subestaciones el\u00e9ctricas y se caracterizan por su material aislante, que evita la p\u00e9rdida de energ\u00eda. Este tipo de cableado <strong>se instala en torres o de manera subterr\u00e1nea<\/strong>, alejadas de las zonas urbanas para que no ocurran accidentes producto de las ondas electromagn\u00e9ticas. <br><strong>El transporte de la energ\u00eda el\u00e9ctrica se realiza a alta tensi\u00f3n voltaica<\/strong> para reducir el riesgo de p\u00e9rdida. Al aumentar la tensi\u00f3n, menor ser\u00e1 la corriente requerida para el transporte y, en consecuencia, <strong>menor ser\u00e1 la p\u00e9rdida de energ\u00eda en los cables portadores.<\/strong><\/li><\/ol>\n\n\n\n<h2 class=\"wp-block-heading\">\u00bfQu\u00e9 significan los colores de los cables?<\/h2>\n\n\n\n<p>La denominaci\u00f3n de cables por colores est\u00e1 regida por la <a href=\"https:\/\/es.wikipedia.org\/wiki\/IEC_60446\" target=\"_blank\" rel=\"noreferrer noopener\">Norma de la Comisi\u00f3n El\u00e9ctrica Internacional IEC 60446<\/a>. Se utiliza para identificar la capa aislante de los cables y <strong>poder diferenciar la funci\u00f3n de cada uno.<\/strong> Teniendo en cuenta esto, cada color significa lo siguiente:<\/p>\n\n\n\n<ul class=\"wp-block-list\"><li><strong>Verde y amarillo:<\/strong> son los cables de toma de tierra. No transportan energ\u00eda, sino que suelen desviarla en caso de que ocurra un fallo el\u00e9ctrico, evitando posibles electrocuciones.<\/li><li><strong>Azul:<\/strong> se utiliza para denominar el cable neutro que, antiguamente, estaba identificado con el color rojo. En algunos pa\u00edses, como los Estados Unidos, la funci\u00f3n de este cable tambi\u00e9n se le asigna a los de color blanco.<\/li><li><strong>Marr\u00f3n, negro o gris:<\/strong> cable de fase por excelencia; se encarga de transmitir la corriente el\u00e9ctrica.<\/li><li><strong>Colores con rayas:<\/strong> sirven de gu\u00eda, ya que se trata de cables neutrales, como los azules o blancos, que sirven para identificar qu\u00e9 cable neutral va con otro de color.<\/li><li><strong>Otros colores:<\/strong> utilizados para la funci\u00f3n de corriente o de carga. El m\u00e1s com\u00fan es el rojo, y suelen utilizarse en instalaciones donde hay muchos cables, de manera que puedan ser f\u00e1ciles de identificar y, en consecuencia, diferenciar su uso.<\/li><\/ul>\n\n\n\n<h2 class=\"wp-block-heading\">\u00bfQu\u00e9 tipos de enchufes existen?<\/h2>\n\n\n\n<ol class=\"wp-block-list\"><li><strong>De toma de tierra:<\/strong> no llevan corriente el\u00e9ctrica y tienen una funci\u00f3n protectora, pues van hacia el cuadro el\u00e9ctrico y de all\u00ed hacia la toma de tierra, llevando la corriente hacia el subsuelo. El cable capta y expulsa la corriente el\u00e9ctrica en caso de un cortocircuito.<\/li><li><strong>De fase:<\/strong> es por donde entra la corriente y tiene una tensi\u00f3n de 220 o 230 kV, raz\u00f3n por la que solo profesionales est\u00e1n autorizados para su manipulaci\u00f3n.<\/li><li><strong>Neutro:<\/strong> tiene la funci\u00f3n de dar paso de regreso a la corriente el\u00e9ctrica.<\/li><\/ol>\n<\/div><\/m-wysiwig>\n","protected":false},"excerpt":{"rendered":"","protected":false},"featured_media":0,"parent":227878,"menu_order":0,"comment_status":"closed","ping_status":"closed","template":"","meta":{"_acf_changed":false,"footnotes":""},"class_list":["post-235472","page","type-page","status-publish","hentry"],"acf":[],"yoast_head":"<!-- This site is optimized with the Yoast SEO plugin v27.2 - https:\/\/yoast.com\/product\/yoast-seo-wordpress\/ -->\n<title>Cables y cableado - Ferrovial<\/title>\n<meta name=\"description\" content=\"Los cables son un conjunto de hilos met\u00e1licos, en general de cobre o aluminio, cuya funci\u00f3n es conducir la electricidad de un punto a otro.\" \/>\n<meta name=\"robots\" content=\"index, follow, max-snippet:-1, max-image-preview:large, max-video-preview:-1\" \/>\n<link rel=\"canonical\" href=\"https:\/\/www.ferrovial.com\/es\/stem\/cables-y-cableado\/\" \/>\n<meta property=\"og:locale\" content=\"es_ES\" \/>\n<meta property=\"og:type\" content=\"article\" \/>\n<meta property=\"og:title\" content=\"Cables y cableado - Ferrovial\" \/>\n<meta property=\"og:description\" content=\"Los cables son un conjunto de hilos met\u00e1licos, en general de cobre o aluminio, cuya funci\u00f3n es conducir la electricidad de un punto a otro.\" \/>\n<meta property=\"og:url\" content=\"https:\/\/www.ferrovial.com\/es\/stem\/cables-y-cableado\/\" \/>\n<meta property=\"og:site_name\" content=\"Ferrovial\" \/>\n<meta property=\"article:publisher\" content=\"https:\/\/www.facebook.com\/ferrovial\" \/>\n<meta property=\"article:modified_time\" content=\"2022-09-09T07:14:10+00:00\" \/>\n<meta name=\"twitter:card\" content=\"summary_large_image\" \/>\n<meta name=\"twitter:site\" content=\"@ferrovial\" \/>\n<meta name=\"twitter:label1\" content=\"Est. reading time\" \/>\n\t<meta name=\"twitter:data1\" content=\"7 minutos\" \/>\n<!-- \/ Yoast SEO plugin. -->","yoast_head_json":{"title":"Cables y cableado - Ferrovial","description":"Los cables son un conjunto de hilos met\u00e1licos, en general de cobre o aluminio, cuya funci\u00f3n es conducir la electricidad de un punto a otro.","robots":{"index":"index","follow":"follow","max-snippet":"max-snippet:-1","max-image-preview":"max-image-preview:large","max-video-preview":"max-video-preview:-1"},"canonical":"https:\/\/www.ferrovial.com\/es\/stem\/cables-y-cableado\/","og_locale":"es_ES","og_type":"article","og_title":"Cables y cableado - Ferrovial","og_description":"Los cables son un conjunto de hilos met\u00e1licos, en general de cobre o aluminio, cuya funci\u00f3n es conducir la electricidad de un punto a otro.","og_url":"https:\/\/www.ferrovial.com\/es\/stem\/cables-y-cableado\/","og_site_name":"Ferrovial","article_publisher":"https:\/\/www.facebook.com\/ferrovial","article_modified_time":"2022-09-09T07:14:10+00:00","twitter_card":"summary_large_image","twitter_site":"@ferrovial","twitter_misc":{"Est. reading time":"7 minutos"},"schema":{"@context":"https:\/\/schema.org","@graph":[{"@type":"WebPage","@id":"https:\/\/www.ferrovial.com\/es\/stem\/cables-y-cableado\/","url":"https:\/\/www.ferrovial.com\/es\/stem\/cables-y-cableado\/","name":"Cables y cableado - Ferrovial","isPartOf":{"@id":"https:\/\/www.ferrovial.com\/es\/#website"},"datePublished":"2022-07-28T11:02:39+00:00","dateModified":"2022-09-09T07:14:10+00:00","description":"Los cables son un conjunto de hilos met\u00e1licos, en general de cobre o aluminio, cuya funci\u00f3n es conducir la electricidad de un punto a otro.","breadcrumb":{"@id":"https:\/\/www.ferrovial.com\/es\/stem\/cables-y-cableado\/#breadcrumb"},"inLanguage":"es","potentialAction":[{"@type":"ReadAction","target":["https:\/\/www.ferrovial.com\/es\/stem\/cables-y-cableado\/"]}]},{"@type":"BreadcrumbList","@id":"https:\/\/www.ferrovial.com\/es\/stem\/cables-y-cableado\/#breadcrumb","itemListElement":[{"@type":"ListItem","position":1,"name":"Portada","item":"https:\/\/www.ferrovial.com\/es\/"},{"@type":"ListItem","position":2,"name":"STEM","item":"https:\/\/www.ferrovial.com\/es\/stem\/"},{"@type":"ListItem","position":3,"name":"Cables y cableado"}]},{"@type":"WebSite","@id":"https:\/\/www.ferrovial.com\/es\/#website","url":"https:\/\/www.ferrovial.com\/es\/","name":"Ferrovial","description":"Welcome to the Ferrovial&#039;s website, global operator of sustainable infrastructure. Here you can find all the information about the company and subsidiaries.","publisher":{"@id":"https:\/\/www.ferrovial.com\/es\/#organization"},"potentialAction":[{"@type":"SearchAction","target":{"@type":"EntryPoint","urlTemplate":"https:\/\/www.ferrovial.com\/es\/?s={search_term_string}"},"query-input":{"@type":"PropertyValueSpecification","valueRequired":true,"valueName":"search_term_string"}}],"inLanguage":"es"},{"@type":"Organization","@id":"https:\/\/www.ferrovial.com\/es\/#organization","name":"Ferrovial S.A.","url":"https:\/\/www.ferrovial.com\/es\/","logo":{"@type":"ImageObject","inLanguage":"es","@id":"https:\/\/www.ferrovial.com\/es\/#\/schema\/logo\/image\/","url":"https:\/\/static.ferrovial.com\/wp-content\/uploads\/2020\/01\/13124948\/logo-ferrovial-cf7.png","contentUrl":"https:\/\/static.ferrovial.com\/wp-content\/uploads\/2020\/01\/13124948\/logo-ferrovial-cf7.png","width":144,"height":32,"caption":"Ferrovial S.A."},"image":{"@id":"https:\/\/www.ferrovial.com\/es\/#\/schema\/logo\/image\/"},"sameAs":["https:\/\/www.facebook.com\/ferrovial","https:\/\/x.com\/ferrovial","https:\/\/www.instagram.com\/ferrovial\/","https:\/\/www.linkedin.com\/company\/ferrovial","https:\/\/www.pinterest.es\/ferrovial\/","https:\/\/www.youtube.com\/ferrovial","https:\/\/en.wikipedia.org\/wiki\/Ferrovial"]}]}},"_links":{"self":[{"href":"https:\/\/www.ferrovial.com\/es\/wp-json\/wp\/v2\/pages\/235472","targetHints":{"allow":["GET"]}}],"collection":[{"href":"https:\/\/www.ferrovial.com\/es\/wp-json\/wp\/v2\/pages"}],"about":[{"href":"https:\/\/www.ferrovial.com\/es\/wp-json\/wp\/v2\/types\/page"}],"replies":[{"embeddable":true,"href":"https:\/\/www.ferrovial.com\/es\/wp-json\/wp\/v2\/comments?post=235472"}],"version-history":[{"count":2,"href":"https:\/\/www.ferrovial.com\/es\/wp-json\/wp\/v2\/pages\/235472\/revisions"}],"predecessor-version":[{"id":238625,"href":"https:\/\/www.ferrovial.com\/es\/wp-json\/wp\/v2\/pages\/235472\/revisions\/238625"}],"up":[{"embeddable":true,"href":"https:\/\/www.ferrovial.com\/es\/wp-json\/wp\/v2\/pages\/227878"}],"wp:attachment":[{"href":"https:\/\/www.ferrovial.com\/es\/wp-json\/wp\/v2\/media?parent=235472"}],"curies":[{"name":"wp","href":"https:\/\/api.w.org\/{rel}","templated":true}]}}