{"id":235480,"date":"2022-07-28T13:32:29","date_gmt":"2022-07-28T11:32:29","guid":{"rendered":"https:\/\/www.ferrovial.com\/?page_id=235480"},"modified":"2024-09-03T16:17:53","modified_gmt":"2024-09-03T14:17:53","slug":"almacenamiento-de-energia","status":"publish","type":"page","link":"https:\/\/www.ferrovial.com\/es\/stem\/almacenamiento-de-energia\/","title":{"rendered":"Almacenamiento de energ\u00eda"},"content":{"rendered":"    <m-final-content-header >\n            <c-breadcrumb label-text=\"Breadcrumb\" slot=\"breadcrumbs\" type='2' align='left' wrap='wrapped wrapped' aria-label='Vienes de STEM'>\n                        <ol>\n\n                                                            <li><a href=\"https:\/\/www.ferrovial.com\/es\/\" title=\"Ferrovial\">Ferrovial<\/a><\/li>\n                                                                        <li><a href=\"https:\/\/www.ferrovial.com\/es\/stem\/\" title=\"STEM\">STEM<\/a><\/li>\n                                    \n                <\/ol>\n\n                <\/c-breadcrumb>\n    \n        <div slot=\"header\">\n            <h1>\n                \u00bfQu\u00e9 es el almacenamiento de energ\u00eda?            <\/h1>\n                    <\/div>\n    <\/m-final-content-header>\n\n    \n\n\n<m-wysiwig class=\"wp-block-components-wysiwyg\"><div slot=\"maincontent\">\n<p><script type=\"application\/ld+json\">\n{\n  \"@context\": \"https:\/\/schema.org\",\n  \"@type\": \"FAQPage\",\n  \"mainEntity\": [{\n    \"@type\": \"Question\",\n    \"name\": \"\u00bfQu\u00e9 es el almacenamiento de energ\u00eda?\",\n    \"acceptedAnswer\": {\n      \"@type\": \"Answer\",\n      \"text\": \"Se entiende por almacenamiento de energ\u00eda todos los m\u00e9todos para la conservaci\u00f3n energ\u00e9tica. Se utilizan, principalmente, para administrar eficientemente la energ\u00eda equilibrando los momentos de poca producci\u00f3n o mucha demanda con los de mucha producci\u00f3n o poca demanda.\"\n    }\n  },{\n    \"@type\": \"Question\",\n    \"name\": \"\u00bfC\u00f3mo han evolucionado los m\u00e9todos de almacenamiento de energ\u00eda con el paso de los a\u00f1os?\",\n    \"acceptedAnswer\": {\n      \"@type\": \"Answer\",\n      \"text\": \"El almacenamiento de energ\u00eda ha estado presente a lo largo de la historia de la humanidad. Algunos de los hitos m\u00e1s relevantes son:\n\n<ul>\n<li>4.000 a.C.: en Egipto se construy\u00f3 una presa para acumular y encauzar el agua proveniente del r\u00edo Nilo para la construcci\u00f3n de la ciudad de Menfis. El l\u00edquido se utiliz\u00f3 para crear sistemas de riego.<\/li>\n<li>Entre 247 y 224 a.C.: seg\u00fan un estudio del arque\u00f3logo alem\u00e1n Wilhem K\u00f6nig, en Persia se cre\u00f3 lo que pudo haber sido la primera bater\u00eda de la historia. Fue hecha en una vasija de terracota con un cilindro de cobre integrado y una \u00fanica barra de hierro.<\/li>\n<li>A\u00f1o 1799: el f\u00edsico italiano Alessandro Volta construye el primer generador electrodin\u00e1mico, una bater\u00eda con discos de zinc alternados con discos de cobre y separados por una capa fieltro o cart\u00f3n impregnada en agua salada.<\/li>\n<li>A\u00f1o 1866: el ingeniero franc\u00e9s Geoges Leclanch\u00e9 crea la primera pila seca, que resultaba m\u00e1s f\u00e1cil de transportar respecto a la de su antecesor Volta.<\/li>\n<li>Siglo XX: la fabricaci\u00f3n de pilas se hizo con nuevos materiales para hacerlas m\u00e1s peque\u00f1as, transportables y adaptables. Las m\u00e1s comunes eran de zinc-aire; metano y mercurio.<\/li>\n<li>D\u00e9cada de los 60: las c\u00e9lulas fr\u00edas de combustible proveen de energ\u00eda a las naves de la NASA G\u00e9minis y Apolo. Seg\u00fan una investigaci\u00f3n financiada por la NASA, las c\u00e9lulas de combustible podr\u00edan ser protagonistas del futuro energ\u00e9tico porque su \u00fanico residuo es agua pura.<\/li>\n<li>A\u00f1o 1978: se pone a funcionar el primer sistema de almacenamiento CAES (por sus siglas en ingl\u00e9s: compressed-air energy storage, almacenamiento de energ\u00eda de aire comprimido), que se val\u00eda de energ\u00eda nuclear para comprimir e inyectar aire.<\/li>\n<li>A\u00f1o 2008: se lanza el Proyecto Barbados, el primer sistema de bater\u00edas de iones de litio conectado a una red el\u00e9ctrica para suministro y uso comercial.<\/li>\n<li>A\u00f1o 2014: se inaugura en Alemania una planta con m\u00e1s de 25.000 bater\u00edas de iones de litio, primer sistema electroqu\u00edmico de almacenamiento de energ\u00eda. Con esta planta se busc\u00f3 acumular la producci\u00f3n e\u00f3lica y fotovoltaica no programable.<\/li>\n<\/ul>\"\n    }\n  },{\n    \"@type\": \"Question\",\n    \"name\": \"\u00bfQu\u00e9 sistemas de almacenamiento de energ\u00eda existen actualmente?\",\n    \"acceptedAnswer\": {\n      \"@type\": \"Answer\",\n      \"text\": \"Si bien la energ\u00eda se puede generar y transformar f\u00e1cilmente, el almacenamiento en grandes cantidades resulta complejo. Seg\u00fan su capacidad, los sistemas de almacenamiento pueden dividirse en:\n\n<ol>\n<li>Almacenamiento a gran escala (GW): sistemas hidroel\u00e9ctricos reversibles (bombeo) y almacenamiento t\u00e9rmico.<\/li>\n<li>Almacenamiento en redes y en activos de generaci\u00f3n (MW): como las pilas y bater\u00edas; los condensadores y superconductores; y los volantes de inercia.<\/li>\n<li>Almacenamiento de usuario final (KW): se emplea a nivel residencial y se clasifican en bater\u00edas, superconductores y volantes de inercia.<\/li>\n<\/ol>\nPor otro lado, seg\u00fan los m\u00e9todos de almacenamiento de energ\u00eda, los sistemas pueden ser el\u00e9ctricos, electroqu\u00edmicos, mec\u00e1nicos, potenciales o t\u00e9rmicos. A continuaci\u00f3n, algunos de los m\u00e1s comunes:\n\n<ul>\n<li>Bater\u00edas<\/li>\n<li>Bombeo hidr\u00e1ulico<\/li>\n<li>Aire comprimido<\/li>\n<li>Hidr\u00f3geno<\/li>\n<li>Almacenamiento t\u00e9rmico<\/li>\n<li>Supercondensadores<\/li>\n<\/ul>\"\n    }\n  },{\n    \"@type\": \"Question\",\n    \"name\": \"\u00bfCu\u00e1l es el proyecto de almacenamiento energ\u00e9tico m\u00e1s grande del mundo?\",\n    \"acceptedAnswer\": {\n      \"@type\": \"Answer\",\n      \"text\": \"Se trata de Sun Cable, un proyecto australiano desarrollado en 2019 que propone combinar hasta 20 GWp de energ\u00eda solar fotovoltaica con la m\u00e1s grande bater\u00eda de almacenamiento de energ\u00eda de entre 36 y 42 GWh y un cable submarino de 4.200 km de longitud para suministrar energ\u00eda el\u00e9ctrica a Singapur.\"\n    }\n  }]\n}\n<\/script><p>Se entiende por <em>almacenamiento de energ\u00eda<\/em> todos los <strong>m\u00e9todos para la conservaci\u00f3n energ\u00e9tica.<\/strong> Se utilizan, principalmente, para<strong> administrar eficientemente la energ\u00eda<\/strong> equilibrando los momentos de poca producci\u00f3n o mucha demanda con los de mucha producci\u00f3n o poca demanda.<\/p><\/p>\n\n\n\n<p><br>Almacenar energ\u00eda es <strong>indispensable en el marco de la eficiencia y transici\u00f3n energ\u00e9tica<\/strong> porque <strong>facilita la utilizaci\u00f3n de <a href=\"https:\/\/www.ferrovial.com\/es-es\/recursos\/energias-renovables\/\" target=\"_blank\" rel=\"noreferrer noopener\">energ\u00edas renovables<\/a><\/strong> y le hace frente al <a href=\"https:\/\/www.ferrovial.com\/es-es\/recursos\/cambio-climatico\/\" target=\"_blank\" rel=\"noreferrer noopener\">cambio clim\u00e1tico<\/a>.<\/p>\n\n\n\n<h2 class=\"wp-block-heading\">\u00bfC\u00f3mo han evolucionado los m\u00e9todos de almacenamiento de energ\u00eda con el paso de los a\u00f1os?<\/h2>\n\n\n\n<p>El almacenamiento de energ\u00eda ha estado presente a lo largo de la historia de la humanidad. Algunos de los hitos m\u00e1s relevantes son:<\/p>\n\n\n\n<ul class=\"wp-block-list\">\n<li><strong>4.000 a.C.:<\/strong> en Egipto se construy\u00f3 una presa para acumular y encauzar el agua proveniente del r\u00edo Nilo para la construcci\u00f3n de la ciudad de Menfis. El l\u00edquido se utiliz\u00f3 para crear sistemas de riego.<\/li>\n\n\n\n<li><strong>Entre 247 y 224 a.C.:<\/strong> seg\u00fan un estudio del arque\u00f3logo alem\u00e1n Wilhem K\u00f6nig, en Persia se cre\u00f3 lo que pudo haber sido la primera bater\u00eda de la historia. Fue hecha en una vasija de terracota con un cilindro de cobre integrado y una \u00fanica barra de hierro.<\/li>\n\n\n\n<li><strong>A\u00f1o 1799:<\/strong> el f\u00edsico italiano Alessandro Volta construye el primer generador electrodin\u00e1mico, una bater\u00eda con discos de zinc alternados con discos de cobre y separados por una capa fieltro o cart\u00f3n impregnada en agua salada.<\/li>\n\n\n\n<li><strong>A\u00f1o 1866:<\/strong> el ingeniero franc\u00e9s Georges Leclanch\u00e9 crea la primera pila seca, que resultaba m\u00e1s f\u00e1cil de transportar respecto a la de su antecesor Volta.<\/li>\n\n\n\n<li><strong>Siglo XX:<\/strong> la fabricaci\u00f3n de pilas se hizo con nuevos materiales para hacerlas m\u00e1s peque\u00f1as, transportables y adaptables. Las m\u00e1s comunes eran de zinc-aire; metano y mercurio.<\/li>\n\n\n\n<li><strong>D\u00e9cada de los 60:<\/strong> las c\u00e9lulas fr\u00edas de combustible proveen de energ\u00eda a las naves de la NASA G\u00e9minis y Apolo. Seg\u00fan una investigaci\u00f3n financiada por la NASA, las c\u00e9lulas de combustible podr\u00edan ser protagonistas del futuro energ\u00e9tico porque su \u00fanico residuo es agua pura.<\/li>\n\n\n\n<li><strong>A\u00f1o 1978:<\/strong> se pone a funcionar el primer sistema de almacenamiento CAES (por sus siglas en ingl\u00e9s: <em>compressed-air energy storage<\/em>, almacenamiento de energ\u00eda de aire comprimido), que se val\u00eda de energ\u00eda nuclear para comprimir e inyectar aire.<\/li>\n\n\n\n<li><strong>A\u00f1o 2008: <\/strong>se lanza el <em>Proyecto Barbados<\/em>, el primer sistema de bater\u00edas de iones de litio conectado a una red el\u00e9ctrica para suministro y uso comercial.<\/li>\n\n\n\n<li><strong>A\u00f1o 2014: <\/strong>se inaugura en Alemania una planta con m\u00e1s de 25.000 bater\u00edas de iones de litio, primer sistema electroqu\u00edmico de almacenamiento de energ\u00eda. Con esta planta se busc\u00f3 acumular la producci\u00f3n e\u00f3lica y fotovoltaica no programable.<\/li>\n<\/ul>\n\n\n\n<h2 class=\"wp-block-heading\">\u00bfQu\u00e9 sistemas de almacenamiento de energ\u00eda existen actualmente?<\/h2>\n\n\n\n<p>Si bien la energ\u00eda se puede generar y transformar f\u00e1cilmente, <strong>el almacenamiento en grandes cantidades resulta complejo. <\/strong>Seg\u00fan su capacidad, los sistemas de almacenamiento pueden dividirse en:<\/p>\n\n\n\n<ol class=\"wp-block-list\">\n<li><strong>Almacenamiento a gran escala (GW):<\/strong> sistemas hidroel\u00e9ctricos reversibles (bombeo) y almacenamiento t\u00e9rmico.<\/li>\n\n\n\n<li><strong>Almacenamiento en redes y en activos de generaci\u00f3n (MW):<\/strong> como las pilas y bater\u00edas; los condensadores y superconductores; y los volantes de inercia.<\/li>\n\n\n\n<li><strong>Almacenamiento de usuario final (KW): <\/strong>se emplea a nivel residencial y se clasifican en bater\u00edas, superconductores y volantes de inercia.<\/li>\n<\/ol>\n\n\n\n<p>Por otro lado, seg\u00fan <strong>los m\u00e9todos de almacenamiento de energ\u00eda, los sistemas pueden ser el\u00e9ctricos, electroqu\u00edmicos, mec\u00e1nicos, potenciales o t\u00e9rmicos.<\/strong> A continuaci\u00f3n, algunos de los m\u00e1s comunes:<\/p>\n\n\n\n<ul class=\"wp-block-list\">\n<li><strong>Bater\u00edas:<\/strong> almacenan la energ\u00eda en compuestos qu\u00edmicos que son capaces de generar energ\u00eda el\u00e9ctrica. Son de r\u00e1pida instalaci\u00f3n, respuesta y de m\u00faltiples variedades. Seg\u00fan estudios, con las bater\u00edas de litio se podr\u00e1 reducir hasta el 30% de las emisiones de carbono para el 2030.<\/li>\n\n\n\n<li><strong>Bombeo hidr\u00e1ulico:<\/strong> este sistema a gran escala instalado en centrales hidroel\u00e9ctricas almacena el agua y genera energ\u00eda a partir del impulso de turbinas. Se trata del sistema m\u00e1s eficiente, rentable, r\u00e1pido y que provee de estabilidad el sistema el\u00e9ctrico a nivel mundial.<\/li>\n\n\n\n<li><strong>Aire comprimido:<\/strong> este m\u00e9todo de almacenamiento se realiza en instalaciones bajo tierra a trav\u00e9s de un motor reversible. Funciona acumulando el aire del ambiente a altas presiones haciendo mover un generador de energ\u00eda para suministrarla.<\/li>\n\n\n\n<li><strong>Hidr\u00f3geno: <\/strong>se trata de una de las soluciones para conservar la electricidad sin generar gases de efecto invernadero durante la combusti\u00f3n, producci\u00f3n, almacenamiento y uso. Procede del gas natural y puede mantenerse conservado durante mucho tiempo.<\/li>\n\n\n\n<li><strong>Almacenamiento t\u00e9rmico:<\/strong> este m\u00e9todo puede almacenar calor o fr\u00edo sin importar las condiciones de temperatura, ubicaci\u00f3n o potencia en la que se realice. El material de almacenamiento de este tipo de energ\u00eda debe tener buena densidad, conductividad t\u00e9rmica y estabilidad qu\u00edmica y mec\u00e1nica. Tal es el caso del almacenamiento de energ\u00eda t\u00e9rmica en acu\u00edferos, donde se bombea agua de pozos calientes para calentar un edificio en invierno o viceversa.<\/li>\n\n\n\n<li><strong>Supercondensadores:<\/strong> se trata de dispositivos que almacenan energ\u00eda en grandes cantidades y que la entrega de manera casi instant\u00e1nea.<\/li>\n<\/ul>\n\n\n\n<h2 class=\"wp-block-heading\">\u00bfCu\u00e1l es el proyecto de almacenamiento energ\u00e9tico m\u00e1s grande del mundo?<\/h2>\n\n\n\n<p><br>Se trata de <em>Sun Cable<\/em>, un proyecto australiano desarrollado en 2019 que propone combinar hasta 20 GWp de energ\u00eda solar fotovoltaica con la m\u00e1s grande bater\u00eda de almacenamiento de energ\u00eda de entre 36 y 42 GWh y un cable submarino de 4.200 km de longitud para suministrar energ\u00eda el\u00e9ctrica a Singapur.<\/p>\n<\/div><\/m-wysiwig>\n","protected":false},"excerpt":{"rendered":"","protected":false},"featured_media":0,"parent":227878,"menu_order":0,"comment_status":"closed","ping_status":"closed","template":"","meta":{"_acf_changed":false,"footnotes":""},"class_list":["post-235480","page","type-page","status-publish","hentry"],"acf":[],"yoast_head":"<!-- This site is optimized with the Yoast SEO plugin v27.2 - https:\/\/yoast.com\/product\/yoast-seo-wordpress\/ -->\n<title>Almacenamiento de energ\u00eda - Ferrovial<\/title>\n<meta name=\"description\" content=\"El almacenamiento de energ\u00eda son los m\u00e9todos para la conservaci\u00f3n energ\u00e9tica. Se utilizan para administrar la energ\u00eda de manera eficiente.\" \/>\n<meta name=\"robots\" content=\"index, follow, max-snippet:-1, max-image-preview:large, max-video-preview:-1\" \/>\n<link rel=\"canonical\" href=\"https:\/\/www.ferrovial.com\/es\/stem\/almacenamiento-de-energia\/\" \/>\n<meta property=\"og:locale\" content=\"es_ES\" \/>\n<meta property=\"og:type\" content=\"article\" \/>\n<meta property=\"og:title\" content=\"Almacenamiento de energ\u00eda - Ferrovial\" \/>\n<meta property=\"og:description\" content=\"El almacenamiento de energ\u00eda son los m\u00e9todos para la conservaci\u00f3n energ\u00e9tica. Se utilizan para administrar la energ\u00eda de manera eficiente.\" \/>\n<meta property=\"og:url\" content=\"https:\/\/www.ferrovial.com\/es\/stem\/almacenamiento-de-energia\/\" \/>\n<meta property=\"og:site_name\" content=\"Ferrovial\" \/>\n<meta property=\"article:publisher\" content=\"https:\/\/www.facebook.com\/ferrovial\" \/>\n<meta property=\"article:modified_time\" content=\"2024-09-03T14:17:53+00:00\" \/>\n<meta name=\"twitter:card\" content=\"summary_large_image\" \/>\n<meta name=\"twitter:site\" content=\"@ferrovial\" \/>\n<meta name=\"twitter:label1\" content=\"Est. reading time\" \/>\n\t<meta name=\"twitter:data1\" content=\"4 minutos\" \/>\n<!-- \/ Yoast SEO plugin. -->","yoast_head_json":{"title":"Almacenamiento de energ\u00eda - Ferrovial","description":"El almacenamiento de energ\u00eda son los m\u00e9todos para la conservaci\u00f3n energ\u00e9tica. Se utilizan para administrar la energ\u00eda de manera eficiente.","robots":{"index":"index","follow":"follow","max-snippet":"max-snippet:-1","max-image-preview":"max-image-preview:large","max-video-preview":"max-video-preview:-1"},"canonical":"https:\/\/www.ferrovial.com\/es\/stem\/almacenamiento-de-energia\/","og_locale":"es_ES","og_type":"article","og_title":"Almacenamiento de energ\u00eda - Ferrovial","og_description":"El almacenamiento de energ\u00eda son los m\u00e9todos para la conservaci\u00f3n energ\u00e9tica. Se utilizan para administrar la energ\u00eda de manera eficiente.","og_url":"https:\/\/www.ferrovial.com\/es\/stem\/almacenamiento-de-energia\/","og_site_name":"Ferrovial","article_publisher":"https:\/\/www.facebook.com\/ferrovial","article_modified_time":"2024-09-03T14:17:53+00:00","twitter_card":"summary_large_image","twitter_site":"@ferrovial","twitter_misc":{"Est. reading time":"4 minutos"},"schema":{"@context":"https:\/\/schema.org","@graph":[{"@type":"WebPage","@id":"https:\/\/www.ferrovial.com\/es\/stem\/almacenamiento-de-energia\/","url":"https:\/\/www.ferrovial.com\/es\/stem\/almacenamiento-de-energia\/","name":"Almacenamiento de energ\u00eda - Ferrovial","isPartOf":{"@id":"https:\/\/www.ferrovial.com\/es\/#website"},"datePublished":"2022-07-28T11:32:29+00:00","dateModified":"2024-09-03T14:17:53+00:00","description":"El almacenamiento de energ\u00eda son los m\u00e9todos para la conservaci\u00f3n energ\u00e9tica. Se utilizan para administrar la energ\u00eda de manera eficiente.","breadcrumb":{"@id":"https:\/\/www.ferrovial.com\/es\/stem\/almacenamiento-de-energia\/#breadcrumb"},"inLanguage":"es","potentialAction":[{"@type":"ReadAction","target":["https:\/\/www.ferrovial.com\/es\/stem\/almacenamiento-de-energia\/"]}]},{"@type":"BreadcrumbList","@id":"https:\/\/www.ferrovial.com\/es\/stem\/almacenamiento-de-energia\/#breadcrumb","itemListElement":[{"@type":"ListItem","position":1,"name":"Portada","item":"https:\/\/www.ferrovial.com\/es\/"},{"@type":"ListItem","position":2,"name":"STEM","item":"https:\/\/www.ferrovial.com\/es\/stem\/"},{"@type":"ListItem","position":3,"name":"Almacenamiento de energ\u00eda"}]},{"@type":"WebSite","@id":"https:\/\/www.ferrovial.com\/es\/#website","url":"https:\/\/www.ferrovial.com\/es\/","name":"Ferrovial","description":"Welcome to the Ferrovial&#039;s website, global operator of sustainable infrastructure. Here you can find all the information about the company and subsidiaries.","publisher":{"@id":"https:\/\/www.ferrovial.com\/es\/#organization"},"potentialAction":[{"@type":"SearchAction","target":{"@type":"EntryPoint","urlTemplate":"https:\/\/www.ferrovial.com\/es\/?s={search_term_string}"},"query-input":{"@type":"PropertyValueSpecification","valueRequired":true,"valueName":"search_term_string"}}],"inLanguage":"es"},{"@type":"Organization","@id":"https:\/\/www.ferrovial.com\/es\/#organization","name":"Ferrovial S.A.","url":"https:\/\/www.ferrovial.com\/es\/","logo":{"@type":"ImageObject","inLanguage":"es","@id":"https:\/\/www.ferrovial.com\/es\/#\/schema\/logo\/image\/","url":"https:\/\/static.ferrovial.com\/wp-content\/uploads\/2020\/01\/13124948\/logo-ferrovial-cf7.png","contentUrl":"https:\/\/static.ferrovial.com\/wp-content\/uploads\/2020\/01\/13124948\/logo-ferrovial-cf7.png","width":144,"height":32,"caption":"Ferrovial S.A."},"image":{"@id":"https:\/\/www.ferrovial.com\/es\/#\/schema\/logo\/image\/"},"sameAs":["https:\/\/www.facebook.com\/ferrovial","https:\/\/x.com\/ferrovial","https:\/\/www.instagram.com\/ferrovial\/","https:\/\/www.linkedin.com\/company\/ferrovial","https:\/\/www.pinterest.es\/ferrovial\/","https:\/\/www.youtube.com\/ferrovial","https:\/\/en.wikipedia.org\/wiki\/Ferrovial"]}]}},"_links":{"self":[{"href":"https:\/\/www.ferrovial.com\/es\/wp-json\/wp\/v2\/pages\/235480","targetHints":{"allow":["GET"]}}],"collection":[{"href":"https:\/\/www.ferrovial.com\/es\/wp-json\/wp\/v2\/pages"}],"about":[{"href":"https:\/\/www.ferrovial.com\/es\/wp-json\/wp\/v2\/types\/page"}],"replies":[{"embeddable":true,"href":"https:\/\/www.ferrovial.com\/es\/wp-json\/wp\/v2\/comments?post=235480"}],"version-history":[{"count":3,"href":"https:\/\/www.ferrovial.com\/es\/wp-json\/wp\/v2\/pages\/235480\/revisions"}],"predecessor-version":[{"id":287509,"href":"https:\/\/www.ferrovial.com\/es\/wp-json\/wp\/v2\/pages\/235480\/revisions\/287509"}],"up":[{"embeddable":true,"href":"https:\/\/www.ferrovial.com\/es\/wp-json\/wp\/v2\/pages\/227878"}],"wp:attachment":[{"href":"https:\/\/www.ferrovial.com\/es\/wp-json\/wp\/v2\/media?parent=235480"}],"curies":[{"name":"wp","href":"https:\/\/api.w.org\/{rel}","templated":true}]}}