{"id":235484,"date":"2022-07-28T14:10:50","date_gmt":"2022-07-28T12:10:50","guid":{"rendered":"https:\/\/www.ferrovial.com\/?page_id=235484"},"modified":"2022-09-16T12:45:56","modified_gmt":"2022-09-16T10:45:56","slug":"sistemas-de-control-electrico","status":"publish","type":"page","link":"https:\/\/www.ferrovial.com\/es\/stem\/sistemas-de-control-electrico\/","title":{"rendered":"Sistemas de control el\u00e9ctrico"},"content":{"rendered":"    <m-final-content-header >\n            <c-breadcrumb label-text=\"Breadcrumb\" slot=\"breadcrumbs\" type='2' align='left' wrap='wrapped wrapped' aria-label='Vienes de STEM'>\n                        <ol>\n\n                                                            <li><a href=\"https:\/\/www.ferrovial.com\/es\/\" title=\"Ferrovial\">Ferrovial<\/a><\/li>\n                                                                        <li><a href=\"https:\/\/www.ferrovial.com\/es\/stem\/\" title=\"STEM\">STEM<\/a><\/li>\n                                    \n                <\/ol>\n\n                <\/c-breadcrumb>\n    \n        <div slot=\"header\">\n            <h1>\n                \u00bfQu\u00e9 son los sistemas de control el\u00e9ctrico?            <\/h1>\n                    <\/div>\n    <\/m-final-content-header>\n\n    \n\n\n<m-wysiwig class=\"wp-block-components-wysiwyg\"><div slot=\"maincontent\">\n<script type=\"application\/ld+json\">\n{\n  \"@context\": \"https:\/\/schema.org\",\n  \"@type\": \"FAQPage\",\n  \"mainEntity\": [{\n    \"@type\": \"Question\",\n    \"name\": \"\u00bfQu\u00e9 son los sistemas de control el\u00e9ctrico?\",\n    \"acceptedAnswer\": {\n      \"@type\": \"Answer\",\n      \"text\": \"Se trata de un conjunto de dispositivos automatizados que controlan la transformaci\u00f3n, el transporte y la distribuci\u00f3n de la energ\u00eda el\u00e9ctrica en equipos, ya sean industriales o dom\u00e9sticos, adem\u00e1s de regular el flujo de la corriente el\u00e9ctrica que se necesita para su correcto funcionamiento.\"\n    }\n  },{\n    \"@type\": \"Question\",\n    \"name\": \"\u00bfQu\u00e9 objetivos tiene un sistema de control el\u00e9ctrico?\",\n    \"acceptedAnswer\": {\n      \"@type\": \"Answer\",\n      \"text\": \"<ul>\n<li>Equilibrar la producci\u00f3n y la demanda de potencia el\u00e9ctrica.<\/li>\n<li>Reducir los costes econ\u00f3micos y el impacto en el ambiente.<\/li>\n<li>Proporcionar energ\u00eda de calidad, atendiendo a tres condiciones fundamentales: la frecuencia, la tensi\u00f3n y la continuidad del suministro.<\/li>\n<\/ul>\"\n    }\n  },{\n    \"@type\": \"Question\",\n    \"name\": \"\u00bfCu\u00e1les son los elementos que componen un sistema de control el\u00e9ctrico?\",\n    \"acceptedAnswer\": {\n      \"@type\": \"Answer\",\n      \"text\": \"Todo sistema de control el\u00e9ctrico cuenta con los siguientes elementos constitutivos:\n<ol>\n<li>Generadores: encargados de proporcionar la energ\u00eda al sistema, adem\u00e1s de provocar la diferencia de carga el\u00e9ctrica; por ejemplo, las bater\u00edas.<\/li>\n<li>Conductores: encargados de permitir el paso de la corriente por medio de un material que presenta poca resistencia a la corriente el\u00e9ctrica; por ejemplo, los cables.<\/li>\n<li>Receptores: responsables de aprovechar el paso de la corriente para generar alg\u00fan efecto. Son los encargados de transformar la corriente el\u00e9ctrica en otros tipos de energ\u00eda \u00fatil; por ejemplo, las l\u00e1mparas o los altavoces.<\/li>\n<li>Elementos de maniobra y control: dispositivos encargados de abrir o cerrar el circuito el\u00e9ctrico cuando es necesario; por ejemplo, los interruptores.<\/li>\n<li>Protectores: encargados de proteger el sistema el\u00e9ctrico de sobrecargas de tensi\u00f3n; por ejemplo, los fusibles.<\/li>\n<\/ol>\"\n    }\n  },{\n    \"@type\": \"Question\",\n    \"name\": \"\u00bfC\u00f3mo funciona un control el\u00e9ctrico?\",\n    \"acceptedAnswer\": {\n      \"@type\": \"Answer\",\n      \"text\": \"Un control el\u00e9ctrico responde a la se\u00f1al proveniente de una variable el\u00e9ctrica para luego aplicar su funci\u00f3n controladora gracias a la comparaci\u00f3n que hace con un punto fijo que facilita una se\u00f1al de entrada para, posteriormente, ejecutar la se\u00f1al de salida.\"\n    }\n  },{\n    \"@type\": \"Question\",\n    \"name\": \"\u00bfC\u00f3mo puede protegerse un sistema de control el\u00e9ctrico?\",\n    \"acceptedAnswer\": {\n      \"@type\": \"Answer\",\n      \"text\": \"Un sistema de control el\u00e9ctrico no deber\u00eda dejar de suministrar energ\u00eda en ning\u00fan momento porque, de lo contrario, no podr\u00eda controlarse la energ\u00eda que se consume o distribuye. Es por esta raz\u00f3n que deben desarrollarse sistemas de protecci\u00f3n tales como:\n\n<ol>\n<li>Conmutaci\u00f3n autom\u00e1tica<\/li>\n<li>Sistema de alimentaci\u00f3n ininterrumpida (SAI)<\/li>\n<li>Grupo electr\u00f3geno<\/li>\n<\/ol>\"\n    }\n  }]\n}\n<\/script><p>Se trata de un <strong>conjunto de dispositivos automatizados que controlan la transformaci\u00f3n, el transporte y la distribuci\u00f3n de la energ\u00eda el\u00e9ctrica<\/strong> en equipos, ya sean industriales o dom\u00e9sticos, adem\u00e1s de <strong>regular el flujo de la corriente el\u00e9ctrica<\/strong> que se necesita para su correcto funcionamiento.<\/p>\n\n\n\n<p>Estos mecanismos deben ser capaces de:<\/p>\n\n\n\n<ul class=\"wp-block-list\"><li>Garantizar la estabilidad de la corriente el\u00e9ctrica.<\/li><li>Ser eficientes en cada una de sus fases de control.<\/li><li>Ser f\u00e1ciles de implementar por los operadores.<\/li><\/ul>\n\n\n\n<p>A nivel industrial, existen m\u00e1quinas que funcionan gracias a distintos dispositivos que responden a un sistema de control el\u00e9ctrico. Tal es el caso de los interruptores de control o los <strong>conductores de electricidad para el arranque de motores, bombas, refrigeradores,<\/strong> etc.<\/p>\n\n\n\n<p>Los sistemas de control el\u00e9ctrico son esenciales en varios sectores: industrias, barcos, aviones, incluso hasta en centrales nucleares. Abarcan desde la ingenier\u00eda y construcci\u00f3n hasta la fabricaci\u00f3n industrial de alimentos y bebidas, y sirven para <strong>garantizar que los equipos y procesos involucrados cumplan satisfactoriamente<\/strong> con sus funciones mec\u00e1nicas.<\/p>\n\n\n\n<h2 class=\"wp-block-heading\">\u00bfQu\u00e9 objetivos tiene un sistema de control el\u00e9ctrico?<\/h2>\n\n\n\n<ul class=\"wp-block-list\"><li>Equilibrar la producci\u00f3n y la demanda de potencia el\u00e9ctrica.<\/li><li>Reducir los costes econ\u00f3micos y el impacto en el ambiente.<\/li><li>Proporcionar energ\u00eda de calidad, atendiendo a tres condiciones fundamentales: la frecuencia, la tensi\u00f3n y la continuidad del suministro.<\/li><\/ul>\n\n\n\n<h2 class=\"wp-block-heading\">\u00bfCu\u00e1les son los elementos que componen un sistema de control el\u00e9ctrico?<\/h2>\n\n\n\n<p>Todo sistema de control el\u00e9ctrico cuenta con los siguientes elementos constitutivos:<\/p>\n\n\n\n<ol class=\"wp-block-list\"><li><strong>Generadores:<\/strong> encargados de proporcionar la energ\u00eda al sistema, adem\u00e1s de provocar la diferencia de carga el\u00e9ctrica; por ejemplo, las bater\u00edas.<\/li><li><strong>Conductores:<\/strong> encargados de permitir el paso de la corriente por medio de un material que presenta poca resistencia a la corriente el\u00e9ctrica; por ejemplo, los <a href=\"https:\/\/www.ferrovial.com\/es\/stem\/cables-y-cableado\/\" target=\"_blank\" rel=\"noreferrer noopener\">cables<\/a>.<\/li><li><strong>Receptores:<\/strong> responsables de aprovechar el paso de la corriente para generar alg\u00fan efecto. Son los encargados de transformar la corriente el\u00e9ctrica en otros tipos de energ\u00eda \u00fatil; por ejemplo, las <a href=\"https:\/\/www.ferrovial.com\/es\/stem\/iluminacion\/\" target=\"_blank\" rel=\"noreferrer noopener\">l\u00e1mparas<\/a> o los altavoces.<\/li><li><strong>Elementos de maniobra y control:<\/strong> dispositivos encargados de abrir o cerrar el circuito el\u00e9ctrico cuando es necesario; por ejemplo, los interruptores.<\/li><li><strong>Protectores:<\/strong> encargados de proteger el sistema el\u00e9ctrico de sobrecargas de tensi\u00f3n; por ejemplo, los fusibles.<\/li><\/ol>\n\n\n\n<p>Los elementos indispensables para el funcionamiento de un sistema de control el\u00e9ctrico b\u00e1sico son: generador, conductor y receptor.<\/p>\n\n\n\n<h2 class=\"wp-block-heading\">\u00bfC\u00f3mo funciona un control el\u00e9ctrico?<\/h2>\n\n\n\n<p>Un control el\u00e9ctrico <strong>responde a la se\u00f1al proveniente de una variable el\u00e9ctrica<\/strong> para luego aplicar su funci\u00f3n controladora gracias a la <strong>comparaci\u00f3n que hace con un punto fijo que facilita una se\u00f1al de entrada<\/strong> para, posteriormente, <strong>ejecutar la se\u00f1al de salida.<\/strong><\/p>\n\n\n\n<p>En t\u00e9rminos m\u00e1s sencillos: los sistemas de control el\u00e9ctrico, conformados por redes de dispositivos el\u00e9ctricos y mec\u00e1nicos, <strong>utilizan modelos de control de entrada y salida para regular el comportamiento de sistemas din\u00e1micos.<\/strong><\/p>\n\n\n\n<h2 class=\"wp-block-heading\">\u00bfC\u00f3mo puede protegerse un sistema de control el\u00e9ctrico?<\/h2>\n\n\n\n<p>Un sistema de control el\u00e9ctrico no deber\u00eda dejar de suministrar energ\u00eda en ning\u00fan momento porque, de lo contrario, no podr\u00eda controlarse la energ\u00eda que se consume o distribuye. Es por esta raz\u00f3n que deben desarrollarse sistemas de protecci\u00f3n tales como:<\/p>\n\n\n\n<ol class=\"wp-block-list\"><li><strong>Conmutaci\u00f3n autom\u00e1tica:<\/strong> se trata de tener m\u00e1s de una fuente de energ\u00eda el\u00e9ctrica en el sistema de control, de manera que si una falla, se conmuta, haciendo posible la consecuci\u00f3n de electricidad proveniente de otra fuente.<\/li><li><strong>Sistema de alimentaci\u00f3n ininterrumpida (SAI):<\/strong> consiste en un sistema que se basa en el uso de bater\u00edas como <a href=\"https:\/\/www.ferrovial.com\/es\/stem\/almacenamiento-de-energia\/\" target=\"_blank\" rel=\"noreferrer noopener\">almacenadores de energ\u00eda<\/a> para mantener en funcionamiento el sistema mientras se soluciona el posible problema de falta de suministro.<\/li><li><strong>Grupo electr\u00f3geno: <\/strong>se trata de un dispositivo generador de corriente el\u00e9ctrica alterna, que suele utilizarse cuando una red general o instalaci\u00f3n fija no es capaz de funcionar por s\u00ed sola.<\/li><\/ol>\n<\/div><\/m-wysiwig>\n","protected":false},"excerpt":{"rendered":"","protected":false},"featured_media":0,"parent":227878,"menu_order":0,"comment_status":"closed","ping_status":"closed","template":"","meta":{"_acf_changed":false,"footnotes":""},"class_list":["post-235484","page","type-page","status-publish","hentry"],"acf":[],"yoast_head":"<!-- This site is optimized with the Yoast SEO plugin v27.2 - https:\/\/yoast.com\/product\/yoast-seo-wordpress\/ -->\n<title>Sistemas de control el\u00e9ctrico - Ferrovial<\/title>\n<meta name=\"description\" content=\"Son un conjunto de dispositivos que controlan la transformaci\u00f3n, el transporte y la distribuci\u00f3n de la energ\u00eda en los equipos.\" \/>\n<meta name=\"robots\" content=\"index, follow, max-snippet:-1, max-image-preview:large, max-video-preview:-1\" \/>\n<link rel=\"canonical\" href=\"https:\/\/www.ferrovial.com\/es\/stem\/sistemas-de-control-electrico\/\" \/>\n<meta property=\"og:locale\" content=\"es_ES\" \/>\n<meta property=\"og:type\" content=\"article\" \/>\n<meta property=\"og:title\" content=\"Sistemas de control el\u00e9ctrico - Ferrovial\" \/>\n<meta property=\"og:description\" content=\"Son un conjunto de dispositivos que controlan la transformaci\u00f3n, el transporte y la distribuci\u00f3n de la energ\u00eda en los equipos.\" \/>\n<meta property=\"og:url\" content=\"https:\/\/www.ferrovial.com\/es\/stem\/sistemas-de-control-electrico\/\" \/>\n<meta property=\"og:site_name\" content=\"Ferrovial\" \/>\n<meta property=\"article:publisher\" content=\"https:\/\/www.facebook.com\/ferrovial\" \/>\n<meta property=\"article:modified_time\" content=\"2022-09-16T10:45:56+00:00\" \/>\n<meta name=\"twitter:card\" content=\"summary_large_image\" \/>\n<meta name=\"twitter:site\" content=\"@ferrovial\" \/>\n<meta name=\"twitter:label1\" content=\"Est. reading time\" \/>\n\t<meta name=\"twitter:data1\" content=\"5 minutos\" \/>\n<!-- \/ Yoast SEO plugin. -->","yoast_head_json":{"title":"Sistemas de control el\u00e9ctrico - Ferrovial","description":"Son un conjunto de dispositivos que controlan la transformaci\u00f3n, el transporte y la distribuci\u00f3n de la energ\u00eda en los equipos.","robots":{"index":"index","follow":"follow","max-snippet":"max-snippet:-1","max-image-preview":"max-image-preview:large","max-video-preview":"max-video-preview:-1"},"canonical":"https:\/\/www.ferrovial.com\/es\/stem\/sistemas-de-control-electrico\/","og_locale":"es_ES","og_type":"article","og_title":"Sistemas de control el\u00e9ctrico - Ferrovial","og_description":"Son un conjunto de dispositivos que controlan la transformaci\u00f3n, el transporte y la distribuci\u00f3n de la energ\u00eda en los equipos.","og_url":"https:\/\/www.ferrovial.com\/es\/stem\/sistemas-de-control-electrico\/","og_site_name":"Ferrovial","article_publisher":"https:\/\/www.facebook.com\/ferrovial","article_modified_time":"2022-09-16T10:45:56+00:00","twitter_card":"summary_large_image","twitter_site":"@ferrovial","twitter_misc":{"Est. reading time":"5 minutos"},"schema":{"@context":"https:\/\/schema.org","@graph":[{"@type":"WebPage","@id":"https:\/\/www.ferrovial.com\/es\/stem\/sistemas-de-control-electrico\/","url":"https:\/\/www.ferrovial.com\/es\/stem\/sistemas-de-control-electrico\/","name":"Sistemas de control el\u00e9ctrico - Ferrovial","isPartOf":{"@id":"https:\/\/www.ferrovial.com\/es\/#website"},"datePublished":"2022-07-28T12:10:50+00:00","dateModified":"2022-09-16T10:45:56+00:00","description":"Son un conjunto de dispositivos que controlan la transformaci\u00f3n, el transporte y la distribuci\u00f3n de la energ\u00eda en los equipos.","breadcrumb":{"@id":"https:\/\/www.ferrovial.com\/es\/stem\/sistemas-de-control-electrico\/#breadcrumb"},"inLanguage":"es","potentialAction":[{"@type":"ReadAction","target":["https:\/\/www.ferrovial.com\/es\/stem\/sistemas-de-control-electrico\/"]}]},{"@type":"BreadcrumbList","@id":"https:\/\/www.ferrovial.com\/es\/stem\/sistemas-de-control-electrico\/#breadcrumb","itemListElement":[{"@type":"ListItem","position":1,"name":"Portada","item":"https:\/\/www.ferrovial.com\/es\/"},{"@type":"ListItem","position":2,"name":"STEM","item":"https:\/\/www.ferrovial.com\/es\/stem\/"},{"@type":"ListItem","position":3,"name":"Sistemas de control el\u00e9ctrico"}]},{"@type":"WebSite","@id":"https:\/\/www.ferrovial.com\/es\/#website","url":"https:\/\/www.ferrovial.com\/es\/","name":"Ferrovial","description":"Welcome to the Ferrovial&#039;s website, global operator of sustainable infrastructure. Here you can find all the information about the company and subsidiaries.","publisher":{"@id":"https:\/\/www.ferrovial.com\/es\/#organization"},"potentialAction":[{"@type":"SearchAction","target":{"@type":"EntryPoint","urlTemplate":"https:\/\/www.ferrovial.com\/es\/?s={search_term_string}"},"query-input":{"@type":"PropertyValueSpecification","valueRequired":true,"valueName":"search_term_string"}}],"inLanguage":"es"},{"@type":"Organization","@id":"https:\/\/www.ferrovial.com\/es\/#organization","name":"Ferrovial S.A.","url":"https:\/\/www.ferrovial.com\/es\/","logo":{"@type":"ImageObject","inLanguage":"es","@id":"https:\/\/www.ferrovial.com\/es\/#\/schema\/logo\/image\/","url":"https:\/\/static.ferrovial.com\/wp-content\/uploads\/2020\/01\/13124948\/logo-ferrovial-cf7.png","contentUrl":"https:\/\/static.ferrovial.com\/wp-content\/uploads\/2020\/01\/13124948\/logo-ferrovial-cf7.png","width":144,"height":32,"caption":"Ferrovial S.A."},"image":{"@id":"https:\/\/www.ferrovial.com\/es\/#\/schema\/logo\/image\/"},"sameAs":["https:\/\/www.facebook.com\/ferrovial","https:\/\/x.com\/ferrovial","https:\/\/www.instagram.com\/ferrovial\/","https:\/\/www.linkedin.com\/company\/ferrovial","https:\/\/www.pinterest.es\/ferrovial\/","https:\/\/www.youtube.com\/ferrovial","https:\/\/en.wikipedia.org\/wiki\/Ferrovial"]}]}},"_links":{"self":[{"href":"https:\/\/www.ferrovial.com\/es\/wp-json\/wp\/v2\/pages\/235484","targetHints":{"allow":["GET"]}}],"collection":[{"href":"https:\/\/www.ferrovial.com\/es\/wp-json\/wp\/v2\/pages"}],"about":[{"href":"https:\/\/www.ferrovial.com\/es\/wp-json\/wp\/v2\/types\/page"}],"replies":[{"embeddable":true,"href":"https:\/\/www.ferrovial.com\/es\/wp-json\/wp\/v2\/comments?post=235484"}],"version-history":[{"count":3,"href":"https:\/\/www.ferrovial.com\/es\/wp-json\/wp\/v2\/pages\/235484\/revisions"}],"predecessor-version":[{"id":239146,"href":"https:\/\/www.ferrovial.com\/es\/wp-json\/wp\/v2\/pages\/235484\/revisions\/239146"}],"up":[{"embeddable":true,"href":"https:\/\/www.ferrovial.com\/es\/wp-json\/wp\/v2\/pages\/227878"}],"wp:attachment":[{"href":"https:\/\/www.ferrovial.com\/es\/wp-json\/wp\/v2\/media?parent=235484"}],"curies":[{"name":"wp","href":"https:\/\/api.w.org\/{rel}","templated":true}]}}