{"id":235496,"date":"2022-07-28T14:46:41","date_gmt":"2022-07-28T12:46:41","guid":{"rendered":"https:\/\/www.ferrovial.com\/?page_id=235496"},"modified":"2022-09-16T13:03:18","modified_gmt":"2022-09-16T11:03:18","slug":"distribucion-electrica","status":"publish","type":"page","link":"https:\/\/www.ferrovial.com\/es\/stem\/distribucion-electrica\/","title":{"rendered":"Distribuci\u00f3n el\u00e9ctrica"},"content":{"rendered":"    <m-final-content-header >\n            <c-breadcrumb label-text=\"Breadcrumb\" slot=\"breadcrumbs\" type='2' align='left' wrap='wrapped wrapped' aria-label='Vienes de STEM'>\n                        <ol>\n\n                                                            <li><a href=\"https:\/\/www.ferrovial.com\/es\/\" title=\"Ferrovial\">Ferrovial<\/a><\/li>\n                                                                        <li><a href=\"https:\/\/www.ferrovial.com\/es\/stem\/\" title=\"STEM\">STEM<\/a><\/li>\n                                    \n                <\/ol>\n\n                <\/c-breadcrumb>\n    \n        <div slot=\"header\">\n            <h1>\n                \u00bfQu\u00e9 es un sistema de distribuci\u00f3n el\u00e9ctrica?            <\/h1>\n                    <\/div>\n    <\/m-final-content-header>\n\n    \n\n\n<m-wysiwig class=\"wp-block-components-wysiwyg\"><div slot=\"maincontent\">\n<script type=\"application\/ld+json\">\n{\n  \"@context\": \"https:\/\/schema.org\",\n  \"@type\": \"FAQPage\",\n  \"mainEntity\": [{\n    \"@type\": \"Question\",\n    \"name\": \"\u00bfQu\u00e9 es un sistema de distribuci\u00f3n el\u00e9ctrica?\",\n    \"acceptedAnswer\": {\n      \"@type\": \"Answer\",\n      \"text\": \"El sistema electroenerg\u00e9tico est\u00e1 constituido de cuatro etapas fundamentales que van desde la generaci\u00f3n de la energ\u00eda hasta su distribuci\u00f3n:\n\n<ol>\n<li>Generaci\u00f3n<\/li>\n<li>Transformaci\u00f3n<\/li>\n<li>Transmisi\u00f3n<\/li>\n<li>Distribuci\u00f3n<\/li>\n<\/ol>\"\n    }\n  },{\n    \"@type\": \"Question\",\n    \"name\": \"\u00bfQu\u00e9 son las subestaciones el\u00e9ctricas?\",\n    \"acceptedAnswer\": {\n      \"@type\": \"Answer\",\n      \"text\": \"Las subestaciones son instalaciones donde se realizan las transformaciones de tensi\u00f3n y la conexi\u00f3n de dos o m\u00e1s circuitos el\u00e9ctricos con el objetivo de transmitir y distribuir la energ\u00eda el\u00e9ctrica.\"\n    }\n  },{\n    \"@type\": \"Question\",\n    \"name\": \"\u00bfCon qu\u00e9 requisitos debe cumplir una distribuci\u00f3n el\u00e9ctrica?\",\n    \"acceptedAnswer\": {\n      \"@type\": \"Answer\",\n      \"text\": \"Teniendo en cuenta que la funci\u00f3n principal de una red de distribuci\u00f3n el\u00e9ctrica es tomar la energ\u00eda de la fuente que la produce y entregarlas a los consumidores finales, su importancia radica en:\n\n<ul>\n<li>Dise\u00f1o, construcci\u00f3n, operaci\u00f3n y mantenimiento de un sistema que permita brindar, al menor costo posible, la continuidad y flexibilidad del servicio, con una buena distribuci\u00f3n garantizada.<\/li>\n<li>Ofrecer un servicio con pocas variaciones en el voltaje, as\u00ed como tambi\u00e9n con pocas o nulas interrupciones.<\/li>\n<\/ul>\"\n    }\n  },{\n    \"@type\": \"Question\",\n    \"name\": \"\u00bfCu\u00e1les son los elementos que componen un sistema de distribuci\u00f3n el\u00e9ctrica?\",\n    \"acceptedAnswer\": {\n      \"@type\": \"Answer\",\n      \"text\": \"<ul>\n<li>Subestaci\u00f3n de distribuci\u00f3n: son elementos como transformadores o interruptores, que reducen los niveles de alta tensi\u00f3n de las l\u00edneas de transmisi\u00f3n de energ\u00eda para ramificarlas en distintas salidas.<\/li>\n<li>Circuito primario: compuesto por l\u00edneas a\u00e9reas o subterr\u00e1neas de media tensi\u00f3n, utilizadas para alimentar una red secundaria o de consumo industrial.<\/li>\n<li>Circuito secundario: l\u00edneas a\u00e9reas o subestaciones de distribuci\u00f3n, centros de transformaci\u00f3n de energ\u00eda de media tensi\u00f3n a baja tensi\u00f3n.<\/li>\n<\/ul>\"\n    }\n  },{\n    \"@type\": \"Question\",\n    \"name\": \"\u00bfQu\u00e9 son las smart grids y la generaci\u00f3n distribuida?\",\n    \"acceptedAnswer\": {\n      \"@type\": \"Answer\",\n      \"text\": \"Las smart grids son redes inteligentes que aseguran que un sistema el\u00e9ctrico sea sostenible y eficiente. Basan su funcionamiento en la combinaci\u00f3n de la tecnolog\u00eda, la automatizaci\u00f3n y hasta la inteligencia artificial (IT) en todas las etapas de un sistema el\u00e9ctrico.\n\nOtro camino hacia redes el\u00e9ctricas sostenibles es la incorporaci\u00f3n de la generaci\u00f3n distribuida, que busca producir la energ\u00eda por medio de peque\u00f1as fuentes de generaci\u00f3n (microgeneraci\u00f3n) instaladas cerca del consumidor final, para no depender de las grandes centrales. De esta manera, se limitan las p\u00e9rdidas en la red y la descarga de la red de transporte.\"\n    }\n  }]\n}\n<\/script><p>El sistema electroenerg\u00e9tico est\u00e1 constituido de <strong>cuatro etapas fundamentales<\/strong> que van desde la generaci\u00f3n de la energ\u00eda hasta su distribuci\u00f3n:<\/p>\n\n\n\n<ol class=\"wp-block-list\"><li>Generaci\u00f3n<\/li><li>Transformaci\u00f3n<\/li><li>Transmisi\u00f3n<\/li><li><strong>Distribuci\u00f3n<\/strong><\/li><\/ol>\n\n\n\n<p>Esta \u00faltima etapa est\u00e1 constituida por todas las <strong>estructuras necesarias para que la energ\u00eda pueda ser suministrada de manera eficiente a los usuarios finales (hogares, empresas, industrias, <\/strong>etc.). A esto se le conoce como distribuci\u00f3n el\u00e9ctrica, tambi\u00e9n denominada red o sistema de distribuci\u00f3n el\u00e9ctrica.<\/p>\n\n\n\n<h2 class=\"wp-block-heading\">\u00bfQu\u00e9 son las subestaciones el\u00e9ctricas?<\/h2>\n\n\n\n<p>Las subestaciones son instalaciones donde se realizan las transformaciones de tensi\u00f3n y la conexi\u00f3n de dos o m\u00e1s circuitos el\u00e9ctricos <strong>con el objetivo de transmitir y distribuir la energ\u00eda el\u00e9ctrica.<\/strong><\/p>\n\n\n\n<p>Normalmente, se encuentran <strong>ubicadas cerca de las centrales que generan electricidad <\/strong>y, para llevar a cabo dicha transformaci\u00f3n, se emplean varios dispositivos de conmutaci\u00f3n y de regulaci\u00f3n de tensi\u00f3n y medida. Una vez que se reduce la tensi\u00f3n de alta a media-baja es que la energ\u00eda el\u00e9ctrica es apta para ser distribuida para el consumo dom\u00e9stico.<\/p>\n\n\n\n<h2 class=\"wp-block-heading\">\u00bfCon qu\u00e9 requisitos debe cumplir una distribuci\u00f3n el\u00e9ctrica?<\/h2>\n\n\n\n<p>Teniendo en cuenta que la funci\u00f3n principal de una red de distribuci\u00f3n el\u00e9ctrica es <strong>tomar la energ\u00eda de la fuente que la produce y entregarlas a los consumidores finales<\/strong>, su importancia radica en:<\/p>\n\n\n\n<ul class=\"wp-block-list\"><li>Dise\u00f1o, construcci\u00f3n, operaci\u00f3n y mantenimiento de un sistema que permita brindar, al menor costo posible, la continuidad y flexibilidad del servicio, con una buena distribuci\u00f3n garantizada.<\/li><li>Ofrecer un servicio con pocas variaciones en el voltaje, as\u00ed como tambi\u00e9n con pocas o nulas interrupciones.<\/li><\/ul>\n\n\n\n<h2 class=\"wp-block-heading\">\u00bfCu\u00e1les son los elementos que componen un sistema de distribuci\u00f3n el\u00e9ctrica?<\/h2>\n\n\n\n<ul class=\"wp-block-list\"><li><strong>Subestaci\u00f3n de distribuci\u00f3n: <\/strong>son elementos como transformadores o interruptores, que reducen los niveles de alta tensi\u00f3n de las l\u00edneas de transmisi\u00f3n de energ\u00eda para ramificarlas en distintas salidas.<\/li><li><strong>Circuito primario:<\/strong> compuesto por l\u00edneas a\u00e9reas o subterr\u00e1neas de media tensi\u00f3n, utilizadas para alimentar una red secundaria o de consumo industrial.<\/li><li><strong>Circuito secundario:<\/strong> l\u00edneas a\u00e9reas o subestaciones de distribuci\u00f3n, centros de transformaci\u00f3n de energ\u00eda de media tensi\u00f3n a baja tensi\u00f3n.<\/li><\/ul>\n\n\n\n<h2 class=\"wp-block-heading\">\u00bfQu\u00e9 son las <em>smart grids<\/em> y la generaci\u00f3n distribuida?<\/h2>\n\n\n\n<p>Las <em>smart grids<\/em> son redes inteligentes que aseguran que un sistema el\u00e9ctrico sea sostenible y eficiente. Basan su funcionamiento en la <strong>combinaci\u00f3n de la tecnolog\u00eda, la automatizaci\u00f3n y hasta la<\/strong> <strong><a href=\"https:\/\/www.ferrovial.com\/es-es\/recursos\/inteligencia-artificial\/\" target=\"_blank\" rel=\"noreferrer noopener\">inteligencia artificial (IT)<\/a><\/strong> en todas las etapas de un sistema el\u00e9ctrico.<\/p>\n\n\n\n<p>Con las<em> smart grids <\/em>se busca que el <strong>suministro el\u00e9ctrico sea fiable, de calidad, eficiente y sostenible.<\/strong> Incorporar t\u00e9cnicas de inteligencia a una red de distribuci\u00f3n facilita el<strong> intercambio de datos<\/strong> y la conexi\u00f3n entre empresas generadoras, empresas distribuidoras y usuarios finales. De esta manera, <strong>se crea una red el\u00e9ctrica inteligente, anticipando soluciones de almacenamiento, monitorizaci\u00f3n de red y autoconsumo.<\/strong><\/p>\n\n\n\n<p>Otro camino hacia redes el\u00e9ctricas sostenibles es la incorporaci\u00f3n de la <strong>generaci\u00f3n distribuida, que busca producir la energ\u00eda por medio de peque\u00f1as fuentes de generaci\u00f3n<\/strong> (microgeneraci\u00f3n) instaladas cerca del consumidor final, para no depender de las grandes centrales. De esta manera, se limitan las p\u00e9rdidas en la red y la descarga de la red de transporte.<\/p>\n\n\n\n<p>La inclusi\u00f3n de microgeneradores, como podr\u00edan ser las <strong>placas solares fotovoltaicas<\/strong>, facilita que peque\u00f1as fuentes de generaci\u00f3n el\u00e9ctrica est\u00e9n distribuidas en las ciudades, haci\u00e9ndolas <strong>m\u00e1s autosuficientes.<\/strong><\/p>\n<\/div><\/m-wysiwig>\n","protected":false},"excerpt":{"rendered":"","protected":false},"featured_media":0,"parent":227878,"menu_order":0,"comment_status":"closed","ping_status":"closed","template":"","meta":{"_acf_changed":false,"footnotes":""},"class_list":["post-235496","page","type-page","status-publish","hentry"],"acf":[],"yoast_head":"<!-- This site is optimized with the Yoast SEO plugin v27.2 - https:\/\/yoast.com\/product\/yoast-seo-wordpress\/ -->\n<title>Distribuci\u00f3n el\u00e9ctrica - Ferrovial<\/title>\n<meta name=\"description\" content=\"La distribuci\u00f3n el\u00e9ctrica son estructuras para suministrar la energ\u00eda de manera eficiente a los usuarios finales (hogares, industrias, etc.)\" \/>\n<meta name=\"robots\" content=\"index, follow, max-snippet:-1, max-image-preview:large, max-video-preview:-1\" \/>\n<link rel=\"canonical\" href=\"https:\/\/www.ferrovial.com\/es\/stem\/distribucion-electrica\/\" \/>\n<meta property=\"og:locale\" content=\"es_ES\" \/>\n<meta property=\"og:type\" content=\"article\" \/>\n<meta property=\"og:title\" content=\"Distribuci\u00f3n el\u00e9ctrica - Ferrovial\" \/>\n<meta property=\"og:description\" content=\"La distribuci\u00f3n el\u00e9ctrica son estructuras para suministrar la energ\u00eda de manera eficiente a los usuarios finales (hogares, industrias, etc.)\" \/>\n<meta property=\"og:url\" content=\"https:\/\/www.ferrovial.com\/es\/stem\/distribucion-electrica\/\" \/>\n<meta property=\"og:site_name\" content=\"Ferrovial\" \/>\n<meta property=\"article:publisher\" content=\"https:\/\/www.facebook.com\/ferrovial\" \/>\n<meta property=\"article:modified_time\" content=\"2022-09-16T11:03:18+00:00\" \/>\n<meta name=\"twitter:card\" content=\"summary_large_image\" \/>\n<meta name=\"twitter:site\" content=\"@ferrovial\" \/>\n<meta name=\"twitter:label1\" content=\"Est. reading time\" \/>\n\t<meta name=\"twitter:data1\" content=\"5 minutos\" \/>\n<!-- \/ Yoast SEO plugin. -->","yoast_head_json":{"title":"Distribuci\u00f3n el\u00e9ctrica - Ferrovial","description":"La distribuci\u00f3n el\u00e9ctrica son estructuras para suministrar la energ\u00eda de manera eficiente a los usuarios finales (hogares, industrias, etc.)","robots":{"index":"index","follow":"follow","max-snippet":"max-snippet:-1","max-image-preview":"max-image-preview:large","max-video-preview":"max-video-preview:-1"},"canonical":"https:\/\/www.ferrovial.com\/es\/stem\/distribucion-electrica\/","og_locale":"es_ES","og_type":"article","og_title":"Distribuci\u00f3n el\u00e9ctrica - Ferrovial","og_description":"La distribuci\u00f3n el\u00e9ctrica son estructuras para suministrar la energ\u00eda de manera eficiente a los usuarios finales (hogares, industrias, etc.)","og_url":"https:\/\/www.ferrovial.com\/es\/stem\/distribucion-electrica\/","og_site_name":"Ferrovial","article_publisher":"https:\/\/www.facebook.com\/ferrovial","article_modified_time":"2022-09-16T11:03:18+00:00","twitter_card":"summary_large_image","twitter_site":"@ferrovial","twitter_misc":{"Est. reading time":"5 minutos"},"schema":{"@context":"https:\/\/schema.org","@graph":[{"@type":"WebPage","@id":"https:\/\/www.ferrovial.com\/es\/stem\/distribucion-electrica\/","url":"https:\/\/www.ferrovial.com\/es\/stem\/distribucion-electrica\/","name":"Distribuci\u00f3n el\u00e9ctrica - Ferrovial","isPartOf":{"@id":"https:\/\/www.ferrovial.com\/es\/#website"},"datePublished":"2022-07-28T12:46:41+00:00","dateModified":"2022-09-16T11:03:18+00:00","description":"La distribuci\u00f3n el\u00e9ctrica son estructuras para suministrar la energ\u00eda de manera eficiente a los usuarios finales (hogares, industrias, etc.)","breadcrumb":{"@id":"https:\/\/www.ferrovial.com\/es\/stem\/distribucion-electrica\/#breadcrumb"},"inLanguage":"es","potentialAction":[{"@type":"ReadAction","target":["https:\/\/www.ferrovial.com\/es\/stem\/distribucion-electrica\/"]}]},{"@type":"BreadcrumbList","@id":"https:\/\/www.ferrovial.com\/es\/stem\/distribucion-electrica\/#breadcrumb","itemListElement":[{"@type":"ListItem","position":1,"name":"Portada","item":"https:\/\/www.ferrovial.com\/es\/"},{"@type":"ListItem","position":2,"name":"STEM","item":"https:\/\/www.ferrovial.com\/es\/stem\/"},{"@type":"ListItem","position":3,"name":"Distribuci\u00f3n el\u00e9ctrica"}]},{"@type":"WebSite","@id":"https:\/\/www.ferrovial.com\/es\/#website","url":"https:\/\/www.ferrovial.com\/es\/","name":"Ferrovial","description":"Welcome to the Ferrovial&#039;s website, global operator of sustainable infrastructure. Here you can find all the information about the company and subsidiaries.","publisher":{"@id":"https:\/\/www.ferrovial.com\/es\/#organization"},"potentialAction":[{"@type":"SearchAction","target":{"@type":"EntryPoint","urlTemplate":"https:\/\/www.ferrovial.com\/es\/?s={search_term_string}"},"query-input":{"@type":"PropertyValueSpecification","valueRequired":true,"valueName":"search_term_string"}}],"inLanguage":"es"},{"@type":"Organization","@id":"https:\/\/www.ferrovial.com\/es\/#organization","name":"Ferrovial S.A.","url":"https:\/\/www.ferrovial.com\/es\/","logo":{"@type":"ImageObject","inLanguage":"es","@id":"https:\/\/www.ferrovial.com\/es\/#\/schema\/logo\/image\/","url":"https:\/\/static.ferrovial.com\/wp-content\/uploads\/2020\/01\/13124948\/logo-ferrovial-cf7.png","contentUrl":"https:\/\/static.ferrovial.com\/wp-content\/uploads\/2020\/01\/13124948\/logo-ferrovial-cf7.png","width":144,"height":32,"caption":"Ferrovial S.A."},"image":{"@id":"https:\/\/www.ferrovial.com\/es\/#\/schema\/logo\/image\/"},"sameAs":["https:\/\/www.facebook.com\/ferrovial","https:\/\/x.com\/ferrovial","https:\/\/www.instagram.com\/ferrovial\/","https:\/\/www.linkedin.com\/company\/ferrovial","https:\/\/www.pinterest.es\/ferrovial\/","https:\/\/www.youtube.com\/ferrovial","https:\/\/en.wikipedia.org\/wiki\/Ferrovial"]}]}},"_links":{"self":[{"href":"https:\/\/www.ferrovial.com\/es\/wp-json\/wp\/v2\/pages\/235496","targetHints":{"allow":["GET"]}}],"collection":[{"href":"https:\/\/www.ferrovial.com\/es\/wp-json\/wp\/v2\/pages"}],"about":[{"href":"https:\/\/www.ferrovial.com\/es\/wp-json\/wp\/v2\/types\/page"}],"replies":[{"embeddable":true,"href":"https:\/\/www.ferrovial.com\/es\/wp-json\/wp\/v2\/comments?post=235496"}],"version-history":[{"count":3,"href":"https:\/\/www.ferrovial.com\/es\/wp-json\/wp\/v2\/pages\/235496\/revisions"}],"predecessor-version":[{"id":239151,"href":"https:\/\/www.ferrovial.com\/es\/wp-json\/wp\/v2\/pages\/235496\/revisions\/239151"}],"up":[{"embeddable":true,"href":"https:\/\/www.ferrovial.com\/es\/wp-json\/wp\/v2\/pages\/227878"}],"wp:attachment":[{"href":"https:\/\/www.ferrovial.com\/es\/wp-json\/wp\/v2\/media?parent=235496"}],"curies":[{"name":"wp","href":"https:\/\/api.w.org\/{rel}","templated":true}]}}