{"id":235500,"date":"2022-07-28T15:11:52","date_gmt":"2022-07-28T13:11:52","guid":{"rendered":"https:\/\/www.ferrovial.com\/?page_id=235500"},"modified":"2022-09-08T11:04:27","modified_gmt":"2022-09-08T09:04:27","slug":"estructuras","status":"publish","type":"page","link":"https:\/\/www.ferrovial.com\/es\/stem\/estructuras\/","title":{"rendered":"Estructuras"},"content":{"rendered":"    <m-final-content-header >\n            <c-breadcrumb label-text=\"Breadcrumb\" slot=\"breadcrumbs\" type='2' align='left' wrap='wrapped wrapped' aria-label='Vienes de STEM'>\n                        <ol>\n\n                                                            <li><a href=\"https:\/\/www.ferrovial.com\/es\/\" title=\"Ferrovial\">Ferrovial<\/a><\/li>\n                                                                        <li><a href=\"https:\/\/www.ferrovial.com\/es\/stem\/\" title=\"STEM\">STEM<\/a><\/li>\n                                    \n                <\/ol>\n\n                <\/c-breadcrumb>\n    \n        <div slot=\"header\">\n            <h1>\n                \u00bfQu\u00e9 son las estructuras?            <\/h1>\n                    <\/div>\n    <\/m-final-content-header>\n\n    \n\n\n<m-wysiwig class=\"wp-block-components-wysiwyg\"><div slot=\"maincontent\">\n<script type=\"application\/ld+json\">\n{\n  \"@context\": \"https:\/\/schema.org\",\n  \"@type\": \"FAQPage\",\n  \"mainEntity\": [{\n    \"@type\": \"Question\",\n    \"name\": \"\u00bfQu\u00e9 son las estructuras?\",\n    \"acceptedAnswer\": {\n      \"@type\": \"Answer\",\n      \"text\": \"Las estructuras son un conjunto de elementos dispuestos y ordenados, destinados a sostener cuerpos. Estas son capaces de soportar acciones externas sin que se rompan o deformen completamente.\"\n    }\n  },{\n    \"@type\": \"Question\",\n    \"name\": \"\u00bfC\u00f3mo se dividen las estructuras?\",\n    \"acceptedAnswer\": {\n      \"@type\": \"Answer\",\n      \"text\": \"<ol>\n<li> Estructuras materiales:<ul><li>Estructuras de un sistema org\u00e1nico<\/li><li>Estructuras arquitect\u00f3nicas<\/li><\/ul><\/li>\n<li>Estructuras inmateriales:<ul><li>Estructura social<\/li><li>Estructura empresarial<\/li><li>Estructura de pensamiento<\/li><\/ul><\/li>\n<\/ol>\"\n    }\n  },{\n    \"@type\": \"Question\",\n    \"name\": \"\u00bfQu\u00e9 tipos de estructuras existen?\",\n    \"acceptedAnswer\": {\n      \"@type\": \"Answer\",\n      \"text\": \"<ol>\n<li>Estructuras portantes<\/li>\n<li>Estructuras qu\u00edmicas<\/li>\n<li>Estructuras biol\u00f3gicas<\/li>\n<li>Estructuras de datos<\/li>\n<li>Estructura de software<\/li>\n<\/ol>\"\n    }\n  },{\n    \"@type\": \"Question\",\n    \"name\": \"\u00bfQu\u00e9 son las estructuras en la construcci\u00f3n?\",\n    \"acceptedAnswer\": {\n      \"@type\": \"Answer\",\n      \"text\": \"En construcci\u00f3n, todos los elementos unidos y conectados entre s\u00ed, capaces de sostener cargas y garantizar la funci\u00f3n est\u00e1tico-resistente de un edificio, son lo que se define como estructura.\n\nAlgunos elementos estructurales en construcci\u00f3n son:\n<ul>\n<li>Cimientos<\/li>\n<li>Columnas<\/li>\n<li>Muros<\/li>\n<li>Arcos<\/li>\n<li>Vigas<\/li>\n<li>Armaduras<\/li>\n<li>Tirantes y tensores<\/li>\n<li>Perfiles<\/li>\n<\/ul>\"\n    }\n  },{\n    \"@type\": \"Question\",\n    \"name\": \"\u00bfQu\u00e9 fuerzas se aplican para sostener estructuras de construcci\u00f3n?\",\n    \"acceptedAnswer\": {\n      \"@type\": \"Answer\",\n      \"text\": \"Para soportar el peso, tanto el propio, como el de la edificaci\u00f3n, as\u00ed como la fuerza de factores externos como el viento, las estructuras se valen de diversos tipos de fuerza:\n<ul>\n<li>Tracci\u00f3n<\/li>\n<li>Compresi\u00f3n<\/li>\n<li>Flexi\u00f3n<\/li>\n<\/ul>\"\n    }\n  }]\n}\n<\/script><p>Las estructuras son un <strong>conjunto de elementos dispuestos y ordenados<\/strong>, destinados a sostener cuerpos. Estas son capaces de soportar acciones externas sin que se rompan o deformen completamente. Las estructuras pueden ser la totalidad del objeto que sostienen o, en cambio, ser solo un elemento de este, tal como lo son las vigas de un edificio.<\/p>\n\n\n\n<p>Todas las estructuras, independientemente del tipo que sean, responden a tres premisas:<\/p>\n\n\n\n<ol class=\"wp-block-list\"><li>Est\u00e1n compuestas por <strong>elementos simples unidos entre s\u00ed<\/strong>.<\/li><li><strong>Resisten a fuerzas externas <\/strong>a las que est\u00e1n sometidas.<\/li><li><strong>Conservan una forma b\u00e1sica.<\/strong><\/li><\/ol>\n\n\n\n<h2 class=\"wp-block-heading\">\u00bfC\u00f3mo se dividen las estructuras?<\/h2>\n\n\n\n<p>El orden y relaci\u00f3n que hay entre los elementos que forman parte de una estructura facilitan el funcionamiento de un determinado sistema, ya sean materiales o inmateriales:<\/p>\n\n\n\n<ol class=\"wp-block-list\"><li><strong>Estructuras materiales:<\/strong> ya sean de car\u00e1cter natural o producto de manufactura o intervenci\u00f3n humana, son aquellas que emplean materiales f\u00edsicos para su conformaci\u00f3n. Este tipo de estructura garantiza el orden y funcionamiento de un sistema. Dentro de esta clasificaci\u00f3n, existen:<ul><li><strong>Estructura de un sistema org\u00e1nico<\/strong>, como la \u00f3sea, que permite darle soporte al cuerpo de un animal.<\/li><li><strong>Estructuras arquitect\u00f3nicas<\/strong>, pensadas para el funcionamiento de una edificaci\u00f3n.<\/li><\/ul><\/li><li><strong>Estructuras inmateriales:<\/strong> son aquellas que hacen referencia a procesos, flujos de pensamiento, relaciones o informaci\u00f3n intangible. Por ejemplo:<ul><li><strong>Estructura social<\/strong>, se refiere al funcionamiento de los grupos sociales en cuanto a modos, l\u00edneas de pensamiento, organizaci\u00f3n, costumbres, leyes, etc.<\/li><li><strong>Estructura empresarial<\/strong>, es decir, el modo en que se organizan y distribuyen las responsabilidades dentro de una empresa.<\/li><li><strong>Estructura de pensamiento<\/strong>, para referirse a los procesos de generaci\u00f3n y asimilaci\u00f3n de ideas, a partir de premisas, inducciones y deducciones.<\/li><\/ul><\/li><\/ol>\n\n\n\n<h2 class=\"wp-block-heading\">\u00bfQu\u00e9 tipos de estructuras existen?<\/h2>\n\n\n\n<p>Teniendo en cuenta que las estructuras pueden ser el resultado de la intervenci\u00f3n humana o, por el contrario, ser independientes de ella, diremos que existen distintos tipos de estructuras:<\/p>\n\n\n\n<ol class=\"wp-block-list\"><li><strong>Estructuras portantes<\/strong>, que se pueden dividir en estructuras de construcci\u00f3n, de ingenier\u00eda civil y mec\u00e1nicas, cuyos elementos estructurales pueden ser <strong>pilares, vigas, arcos, b\u00f3vedas, <\/strong>placas, losas de hormig\u00f3n, cuerdas, etc. Los aviones, edificios, barcos o puentes tienen estructuras portantes que les dan solidez a las obras.<\/li><li><strong>Estructuras <a href=\"https:\/\/www.ferrovial.com\/es\/stem\/quimica\/\" target=\"_blank\" rel=\"noreferrer noopener\">qu\u00edmicas<\/a><\/strong>, abarcan la geometr\u00eda molecular a trav\u00e9s de f\u00f3rmulas estructurales para expresar enlaces entre \u00e1tomos.<\/li><li><strong>Estructuras biol\u00f3gicas<\/strong>, que van desde los \u00e1tomos y mol\u00e9culas hasta tejidos, \u00f3rganos, organismos o ecosistemas.<\/li><li><strong>Estructura de <a href=\"https:\/\/www.ferrovial.com\/es\/stem\/datos-e-ia\/\" target=\"_blank\" rel=\"noreferrer noopener\">datos<\/a><\/strong>, que plantea una forma de organizar la informaci\u00f3n en un sistema inform\u00e1tico para analizarla y utilizarla de manera eficiente. Esta estructura representa la parte integral de un algoritmo.<\/li><li><strong>Estructura de <em><a href=\"https:\/\/www.ferrovial.com\/es\/stem\/software\/\" target=\"_blank\" rel=\"noreferrer noopener\">software<\/a><\/em><\/strong>, cuyos elementos determinan los requerimientos del sistema a desarrollar.<\/li><\/ol>\n\n\n\n<h2 class=\"wp-block-heading\">\u00bfQu\u00e9 son las estructuras en la construcci\u00f3n?<\/h2>\n\n\n\n<p>En construcci\u00f3n, todos los elementos unidos y conectados entre s\u00ed, <strong>capaces de sostener cargas y garantizar la funci\u00f3n est\u00e1tico-resistente de un edificio<\/strong>, son lo que se define como estructura.<\/p>\n\n\n\n<p>Algunos elementos estructurales en construcci\u00f3n son:<\/p>\n\n\n\n<ul class=\"wp-block-list\"><li><strong>Cimientos<\/strong>, encargados de repartir el peso de la estructura por el suelo, de manera que esta no corra peligro de hundirse. Supone la base de la edificaci\u00f3n.<\/li><li><strong>Columnas<\/strong>, que transmiten la carga de la edificaci\u00f3n al suelo a trav\u00e9s de cimientos. Su funci\u00f3n es la de soportar el peso.<\/li><li><strong>Muros<\/strong>, que soportan cargas y tienen, adem\u00e1s, la funci\u00f3n de cerrar espacios.<\/li><li><strong>Arcos<\/strong>, cuya funci\u00f3n es completar el espacio abierto que existe entre dos pilares o muros por medio de la trabaz\u00f3n de piezas que trazan una l\u00ednea curva que permite transmitir toda la carga a los apoyos.<\/li><li><strong>Vigas<\/strong>, que soportan cargas a trav\u00e9s de uno o m\u00e1s apoyos.<\/li><li><strong>Armaduras<\/strong>, que funcionan a modo de flexi\u00f3n y trabajan como unidad con otros elementos dispuestos para sostener una carga, como las vigas. Suelen utilizarse en grandes naves industriales o almacenes. Se construyen con madera, acero u hormig\u00f3n.<\/li><li><strong>Tirantes y tensores<\/strong>, que funcionan a modo de cuerdas o cables para dar rigidez a las estructuras.<\/li><li><strong>Perfiles<\/strong>, que consisten en barras de acero laminadas con las que se pueden ensamblar estructuras ligeras capaces de soportar grandes pesos.<\/li><\/ul>\n\n\n\n<h2 class=\"wp-block-heading\">\u00bfQu\u00e9 fuerzas se aplican para sostener estructuras de construcci\u00f3n?<\/h2>\n\n\n\n<p>Para soportar el peso, tanto el propio, como el de la edificaci\u00f3n, as\u00ed como la fuerza de factores externos como el viento, las estructuras se valen de diversos tipos de fuerza:<\/p>\n\n\n\n<ol class=\"wp-block-list\"><li><strong>Tracci\u00f3n:<\/strong> un cuerpo sufre tracci\u00f3n cuando en sus extremos act\u00faan dos fuerzas opuestas que lo estiran. Es el tipo de fuerza que aplican los elementos estructurales como los tensores o tirantes.<\/li><li><strong>Compresi\u00f3n:<\/strong> un cuerpo sufre compresi\u00f3n cuando en sus extremos act\u00faan dos fuerzas opuestas que lo comprimen. Este tipo de fuerza lo soportan los pilares y cimientos.<\/li><li><strong>Flexi\u00f3n:<\/strong> un cuerpo sufre de flexi\u00f3n cuando sobre \u00e9l act\u00faan fuerzas que lo doblan. Esta fuerza la soportan las vigas.<\/li><\/ol>\n\n\n\n<p><\/p>\n<\/div><\/m-wysiwig>\n","protected":false},"excerpt":{"rendered":"","protected":false},"featured_media":0,"parent":227878,"menu_order":0,"comment_status":"closed","ping_status":"closed","template":"","meta":{"_acf_changed":false,"footnotes":""},"class_list":["post-235500","page","type-page","status-publish","hentry"],"acf":[],"yoast_head":"<!-- This site is optimized with the Yoast SEO plugin v27.2 - https:\/\/yoast.com\/product\/yoast-seo-wordpress\/ -->\n<title>Estructuras - Ferrovial<\/title>\n<meta name=\"description\" content=\"Un conjunto de elementos dispuestos y ordenados, destinados a sostener cuerpos. Son capaces de sostener acciones externas sin romperse.\" \/>\n<meta name=\"robots\" content=\"index, follow, max-snippet:-1, max-image-preview:large, max-video-preview:-1\" \/>\n<link rel=\"canonical\" href=\"https:\/\/www.ferrovial.com\/es\/stem\/estructuras\/\" \/>\n<meta property=\"og:locale\" content=\"es_ES\" \/>\n<meta property=\"og:type\" content=\"article\" \/>\n<meta property=\"og:title\" content=\"Estructuras - Ferrovial\" \/>\n<meta property=\"og:description\" content=\"Un conjunto de elementos dispuestos y ordenados, destinados a sostener cuerpos. Son capaces de sostener acciones externas sin romperse.\" \/>\n<meta property=\"og:url\" content=\"https:\/\/www.ferrovial.com\/es\/stem\/estructuras\/\" \/>\n<meta property=\"og:site_name\" content=\"Ferrovial\" \/>\n<meta property=\"article:publisher\" content=\"https:\/\/www.facebook.com\/ferrovial\" \/>\n<meta property=\"article:modified_time\" content=\"2022-09-08T09:04:27+00:00\" \/>\n<meta name=\"twitter:card\" content=\"summary_large_image\" \/>\n<meta name=\"twitter:site\" content=\"@ferrovial\" \/>\n<meta name=\"twitter:label1\" content=\"Est. reading time\" \/>\n\t<meta name=\"twitter:data1\" content=\"5 minutos\" \/>\n<!-- \/ Yoast SEO plugin. -->","yoast_head_json":{"title":"Estructuras - Ferrovial","description":"Un conjunto de elementos dispuestos y ordenados, destinados a sostener cuerpos. Son capaces de sostener acciones externas sin romperse.","robots":{"index":"index","follow":"follow","max-snippet":"max-snippet:-1","max-image-preview":"max-image-preview:large","max-video-preview":"max-video-preview:-1"},"canonical":"https:\/\/www.ferrovial.com\/es\/stem\/estructuras\/","og_locale":"es_ES","og_type":"article","og_title":"Estructuras - Ferrovial","og_description":"Un conjunto de elementos dispuestos y ordenados, destinados a sostener cuerpos. Son capaces de sostener acciones externas sin romperse.","og_url":"https:\/\/www.ferrovial.com\/es\/stem\/estructuras\/","og_site_name":"Ferrovial","article_publisher":"https:\/\/www.facebook.com\/ferrovial","article_modified_time":"2022-09-08T09:04:27+00:00","twitter_card":"summary_large_image","twitter_site":"@ferrovial","twitter_misc":{"Est. reading time":"5 minutos"},"schema":{"@context":"https:\/\/schema.org","@graph":[{"@type":"WebPage","@id":"https:\/\/www.ferrovial.com\/es\/stem\/estructuras\/","url":"https:\/\/www.ferrovial.com\/es\/stem\/estructuras\/","name":"Estructuras - Ferrovial","isPartOf":{"@id":"https:\/\/www.ferrovial.com\/es\/#website"},"datePublished":"2022-07-28T13:11:52+00:00","dateModified":"2022-09-08T09:04:27+00:00","description":"Un conjunto de elementos dispuestos y ordenados, destinados a sostener cuerpos. Son capaces de sostener acciones externas sin romperse.","breadcrumb":{"@id":"https:\/\/www.ferrovial.com\/es\/stem\/estructuras\/#breadcrumb"},"inLanguage":"es","potentialAction":[{"@type":"ReadAction","target":["https:\/\/www.ferrovial.com\/es\/stem\/estructuras\/"]}]},{"@type":"BreadcrumbList","@id":"https:\/\/www.ferrovial.com\/es\/stem\/estructuras\/#breadcrumb","itemListElement":[{"@type":"ListItem","position":1,"name":"Portada","item":"https:\/\/www.ferrovial.com\/es\/"},{"@type":"ListItem","position":2,"name":"STEM","item":"https:\/\/www.ferrovial.com\/es\/stem\/"},{"@type":"ListItem","position":3,"name":"Estructuras"}]},{"@type":"WebSite","@id":"https:\/\/www.ferrovial.com\/es\/#website","url":"https:\/\/www.ferrovial.com\/es\/","name":"Ferrovial","description":"Welcome to the Ferrovial&#039;s website, global operator of sustainable infrastructure. Here you can find all the information about the company and subsidiaries.","publisher":{"@id":"https:\/\/www.ferrovial.com\/es\/#organization"},"potentialAction":[{"@type":"SearchAction","target":{"@type":"EntryPoint","urlTemplate":"https:\/\/www.ferrovial.com\/es\/?s={search_term_string}"},"query-input":{"@type":"PropertyValueSpecification","valueRequired":true,"valueName":"search_term_string"}}],"inLanguage":"es"},{"@type":"Organization","@id":"https:\/\/www.ferrovial.com\/es\/#organization","name":"Ferrovial S.A.","url":"https:\/\/www.ferrovial.com\/es\/","logo":{"@type":"ImageObject","inLanguage":"es","@id":"https:\/\/www.ferrovial.com\/es\/#\/schema\/logo\/image\/","url":"https:\/\/static.ferrovial.com\/wp-content\/uploads\/2020\/01\/13124948\/logo-ferrovial-cf7.png","contentUrl":"https:\/\/static.ferrovial.com\/wp-content\/uploads\/2020\/01\/13124948\/logo-ferrovial-cf7.png","width":144,"height":32,"caption":"Ferrovial S.A."},"image":{"@id":"https:\/\/www.ferrovial.com\/es\/#\/schema\/logo\/image\/"},"sameAs":["https:\/\/www.facebook.com\/ferrovial","https:\/\/x.com\/ferrovial","https:\/\/www.instagram.com\/ferrovial\/","https:\/\/www.linkedin.com\/company\/ferrovial","https:\/\/www.pinterest.es\/ferrovial\/","https:\/\/www.youtube.com\/ferrovial","https:\/\/en.wikipedia.org\/wiki\/Ferrovial"]}]}},"_links":{"self":[{"href":"https:\/\/www.ferrovial.com\/es\/wp-json\/wp\/v2\/pages\/235500","targetHints":{"allow":["GET"]}}],"collection":[{"href":"https:\/\/www.ferrovial.com\/es\/wp-json\/wp\/v2\/pages"}],"about":[{"href":"https:\/\/www.ferrovial.com\/es\/wp-json\/wp\/v2\/types\/page"}],"replies":[{"embeddable":true,"href":"https:\/\/www.ferrovial.com\/es\/wp-json\/wp\/v2\/comments?post=235500"}],"version-history":[{"count":3,"href":"https:\/\/www.ferrovial.com\/es\/wp-json\/wp\/v2\/pages\/235500\/revisions"}],"predecessor-version":[{"id":238528,"href":"https:\/\/www.ferrovial.com\/es\/wp-json\/wp\/v2\/pages\/235500\/revisions\/238528"}],"up":[{"embeddable":true,"href":"https:\/\/www.ferrovial.com\/es\/wp-json\/wp\/v2\/pages\/227878"}],"wp:attachment":[{"href":"https:\/\/www.ferrovial.com\/es\/wp-json\/wp\/v2\/media?parent=235500"}],"curies":[{"name":"wp","href":"https:\/\/api.w.org\/{rel}","templated":true}]}}