{"id":235740,"date":"2022-07-29T10:29:47","date_gmt":"2022-07-29T08:29:47","guid":{"rendered":"https:\/\/www.ferrovial.com\/?page_id=235740"},"modified":"2022-09-16T13:10:20","modified_gmt":"2022-09-16T11:10:20","slug":"accesibilidad","status":"publish","type":"page","link":"https:\/\/www.ferrovial.com\/es\/stem\/accesibilidad\/","title":{"rendered":"Accesibilidad"},"content":{"rendered":"    <m-final-content-header >\n            <c-breadcrumb label-text=\"Breadcrumb\" slot=\"breadcrumbs\" type='2' align='left' wrap='wrapped wrapped' aria-label='Vienes de STEM'>\n                        <ol>\n\n                                                            <li><a href=\"https:\/\/www.ferrovial.com\/es\/\" title=\"Ferrovial\">Ferrovial<\/a><\/li>\n                                                                        <li><a href=\"https:\/\/www.ferrovial.com\/es\/stem\/\" title=\"STEM\">STEM<\/a><\/li>\n                                    \n                <\/ol>\n\n                <\/c-breadcrumb>\n    \n        <div slot=\"header\">\n            <h1>\n                \u00bfQu\u00e9 es la accesibilidad?            <\/h1>\n                    <\/div>\n    <\/m-final-content-header>\n\n    \n\n\n<m-wysiwig class=\"wp-block-components-wysiwyg\"><div slot=\"maincontent\">\n<script type=\"application\/ld+json\">\n{\n  \"@context\": \"https:\/\/schema.org\",\n  \"@type\": \"FAQPage\",\n  \"mainEntity\": [{\n    \"@type\": \"Question\",\n    \"name\": \"\u00bfQu\u00e9 es la accesibilidad?\",\n    \"acceptedAnswer\": {\n      \"@type\": \"Answer\",\n      \"text\": \"el t\u00e9rmino accesibilidad hace referencia a todo aquello que puede ser accesible, es decir, aprovechable por parte de todas las personas de la manera m\u00e1s aut\u00f3noma y natural posible, independientemente de las dificultades f\u00edsicas o cognitivas. La accesibilidad permite el aprovechamiento de recursos, servicios, herramientas, objetos, infraestructuras, etc., y es posible gracias a t\u00e9cnicas, espacios, tecnolog\u00edas y dise\u00f1os.\"\n    }\n  },{\n    \"@type\": \"Question\",\n    \"name\": \"\u00bfQu\u00e9 tipos de accesibilidad existen?\",\n    \"acceptedAnswer\": {\n      \"@type\": \"Answer\",\n      \"text\": \"<ul>\n<li>Accesibilidad f\u00edsica: se refiere a entornos que permiten a las personas utilizarlos y moverse sin limitaciones a nivel f\u00edsico gracias, por ejemplo, a rampas, aceras con desnivel, ba\u00f1os amplios, agarraderas, etc.<\/li>\n<li>Accesibilidad sensorial: son los elementos del entorno que son accesibles a nivel visual, t\u00e1ctil o auditivo, como sem\u00e1foros, pisos podot\u00e1ctiles, se\u00f1ales de alerta con luminiscencia, etc.<\/li>\n<li>Accesibilidad cognitiva: es aquella que permite la sencilla comprensi\u00f3n de textos, carteles, tecnolog\u00edas o pictogramas.<\/li>\n<\/ul>\"\n    }\n  },{\n    \"@type\": \"Question\",\n    \"name\": \"\u00bfQu\u00e9 es la construcci\u00f3n accesible?\",\n    \"acceptedAnswer\": {\n      \"@type\": \"Answer\",\n      \"text\": \"La construcci\u00f3n accesible busca edificar o rehabilitar un edificio o una infraestructura con el objetivo de garantizar el f\u00e1cil acceso de las personas, as\u00ed como lograr un m\u00ednimo de confort. Algunos de sus objetivos son: la movilidad aut\u00f3noma y segura, la correcta se\u00f1alizaci\u00f3n de los espacios y accesos, y un sistema de iluminaci\u00f3n apropiado.\"\n    }\n  },{\n    \"@type\": \"Question\",\n    \"name\": \"\u00bfPor qu\u00e9 es importante la accesibilidad en el sector de la construcci\u00f3n?\",\n    \"acceptedAnswer\": {\n      \"@type\": \"Answer\",\n      \"text\": \"<ul>\n<li>Reduce las barreras entre el entorno y las personas.<\/li>\n<li>Aumenta el nivel de independencia y autonom\u00eda de todas las personas.<\/li>\n<li>Reduce las barreras arquitect\u00f3nicas y urban\u00edsticas que impiden la circulaci\u00f3n regular, aut\u00f3noma y segura de las personas.<\/li>\n<\/ul>\"\n    }\n  },{\n    \"@type\": \"Question\",\n    \"name\": \"\u00bfC\u00f3mo es un edificio que se considere accesible?\",\n    \"acceptedAnswer\": {\n      \"@type\": \"Answer\",\n      \"text\": \"De acuerdo con un estudio realizado por la Asociaci\u00f3n Espa\u00f1ola de Normalizaci\u00f3n (UNE), un edificio cumple con las bases de accesibilidad cuando:\n<ul>\n<li>Cuenta con ascensores, escaleras y rampas.<\/li>\n<li>Tiene salidas de emergencia correctamente se\u00f1alizadas.<\/li>\n<li>Dispone de plataformas elevadoras y salvaescaleras.<\/li>\n<li>Integra en el edificio planos espaciales, as\u00ed como tambi\u00e9n se\u00f1alizaci\u00f3n para la orientaci\u00f3n.<\/li>\n<li>Posee plazas de parking reservadas y accesibles.<\/li>\n<\/ul>\"\n    }\n  }]\n}\n<\/script><p>En su sentido m\u00e1s general, el t\u00e9rmino <em>accesibilidad<\/em> hace referencia a <strong>todo aquello<\/strong> <strong>que puede ser accesible<\/strong>, es decir, aprovechable por parte de <strong>todas las personas<\/strong> de la manera m\u00e1s <strong>aut\u00f3noma y natural<\/strong> posible, independientemente de las dificultades f\u00edsicas o cognitivas. La accesibilidad permite el aprovechamiento de recursos, servicios, herramientas, objetos, infraestructuras, etc., y es posible gracias a t\u00e9cnicas, espacios, tecnolog\u00edas y dise\u00f1os.<\/p>\n\n\n\n<p>Junto con este t\u00e9rmino, se plantea uno m\u00e1s concreto: <strong><em>la accesibilidad universal<\/em><\/strong>. Esta implica una serie de <strong>caracter\u00edsticas y requisitos que deben cumplir ciertos entornos f\u00edsicos, productos, servicios, objetos y dispositivos<\/strong> para que puedan ser aprovechados de forma pr\u00e1ctica, segura y c\u00f3moda por las personas, <strong>sin necesidad de adaptar su dise\u00f1o.<\/strong><\/p>\n\n\n\n<p>Cuando se habla de un espacio f\u00edsico, se considera que una buena cadena de accesibilidad implica un acceso, uso y salida de manera <strong>f\u00e1cil, independiente y sin interrupciones o accidentes.<\/strong> Si se cumplen estas tres pautas, el espacio puede considerarse accesible.<\/p>\n\n\n\n<h2 class=\"wp-block-heading\">\u00bfQu\u00e9 tipos de accesibilidad existen?<\/h2>\n\n\n\n<ul class=\"wp-block-list\"><li><strong>Accesibilidad f\u00edsica:<\/strong> se refiere a entornos que permiten a las personas utilizarlos y moverse sin limitaciones a nivel f\u00edsico gracias, por ejemplo, a rampas, aceras con desnivel, ba\u00f1os amplios, agarraderas, etc.<\/li><li><strong>Accesibilidad sensorial:<\/strong> son los elementos del entorno que son accesibles a nivel visual, t\u00e1ctil o auditivo, como sem\u00e1foros, pisos podot\u00e1ctiles, se\u00f1ales de alerta con luminiscencia, etc.<\/li><li><strong>Accesibilidad cognitiva:<\/strong> es aquella que permite la sencilla comprensi\u00f3n de textos, carteles, tecnolog\u00edas o pictogramas.<\/li><\/ul>\n\n\n\n<h2 class=\"wp-block-heading\">\u00bfQu\u00e9 es la construcci\u00f3n accesible?<\/h2>\n\n\n\n<p>La construcci\u00f3n accesible busca edificar o rehabilitar un <a href=\"https:\/\/www.ferrovial.com\/es\/recursos\/edificios\/\" target=\"_blank\" rel=\"noreferrer noopener\">edificio<\/a> o una <a href=\"https:\/\/www.ferrovial.com\/es\/recursos\/infraestructura\/\" target=\"_blank\" rel=\"noreferrer noopener\">infraestructura<\/a> con el objetivo de <strong>garantizar el f\u00e1cil acceso de las personas<\/strong>, as\u00ed como lograr un m\u00ednimo de confort. Algunos de sus objetivos son: la movilidad aut\u00f3noma y segura, la correcta se\u00f1alizaci\u00f3n de los espacios y accesos, y un <a href=\"https:\/\/www.ferrovial.com\/es\/stem\/iluminacion\/\" target=\"_blank\" rel=\"noreferrer noopener\">sistema de iluminaci\u00f3n<\/a> apropiado.<\/p>\n\n\n\n<p>La planificaci\u00f3n es muy importante para la construcci\u00f3n accesible, porque evita la modificaci\u00f3n de los proyectos en fases avanzadas del desarrollo o la necesidad de llevar a cabo reformas en obras ya terminadas.<\/p>\n\n\n\n<h2 class=\"wp-block-heading\">\u00bfPor qu\u00e9 es importante la accesibilidad en el sector de la construcci\u00f3n?<\/h2>\n\n\n\n<ul class=\"wp-block-list\"><li><strong>Reduce las barreras entre el entorno y las personas.<\/strong><\/li><li><strong>Aumenta el nivel de independencia y autonom\u00eda<\/strong> de todas las personas.<\/li><li><strong>Reduce las barreras arquitect\u00f3nicas y urban\u00edsticas<\/strong> que impiden la circulaci\u00f3n regular, aut\u00f3noma y segura de las personas.<\/li><\/ul>\n\n\n\n<h2 class=\"wp-block-heading\">\u00bfC\u00f3mo es un edificio que se considere accesible?<\/h2>\n\n\n\n<p>De acuerdo con un estudio realizado por la <strong>Asociaci\u00f3n Espa\u00f1ola de Normalizaci\u00f3n (UNE)<\/strong>, un edificio cumple con las bases de accesibilidad cuando:<\/p>\n\n\n\n<ul class=\"wp-block-list\"><li>Cuenta con ascensores, escaleras y rampas.<\/li><li>Tiene salidas de emergencia correctamente se\u00f1alizadas.<\/li><li>Dispone de plataformas elevadoras y salvaescaleras.<\/li><li>Integra en el edificio planos espaciales, as\u00ed como tambi\u00e9n se\u00f1alizaci\u00f3n para la orientaci\u00f3n.<\/li><li>Posee plazas de parking reservadas y accesibles.<\/li><\/ul>\n<\/div><\/m-wysiwig>\n","protected":false},"excerpt":{"rendered":"","protected":false},"featured_media":0,"parent":227878,"menu_order":0,"comment_status":"closed","ping_status":"closed","template":"","meta":{"_acf_changed":false,"footnotes":""},"class_list":["post-235740","page","type-page","status-publish","hentry"],"acf":[],"yoast_head":"<!-- This site is optimized with the Yoast SEO plugin v27.2 - https:\/\/yoast.com\/product\/yoast-seo-wordpress\/ -->\n<title>Accesibilidad - Ferrovial<\/title>\n<meta name=\"description\" content=\"Accesibilidad se refiere a todo lo que puede ser accesible y aprovechable para todas las personas de la manera m\u00e1s aut\u00f3noma y natural posible\" \/>\n<meta name=\"robots\" content=\"index, follow, max-snippet:-1, max-image-preview:large, max-video-preview:-1\" \/>\n<link rel=\"canonical\" href=\"https:\/\/www.ferrovial.com\/es\/stem\/accesibilidad\/\" \/>\n<meta property=\"og:locale\" content=\"es_ES\" \/>\n<meta property=\"og:type\" content=\"article\" \/>\n<meta property=\"og:title\" content=\"Accesibilidad - Ferrovial\" \/>\n<meta property=\"og:description\" content=\"Accesibilidad se refiere a todo lo que puede ser accesible y aprovechable para todas las personas de la manera m\u00e1s aut\u00f3noma y natural posible\" \/>\n<meta property=\"og:url\" content=\"https:\/\/www.ferrovial.com\/es\/stem\/accesibilidad\/\" \/>\n<meta property=\"og:site_name\" content=\"Ferrovial\" \/>\n<meta property=\"article:publisher\" content=\"https:\/\/www.facebook.com\/ferrovial\" \/>\n<meta property=\"article:modified_time\" content=\"2022-09-16T11:10:20+00:00\" \/>\n<meta name=\"twitter:card\" content=\"summary_large_image\" \/>\n<meta name=\"twitter:site\" content=\"@ferrovial\" \/>\n<meta name=\"twitter:label1\" content=\"Est. reading time\" \/>\n\t<meta name=\"twitter:data1\" content=\"4 minutos\" \/>\n<!-- \/ Yoast SEO plugin. -->","yoast_head_json":{"title":"Accesibilidad - Ferrovial","description":"Accesibilidad se refiere a todo lo que puede ser accesible y aprovechable para todas las personas de la manera m\u00e1s aut\u00f3noma y natural posible","robots":{"index":"index","follow":"follow","max-snippet":"max-snippet:-1","max-image-preview":"max-image-preview:large","max-video-preview":"max-video-preview:-1"},"canonical":"https:\/\/www.ferrovial.com\/es\/stem\/accesibilidad\/","og_locale":"es_ES","og_type":"article","og_title":"Accesibilidad - Ferrovial","og_description":"Accesibilidad se refiere a todo lo que puede ser accesible y aprovechable para todas las personas de la manera m\u00e1s aut\u00f3noma y natural posible","og_url":"https:\/\/www.ferrovial.com\/es\/stem\/accesibilidad\/","og_site_name":"Ferrovial","article_publisher":"https:\/\/www.facebook.com\/ferrovial","article_modified_time":"2022-09-16T11:10:20+00:00","twitter_card":"summary_large_image","twitter_site":"@ferrovial","twitter_misc":{"Est. reading time":"4 minutos"},"schema":{"@context":"https:\/\/schema.org","@graph":[{"@type":"WebPage","@id":"https:\/\/www.ferrovial.com\/es\/stem\/accesibilidad\/","url":"https:\/\/www.ferrovial.com\/es\/stem\/accesibilidad\/","name":"Accesibilidad - Ferrovial","isPartOf":{"@id":"https:\/\/www.ferrovial.com\/es\/#website"},"datePublished":"2022-07-29T08:29:47+00:00","dateModified":"2022-09-16T11:10:20+00:00","description":"Accesibilidad se refiere a todo lo que puede ser accesible y aprovechable para todas las personas de la manera m\u00e1s aut\u00f3noma y natural posible","breadcrumb":{"@id":"https:\/\/www.ferrovial.com\/es\/stem\/accesibilidad\/#breadcrumb"},"inLanguage":"es","potentialAction":[{"@type":"ReadAction","target":["https:\/\/www.ferrovial.com\/es\/stem\/accesibilidad\/"]}]},{"@type":"BreadcrumbList","@id":"https:\/\/www.ferrovial.com\/es\/stem\/accesibilidad\/#breadcrumb","itemListElement":[{"@type":"ListItem","position":1,"name":"Portada","item":"https:\/\/www.ferrovial.com\/es\/"},{"@type":"ListItem","position":2,"name":"STEM","item":"https:\/\/www.ferrovial.com\/es\/stem\/"},{"@type":"ListItem","position":3,"name":"Accesibilidad"}]},{"@type":"WebSite","@id":"https:\/\/www.ferrovial.com\/es\/#website","url":"https:\/\/www.ferrovial.com\/es\/","name":"Ferrovial","description":"Welcome to the Ferrovial&#039;s website, global operator of sustainable infrastructure. Here you can find all the information about the company and subsidiaries.","publisher":{"@id":"https:\/\/www.ferrovial.com\/es\/#organization"},"potentialAction":[{"@type":"SearchAction","target":{"@type":"EntryPoint","urlTemplate":"https:\/\/www.ferrovial.com\/es\/?s={search_term_string}"},"query-input":{"@type":"PropertyValueSpecification","valueRequired":true,"valueName":"search_term_string"}}],"inLanguage":"es"},{"@type":"Organization","@id":"https:\/\/www.ferrovial.com\/es\/#organization","name":"Ferrovial S.A.","url":"https:\/\/www.ferrovial.com\/es\/","logo":{"@type":"ImageObject","inLanguage":"es","@id":"https:\/\/www.ferrovial.com\/es\/#\/schema\/logo\/image\/","url":"https:\/\/static.ferrovial.com\/wp-content\/uploads\/2020\/01\/13124948\/logo-ferrovial-cf7.png","contentUrl":"https:\/\/static.ferrovial.com\/wp-content\/uploads\/2020\/01\/13124948\/logo-ferrovial-cf7.png","width":144,"height":32,"caption":"Ferrovial S.A."},"image":{"@id":"https:\/\/www.ferrovial.com\/es\/#\/schema\/logo\/image\/"},"sameAs":["https:\/\/www.facebook.com\/ferrovial","https:\/\/x.com\/ferrovial","https:\/\/www.instagram.com\/ferrovial\/","https:\/\/www.linkedin.com\/company\/ferrovial","https:\/\/www.pinterest.es\/ferrovial\/","https:\/\/www.youtube.com\/ferrovial","https:\/\/en.wikipedia.org\/wiki\/Ferrovial"]}]}},"_links":{"self":[{"href":"https:\/\/www.ferrovial.com\/es\/wp-json\/wp\/v2\/pages\/235740","targetHints":{"allow":["GET"]}}],"collection":[{"href":"https:\/\/www.ferrovial.com\/es\/wp-json\/wp\/v2\/pages"}],"about":[{"href":"https:\/\/www.ferrovial.com\/es\/wp-json\/wp\/v2\/types\/page"}],"replies":[{"embeddable":true,"href":"https:\/\/www.ferrovial.com\/es\/wp-json\/wp\/v2\/comments?post=235740"}],"version-history":[{"count":3,"href":"https:\/\/www.ferrovial.com\/es\/wp-json\/wp\/v2\/pages\/235740\/revisions"}],"predecessor-version":[{"id":239152,"href":"https:\/\/www.ferrovial.com\/es\/wp-json\/wp\/v2\/pages\/235740\/revisions\/239152"}],"up":[{"embeddable":true,"href":"https:\/\/www.ferrovial.com\/es\/wp-json\/wp\/v2\/pages\/227878"}],"wp:attachment":[{"href":"https:\/\/www.ferrovial.com\/es\/wp-json\/wp\/v2\/media?parent=235740"}],"curies":[{"name":"wp","href":"https:\/\/api.w.org\/{rel}","templated":true}]}}