{"id":235762,"date":"2022-07-29T10:58:32","date_gmt":"2022-07-29T08:58:32","guid":{"rendered":"https:\/\/www.ferrovial.com\/?page_id=235762"},"modified":"2022-09-16T13:35:34","modified_gmt":"2022-09-16T11:35:34","slug":"aislamiento","status":"publish","type":"page","link":"https:\/\/www.ferrovial.com\/es\/stem\/aislamiento\/","title":{"rendered":"Aislamiento"},"content":{"rendered":"    <m-final-content-header >\n            <c-breadcrumb label-text=\"Breadcrumb\" slot=\"breadcrumbs\" type='2' align='left' wrap='wrapped wrapped' aria-label='Vienes de STEM'>\n                        <ol>\n\n                                                            <li><a href=\"https:\/\/www.ferrovial.com\/es\/\" title=\"Ferrovial\">Ferrovial<\/a><\/li>\n                                                                        <li><a href=\"https:\/\/www.ferrovial.com\/es\/stem\/\" title=\"STEM\">STEM<\/a><\/li>\n                                    \n                <\/ol>\n\n                <\/c-breadcrumb>\n    \n        <div slot=\"header\">\n            <h1>\n                \u00bfQu\u00e9 es el aislamiento?            <\/h1>\n                    <\/div>\n    <\/m-final-content-header>\n\n    \n\n\n<m-wysiwig class=\"wp-block-components-wysiwyg\"><div slot=\"maincontent\">\n<script type=\"application\/ld+json\">\n{\n  \"@context\": \"https:\/\/schema.org\",\n  \"@type\": \"FAQPage\",\n  \"mainEntity\": [{\n    \"@type\": \"Question\",\n    \"name\": \"\u00bfQu\u00e9 es el aislamiento?\",\n    \"acceptedAnswer\": {\n      \"@type\": \"Answer\",\n      \"text\": \"El aislamiento es el conjunto de materiales, t\u00e9cnicas, tecnolog\u00edas y estructuras que impiden la transmisi\u00f3n de calor, electricidad, sonido o luz. Se utiliza tanto en materiales (como, por ejemplo, cables), como en elementos de un edificio (por ejemplo, en ventanas) o incluso en enteras construcciones.\"\n    }\n  },{\n    \"@type\": \"Question\",\n    \"name\": \"\u00bfQu\u00e9 tipos de aislantes existen?\",\n    \"acceptedAnswer\": {\n      \"@type\": \"Answer\",\n      \"text\": \"<ul>\n<li>Aislantes el\u00e9ctricos: son materiales con alta resistividad que se utilizan para evitar la transmisi\u00f3n el\u00e9ctrica, separando as\u00ed distintas partes conductoras y protegiendo a las personas de la transmisi\u00f3n de corriente.<\/li>\n<li>Aislantes t\u00e9rmicos: impiden la transmisi\u00f3n de calor.<\/li>\n<li>Aislantes ac\u00fasticos: disminuyen la transmisi\u00f3n de sonidos y tambi\u00e9n evitan la reflexi\u00f3n del ruido, es decir, que las ondas sonoras impacten contra superficies que las amplifiquen.<\/li>\n<li>Aislantes lum\u00ednicos: filtran el paso de la luz y son importantes para evitar que cualquier fuente lum\u00ednica afecte las actividades a las cuales est\u00e1 destinado un espacio (por ejemplo, una habitaci\u00f3n en las horas de sue\u00f1o), pero especialmente para evitar que la luz solar repercuta de forma negativa en la temperatura y climatizaci\u00f3n de un lugar.<\/li>\n<\/ul>\"\n    }\n  },{\n    \"@type\": \"Question\",\n    \"name\": \"\u00bfCu\u00e1l es el panorama actual de los sistemas de aislamiento en relaci\u00f3n con la eficiencia energ\u00e9tica?\",\n    \"acceptedAnswer\": {\n      \"@type\": \"Answer\",\n      \"text\": \"Crear un buen sistema de aislamiento de un edificio es tan importante como un consumo consciente de energ\u00eda, ya que al instalarlos se evitan las fugas de energ\u00eda. Los sistemas de poliuretano se presentan actualmente como la opci\u00f3n m\u00e1s viable hacia la sostenibilidad gracias a su impacto positivo a nivel medioambiental.\"\n    }\n  }]\n}\n<\/script><p>El aislamiento es el conjunto de materiales, t\u00e9cnicas, tecnolog\u00edas y estructuras que impiden la transmisi\u00f3n de calor, electricidad, sonido o luz. Se utiliza tanto en materiales (como, por ejemplo, cables), como en elementos de un edificio (por ejemplo, en ventanas) o incluso en enteras construcciones.<br>Los elementos aislantes pueden tener distintas propiedades, pero el principal requisito es que sean capaces de interrumpir la transmisi\u00f3n de energ\u00eda.<\/p>\n\n\n\n<h2 class=\"wp-block-heading\">\u00bfQu\u00e9 tipos de aislantes existen?<\/h2>\n\n\n\n<ul class=\"wp-block-list\"><li><strong>Aislantes el\u00e9ctricos:<\/strong> son materiales con alta resistividad que se utilizan para evitar la transmisi\u00f3n el\u00e9ctrica, separando as\u00ed distintas partes conductoras y protegiendo a las personas de la transmisi\u00f3n de corriente.<br><br>Estos materiales aislantes pueden ser: papel, madera, vidrio, cer\u00e1mica, goma y pl\u00e1stico.<br><br>Se utilizan principalmente para aislar <a href=\"https:\/\/www.ferrovial.com\/es\/stem\/cables-y-cableado\/\" target=\"_blank\" rel=\"noreferrer noopener\">cables<\/a> y otros elementos el\u00e9ctricos, evitando que se produzcan cortocircuitos y descargas el\u00e9ctricas, reduciendo la <strong>incidencia de riesgos<\/strong>.<\/li><li><strong>Aislantes t\u00e9rmicos:<\/strong> impiden la transmisi\u00f3n de calor.<br><br>Algunos aislantes t\u00e9rmicos pueden ser: algod\u00f3n, aluminio, paja, celulosa o corcho.<br><br>Se utilizan para mejorar la eficiencia energ\u00e9tica de edificios, protegi\u00e9ndolos de las temperaturas del exterior y reduciendo la necesidad de climatizaci\u00f3n, pero tambi\u00e9n son indispensables en la industria y para el funcionamiento de calderas, celdas frigor\u00edficas, etc. Los aislamientos t\u00e9rmicos son clave en la reducci\u00f3n de emisiones de CO2.<\/li><li><strong>Aislantes ac\u00fasticos:<\/strong> disminuyen la <strong>transmisi\u00f3n de sonidos<\/strong> y tambi\u00e9n evitan la <strong>reflexi\u00f3n del ruido<\/strong>, es decir, que las ondas sonoras impacten contra superficies que las amplifiquen.<br><br>Existen materiales espec\u00edficamente dise\u00f1ados para este tipo de aislamiento (como la <strong>espuma ac\u00fastica<\/strong>) o muy utilizados en el dise\u00f1o de sistemas de aislamiento ac\u00fastico (como las <strong>lanas minerales<\/strong>), pero, a diferencia de otros aislamientos, en el <strong>aislamiento ac\u00fastico no son importantes solo los materiales, sino tambi\u00e9n la combinaci\u00f3n y disposici\u00f3n de ellos.<\/strong> Esto se debe a que los materiales tienen distintas frecuencias de resonancia, de manera que absorben distintas longitudes de onda, y tambi\u00e9n a que la direcci\u00f3n de impacto de la onda var\u00eda la capacidad de aislamiento.<br><br>Los aislantes ac\u00fasticos son importantes para <strong>mitigar la contaminaci\u00f3n ac\u00fastica<\/strong> gracias al aislamiento de elementos generadores de ruido, como los motores (de veh\u00edculos, maquinarias, etc.) o los lugares de ocio nocturno. Tambi\u00e9n se utilizan para <strong>aumentar el confort <\/strong>de las personas, por ejemplo: con los aislantes ac\u00fasticos de ventanas y paredes en edificios de viviendas u oficinas.<\/li><li><strong>Aislantes lum\u00ednicos:<\/strong> filtran el paso de la luz y son importantes para evitar que cualquier fuente lum\u00ednica afecte las actividades a las cuales est\u00e1 destinado un espacio (por ejemplo, una habitaci\u00f3n en las horas de sue\u00f1o), pero especialmente para evitar que la luz solar repercuta de forma negativa en la temperatura y climatizaci\u00f3n de un lugar.<br><br>El aislamiento lum\u00ednico puede ser tan sencillo y dom\u00e9stico como una <strong>cortina, persiana o estor<\/strong>. Tambi\u00e9n puede lograrse t\u00e9cnicamente con <strong>cristales<\/strong> cuya formulaci\u00f3n o recubrimiento a\u00edslen la luz y la temperatura. El aislamiento puede completarse gracias la <a href=\"https:\/\/www.ferrovial.com\/es\/innovacion\/tecnologias\/robotica\/\" target=\"_blank\" rel=\"noreferrer noopener\">rob\u00f3tica <\/a>y la <a href=\"https:\/\/www.ferrovial.com\/es\/recursos\/inteligencia-artificial\/\" target=\"_blank\" rel=\"noreferrer noopener\">inteligencia artificial<\/a>, que cada vez controlan m\u00e1s funciones (como abrir y cerrar las persianas a determinadas horas seg\u00fan el momento del a\u00f1o) para hacer hogares, oficinas y enteras <a href=\"https:\/\/www.ferrovial.com\/es\/recursos\/smart-city\/\" target=\"_blank\" rel=\"noreferrer noopener\">ciudades inteligentes<\/a> y m\u00e1s eficientes energ\u00e9ticamente.<\/li><\/ul>\n\n\n\n<h2 class=\"wp-block-heading\">\u00bfCu\u00e1l es el panorama actual de los sistemas de aislamiento en relaci\u00f3n con la eficiencia energ\u00e9tica?<\/h2>\n\n\n\n<p>Crear un buen sistema de aislamiento de un edificio es tan importante como un consumo consciente de energ\u00eda, ya que al <strong>instalarlos se evitan las fugas de energ\u00eda<\/strong>. Los sistemas de poliuretano se presentan actualmente como la opci\u00f3n m\u00e1s viable hacia la sostenibilidad gracias a su impacto positivo a nivel medioambiental.<\/p>\n\n\n\n<p>El poliuretano es un <strong>material pl\u00e1stico muy vers\u00e1til <\/strong>que se usa como aislante t\u00e9rmico en construcciones y rehabilitaci\u00f3n de <a href=\"https:\/\/www.ferrovial.com\/es-es\/recursos\/edificios\/\" target=\"_blank\" rel=\"noreferrer noopener\">edificios<\/a>; su variante m\u00e1s com\u00fan es la <strong>espuma r\u00edgida<\/strong>. Se trata de un producto <strong>resistente, con bajo nivel de conductividad, eficiente, con alto rendimiento y poca transferencia de calor.<\/strong><\/p>\n\n\n\n<p>El uso del poliuretano como aislante <strong>compensa las emisiones que genera en su producci\u00f3n:<\/strong> para obtener 1 m2 de poliuretano, se producen 14 kg de CO2; no obstante, usando 1 m2 de este material para crear sistemas de aislamiento, se reducen m\u00e1s de 1 kg de emisiones de CO2.<\/p>\n<\/div><\/m-wysiwig>\n","protected":false},"excerpt":{"rendered":"","protected":false},"featured_media":0,"parent":227878,"menu_order":0,"comment_status":"closed","ping_status":"closed","template":"","meta":{"_acf_changed":false,"footnotes":""},"class_list":["post-235762","page","type-page","status-publish","hentry"],"acf":[],"yoast_head":"<!-- This site is optimized with the Yoast SEO plugin v27.2 - https:\/\/yoast.com\/product\/yoast-seo-wordpress\/ -->\n<title>Aislamiento - Ferrovial<\/title>\n<meta name=\"description\" content=\"El aislamiento es el conjunto de materiales, tecnolog\u00edas y estructuras que impiden la transmisi\u00f3n de calor, electricidad, sonido o luz.\" \/>\n<meta name=\"robots\" content=\"index, follow, max-snippet:-1, max-image-preview:large, max-video-preview:-1\" \/>\n<link rel=\"canonical\" href=\"https:\/\/www.ferrovial.com\/es\/stem\/aislamiento\/\" \/>\n<meta property=\"og:locale\" content=\"es_ES\" \/>\n<meta property=\"og:type\" content=\"article\" \/>\n<meta property=\"og:title\" content=\"Aislamiento - Ferrovial\" \/>\n<meta property=\"og:description\" content=\"El aislamiento es el conjunto de materiales, tecnolog\u00edas y estructuras que impiden la transmisi\u00f3n de calor, electricidad, sonido o luz.\" \/>\n<meta property=\"og:url\" content=\"https:\/\/www.ferrovial.com\/es\/stem\/aislamiento\/\" \/>\n<meta property=\"og:site_name\" content=\"Ferrovial\" \/>\n<meta property=\"article:publisher\" content=\"https:\/\/www.facebook.com\/ferrovial\" \/>\n<meta property=\"article:modified_time\" content=\"2022-09-16T11:35:34+00:00\" \/>\n<meta name=\"twitter:card\" content=\"summary_large_image\" \/>\n<meta name=\"twitter:site\" content=\"@ferrovial\" \/>\n<meta name=\"twitter:label1\" content=\"Est. reading time\" \/>\n\t<meta name=\"twitter:data1\" content=\"5 minutos\" \/>\n<!-- \/ Yoast SEO plugin. -->","yoast_head_json":{"title":"Aislamiento - Ferrovial","description":"El aislamiento es el conjunto de materiales, tecnolog\u00edas y estructuras que impiden la transmisi\u00f3n de calor, electricidad, sonido o luz.","robots":{"index":"index","follow":"follow","max-snippet":"max-snippet:-1","max-image-preview":"max-image-preview:large","max-video-preview":"max-video-preview:-1"},"canonical":"https:\/\/www.ferrovial.com\/es\/stem\/aislamiento\/","og_locale":"es_ES","og_type":"article","og_title":"Aislamiento - Ferrovial","og_description":"El aislamiento es el conjunto de materiales, tecnolog\u00edas y estructuras que impiden la transmisi\u00f3n de calor, electricidad, sonido o luz.","og_url":"https:\/\/www.ferrovial.com\/es\/stem\/aislamiento\/","og_site_name":"Ferrovial","article_publisher":"https:\/\/www.facebook.com\/ferrovial","article_modified_time":"2022-09-16T11:35:34+00:00","twitter_card":"summary_large_image","twitter_site":"@ferrovial","twitter_misc":{"Est. reading time":"5 minutos"},"schema":{"@context":"https:\/\/schema.org","@graph":[{"@type":"WebPage","@id":"https:\/\/www.ferrovial.com\/es\/stem\/aislamiento\/","url":"https:\/\/www.ferrovial.com\/es\/stem\/aislamiento\/","name":"Aislamiento - Ferrovial","isPartOf":{"@id":"https:\/\/www.ferrovial.com\/es\/#website"},"datePublished":"2022-07-29T08:58:32+00:00","dateModified":"2022-09-16T11:35:34+00:00","description":"El aislamiento es el conjunto de materiales, tecnolog\u00edas y estructuras que impiden la transmisi\u00f3n de calor, electricidad, sonido o luz.","breadcrumb":{"@id":"https:\/\/www.ferrovial.com\/es\/stem\/aislamiento\/#breadcrumb"},"inLanguage":"es","potentialAction":[{"@type":"ReadAction","target":["https:\/\/www.ferrovial.com\/es\/stem\/aislamiento\/"]}]},{"@type":"BreadcrumbList","@id":"https:\/\/www.ferrovial.com\/es\/stem\/aislamiento\/#breadcrumb","itemListElement":[{"@type":"ListItem","position":1,"name":"Portada","item":"https:\/\/www.ferrovial.com\/es\/"},{"@type":"ListItem","position":2,"name":"STEM","item":"https:\/\/www.ferrovial.com\/es\/stem\/"},{"@type":"ListItem","position":3,"name":"Aislamiento"}]},{"@type":"WebSite","@id":"https:\/\/www.ferrovial.com\/es\/#website","url":"https:\/\/www.ferrovial.com\/es\/","name":"Ferrovial","description":"Welcome to the Ferrovial&#039;s website, global operator of sustainable infrastructure. Here you can find all the information about the company and subsidiaries.","publisher":{"@id":"https:\/\/www.ferrovial.com\/es\/#organization"},"potentialAction":[{"@type":"SearchAction","target":{"@type":"EntryPoint","urlTemplate":"https:\/\/www.ferrovial.com\/es\/?s={search_term_string}"},"query-input":{"@type":"PropertyValueSpecification","valueRequired":true,"valueName":"search_term_string"}}],"inLanguage":"es"},{"@type":"Organization","@id":"https:\/\/www.ferrovial.com\/es\/#organization","name":"Ferrovial S.A.","url":"https:\/\/www.ferrovial.com\/es\/","logo":{"@type":"ImageObject","inLanguage":"es","@id":"https:\/\/www.ferrovial.com\/es\/#\/schema\/logo\/image\/","url":"https:\/\/static.ferrovial.com\/wp-content\/uploads\/2020\/01\/13124948\/logo-ferrovial-cf7.png","contentUrl":"https:\/\/static.ferrovial.com\/wp-content\/uploads\/2020\/01\/13124948\/logo-ferrovial-cf7.png","width":144,"height":32,"caption":"Ferrovial S.A."},"image":{"@id":"https:\/\/www.ferrovial.com\/es\/#\/schema\/logo\/image\/"},"sameAs":["https:\/\/www.facebook.com\/ferrovial","https:\/\/x.com\/ferrovial","https:\/\/www.instagram.com\/ferrovial\/","https:\/\/www.linkedin.com\/company\/ferrovial","https:\/\/www.pinterest.es\/ferrovial\/","https:\/\/www.youtube.com\/ferrovial","https:\/\/en.wikipedia.org\/wiki\/Ferrovial"]}]}},"_links":{"self":[{"href":"https:\/\/www.ferrovial.com\/es\/wp-json\/wp\/v2\/pages\/235762","targetHints":{"allow":["GET"]}}],"collection":[{"href":"https:\/\/www.ferrovial.com\/es\/wp-json\/wp\/v2\/pages"}],"about":[{"href":"https:\/\/www.ferrovial.com\/es\/wp-json\/wp\/v2\/types\/page"}],"replies":[{"embeddable":true,"href":"https:\/\/www.ferrovial.com\/es\/wp-json\/wp\/v2\/comments?post=235762"}],"version-history":[{"count":3,"href":"https:\/\/www.ferrovial.com\/es\/wp-json\/wp\/v2\/pages\/235762\/revisions"}],"predecessor-version":[{"id":239162,"href":"https:\/\/www.ferrovial.com\/es\/wp-json\/wp\/v2\/pages\/235762\/revisions\/239162"}],"up":[{"embeddable":true,"href":"https:\/\/www.ferrovial.com\/es\/wp-json\/wp\/v2\/pages\/227878"}],"wp:attachment":[{"href":"https:\/\/www.ferrovial.com\/es\/wp-json\/wp\/v2\/media?parent=235762"}],"curies":[{"name":"wp","href":"https:\/\/api.w.org\/{rel}","templated":true}]}}