{"id":235772,"date":"2022-07-29T11:41:21","date_gmt":"2022-07-29T09:41:21","guid":{"rendered":"https:\/\/www.ferrovial.com\/?page_id=235772"},"modified":"2022-09-16T13:51:18","modified_gmt":"2022-09-16T11:51:18","slug":"procesos-constructivos","status":"publish","type":"page","link":"https:\/\/www.ferrovial.com\/es\/stem\/procesos-constructivos\/","title":{"rendered":"Procesos constructivos"},"content":{"rendered":"    <m-final-content-header >\n            <c-breadcrumb label-text=\"Breadcrumb\" slot=\"breadcrumbs\" type='2' align='left' wrap='wrapped wrapped' aria-label='Vienes de STEM'>\n                        <ol>\n\n                                                            <li><a href=\"https:\/\/www.ferrovial.com\/es\/\" title=\"Ferrovial\">Ferrovial<\/a><\/li>\n                                                                        <li><a href=\"https:\/\/www.ferrovial.com\/es\/stem\/\" title=\"STEM\">STEM<\/a><\/li>\n                                    \n                <\/ol>\n\n                <\/c-breadcrumb>\n    \n        <div slot=\"header\">\n            <h1>\n                \u00bfQu\u00e9 son los procesos constructivos?            <\/h1>\n                    <\/div>\n    <\/m-final-content-header>\n\n    \n\n\n<m-wysiwig class=\"wp-block-components-wysiwyg\"><div slot=\"maincontent\">\n<script type=\"application\/ld+json\">\n{\n  \"@context\": \"https:\/\/schema.org\",\n  \"@type\": \"FAQPage\",\n  \"mainEntity\": [{\n    \"@type\": \"Question\",\n    \"name\": \"\u00bfQu\u00e9 son los procesos constructivos?\",\n    \"acceptedAnswer\": {\n      \"@type\": \"Answer\",\n      \"text\": \"Los procesos constructivos son el conjunto de pasos, fases o etapas necesarias para erigir un edificio o una infraestructura en un determinado tiempo. Si bien cada obra civil tiene sus propias caracter\u00edsticas y requerimientos, todo proceso constructivo plantea unos pasos comunes que deben tomarse en cuenta y ejecutarse a la hora de materializar la obra.\"\n    }\n  },{\n    \"@type\": \"Question\",\n    \"name\": \"\u00bfCu\u00e1les son las fases de los procesos constructivos?\",\n    \"acceptedAnswer\": {\n      \"@type\": \"Answer\",\n      \"text\": \"En l\u00edneas generales, antes durante y despu\u00e9s de ejecutar la obra, las fases se dividen en:\n<ol>\n<li><strong>Preconstrucci\u00f3n:<\/strong>es la fase de concepci\u00f3n y planificaci\u00f3n del proyecto, en la que se plantean las ideas antes de llevar a cabo el dise\u00f1o de la obra. Adem\u00e1s, se toma en cuenta lo siguiente:\n<ul><li>Ubicaci\u00f3n de la obra de construcci\u00f3n.\n<\/li>\n<li>Especificaci\u00f3n de los c\u00f3digos, documentos y reglamentos de construcci\u00f3n.<\/li>\n<li>Estudio de viabilidad de la obra, donde se eval\u00faa el prop\u00f3sito de la obra y los posibles obst\u00e1culos que puedan presentarse durante su ejecuci\u00f3n.<\/li>\n<li>B\u00fasqueda de autorizaciones, licencias y cumplimentaci\u00f3n de los aspectos legales.<\/li>\n<li>Evaluaci\u00f3n de los costes del proyecto.<\/li>\n<\/ul><\/li>\n<li><strong>Planificaci\u00f3n:<\/strong> es la etapa donde se confirman los t\u00e9rminos en los que el proyecto se ejecutar\u00e1, teniendo en cuenta elementos tales como: la ingenier\u00eda front-end, las pautas a nivel global y a nivel detalle, el control de costes, la planificaci\u00f3n y programaci\u00f3n de acciones y la integraci\u00f3n de sistemas de seguridad.<\/li>\n<li><strong>Abastecimiento de recursos:<\/strong> es la etapa en la que se gestionan los materiales y equipamiento que se utilizar\u00e1n a lo largo de la construcci\u00f3n. Implica la b\u00fasqueda y control de calidad de proveedores, evaluaci\u00f3n de ofertas, gesti\u00f3n de contratos y facturaci\u00f3n, entre otros.<\/li>\n<li><strong>Construcci\u00f3n:<\/strong> es la fase en la que se llevan a cabo los trabajos de la obra, con la planificaci\u00f3n, permisos y recursos definidos y aprobados. Esta fase, adem\u00e1s, se subdivide en otras:\n<ul>\n<li>Cierre del espacio p\u00fablico<\/li>\n<li>Nivelaci\u00f3n del terreno para construir una cimentaci\u00f3n s\u00f3lida y soportar el peso de carga y de la edificaci\u00f3n<\/li>\n<li>Levantamiento del esqueleto de la construcci\u00f3n<\/li>\n<li>Instalaci\u00f3n de los elementos auxiliares para la ejecuci\u00f3n de la obra<\/li>\n<li>Impermeabilizaci\u00f3n y aislamiento de muros, cubiertas o losas que permiten asegurar la durabilidad de la obra.<\/li>\n<li>Realizaci\u00f3n de acabados y cierres<\/li>\n<\/ul>\n<\/li>\n<li><strong>Finalizaci\u00f3n y mantenimiento:<\/strong> fase en la que se concluye la obra y en la que, adem\u00e1s, se establece un per\u00edodo de mantenimiento, prestando ciertos servicios posteriores tales como la gesti\u00f3n y cuidado de instalaciones, programas de mejora de rendimiento, etc.\n<\/li>\n<\/ol>\"\n    }\n  }]\n}\n<\/script><p>Los procesos constructivos son el <strong>conjunto de pasos, fases o etapas necesarias para erigir un <a href=\"https:\/\/www.ferrovial.com\/es-es\/recursos\/edificios\/\" target=\"_blank\" rel=\"noreferrer noopener\">edificio<\/a> o <a href=\"https:\/\/www.ferrovial.com\/es-es\/recursos\/infraestructuras\/\" target=\"_blank\" rel=\"noreferrer noopener\">una infraestructura<\/a><\/strong> en un determinado tiempo. Si bien cada <a href=\"https:\/\/www.ferrovial.com\/es-es\/recursos\/obra-civil\/\" target=\"_blank\" rel=\"noreferrer noopener\">obra civil<\/a> tiene sus propias caracter\u00edsticas y requerimientos, todo proceso constructivo plantea unos <strong>pasos comunes que deben tomarse en cuenta<\/strong> y ejecutarse a la hora de materializar la obra.<\/p>\n\n\n\n<p>Conocer el proceso constructivo, as\u00ed como tambi\u00e9n entender cada una de sus fases, <strong>permite que la toma de decisiones durante la construcci\u00f3n de la obra sea lo m\u00e1s informada y acertada posible<\/strong>, desde el punto de partida hasta el momento de su finalizaci\u00f3n.<\/p>\n\n\n\n<h2 class=\"wp-block-heading\">\u00bfCu\u00e1les son las fases de los procesos constructivos?<\/h2>\n\n\n\n<p>El comienzo de un proceso constructivo est\u00e1 marcado por un proyecto que avanza seg\u00fan bases generales de: <strong>iniciaci\u00f3n, planificaci\u00f3n, ejecuci\u00f3n, seguimiento y finalizaci\u00f3n.<\/strong> Antes de estas etapas, hay una fase previa que es de la redacci\u00f3n del <a href=\"https:\/\/www.ferrovial.com\/blog\/es\/nivel-2\/proyectos\/\" target=\"_blank\" rel=\"noreferrer noopener\">proyecto<\/a> por parte de los ingenieros y <a href=\"https:\/\/www.ferrovial.com\/es-es\/recursos\/arquitectos\/\" target=\"_blank\" rel=\"noreferrer noopener\">arquitectos<\/a> que intervendr\u00e1n en la obra y en el que <strong>se plantean los planos y la memoria.<\/strong><\/p>\n\n\n\n<p>En l\u00edneas generales, antes durante y despu\u00e9s de ejecutar la obra, las fases se dividen en:<\/p>\n\n\n\n<ol class=\"wp-block-list\"><li><strong>Preconstrucci\u00f3n: <\/strong>es la fase de concepci\u00f3n y planificaci\u00f3n del proyecto, en la que se plantean las ideas antes de llevar a cabo el dise\u00f1o de la obra. Adem\u00e1s, se toma en cuenta lo siguiente:<ul><li>Ubicaci\u00f3n de la obra de construcci\u00f3n.<\/li><li>Especificaci\u00f3n de los c\u00f3digos, documentos y reglamentos de construcci\u00f3n.<\/li><li>Estudio de viabilidad de la obra, donde se eval\u00faa el prop\u00f3sito de la obra y los posibles obst\u00e1culos que puedan presentarse durante su ejecuci\u00f3n.<\/li><li>B\u00fasqueda de autorizaciones, licencias y cumplimentaci\u00f3n de los aspectos legales.<\/li><li>Evaluaci\u00f3n de los costes del proyecto.<\/li><\/ul><\/li><li><strong>Planificaci\u00f3n:<\/strong> es la etapa donde se confirman los t\u00e9rminos en los que el proyecto se ejecutar\u00e1, teniendo en cuenta elementos tales como: la ingenier\u00eda front-end, las pautas a nivel global y a nivel detalle, el control de costes, la planificaci\u00f3n y programaci\u00f3n de acciones y la integraci\u00f3n de sistemas de seguridad.<\/li><li><strong>Abastecimiento de recursos:<\/strong> es la etapa en la que se gestionan los materiales y equipamiento que se utilizar\u00e1n a lo largo de la construcci\u00f3n. Implica la b\u00fasqueda y control de calidad de proveedores, evaluaci\u00f3n de ofertas, gesti\u00f3n de contratos y facturaci\u00f3n, entre otros.<\/li><li><strong>Construcci\u00f3n:<\/strong> es la fase en la que se llevan a cabo los trabajos de la obra, con la planificaci\u00f3n, permisos y recursos definidos y aprobados. Esta fase, adem\u00e1s, se subdivide en otras:<ul><li><strong>Cierre del espacio p\u00fablico<\/strong>, es decir, el aislamiento del espacio de construcci\u00f3n para que los transe\u00fantes no corran peligro mientras se realiza la obra. En esta fase, adem\u00e1s, se habilita el espacio para el personal de la obra con equipaci\u00f3n de servicios de red el\u00e9ctrica, conexi\u00f3n a internet o \u00e1reas de aseo.<\/li><li><strong>Nivelaci\u00f3n del terreno para construir una cimentaci\u00f3n s\u00f3lida<\/strong> y soportar el peso de carga y de la edificaci\u00f3n. Esta etapa, adem\u00e1s, debe responder a una evaluaci\u00f3n del impacto medioambiental.<\/li><li><strong>Levantamiento del esqueleto de la construcci\u00f3n<\/strong>, que supone la <a href=\"https:\/\/www.ferrovial.com\/blog\/es\/2022\/04\/barras-refuerzo-hormigon-armado\/\" target=\"_blank\" rel=\"noreferrer noopener\">estructura de la obra<\/a>, ya sea el armaz\u00f3n de un edificio o los pilares de un puente.<\/li><li><strong>Instalaci\u00f3n de los elementos auxiliares<\/strong> para la ejecuci\u00f3n de la obra, tales como conductos de ventilaci\u00f3n, canaletas de desag\u00fce, postes de iluminaci\u00f3n, etc.<\/li><li><strong>Impermeabilizaci\u00f3n y aislamiento<\/strong> de muros, cubiertas o losas que permiten asegurar la durabilidad de la obra.<\/li><li><strong>Realizaci\u00f3n de acabados y cierres<\/strong>, que constituyen la \u00faltima etapa de la fase de construcci\u00f3n y que comprenden tanto los que le dan valor visual como funcionalidad a la obra; la pintura de la fachada, la instalaci\u00f3n del sistema de cerrajer\u00eda y cristaler\u00eda, son algunos ejemplos.<\/li><\/ul><\/li><li><strong>Finalizaci\u00f3n y mantenimiento:<\/strong> fase en la que se concluye la obra y en la que, adem\u00e1s, se establece un per\u00edodo de mantenimiento, prestando ciertos servicios posteriores tales como la gesti\u00f3n y cuidado de instalaciones, programas de mejora de rendimiento, etc.<\/li><\/ol>\n<\/div><\/m-wysiwig>\n","protected":false},"excerpt":{"rendered":"","protected":false},"featured_media":0,"parent":227878,"menu_order":0,"comment_status":"closed","ping_status":"closed","template":"","meta":{"_acf_changed":false,"footnotes":""},"class_list":["post-235772","page","type-page","status-publish","hentry"],"acf":[],"yoast_head":"<!-- This site is optimized with the Yoast SEO plugin v27.2 - https:\/\/yoast.com\/product\/yoast-seo-wordpress\/ -->\n<title>Procesos constructivos - Ferrovial<\/title>\n<meta name=\"description\" content=\"Los procesos constructivos son el conjunto de pasos, fases o etapas necesarias para erigir un edificio o una infraestructura.\" \/>\n<meta name=\"robots\" content=\"index, follow, max-snippet:-1, max-image-preview:large, max-video-preview:-1\" \/>\n<link rel=\"canonical\" href=\"https:\/\/www.ferrovial.com\/es\/stem\/procesos-constructivos\/\" \/>\n<meta property=\"og:locale\" content=\"es_ES\" \/>\n<meta property=\"og:type\" content=\"article\" \/>\n<meta property=\"og:title\" content=\"Procesos constructivos - Ferrovial\" \/>\n<meta property=\"og:description\" content=\"Los procesos constructivos son el conjunto de pasos, fases o etapas necesarias para erigir un edificio o una infraestructura.\" \/>\n<meta property=\"og:url\" content=\"https:\/\/www.ferrovial.com\/es\/stem\/procesos-constructivos\/\" \/>\n<meta property=\"og:site_name\" content=\"Ferrovial\" \/>\n<meta property=\"article:publisher\" content=\"https:\/\/www.facebook.com\/ferrovial\" \/>\n<meta property=\"article:modified_time\" content=\"2022-09-16T11:51:18+00:00\" \/>\n<meta name=\"twitter:card\" content=\"summary_large_image\" \/>\n<meta name=\"twitter:site\" content=\"@ferrovial\" \/>\n<meta name=\"twitter:label1\" content=\"Est. reading time\" \/>\n\t<meta name=\"twitter:data1\" content=\"5 minutos\" \/>\n<!-- \/ Yoast SEO plugin. -->","yoast_head_json":{"title":"Procesos constructivos - Ferrovial","description":"Los procesos constructivos son el conjunto de pasos, fases o etapas necesarias para erigir un edificio o una infraestructura.","robots":{"index":"index","follow":"follow","max-snippet":"max-snippet:-1","max-image-preview":"max-image-preview:large","max-video-preview":"max-video-preview:-1"},"canonical":"https:\/\/www.ferrovial.com\/es\/stem\/procesos-constructivos\/","og_locale":"es_ES","og_type":"article","og_title":"Procesos constructivos - Ferrovial","og_description":"Los procesos constructivos son el conjunto de pasos, fases o etapas necesarias para erigir un edificio o una infraestructura.","og_url":"https:\/\/www.ferrovial.com\/es\/stem\/procesos-constructivos\/","og_site_name":"Ferrovial","article_publisher":"https:\/\/www.facebook.com\/ferrovial","article_modified_time":"2022-09-16T11:51:18+00:00","twitter_card":"summary_large_image","twitter_site":"@ferrovial","twitter_misc":{"Est. reading time":"5 minutos"},"schema":{"@context":"https:\/\/schema.org","@graph":[{"@type":"WebPage","@id":"https:\/\/www.ferrovial.com\/es\/stem\/procesos-constructivos\/","url":"https:\/\/www.ferrovial.com\/es\/stem\/procesos-constructivos\/","name":"Procesos constructivos - Ferrovial","isPartOf":{"@id":"https:\/\/www.ferrovial.com\/es\/#website"},"datePublished":"2022-07-29T09:41:21+00:00","dateModified":"2022-09-16T11:51:18+00:00","description":"Los procesos constructivos son el conjunto de pasos, fases o etapas necesarias para erigir un edificio o una infraestructura.","breadcrumb":{"@id":"https:\/\/www.ferrovial.com\/es\/stem\/procesos-constructivos\/#breadcrumb"},"inLanguage":"es","potentialAction":[{"@type":"ReadAction","target":["https:\/\/www.ferrovial.com\/es\/stem\/procesos-constructivos\/"]}]},{"@type":"BreadcrumbList","@id":"https:\/\/www.ferrovial.com\/es\/stem\/procesos-constructivos\/#breadcrumb","itemListElement":[{"@type":"ListItem","position":1,"name":"Portada","item":"https:\/\/www.ferrovial.com\/es\/"},{"@type":"ListItem","position":2,"name":"STEM","item":"https:\/\/www.ferrovial.com\/es\/stem\/"},{"@type":"ListItem","position":3,"name":"Procesos constructivos"}]},{"@type":"WebSite","@id":"https:\/\/www.ferrovial.com\/es\/#website","url":"https:\/\/www.ferrovial.com\/es\/","name":"Ferrovial","description":"Welcome to the Ferrovial&#039;s website, global operator of sustainable infrastructure. Here you can find all the information about the company and subsidiaries.","publisher":{"@id":"https:\/\/www.ferrovial.com\/es\/#organization"},"potentialAction":[{"@type":"SearchAction","target":{"@type":"EntryPoint","urlTemplate":"https:\/\/www.ferrovial.com\/es\/?s={search_term_string}"},"query-input":{"@type":"PropertyValueSpecification","valueRequired":true,"valueName":"search_term_string"}}],"inLanguage":"es"},{"@type":"Organization","@id":"https:\/\/www.ferrovial.com\/es\/#organization","name":"Ferrovial S.A.","url":"https:\/\/www.ferrovial.com\/es\/","logo":{"@type":"ImageObject","inLanguage":"es","@id":"https:\/\/www.ferrovial.com\/es\/#\/schema\/logo\/image\/","url":"https:\/\/static.ferrovial.com\/wp-content\/uploads\/2020\/01\/13124948\/logo-ferrovial-cf7.png","contentUrl":"https:\/\/static.ferrovial.com\/wp-content\/uploads\/2020\/01\/13124948\/logo-ferrovial-cf7.png","width":144,"height":32,"caption":"Ferrovial S.A."},"image":{"@id":"https:\/\/www.ferrovial.com\/es\/#\/schema\/logo\/image\/"},"sameAs":["https:\/\/www.facebook.com\/ferrovial","https:\/\/x.com\/ferrovial","https:\/\/www.instagram.com\/ferrovial\/","https:\/\/www.linkedin.com\/company\/ferrovial","https:\/\/www.pinterest.es\/ferrovial\/","https:\/\/www.youtube.com\/ferrovial","https:\/\/en.wikipedia.org\/wiki\/Ferrovial"]}]}},"_links":{"self":[{"href":"https:\/\/www.ferrovial.com\/es\/wp-json\/wp\/v2\/pages\/235772","targetHints":{"allow":["GET"]}}],"collection":[{"href":"https:\/\/www.ferrovial.com\/es\/wp-json\/wp\/v2\/pages"}],"about":[{"href":"https:\/\/www.ferrovial.com\/es\/wp-json\/wp\/v2\/types\/page"}],"replies":[{"embeddable":true,"href":"https:\/\/www.ferrovial.com\/es\/wp-json\/wp\/v2\/comments?post=235772"}],"version-history":[{"count":3,"href":"https:\/\/www.ferrovial.com\/es\/wp-json\/wp\/v2\/pages\/235772\/revisions"}],"predecessor-version":[{"id":239163,"href":"https:\/\/www.ferrovial.com\/es\/wp-json\/wp\/v2\/pages\/235772\/revisions\/239163"}],"up":[{"embeddable":true,"href":"https:\/\/www.ferrovial.com\/es\/wp-json\/wp\/v2\/pages\/227878"}],"wp:attachment":[{"href":"https:\/\/www.ferrovial.com\/es\/wp-json\/wp\/v2\/media?parent=235772"}],"curies":[{"name":"wp","href":"https:\/\/api.w.org\/{rel}","templated":true}]}}