{"id":235776,"date":"2022-07-29T11:58:05","date_gmt":"2022-07-29T09:58:05","guid":{"rendered":"https:\/\/www.ferrovial.com\/?page_id=235776"},"modified":"2024-06-05T12:06:59","modified_gmt":"2024-06-05T10:06:59","slug":"construccion-sostenible","status":"publish","type":"page","link":"https:\/\/www.ferrovial.com\/es\/stem\/construccion-sostenible\/","title":{"rendered":"Construcci\u00f3n sostenible"},"content":{"rendered":"    <m-final-content-header >\n            <c-breadcrumb label-text=\"Breadcrumb\" slot=\"breadcrumbs\" type='2' align='left' wrap='wrapped wrapped' aria-label='Vienes de STEM'>\n                        <ol>\n\n                                                            <li><a href=\"https:\/\/www.ferrovial.com\/es\/\" title=\"Ferrovial\">Ferrovial<\/a><\/li>\n                                                                        <li><a href=\"https:\/\/www.ferrovial.com\/es\/stem\/\" title=\"STEM\">STEM<\/a><\/li>\n                                    \n                <\/ol>\n\n                <\/c-breadcrumb>\n    \n        <div slot=\"header\">\n            <h1>\n                \u00bfQu\u00e9 es la construcci\u00f3n sostenible?            <\/h1>\n                    <\/div>\n    <\/m-final-content-header>\n\n    \n\n\n<m-wysiwig class=\"wp-block-components-wysiwyg\"><div slot=\"maincontent\">\n<p><script type=\"application\/ld+json\">\n{\n  \"@context\": \"https:\/\/schema.org\",\n  \"@type\": \"FAQPage\",\n  \"mainEntity\": [{\n    \"@type\": \"Question\",\n    \"name\": \"\u00bfQu\u00e9 es la construcci\u00f3n sostenible?\",\n    \"acceptedAnswer\": {\n      \"@type\": \"Answer\",\n      \"text\": \"La sostenible es un modelo de construcci\u00f3n que implica el uso eficiente de los recursos y materiales para reducir, en la mayor medida posible, el impacto negativo en el medioambiente en todas las fases de construcci\u00f3n de un edificio o infraestructura. Esto se aplica desde el dise\u00f1o del proyecto hasta la gesti\u00f3n de los residuos en caso de demolici\u00f3n.\"\n    }\n  },{\n    \"@type\": \"Question\",\n    \"name\": \"\u00bfCu\u00e1les son las ventajas de la construcci\u00f3n sostenible?\",\n    \"acceptedAnswer\": {\n      \"@type\": \"Answer\",\n      \"text\": \"Adem\u00e1s de sus ventajas medioambientales, la construcci\u00f3n sostenible tambi\u00e9n supone beneficios a nivel econ\u00f3mico y social; algunas de ellas son:\n<ol>\n<li>Extensi\u00f3n del ciclo de vida del edificio<\/li>\n<li>Reducci\u00f3n de agentes contaminantes<\/li>\n<li>Gesti\u00f3n eficiente de los recursos<\/li>\n<li>Reducci\u00f3n de coste de consumo de energ\u00eda:<\/li>\n<\/ol>\"\n    }\n  },{\n    \"@type\": \"Question\",\n    \"name\": \"\u00bfQu\u00e9 factores deben tomarse en cuenta a la hora de elegir materiales para una construcci\u00f3n sostenible?\",\n    \"acceptedAnswer\": {\n      \"@type\": \"Answer\",\n      \"text\": \"<ul>\n<li>La cantidad de emisiones de CO2 que produce su fabricaci\u00f3n, transporte y utilizaci\u00f3n.<\/li>\n<li>La durabilidad y eficiencia de los materiales a lo largo de la vida \u00fatil de la infraestructura.<\/li>\n<li>La proximidad de la fuente, de manera que su transporte no implique un mayor gasto de recursos y un impacto ecol\u00f3gico.<\/li>\n<li>La posibilidad de utilizar materiales recuperados.<\/li>\n<li>La capacidad de reutilizaci\u00f3n, reciclaje o biodegradaci\u00f3n de los materiales.<\/li>\n<li>La predilecci\u00f3n por pinturas, adhesivos y aislantes ecol\u00f3gicos, especialmente sin compuestos org\u00e1nicos vol\u00e1tiles (COV) que son los m\u00e1s contaminantes.<\/li>\n<\/ul>\"\n    }\n  },{\n    \"@type\": \"Question\",\n    \"name\": \"\u00bfCu\u00e1les son los materiales m\u00e1s comunes para la construcci\u00f3n sostenibles?\",\n    \"acceptedAnswer\": {\n      \"@type\": \"Answer\",\n      \"text\": \"Los materiales m\u00e1s utilizados son: la madera, el corcho, el barro corrido, el bamb\u00fa y la piedra. Estos contrastan con los materiales que, habitualmente, se usan en las construcciones convencionales, como hormig\u00f3n o PCV, que contienen aditivos qu\u00edmico-sint\u00e9ticos.\"\n    }\n  },{\n    \"@type\": \"Question\",\n    \"name\": \"\u00bfCu\u00e1les son los sistemas de climatizaci\u00f3n m\u00e1s eficientes en la construcci\u00f3n sostenible?\",\n    \"acceptedAnswer\": {\n      \"@type\": \"Answer\",\n      \"text\": \"Crear e instalar sistemas de climatizaci\u00f3n con tecnolog\u00edas eficientes integradas que permitan el ahorro energ\u00e9tico es uno de los objetivos de la construcci\u00f3n sostenible. Algunos de los mejores son:\n<ol>\n<li>Sistema de ventilaci\u00f3n de doble flujo: sistema que realiza por sus propios medios la extracci\u00f3n de aire hacia el exterior y, al mismo tiempo, la introducci\u00f3n de aire nuevo. En este proceso hay un consumo menor de energ\u00eda.<\/li>\n<li>Suelo radiante: sistema de calefacci\u00f3n con tubos que se encuentran por debajo del suelo, una opci\u00f3n con mayor eficiencia energ\u00e9tica que el sistema tradicional, puesto que el aire caliente tiende a subir, calentando as\u00ed toda la habitaci\u00f3n. Algunos de estos sistemas se valen de la energ\u00eda solar y t\u00e9rmica e, incluso, la geotermia para calentar el agua que circula por los tubos.<\/li>\n<li>Aerotermia: sistema de refrigeraci\u00f3n, calefacci\u00f3n y generaci\u00f3n de agua caliente, a partir de la extracci\u00f3n de energ\u00eda de la temperatura del aire transferida al espacio.<\/li>\n<\/ol>\"\n    }\n  }]\n}\n<\/script><p>La sostenible es un modelo de construcci\u00f3n que implica el <strong>uso eficiente de los recursos y materiales<\/strong> para reducir, en la mayor medida posible, el impacto negativo en el medioambiente <strong>en todas las fases de construcci\u00f3n de un <a href=\"https:\/\/www.ferrovial.com\/es-es\/recursos\/edificios\/\" target=\"_blank\" rel=\"noreferrer noopener\">edificio<\/a> o infraestructura.<\/strong> Esto se aplica desde el dise\u00f1o del proyecto hasta la gesti\u00f3n de los <a href=\"https:\/\/www.ferrovial.com\/es-es\/recursos\/residuos\/\" target=\"_blank\" rel=\"noreferrer noopener\">residuos<\/a> en caso de demolici\u00f3n.<\/p><\/p>\n\n\n\n<p>De acuerdo con un estudio realizado por <em>Green Building Council Espa\u00f1a<\/em> (GBCe), el sector de la construcci\u00f3n <strong>genera 20% de las emisiones de gases de efecto invernadero<\/strong>, adem\u00e1s de representar el <strong>30% del consumo energ\u00e9tico<\/strong>. Por esto es fundamental desarrollar estrategias de construcci\u00f3n sostenible que, adem\u00e1s, mejoren la eficiencia energ\u00e9tica de las edificaciones, promuevan la <a href=\"https:\/\/www.ferrovial.com\/es-es\/sostenibilidad\/medio-ambiente\/economia-circular\/\" target=\"_blank\" rel=\"noreferrer noopener\">econom\u00eda circular<\/a> y optimicen el uso de materias primas.<\/p>\n\n\n\n<h2 class=\"wp-block-heading\">\u00bfCu\u00e1les son las ventajas de la construcci\u00f3n sostenible?<\/h2>\n\n\n\n<p>Adem\u00e1s de sus ventajas medioambientales, la construcci\u00f3n sostenible tambi\u00e9n supone <strong>beneficios a nivel econ\u00f3mico y social<\/strong>; algunas de ellas son:<\/p>\n\n\n\n<ol class=\"wp-block-list\">\n<li><strong>Extensi\u00f3n del ciclo de vida del edificio:<\/strong> al mejorar los procesos con los que se planifican y edifican. Esto, adem\u00e1s, se traduce en el aumento del valor de la vivienda y su competitividad en el mercado.<\/li>\n\n\n\n<li><strong>Reducci\u00f3n de agentes contaminantes:<\/strong> en la planificaci\u00f3n de un edificio sostenible se eligen materiales cuya producci\u00f3n, utilizaci\u00f3n y descarte tengan un bajo impacto ambiental.<\/li>\n\n\n\n<li><strong>Gesti\u00f3n eficiente de los recursos:<\/strong> lo que permite optimizar los costos relacionados con las instalaciones el\u00e9ctricas, mec\u00e1nicas y estructurales, aplicando un dise\u00f1o integrado.<\/li>\n\n\n\n<li><strong>Reducci\u00f3n de coste de consumo de energ\u00eda:<\/strong> se busca optimizar los sistemas de <a href=\"https:\/\/www.ferrovial.com\/es\/stem\/iluminacion\/\" target=\"_blank\" rel=\"noreferrer noopener\">iluminaci\u00f3n<\/a> (aprovechando luz natural para reducir el consumo de luz artificial, instalando sensores y temporizadores, etc.), el <a href=\"https:\/\/www.ferrovial.com\/es\/stem\/aislamiento\/\" target=\"_blank\" rel=\"noreferrer noopener\">aislamiento<\/a> t\u00e9rmico (minimizando la necesidad de sistemas de climatizaci\u00f3n), etc. Tambi\u00e9n tiene que ver con la posibilidad de generar energ\u00edas renovables en el mismo sistema, por ejemplo, con paneles solares. La construcci\u00f3n sostenible implica un ahorro de hasta un 30% respecto al consumo de una infraestructura convencional.<\/li>\n<\/ol>\n\n\n\n<h2 class=\"wp-block-heading\">\u00bfQu\u00e9 factores deben tomarse en cuenta a la hora de elegir materiales para una construcci\u00f3n sostenible?<\/h2>\n\n\n\n<ul class=\"wp-block-list\">\n<li>La cantidad de <strong><a href=\"https:\/\/www.ferrovial.com\/blog\/es\/2020\/08\/reducir-emisiones-de-carbono-en-entorno-urbanistico\/\" target=\"_blank\" rel=\"noreferrer noopener\">emisiones<\/a> de CO2<\/strong> que produce su fabricaci\u00f3n, transporte y utilizaci\u00f3n.<\/li>\n\n\n\n<li>La <strong>durabilidad y eficiencia<\/strong> de los materiales a lo largo de la vida \u00fatil de la infraestructura.<\/li>\n\n\n\n<li>La <strong>proximidad de la fuente<\/strong>, de manera que su transporte no implique un mayor gasto de recursos y un impacto ecol\u00f3gico.<\/li>\n\n\n\n<li>La posibilidad de utilizar <strong>materiales recuperados<\/strong>.<\/li>\n\n\n\n<li>La capacidad de <strong>reutilizaci\u00f3n, reciclaje<\/strong> o biodegradaci\u00f3n de los materiales.<\/li>\n\n\n\n<li>La predilecci\u00f3n por <strong>pinturas, adhesivos y aislantes ecol\u00f3gicos<\/strong>, especialmente sin <a href=\"https:\/\/www.miteco.gob.es\/es\/calidad-y-evaluacion-ambiental\/temas\/atmosfera-y-calidad-del-aire\/emisiones\/act-emis\/compuestos_organicos_volatiles.aspx#:~:text=Los%20compuestos%20org%C3%A1nicos%20vol%C3%A1tiles%20(COV,muy%20vol%C3%A1tiles%20a%20dicha%20temperatura.\" target=\"_blank\" rel=\"noreferrer noopener\">compuestos org\u00e1nicos vol\u00e1tiles (COV) <\/a>que son los m\u00e1s contaminantes.<\/li>\n<\/ul>\n\n\n\n<h2 class=\"wp-block-heading\">\u00bfCu\u00e1les son los materiales m\u00e1s comunes para la construcci\u00f3n sostenibles?<\/h2>\n\n\n\n<p>Los materiales m\u00e1s utilizados son: <strong>la madera, el corcho, el barro corrido, el bamb\u00fa y la piedra. <\/strong>Estos contrastan con los materiales que, habitualmente, se usan en las construcciones convencionales, como hormig\u00f3n o PCV, que contienen aditivos qu\u00edmico-sint\u00e9ticos.<\/p>\n\n\n\n<h2 class=\"wp-block-heading\">\u00bfCu\u00e1les son los sistemas de climatizaci\u00f3n m\u00e1s eficientes en la construcci\u00f3n sostenible?<\/h2>\n\n\n\n<p>Crear e instalar sistemas de climatizaci\u00f3n con tecnolog\u00edas eficientes integradas que permitan el ahorro energ\u00e9tico es uno de los objetivos de la construcci\u00f3n sostenible. Algunos de los mejores son:<\/p>\n\n\n\n<ol class=\"wp-block-list\">\n<li><strong>Sistema de ventilaci\u00f3n de doble flujo:<\/strong> sistema que realiza por sus propios medios la extracci\u00f3n de aire hacia el exterior y, al mismo tiempo, la introducci\u00f3n de aire nuevo. En este proceso hay un consumo menor de energ\u00eda.<\/li>\n\n\n\n<li><strong>Suelo radiante:<\/strong> sistema de calefacci\u00f3n con tubos que se encuentran por debajo del suelo, una opci\u00f3n con mayor eficiencia energ\u00e9tica que el sistema tradicional, puesto que el aire caliente tiende a subir, calentando as\u00ed toda la habitaci\u00f3n. Algunos de estos sistemas se valen de la energ\u00eda solar y t\u00e9rmica e, incluso, la <strong>geotermia<\/strong> para calentar el agua que circula por los tubos.<\/li>\n\n\n\n<li><strong><a href=\"https:\/\/www.ferrovial.com\/blog\/es\/2019\/03\/energia-termica-aire-aerotermia\/\" target=\"_blank\" rel=\"noreferrer noopener\">Aerotermia<\/a>:<\/strong> sistema de refrigeraci\u00f3n, calefacci\u00f3n y generaci\u00f3n de agua caliente, a partir de la extracci\u00f3n de energ\u00eda de la temperatura del aire transferida al espacio.<\/li>\n<\/ol>\n<\/div><\/m-wysiwig>\n","protected":false},"excerpt":{"rendered":"","protected":false},"featured_media":0,"parent":227878,"menu_order":0,"comment_status":"closed","ping_status":"closed","template":"","meta":{"_acf_changed":false,"footnotes":""},"class_list":["post-235776","page","type-page","status-publish","hentry"],"acf":[],"yoast_head":"<!-- This site is optimized with the Yoast SEO plugin v27.2 - https:\/\/yoast.com\/product\/yoast-seo-wordpress\/ -->\n<title>Construcci\u00f3n sostenible, qu\u00e9 es, factores, materiales, ventajas...<\/title>\n<meta name=\"description\" content=\"La construcci\u00f3n sostenible implica el uso eficiente de recursos y materiales para reducir el impacto negativo en el medioambiente.\" \/>\n<meta name=\"robots\" content=\"index, follow, max-snippet:-1, max-image-preview:large, max-video-preview:-1\" \/>\n<link rel=\"canonical\" href=\"https:\/\/www.ferrovial.com\/es\/stem\/construccion-sostenible\/\" \/>\n<meta property=\"og:locale\" content=\"es_ES\" \/>\n<meta property=\"og:type\" content=\"article\" \/>\n<meta property=\"og:title\" content=\"Construcci\u00f3n sostenible, qu\u00e9 es, factores, materiales, ventajas...\" \/>\n<meta property=\"og:description\" content=\"La construcci\u00f3n sostenible implica el uso eficiente de recursos y materiales para reducir el impacto negativo en el medioambiente.\" \/>\n<meta property=\"og:url\" content=\"https:\/\/www.ferrovial.com\/es\/stem\/construccion-sostenible\/\" \/>\n<meta property=\"og:site_name\" content=\"Ferrovial\" \/>\n<meta property=\"article:publisher\" content=\"https:\/\/www.facebook.com\/ferrovial\" \/>\n<meta property=\"article:modified_time\" content=\"2024-06-05T10:06:59+00:00\" \/>\n<meta name=\"twitter:card\" content=\"summary_large_image\" \/>\n<meta name=\"twitter:site\" content=\"@ferrovial\" \/>\n<meta name=\"twitter:label1\" content=\"Est. reading time\" \/>\n\t<meta name=\"twitter:data1\" content=\"3 minutos\" \/>\n<!-- \/ Yoast SEO plugin. -->","yoast_head_json":{"title":"Construcci\u00f3n sostenible, qu\u00e9 es, factores, materiales, ventajas...","description":"La construcci\u00f3n sostenible implica el uso eficiente de recursos y materiales para reducir el impacto negativo en el medioambiente.","robots":{"index":"index","follow":"follow","max-snippet":"max-snippet:-1","max-image-preview":"max-image-preview:large","max-video-preview":"max-video-preview:-1"},"canonical":"https:\/\/www.ferrovial.com\/es\/stem\/construccion-sostenible\/","og_locale":"es_ES","og_type":"article","og_title":"Construcci\u00f3n sostenible, qu\u00e9 es, factores, materiales, ventajas...","og_description":"La construcci\u00f3n sostenible implica el uso eficiente de recursos y materiales para reducir el impacto negativo en el medioambiente.","og_url":"https:\/\/www.ferrovial.com\/es\/stem\/construccion-sostenible\/","og_site_name":"Ferrovial","article_publisher":"https:\/\/www.facebook.com\/ferrovial","article_modified_time":"2024-06-05T10:06:59+00:00","twitter_card":"summary_large_image","twitter_site":"@ferrovial","twitter_misc":{"Est. reading time":"3 minutos"},"schema":{"@context":"https:\/\/schema.org","@graph":[{"@type":"WebPage","@id":"https:\/\/www.ferrovial.com\/es\/stem\/construccion-sostenible\/","url":"https:\/\/www.ferrovial.com\/es\/stem\/construccion-sostenible\/","name":"Construcci\u00f3n sostenible, qu\u00e9 es, factores, materiales, ventajas...","isPartOf":{"@id":"https:\/\/www.ferrovial.com\/es\/#website"},"datePublished":"2022-07-29T09:58:05+00:00","dateModified":"2024-06-05T10:06:59+00:00","description":"La construcci\u00f3n sostenible implica el uso eficiente de recursos y materiales para reducir el impacto negativo en el medioambiente.","breadcrumb":{"@id":"https:\/\/www.ferrovial.com\/es\/stem\/construccion-sostenible\/#breadcrumb"},"inLanguage":"es","potentialAction":[{"@type":"ReadAction","target":["https:\/\/www.ferrovial.com\/es\/stem\/construccion-sostenible\/"]}]},{"@type":"BreadcrumbList","@id":"https:\/\/www.ferrovial.com\/es\/stem\/construccion-sostenible\/#breadcrumb","itemListElement":[{"@type":"ListItem","position":1,"name":"Portada","item":"https:\/\/www.ferrovial.com\/es\/"},{"@type":"ListItem","position":2,"name":"STEM","item":"https:\/\/www.ferrovial.com\/es\/stem\/"},{"@type":"ListItem","position":3,"name":"Construcci\u00f3n sostenible"}]},{"@type":"WebSite","@id":"https:\/\/www.ferrovial.com\/es\/#website","url":"https:\/\/www.ferrovial.com\/es\/","name":"Ferrovial","description":"Welcome to the Ferrovial&#039;s website, global operator of sustainable infrastructure. Here you can find all the information about the company and subsidiaries.","publisher":{"@id":"https:\/\/www.ferrovial.com\/es\/#organization"},"potentialAction":[{"@type":"SearchAction","target":{"@type":"EntryPoint","urlTemplate":"https:\/\/www.ferrovial.com\/es\/?s={search_term_string}"},"query-input":{"@type":"PropertyValueSpecification","valueRequired":true,"valueName":"search_term_string"}}],"inLanguage":"es"},{"@type":"Organization","@id":"https:\/\/www.ferrovial.com\/es\/#organization","name":"Ferrovial S.A.","url":"https:\/\/www.ferrovial.com\/es\/","logo":{"@type":"ImageObject","inLanguage":"es","@id":"https:\/\/www.ferrovial.com\/es\/#\/schema\/logo\/image\/","url":"https:\/\/static.ferrovial.com\/wp-content\/uploads\/2020\/01\/13124948\/logo-ferrovial-cf7.png","contentUrl":"https:\/\/static.ferrovial.com\/wp-content\/uploads\/2020\/01\/13124948\/logo-ferrovial-cf7.png","width":144,"height":32,"caption":"Ferrovial S.A."},"image":{"@id":"https:\/\/www.ferrovial.com\/es\/#\/schema\/logo\/image\/"},"sameAs":["https:\/\/www.facebook.com\/ferrovial","https:\/\/x.com\/ferrovial","https:\/\/www.instagram.com\/ferrovial\/","https:\/\/www.linkedin.com\/company\/ferrovial","https:\/\/www.pinterest.es\/ferrovial\/","https:\/\/www.youtube.com\/ferrovial","https:\/\/en.wikipedia.org\/wiki\/Ferrovial"]}]}},"_links":{"self":[{"href":"https:\/\/www.ferrovial.com\/es\/wp-json\/wp\/v2\/pages\/235776","targetHints":{"allow":["GET"]}}],"collection":[{"href":"https:\/\/www.ferrovial.com\/es\/wp-json\/wp\/v2\/pages"}],"about":[{"href":"https:\/\/www.ferrovial.com\/es\/wp-json\/wp\/v2\/types\/page"}],"replies":[{"embeddable":true,"href":"https:\/\/www.ferrovial.com\/es\/wp-json\/wp\/v2\/comments?post=235776"}],"version-history":[{"count":3,"href":"https:\/\/www.ferrovial.com\/es\/wp-json\/wp\/v2\/pages\/235776\/revisions"}],"predecessor-version":[{"id":283112,"href":"https:\/\/www.ferrovial.com\/es\/wp-json\/wp\/v2\/pages\/235776\/revisions\/283112"}],"up":[{"embeddable":true,"href":"https:\/\/www.ferrovial.com\/es\/wp-json\/wp\/v2\/pages\/227878"}],"wp:attachment":[{"href":"https:\/\/www.ferrovial.com\/es\/wp-json\/wp\/v2\/media?parent=235776"}],"curies":[{"name":"wp","href":"https:\/\/api.w.org\/{rel}","templated":true}]}}