{"id":235783,"date":"2022-07-29T13:40:08","date_gmt":"2022-07-29T11:40:08","guid":{"rendered":"https:\/\/www.ferrovial.com\/?page_id=235783"},"modified":"2024-09-25T10:28:37","modified_gmt":"2024-09-25T08:28:37","slug":"software","status":"publish","type":"page","link":"https:\/\/www.ferrovial.com\/es\/stem\/software\/","title":{"rendered":"Software"},"content":{"rendered":"    <m-final-content-header >\n            <c-breadcrumb label-text=\"Breadcrumb\" slot=\"breadcrumbs\" type='2' align='left' wrap='wrapped wrapped' aria-label='Vienes de STEM'>\n                        <ol>\n\n                                                            <li><a href=\"https:\/\/www.ferrovial.com\/es\/\" title=\"Ferrovial\">Ferrovial<\/a><\/li>\n                                                                        <li><a href=\"https:\/\/www.ferrovial.com\/es\/stem\/\" title=\"STEM\">STEM<\/a><\/li>\n                                    \n                <\/ol>\n\n                <\/c-breadcrumb>\n    \n        <div slot=\"header\">\n            <h1>\n                \u00bfQu\u00e9 es el software?            <\/h1>\n                    <\/div>\n    <\/m-final-content-header>\n\n    \n\n\n<m-wysiwig class=\"wp-block-components-wysiwyg\"><div slot=\"maincontent\">\n<p><script type=\"application\/ld+json\">\n{\n  \"@context\": \"https:\/\/schema.org\",\n  \"@type\": \"FAQPage\",\n  \"mainEntity\": [{\n    \"@type\": \"Question\",\n    \"name\": \"\u00bfQu\u00e9 es el software?\",\n    \"acceptedAnswer\": {\n      \"@type\": \"Answer\",\n      \"text\": \"El t\u00e9rmino software hace referencia a los componentes intangibles y no f\u00edsicos que forman parte de dispositivos electr\u00f3nicos como ordenadores, smartphones, tablets, robots, etc. Un software es fundamental para el correcto funcionamiento del sistema de un equipo electr\u00f3nico, y est\u00e1 constituido por aplicaciones y programas especialmente dise\u00f1ados con este prop\u00f3sito.\"\n    }\n  },{\n    \"@type\": \"Question\",\n    \"name\": \"\u00bfQu\u00e9 tipos de software existen?\",\n    \"acceptedAnswer\": {\n      \"@type\": \"Answer\",\n      \"text\": \"<ol>\n<li>De sistema<\/li>\n<li>De aplicaci\u00f3n<\/li>\n<li>De programaci\u00f3n<\/li>\n<\/ol>\"\n    }\n  },{\n    \"@type\": \"Question\",\n    \"name\": \"\u00bfQu\u00e9 es la especificaci\u00f3n de requisitos de software?\",\n    \"acceptedAnswer\": {\n      \"@type\": \"Answer\",\n      \"text\": \"En las especificaciones de requisitos de software se describe de forma extensiva y completa el comportamiento del sistema que se va a desarrollar. En ellas se establecen las las pautas, los pasos a seguir y los ejemplos de uso de las interacciones que tendr\u00e1n los usuarios con el software.\"\n    }\n  },{\n    \"@type\": \"Question\",\n    \"name\": \"\u00bfQu\u00e9 es un software de c\u00f3digo abierto y de c\u00f3digo libre?\",\n    \"acceptedAnswer\": {\n      \"@type\": \"Answer\",\n      \"text\": \"Tambi\u00e9n conocido como Open Source Software (OSS, por sus siglas en ingl\u00e9s), el software de c\u00f3digo abierto es uno de los m\u00e1s populares. Se trata de programas gratuitos que hacen p\u00fablico el c\u00f3digo fuente para que cualquier usuario pueda cambiarlo. Incluso, el c\u00f3digo abierto puede ser de car\u00e1cter contributivo.\nSi bien los t\u00e9rminos software de c\u00f3digo abierto y software de c\u00f3digo libre suelen usarse indistintamente, existen ligeras diferencias entre ambos. Este \u00faltimo fue un concepto introducido alrededor de 1984 que buscaba darle valor a la libertad del usuario en cuanto al uso de programas. Un software se considera de c\u00f3digo libre cuando: se puede usar con cualquier fin, se puede estudiar para conocer su funcionamiento, se pueden distribuir copias y puede ser mejorado por cualquier usuario.\"\n    }\n  }]\n}\n<\/script><p>El t\u00e9rmino <em>software<\/em> hace referencia a los <strong>componentes intangibles y no f\u00edsicos que forman parte de dispositivos electr\u00f3nicos<\/strong> como ordenadores, <em>smartphones<\/em>, <em>tablets<\/em>, robots, etc. Un <em>software<\/em> es fundamental para el <strong>correcto funcionamiento del sistema de un equipo electr\u00f3nico<\/strong>, y est\u00e1 constituido por <strong>aplicaciones y programas especialmente dise\u00f1ados <\/strong>con este prop\u00f3sito.<\/p><\/p>\n\n\n\n<p>Los <em>softwares<\/em> operan de distintas maneras y con m\u00faltiples funciones para <strong>resolver problemas asociados a los dispositivos<\/strong> y a las necesidades de los usuarios que hacen uso de ellos. Los programas y aplicaciones le indican al <em><a href=\"https:\/\/www.ferrovial.com\/es\/stem\/hardware\/\" target=\"_blank\" rel=\"noreferrer noopener\">hardware<\/a><\/em> (parte f\u00edsica y tangible de los dispositivos) los pasos a seguir a trav\u00e9s de instrucciones.<\/p>\n\n\n\n<h2 class=\"wp-block-heading\">\u00bfQu\u00e9 tipos de <em>software<\/em> existen?<\/h2>\n\n\n\n<p>De acuerdo con su funci\u00f3n, un <em>software<\/em> puede ser:<\/p>\n\n\n\n<ol class=\"wp-block-list\">\n<li><strong>De sistema:<\/strong> se trata de programas que les permiten a los usuarios la posibilidad de interactuar con el sistema, adem\u00e1s de servir como soporte para otros programas. Un ejemplo de este tipo de <em>software<\/em> son los sistemas operativos o servidores, como iOS o Windows.<\/li>\n\n\n\n<li><strong>De aplicaci\u00f3n:<\/strong> son programas espec\u00edficamente dise\u00f1ados e instalados por el usuario en el sistema para realizar una o varias tareas en simult\u00e1neo. No tienen que ver con el funcionamiento del ordenador, sino que se instalan en \u00e9l para dotarlo de funciones. Un ejemplo de este tipo de <em>software<\/em> son los videojuegos o un navegador web.<\/li>\n\n\n\n<li><strong>De programaci\u00f3n:<\/strong> son las herramientas que le permiten desarrollar programas inform\u00e1ticos a trav\u00e9s de lenguajes de programaci\u00f3n. Un ejemplo de este tipo de <em>software<\/em> es <em>JavaScript<\/em>.<\/li>\n<\/ol>\n\n\n\n<h2 class=\"wp-block-heading\">\u00bfQu\u00e9 es la especificaci\u00f3n de requisitos de <em>software<\/em>?<\/h2>\n\n\n\n<p>En las especificaciones de requisitos de <em>software<\/em> se describe de forma extensiva y completa <strong>el comportamiento del sistema que se va a desarrollar<\/strong>. En ellas se establecen las pautas, los pasos a seguir y los ejemplos de uso de las interacciones que tendr\u00e1n los usuarios con el <em>software<\/em>.<\/p>\n\n\n\n<p>En este tipo de manual, est\u00e1n los <strong>requisitos funcionales y no funcionales<\/strong>; estos \u00faltimos plantean las restricciones a nivel dise\u00f1o o implementaci\u00f3n del sistema, que son de car\u00e1cter complementario, no indispensable para el correcto funcionamiento del sistema. El documento de especificaciones <strong>est\u00e1 dirigido tanto al cliente que solicita el dise\u00f1o del <em>software<\/em> como al equipo de desarrollo.<\/strong><\/p>\n\n\n\n<p>Un buen manual de especificaciones de requisitos debe seguir las siguientes pautas:<\/p>\n\n\n\n<ul class=\"wp-block-list\">\n<li><strong>Definici\u00f3n<\/strong> correcta y completa.<\/li>\n\n\n\n<li><strong>Consistencia:<\/strong> debe ser coherente con los requisitos establecidos al inicio.<\/li>\n\n\n\n<li><strong>Claridad:<\/strong> el documento debe estar redactado de manera que su interpretaci\u00f3n sea clara e inequ\u00edvoca.<\/li>\n\n\n\n<li><strong>Trazabilidad:<\/strong> debe permitir la correcta verificaci\u00f3n de la historia de usuario, la ubicaci\u00f3n o aplicaci\u00f3n de un determinado punto o requisito, esto gracias al correcto almacenaje y documentaci\u00f3n.<\/li>\n\n\n\n<li><strong>Priorizaci\u00f3n:<\/strong> cada requisito debe estar organizado por orden de importancia para el cliente que quiere desarrollarlo.<\/li>\n\n\n\n<li><strong>Modificable:<\/strong> debe ofrecer la opci\u00f3n de modificaci\u00f3n y que esta sea f\u00e1cil de realizar.<\/li>\n\n\n\n<li><strong>Verificable:<\/strong> debe permitir ser probado.<\/li>\n<\/ul>\n\n\n\n<p>Por otro lado, los requisitos pueden organizarse por tipo:<\/p>\n\n\n\n<ul class=\"wp-block-list\">\n<li><strong>De usuario.<\/strong><\/li>\n\n\n\n<li><strong>De sistema:<\/strong> componentes que debe tener el sistema para realizar ciertas tareas.<\/li>\n\n\n\n<li><strong>Funcionales:<\/strong> servicios que el sistema debe proporcionar una vez terminado.<\/li>\n\n\n\n<li><strong>No funcionales:<\/strong> que no est\u00e1n relacionados con el funcionamiento o las tareas del usuario, sino m\u00e1s bien asociados al rendimiento, portabilidad, seguridad, etc., del propio sistema.<\/li>\n<\/ul>\n\n\n\n<h2 class=\"wp-block-heading\">\u00bfQu\u00e9 es un <em>software<\/em> de c\u00f3digo abierto y de c\u00f3digo libre?<\/h2>\n\n\n\n<p>Tambi\u00e9n conocido como <em>Open Source Software<\/em> (OSS, por sus siglas en ingl\u00e9s), el <em>software<\/em> de c\u00f3digo abierto es uno de los m\u00e1s populares. Se trata de <strong>programas gratuitos que hacen p\u00fablico el c\u00f3digo fuente<\/strong> para que cualquier usuario pueda cambiarlo. Incluso, el c\u00f3digo abierto puede ser de car\u00e1cter contributivo.<\/p>\n\n\n\n<p>Si bien los t\u00e9rminos <em>software de c\u00f3digo abierto<\/em> y <em>software de c\u00f3digo libre<\/em> suelen usarse indistintamente, existen ligeras diferencias entre ambos. Este \u00faltimo fue un concepto introducido alrededor de 1984 que buscaba <strong>darle valor a la libertad del usuario en cuanto al uso de programas.<\/strong> Un <em>software<\/em> se considera de <strong>c\u00f3digo libre<\/strong> cuando: se puede usar con cualquier fin, se puede estudiar para conocer su funcionamiento, se pueden distribuir copias y puede ser mejorado por cualquier usuario.<\/p>\n\n\n\n<p>Por otra parte, el <em>software<\/em> de c\u00f3digo abierto no necesariamente cumple con todas las cuatro pautas del libre. Muchas veces los creadores de <em>software<\/em> de c\u00f3digo abierto son quienes <strong>modifican y regulan la distribuci\u00f3n de dicho software.<\/strong><\/p>\n<\/div><\/m-wysiwig>\n","protected":false},"excerpt":{"rendered":"","protected":false},"featured_media":0,"parent":227878,"menu_order":0,"comment_status":"closed","ping_status":"closed","template":"","meta":{"_acf_changed":false,"footnotes":""},"class_list":["post-235783","page","type-page","status-publish","hentry"],"acf":[],"yoast_head":"<!-- This site is optimized with the Yoast SEO plugin v27.2 - https:\/\/yoast.com\/product\/yoast-seo-wordpress\/ -->\n<title>Software - Ferrovial<\/title>\n<meta name=\"description\" content=\"Son los componentes intangibles y no f\u00edsicos que forman parte de dispositivos electr\u00f3nicos. Fundamental para el correcto funcionamiento.\" \/>\n<meta name=\"robots\" content=\"index, follow, max-snippet:-1, max-image-preview:large, max-video-preview:-1\" \/>\n<link rel=\"canonical\" href=\"https:\/\/www.ferrovial.com\/es\/stem\/software\/\" \/>\n<meta property=\"og:locale\" content=\"es_ES\" \/>\n<meta property=\"og:type\" content=\"article\" \/>\n<meta property=\"og:title\" content=\"Software - Ferrovial\" \/>\n<meta property=\"og:description\" content=\"Son los componentes intangibles y no f\u00edsicos que forman parte de dispositivos electr\u00f3nicos. Fundamental para el correcto funcionamiento.\" \/>\n<meta property=\"og:url\" content=\"https:\/\/www.ferrovial.com\/es\/stem\/software\/\" \/>\n<meta property=\"og:site_name\" content=\"Ferrovial\" \/>\n<meta property=\"article:publisher\" content=\"https:\/\/www.facebook.com\/ferrovial\" \/>\n<meta property=\"article:modified_time\" content=\"2024-09-25T08:28:37+00:00\" \/>\n<meta name=\"twitter:card\" content=\"summary_large_image\" \/>\n<meta name=\"twitter:site\" content=\"@ferrovial\" \/>\n<meta name=\"twitter:label1\" content=\"Est. reading time\" \/>\n\t<meta name=\"twitter:data1\" content=\"4 minutos\" \/>\n<!-- \/ Yoast SEO plugin. -->","yoast_head_json":{"title":"Software - Ferrovial","description":"Son los componentes intangibles y no f\u00edsicos que forman parte de dispositivos electr\u00f3nicos. Fundamental para el correcto funcionamiento.","robots":{"index":"index","follow":"follow","max-snippet":"max-snippet:-1","max-image-preview":"max-image-preview:large","max-video-preview":"max-video-preview:-1"},"canonical":"https:\/\/www.ferrovial.com\/es\/stem\/software\/","og_locale":"es_ES","og_type":"article","og_title":"Software - Ferrovial","og_description":"Son los componentes intangibles y no f\u00edsicos que forman parte de dispositivos electr\u00f3nicos. Fundamental para el correcto funcionamiento.","og_url":"https:\/\/www.ferrovial.com\/es\/stem\/software\/","og_site_name":"Ferrovial","article_publisher":"https:\/\/www.facebook.com\/ferrovial","article_modified_time":"2024-09-25T08:28:37+00:00","twitter_card":"summary_large_image","twitter_site":"@ferrovial","twitter_misc":{"Est. reading time":"4 minutos"},"schema":{"@context":"https:\/\/schema.org","@graph":[{"@type":"WebPage","@id":"https:\/\/www.ferrovial.com\/es\/stem\/software\/","url":"https:\/\/www.ferrovial.com\/es\/stem\/software\/","name":"Software - Ferrovial","isPartOf":{"@id":"https:\/\/www.ferrovial.com\/es\/#website"},"datePublished":"2022-07-29T11:40:08+00:00","dateModified":"2024-09-25T08:28:37+00:00","description":"Son los componentes intangibles y no f\u00edsicos que forman parte de dispositivos electr\u00f3nicos. Fundamental para el correcto funcionamiento.","breadcrumb":{"@id":"https:\/\/www.ferrovial.com\/es\/stem\/software\/#breadcrumb"},"inLanguage":"es","potentialAction":[{"@type":"ReadAction","target":["https:\/\/www.ferrovial.com\/es\/stem\/software\/"]}]},{"@type":"BreadcrumbList","@id":"https:\/\/www.ferrovial.com\/es\/stem\/software\/#breadcrumb","itemListElement":[{"@type":"ListItem","position":1,"name":"Portada","item":"https:\/\/www.ferrovial.com\/es\/"},{"@type":"ListItem","position":2,"name":"STEM","item":"https:\/\/www.ferrovial.com\/es\/stem\/"},{"@type":"ListItem","position":3,"name":"Software"}]},{"@type":"WebSite","@id":"https:\/\/www.ferrovial.com\/es\/#website","url":"https:\/\/www.ferrovial.com\/es\/","name":"Ferrovial","description":"Welcome to the Ferrovial&#039;s website, global operator of sustainable infrastructure. Here you can find all the information about the company and subsidiaries.","publisher":{"@id":"https:\/\/www.ferrovial.com\/es\/#organization"},"potentialAction":[{"@type":"SearchAction","target":{"@type":"EntryPoint","urlTemplate":"https:\/\/www.ferrovial.com\/es\/?s={search_term_string}"},"query-input":{"@type":"PropertyValueSpecification","valueRequired":true,"valueName":"search_term_string"}}],"inLanguage":"es"},{"@type":"Organization","@id":"https:\/\/www.ferrovial.com\/es\/#organization","name":"Ferrovial S.A.","url":"https:\/\/www.ferrovial.com\/es\/","logo":{"@type":"ImageObject","inLanguage":"es","@id":"https:\/\/www.ferrovial.com\/es\/#\/schema\/logo\/image\/","url":"https:\/\/static.ferrovial.com\/wp-content\/uploads\/2020\/01\/13124948\/logo-ferrovial-cf7.png","contentUrl":"https:\/\/static.ferrovial.com\/wp-content\/uploads\/2020\/01\/13124948\/logo-ferrovial-cf7.png","width":144,"height":32,"caption":"Ferrovial S.A."},"image":{"@id":"https:\/\/www.ferrovial.com\/es\/#\/schema\/logo\/image\/"},"sameAs":["https:\/\/www.facebook.com\/ferrovial","https:\/\/x.com\/ferrovial","https:\/\/www.instagram.com\/ferrovial\/","https:\/\/www.linkedin.com\/company\/ferrovial","https:\/\/www.pinterest.es\/ferrovial\/","https:\/\/www.youtube.com\/ferrovial","https:\/\/en.wikipedia.org\/wiki\/Ferrovial"]}]}},"_links":{"self":[{"href":"https:\/\/www.ferrovial.com\/es\/wp-json\/wp\/v2\/pages\/235783","targetHints":{"allow":["GET"]}}],"collection":[{"href":"https:\/\/www.ferrovial.com\/es\/wp-json\/wp\/v2\/pages"}],"about":[{"href":"https:\/\/www.ferrovial.com\/es\/wp-json\/wp\/v2\/types\/page"}],"replies":[{"embeddable":true,"href":"https:\/\/www.ferrovial.com\/es\/wp-json\/wp\/v2\/comments?post=235783"}],"version-history":[{"count":3,"href":"https:\/\/www.ferrovial.com\/es\/wp-json\/wp\/v2\/pages\/235783\/revisions"}],"predecessor-version":[{"id":288595,"href":"https:\/\/www.ferrovial.com\/es\/wp-json\/wp\/v2\/pages\/235783\/revisions\/288595"}],"up":[{"embeddable":true,"href":"https:\/\/www.ferrovial.com\/es\/wp-json\/wp\/v2\/pages\/227878"}],"wp:attachment":[{"href":"https:\/\/www.ferrovial.com\/es\/wp-json\/wp\/v2\/media?parent=235783"}],"curies":[{"name":"wp","href":"https:\/\/api.w.org\/{rel}","templated":true}]}}