{"id":235792,"date":"2022-07-29T14:06:22","date_gmt":"2022-07-29T12:06:22","guid":{"rendered":"https:\/\/www.ferrovial.com\/?page_id=235792"},"modified":"2025-06-18T14:00:48","modified_gmt":"2025-06-18T12:00:48","slug":"datos-e-ia","status":"publish","type":"page","link":"https:\/\/www.ferrovial.com\/es\/stem\/datos-e-ia\/","title":{"rendered":"Datos e IA"},"content":{"rendered":"    <m-final-content-header >\n            <c-breadcrumb label-text=\"Breadcrumb\" slot=\"breadcrumbs\" type='2' align='left' wrap='wrapped wrapped' aria-label='Vienes de STEM'>\n                        <ol>\n\n                                                            <li><a href=\"https:\/\/www.ferrovial.com\/es\/\" title=\"Ferrovial\">Ferrovial<\/a><\/li>\n                                                                        <li><a href=\"https:\/\/www.ferrovial.com\/es\/stem\/\" title=\"STEM\">STEM<\/a><\/li>\n                                    \n                <\/ol>\n\n                <\/c-breadcrumb>\n    \n        <div slot=\"header\">\n            <h1>\n                Datos e IA            <\/h1>\n                    <\/div>\n    <\/m-final-content-header>\n\n    \n\n\n<m-wysiwig class=\"wp-block-components-wysiwyg\"><div slot=\"maincontent\">\n<p><script type=\"application\/ld+json\">\n{\n  \"@context\": \"https:\/\/schema.org\",\n  \"@type\": \"FAQPage\",\n  \"mainEntity\": [{\n    \"@type\": \"Question\",\n    \"name\": \"\u00bfQu\u00e9 es la ciencia de datos?\",\n    \"acceptedAnswer\": {\n      \"@type\": \"Answer\",\n      \"text\": \"Se entiende por ciencia de datos a la rama que se encarga de extraer, visualizar y analizar el valor de datos no estructurados a partir del uso de campos como la estad\u00edstica, algoritmos de aprendizaje autom\u00e1tico y m\u00e9todos cient\u00edficos. Dichos datos se recopilan en webs, smartphones, sensores y otros sistemas y dispositivos en los que los usuarios generan y comparten informaci\u00f3n.\"\n    }\n  },{\n    \"@type\": \"Question\",\n    \"name\": \"\u00bfQu\u00e9 es la inteligencia artificial?\",\n    \"acceptedAnswer\": {\n      \"@type\": \"Answer\",\n      \"text\": \"La inteligencia artificial (IA, o AI por sus siglas en ingl\u00e9s) hace posible que las m\u00e1quinas sean capaces de realizar, de manera autom\u00e1tica, tareas y acciones que requieren la inteligencia humana, tales como la interpretaci\u00f3n de textos o reconocimiento de voz, la identificaci\u00f3n de patrones, el aprendizaje basado en la an\u00e1lisis de datos, etc.\"\n    }\n  },{\n    \"@type\": \"Question\",\n    \"name\": \"\u00bfCu\u00e1l es la diferencia entre la ciencia de datos y la inteligencia artificial?\",\n    \"acceptedAnswer\": {\n      \"@type\": \"Answer\",\n      \"text\": \"El rasgo diferencial de estas dos ramas es que el an\u00e1lisis de datos implica, como su nombre lo indica, analizar, predecir y visualizar datos; se trata de un ejercicio previo al procesamiento de estos, mientras que la inteligencia artificial consiste, directamente, en la implementaci\u00f3n de los datos.\"\n    }\n  },{\n    \"@type\": \"Question\",\n    \"name\": \"\u00bfQu\u00e9 otros conceptos se relacionan con estos?\",\n    \"acceptedAnswer\": {\n      \"@type\": \"Answer\",\n      \"text\": \"<ol>\n<li>Machine learning<\/li>\n<li>Deep learning<\/li>\n<\/ol>\"\n    }\n  },{\n    \"@type\": \"Question\",\n    \"name\": \"\u00bfC\u00f3mo act\u00faan los datos y la inteligencia artificial en favor de los Objetivos de Desarrollo Sostenible?\",\n    \"acceptedAnswer\": {\n      \"@type\": \"Answer\",\n      \"text\": \"La necesidad de contar con datos accesibles y abiertos, en los que se fundamentan la inteligencia artificial y las nuevas tecnolog\u00edas, es fundamental para llevar a cabo proyectos que favorezcan la consecuci\u00f3n de los Objetivos de Desarrollo Sostenible (ODS). De esta manera, empresas, gobiernos y organizaciones no gubernamentales podr\u00e1n trabajar en conjunto para generar, compartir e implementar soluciones basadas en el an\u00e1lisis de datos.\"\n    }\n  }]\n}\n<\/script><p>La <a href=\"https:\/\/www.ferrovial.com\/es-es\/recursos\/inteligencia-artificial\/\" target=\"_blank\" rel=\"noreferrer noopener\">inteligencia artificial <\/a>y la ciencia de an\u00e1lisis de datos son dos conceptos indispensables para entender la <strong>revoluci\u00f3n digital y tecnol\u00f3gica en la que vivimos actualmente<\/strong>. Ambas ciencias guardan en com\u00fan su intenci\u00f3n de <strong>sacarle provecho a la cantidad de datos que se generan a diario, y procesarlos eficientemente.<\/strong><\/p><\/p>\n\n\n\n<p>Si bien se trata de t\u00e9rminos que est\u00e1n estrechamente relacionados, hay peque\u00f1as diferencias que los convierten en ramas independientes, con sus propias caracter\u00edsticas y particulares. Revisemos, a continuaci\u00f3n, en qu\u00e9 consiste cada una de ellas.<\/p>\n\n\n\n<h2 class=\"wp-block-heading\">\u00bfQu\u00e9 es la ciencia de datos?<\/h2>\n\n\n\n<p>Se entiende por ciencia de datos a la rama que <strong>se encarga de extraer, visualizar y analizar el valor de datos no estructurados<\/strong> a partir del uso de campos como la estad\u00edstica, algoritmos de aprendizaje autom\u00e1tico y m\u00e9todos cient\u00edficos. Dichos datos se recopilan en webs, <em>smartphones<\/em>, sensores y otros sistemas y dispositivos en los que los <strong>usuarios generan y comparten informaci\u00f3n.<\/strong><\/p>\n\n\n\n<p>El an\u00e1lisis de informaci\u00f3n que realizan los cient\u00edficos de datos es fundamental para <strong>descubrir patrones y desarrollar estrategias y soluciones<\/strong> para la toma de decisiones de la vida cotidiana.<\/p>\n\n\n\n<p>Para recopilar y analizar datos, la ciencia de datos se vale de:<\/p>\n\n\n\n<ol class=\"wp-block-list\">\n<li><strong>La miner\u00eda de datos<\/strong>, que consiste en la b\u00fasqueda de patrones, correlaciones y anomal\u00edas en grandes grupos de datos visibles para analizarlos y predecir resultados.<\/li>\n\n\n\n<li><strong>La estad\u00edstica inferencial<\/strong>, que se basa en la informaci\u00f3n de los datos de la muestra para llegar a conclusiones y hacer deducciones.<\/li>\n<\/ol>\n\n\n\n<h2 class=\"wp-block-heading\">\u00bfQu\u00e9 es la inteligencia artificial?<\/h2>\n\n\n\n<p>La inteligencia artificial (IA, o AI por sus siglas en ingl\u00e9s) hace posible que las <strong>m\u00e1quinas sean capaces de realizar<\/strong>, de manera autom\u00e1tica, <strong>tareas y acciones que requieren la inteligencia humana<\/strong>, tales como la interpretaci\u00f3n de textos o reconocimiento de voz, la identificaci\u00f3n de patrones, el aprendizaje basado en la an\u00e1lisis de datos, etc.<\/p>\n\n\n\n<p>En l\u00edneas generales, <strong>la IA se vale de m\u00faltiples <em><a href=\"https:\/\/www.ferrovial.com\/es\/stem\/software\/\" target=\"_blank\" rel=\"noreferrer noopener\">softwares<\/a><\/em> para crear algoritmos<\/strong> que <strong>permiten que programas respondan y razonen<\/strong> como lo hacen los humanos, generando soluciones de an\u00e1lisis.<\/p>\n\n\n\n<h2 class=\"wp-block-heading\">\u00bfCu\u00e1l es la diferencia entre la ciencia de datos y la inteligencia artificial?<\/h2>\n\n\n\n<p>El rasgo diferencial de estas dos ramas es que el <strong>an\u00e1lisis de datos<\/strong> implica, como su nombre lo indica, analizar, predecir y visualizar datos; se trata de <strong>un ejercicio previo al procesamiento de estos<\/strong>, mientras que <strong>la inteligencia artificial consiste, directamente, en la implementaci\u00f3n de los datos<\/strong>.<\/p>\n\n\n\n<p>Adem\u00e1s, se pueden destacar estas diferencias:<\/p>\n\n\n\n<ul class=\"wp-block-list\">\n<li>La ciencia de datos se vale de t\u00e9cnicas estad\u00edsticas, mientras que la inteligencia artificial dise\u00f1a algoritmos.<\/li>\n\n\n\n<li>La ciencia de datos se basa en el an\u00e1lisis de datos, mientras que la inteligencia artificial del <strong><em>machine learning<\/em><\/strong>, es decir, del aprendizaje autom\u00e1tico de las m\u00e1quinas.<\/li>\n\n\n\n<li>La ciencia de datos nace por la necesidad de encontrar tendencias y patrones en los datos, extrayendo los m\u00e1s \u00fatiles, mientras que la inteligencia artificial maneja los datos de forma aut\u00f3noma desplazando, de alguna manera, la participaci\u00f3n humana para que la m\u00e1quina opere independientemente.<\/li>\n<\/ul>\n\n\n\n<h2 class=\"wp-block-heading\">\u00bfQu\u00e9 otros conceptos se relacionan con estos?<\/h2>\n\n\n\n<ol class=\"wp-block-list\">\n<li><strong><em>Machine learning<\/em>: <\/strong>rama que hace posible que las computadoras sean capaces de identificar, predecir y ofrecer aplicaciones de inteligencia artificial, permitiendo la imitaci\u00f3n de procesos humanos y la toma de decisiones basadas en algoritmos.<\/li>\n\n\n\n<li><strong><em>Deep learning<\/em> (o aprendizaje profundo):<\/strong> una variante del <em>machine learning<\/em>, que permite la resoluci\u00f3n de problemas m\u00e1s complejos. Los asistentes personales son ejemplos de aplicaciones que usan DL para atender las solicitudes de los usuarios.<\/li>\n<\/ol>\n\n\n\n<p>Aqu\u00ed te contamos c\u00f3mo en Ferrovial incorporamos la <a href=\"https:\/\/www.ferrovial.com\/es\/innovacion\/digital-hub\/data-artificial-intelligence\/\" target=\"_blank\" rel=\"noreferrer noopener\">ciencia de datos y la inteligencia artificial <\/a>en nuestros proyectos.<\/p>\n<\/div><\/m-wysiwig>\n","protected":false},"excerpt":{"rendered":"","protected":false},"featured_media":0,"parent":227878,"menu_order":0,"comment_status":"closed","ping_status":"closed","template":"","meta":{"_acf_changed":false,"footnotes":""},"class_list":["post-235792","page","type-page","status-publish","hentry"],"acf":[],"yoast_head":"<!-- This site is optimized with the Yoast SEO plugin v27.2 - https:\/\/yoast.com\/product\/yoast-seo-wordpress\/ -->\n<title>Datos e IA - Ferrovial<\/title>\n<meta name=\"description\" content=\"La IA y la ciencia de an\u00e1lisis de datos son dos conceptos indispensables para entender la revoluci\u00f3n digital y tecnol\u00f3gica en la que vivimos.\" \/>\n<meta name=\"robots\" content=\"index, follow, max-snippet:-1, max-image-preview:large, max-video-preview:-1\" \/>\n<link rel=\"canonical\" href=\"https:\/\/www.ferrovial.com\/es\/stem\/datos-e-ia\/\" \/>\n<meta property=\"og:locale\" content=\"es_ES\" \/>\n<meta property=\"og:type\" content=\"article\" \/>\n<meta property=\"og:title\" content=\"Datos e IA - Ferrovial\" \/>\n<meta property=\"og:description\" content=\"La IA y la ciencia de an\u00e1lisis de datos son dos conceptos indispensables para entender la revoluci\u00f3n digital y tecnol\u00f3gica en la que vivimos.\" \/>\n<meta property=\"og:url\" content=\"https:\/\/www.ferrovial.com\/es\/stem\/datos-e-ia\/\" \/>\n<meta property=\"og:site_name\" content=\"Ferrovial\" \/>\n<meta property=\"article:publisher\" content=\"https:\/\/www.facebook.com\/ferrovial\" \/>\n<meta property=\"article:modified_time\" content=\"2025-06-18T12:00:48+00:00\" \/>\n<meta name=\"twitter:card\" content=\"summary_large_image\" \/>\n<meta name=\"twitter:site\" content=\"@ferrovial\" \/>\n<meta name=\"twitter:label1\" content=\"Est. reading time\" \/>\n\t<meta name=\"twitter:data1\" content=\"3 minutos\" \/>\n<!-- \/ Yoast SEO plugin. -->","yoast_head_json":{"title":"Datos e IA - Ferrovial","description":"La IA y la ciencia de an\u00e1lisis de datos son dos conceptos indispensables para entender la revoluci\u00f3n digital y tecnol\u00f3gica en la que vivimos.","robots":{"index":"index","follow":"follow","max-snippet":"max-snippet:-1","max-image-preview":"max-image-preview:large","max-video-preview":"max-video-preview:-1"},"canonical":"https:\/\/www.ferrovial.com\/es\/stem\/datos-e-ia\/","og_locale":"es_ES","og_type":"article","og_title":"Datos e IA - Ferrovial","og_description":"La IA y la ciencia de an\u00e1lisis de datos son dos conceptos indispensables para entender la revoluci\u00f3n digital y tecnol\u00f3gica en la que vivimos.","og_url":"https:\/\/www.ferrovial.com\/es\/stem\/datos-e-ia\/","og_site_name":"Ferrovial","article_publisher":"https:\/\/www.facebook.com\/ferrovial","article_modified_time":"2025-06-18T12:00:48+00:00","twitter_card":"summary_large_image","twitter_site":"@ferrovial","twitter_misc":{"Est. reading time":"3 minutos"},"schema":{"@context":"https:\/\/schema.org","@graph":[{"@type":"WebPage","@id":"https:\/\/www.ferrovial.com\/es\/stem\/datos-e-ia\/","url":"https:\/\/www.ferrovial.com\/es\/stem\/datos-e-ia\/","name":"Datos e IA - Ferrovial","isPartOf":{"@id":"https:\/\/www.ferrovial.com\/es\/#website"},"datePublished":"2022-07-29T12:06:22+00:00","dateModified":"2025-06-18T12:00:48+00:00","description":"La IA y la ciencia de an\u00e1lisis de datos son dos conceptos indispensables para entender la revoluci\u00f3n digital y tecnol\u00f3gica en la que vivimos.","breadcrumb":{"@id":"https:\/\/www.ferrovial.com\/es\/stem\/datos-e-ia\/#breadcrumb"},"inLanguage":"es","potentialAction":[{"@type":"ReadAction","target":["https:\/\/www.ferrovial.com\/es\/stem\/datos-e-ia\/"]}]},{"@type":"BreadcrumbList","@id":"https:\/\/www.ferrovial.com\/es\/stem\/datos-e-ia\/#breadcrumb","itemListElement":[{"@type":"ListItem","position":1,"name":"Portada","item":"https:\/\/www.ferrovial.com\/es\/"},{"@type":"ListItem","position":2,"name":"STEM","item":"https:\/\/www.ferrovial.com\/es\/stem\/"},{"@type":"ListItem","position":3,"name":"Datos e IA"}]},{"@type":"WebSite","@id":"https:\/\/www.ferrovial.com\/es\/#website","url":"https:\/\/www.ferrovial.com\/es\/","name":"Ferrovial","description":"Welcome to the Ferrovial&#039;s website, global operator of sustainable infrastructure. Here you can find all the information about the company and subsidiaries.","publisher":{"@id":"https:\/\/www.ferrovial.com\/es\/#organization"},"potentialAction":[{"@type":"SearchAction","target":{"@type":"EntryPoint","urlTemplate":"https:\/\/www.ferrovial.com\/es\/?s={search_term_string}"},"query-input":{"@type":"PropertyValueSpecification","valueRequired":true,"valueName":"search_term_string"}}],"inLanguage":"es"},{"@type":"Organization","@id":"https:\/\/www.ferrovial.com\/es\/#organization","name":"Ferrovial S.A.","url":"https:\/\/www.ferrovial.com\/es\/","logo":{"@type":"ImageObject","inLanguage":"es","@id":"https:\/\/www.ferrovial.com\/es\/#\/schema\/logo\/image\/","url":"https:\/\/static.ferrovial.com\/wp-content\/uploads\/2020\/01\/13124948\/logo-ferrovial-cf7.png","contentUrl":"https:\/\/static.ferrovial.com\/wp-content\/uploads\/2020\/01\/13124948\/logo-ferrovial-cf7.png","width":144,"height":32,"caption":"Ferrovial S.A."},"image":{"@id":"https:\/\/www.ferrovial.com\/es\/#\/schema\/logo\/image\/"},"sameAs":["https:\/\/www.facebook.com\/ferrovial","https:\/\/x.com\/ferrovial","https:\/\/www.instagram.com\/ferrovial\/","https:\/\/www.linkedin.com\/company\/ferrovial","https:\/\/www.pinterest.es\/ferrovial\/","https:\/\/www.youtube.com\/ferrovial","https:\/\/en.wikipedia.org\/wiki\/Ferrovial"]}]}},"_links":{"self":[{"href":"https:\/\/www.ferrovial.com\/es\/wp-json\/wp\/v2\/pages\/235792","targetHints":{"allow":["GET"]}}],"collection":[{"href":"https:\/\/www.ferrovial.com\/es\/wp-json\/wp\/v2\/pages"}],"about":[{"href":"https:\/\/www.ferrovial.com\/es\/wp-json\/wp\/v2\/types\/page"}],"replies":[{"embeddable":true,"href":"https:\/\/www.ferrovial.com\/es\/wp-json\/wp\/v2\/comments?post=235792"}],"version-history":[{"count":3,"href":"https:\/\/www.ferrovial.com\/es\/wp-json\/wp\/v2\/pages\/235792\/revisions"}],"predecessor-version":[{"id":307697,"href":"https:\/\/www.ferrovial.com\/es\/wp-json\/wp\/v2\/pages\/235792\/revisions\/307697"}],"up":[{"embeddable":true,"href":"https:\/\/www.ferrovial.com\/es\/wp-json\/wp\/v2\/pages\/227878"}],"wp:attachment":[{"href":"https:\/\/www.ferrovial.com\/es\/wp-json\/wp\/v2\/media?parent=235792"}],"curies":[{"name":"wp","href":"https:\/\/api.w.org\/{rel}","templated":true}]}}