{"id":235860,"date":"2022-07-29T14:37:57","date_gmt":"2022-07-29T12:37:57","guid":{"rendered":"https:\/\/www.ferrovial.com\/?page_id=235860"},"modified":"2022-11-02T11:31:34","modified_gmt":"2022-11-02T10:31:34","slug":"atomos","status":"publish","type":"page","link":"https:\/\/www.ferrovial.com\/es\/stem\/atomos\/","title":{"rendered":"\u00c1tomos"},"content":{"rendered":"    <m-final-content-header >\n            <c-breadcrumb label-text=\"Breadcrumb\" slot=\"breadcrumbs\" type='2' align='left' wrap='wrapped wrapped' aria-label='Vienes de STEM'>\n                        <ol>\n\n                                                            <li><a href=\"https:\/\/www.ferrovial.com\/es\/\" title=\"Ferrovial\">Ferrovial<\/a><\/li>\n                                                                        <li><a href=\"https:\/\/www.ferrovial.com\/es\/stem\/\" title=\"STEM\">STEM<\/a><\/li>\n                                    \n                <\/ol>\n\n                <\/c-breadcrumb>\n    \n        <div slot=\"header\">\n            <h1>\n                \u00bfQu\u00e9 son los \u00e1tomos?            <\/h1>\n                    <\/div>\n    <\/m-final-content-header>\n\n    \n\n\n<m-wysiwig class=\"wp-block-components-wysiwyg\"><div slot=\"maincontent\">\n<p><script type=\"application\/ld+json\">\n{\n  \"@context\": \"https:\/\/schema.org\",\n  \"@type\": \"FAQPage\",\n  \"mainEntity\": [{\n    \"@type\": \"Question\",\n    \"name\": \"\u00bfQu\u00e9 son los \u00e1tomos?\",\n    \"acceptedAnswer\": {\n      \"@type\": \"Answer\",\n      \"text\": \"Los \u00e1tomos son las unidades m\u00e1s peque\u00f1as y estables de la materia. Mantienen todas las propiedades de un elemento qu\u00edmico. Se organizan y clasifican seg\u00fan sus n\u00fameros at\u00f3micos, propiedades qu\u00edmicas y carga electr\u00f3nica en la tabla peri\u00f3dica.\n\nLos \u00e1tomos est\u00e1n constituidos por partes m\u00e1s peque\u00f1as denominadas part\u00edculas subat\u00f3micas, que incluyen los protones, neutrones y electrones. Estas microunidades se combinan y forman mol\u00e9culas que interact\u00faan entre ellas.\"\n    }\n  },{\n    \"@type\": \"Question\",\n    \"name\": \"\u00bfQu\u00e9 caracter\u00edsticas tiene un \u00e1tomo?\",\n    \"acceptedAnswer\": {\n      \"@type\": \"Answer\",\n      \"text\": \"Adem\u00e1s de su caracter\u00edstica esencial, es decir, ser la part\u00edcula m\u00e1s peque\u00f1a de la materia, los \u00e1tomos tambi\u00e9n:\n<ul>\n<li>Son part\u00edculas muy livianas, de poco peso.\n<\/li>\n<li>Conservan sus propiedades originales cuando ocurre una reacci\u00f3n qu\u00edmica. Esto significa que ni se crean ni se destruyen, solo se organizan de formas distintas para crear nuevos enlaces entre unos y otros \u00e1tomos.\n<\/li>\n<li>Se organizan o agrupan para formar mol\u00e9culas, y pueden ser del mismo o de diferentes elementos qu\u00edmicos. Cuando se agrupan, alcanzan un estado de m\u00ednima energ\u00eda y m\u00e1xima estabilidad, ganando, perdiendo o compartiendo electrones. Eventualmente, la energ\u00eda albergada se libera como calor o luz.\n<\/li>\n<li>Los \u00e1tomos cumplen la regla del octeto de Lewis, enunciada por el f\u00edsico qu\u00edmico Gilbert Newton Lewis, que establece que los enlaces qu\u00edmicos adquieren la configuraci\u00f3n electr\u00f3nica propia de los gases nobles, con ocho electrones ubicados en su \u00faltimo nivel de energ\u00eda, lo que los hace muy estables y poco reactivos.\n<\/li>\n<\/ul>\"\n    }\n  },{\n    \"@type\": \"Question\",\n    \"name\": \"\u00bfCu\u00e1les son las partes de un \u00e1tomo?\",\n    \"acceptedAnswer\": {\n      \"@type\": \"Answer\",\n      \"text\": \"Todo \u00e1tomo consta de una estructura compleja, dividida en:\n<ol>\n<li>N\u00facleo: es la parte del \u00e1tomo que contiene los protones (con carga positiva) y neutrones (con carga neutra). El 99% de la masa de un \u00e1tomo est\u00e1 concentrada en el n\u00facleo.\n<\/li>\n<li>Nube de electrones: es la parte que rodea al n\u00facleo y donde se encuentran los electrones (con carga negativa) y est\u00e1 representada por la forma de los orbitales at\u00f3micos.\n<\/li>\n<\/ol>\nAunque se crea que los \u00e1tomos son part\u00edculas indivisibles, estos contienen las siguientes part\u00edculas subat\u00f3micas:\n<ul>\n<li>Protones: part\u00edculas subat\u00f3micas con carga el\u00e9ctrica positiva que determinan el n\u00famero at\u00f3mico del elemento.\n<\/li>\n<li>Neutrones: part\u00edculas subat\u00f3micas con carga el\u00e9ctrica neutra \u2014es decir, igual a cero\u2014, lo que las hace f\u00e1ciles de penetrar y dif\u00edciles de manipular.\n<\/li>\n<li>Electrones: part\u00edculas subat\u00f3micas con carga el\u00e9ctrica negativa que representan menos del 0,06% de la masa total del \u00e1tomo y que orbitan alrededor del n\u00facleo.\n<\/li>\n<\/ul>\"\n    }\n  },{\n    \"@type\": \"Question\",\n    \"name\": \"\u00bfC\u00f3mo se comportan los \u00e1tomos seg\u00fan sus elementos?\",\n    \"acceptedAnswer\": {\n      \"@type\": \"Answer\",\n      \"text\": \"Los protones y electrones se atraen por la interacci\u00f3n electromagn\u00e9tica, mientras que los protones y neutrones se atraen entre s\u00ed por la fuerza nuclear, fuerza exclusiva de las part\u00edculas que componen el n\u00facleo del \u00e1tomo.\nNormalmente, la carga de un \u00e1tomo es neutra ya que tiene tantos protones como electrones, permitiendo que las cargas positivas de unos se anulen con las cargas negativas de otros.\"\n    }\n  },{\n    \"@type\": \"Question\",\n    \"name\": \"\u00bfCu\u00e1les son las propiedades del \u00e1tomo?\",\n    \"acceptedAnswer\": {\n      \"@type\": \"Answer\",\n      \"text\": \"<ul>\n<li>Todo \u00e1tomo posee masa<\/li>\n<li>Todo \u00e1tomo tiene un tama\u00f1o<\/li>\n<li>Todo \u00e1tomo posee niveles de energ\u00eda<\/li>\n<li>Todo \u00e1tomo establece interacciones el\u00e9ctricas entre protones y electrones en su n\u00facleo.\n<\/li>\n<\/ul>\"\n    }\n  },{\n    \"@type\": \"Question\",\n    \"name\": \"\u00bfCu\u00e1les han sido las teor\u00edas at\u00f3micas a lo largo del tiempo?\",\n    \"acceptedAnswer\": {\n      \"@type\": \"Answer\",\n      \"text\": \"El inter\u00e9s y estudio del \u00e1tomo se remonta a \u00e9pocas griegas, pero no fue hasta el siglo XIX que comenzaron a desarrollarse las primeras teor\u00edas. Las principales son:\n<ul>\n<li>Teor\u00eda del qu\u00edmico ingl\u00e9s John Dalton, que establec\u00eda que la materia estaba formada por part\u00edculas elementales indivisibles e iguales.\n<\/li>\n<li>Modelo at\u00f3mico del cient\u00edfico ingl\u00e9s J.J. Thompson, en el que plantea la existencia de los electrones y refuta la teor\u00eda de su predecesor respecto a la indivisibilidad del \u00e1tomo. Su modelo se conoce como el pud\u00edn de pasas, y explica que los \u00e1tomos son masas con cargas positivas y negativas.\n<\/li>\n<li>Teor\u00eda del \u00e1tomo nuclear desarrollada por el cient\u00edfico neozeland\u00e9s Ernest Rutherford, quien descubri\u00f3 que la mayor parte de la masa de un \u00e1tomo se encuentra en su n\u00facleo, con cargas negativas orbitando a su alrededor.\n<\/li>\n<li>Modelo at\u00f3mico del f\u00edsico dan\u00e9s Niels Henrik David Bohr, que propone que el electr\u00f3n de un \u00e1tomo se encuentra en \u00f3rbita a cierta distancia del n\u00facleo, y que pueden saltar de una \u00f3rbita a otra con la cantidad justa de energ\u00eda.\n<\/li>\n<li>Modelo mec\u00e1nico cu\u00e1ntico del \u00e1tomo, desarrollado por los f\u00edsicos Werner Heisenberg, Louis de Broglie y Erwin Schr\u00f6dinger. Establece que los electrones se comportan como ondas estacionarias que orbitan en una nube electr\u00f3nica.\n<\/li>\n<li>Finalmente, en 1932, el cient\u00edfico James Chadwick descubri\u00f3 el neutr\u00f3n, completando as\u00ed el modelo de \u00e1tomo que se conoce al d\u00eda de hoy.\n<\/li>\n<\/ul>\"\n    }\n  }]\n}\n<\/script><p>Los \u00e1tomos son las <strong>unidades m\u00e1s peque\u00f1as y estables de la materia. Mantienen todas las propiedades de un elemento qu\u00edmico.<\/strong> Se organizan y clasifican seg\u00fan sus n\u00fameros at\u00f3micos, propiedades qu\u00edmicas y carga electr\u00f3nica en la tabla peri\u00f3dica.<\/p><\/p>\n\n\n\n<p>Los \u00e1tomos est\u00e1n constituidos por <strong>partes m\u00e1s peque\u00f1as denominadas part\u00edculas subat\u00f3micas<\/strong>, que incluyen los <strong>protones, neutrones y electrones<\/strong>. Estas microunidades se combinan y forman mol\u00e9culas que interact\u00faan entre ellas.<\/p>\n\n\n\n<p><strong>Los \u00e1tomos de un mismo elemento son id\u00e9nticos; lo que los diferencia es la forma en la que se combinan<\/strong> para formar compuestos qu\u00edmicos. Esto significa que los \u00e1tomos de hidr\u00f3geno del Universo son id\u00e9nticos a los del cuerpo humano, de los alimentos o de los materiales empleados en la industria.<\/p>\n\n\n\n<h2 class=\"wp-block-heading\">\u00bfQu\u00e9 caracter\u00edsticas tiene un \u00e1tomo?<\/h2>\n\n\n\n<p>Adem\u00e1s de su caracter\u00edstica esencial, es decir, ser la part\u00edcula m\u00e1s peque\u00f1a de la materia, los \u00e1tomos tambi\u00e9n:<\/p>\n\n\n\n<ul class=\"wp-block-list\"><li><strong>Son part\u00edculas muy livianas<\/strong>, de poco peso.<\/li><li><strong>Conservan sus propiedades originales cuando ocurre una <a href=\"https:\/\/www.ferrovial.com\/es\/stem\/reacciones-quimicas\/\" target=\"_blank\" rel=\"noreferrer noopener\">reacci\u00f3n qu\u00edmica<\/a><\/strong>. Esto significa que ni se crean ni se destruyen, solo se organizan de formas distintas para crear nuevos enlaces entre unos y otros \u00e1tomos.<\/li><li><strong>Se organizan o agrupan para formar mol\u00e9culas<\/strong>, y pueden ser del mismo o de diferentes elementos qu\u00edmicos. Cuando se agrupan, alcanzan un estado de m\u00ednima energ\u00eda y m\u00e1xima estabilidad, ganando, perdiendo o compartiendo electrones. Eventualmente, la energ\u00eda albergada se libera como calor o luz.<\/li><li>Los \u00e1tomos cumplen la <strong>regla del octeto de Lewis<\/strong>, enunciada por el f\u00edsico qu\u00edmico Gilbert Newton Lewis, que establece que los enlaces qu\u00edmicos adquieren la configuraci\u00f3n electr\u00f3nica propia de los gases nobles, con ocho electrones ubicados en su \u00faltimo nivel de energ\u00eda, lo que los hace muy estables y poco reactivos.<\/li><\/ul>\n\n\n\n<h2 class=\"wp-block-heading\">\u00bfCu\u00e1les son las partes de un \u00e1tomo?<\/h2>\n\n\n\n<p>Todo \u00e1tomo consta de una estructura compleja, dividida en:<\/p>\n\n\n\n<ol class=\"wp-block-list\"><li><strong>N\u00facleo:<\/strong> es la parte del \u00e1tomo que contiene los <strong>protones<\/strong> (con carga positiva) y <strong>neutrones <\/strong>(con carga neutra). <strong>El 99% de la masa de un \u00e1tomo est\u00e1 concentrada en el n\u00facleo.<\/strong><\/li><li><strong>Nube de electrones:<\/strong> es la parte que <strong>rodea al n\u00facleo y donde se encuentran los electrones<\/strong> (con carga negativa) y est\u00e1 representada por la forma de los orbitales at\u00f3micos.<\/li><\/ol>\n\n\n\n<p>Aunque se crea que los \u00e1tomos son part\u00edculas indivisibles, estos contienen las siguientes <strong>part\u00edculas subat\u00f3micas:<\/strong><\/p>\n\n\n\n<ul class=\"wp-block-list\"><li><strong>Protones:<\/strong> part\u00edculas subat\u00f3micas con carga el\u00e9ctrica positiva que determinan el n\u00famero at\u00f3mico del elemento.<\/li><li><strong>Neutrones:<\/strong> part\u00edculas subat\u00f3micas con carga el\u00e9ctrica neutra \u2014es decir, igual a cero\u2014, lo que las hace f\u00e1ciles de penetrar y dif\u00edciles de manipular.<\/li><li><strong>Electrones:<\/strong> part\u00edculas subat\u00f3micas con carga el\u00e9ctrica negativa que representan menos del 0,06% de la masa total del \u00e1tomo y que orbitan alrededor del n\u00facleo.<\/li><\/ul>\n\n\n\n<h2 class=\"wp-block-heading\">\u00bfC\u00f3mo se comportan los \u00e1tomos seg\u00fan sus elementos?<\/h2>\n\n\n\n<p><strong>Los protones y electrones se atraen por la interacci\u00f3n electromagn\u00e9tica<\/strong>, mientras que <strong>los protones y neutrones se atraen entre s\u00ed por la fuerza nuclear<\/strong>, fuerza exclusiva de las part\u00edculas que componen el n\u00facleo del \u00e1tomo.<\/p>\n\n\n\n<p>Normalmente, <strong>la carga de un \u00e1tomo es neutra<\/strong> ya que tiene tantos protones como electrones, permitiendo que las cargas positivas de unos se anulen con las cargas negativas de otros.<\/p>\n\n\n\n<h2 class=\"wp-block-heading\">\u00bfCu\u00e1les son las propiedades del \u00e1tomo?<\/h2>\n\n\n\n<ul class=\"wp-block-list\"><li><strong>Todo \u00e1tomo posee masa<\/strong> que proviene, principalmente, de los protones y neutrones del n\u00facleo. En qu\u00edmica, la unidad que se utiliza para denominar la masa es el mol, el cual pesa tantos gramos como la masa at\u00f3mica de un elemento.<\/li><li><strong>Todo \u00e1tomo tiene un tama\u00f1o<\/strong>, aunque no delimitado, que est\u00e1 determinado por la nube electr\u00f3nica. <strong>Sus dimensiones son tan peque\u00f1as<\/strong> que no pueden ser observadas por instrumentos \u00f3pticos de medici\u00f3n.<\/li><li><strong>Todo \u00e1tomo posee niveles de energ\u00eda<\/strong>. Un electr\u00f3n de un \u00e1tomo tiene una energ\u00eda potencial inversamente proporcional a su distancia al n\u00facleo, lo que implica que <strong>aumenta su<\/strong> <strong>energ\u00eda seg\u00fan la distancia<\/strong>. La unidad para expresar la energ\u00eda at\u00f3mica es el <em>electronvoltio<\/em>.<\/li><li><strong>Todo \u00e1tomo establece interacciones el\u00e9ctricas entre protones y electrones<\/strong> en su n\u00facleo.<\/li><\/ul>\n\n\n\n<h2 class=\"wp-block-heading\">\u00bfCu\u00e1les han sido las teor\u00edas at\u00f3micas a lo largo del tiempo?<\/h2>\n\n\n\n<p>El inter\u00e9s y estudio del \u00e1tomo se remonta a \u00e9pocas griegas, pero no fue hasta el siglo XIX que comenzaron a desarrollarse las primeras teor\u00edas. Las principales son:<\/p>\n\n\n\n<ul class=\"wp-block-list\"><li><strong>Teor\u00eda del qu\u00edmico ingl\u00e9s John Dalton<\/strong>, que establec\u00eda que la materia estaba formada por part\u00edculas elementales indivisibles e iguales.<\/li><li><strong>Modelo at\u00f3mico<\/strong> del cient\u00edfico ingl\u00e9s <strong>J.J. Thompson<\/strong>, en el que plantea la existencia de los electrones y refuta la teor\u00eda de su predecesor respecto a la indivisibilidad del \u00e1tomo. Su modelo se conoce como <em>el pud\u00edn de pasas<\/em>, y explica que los \u00e1tomos son masas con cargas positivas y negativas.<\/li><li><strong>Teor\u00eda del \u00e1tomo nuclear<\/strong> desarrollada por el cient\u00edfico neozeland\u00e9s <strong>Ernest Rutherford<\/strong>, quien descubri\u00f3 que la mayor parte de la masa de un \u00e1tomo se encuentra en su n\u00facleo, con cargas negativas orbitando a su alrededor.<\/li><li><strong>Modelo at\u00f3mico<\/strong> del f\u00edsico dan\u00e9s <strong>Niels Henrik David Bohr<\/strong>, que propone que el electr\u00f3n de un \u00e1tomo se encuentra en \u00f3rbita a cierta distancia del n\u00facleo, y que pueden saltar de una \u00f3rbita a otra con la cantidad justa de energ\u00eda.<\/li><li><strong>Modelo mec\u00e1nico cu\u00e1ntico del \u00e1tomo<\/strong>, desarrollado por los f\u00edsicos <strong>Werner Heisenberg, Louis de Broglie y Erwin Schr\u00f6dinger<\/strong>. Establece que los electrones se comportan como ondas estacionarias que orbitan en una nube electr\u00f3nica.<\/li><li>Finalmente, en 1932, el cient\u00edfico <strong>James Chadwick descubri\u00f3 el neutr\u00f3n<\/strong>, completando as\u00ed el modelo de \u00e1tomo que se conoce al d\u00eda de hoy.<\/li><\/ul>\n\n\n\n<p><a href=\"https:\/\/static.ferrovial.com\/wp-content\/uploads\/2022\/11\/02112831\/stem-quimica-es.pdf\" target=\"_blank\" rel=\"noreferrer noopener\">Descarga aqu\u00ed el pdf con todo el contenido de qu\u00edmica.<\/a><\/p>\n<\/div><\/m-wysiwig>\n","protected":false},"excerpt":{"rendered":"","protected":false},"featured_media":0,"parent":227878,"menu_order":0,"comment_status":"closed","ping_status":"closed","template":"","meta":{"_acf_changed":false,"footnotes":""},"class_list":["post-235860","page","type-page","status-publish","hentry"],"acf":[],"yoast_head":"<!-- This site is optimized with the Yoast SEO plugin v27.2 - https:\/\/yoast.com\/product\/yoast-seo-wordpress\/ -->\n<title>\u00c1tomos - Ferrovial<\/title>\n<meta name=\"description\" content=\"Las unidades m\u00e1s peque\u00f1as y estables de la materia. Mantienen las propiedades de un elemento qu\u00edmico. Constituidos por part\u00edculas sub\u00e1tomicas\" \/>\n<meta name=\"robots\" content=\"index, follow, max-snippet:-1, max-image-preview:large, max-video-preview:-1\" \/>\n<link rel=\"canonical\" href=\"https:\/\/www.ferrovial.com\/es\/stem\/atomos\/\" \/>\n<meta property=\"og:locale\" content=\"es_ES\" \/>\n<meta property=\"og:type\" content=\"article\" \/>\n<meta property=\"og:title\" content=\"\u00c1tomos - Ferrovial\" \/>\n<meta property=\"og:description\" content=\"Las unidades m\u00e1s peque\u00f1as y estables de la materia. Mantienen las propiedades de un elemento qu\u00edmico. Constituidos por part\u00edculas sub\u00e1tomicas\" \/>\n<meta property=\"og:url\" content=\"https:\/\/www.ferrovial.com\/es\/stem\/atomos\/\" \/>\n<meta property=\"og:site_name\" content=\"Ferrovial\" \/>\n<meta property=\"article:publisher\" content=\"https:\/\/www.facebook.com\/ferrovial\" \/>\n<meta property=\"article:modified_time\" content=\"2022-11-02T10:31:34+00:00\" \/>\n<meta name=\"twitter:card\" content=\"summary_large_image\" \/>\n<meta name=\"twitter:site\" content=\"@ferrovial\" \/>\n<meta name=\"twitter:label1\" content=\"Est. reading time\" \/>\n\t<meta name=\"twitter:data1\" content=\"8 minutos\" \/>\n<!-- \/ Yoast SEO plugin. -->","yoast_head_json":{"title":"\u00c1tomos - Ferrovial","description":"Las unidades m\u00e1s peque\u00f1as y estables de la materia. Mantienen las propiedades de un elemento qu\u00edmico. Constituidos por part\u00edculas sub\u00e1tomicas","robots":{"index":"index","follow":"follow","max-snippet":"max-snippet:-1","max-image-preview":"max-image-preview:large","max-video-preview":"max-video-preview:-1"},"canonical":"https:\/\/www.ferrovial.com\/es\/stem\/atomos\/","og_locale":"es_ES","og_type":"article","og_title":"\u00c1tomos - Ferrovial","og_description":"Las unidades m\u00e1s peque\u00f1as y estables de la materia. Mantienen las propiedades de un elemento qu\u00edmico. Constituidos por part\u00edculas sub\u00e1tomicas","og_url":"https:\/\/www.ferrovial.com\/es\/stem\/atomos\/","og_site_name":"Ferrovial","article_publisher":"https:\/\/www.facebook.com\/ferrovial","article_modified_time":"2022-11-02T10:31:34+00:00","twitter_card":"summary_large_image","twitter_site":"@ferrovial","twitter_misc":{"Est. reading time":"8 minutos"},"schema":{"@context":"https:\/\/schema.org","@graph":[{"@type":"WebPage","@id":"https:\/\/www.ferrovial.com\/es\/stem\/atomos\/","url":"https:\/\/www.ferrovial.com\/es\/stem\/atomos\/","name":"\u00c1tomos - Ferrovial","isPartOf":{"@id":"https:\/\/www.ferrovial.com\/es\/#website"},"datePublished":"2022-07-29T12:37:57+00:00","dateModified":"2022-11-02T10:31:34+00:00","description":"Las unidades m\u00e1s peque\u00f1as y estables de la materia. Mantienen las propiedades de un elemento qu\u00edmico. Constituidos por part\u00edculas sub\u00e1tomicas","breadcrumb":{"@id":"https:\/\/www.ferrovial.com\/es\/stem\/atomos\/#breadcrumb"},"inLanguage":"es","potentialAction":[{"@type":"ReadAction","target":["https:\/\/www.ferrovial.com\/es\/stem\/atomos\/"]}]},{"@type":"BreadcrumbList","@id":"https:\/\/www.ferrovial.com\/es\/stem\/atomos\/#breadcrumb","itemListElement":[{"@type":"ListItem","position":1,"name":"Portada","item":"https:\/\/www.ferrovial.com\/es\/"},{"@type":"ListItem","position":2,"name":"STEM","item":"https:\/\/www.ferrovial.com\/es\/stem\/"},{"@type":"ListItem","position":3,"name":"\u00c1tomos"}]},{"@type":"WebSite","@id":"https:\/\/www.ferrovial.com\/es\/#website","url":"https:\/\/www.ferrovial.com\/es\/","name":"Ferrovial","description":"Welcome to the Ferrovial&#039;s website, global operator of sustainable infrastructure. Here you can find all the information about the company and subsidiaries.","publisher":{"@id":"https:\/\/www.ferrovial.com\/es\/#organization"},"potentialAction":[{"@type":"SearchAction","target":{"@type":"EntryPoint","urlTemplate":"https:\/\/www.ferrovial.com\/es\/?s={search_term_string}"},"query-input":{"@type":"PropertyValueSpecification","valueRequired":true,"valueName":"search_term_string"}}],"inLanguage":"es"},{"@type":"Organization","@id":"https:\/\/www.ferrovial.com\/es\/#organization","name":"Ferrovial S.A.","url":"https:\/\/www.ferrovial.com\/es\/","logo":{"@type":"ImageObject","inLanguage":"es","@id":"https:\/\/www.ferrovial.com\/es\/#\/schema\/logo\/image\/","url":"https:\/\/static.ferrovial.com\/wp-content\/uploads\/2020\/01\/13124948\/logo-ferrovial-cf7.png","contentUrl":"https:\/\/static.ferrovial.com\/wp-content\/uploads\/2020\/01\/13124948\/logo-ferrovial-cf7.png","width":144,"height":32,"caption":"Ferrovial S.A."},"image":{"@id":"https:\/\/www.ferrovial.com\/es\/#\/schema\/logo\/image\/"},"sameAs":["https:\/\/www.facebook.com\/ferrovial","https:\/\/x.com\/ferrovial","https:\/\/www.instagram.com\/ferrovial\/","https:\/\/www.linkedin.com\/company\/ferrovial","https:\/\/www.pinterest.es\/ferrovial\/","https:\/\/www.youtube.com\/ferrovial","https:\/\/en.wikipedia.org\/wiki\/Ferrovial"]}]}},"_links":{"self":[{"href":"https:\/\/www.ferrovial.com\/es\/wp-json\/wp\/v2\/pages\/235860","targetHints":{"allow":["GET"]}}],"collection":[{"href":"https:\/\/www.ferrovial.com\/es\/wp-json\/wp\/v2\/pages"}],"about":[{"href":"https:\/\/www.ferrovial.com\/es\/wp-json\/wp\/v2\/types\/page"}],"replies":[{"embeddable":true,"href":"https:\/\/www.ferrovial.com\/es\/wp-json\/wp\/v2\/comments?post=235860"}],"version-history":[{"count":2,"href":"https:\/\/www.ferrovial.com\/es\/wp-json\/wp\/v2\/pages\/235860\/revisions"}],"predecessor-version":[{"id":241738,"href":"https:\/\/www.ferrovial.com\/es\/wp-json\/wp\/v2\/pages\/235860\/revisions\/241738"}],"up":[{"embeddable":true,"href":"https:\/\/www.ferrovial.com\/es\/wp-json\/wp\/v2\/pages\/227878"}],"wp:attachment":[{"href":"https:\/\/www.ferrovial.com\/es\/wp-json\/wp\/v2\/media?parent=235860"}],"curies":[{"name":"wp","href":"https:\/\/api.w.org\/{rel}","templated":true}]}}