{"id":235868,"date":"2022-07-29T14:54:33","date_gmt":"2022-07-29T12:54:33","guid":{"rendered":"https:\/\/www.ferrovial.com\/?page_id=235868"},"modified":"2022-11-02T11:31:50","modified_gmt":"2022-11-02T10:31:50","slug":"reacciones-quimicas","status":"publish","type":"page","link":"https:\/\/www.ferrovial.com\/es\/stem\/reacciones-quimicas\/","title":{"rendered":"Reacciones qu\u00edmicas"},"content":{"rendered":"    <m-final-content-header >\n            <c-breadcrumb label-text=\"Breadcrumb\" slot=\"breadcrumbs\" type='2' align='left' wrap='wrapped wrapped' aria-label='Vienes de STEM'>\n                        <ol>\n\n                                                            <li><a href=\"https:\/\/www.ferrovial.com\/es\/\" title=\"Ferrovial\">Ferrovial<\/a><\/li>\n                                                                        <li><a href=\"https:\/\/www.ferrovial.com\/es\/stem\/\" title=\"STEM\">STEM<\/a><\/li>\n                                    \n                <\/ol>\n\n                <\/c-breadcrumb>\n    \n        <div slot=\"header\">\n            <h1>\n                \u00bfQu\u00e9 son las reacciones qu\u00edmicas?            <\/h1>\n                    <\/div>\n    <\/m-final-content-header>\n\n    \n\n\n<m-wysiwig class=\"wp-block-components-wysiwyg\"><div slot=\"maincontent\">\n<p><script type=\"application\/ld+json\">\n{\n  \"@context\": \"https:\/\/schema.org\",\n  \"@type\": \"FAQPage\",\n  \"mainEntity\": [{\n    \"@type\": \"Question\",\n    \"name\": \"\u00bfQu\u00e9 son las reacciones qu\u00edmicas?\",\n    \"acceptedAnswer\": {\n      \"@type\": \"Answer\",\n      \"text\": \"Las reacciones qu\u00edmicas son procesos termodin\u00e1micos que transforman una materia. En este proceso, dos o m\u00e1s sustancias qu\u00edmicas, tambi\u00e9n llamadas reactivos, cambian su estructura molecular y enlaces qu\u00edmicos para consumir o liberar energ\u00eda. De esta manera, consiguen generar unas nuevas estructuras qu\u00edmicas distintas a las iniciales llamadas productos.\nEstos procesos pueden darse de manera natural y espont\u00e1nea en la naturaleza, as\u00ed como tambi\u00e9n pueden generarse a trav\u00e9s de la intervenci\u00f3n humana en un entorno de condiciones controladas como un laboratorio.\"\n    }\n  },{\n    \"@type\": \"Question\",\n    \"name\": \"\u00bfCu\u00e1les son los conceptos asociados a las reacciones qu\u00edmicas?\",\n    \"acceptedAnswer\": {\n      \"@type\": \"Answer\",\n      \"text\": \"<ul>\n<li><strong>Materia:<\/strong> es todo lo que ocupa un espacio y tiene masa, forma, peso y volumen, por lo tanto, es perceptible.<\/li>\n<li><strong>\u00c1tomos:<\/strong> se trata de la unidad m\u00e1s peque\u00f1a de la materia y tiene caracter\u00edsticas propias de un elemento qu\u00edmico.<\/li>\n<li><strong>Elemento qu\u00edmico:<\/strong> se trata de un tipo de materia hecha por \u00e1tomos de una misma clase.<\/li>\n<li><strong>Mol\u00e9cula:<\/strong> son grupos de \u00e1tomos, ya sean iguales o diferentes, que se mantienen juntos. En el momento en que se separan, afectan o destruyen las propiedades de la sustancia.<\/li>\n<li><strong>Enlace:<\/strong> responsable de establecer las interacciones entre los \u00e1tomos y las mol\u00e9culas.<\/li>\n<li><strong>Compuesto qu\u00edmico:<\/strong> se trata de una sustancia que se forma a partir de la combinaci\u00f3n de dos o m\u00e1s elementos de la tabla peri\u00f3dica.<\/li>\n<li><strong>Sustancia qu\u00edmica:<\/strong> es una materia con composici\u00f3n qu\u00edmica definida, resultado de la combinaci\u00f3n de dos elementos qu\u00edmicos y conformadas por mol\u00e9culas y \u00e1tomos. Sus elementos no pueden separarse por ning\u00fan medio f\u00edsico.<\/li>\n<li><strong>Productos:<\/strong> sustancias que resultan de la reacci\u00f3n qu\u00edmica y que cumplen una determinada funci\u00f3n. Est\u00e1n formados por uno o m\u00e1s compuestos qu\u00edmicos.<\/li>\n<\/ul>\"\n    }\n  },{\n    \"@type\": \"Question\",\n    \"name\": \"\u00bfCu\u00e1les son las caracter\u00edsticas de las reacciones qu\u00edmicas?\",\n    \"acceptedAnswer\": {\n      \"@type\": \"Answer\",\n      \"text\": \"<ul>\n<li>En una reacci\u00f3n qu\u00edmica los \u00e1tomos no cambian, lo que cambia son los enlaces que los unen.<\/li>\n<li>La mayor\u00eda de las reacciones qu\u00edmicas ocurren en soluciones acuosas.<\/li>\n<li>Pueden ser reversibles, si los productos pasan a ser reactantes, o irreversibles, cuando los productos no vuelven a formar los reactivos que le dieron origen.<\/li>\n<li>Las reacciones pueden ser simples, cuando requieren un solo paso para que los reactivos se conviertan en productos, o complejas, cuando pueden presentar varios pasos entre los reactivos y el producto, pudiendo formar, adem\u00e1s, compuestos intermediarios.<\/li>\n<\/ul>\"\n    }\n  },{\n    \"@type\": \"Question\",\n    \"name\": \"\u00bfC\u00f3mo ocurre una reacci\u00f3n qu\u00edmica?\",\n    \"acceptedAnswer\": {\n      \"@type\": \"Answer\",\n      \"text\": \"Una reacci\u00f3n qu\u00edmica ocurre cuando las mol\u00e9culas en movimiento se golpean entre s\u00ed, rompiendo sus enlaces y produciendo un intercambio de \u00e1tomos que forman nuevos productos. Otra forma en la que una reacci\u00f3n qu\u00edmica puede ocurrir es a trav\u00e9s de la vibraci\u00f3n propia de las sustancias que, cuando lo hacen con energ\u00eda suficiente, se pueden romper en mol\u00e9culas m\u00e1s peque\u00f1as.\"\n    }\n  },{\n    \"@type\": \"Question\",\n    \"name\": \"\u00bfQu\u00e9 explica la ley de la conservaci\u00f3n de la materia?\",\n    \"acceptedAnswer\": {\n      \"@type\": \"Answer\",\n      \"text\": \"La ley de la conservaci\u00f3n de la materia es fundamental en todas las ciencias naturales, pero en especial en la qu\u00edmica. Plantea que en toda reacci\u00f3n qu\u00edmica la masa se conserva, es decir que la materia consumida en el proceso, es igual a la masa que resulta de los productos formados.\"\n    }\n  },{\n    \"@type\": \"Question\",\n    \"name\": \"\u00bfCu\u00e1les son los tipos de reacciones qu\u00edmicas que existen?\",\n    \"acceptedAnswer\": {\n      \"@type\": \"Answer\",\n      \"text\": \"<ol>\n<li>Reacci\u00f3n de s\u00edntesis o adici\u00f3n (combinaci\u00f3n): cuando dos o m\u00e1s reactivos se combinan para formar un producto m\u00e1s complejo.<\/li>\n<li>Reacci\u00f3n de desplazamiento, sustituci\u00f3n o intercambio: en este tipo de reacci\u00f3n se sustituyen los elementos de los compuestos para crear unos nuevos. Pueden ser simples, cuando un elemento desplaza a otro, o dobles, cuando se intercambian elementos.<\/li>\n<li>Reacciones de descomposici\u00f3n: cuando un compuesto qu\u00edmico se divide en sustancias m\u00e1s simples. Este tipo de reacciones son opuestas a las de adici\u00f3n.<\/li>\n<li>Reacciones de oxidaci\u00f3n-reducci\u00f3n: cuando se produce una transferencia o intercambio de electrones. Mientras un compuesto pierde electrones (se oxida), el otro los gana (se reduce).<\/li>\n<li>Reacciones \u00e1cido-base: en este tipo de reacciones una sustancia b\u00e1sica se neutraliza con otra \u00e1cida y el resultado es un compuesto neutro y agua.<\/li>\n<li>Reacciones de combusti\u00f3n: son similares a las de oxidaci\u00f3n y reducci\u00f3n, aunque se diferencian porque en las de combusti\u00f3n la oxidaci\u00f3n ocurre r\u00e1pidamente. Para que ocurra, un material combustible se combina con ox\u00edgeno y desprende energ\u00eda.<\/li>\n<li>Reacciones exot\u00e9rmicas o endot\u00e9rmicas: las primeras desprenden calor del proceso reactivo y las segundas lo requieren.<\/li>\n<li>Reacciones endoluminosas y exoluminosas: las primeras necesitan de la luz para ocurrir, las segundas emiten luz.<\/li>\n<li>Reacciones exoel\u00e9ctricas y endoel\u00e9ctricas: las primeras transfieren energ\u00eda el\u00e9ctrica al exterior y las segundas la requieren.<\/li>\n<\/ol>\"\n    }\n  }]\n}\n<\/script><p>Las reacciones qu\u00edmicas son <strong>procesos termodin\u00e1micos que transforman una materia. <\/strong>En este proceso, dos o m\u00e1s <strong>sustancias qu\u00edmicas, tambi\u00e9n llamadas <em>reactivos<\/em>, cambian su estructura molecular <\/strong>y enlaces qu\u00edmicos para consumir o liberar energ\u00eda. De esta manera, consiguen generar unas <strong>nuevas estructuras qu\u00edmicas distintas a las iniciales llamadas <em>productos<\/em>.<\/strong><\/p><\/p>\n\n\n\n<p>Estos procesos <strong>pueden darse de manera natural y espont\u00e1nea<\/strong> en la naturaleza, as\u00ed como tambi\u00e9n <strong>pueden generarse a trav\u00e9s de la intervenci\u00f3n humana<\/strong> en un entorno de condiciones controladas como un laboratorio.<\/p>\n\n\n\n<p>Las reacciones qu\u00edmicas se expresan a trav\u00e9s de <strong>ecuaciones qu\u00edmicas<\/strong>, f\u00f3rmulas que describen los reactivos participantes, as\u00ed como el resultado o producto obtenido. Estas ecuaciones tambi\u00e9n <strong>suelen describir las condiciones en las que se produce la reacci\u00f3n qu\u00edmica<\/strong>, es decir, si est\u00e1n en presencia de calor, luz, etc.<\/p>\n\n\n\n<h2 class=\"wp-block-heading\">\u00bfCu\u00e1les son los conceptos asociados a las reacciones qu\u00edmicas?<\/h2>\n\n\n\n<ul class=\"wp-block-list\"><li><strong>Materia: <\/strong>es todo lo que ocupa un espacio y tiene masa, forma, peso y volumen, por lo tanto, es perceptible.<\/li><li><strong><a href=\"https:\/\/www.ferrovial.com\/es\/stem\/atomos\/\" target=\"_blank\" rel=\"noreferrer noopener\">\u00c1tomos<\/a>:<\/strong> se trata de la unidad m\u00e1s peque\u00f1a de la materia y tiene caracter\u00edsticas propias de un elemento qu\u00edmico.<\/li><li><strong>Elemento qu\u00edmico:<\/strong> se trata de un tipo de materia hecha por \u00e1tomos de una misma clase.<\/li><li><strong>Mol\u00e9cula:<\/strong> son grupos de \u00e1tomos, ya sean iguales o diferentes, que se mantienen juntos. En el momento en que se separan, afectan o destruyen las propiedades de la sustancia.<\/li><li><strong>Enlace:<\/strong> responsable de establecer las interacciones entre los \u00e1tomos y las mol\u00e9culas.<\/li><li><strong>Compuesto qu\u00edmico:<\/strong> se trata de una sustancia que se forma a partir de la combinaci\u00f3n de dos o m\u00e1s elementos de la tabla peri\u00f3dica.<\/li><li><strong>Sustancia qu\u00edmica:<\/strong> es una materia con composici\u00f3n qu\u00edmica definida, resultado de la combinaci\u00f3n de dos elementos qu\u00edmicos y conformadas por mol\u00e9culas y \u00e1tomos. Sus elementos no pueden separarse por ning\u00fan medio f\u00edsico.<\/li><li><strong>Productos:<\/strong> sustancias que resultan de la reacci\u00f3n qu\u00edmica y que cumplen una determinada funci\u00f3n. Est\u00e1n formados por uno o m\u00e1s compuestos qu\u00edmicos.<\/li><\/ul>\n\n\n\n<h2 class=\"wp-block-heading\">\u00bfCu\u00e1les son las caracter\u00edsticas de las reacciones qu\u00edmicas?<\/h2>\n\n\n\n<ul class=\"wp-block-list\"><li>En una reacci\u00f3n qu\u00edmica <strong>los \u00e1tomos no cambian<\/strong>, lo que cambia son los enlaces que los unen.<\/li><li>La mayor\u00eda de las reacciones qu\u00edmicas <strong>ocurren en soluciones acuosas<\/strong>.<\/li><li>Pueden ser <strong>reversibles<\/strong>, si los productos pasan a ser reactantes, o <strong>irreversibles<\/strong>, cuando los productos no vuelven a formar los reactivos que le dieron origen.<\/li><li>Las reacciones <strong>pueden ser simples<\/strong>, cuando requieren un solo paso para que los reactivos se conviertan en productos, <strong>o complejas<\/strong>, cuando pueden presentar varios pasos entre los reactivos y el producto, pudiendo formar, adem\u00e1s, compuestos intermediarios.<\/li><\/ul>\n\n\n\n<h2 class=\"wp-block-heading\">\u00bfC\u00f3mo ocurre una reacci\u00f3n qu\u00edmica?<\/h2>\n\n\n\n<p>Una reacci\u00f3n qu\u00edmica <strong>ocurre cuando las mol\u00e9culas en movimiento se golpean entre s\u00ed, rompiendo sus enlaces y produciendo un intercambio de \u00e1tomos<\/strong> que forman nuevos productos. Otra forma en la que una reacci\u00f3n qu\u00edmica puede ocurrir es a trav\u00e9s de la <strong>vibraci\u00f3n propia de las sustancias <\/strong>que, cuando lo hacen con energ\u00eda suficiente, se pueden romper en mol\u00e9culas m\u00e1s peque\u00f1as.<\/p>\n\n\n\n<h2 class=\"wp-block-heading\">\u00bfQu\u00e9 explica la ley de la conservaci\u00f3n de la materia?<\/h2>\n\n\n\n<p>La ley de la <strong>conservaci\u00f3n de la materia<\/strong> es fundamental en todas las ciencias naturales, pero en especial en la qu\u00edmica. Plantea que <strong>en toda reacci\u00f3n qu\u00edmica la masa se conserva, es decir que la materia consumida en el proceso, es igual a la masa que resulta de los productos formados.<\/strong><\/p>\n\n\n\n<p>El planteamiento enuncia lo siguiente: <em>en un sistema aislado, durante toda reacci\u00f3n qu\u00edmica ordinaria, la masa total en el sistema permanece constante, es decir, la masa consumida de los reactivos es igual a la masa de los productos obtenidos.<\/em><\/p>\n\n\n\n<p>Esta ley fue planteada, en un principio, por el cient\u00edfico ruso <strong>Mija\u00edl Lomon\u00f3sov<\/strong>, en 1748, aunque realmente, no fue hasta 40 a\u00f1os despu\u00e9s que la desarroll\u00f3 el qu\u00edmico franc\u00e9s <strong>Antoine-Laurent de Lavoisier<\/strong>. Por esta raz\u00f3n, la ley tambi\u00e9n lleva el nombre de <em>Ley de Lomon\u00f3sov-Lavoisier<\/em>. En resumen, aunque la masa no se puede crear ni destruir, s\u00ed puede transformarse, as\u00ed como las entidades asociadas con ella pueden cambiar de forma.<\/p>\n\n\n\n<h2 class=\"wp-block-heading\">\u00bfCu\u00e1les son los tipos de reacciones qu\u00edmicas que existen?<\/h2>\n\n\n\n<ol class=\"wp-block-list\"><li><strong>Reacci\u00f3n de s\u00edntesis o adici\u00f3n (combinaci\u00f3n):<\/strong> cuando dos o m\u00e1s reactivos se combinan para formar un producto m\u00e1s complejo.<\/li><li><strong>Reacci\u00f3n de desplazamiento, sustituci\u00f3n o intercambio:<\/strong> en este tipo de reacci\u00f3n se sustituyen los elementos de los compuestos para crear unos nuevos. Pueden ser simples, cuando un elemento desplaza a otro, o dobles, cuando se intercambian elementos.<\/li><li><strong>Reacciones de descomposici\u00f3n:<\/strong> cuando un compuesto qu\u00edmico se divide en sustancias m\u00e1s simples. Este tipo de reacciones son opuestas a las de adici\u00f3n.<\/li><li><strong>Reacciones de oxidaci\u00f3n-reducci\u00f3n:<\/strong> cuando se produce una transferencia o intercambio de electrones. Mientras un compuesto pierde electrones (se oxida), el otro los gana (se reduce).<\/li><li><strong>Reacciones \u00e1cido-base:<\/strong> en este tipo de reacciones una sustancia b\u00e1sica se neutraliza con otra \u00e1cida y el resultado es un compuesto neutro y agua.<\/li><li><strong>Reacciones de combusti\u00f3n:<\/strong> son similares a las de oxidaci\u00f3n y reducci\u00f3n, aunque se diferencian porque en las de combusti\u00f3n la oxidaci\u00f3n ocurre r\u00e1pidamente. Para que ocurra, un material combustible se combina con ox\u00edgeno y desprende energ\u00eda.<\/li><li><strong>Reacciones exot\u00e9rmicas o endot\u00e9rmicas:<\/strong> las primeras desprenden calor del proceso reactivo y las segundas lo requieren.<\/li><li><strong>Reacciones endoluminosas y exoluminosas:<\/strong> las primeras necesitan de la luz para ocurrir, las segundas emiten luz.<\/li><li><strong>Reacciones exoel\u00e9ctricas y endoel\u00e9ctricas:<\/strong> las primeras transfieren energ\u00eda el\u00e9ctrica al exterior y las segundas la requieren.<\/li><\/ol>\n\n\n\n<p><a href=\"https:\/\/static.ferrovial.com\/wp-content\/uploads\/2022\/11\/02112831\/stem-quimica-es.pdf\" target=\"_blank\" rel=\"noreferrer noopener\">Descarga aqu\u00ed el pdf con todo el contenido de qu\u00edmica.<\/a><\/p>\n<\/div><\/m-wysiwig>\n","protected":false},"excerpt":{"rendered":"","protected":false},"featured_media":0,"parent":227878,"menu_order":0,"comment_status":"closed","ping_status":"closed","template":"","meta":{"_acf_changed":false,"footnotes":""},"class_list":["post-235868","page","type-page","status-publish","hentry"],"acf":[],"yoast_head":"<!-- This site is optimized with the Yoast SEO plugin v27.2 - https:\/\/yoast.com\/product\/yoast-seo-wordpress\/ -->\n<title>Reacciones qu\u00edmicas - Ferrovial<\/title>\n<meta name=\"description\" content=\"Las reacciones qu\u00edmicas son procesos termodin\u00e1micos que transforman una materia. En el proceso, los reactivos cambian su estructura molecular\" \/>\n<meta name=\"robots\" content=\"index, follow, max-snippet:-1, max-image-preview:large, max-video-preview:-1\" \/>\n<link rel=\"canonical\" href=\"https:\/\/www.ferrovial.com\/es\/stem\/reacciones-quimicas\/\" \/>\n<meta property=\"og:locale\" content=\"es_ES\" \/>\n<meta property=\"og:type\" content=\"article\" \/>\n<meta property=\"og:title\" content=\"Reacciones qu\u00edmicas - Ferrovial\" \/>\n<meta property=\"og:description\" content=\"Las reacciones qu\u00edmicas son procesos termodin\u00e1micos que transforman una materia. En el proceso, los reactivos cambian su estructura molecular\" \/>\n<meta property=\"og:url\" content=\"https:\/\/www.ferrovial.com\/es\/stem\/reacciones-quimicas\/\" \/>\n<meta property=\"og:site_name\" content=\"Ferrovial\" \/>\n<meta property=\"article:publisher\" content=\"https:\/\/www.facebook.com\/ferrovial\" \/>\n<meta property=\"article:modified_time\" content=\"2022-11-02T10:31:50+00:00\" \/>\n<meta name=\"twitter:card\" content=\"summary_large_image\" \/>\n<meta name=\"twitter:site\" content=\"@ferrovial\" \/>\n<meta name=\"twitter:label1\" content=\"Est. reading time\" \/>\n\t<meta name=\"twitter:data1\" content=\"8 minutos\" \/>\n<!-- \/ Yoast SEO plugin. -->","yoast_head_json":{"title":"Reacciones qu\u00edmicas - Ferrovial","description":"Las reacciones qu\u00edmicas son procesos termodin\u00e1micos que transforman una materia. En el proceso, los reactivos cambian su estructura molecular","robots":{"index":"index","follow":"follow","max-snippet":"max-snippet:-1","max-image-preview":"max-image-preview:large","max-video-preview":"max-video-preview:-1"},"canonical":"https:\/\/www.ferrovial.com\/es\/stem\/reacciones-quimicas\/","og_locale":"es_ES","og_type":"article","og_title":"Reacciones qu\u00edmicas - Ferrovial","og_description":"Las reacciones qu\u00edmicas son procesos termodin\u00e1micos que transforman una materia. En el proceso, los reactivos cambian su estructura molecular","og_url":"https:\/\/www.ferrovial.com\/es\/stem\/reacciones-quimicas\/","og_site_name":"Ferrovial","article_publisher":"https:\/\/www.facebook.com\/ferrovial","article_modified_time":"2022-11-02T10:31:50+00:00","twitter_card":"summary_large_image","twitter_site":"@ferrovial","twitter_misc":{"Est. reading time":"8 minutos"},"schema":{"@context":"https:\/\/schema.org","@graph":[{"@type":"WebPage","@id":"https:\/\/www.ferrovial.com\/es\/stem\/reacciones-quimicas\/","url":"https:\/\/www.ferrovial.com\/es\/stem\/reacciones-quimicas\/","name":"Reacciones qu\u00edmicas - Ferrovial","isPartOf":{"@id":"https:\/\/www.ferrovial.com\/es\/#website"},"datePublished":"2022-07-29T12:54:33+00:00","dateModified":"2022-11-02T10:31:50+00:00","description":"Las reacciones qu\u00edmicas son procesos termodin\u00e1micos que transforman una materia. En el proceso, los reactivos cambian su estructura molecular","breadcrumb":{"@id":"https:\/\/www.ferrovial.com\/es\/stem\/reacciones-quimicas\/#breadcrumb"},"inLanguage":"es","potentialAction":[{"@type":"ReadAction","target":["https:\/\/www.ferrovial.com\/es\/stem\/reacciones-quimicas\/"]}]},{"@type":"BreadcrumbList","@id":"https:\/\/www.ferrovial.com\/es\/stem\/reacciones-quimicas\/#breadcrumb","itemListElement":[{"@type":"ListItem","position":1,"name":"Portada","item":"https:\/\/www.ferrovial.com\/es\/"},{"@type":"ListItem","position":2,"name":"STEM","item":"https:\/\/www.ferrovial.com\/es\/stem\/"},{"@type":"ListItem","position":3,"name":"Reacciones qu\u00edmicas"}]},{"@type":"WebSite","@id":"https:\/\/www.ferrovial.com\/es\/#website","url":"https:\/\/www.ferrovial.com\/es\/","name":"Ferrovial","description":"Welcome to the Ferrovial&#039;s website, global operator of sustainable infrastructure. Here you can find all the information about the company and subsidiaries.","publisher":{"@id":"https:\/\/www.ferrovial.com\/es\/#organization"},"potentialAction":[{"@type":"SearchAction","target":{"@type":"EntryPoint","urlTemplate":"https:\/\/www.ferrovial.com\/es\/?s={search_term_string}"},"query-input":{"@type":"PropertyValueSpecification","valueRequired":true,"valueName":"search_term_string"}}],"inLanguage":"es"},{"@type":"Organization","@id":"https:\/\/www.ferrovial.com\/es\/#organization","name":"Ferrovial S.A.","url":"https:\/\/www.ferrovial.com\/es\/","logo":{"@type":"ImageObject","inLanguage":"es","@id":"https:\/\/www.ferrovial.com\/es\/#\/schema\/logo\/image\/","url":"https:\/\/static.ferrovial.com\/wp-content\/uploads\/2020\/01\/13124948\/logo-ferrovial-cf7.png","contentUrl":"https:\/\/static.ferrovial.com\/wp-content\/uploads\/2020\/01\/13124948\/logo-ferrovial-cf7.png","width":144,"height":32,"caption":"Ferrovial S.A."},"image":{"@id":"https:\/\/www.ferrovial.com\/es\/#\/schema\/logo\/image\/"},"sameAs":["https:\/\/www.facebook.com\/ferrovial","https:\/\/x.com\/ferrovial","https:\/\/www.instagram.com\/ferrovial\/","https:\/\/www.linkedin.com\/company\/ferrovial","https:\/\/www.pinterest.es\/ferrovial\/","https:\/\/www.youtube.com\/ferrovial","https:\/\/en.wikipedia.org\/wiki\/Ferrovial"]}]}},"_links":{"self":[{"href":"https:\/\/www.ferrovial.com\/es\/wp-json\/wp\/v2\/pages\/235868","targetHints":{"allow":["GET"]}}],"collection":[{"href":"https:\/\/www.ferrovial.com\/es\/wp-json\/wp\/v2\/pages"}],"about":[{"href":"https:\/\/www.ferrovial.com\/es\/wp-json\/wp\/v2\/types\/page"}],"replies":[{"embeddable":true,"href":"https:\/\/www.ferrovial.com\/es\/wp-json\/wp\/v2\/comments?post=235868"}],"version-history":[{"count":4,"href":"https:\/\/www.ferrovial.com\/es\/wp-json\/wp\/v2\/pages\/235868\/revisions"}],"predecessor-version":[{"id":241744,"href":"https:\/\/www.ferrovial.com\/es\/wp-json\/wp\/v2\/pages\/235868\/revisions\/241744"}],"up":[{"embeddable":true,"href":"https:\/\/www.ferrovial.com\/es\/wp-json\/wp\/v2\/pages\/227878"}],"wp:attachment":[{"href":"https:\/\/www.ferrovial.com\/es\/wp-json\/wp\/v2\/media?parent=235868"}],"curies":[{"name":"wp","href":"https:\/\/api.w.org\/{rel}","templated":true}]}}