{"id":235876,"date":"2022-07-29T15:10:14","date_gmt":"2022-07-29T13:10:14","guid":{"rendered":"https:\/\/www.ferrovial.com\/?page_id=235876"},"modified":"2022-09-16T12:35:10","modified_gmt":"2022-09-16T10:35:10","slug":"leyes-de-newton","status":"publish","type":"page","link":"https:\/\/www.ferrovial.com\/es\/stem\/leyes-de-newton\/","title":{"rendered":"Leyes de Newton"},"content":{"rendered":"    <m-final-content-header >\n            <c-breadcrumb label-text=\"Breadcrumb\" slot=\"breadcrumbs\" type='2' align='left' wrap='wrapped wrapped' aria-label='Vienes de STEM'>\n                        <ol>\n\n                                                            <li><a href=\"https:\/\/www.ferrovial.com\/es\/\" title=\"Ferrovial\">Ferrovial<\/a><\/li>\n                                                                        <li><a href=\"https:\/\/www.ferrovial.com\/es\/stem\/\" title=\"STEM\">STEM<\/a><\/li>\n                                    \n                <\/ol>\n\n                <\/c-breadcrumb>\n    \n        <div slot=\"header\">\n            <h1>\n                \u00bfQu\u00e9 son las leyes de Newton?            <\/h1>\n                    <\/div>\n    <\/m-final-content-header>\n\n    \n\n\n<m-wysiwig class=\"wp-block-components-wysiwyg\"><div slot=\"maincontent\">\n<script type=\"application\/ld+json\">\n{\n  \"@context\": \"https:\/\/schema.org\",\n  \"@type\": \"FAQPage\",\n  \"mainEntity\": [{\n    \"@type\": \"Question\",\n    \"name\": \"\u00bfQu\u00e9 son las leyes de Newton?\",\n    \"acceptedAnswer\": {\n      \"@type\": \"Answer\",\n      \"text\": \"Las leyes de Newton son tres principios que explican c\u00f3mo se mueven los cuerpos impulsados por fuerzas que act\u00faan con una velocidad constante para moverlos. Se han usado para describir el movimiento de objetos creados por el hombre, como el de los medios de transporte o las maquinarias, y tambi\u00e9n fen\u00f3menos de gravitaci\u00f3n universal, como el movimiento planetario. Desde que fueron planteadas, las Leyes de Newton han dado explicaci\u00f3n a hechos propios de la mec\u00e1nica cl\u00e1sica y la f\u00edsica.\"\n    }\n  },{\n    \"@type\": \"Question\",\n    \"name\": \"\u00bfQui\u00e9n fue Newton?\",\n    \"acceptedAnswer\": {\n      \"@type\": \"Answer\",\n      \"text\": \"Isaac Newton fue un f\u00edsico, matem\u00e1tico, fil\u00f3sofo y te\u00f3logo ingl\u00e9s, convertido en un referente en el campo de las ciencias gracias a sus importantes aportes, tales como el principio de la gravitaci\u00f3n universal, el establecimiento de las bases de la mec\u00e1nica cl\u00e1sica, sus estudios sobre la naturaleza de la luz y la \u00f3ptica, y el desarrollo del c\u00e1lculo infinitesimal, entre otros.\"\n    }\n  },{\n    \"@type\": \"Question\",\n    \"name\": \"\u00bfQu\u00e9 t\u00e9rminos est\u00e1n relacionados con las leyes de Newton para poder entenderlas?\",\n    \"acceptedAnswer\": {\n      \"@type\": \"Answer\",\n      \"text\": \"<ul>\n<li>Fuerza: se trata de una determinada acci\u00f3n que permite que un objeto se mueva o, incluso, que cambie su forma. Dicha acci\u00f3n puede ser levantar, halar, empujar o arrastrar un cuerpo.<\/li>\n<li>Movimiento: hace referencia al cambio de posici\u00f3n de un objeto a lo largo del tiempo, partiendo de un punto de referencia.<\/li>\n<li>Aceleraci\u00f3n: se trata del cambio de velocidad que puede experimentar un cuerpo u objeto en movimiento.<\/li>\n<\/ul>\"\n    }\n  },{\n    \"@type\": \"Question\",\n    \"name\": \"\u00bfCu\u00e1les son las leyes de Newton?\",\n    \"acceptedAnswer\": {\n      \"@type\": \"Answer\",\n      \"text\": \"<ol>\n<li><strong>Ley de Newton o ley de inercia:<\/strong>\nTodo cuerpo preserva su estado de reposo o movimiento uniforme y rectil\u00edneo a no ser que sea obligado a cambiar su estado por fuerzas impresas sobre \u00e9l.<\/li>\n<li><strong>Segunda Ley de Newton o ley fundamental de la din\u00e1mica:<\/strong>Cuando una fuerza act\u00faa sobre un objeto este se pone en movimiento, acelera, desacelera o var\u00eda su trayectoria.<\/li>\n<li><strong>Tercera Ley de Newton o principio de acci\u00f3n y reacci\u00f3n:<\/strong>Con toda acci\u00f3n ocurre siempre una reacci\u00f3n igual y contraria: o sea, las acciones mutuas de dos cuerpos siempre son iguales y dirigidas en direcciones opuestas.<\/li>\n<\/ol>\"\n    }\n  }]\n}\n<\/script><p>Las <strong>leyes de Newton son tres principios que explican c\u00f3mo se mueven los cuerpos<\/strong> impulsados por fuerzas que act\u00faan con una velocidad constante para moverlos. Se han usado para describir el movimiento de objetos creados por el hombre, como el de los medios de transporte o las maquinarias, y tambi\u00e9n fen\u00f3menos de gravitaci\u00f3n universal, como el movimiento planetario. Desde que fueron planteadas, las Leyes de Newton <strong>han dado explicaci\u00f3n a hechos propios de la mec\u00e1nica cl\u00e1sica y la <a href=\"https:\/\/www.ferrovial.com\/es\/stem\/fisica\/\" target=\"_blank\" rel=\"noreferrer noopener\">f\u00edsica<\/a>.<\/strong><\/p>\n\n\n\n<h2 class=\"wp-block-heading\">\u00bfQui\u00e9n fue Newton?<\/h2>\n\n\n\n<p>Isaac Newton fue un <strong>f\u00edsico, matem\u00e1tico, fil\u00f3sofo y te\u00f3logo ingl\u00e9s<\/strong>, convertido en un referente en el campo de las ciencias gracias a sus importantes aportes, tales como el <strong>principio de la gravitaci\u00f3n universal<\/strong>, el establecimiento de las <strong>bases de la mec\u00e1nica cl\u00e1sica<\/strong>, sus estudios sobre la <strong>naturaleza de la luz y la \u00f3ptica<\/strong>, y el desarrollo del <strong>c\u00e1lculo infinitesimal<\/strong>, entre otros.<\/p>\n\n\n\n<h2 class=\"wp-block-heading\">\u00bfQu\u00e9 t\u00e9rminos est\u00e1n relacionados con las leyes de Newton para poder entenderlas?<\/h2>\n\n\n\n<p>Para entender las leyes de Newton, primero hay que conocer tres conceptos esenciales que le dan sentido a las teor\u00edas del cient\u00edfico ingl\u00e9s.<\/p>\n\n\n\n<ul class=\"wp-block-list\"><li><strong>Fuerza:<\/strong> se trata de una determinada acci\u00f3n que permite que un objeto se mueva o, incluso, que cambie su forma. Dicha acci\u00f3n puede ser levantar, halar, empujar o arrastrar un cuerpo.<\/li><li><strong>Movimiento:<\/strong> hace referencia al cambio de posici\u00f3n de un objeto a lo largo del tiempo, partiendo de un punto de referencia.<\/li><li><strong>Aceleraci\u00f3n:<\/strong> se trata del cambio de velocidad que puede experimentar un cuerpo u objeto en movimiento.<\/li><\/ul>\n\n\n\n<p>Otro concepto que manej\u00f3 Newton para desarrollar sus leyes fue el de la <strong>masa, defini\u00e9ndola como <\/strong>\u00ab<strong>una cantidad de materia<\/strong>\u00bb. As\u00ed, el movimiento es el resultado de la masa por la velocidad que se le aplique.<\/p>\n\n\n\n<h2 class=\"wp-block-heading\">\u00bfCu\u00e1les son las leyes de Newton?<\/h2>\n\n\n\n<p>Las Leyes de Newton han servido para explicar y <strong>describir el movimiento de los cuerpos sometidos a una fuerza y una determinada aceleraci\u00f3n<\/strong>. Estos principios fueron <strong>postulados en 1687<\/strong> en su obra <em>Principios matem\u00e1ticos de la filosof\u00eda natural<\/em>. El planteamiento de las leyes se bas\u00f3 en <strong>observaciones y experimentos cuantitativos<\/strong> con los que el cient\u00edfico <strong>formul\u00f3 predicciones<\/strong>.<\/p>\n\n\n\n<p>Se trata de tres leyes fundamentales que son consideradas como las m\u00e1s importantes de la mec\u00e1nica cl\u00e1sica, ya que <strong>dan respuesta a todos los tipos de movimientos<\/strong>. Ellas son: la ley de la inercia, la relaci\u00f3n entre fuerza y aceleraci\u00f3n y la ley de acci\u00f3n y reacci\u00f3n, todas <strong>planteadas en f\u00f3rmulas matem\u00e1ticas.<\/strong><\/p>\n\n\n\n<ol class=\"wp-block-list\"><li><strong>Primera Ley de Newton o ley de inercia<\/strong><br><br><em>Todo cuerpo preserva su estado de reposo o movimiento uniforme y rectil\u00edneo a no ser que sea obligado a cambiar su estado por fuerzas impresas sobre \u00e9l.<\/em><br><br>Esta ley del movimiento establece que <strong>un cuerpo no puede cambiar su estado inicial <\/strong>de reposo o de movimiento recto con una velocidad constante <strong>si no se le aplica una o varias fuerzas externas<\/strong>. El concepto de la inercia fue planteado inicialmente por <strong>Galileo Galilei<\/strong>, raz\u00f3n por la cual a Newton solo se le atribuye la publicaci\u00f3n del principio y no su autor\u00eda.<br><br>Esta ley contradice el principio aristot\u00e9lico que plantea que un cuerpo solo puede moverse si se le aplica una fuerza sostenida, ya que la ley newtoniana establece que un objeto, que se desplaza o <strong>incluso que reposa<\/strong>, no modifica su estado si no se le aplica un tipo de fuerza externa.<\/li><li><strong>Segunda Ley de Newton o ley fundamental de la din\u00e1mica<\/strong><br><br><em>Cuando una fuerza act\u00faa sobre un objeto este se pone en movimiento, acelera, desacelera o var\u00eda su trayectoria.<\/em><br><br>Esta ley plantea que <strong>la fuerza neta aplicada sobre un objeto es directamente proporcional a la aceleraci\u00f3n<\/strong> que este adquiere en su trayectoria. Es decir, establece que un cuerpo acelera cuando se le aplica una fuerza para moverlo. <strong>Si se aplica una fuerza neta mayor, aumentar\u00e1 la aceleraci\u00f3n del cuerpo.<\/strong><\/li><li><strong>Tercera Ley de Newton o principio de acci\u00f3n y reacci\u00f3n<\/strong><br><br><em>Con toda acci\u00f3n ocurre siempre una reacci\u00f3n igual y contraria: o sea, las acciones mutuas de dos cuerpos siempre son iguales y dirigidas en direcciones opuestas.<\/em><br><br>Esta ley plantea que<strong> toda acci\u00f3n genera una reacci\u00f3n de igual intensidad<\/strong>, pero en sentido opuesto. Es decir, siempre que un objeto ejerza una fuerza sobre otro, este \u00faltimo devolver\u00e1 una fuerza de igual magnitud, pero en sentido opuesto al primero.<\/li><\/ol>\n<\/div><\/m-wysiwig>\n","protected":false},"excerpt":{"rendered":"","protected":false},"featured_media":0,"parent":227878,"menu_order":0,"comment_status":"closed","ping_status":"closed","template":"","meta":{"_acf_changed":false,"footnotes":""},"class_list":["post-235876","page","type-page","status-publish","hentry"],"acf":[],"yoast_head":"<!-- This site is optimized with the Yoast SEO plugin v27.2 - https:\/\/yoast.com\/product\/yoast-seo-wordpress\/ -->\n<title>Leyes de Newton - Ferrovial<\/title>\n<meta name=\"description\" content=\"Las leyes de Newton son tres principios que explican c\u00f3mo se mueven los cuerpos impulsados por fuerzas que act\u00faan con una velocidad constante\" \/>\n<meta name=\"robots\" content=\"index, follow, max-snippet:-1, max-image-preview:large, max-video-preview:-1\" \/>\n<link rel=\"canonical\" href=\"https:\/\/www.ferrovial.com\/es\/stem\/leyes-de-newton\/\" \/>\n<meta property=\"og:locale\" content=\"es_ES\" \/>\n<meta property=\"og:type\" content=\"article\" \/>\n<meta property=\"og:title\" content=\"Leyes de Newton - Ferrovial\" \/>\n<meta property=\"og:description\" content=\"Las leyes de Newton son tres principios que explican c\u00f3mo se mueven los cuerpos impulsados por fuerzas que act\u00faan con una velocidad constante\" \/>\n<meta property=\"og:url\" content=\"https:\/\/www.ferrovial.com\/es\/stem\/leyes-de-newton\/\" \/>\n<meta property=\"og:site_name\" content=\"Ferrovial\" \/>\n<meta property=\"article:publisher\" content=\"https:\/\/www.facebook.com\/ferrovial\" \/>\n<meta property=\"article:modified_time\" content=\"2022-09-16T10:35:10+00:00\" \/>\n<meta name=\"twitter:card\" content=\"summary_large_image\" \/>\n<meta name=\"twitter:site\" content=\"@ferrovial\" \/>\n<meta name=\"twitter:label1\" content=\"Est. reading time\" \/>\n\t<meta name=\"twitter:data1\" content=\"5 minutos\" \/>\n<!-- \/ Yoast SEO plugin. -->","yoast_head_json":{"title":"Leyes de Newton - Ferrovial","description":"Las leyes de Newton son tres principios que explican c\u00f3mo se mueven los cuerpos impulsados por fuerzas que act\u00faan con una velocidad constante","robots":{"index":"index","follow":"follow","max-snippet":"max-snippet:-1","max-image-preview":"max-image-preview:large","max-video-preview":"max-video-preview:-1"},"canonical":"https:\/\/www.ferrovial.com\/es\/stem\/leyes-de-newton\/","og_locale":"es_ES","og_type":"article","og_title":"Leyes de Newton - Ferrovial","og_description":"Las leyes de Newton son tres principios que explican c\u00f3mo se mueven los cuerpos impulsados por fuerzas que act\u00faan con una velocidad constante","og_url":"https:\/\/www.ferrovial.com\/es\/stem\/leyes-de-newton\/","og_site_name":"Ferrovial","article_publisher":"https:\/\/www.facebook.com\/ferrovial","article_modified_time":"2022-09-16T10:35:10+00:00","twitter_card":"summary_large_image","twitter_site":"@ferrovial","twitter_misc":{"Est. reading time":"5 minutos"},"schema":{"@context":"https:\/\/schema.org","@graph":[{"@type":"WebPage","@id":"https:\/\/www.ferrovial.com\/es\/stem\/leyes-de-newton\/","url":"https:\/\/www.ferrovial.com\/es\/stem\/leyes-de-newton\/","name":"Leyes de Newton - Ferrovial","isPartOf":{"@id":"https:\/\/www.ferrovial.com\/es\/#website"},"datePublished":"2022-07-29T13:10:14+00:00","dateModified":"2022-09-16T10:35:10+00:00","description":"Las leyes de Newton son tres principios que explican c\u00f3mo se mueven los cuerpos impulsados por fuerzas que act\u00faan con una velocidad constante","breadcrumb":{"@id":"https:\/\/www.ferrovial.com\/es\/stem\/leyes-de-newton\/#breadcrumb"},"inLanguage":"es","potentialAction":[{"@type":"ReadAction","target":["https:\/\/www.ferrovial.com\/es\/stem\/leyes-de-newton\/"]}]},{"@type":"BreadcrumbList","@id":"https:\/\/www.ferrovial.com\/es\/stem\/leyes-de-newton\/#breadcrumb","itemListElement":[{"@type":"ListItem","position":1,"name":"Portada","item":"https:\/\/www.ferrovial.com\/es\/"},{"@type":"ListItem","position":2,"name":"STEM","item":"https:\/\/www.ferrovial.com\/es\/stem\/"},{"@type":"ListItem","position":3,"name":"Leyes de Newton"}]},{"@type":"WebSite","@id":"https:\/\/www.ferrovial.com\/es\/#website","url":"https:\/\/www.ferrovial.com\/es\/","name":"Ferrovial","description":"Welcome to the Ferrovial&#039;s website, global operator of sustainable infrastructure. Here you can find all the information about the company and subsidiaries.","publisher":{"@id":"https:\/\/www.ferrovial.com\/es\/#organization"},"potentialAction":[{"@type":"SearchAction","target":{"@type":"EntryPoint","urlTemplate":"https:\/\/www.ferrovial.com\/es\/?s={search_term_string}"},"query-input":{"@type":"PropertyValueSpecification","valueRequired":true,"valueName":"search_term_string"}}],"inLanguage":"es"},{"@type":"Organization","@id":"https:\/\/www.ferrovial.com\/es\/#organization","name":"Ferrovial S.A.","url":"https:\/\/www.ferrovial.com\/es\/","logo":{"@type":"ImageObject","inLanguage":"es","@id":"https:\/\/www.ferrovial.com\/es\/#\/schema\/logo\/image\/","url":"https:\/\/static.ferrovial.com\/wp-content\/uploads\/2020\/01\/13124948\/logo-ferrovial-cf7.png","contentUrl":"https:\/\/static.ferrovial.com\/wp-content\/uploads\/2020\/01\/13124948\/logo-ferrovial-cf7.png","width":144,"height":32,"caption":"Ferrovial S.A."},"image":{"@id":"https:\/\/www.ferrovial.com\/es\/#\/schema\/logo\/image\/"},"sameAs":["https:\/\/www.facebook.com\/ferrovial","https:\/\/x.com\/ferrovial","https:\/\/www.instagram.com\/ferrovial\/","https:\/\/www.linkedin.com\/company\/ferrovial","https:\/\/www.pinterest.es\/ferrovial\/","https:\/\/www.youtube.com\/ferrovial","https:\/\/en.wikipedia.org\/wiki\/Ferrovial"]}]}},"_links":{"self":[{"href":"https:\/\/www.ferrovial.com\/es\/wp-json\/wp\/v2\/pages\/235876","targetHints":{"allow":["GET"]}}],"collection":[{"href":"https:\/\/www.ferrovial.com\/es\/wp-json\/wp\/v2\/pages"}],"about":[{"href":"https:\/\/www.ferrovial.com\/es\/wp-json\/wp\/v2\/types\/page"}],"replies":[{"embeddable":true,"href":"https:\/\/www.ferrovial.com\/es\/wp-json\/wp\/v2\/comments?post=235876"}],"version-history":[{"count":3,"href":"https:\/\/www.ferrovial.com\/es\/wp-json\/wp\/v2\/pages\/235876\/revisions"}],"predecessor-version":[{"id":239143,"href":"https:\/\/www.ferrovial.com\/es\/wp-json\/wp\/v2\/pages\/235876\/revisions\/239143"}],"up":[{"embeddable":true,"href":"https:\/\/www.ferrovial.com\/es\/wp-json\/wp\/v2\/pages\/227878"}],"wp:attachment":[{"href":"https:\/\/www.ferrovial.com\/es\/wp-json\/wp\/v2\/media?parent=235876"}],"curies":[{"name":"wp","href":"https:\/\/api.w.org\/{rel}","templated":true}]}}