{"id":235890,"date":"2022-07-29T15:28:03","date_gmt":"2022-07-29T13:28:03","guid":{"rendered":"https:\/\/www.ferrovial.com\/?page_id=235890"},"modified":"2022-09-16T12:56:57","modified_gmt":"2022-09-16T10:56:57","slug":"energia-cinetica","status":"publish","type":"page","link":"https:\/\/www.ferrovial.com\/es\/stem\/energia-cinetica\/","title":{"rendered":"Energ\u00eda cin\u00e9tica"},"content":{"rendered":"    <m-final-content-header >\n            <c-breadcrumb label-text=\"Breadcrumb\" slot=\"breadcrumbs\" type='2' align='left' wrap='wrapped wrapped' aria-label='Vienes de STEM'>\n                        <ol>\n\n                                                            <li><a href=\"https:\/\/www.ferrovial.com\/es\/\" title=\"Ferrovial\">Ferrovial<\/a><\/li>\n                                                                        <li><a href=\"https:\/\/www.ferrovial.com\/es\/stem\/\" title=\"STEM\">STEM<\/a><\/li>\n                                    \n                <\/ol>\n\n                <\/c-breadcrumb>\n    \n        <div slot=\"header\">\n            <h1>\n                \u00bfQu\u00e9 es la energ\u00eda cin\u00e9tica?            <\/h1>\n                    <\/div>\n    <\/m-final-content-header>\n\n    \n\n\n<m-wysiwig class=\"wp-block-components-wysiwyg\"><div slot=\"maincontent\">\n<script type=\"application\/ld+json\">\n{\n  \"@context\": \"https:\/\/schema.org\",\n  \"@type\": \"FAQPage\",\n  \"mainEntity\": [{\n    \"@type\": \"Question\",\n    \"name\": \"\u00bfQu\u00e9 es la energ\u00eda cin\u00e9tica?\",\n    \"acceptedAnswer\": {\n      \"@type\": \"Answer\",\n      \"text\": \"En el campo de la f\u00edsica, la energ\u00eda cin\u00e9tica es la asociada a los cuerpos en movimiento y representa el esfuerzo que permite que un objeto pase del estado de reposo al de movimiento a una velocidad espec\u00edfica.\n\nDe acuerdo con la Ley de la inercia, la primera de las Leyes de Newton, una vez alcanzada cierta velocidad, la cantidad de energ\u00eda cin\u00e9tica permanecer\u00e1 constante, a menos de que otra fuerza act\u00fae sobre el objeto para cambiar su velocidad y, en consecuencia, su energ\u00eda cin\u00e9tica.\"\n    }\n  },{\n    \"@type\": \"Question\",\n    \"name\": \"\u00bfCu\u00e1les son los tipos de energ\u00eda cin\u00e9tica?\",\n    \"acceptedAnswer\": {\n      \"@type\": \"Answer\",\n      \"text\": \"La energ\u00eda cin\u00e9tica se clasifica en dos tipos, seg\u00fan el movimiento:\n\n<ol>\n<li>Energ\u00eda cin\u00e9tica de traslaci\u00f3n: que describe la trayectoria del propio cuerpo, como el movimiento, en s\u00ed mismo, de un coche por una carretera.<\/li>\n<li>Energ\u00eda cin\u00e9tica de rotaci\u00f3n: que describe el movimiento sobre s\u00ed mismo del objeto, como lo hace el neum\u00e1tico de un coche.<\/li>\n<\/ol>\"\n    }\n  },{\n    \"@type\": \"Question\",\n    \"name\": \"\u00bfC\u00f3mo se calcula la energ\u00eda cin\u00e9tica?\",\n    \"acceptedAnswer\": {\n      \"@type\": \"Answer\",\n      \"text\": \"el c\u00e1lculo de la energ\u00eda cin\u00e9tica (Ec), responde a la siguiente f\u00f3rmula matem\u00e1tica: Ec = (\u00bd)m * V2, es decir que la energ\u00eda cin\u00e9tica es proporcional a la mitad de la masa del cuerpo, multiplicada por el cuadrado de la velocidad de movimiento. Esto se traduce en que cuanto mayor sea la masa del cuerpo, as\u00ed como la velocidad con la que se mueve, mayor ser\u00e1 el esfuerzo para generar la energ\u00eda cin\u00e9tica.\n\nAhora bien, la energ\u00eda cin\u00e9tica se puede medir de distintas maneras seg\u00fan las caracter\u00edsticas del cuerpo. Dependiendo de su masa y velocidad, la energ\u00eda cin\u00e9tica puede calcularse de acuerdo con las reglas de:\n<ol>\n<li>Mec\u00e1nica cl\u00e1sica: cuando la energ\u00eda cin\u00e9tica depende de la masa y velocidad del cuerpo, y esta \u00faltima es menor a la velocidad de la luz.<\/li>\n<li>Mec\u00e1nica relativista: se calcula sabiendo que la velocidad del cuerpo es cercana a la velocidad de la luz, por lo que la energ\u00eda cin\u00e9tica depende de la relaci\u00f3n que hay entre ambas velocidades.<\/li>\n<li>Mec\u00e1nica cu\u00e1ntica: se toman en cuenta las part\u00edculas subat\u00f3micas, por lo que las magnitudes f\u00edsicas (es decir, el cuerpo), se describen con funciones de onda.<\/li>\n<\/ol>\"\n    }\n  },{\n    \"@type\": \"Question\",\n    \"name\": \"\u00bfCu\u00e1l es la diferencia entre la energ\u00eda cin\u00e9tica y la energ\u00eda potencial?\",\n    \"acceptedAnswer\": {\n      \"@type\": \"Answer\",\n      \"text\": \"La energ\u00eda mec\u00e1nica de un objeto se compone por energ\u00eda cin\u00e9tica y energ\u00eda potencial. La diferencia entre estos dos tipos de energ\u00eda es que la primera se corresponde con los objetos en movimiento, mientras que la segunda hace referencia a la energ\u00eda acumulada en un objeto en reposo.\"\n    }\n  },{\n    \"@type\": \"Question\",\n    \"name\": \"\u00bfEn qu\u00e9 circunstancias cotidianas se aplica la energ\u00eda cin\u00e9tica?\",\n    \"acceptedAnswer\": {\n      \"@type\": \"Answer\",\n      \"text\": \"Dado que la energ\u00eda cin\u00e9tica se manifiesta en todo cuerpo en movimiento, su presencia en nuestra cotidianidad es constante. Por ejemplo:\n<ul>\n<li>Los veh\u00edculos en movimiento se valen de energ\u00eda cin\u00e9tica para trasladarse, ya que est\u00e1n hechos de masa y van a cierta velocidad. Si se aplica la f\u00f3rmula matem\u00e1tica, se puede deducir que un cami\u00f3n traslad\u00e1ndose por una carretera a una velocidad, aplicar\u00e1 m\u00e1s energ\u00eda cin\u00e9tica que un coche debido a su tama\u00f1o.<\/li>\n<li>El movimiento de las h\u00e9lices para obtener energ\u00eda hidr\u00e1ulica o el\u00e9ctrica a trav\u00e9s del flujo del agua se produce gracias a la energ\u00eda cin\u00e9tica.<\/li>\n<li>Los aviones utilizan una alta cantidad de energ\u00eda cin\u00e9tica dado a su gran tama\u00f1o y a la velocidad con la que se mueven. Esta energ\u00eda es la que les permite volar tan alto.<\/li>\n<\/ul>\"\n    }\n  }]\n}\n<\/script><p>En el campo de la <a href=\"https:\/\/www.ferrovial.com\/es\/stem\/fisica\/\" target=\"_blank\" rel=\"noreferrer noopener\">f\u00edsica<\/a>, la energ\u00eda cin\u00e9tica es la <strong>asociada a los cuerpos en movimiento<\/strong> y representa el esfuerzo que permite que un objeto pase del estado de reposo al de movimiento a una velocidad espec\u00edfica.<\/p>\n\n\n\n<p>Cuando un objeto est\u00e1 en reposo, su energ\u00eda cin\u00e9tica es de cero. <strong>En el momento en el que se le imprime una fuerza de aceleraci\u00f3n y se pone en movimiento, aumenta proporcionalmente su energ\u00eda cin\u00e9tica.<\/strong> Para que el cuerpo vuelva a su estado inicial de reposo, deber\u00e1 recibir la misma magnitud de energ\u00eda que ha invertido para ponerse en movimiento, pero de forma contraria o negativa.<\/p>\n\n\n\n<p>De acuerdo con la <em>Ley de la inercia<\/em>, la primera de las <a href=\"https:\/\/www.ferrovial.com\/es\/stem\/leyes-de-newton\/\" target=\"_blank\" rel=\"noreferrer noopener\">Leyes de Newton<\/a>, <strong>una vez alcanzada cierta velocidad, la cantidad de energ\u00eda cin\u00e9tica permanecer\u00e1 constante<\/strong>, a menos de que otra fuerza act\u00fae sobre el objeto para cambiar su velocidad y, en consecuencia, su energ\u00eda cin\u00e9tica.<\/p>\n\n\n\n<p>En conclusi\u00f3n, este tipo de energ\u00eda hace referencia al <strong>trabajo requerido para acelerar un cuerpo, desde un punto inicial de reposo hasta una velocidad determinada.<\/strong><\/p>\n\n\n\n<h2 class=\"wp-block-heading\">\u00bfCu\u00e1les son los tipos de energ\u00eda cin\u00e9tica?<\/h2>\n\n\n\n<p>La energ\u00eda cin\u00e9tica se clasifica en dos tipos, seg\u00fan el <strong>movimiento:<\/strong><\/p>\n\n\n\n<ol class=\"wp-block-list\"><li><strong>Energ\u00eda cin\u00e9tica de traslaci\u00f3n:<\/strong> que describe la trayectoria del propio cuerpo, como el movimiento, en s\u00ed mismo, de un coche por una carretera.<\/li><li><strong>Energ\u00eda cin\u00e9tica de rotaci\u00f3n:<\/strong> que describe el movimiento sobre s\u00ed mismo del objeto, como lo hace el neum\u00e1tico de un coche.<\/li><\/ol>\n\n\n\n<h2 class=\"wp-block-heading\">\u00bfC\u00f3mo se calcula la energ\u00eda cin\u00e9tica?<\/h2>\n\n\n\n<p>De acuerdo con el sistema internacional de unidades, <strong>la energ\u00eda cin\u00e9tica se mide en Julios<\/strong> y se expresa con la letra<em> J<\/em>. Para poder hacer su c\u00e1lculo, hay que tener en cuenta dos elementos fundamentales: la masa del cuerpo, expresada con la letra <em>m<\/em> y la velocidad del movimiento, expresada con la letra <em>V<\/em>.<\/p>\n\n\n\n<p>Teniendo en cuenta estos conceptos, el c\u00e1lculo de la energ\u00eda cin\u00e9tica (Ec), responde a la siguiente f\u00f3rmula matem\u00e1tica: <strong>Ec = (\u00bd)m * V2<\/strong>, es decir que la <strong>energ\u00eda cin\u00e9tica es proporcional a la mitad de la masa del cuerpo, multiplicada por el cuadrado de la velocidad de movimiento<\/strong>. Esto se traduce en que cuanto mayor sea la masa del cuerpo, as\u00ed como la velocidad con la que se mueve, mayor ser\u00e1 el esfuerzo para generar la energ\u00eda cin\u00e9tica.<\/p>\n\n\n\n<p>Ahora bien, <strong>la energ\u00eda cin\u00e9tica se puede medir de distintas maneras seg\u00fan las caracter\u00edsticas del cuerpo.<\/strong> Dependiendo de su masa y velocidad, la energ\u00eda cin\u00e9tica puede calcularse de acuerdo con las reglas de:<\/p>\n\n\n\n<ol class=\"wp-block-list\"><li><strong>Mec\u00e1nica cl\u00e1sica:<\/strong> cuando la energ\u00eda cin\u00e9tica depende de la masa y velocidad del cuerpo, y esta \u00faltima es menor a la velocidad de la luz.<\/li><li><strong>Mec\u00e1nica relativista: <\/strong>se calcula sabiendo que la velocidad del cuerpo es cercana a la velocidad de la luz, por lo que la energ\u00eda cin\u00e9tica depende de la relaci\u00f3n que hay entre ambas velocidades.<\/li><li><strong>Mec\u00e1nica cu\u00e1ntica:<\/strong> se toman en cuenta las part\u00edculas subat\u00f3micas, por lo que las magnitudes f\u00edsicas (es decir, el cuerpo), se describen con funciones de onda.<\/li><\/ol>\n\n\n\n<h2 class=\"wp-block-heading\">\u00bfCu\u00e1l es la diferencia entre la energ\u00eda cin\u00e9tica y la energ\u00eda potencial?<\/h2>\n\n\n\n<p><strong>La energ\u00eda mec\u00e1nica de un objeto se compone por energ\u00eda cin\u00e9tica y energ\u00eda potencial<\/strong>. La diferencia entre estos dos tipos de energ\u00eda es que la primera se corresponde con los objetos en movimiento, mientras que la segunda hace referencia a la <strong>energ\u00eda acumulada en un objeto en reposo<\/strong>.<\/p>\n\n\n\n<p>Por eso, en funci\u00f3n a c\u00f3mo est\u00e9 ubicado un objeto respecto al campo de fuerza a su alrededor, \u00e9ste utilizar\u00e1 energ\u00eda potencial; y en funci\u00f3n a los movimientos que realice, utilizar\u00e1 energ\u00eda cin\u00e9tica.<\/p>\n\n\n\n<h2 class=\"wp-block-heading\">\u00bfEn qu\u00e9 circunstancias cotidianas se aplica la energ\u00eda cin\u00e9tica?<\/h2>\n\n\n\n<p>Dado que la energ\u00eda cin\u00e9tica se manifiesta en todo cuerpo en movimiento, su presencia en nuestra cotidianidad es constante. Por ejemplo:<\/p>\n\n\n\n<ul class=\"wp-block-list\"><li><strong>Los veh\u00edculos en movimiento<\/strong> se valen de energ\u00eda cin\u00e9tica para trasladarse, ya que est\u00e1n hechos de masa y van a cierta velocidad. Si se aplica la f\u00f3rmula matem\u00e1tica, se puede deducir que un <a href=\"https:\/\/www.ferrovial.com\/es\/recursos\/camiones\/\" target=\"_blank\" rel=\"noreferrer noopener\">cami\u00f3n<\/a> traslad\u00e1ndose por una carretera a una velocidad, aplicar\u00e1 m\u00e1s energ\u00eda cin\u00e9tica que un coche debido a su tama\u00f1o.<\/li><li><strong>El movimiento de las h\u00e9lices<\/strong> para obtener <strong>energ\u00eda hidr\u00e1ulica o el\u00e9ctrica<\/strong> a trav\u00e9s del flujo del agua se produce gracias a la energ\u00eda cin\u00e9tica.<\/li><li><strong>Los <a href=\"https:\/\/www.ferrovial.com\/es\/recursos\/aviones\/\" target=\"_blank\" rel=\"noreferrer noopener\">aviones<\/a><\/strong> utilizan una alta cantidad de energ\u00eda cin\u00e9tica dado a su gran tama\u00f1o y a la velocidad con la que se mueven. Esta energ\u00eda es la que les permite volar tan alto.<\/li><\/ul>\n<\/div><\/m-wysiwig>\n","protected":false},"excerpt":{"rendered":"","protected":false},"featured_media":0,"parent":227878,"menu_order":0,"comment_status":"closed","ping_status":"closed","template":"","meta":{"_acf_changed":false,"footnotes":""},"class_list":["post-235890","page","type-page","status-publish","hentry"],"acf":[],"yoast_head":"<!-- This site is optimized with the Yoast SEO plugin v27.2 - https:\/\/yoast.com\/product\/yoast-seo-wordpress\/ -->\n<title>Energ\u00eda cin\u00e9tica - Ferrovial<\/title>\n<meta name=\"description\" content=\"Es la energ\u00eda asociada a los cuerpos en movimiento y muestra el esfuerzo que permite que un objeto pase del estado de reposo al de movimiento\" \/>\n<meta name=\"robots\" content=\"index, follow, max-snippet:-1, max-image-preview:large, max-video-preview:-1\" \/>\n<link rel=\"canonical\" href=\"https:\/\/www.ferrovial.com\/es\/stem\/energia-cinetica\/\" \/>\n<meta property=\"og:locale\" content=\"es_ES\" \/>\n<meta property=\"og:type\" content=\"article\" \/>\n<meta property=\"og:title\" content=\"Energ\u00eda cin\u00e9tica - Ferrovial\" \/>\n<meta property=\"og:description\" content=\"Es la energ\u00eda asociada a los cuerpos en movimiento y muestra el esfuerzo que permite que un objeto pase del estado de reposo al de movimiento\" \/>\n<meta property=\"og:url\" content=\"https:\/\/www.ferrovial.com\/es\/stem\/energia-cinetica\/\" \/>\n<meta property=\"og:site_name\" content=\"Ferrovial\" \/>\n<meta property=\"article:publisher\" content=\"https:\/\/www.facebook.com\/ferrovial\" \/>\n<meta property=\"article:modified_time\" content=\"2022-09-16T10:56:57+00:00\" \/>\n<meta name=\"twitter:card\" content=\"summary_large_image\" \/>\n<meta name=\"twitter:site\" content=\"@ferrovial\" \/>\n<meta name=\"twitter:label1\" content=\"Est. reading time\" \/>\n\t<meta name=\"twitter:data1\" content=\"7 minutos\" \/>\n<!-- \/ Yoast SEO plugin. -->","yoast_head_json":{"title":"Energ\u00eda cin\u00e9tica - Ferrovial","description":"Es la energ\u00eda asociada a los cuerpos en movimiento y muestra el esfuerzo que permite que un objeto pase del estado de reposo al de movimiento","robots":{"index":"index","follow":"follow","max-snippet":"max-snippet:-1","max-image-preview":"max-image-preview:large","max-video-preview":"max-video-preview:-1"},"canonical":"https:\/\/www.ferrovial.com\/es\/stem\/energia-cinetica\/","og_locale":"es_ES","og_type":"article","og_title":"Energ\u00eda cin\u00e9tica - Ferrovial","og_description":"Es la energ\u00eda asociada a los cuerpos en movimiento y muestra el esfuerzo que permite que un objeto pase del estado de reposo al de movimiento","og_url":"https:\/\/www.ferrovial.com\/es\/stem\/energia-cinetica\/","og_site_name":"Ferrovial","article_publisher":"https:\/\/www.facebook.com\/ferrovial","article_modified_time":"2022-09-16T10:56:57+00:00","twitter_card":"summary_large_image","twitter_site":"@ferrovial","twitter_misc":{"Est. reading time":"7 minutos"},"schema":{"@context":"https:\/\/schema.org","@graph":[{"@type":"WebPage","@id":"https:\/\/www.ferrovial.com\/es\/stem\/energia-cinetica\/","url":"https:\/\/www.ferrovial.com\/es\/stem\/energia-cinetica\/","name":"Energ\u00eda cin\u00e9tica - Ferrovial","isPartOf":{"@id":"https:\/\/www.ferrovial.com\/es\/#website"},"datePublished":"2022-07-29T13:28:03+00:00","dateModified":"2022-09-16T10:56:57+00:00","description":"Es la energ\u00eda asociada a los cuerpos en movimiento y muestra el esfuerzo que permite que un objeto pase del estado de reposo al de movimiento","breadcrumb":{"@id":"https:\/\/www.ferrovial.com\/es\/stem\/energia-cinetica\/#breadcrumb"},"inLanguage":"es","potentialAction":[{"@type":"ReadAction","target":["https:\/\/www.ferrovial.com\/es\/stem\/energia-cinetica\/"]}]},{"@type":"BreadcrumbList","@id":"https:\/\/www.ferrovial.com\/es\/stem\/energia-cinetica\/#breadcrumb","itemListElement":[{"@type":"ListItem","position":1,"name":"Portada","item":"https:\/\/www.ferrovial.com\/es\/"},{"@type":"ListItem","position":2,"name":"STEM","item":"https:\/\/www.ferrovial.com\/es\/stem\/"},{"@type":"ListItem","position":3,"name":"Energ\u00eda cin\u00e9tica"}]},{"@type":"WebSite","@id":"https:\/\/www.ferrovial.com\/es\/#website","url":"https:\/\/www.ferrovial.com\/es\/","name":"Ferrovial","description":"Welcome to the Ferrovial&#039;s website, global operator of sustainable infrastructure. Here you can find all the information about the company and subsidiaries.","publisher":{"@id":"https:\/\/www.ferrovial.com\/es\/#organization"},"potentialAction":[{"@type":"SearchAction","target":{"@type":"EntryPoint","urlTemplate":"https:\/\/www.ferrovial.com\/es\/?s={search_term_string}"},"query-input":{"@type":"PropertyValueSpecification","valueRequired":true,"valueName":"search_term_string"}}],"inLanguage":"es"},{"@type":"Organization","@id":"https:\/\/www.ferrovial.com\/es\/#organization","name":"Ferrovial S.A.","url":"https:\/\/www.ferrovial.com\/es\/","logo":{"@type":"ImageObject","inLanguage":"es","@id":"https:\/\/www.ferrovial.com\/es\/#\/schema\/logo\/image\/","url":"https:\/\/static.ferrovial.com\/wp-content\/uploads\/2020\/01\/13124948\/logo-ferrovial-cf7.png","contentUrl":"https:\/\/static.ferrovial.com\/wp-content\/uploads\/2020\/01\/13124948\/logo-ferrovial-cf7.png","width":144,"height":32,"caption":"Ferrovial S.A."},"image":{"@id":"https:\/\/www.ferrovial.com\/es\/#\/schema\/logo\/image\/"},"sameAs":["https:\/\/www.facebook.com\/ferrovial","https:\/\/x.com\/ferrovial","https:\/\/www.instagram.com\/ferrovial\/","https:\/\/www.linkedin.com\/company\/ferrovial","https:\/\/www.pinterest.es\/ferrovial\/","https:\/\/www.youtube.com\/ferrovial","https:\/\/en.wikipedia.org\/wiki\/Ferrovial"]}]}},"_links":{"self":[{"href":"https:\/\/www.ferrovial.com\/es\/wp-json\/wp\/v2\/pages\/235890","targetHints":{"allow":["GET"]}}],"collection":[{"href":"https:\/\/www.ferrovial.com\/es\/wp-json\/wp\/v2\/pages"}],"about":[{"href":"https:\/\/www.ferrovial.com\/es\/wp-json\/wp\/v2\/types\/page"}],"replies":[{"embeddable":true,"href":"https:\/\/www.ferrovial.com\/es\/wp-json\/wp\/v2\/comments?post=235890"}],"version-history":[{"count":3,"href":"https:\/\/www.ferrovial.com\/es\/wp-json\/wp\/v2\/pages\/235890\/revisions"}],"predecessor-version":[{"id":239150,"href":"https:\/\/www.ferrovial.com\/es\/wp-json\/wp\/v2\/pages\/235890\/revisions\/239150"}],"up":[{"embeddable":true,"href":"https:\/\/www.ferrovial.com\/es\/wp-json\/wp\/v2\/pages\/227878"}],"wp:attachment":[{"href":"https:\/\/www.ferrovial.com\/es\/wp-json\/wp\/v2\/media?parent=235890"}],"curies":[{"name":"wp","href":"https:\/\/api.w.org\/{rel}","templated":true}]}}