{"id":23645,"date":"2019-09-13T11:33:15","date_gmt":"2019-09-13T09:33:15","guid":{"rendered":"https:\/\/www.ferrovial.com\/?page_id=23645"},"modified":"2026-03-17T11:31:25","modified_gmt":"2026-03-17T10:31:25","slug":"cobertura-analistas","status":"publish","type":"page","link":"https:\/\/www.ferrovial.com\/es\/accionistas-e-inversores\/informacion-bursatil\/cobertura-analistas\/","title":{"rendered":"Cobertura de analistas"},"content":{"rendered":"    <m-final-content-header bgimage='https:\/\/static.ferrovial.com\/wp-content\/uploads\/2019\/09\/13135158\/puente-autovia-de-la-plata-03.jpg'>\n            <c-breadcrumb label-text=\"Breadcrumb\" slot=\"breadcrumbs\" type='2' align='left' wrap='wrapped wrapped' aria-label='Vienes de Informaci\u00f3n burs\u00e1til'>\n                        <ol>\n\n                                                            <li><a href=\"https:\/\/www.ferrovial.com\/es\/\" title=\"Ferrovial\">Ferrovial<\/a><\/li>\n                                                                        <li><a href=\"https:\/\/www.ferrovial.com\/es\/accionistas-e-inversores\/\" title=\"Accionistas e inversores\">Accionistas e inversores<\/a><\/li>\n                                                                        <li><a href=\"https:\/\/www.ferrovial.com\/es\/accionistas-e-inversores\/informacion-bursatil\/\" title=\"Informaci\u00f3n burs\u00e1til\">Informaci\u00f3n burs\u00e1til<\/a><\/li>\n                                    \n                <\/ol>\n\n                <\/c-breadcrumb>\n    \n        <div slot=\"header\">\n            <h1>\n                Cobertura de analistas            <\/h1>\n                    <\/div>\n    <\/m-final-content-header>\n\n    \n\n    <m-chart-stacked-bars sign=\"\" :top-labels=\"true\" :data=\"{&quot;labels&quot;:['Opini\u00f3n'],&quot;series&quot;:[[60],[32],[8]],&quot;legendNames&quot;:['Comprar', 'Mantener', 'Vender']}\" :legend=\"true\" :decimals=\"2\">\n                        <h2 slot=\"title\">\n                    Recomendaciones                <\/h2>\n                      <\/m-chart-stacked-bars>\n    \n\n\n<m-table class=\"wp-block-components-table\"><h2>Buscador de recomendaciones de analistas<\/h2><div class=\"m-table__group-buttons\" slot=\"buttons\"><a href=\"https:\/\/www.ferrovial.com\/es\/accionistas-e-inversores\/informacion-bursatil\/cobertura-analistas\/?action=themePrintTable&amp;block=1577357433401\" title=\"Imprimir tabla Buscador de recomendaciones de analistas\" icon=\"file\" print=\"true\" target=\"_blank\" rel=\"noopener noreferrer\" sr-only=\"Abrir una nueva ventana\">Imprimir<\/a><a href=\"https:\/\/static.ferrovial.com\/wp-content\/uploads\/2026\/03\/12114723\/2026-02-analistas-2.xlsx\" title=\"Descargar XLSX 2026-02-analistas-2.xlsx\" icon=\"download\">Descargar XLSX<\/a><\/div><div slot=\"table\">\n<table style=\"width: 101.169%; height: 688px;\" width=\"282\">\n<thead>\n<tr style=\"height: 20px;\">\n<td style=\"width: 42.6087%; height: 20px;\" width=\"198\">\u00a0<\/td>\n<td style=\"width: 14.1449%; height: 20px;\" width=\"198\">\u00a0<\/td>\n<td style=\"width: 7.07246%; height: 20px;\" width=\"80\">\u00a0<\/td>\n<td style=\"width: 7.07246%; height: 20px;\" width=\"124\">\u00a0<\/td>\n<td style=\"width: 28.1029%; height: 20px;\" width=\"100\">\u00a0<\/td>\n<\/tr>\n<\/thead>\n<tbody>\n<tr style=\"height: 62px;\">\n<td style=\"width: 42.6087%; height: 62px;\" width=\"198\"><strong>Entidad<\/strong><\/td>\n<td style=\"width: 14.1449%; height: 62px;\" width=\"198\"><strong>Analista<\/strong><\/td>\n<td style=\"width: 7.07246%; height: 62px;\" width=\"80\"><strong>Opini\u00f3n<\/strong><\/td>\n<td style=\"width: 7.07246%; height: 62px;\" width=\"124\"><strong>Precio Objetivo (\u20ac)<\/strong><\/td>\n<td style=\"width: 28.1029%; height: 62px;\" width=\"100\"><strong>Fecha<\/strong><\/td>\n<\/tr>\n<tr>\n<td style=\"width: 42.6087%;\" width=\"132\">Alantra Equities<\/td>\n<td style=\"width: 14.1449%;\" width=\"201\">\u00c1lvaro Lenze<\/td>\n<td style=\"height: 15pt; width: 7.07246%;\" width=\"80\" height=\"20\">Vender<\/td>\n<td style=\"width: 7.07246%;\" width=\"80\">44,25<\/td>\n<td style=\"width: 28.1029%;\" width=\"100\">2026\/02\/27<\/td>\n<\/tr>\n<tr>\n<td style=\"width: 42.6087%;\">Citigroup<\/td>\n<td style=\"width: 14.1449%;\">Ami Galla<\/td>\n<td style=\"height: 15pt; width: 7.07246%;\" height=\"20\">Comprar<\/td>\n<td style=\"width: 7.07246%;\">64,3<\/td>\n<td style=\"width: 28.1029%;\">2026\/02\/26<\/td>\n<\/tr>\n<tr>\n<td style=\"width: 42.6087%;\">Mediobanca<\/td>\n<td style=\"width: 14.1449%;\">Nicolo Pessina<\/td>\n<td style=\"height: 15pt; width: 7.07246%;\" height=\"20\">Mantener<\/td>\n<td style=\"width: 7.07246%;\">63<\/td>\n<td style=\"width: 28.1029%;\">2026\/02\/26<\/td>\n<\/tr>\n<tr>\n<td style=\"width: 42.6087%;\">JP Morgan<\/td>\n<td style=\"width: 14.1449%;\">Elodie Rall<\/td>\n<td style=\"height: 15pt; width: 7.07246%;\" height=\"20\">Comprar<\/td>\n<td style=\"width: 7.07246%;\">65<\/td>\n<td style=\"width: 28.1029%;\">2026\/02\/26<\/td>\n<\/tr>\n<tr>\n<td style=\"width: 42.6087%;\">Bernstein<\/td>\n<td style=\"width: 14.1449%;\">V\u00edctor Acitores<\/td>\n<td style=\"height: 15pt; width: 7.07246%;\" height=\"20\">Mantener<\/td>\n<td style=\"width: 7.07246%;\">60,3<\/td>\n<td style=\"width: 28.1029%;\">2026\/02\/26<\/td>\n<\/tr>\n<tr>\n<td style=\"width: 42.6087%;\">Santander<\/td>\n<td style=\"width: 14.1449%;\">Jos\u00e9 Manuel Arroyas<\/td>\n<td style=\"height: 15pt; width: 7.07246%;\" height=\"20\">Mantener<\/td>\n<td style=\"width: 7.07246%;\">46,1<\/td>\n<td style=\"width: 28.1029%;\">2026\/02\/26<\/td>\n<\/tr>\n<tr>\n<td style=\"width: 42.6087%;\">Caixa BPI<\/td>\n<td style=\"width: 14.1449%;\">Filipe Leite<\/td>\n<td style=\"height: 15pt; width: 7.07246%;\" height=\"20\">Comprar<\/td>\n<td style=\"width: 7.07246%;\">58,6<\/td>\n<td style=\"width: 28.1029%;\">2026\/02\/26<\/td>\n<\/tr>\n<tr>\n<td style=\"width: 42.6087%;\">Sabadell<\/td>\n<td style=\"width: 14.1449%;\">Luis Arredondo<\/td>\n<td style=\"height: 15pt; width: 7.07246%;\" height=\"20\">Comprar<\/td>\n<td style=\"width: 7.07246%;\">65<\/td>\n<td style=\"width: 28.1029%;\">2026\/02\/26<\/td>\n<\/tr>\n<tr>\n<td style=\"width: 42.6087%;\">JB Capital<\/td>\n<td style=\"width: 14.1449%;\">Miguel Gonz\u00e1lez<\/td>\n<td style=\"height: 15pt; width: 7.07246%;\" height=\"20\">Vender<\/td>\n<td style=\"width: 7.07246%;\">43,8<\/td>\n<td style=\"width: 28.1029%;\">2026\/02\/26<\/td>\n<\/tr>\n<tr>\n<td style=\"width: 42.6087%;\">Bestinver<\/td>\n<td style=\"width: 14.1449%;\">\u00c1lvaro Navarro<\/td>\n<td style=\"height: 15pt; width: 7.07246%;\" height=\"20\">Mantener<\/td>\n<td style=\"width: 7.07246%;\">54,65<\/td>\n<td style=\"width: 28.1029%;\">2026\/02\/26<\/td>\n<\/tr>\n<tr>\n<td style=\"width: 42.6087%;\">UBS<\/td>\n<td style=\"width: 14.1449%;\">Cristian Nedelcu<\/td>\n<td style=\"height: 15pt; width: 7.07246%;\" height=\"20\">Comprar<\/td>\n<td style=\"width: 7.07246%;\">65<\/td>\n<td style=\"width: 28.1029%;\">2026\/02\/26<\/td>\n<\/tr>\n<tr>\n<td style=\"width: 42.6087%;\">Bank of America<\/td>\n<td style=\"width: 14.1449%;\">Marcin Wojtal<\/td>\n<td style=\"height: 15pt; width: 7.07246%;\" height=\"20\">Comprar<\/td>\n<td style=\"width: 7.07246%;\">67<\/td>\n<td style=\"width: 28.1029%;\">2026\/02\/26<\/td>\n<\/tr>\n<tr>\n<td style=\"width: 42.6087%;\">Insight<\/td>\n<td style=\"width: 14.1449%;\">Robert Crimes<\/td>\n<td style=\"height: 15pt; width: 7.07246%;\" height=\"20\">Comprar<\/td>\n<td style=\"width: 7.07246%;\">120<\/td>\n<td style=\"width: 28.1029%;\">2026\/02\/26<\/td>\n<\/tr>\n<tr>\n<td style=\"width: 42.6087%;\">Kepler Cheuvreux<\/td>\n<td style=\"width: 14.1449%;\">Luis Prieto<\/td>\n<td style=\"height: 15pt; width: 7.07246%;\" height=\"20\">Comprar<\/td>\n<td style=\"width: 7.07246%;\">68,5<\/td>\n<td style=\"width: 28.1029%;\">2026\/02\/26<\/td>\n<\/tr>\n<tr>\n<td style=\"width: 42.6087%;\">Jefferies<\/td>\n<td style=\"width: 14.1449%;\">Graham Hunt<\/td>\n<td style=\"height: 15pt; width: 7.07246%;\" height=\"20\">Comprar<\/td>\n<td style=\"width: 7.07246%;\">62,5<\/td>\n<td style=\"width: 28.1029%;\">2026\/02\/26<\/td>\n<\/tr>\n<tr>\n<td style=\"width: 42.6087%;\">Morgan Stanley<\/td>\n<td style=\"width: 14.1449%;\">Nicolas Mora<\/td>\n<td style=\"height: 15pt; width: 7.07246%;\" height=\"20\">Comprar<\/td>\n<td style=\"width: 7.07246%;\">70<\/td>\n<td style=\"width: 28.1029%;\">2026\/02\/26<\/td>\n<\/tr>\n<tr>\n<td style=\"width: 42.6087%;\">renta4<\/td>\n<td style=\"width: 14.1449%;\">\u00c1ngel P\u00e9rez<\/td>\n<td style=\"height: 15pt; width: 7.07246%;\" height=\"20\">Comprar<\/td>\n<td style=\"width: 7.07246%;\">59,7<\/td>\n<td style=\"width: 28.1029%;\">2026\/02\/26<\/td>\n<\/tr>\n<tr>\n<td style=\"width: 42.6087%;\">Goldman Sachs<\/td>\n<td style=\"width: 14.1449%;\">Patrick Creuset<\/td>\n<td style=\"height: 15pt; width: 7.07246%;\" height=\"20\">Comprar<\/td>\n<td style=\"width: 7.07246%;\">60<\/td>\n<td style=\"width: 28.1029%;\">2026\/02\/26<\/td>\n<\/tr>\n<tr>\n<td style=\"width: 42.6087%;\">RBC<\/td>\n<td style=\"width: 14.1449%;\">Ruairi Cullinane<\/td>\n<td style=\"height: 15pt; width: 7.07246%;\" height=\"20\">Comprar<\/td>\n<td style=\"width: 7.07246%;\">68<\/td>\n<td style=\"width: 28.1029%;\">2026\/02\/26<\/td>\n<\/tr>\n<tr>\n<td style=\"width: 42.6087%;\">ODDO<\/td>\n<td style=\"width: 14.1449%;\">Ana Arjona<\/td>\n<td style=\"height: 15pt; width: 7.07246%;\" height=\"20\">Mantener<\/td>\n<td style=\"width: 7.07246%;\">51,7<\/td>\n<td style=\"width: 28.1029%;\">2026\/02\/26<\/td>\n<\/tr>\n<tr>\n<td style=\"width: 42.6087%;\">Barclays<\/td>\n<td style=\"width: 14.1449%;\">Pierre Rousseau\u00a0<\/td>\n<td style=\"height: 15pt; width: 7.07246%;\" height=\"20\">Comprar<\/td>\n<td style=\"width: 7.07246%;\">70<\/td>\n<td style=\"width: 28.1029%;\">2026\/02\/26<\/td>\n<\/tr>\n<tr>\n<td style=\"width: 42.6087%;\">BNP Paribas<\/td>\n<td style=\"width: 14.1449%;\">Dario Maglione<\/td>\n<td style=\"height: 15pt; width: 7.07246%;\" height=\"20\">Mantener<\/td>\n<td style=\"width: 7.07246%;\">55<\/td>\n<td style=\"width: 28.1029%;\">2026\/02\/25<\/td>\n<\/tr>\n<tr>\n<td style=\"width: 42.6087%;\">Deutsche Bank<\/td>\n<td style=\"width: 14.1449%;\">Harishankar Ramamoorthy<\/td>\n<td style=\"height: 15pt; width: 7.07246%;\" height=\"20\">Comprar<\/td>\n<td style=\"width: 7.07246%;\">61,4<\/td>\n<td style=\"width: 28.1029%;\">2026\/02\/19<\/td>\n<\/tr>\n<tr>\n<td style=\"width: 42.6087%;\">Morningstar<\/td>\n<td style=\"width: 14.1449%;\">Jack Fletcher-Price<\/td>\n<td style=\"height: 15pt; width: 7.07246%;\" height=\"20\">Mantener<\/td>\n<td style=\"width: 7.07246%;\">57<\/td>\n<td style=\"width: 28.1029%;\">2025\/11\/28<\/td>\n<\/tr>\n<tr>\n<td style=\"width: 42.6087%;\">GVC Gaesco Valores<\/td>\n<td style=\"width: 14.1449%;\">Rafael Fern\u00e1ndez de Heredia<\/td>\n<td style=\"height: 15pt; width: 7.07246%;\" height=\"20\">Mantener<\/td>\n<td style=\"width: 7.07246%;\">44,6<\/td>\n<td style=\"width: 28.1029%;\">2025\/10\/29<\/td>\n<\/tr>\n<\/tbody>\n<\/table>\n<\/div><\/m-table>\n\n\n\n<m-wysiwig class=\"wp-block-components-wysiwyg\"><div slot=\"maincontent\">\n<h2 class=\"wp-block-heading\">Nota legal<\/h2>\n\n\n\n<p>Ferrovial es cubierta por los analistas cuyos informes se muestran. Rogamos tomar nota de que cualquier opini\u00f3n, estimaci\u00f3n o previsi\u00f3n referente a la compa\u00f1\u00eda realizada por estos analistas pertenecen a los mismos y no representan opiniones, estimaciones o previsiones realizadas por Ferrovial ni por su direcci\u00f3n. Ferrovial no se hace responsable de dicha informaci\u00f3n, ni de las conclusiones ni recomendaciones realizadas por los analistas.<\/p>\n<\/div><\/m-wysiwig>\n\n\n\n<p><\/p>\n","protected":false},"excerpt":{"rendered":"","protected":false},"featured_media":3115,"parent":19097,"menu_order":0,"comment_status":"closed","ping_status":"closed","template":"","meta":{"_acf_changed":false,"footnotes":""},"class_list":["post-23645","page","type-page","status-publish","has-post-thumbnail","hentry"],"acf":[],"yoast_head":"<!-- This site is optimized with the Yoast SEO plugin v27.2 - https:\/\/yoast.com\/product\/yoast-seo-wordpress\/ -->\n<title>Cobertura de analistas - Ferrovial<\/title>\n<meta name=\"description\" content=\"Ferrovial es cubierta por los analistas cuyos informes se muestran. Cualquier opini\u00f3n, estimaci\u00f3n o previsi\u00f3n referente a Ferrovial realizada por \u00e9stos pertenecen ...\" \/>\n<meta name=\"robots\" content=\"index, follow, max-snippet:-1, max-image-preview:large, max-video-preview:-1\" \/>\n<link rel=\"canonical\" href=\"https:\/\/www.ferrovial.com\/es\/accionistas-e-inversores\/informacion-bursatil\/cobertura-analistas\/\" \/>\n<meta property=\"og:locale\" content=\"es_ES\" \/>\n<meta property=\"og:type\" content=\"article\" \/>\n<meta property=\"og:title\" content=\"Cobertura de analistas - Ferrovial\" \/>\n<meta property=\"og:description\" content=\"Ferrovial es cubierta por los analistas cuyos informes se muestran. Cualquier opini\u00f3n, estimaci\u00f3n o previsi\u00f3n referente a Ferrovial realizada por \u00e9stos pertenecen ...\" \/>\n<meta property=\"og:url\" content=\"https:\/\/www.ferrovial.com\/es\/accionistas-e-inversores\/informacion-bursatil\/cobertura-analistas\/\" \/>\n<meta property=\"og:site_name\" content=\"Ferrovial\" \/>\n<meta property=\"article:publisher\" content=\"https:\/\/www.facebook.com\/ferrovial\" \/>\n<meta property=\"article:modified_time\" content=\"2026-03-17T10:31:25+00:00\" \/>\n<meta property=\"og:image\" content=\"https:\/\/static.ferrovial.com\/wp-content\/uploads\/2019\/09\/13135158\/puente-autovia-de-la-plata-03.jpg\" \/>\n\t<meta property=\"og:image:width\" content=\"1000\" \/>\n\t<meta property=\"og:image:height\" content=\"667\" \/>\n\t<meta property=\"og:image:type\" content=\"image\/jpeg\" \/>\n<meta name=\"twitter:card\" content=\"summary_large_image\" \/>\n<meta name=\"twitter:site\" content=\"@ferrovial\" \/>\n<meta name=\"twitter:label1\" content=\"Est. reading time\" \/>\n\t<meta name=\"twitter:data1\" content=\"2 minutos\" \/>\n<!-- \/ Yoast SEO plugin. -->","yoast_head_json":{"title":"Cobertura de analistas - Ferrovial","description":"Ferrovial es cubierta por los analistas cuyos informes se muestran. Cualquier opini\u00f3n, estimaci\u00f3n o previsi\u00f3n referente a Ferrovial realizada por \u00e9stos pertenecen ...","robots":{"index":"index","follow":"follow","max-snippet":"max-snippet:-1","max-image-preview":"max-image-preview:large","max-video-preview":"max-video-preview:-1"},"canonical":"https:\/\/www.ferrovial.com\/es\/accionistas-e-inversores\/informacion-bursatil\/cobertura-analistas\/","og_locale":"es_ES","og_type":"article","og_title":"Cobertura de analistas - Ferrovial","og_description":"Ferrovial es cubierta por los analistas cuyos informes se muestran. Cualquier opini\u00f3n, estimaci\u00f3n o previsi\u00f3n referente a Ferrovial realizada por \u00e9stos pertenecen ...","og_url":"https:\/\/www.ferrovial.com\/es\/accionistas-e-inversores\/informacion-bursatil\/cobertura-analistas\/","og_site_name":"Ferrovial","article_publisher":"https:\/\/www.facebook.com\/ferrovial","article_modified_time":"2026-03-17T10:31:25+00:00","og_image":[{"width":1000,"height":667,"url":"https:\/\/static.ferrovial.com\/wp-content\/uploads\/2019\/09\/13135158\/puente-autovia-de-la-plata-03.jpg","type":"image\/jpeg"}],"twitter_card":"summary_large_image","twitter_site":"@ferrovial","twitter_misc":{"Est. reading time":"2 minutos"},"schema":{"@context":"https:\/\/schema.org","@graph":[{"@type":"WebPage","@id":"https:\/\/www.ferrovial.com\/es\/accionistas-e-inversores\/informacion-bursatil\/cobertura-analistas\/","url":"https:\/\/www.ferrovial.com\/es\/accionistas-e-inversores\/informacion-bursatil\/cobertura-analistas\/","name":"Cobertura de analistas - Ferrovial","isPartOf":{"@id":"https:\/\/www.ferrovial.com\/es\/#website"},"primaryImageOfPage":{"@id":"https:\/\/www.ferrovial.com\/es\/accionistas-e-inversores\/informacion-bursatil\/cobertura-analistas\/#primaryimage"},"image":{"@id":"https:\/\/www.ferrovial.com\/es\/accionistas-e-inversores\/informacion-bursatil\/cobertura-analistas\/#primaryimage"},"thumbnailUrl":"https:\/\/static.ferrovial.com\/wp-content\/uploads\/2019\/09\/13135158\/puente-autovia-de-la-plata-03.jpg","datePublished":"2019-09-13T09:33:15+00:00","dateModified":"2026-03-17T10:31:25+00:00","description":"Ferrovial es cubierta por los analistas cuyos informes se muestran. Cualquier opini\u00f3n, estimaci\u00f3n o previsi\u00f3n referente a Ferrovial realizada por \u00e9stos pertenecen ...","breadcrumb":{"@id":"https:\/\/www.ferrovial.com\/es\/accionistas-e-inversores\/informacion-bursatil\/cobertura-analistas\/#breadcrumb"},"inLanguage":"es","potentialAction":[{"@type":"ReadAction","target":["https:\/\/www.ferrovial.com\/es\/accionistas-e-inversores\/informacion-bursatil\/cobertura-analistas\/"]}]},{"@type":"ImageObject","inLanguage":"es","@id":"https:\/\/www.ferrovial.com\/es\/accionistas-e-inversores\/informacion-bursatil\/cobertura-analistas\/#primaryimage","url":"https:\/\/static.ferrovial.com\/wp-content\/uploads\/2019\/09\/13135158\/puente-autovia-de-la-plata-03.jpg","contentUrl":"https:\/\/static.ferrovial.com\/wp-content\/uploads\/2019\/09\/13135158\/puente-autovia-de-la-plata-03.jpg","width":1000,"height":667,"caption":"puente-autovia-de-la-plata-03"},{"@type":"BreadcrumbList","@id":"https:\/\/www.ferrovial.com\/es\/accionistas-e-inversores\/informacion-bursatil\/cobertura-analistas\/#breadcrumb","itemListElement":[{"@type":"ListItem","position":1,"name":"Portada","item":"https:\/\/www.ferrovial.com\/es\/"},{"@type":"ListItem","position":2,"name":"Accionistas e inversores","item":"https:\/\/www.ferrovial.com\/es\/accionistas-e-inversores\/"},{"@type":"ListItem","position":3,"name":"Informaci\u00f3n burs\u00e1til","item":"https:\/\/www.ferrovial.com\/es\/accionistas-e-inversores\/informacion-bursatil\/"},{"@type":"ListItem","position":4,"name":"Cobertura de analistas"}]},{"@type":"WebSite","@id":"https:\/\/www.ferrovial.com\/es\/#website","url":"https:\/\/www.ferrovial.com\/es\/","name":"Ferrovial","description":"Welcome to the Ferrovial&#039;s website, global operator of sustainable infrastructure. Here you can find all the information about the company and subsidiaries.","publisher":{"@id":"https:\/\/www.ferrovial.com\/es\/#organization"},"potentialAction":[{"@type":"SearchAction","target":{"@type":"EntryPoint","urlTemplate":"https:\/\/www.ferrovial.com\/es\/?s={search_term_string}"},"query-input":{"@type":"PropertyValueSpecification","valueRequired":true,"valueName":"search_term_string"}}],"inLanguage":"es"},{"@type":"Organization","@id":"https:\/\/www.ferrovial.com\/es\/#organization","name":"Ferrovial S.A.","url":"https:\/\/www.ferrovial.com\/es\/","logo":{"@type":"ImageObject","inLanguage":"es","@id":"https:\/\/www.ferrovial.com\/es\/#\/schema\/logo\/image\/","url":"https:\/\/static.ferrovial.com\/wp-content\/uploads\/2020\/01\/13124948\/logo-ferrovial-cf7.png","contentUrl":"https:\/\/static.ferrovial.com\/wp-content\/uploads\/2020\/01\/13124948\/logo-ferrovial-cf7.png","width":144,"height":32,"caption":"Ferrovial S.A."},"image":{"@id":"https:\/\/www.ferrovial.com\/es\/#\/schema\/logo\/image\/"},"sameAs":["https:\/\/www.facebook.com\/ferrovial","https:\/\/x.com\/ferrovial","https:\/\/www.instagram.com\/ferrovial\/","https:\/\/www.linkedin.com\/company\/ferrovial","https:\/\/www.pinterest.es\/ferrovial\/","https:\/\/www.youtube.com\/ferrovial","https:\/\/en.wikipedia.org\/wiki\/Ferrovial"]}]}},"_links":{"self":[{"href":"https:\/\/www.ferrovial.com\/es\/wp-json\/wp\/v2\/pages\/23645","targetHints":{"allow":["GET"]}}],"collection":[{"href":"https:\/\/www.ferrovial.com\/es\/wp-json\/wp\/v2\/pages"}],"about":[{"href":"https:\/\/www.ferrovial.com\/es\/wp-json\/wp\/v2\/types\/page"}],"replies":[{"embeddable":true,"href":"https:\/\/www.ferrovial.com\/es\/wp-json\/wp\/v2\/comments?post=23645"}],"version-history":[{"count":3,"href":"https:\/\/www.ferrovial.com\/es\/wp-json\/wp\/v2\/pages\/23645\/revisions"}],"predecessor-version":[{"id":327310,"href":"https:\/\/www.ferrovial.com\/es\/wp-json\/wp\/v2\/pages\/23645\/revisions\/327310"}],"up":[{"embeddable":true,"href":"https:\/\/www.ferrovial.com\/es\/wp-json\/wp\/v2\/pages\/19097"}],"wp:featuredmedia":[{"embeddable":true,"href":"https:\/\/www.ferrovial.com\/es\/wp-json\/wp\/v2\/media\/3115"}],"wp:attachment":[{"href":"https:\/\/www.ferrovial.com\/es\/wp-json\/wp\/v2\/media?parent=23645"}],"curies":[{"name":"wp","href":"https:\/\/api.w.org\/{rel}","templated":true}]}}