{"id":23656,"date":"2019-09-13T12:58:34","date_gmt":"2019-09-13T10:58:34","guid":{"rendered":"https:\/\/www.ferrovial.com\/?page_id=23656"},"modified":"2026-04-15T12:37:28","modified_gmt":"2026-04-15T10:37:28","slug":"junta-general-de-accionistas","status":"publish","type":"page","link":"https:\/\/www.ferrovial.com\/es\/accionistas-e-inversores\/gobierno-corporativo\/junta-general-de-accionistas\/","title":{"rendered":"Junta General de Accionistas"},"content":{"rendered":"    <m-hero type='reduced' :translations='{\n        &quot;play&quot;:&quot;Reproducir v\u00eddeo de fondo&quot;,\n        &quot;pause&quot;:&quot;Pausar v\u00eddeo de fondo&quot;,\n        &quot;prev&quot;:&quot;Anterior&quot;,\n        &quot;next&quot;:&quot;Siguiente&quot;,\n        &quot;paginationseparator&quot;:&quot;de&quot;,\n        &quot;goto&quot;:&quot;Ir al slide&quot;,\n        &quot;external&quot;:&quot;Abrir una nueva ventana&quot;\n    }'>\n            <c-breadcrumb label-text=\"Breadcrumb\" slot=\"breadcrumbs\" type='1' align='left left' wrap='wrapped wrapped' aria-label='Vienes de Gobierno corporativo'>\n                        <ol>\n\n                                                            <li><a href=\"https:\/\/www.ferrovial.com\/es\/\" title=\"Ferrovial\">Ferrovial<\/a><\/li>\n                                                                        <li><a href=\"https:\/\/www.ferrovial.com\/es\/accionistas-e-inversores\/\" title=\"Accionistas e inversores\">Accionistas e inversores<\/a><\/li>\n                                                                        <li><a href=\"https:\/\/www.ferrovial.com\/es\/accionistas-e-inversores\/gobierno-corporativo\/\" title=\"Gobierno corporativo\">Gobierno corporativo<\/a><\/li>\n                                    \n                <\/ol>\n\n                <\/c-breadcrumb>\n                            <div slot=\"carouselItem\">\n                            <c-background-image>\n                                <picture>\n                                                                            <source media=\"(max-width: 667px)\" srcset=\"https:\/\/static.ferrovial.com\/wp-content\/uploads\/2019\/10\/13133241\/textura-600x800.jpg\">\n                                                                                                                <source media=\"(max-width: 1023px)\" srcset=\"https:\/\/static.ferrovial.com\/wp-content\/uploads\/2019\/10\/13133241\/textura-1171x720.jpg\">\n                                    \n                                    <img decoding=\"async\" src=\"https:\/\/static.ferrovial.com\/wp-content\/uploads\/2019\/10\/13133241\/textura-1171x1080.jpg\" alt=\"\" style=\"object-position: center center;\">\n                                <\/picture>\n                            <\/c-background-image>\n                        <\/div>\n        <section slot=\"hero\">\n            <article>\n                                        <h1>\n                            Junta General de Accionistas                         <\/h1>\n                                                <p>Descripci\u00f3n por defecto<\/p>\n                                    <\/article>\n        <\/section>\n    <\/m-hero>\n\n    \n\n\n<m-wysiwig class=\"wp-block-components-wysiwyg\"><div slot=\"maincontent\">\n<p><strong><strong>LOS ACCIONISTAS DE FERROVIAL DEBEN LEER ATENTAMENTE LA INFORMACI\u00d3N CONTENIDA EN LA CONVOCATORIA Y EN LOS T\u00c9RMINOS Y CONDICIONES DE LA JUNTA H\u00cdBRIDA.<\/strong><\/strong><\/p>\n\n\n\n<p>La Junta General Ordinaria de Accionistas de Ferrovial SE se celebr\u00f3 en H&#8217;ART Museum, Amstel 51, 1018 EJ Amsterdam, Pa\u00edses Bajos, (<a href=\"https:\/\/www.google.com\/maps\/place\/H'ART+Museum+(Hermitage+Amsterdam)\/@52.3652708,4.8995127,533m\/data=!3m3!1e3!4b1!5s0x47c609963dc9afd1:0xff8e12665965a618!4m6!3m5!1s0x47c609964ee7372d:0x225cd97f1e125444!8m2!3d52.3652676!4d4.9020876!16zL20vMGdma19m?entry=ttu&amp;g_ep=EgoyMDI2MDIyMy4wIKXMDSoASAFQAw%3D%3D\" target=\"_blank\" rel=\"noreferrer noopener\">ver mapa<\/a>),\u00a0<strong>el 9 de abril de 2026 a las 14:00 horas CEST<\/strong>.<br>\u00a0<br>El acto puede verse en <a href=\"https:\/\/www.streamportal.nl\/ferrovial-livestream-2026-es\/\" type=\"link\" id=\"https:\/\/www.streamportal.nl\/ferrovial-livestream-2026-es\/\" target=\"_blank\" rel=\"noreferrer noopener\">esta p\u00e1gina web<\/a> y en <a href=\"https:\/\/www.youtube.com\/live\/VWfJSbPvtCU\" target=\"_blank\" rel=\"noreferrer noopener\">YouTube<\/a>.<\/p>\n\n\n\n<p>En la fecha de registro (record date) de la Junta General de Accionistas (12 de marzo de 2026), el n\u00famero total de acciones ordinarias emitidas de Ferrovial SE era de 729.555.372. El n\u00famero de derechos de voto ascend\u00eda a 729.555.372.<br>\u00a0<br>A continuaci\u00f3n, puede acceder a los documentos que se ponen a disposici\u00f3n de los accionistas:<br><\/p>\n<\/div><\/m-wysiwig>\n\n\n    <m-historical archivetabs=\"Archivo\" allfiles=\"https:\/\/www.ferrovial.com\/es\/?action=downloadAll&#038;lang=es&#038;time=20260417022236\" selectalltext=\"Seleccionar todos los documentos\" tabsurl=\"https:\/\/www.ferrovial.com\/es\/?action=historical_json_tabs&#038;p_id=23656&#038;part=tabs\" accordionurl='https:\/\/www.ferrovial.com\/es\/?action=historical_json_tabs&#038;p_id=23656&#038;part=accordion'>\n                        <h3 slot=\"title\">\n                    Documentos de Ferrovial SE puestos a disposici\u00f3n de los accionistas                <\/h3>\n                        <span slot=\"downloadText\">\n            descargar art\u00edculos seleccionados        <\/span>\n    <\/m-historical>\n\n    \n\n\n<m-wysiwig class=\"wp-block-components-wysiwyg\"><div slot=\"maincontent\">\n<h2 class=\"wp-block-heading\" id=\"departamento-de-atencion-a-accionistas-e-inversores\">Departamento de atenci\u00f3n a accionistas e inversores<\/h2>\n\n\n\n<p><strong>Tel\u00e9fono<\/strong>:<\/p>\n\n\n\n<ul class=\"wp-block-list\">\n<li>Pa\u00edses Bajos: +31 20 798 3700<\/li>\n\n\n\n<li>Espa\u00f1a: +34 91 586 25 65<\/li>\n<\/ul>\n\n\n\n<p><strong>Correo electr\u00f3nico<\/strong>:&nbsp;<a href=\"mailto:ir@ferrovial.com\">ir@ferrovial.com<\/a><br><strong>Direcci\u00f3n<\/strong>: <\/p>\n\n\n\n<ul class=\"wp-block-list\">\n<li>Pr\u00edncipe de Vergara 135, 28002 Madrid, Espa\u00f1a.<\/li>\n\n\n\n<li>Gustav Mahlerplein 61-63, Symphony Towers, piso 14, 1082 MS Amsterdam, Pa\u00edses Bajos.<\/li>\n\n\n\n<li>1185 6th Ave, piso 3, New York, NY 10036, USA.<\/li>\n<\/ul>\n\n\n\n<p><strong>Horario<\/strong>: De lunes a jueves de 9:00 a 14:00 y de 15:00 a 19:00 y viernes de 9:00 a 15:00. <\/p>\n<\/div><\/m-wysiwig>\n","protected":false},"excerpt":{"rendered":"","protected":false},"featured_media":0,"parent":22831,"menu_order":0,"comment_status":"closed","ping_status":"closed","template":"","meta":{"_acf_changed":false,"footnotes":""},"class_list":["post-23656","page","type-page","status-publish","hentry"],"acf":[],"yoast_head":"<!-- This site is optimized with the Yoast SEO plugin v27.2 - https:\/\/yoast.com\/product\/yoast-seo-wordpress\/ -->\n<title>Junta General de Accionistas- Ferrovial<\/title>\n<meta name=\"description\" content=\"Inf\u00f3rmate sobre la \u00faltima Junta General de Accionistas celebrada en Ferrovial. Podr\u00e1s descargar todos los documentos e informes en esta p\u00e1gina.\" \/>\n<meta name=\"robots\" content=\"index, follow, max-snippet:-1, max-image-preview:large, max-video-preview:-1\" \/>\n<link rel=\"canonical\" href=\"https:\/\/www.ferrovial.com\/es\/accionistas-e-inversores\/gobierno-corporativo\/junta-general-de-accionistas\/\" \/>\n<meta property=\"og:locale\" content=\"es_ES\" \/>\n<meta property=\"og:type\" content=\"article\" \/>\n<meta property=\"og:title\" content=\"Junta General de Accionistas- Ferrovial\" \/>\n<meta property=\"og:description\" content=\"Inf\u00f3rmate sobre la \u00faltima Junta General de Accionistas celebrada en Ferrovial. Podr\u00e1s descargar todos los documentos e informes en esta p\u00e1gina.\" \/>\n<meta property=\"og:url\" content=\"https:\/\/www.ferrovial.com\/es\/accionistas-e-inversores\/gobierno-corporativo\/junta-general-de-accionistas\/\" \/>\n<meta property=\"og:site_name\" content=\"Ferrovial\" \/>\n<meta property=\"article:publisher\" content=\"https:\/\/www.facebook.com\/ferrovial\" \/>\n<meta property=\"article:modified_time\" content=\"2026-04-15T10:37:28+00:00\" \/>\n<meta name=\"twitter:card\" content=\"summary_large_image\" \/>\n<meta name=\"twitter:site\" content=\"@ferrovial\" \/>\n<meta name=\"twitter:label1\" content=\"Est. reading time\" \/>\n\t<meta name=\"twitter:data1\" content=\"1 minuto\" \/>\n<!-- \/ Yoast SEO plugin. -->","yoast_head_json":{"title":"Junta General de Accionistas- Ferrovial","description":"Inf\u00f3rmate sobre la \u00faltima Junta General de Accionistas celebrada en Ferrovial. Podr\u00e1s descargar todos los documentos e informes en esta p\u00e1gina.","robots":{"index":"index","follow":"follow","max-snippet":"max-snippet:-1","max-image-preview":"max-image-preview:large","max-video-preview":"max-video-preview:-1"},"canonical":"https:\/\/www.ferrovial.com\/es\/accionistas-e-inversores\/gobierno-corporativo\/junta-general-de-accionistas\/","og_locale":"es_ES","og_type":"article","og_title":"Junta General de Accionistas- Ferrovial","og_description":"Inf\u00f3rmate sobre la \u00faltima Junta General de Accionistas celebrada en Ferrovial. Podr\u00e1s descargar todos los documentos e informes en esta p\u00e1gina.","og_url":"https:\/\/www.ferrovial.com\/es\/accionistas-e-inversores\/gobierno-corporativo\/junta-general-de-accionistas\/","og_site_name":"Ferrovial","article_publisher":"https:\/\/www.facebook.com\/ferrovial","article_modified_time":"2026-04-15T10:37:28+00:00","twitter_card":"summary_large_image","twitter_site":"@ferrovial","twitter_misc":{"Est. reading time":"1 minuto"},"schema":{"@context":"https:\/\/schema.org","@graph":[{"@type":"WebPage","@id":"https:\/\/www.ferrovial.com\/es\/accionistas-e-inversores\/gobierno-corporativo\/junta-general-de-accionistas\/","url":"https:\/\/www.ferrovial.com\/es\/accionistas-e-inversores\/gobierno-corporativo\/junta-general-de-accionistas\/","name":"Junta General de Accionistas- Ferrovial","isPartOf":{"@id":"https:\/\/www.ferrovial.com\/es\/#website"},"datePublished":"2019-09-13T10:58:34+00:00","dateModified":"2026-04-15T10:37:28+00:00","description":"Inf\u00f3rmate sobre la \u00faltima Junta General de Accionistas celebrada en Ferrovial. Podr\u00e1s descargar todos los documentos e informes en esta p\u00e1gina.","breadcrumb":{"@id":"https:\/\/www.ferrovial.com\/es\/accionistas-e-inversores\/gobierno-corporativo\/junta-general-de-accionistas\/#breadcrumb"},"inLanguage":"es","potentialAction":[{"@type":"ReadAction","target":["https:\/\/www.ferrovial.com\/es\/accionistas-e-inversores\/gobierno-corporativo\/junta-general-de-accionistas\/"]}]},{"@type":"BreadcrumbList","@id":"https:\/\/www.ferrovial.com\/es\/accionistas-e-inversores\/gobierno-corporativo\/junta-general-de-accionistas\/#breadcrumb","itemListElement":[{"@type":"ListItem","position":1,"name":"Portada","item":"https:\/\/www.ferrovial.com\/es\/"},{"@type":"ListItem","position":2,"name":"Accionistas e inversores","item":"https:\/\/www.ferrovial.com\/es\/accionistas-e-inversores\/"},{"@type":"ListItem","position":3,"name":"Gobierno corporativo","item":"https:\/\/www.ferrovial.com\/es\/accionistas-e-inversores\/gobierno-corporativo\/"},{"@type":"ListItem","position":4,"name":"Junta General de Accionistas"}]},{"@type":"WebSite","@id":"https:\/\/www.ferrovial.com\/es\/#website","url":"https:\/\/www.ferrovial.com\/es\/","name":"Ferrovial","description":"Welcome to the Ferrovial&#039;s website, global operator of sustainable infrastructure. Here you can find all the information about the company and subsidiaries.","publisher":{"@id":"https:\/\/www.ferrovial.com\/es\/#organization"},"potentialAction":[{"@type":"SearchAction","target":{"@type":"EntryPoint","urlTemplate":"https:\/\/www.ferrovial.com\/es\/?s={search_term_string}"},"query-input":{"@type":"PropertyValueSpecification","valueRequired":true,"valueName":"search_term_string"}}],"inLanguage":"es"},{"@type":"Organization","@id":"https:\/\/www.ferrovial.com\/es\/#organization","name":"Ferrovial S.A.","url":"https:\/\/www.ferrovial.com\/es\/","logo":{"@type":"ImageObject","inLanguage":"es","@id":"https:\/\/www.ferrovial.com\/es\/#\/schema\/logo\/image\/","url":"https:\/\/static.ferrovial.com\/wp-content\/uploads\/2020\/01\/13124948\/logo-ferrovial-cf7.png","contentUrl":"https:\/\/static.ferrovial.com\/wp-content\/uploads\/2020\/01\/13124948\/logo-ferrovial-cf7.png","width":144,"height":32,"caption":"Ferrovial S.A."},"image":{"@id":"https:\/\/www.ferrovial.com\/es\/#\/schema\/logo\/image\/"},"sameAs":["https:\/\/www.facebook.com\/ferrovial","https:\/\/x.com\/ferrovial","https:\/\/www.instagram.com\/ferrovial\/","https:\/\/www.linkedin.com\/company\/ferrovial","https:\/\/www.pinterest.es\/ferrovial\/","https:\/\/www.youtube.com\/ferrovial","https:\/\/en.wikipedia.org\/wiki\/Ferrovial"]}]}},"_links":{"self":[{"href":"https:\/\/www.ferrovial.com\/es\/wp-json\/wp\/v2\/pages\/23656","targetHints":{"allow":["GET"]}}],"collection":[{"href":"https:\/\/www.ferrovial.com\/es\/wp-json\/wp\/v2\/pages"}],"about":[{"href":"https:\/\/www.ferrovial.com\/es\/wp-json\/wp\/v2\/types\/page"}],"replies":[{"embeddable":true,"href":"https:\/\/www.ferrovial.com\/es\/wp-json\/wp\/v2\/comments?post=23656"}],"version-history":[{"count":3,"href":"https:\/\/www.ferrovial.com\/es\/wp-json\/wp\/v2\/pages\/23656\/revisions"}],"predecessor-version":[{"id":330106,"href":"https:\/\/www.ferrovial.com\/es\/wp-json\/wp\/v2\/pages\/23656\/revisions\/330106"}],"up":[{"embeddable":true,"href":"https:\/\/www.ferrovial.com\/es\/wp-json\/wp\/v2\/pages\/22831"}],"wp:attachment":[{"href":"https:\/\/www.ferrovial.com\/es\/wp-json\/wp\/v2\/media?parent=23656"}],"curies":[{"name":"wp","href":"https:\/\/api.w.org\/{rel}","templated":true}]}}