{"id":237360,"date":"2022-08-12T14:30:34","date_gmt":"2022-08-12T12:30:34","guid":{"rendered":"https:\/\/www.ferrovial.com\/?page_id=237360"},"modified":"2022-09-08T18:23:32","modified_gmt":"2022-09-08T16:23:32","slug":"cimentaciones","status":"publish","type":"page","link":"https:\/\/www.ferrovial.com\/es\/stem\/cimentaciones\/","title":{"rendered":"Cimentaciones"},"content":{"rendered":"    <m-final-content-header >\n            <c-breadcrumb label-text=\"Breadcrumb\" slot=\"breadcrumbs\" type='2' align='left' wrap='wrapped wrapped' aria-label='Vienes de STEM'>\n                        <ol>\n\n                                                            <li><a href=\"https:\/\/www.ferrovial.com\/es\/\" title=\"Ferrovial\">Ferrovial<\/a><\/li>\n                                                                        <li><a href=\"https:\/\/www.ferrovial.com\/es\/stem\/\" title=\"STEM\">STEM<\/a><\/li>\n                                    \n                <\/ol>\n\n                <\/c-breadcrumb>\n    \n        <div slot=\"header\">\n            <h1>\n                \u00bfQu\u00e9 son las cimentaciones?            <\/h1>\n                    <\/div>\n    <\/m-final-content-header>\n\n    \n\n\n<m-wysiwig class=\"wp-block-components-wysiwyg\"><div slot=\"maincontent\">\n<script type=\"application\/ld+json\">\n{\n  \"@context\": \"https:\/\/schema.org\",\n  \"@type\": \"FAQPage\",\n  \"mainEntity\": [{\n    \"@type\": \"Question\",\n    \"name\": \"\u00bfQu\u00e9 son las cimentaciones?\",\n    \"acceptedAnswer\": {\n      \"@type\": \"Answer\",\n      \"text\": \"Las cimentaciones son el conjunto de elementos de una estructura, cuyo objetivo es transmitir y repartir a un terreno la carga que sostiene de manera que no sobrepase el peso que admite. Normalmente las cimentaciones est\u00e1n enterradas en un suelo s\u00f3lido, tambi\u00e9n llamado lecho de cimentaci\u00f3n. Su estructura busca equilibrar el peso y cargas recibidas, haci\u00e9ndola estable, resistente y segura.\"\n    }\n  },{\n    \"@type\": \"Question\",\n    \"name\": \"\u00bfCu\u00e1l es la importancia de las cimentaciones?\",\n    \"acceptedAnswer\": {\n      \"@type\": \"Answer\",\n      \"text\": \"El \u00e9xito de un buen proyecto de construcci\u00f3n radica en la calidad de las cimentaciones, pues su valor principal es dotar de seguridad y solidez a una estructura gracias a que sostiene sus cargas y las ancla al terreno.\"\n    }\n  },{\n    \"@type\": \"Question\",\n    \"name\": \"\u00bfCu\u00e1les son las funciones principales de las cimentaciones?\",\n    \"acceptedAnswer\": {\n      \"@type\": \"Answer\",\n      \"text\": \"<ul>\n<li>Proporcionar esfuerzos de tracci\u00f3n o compresi\u00f3n hasta las bases, distribuyendo el peso a partes iguales.\n<\/li>\n<li>Resistir a los esfuerzos de flexi\u00f3n producidos por el terreno. Para ello, se valen de un caparaz\u00f3n en su cara interior.\n<\/li>\n<li>Adaptar la estructura a posibles movimientos del suelo.\n<\/li>\n<li>Resistir a factores externos que puedan modificar las condiciones del terreno, como el agua.\n<\/li>\n<li>Sujetar la estructura ante fuerzas horizontales tales como el viento o los sismos, con el objetivo de conservar su integridad.\n<\/li>\n<\/ul>\"\n    }\n  },{\n    \"@type\": \"Question\",\n    \"name\": \"\u00bfQu\u00e9 tipos de cimentaciones existen?\",\n    \"acceptedAnswer\": {\n      \"@type\": \"Answer\",\n      \"text\": \"Todas las cimentaciones constan de dos partes:\n<ul>\n<li>El cimiento: elemento estructural que se encarga de transmitir las cargas de la edificaci\u00f3n al terreno.\n<\/li>\n<li>El terreno de cimentaci\u00f3n: zona del terreno que se ve afectada por las cargas.\n<\/li>\n<\/ul>\nEn funci\u00f3n a esto, las cimentaciones pueden clasificarse en:\n<ol>\n<li>Directas o superficiales:<ul><li>Zapatas aisladas<\/li><li>Zapatas combinadas<\/li><li>Losas de cimentaciones<\/li><\/ul><\/li>\n<li>Indirectas o profundas<ul><li>Pilotes<\/li><li>Muros pantallas<\/li><\/ul><\/li>\n<\/ol>\"\n    }\n  },{\n    \"@type\": \"Question\",\n    \"name\": \"\u00bfQu\u00e9 condiciones debe reunir una cimentaci\u00f3n?\",\n    \"acceptedAnswer\": {\n      \"@type\": \"Answer\",\n      \"text\": \"Toda cimentaci\u00f3n debe alcanzar una capacidad portante y una presi\u00f3n admisible, que hace referencia al m\u00e1ximo peso que puede soportar y a la m\u00e1xima presi\u00f3n que puede transmitir sin alcanzar el estado de l\u00edmites \u00faltimos.\nAdem\u00e1s, deben cumplir con los siguientes requisitos una vez instaladas:\n<ol>\n<li>No alcanzar un estado de l\u00edmites \u00faltimos, es decir, que no lleguen a una situaci\u00f3n de ruina (hundimiento, vuelco o rotura de su estructura).\n<\/li>\n<li>Mantener la capacidad funcional y est\u00e9tica de la edificaci\u00f3n, es decir, que su estado de l\u00edmites de servicio no se vea afectado.\n<\/li>\n<\/ol>\"\n    }\n  }]\n}\n<\/script><p>Las cimentaciones son el <strong>conjunto de elementos de una estructura, cuyo objetivo es transmitir y repartir a un terreno la carga que sostiene<\/strong> de manera que no sobrepase el peso que admite. Normalmente las cimentaciones est\u00e1n enterradas en un suelo s\u00f3lido, tambi\u00e9n llamado <strong><em>lecho de cimentaci\u00f3n<\/em><\/strong>. Su estructura busca <strong>equilibrar el peso y cargas recibidas<\/strong>, haci\u00e9ndola <strong>estable, resistente y segura<\/strong>.<\/p>\n\n\n\n<h2 class=\"wp-block-heading\">\u00bfCu\u00e1l es la importancia de las cimentaciones?<\/h2>\n\n\n\n<p>El \u00e9xito de un buen proyecto de construcci\u00f3n radica en <strong>la calidad de las cimentaciones<\/strong>, pues su valor principal es <strong>dotar de seguridad y solidez a una estructura<\/strong> gracias a que sostiene sus cargas y las ancla al terreno.<\/p>\n\n\n\n<p>A partir de los <strong>estudios geol\u00f3gicos y geot\u00e9cnicos previos a la instalaci\u00f3n de las cimentaciones es posible conocer qu\u00e9 elementos estructurales son los m\u00e1s apropiados<\/strong> para la construcci\u00f3n de una <a href=\"https:\/\/www.ferrovial.com\/es\/recursos\/edificacion\/\" target=\"_blank\" rel=\"noreferrer noopener\">edificaci\u00f3n<\/a>, cuya carga est\u00e9 distribuida de forma segura sobre el suelo <strong>sin superar la presi\u00f3n admisible<\/strong>.<\/p>\n\n\n\n<h2 class=\"wp-block-heading\">\u00bfCu\u00e1les son las funciones principales de las cimentaciones?<\/h2>\n\n\n\n<ul class=\"wp-block-list\"><li><strong>Proporcionar esfuerzos de tracci\u00f3n o compresi\u00f3n hasta las bases<\/strong>, distribuyendo el peso a partes iguales.<\/li><li><strong>Resistir a los esfuerzos de flexi\u00f3n producidos por el terreno<\/strong>. Para ello, se valen de un caparaz\u00f3n en su cara interior.<\/li><li><strong>Adaptar la estructura a posibles movimientos del suelo<\/strong>.<\/li><li><strong>Resistir a factores externos<\/strong> que puedan modificar las condiciones del terreno, como el agua.<\/li><li><strong>Sujetar la estructura ante fuerzas horizontales<\/strong> tales como el viento o los sismos, con el objetivo de conservar su integridad.<\/li><\/ul>\n\n\n\n<h2 class=\"wp-block-heading\">\u00bfQu\u00e9 tipos de cimentaciones existen?<\/h2>\n\n\n\n<p>Todas las cimentaciones constan de dos partes:<\/p>\n\n\n\n<ul class=\"wp-block-list\"><li><strong>El cimiento:<\/strong> elemento estructural que se encarga de transmitir las cargas de la edificaci\u00f3n al terreno.<\/li><li><strong>El terreno de cimentaci\u00f3n:<\/strong> zona del terreno que se ve afectada por las cargas.<\/li><\/ul>\n\n\n\n<p>En funci\u00f3n a esto, las cimentaciones pueden clasificarse en:<\/p>\n\n\n\n<ol class=\"wp-block-list\"><li><strong>Directas o superficiales: <\/strong>son aquellas en las que <strong>el ancho de la base es mayor respecto a su profundidad<\/strong> y la carga se reparte en un <strong>apoyo horizontal<\/strong>. En estas cimentaciones se pone en valor el suelo, ya que tiene gran capacidad portante. Las m\u00e1s comunes son:<ul><li><strong>Zapatas aisladas:<\/strong> sirven como base de elementos estructurales espec\u00edficos, como los pilares. Ampl\u00edan la superficie de apoyo hasta lograr que el suelo soporte la carga transmitida.<\/li><li><strong>Zapatas combinadas:<\/strong> sus dimensiones dependen de la carga a soportar, la resistencia del material al esfuerzo de compresi\u00f3n y a la admisi\u00f3n sobre el suelo. S\u00ed suponen dos o m\u00e1s pilares se habla de combinadas; si se agrupan en tres pilares de forma alineada, se habla de corridas.<\/li><li><strong>Losas de cimentaciones:<\/strong> se trata de una plataforma apoyada sobre el terreno para la transmisi\u00f3n de la carga. Suelen tener una armadura en la parte superior para reducir el contrapeso del terreno. Se utilizan cuando una estructura tiene una superficie menor respecto al volumen de la edificaci\u00f3n.<\/li><\/ul><\/li><li><strong>Indirectas o profundas:<\/strong> Se utilizan para estructuras muy pesadas. Se instalan en zonas m\u00e1s profundas y resistentes del suelo y se deposita en ellas la mayor carga. Este tipo de cimentaciones <strong>tiene m\u00e1s capacidad portante<\/strong>. Las m\u00e1s comunes son:<ul><li><strong>Pilotes:<\/strong> tipo de base que se clava en el suelo para transferir la carga. Se pueden hincar o desplazar a un terreno previamente excavado y posteriormente rellenado con concreto.<\/li><li><strong>Muros pantallas:<\/strong> utilizados en edificios altos para contrarrestar los empujes del terreno, as\u00ed como prevenir su deformaci\u00f3n. Su funci\u00f3n, adem\u00e1s, es contener e impermeabilizar la superficie del muro y limitar los movimientos del terreno producto de una excavaci\u00f3n.<\/li><\/ul><\/li><\/ol>\n\n\n\n<h2 class=\"wp-block-heading\">\u00bfQu\u00e9 condiciones debe reunir una cimentaci\u00f3n?<\/h2>\n\n\n\n<p>Las cimentaciones est\u00e1n hechas, generalmente, de <strong>materiales p\u00e9treos de concreto simple o armado<\/strong>. Adem\u00e1s, est\u00e1n <strong>sustentadas por una carga centrada<\/strong>, ya que est\u00e1n sometidas, principalmente, <strong>a esfuerzos de tracci\u00f3n y comprensi\u00f3n<\/strong>.<\/p>\n\n\n\n<p>No obstante, las cimentaciones tambi\u00e9n pueden valerse de la fuerza de roce que transmite una superficie para soportar <strong>cargas horizontales y de tracci\u00f3n, logrando mantener firme<\/strong> la edificaci\u00f3n en el suelo.<\/p>\n\n\n\n<p>Toda cimentaci\u00f3n debe alcanzar una <strong>capacidad portante y una presi\u00f3n admisible<\/strong>, que hace referencia al m\u00e1ximo peso que puede soportar y a la <strong>m\u00e1xima presi\u00f3n que puede transmitir sin alcanzar el estado de l\u00edmites \u00faltimos.<\/strong><\/p>\n\n\n\n<p>Adem\u00e1s, deben cumplir con los siguientes requisitos una vez instaladas:<\/p>\n\n\n\n<ol class=\"wp-block-list\"><li><strong>No alcanzar un estado de l\u00edmites \u00faltimos,<\/strong> es decir, que no lleguen a una situaci\u00f3n de ruina (hundimiento, vuelco o rotura de su estructura).<\/li><li><strong>Mantener la capacidad funcional y est\u00e9tica de la edificaci\u00f3n,<\/strong> es decir, que su estado de l\u00edmites de servicio no se vea afectado.<\/li><\/ol>\n<\/div><\/m-wysiwig>\n","protected":false},"excerpt":{"rendered":"","protected":false},"featured_media":0,"parent":227878,"menu_order":0,"comment_status":"closed","ping_status":"closed","template":"","meta":{"_acf_changed":false,"footnotes":""},"class_list":["post-237360","page","type-page","status-publish","hentry"],"acf":[],"yoast_head":"<!-- This site is optimized with the Yoast SEO plugin v27.2 - https:\/\/yoast.com\/product\/yoast-seo-wordpress\/ -->\n<title>Cimentaciones - Ferrovial<\/title>\n<meta name=\"description\" content=\"Las cimentaciones son el conjunto de elementos de una estructura, cuyo objetivo es transmitir y repartir a un terreno la carga que sostiene.\" \/>\n<meta name=\"robots\" content=\"index, follow, max-snippet:-1, max-image-preview:large, max-video-preview:-1\" \/>\n<link rel=\"canonical\" href=\"https:\/\/www.ferrovial.com\/es\/stem\/cimentaciones\/\" \/>\n<meta property=\"og:locale\" content=\"es_ES\" \/>\n<meta property=\"og:type\" content=\"article\" \/>\n<meta property=\"og:title\" content=\"Cimentaciones - Ferrovial\" \/>\n<meta property=\"og:description\" content=\"Las cimentaciones son el conjunto de elementos de una estructura, cuyo objetivo es transmitir y repartir a un terreno la carga que sostiene.\" \/>\n<meta property=\"og:url\" content=\"https:\/\/www.ferrovial.com\/es\/stem\/cimentaciones\/\" \/>\n<meta property=\"og:site_name\" content=\"Ferrovial\" \/>\n<meta property=\"article:publisher\" content=\"https:\/\/www.facebook.com\/ferrovial\" \/>\n<meta property=\"article:modified_time\" content=\"2022-09-08T16:23:32+00:00\" \/>\n<meta name=\"twitter:card\" content=\"summary_large_image\" \/>\n<meta name=\"twitter:site\" content=\"@ferrovial\" \/>\n<meta name=\"twitter:label1\" content=\"Est. reading time\" \/>\n\t<meta name=\"twitter:data1\" content=\"6 minutos\" \/>\n<!-- \/ Yoast SEO plugin. -->","yoast_head_json":{"title":"Cimentaciones - Ferrovial","description":"Las cimentaciones son el conjunto de elementos de una estructura, cuyo objetivo es transmitir y repartir a un terreno la carga que sostiene.","robots":{"index":"index","follow":"follow","max-snippet":"max-snippet:-1","max-image-preview":"max-image-preview:large","max-video-preview":"max-video-preview:-1"},"canonical":"https:\/\/www.ferrovial.com\/es\/stem\/cimentaciones\/","og_locale":"es_ES","og_type":"article","og_title":"Cimentaciones - Ferrovial","og_description":"Las cimentaciones son el conjunto de elementos de una estructura, cuyo objetivo es transmitir y repartir a un terreno la carga que sostiene.","og_url":"https:\/\/www.ferrovial.com\/es\/stem\/cimentaciones\/","og_site_name":"Ferrovial","article_publisher":"https:\/\/www.facebook.com\/ferrovial","article_modified_time":"2022-09-08T16:23:32+00:00","twitter_card":"summary_large_image","twitter_site":"@ferrovial","twitter_misc":{"Est. reading time":"6 minutos"},"schema":{"@context":"https:\/\/schema.org","@graph":[{"@type":"WebPage","@id":"https:\/\/www.ferrovial.com\/es\/stem\/cimentaciones\/","url":"https:\/\/www.ferrovial.com\/es\/stem\/cimentaciones\/","name":"Cimentaciones - Ferrovial","isPartOf":{"@id":"https:\/\/www.ferrovial.com\/es\/#website"},"datePublished":"2022-08-12T12:30:34+00:00","dateModified":"2022-09-08T16:23:32+00:00","description":"Las cimentaciones son el conjunto de elementos de una estructura, cuyo objetivo es transmitir y repartir a un terreno la carga que sostiene.","breadcrumb":{"@id":"https:\/\/www.ferrovial.com\/es\/stem\/cimentaciones\/#breadcrumb"},"inLanguage":"es","potentialAction":[{"@type":"ReadAction","target":["https:\/\/www.ferrovial.com\/es\/stem\/cimentaciones\/"]}]},{"@type":"BreadcrumbList","@id":"https:\/\/www.ferrovial.com\/es\/stem\/cimentaciones\/#breadcrumb","itemListElement":[{"@type":"ListItem","position":1,"name":"Portada","item":"https:\/\/www.ferrovial.com\/es\/"},{"@type":"ListItem","position":2,"name":"STEM","item":"https:\/\/www.ferrovial.com\/es\/stem\/"},{"@type":"ListItem","position":3,"name":"Cimentaciones"}]},{"@type":"WebSite","@id":"https:\/\/www.ferrovial.com\/es\/#website","url":"https:\/\/www.ferrovial.com\/es\/","name":"Ferrovial","description":"Welcome to the Ferrovial&#039;s website, global operator of sustainable infrastructure. Here you can find all the information about the company and subsidiaries.","publisher":{"@id":"https:\/\/www.ferrovial.com\/es\/#organization"},"potentialAction":[{"@type":"SearchAction","target":{"@type":"EntryPoint","urlTemplate":"https:\/\/www.ferrovial.com\/es\/?s={search_term_string}"},"query-input":{"@type":"PropertyValueSpecification","valueRequired":true,"valueName":"search_term_string"}}],"inLanguage":"es"},{"@type":"Organization","@id":"https:\/\/www.ferrovial.com\/es\/#organization","name":"Ferrovial S.A.","url":"https:\/\/www.ferrovial.com\/es\/","logo":{"@type":"ImageObject","inLanguage":"es","@id":"https:\/\/www.ferrovial.com\/es\/#\/schema\/logo\/image\/","url":"https:\/\/static.ferrovial.com\/wp-content\/uploads\/2020\/01\/13124948\/logo-ferrovial-cf7.png","contentUrl":"https:\/\/static.ferrovial.com\/wp-content\/uploads\/2020\/01\/13124948\/logo-ferrovial-cf7.png","width":144,"height":32,"caption":"Ferrovial S.A."},"image":{"@id":"https:\/\/www.ferrovial.com\/es\/#\/schema\/logo\/image\/"},"sameAs":["https:\/\/www.facebook.com\/ferrovial","https:\/\/x.com\/ferrovial","https:\/\/www.instagram.com\/ferrovial\/","https:\/\/www.linkedin.com\/company\/ferrovial","https:\/\/www.pinterest.es\/ferrovial\/","https:\/\/www.youtube.com\/ferrovial","https:\/\/en.wikipedia.org\/wiki\/Ferrovial"]}]}},"_links":{"self":[{"href":"https:\/\/www.ferrovial.com\/es\/wp-json\/wp\/v2\/pages\/237360","targetHints":{"allow":["GET"]}}],"collection":[{"href":"https:\/\/www.ferrovial.com\/es\/wp-json\/wp\/v2\/pages"}],"about":[{"href":"https:\/\/www.ferrovial.com\/es\/wp-json\/wp\/v2\/types\/page"}],"replies":[{"embeddable":true,"href":"https:\/\/www.ferrovial.com\/es\/wp-json\/wp\/v2\/comments?post=237360"}],"version-history":[{"count":3,"href":"https:\/\/www.ferrovial.com\/es\/wp-json\/wp\/v2\/pages\/237360\/revisions"}],"predecessor-version":[{"id":238589,"href":"https:\/\/www.ferrovial.com\/es\/wp-json\/wp\/v2\/pages\/237360\/revisions\/238589"}],"up":[{"embeddable":true,"href":"https:\/\/www.ferrovial.com\/es\/wp-json\/wp\/v2\/pages\/227878"}],"wp:attachment":[{"href":"https:\/\/www.ferrovial.com\/es\/wp-json\/wp\/v2\/media?parent=237360"}],"curies":[{"name":"wp","href":"https:\/\/api.w.org\/{rel}","templated":true}]}}