{"id":237367,"date":"2022-08-12T14:58:32","date_gmt":"2022-08-12T12:58:32","guid":{"rendered":"https:\/\/www.ferrovial.com\/?page_id=237367"},"modified":"2022-09-26T07:47:54","modified_gmt":"2022-09-26T05:47:54","slug":"calculo-de-estructuras","status":"publish","type":"page","link":"https:\/\/www.ferrovial.com\/es\/stem\/calculo-de-estructuras\/","title":{"rendered":"C\u00e1lculo de estructuras"},"content":{"rendered":"    <m-final-content-header >\n            <c-breadcrumb label-text=\"Breadcrumb\" slot=\"breadcrumbs\" type='2' align='left' wrap='wrapped wrapped' aria-label='Vienes de STEM'>\n                        <ol>\n\n                                                            <li><a href=\"https:\/\/www.ferrovial.com\/es\/\" title=\"Ferrovial\">Ferrovial<\/a><\/li>\n                                                                        <li><a href=\"https:\/\/www.ferrovial.com\/es\/stem\/\" title=\"STEM\">STEM<\/a><\/li>\n                                    \n                <\/ol>\n\n                <\/c-breadcrumb>\n    \n        <div slot=\"header\">\n            <h1>\n                \u00bfQu\u00e9 es el c\u00e1lculo de estructuras?            <\/h1>\n                    <\/div>\n    <\/m-final-content-header>\n\n    \n\n\n<m-wysiwig class=\"wp-block-components-wysiwyg\"><div slot=\"maincontent\">\n<p><script type=\"application\/ld+json\">\n{\n  \"@context\": \"https:\/\/schema.org\",\n  \"@type\": \"FAQPage\",\n  \"mainEntity\": [{\n    \"@type\": \"Question\",\n    \"name\": \"\u00bfQu\u00e9 es el c\u00e1lculo de estructuras?\",\n    \"acceptedAnswer\": {\n      \"@type\": \"Answer\",\n      \"text\": \"El c\u00e1lculo de estructuras, tambi\u00e9n llamado an\u00e1lisis estructural, es la parte del dise\u00f1o de estructuras. Su objetivo es llevar a cabo una correcta y segura ejecuci\u00f3n de obra. Implica la realizaci\u00f3n de c\u00e1lculos para medir los efectos de las cargas, as\u00ed como de fuerzas internas (su propio peso) y externas (como lluvia o movimientos s\u00edsmicos) que puedan incidir en las construcciones.\"\n    }\n  },{\n    \"@type\": \"Question\",\n    \"name\": \"\u00bfQu\u00e9 debe incluir el c\u00e1lculo de estructuras?\",\n    \"acceptedAnswer\": {\n      \"@type\": \"Answer\",\n      \"text\": \"<ul>\n<li>Prever la rigidez de la estructura.\n<\/li>\n<li>Cumplir con la normativa de la localidad en la que se va a construir la obra, as\u00ed como con las regulaciones que pueda tener el uso de determinados materiales.\n<\/li>\n<li>Contener c\u00e1lculos num\u00e9ricos y gr\u00e1ficos para dise\u00f1ar y, posteriormente, ejecutar la obra.\n<\/li>\n<li>Reunir los requisitos indispensables para llevar a cabo la obra.\n<\/li>\n<li>Ir acompa\u00f1ado de planos detallados de la obra, as\u00ed como de informaci\u00f3n e instrucciones de uso y mantenimiento, tanto de materiales como de equipos y sistemas.\n<\/li>\n<li>Incluir el an\u00e1lisis profundo del c\u00e1lculo aplicado, contemplando factores como: caracter\u00edsticas del terreno, periodo previsto de uso de la infraestructura, posibles modificaciones a las bases de la construcci\u00f3n, incidencias producto de factores externos como la lluvia o los sismos, el c\u00e1lculo de resistencias, entre otros.\n<\/li>\n<\/ul>\"\n    }\n  },{\n    \"@type\": \"Question\",\n    \"name\": \"\u00bfQu\u00e9 elementos se toman en cuenta a la hora de hacer un c\u00e1lculo de estructuras?\",\n    \"acceptedAnswer\": {\n      \"@type\": \"Answer\",\n      \"text\": \"En l\u00edneas generales, el c\u00e1lculo de estructuras debe tener un resumen de:\n\n<ol>\n<li>Memoria del c\u00e1lculo<\/li>\n<li>Planos de las estructuras<\/li>\n<\/ol>\"\n    }\n  },{\n    \"@type\": \"Question\",\n    \"name\": \"\u00bfQu\u00e9 c\u00e1lculos de estructura se realizan?\",\n    \"acceptedAnswer\": {\n      \"@type\": \"Answer\",\n      \"text\": \"<ul>\n<li>C\u00e1lculos de tensiones<\/li>\n<li>C\u00e1lculo de momentos flectores<\/li>\n<li>C\u00e1lculos de carga y presi\u00f3n de viento<\/li>\n<li>C\u00e1lculo del esfuerzo cortante<\/li>\n<li>C\u00e1lculos de movimientos s\u00edsmicos<\/li>\n<\/ul>\"\n    }\n  },{\n    \"@type\": \"Question\",\n    \"name\": \"\u00bfQu\u00e9 herramientas digitales se utilizan para realizar c\u00e1lculos de estructuras?\",\n    \"acceptedAnswer\": {\n      \"@type\": \"Answer\",\n      \"text\": \"Algunos de los m\u00e1s conocidos son:\n\n<ul>\n<li>Sap200: con una interfaz gr\u00e1fica 3D es capaz de dimensionar puentes, edificios, presas, entre otras estructuras.\n<\/li>\n<li>Cypecad: aplicaci\u00f3n BIM utilizada para el modelaje de estructuras; dise\u00f1a, calcula y dimensiona estructuras, tanto met\u00e1licas como de otros materiales, como el hormig\u00f3n.<\/li>\n<li>Midas: un software especializado en c\u00e1lculo y dise\u00f1o de estructuras de car\u00e1cter civil y de ingenier\u00eda mec\u00e1nica.<\/li>\n<li>Autodesk Robot: utilizado para calcular uniones de acero, estructuras de madera o secciones de armado.\n<\/li>\n<\/ul>\"\n    }\n  }]\n}\n<\/script><p>El c\u00e1lculo de estructuras, tambi\u00e9n llamado <em>an\u00e1lisis estructural<\/em>, es la <strong>parte del dise\u00f1o de estructuras. <\/strong>Su objetivo es llevar a cabo una <strong>correcta y segura ejecuci\u00f3n de <\/strong><a href=\"https:\/\/www.ferrovial.com\/es\/recursos\/infraestructuras\/\" target=\"_blank\" rel=\"noreferrer noopener\"><strong>obra<\/strong><\/a>. Implica la realizaci\u00f3n de c\u00e1lculos para <strong>medir los efectos de las cargas,<\/strong> as\u00ed como de fuerzas internas (su propio peso) y externas (como lluvia o movimientos s\u00edsmicos) que puedan incidir en las <a href=\"https:\/\/www.ferrovial.com\/es\/stem\/construccion-sostenible\/\" target=\"_blank\" rel=\"noreferrer noopener\">construcciones<\/a>. Toda esta informaci\u00f3n est\u00e1 expresada en un documento.<\/p><\/p>\n\n\n\n<p>El documento lo prepara un <a href=\"https:\/\/www.ferrovial.com\/es\/recursos\/ingenieria-civil\/\" target=\"_blank\" rel=\"noreferrer noopener\"><strong>ingeniero civil<\/strong><\/a><strong>, un <\/strong><a href=\"https:\/\/www.ferrovial.com\/es\/recursos\/arquitectos\/\" target=\"_blank\" rel=\"noreferrer noopener\"><strong>arquitecto<\/strong><\/a><strong> o ambos.<\/strong> Su labor, adem\u00e1s, implica el desarrollo y registro de la <strong>memoria del proyecto <\/strong>y los <strong>planos <\/strong>de la estructura<strong>.<\/strong><\/p>\n\n\n\n<p>El an\u00e1lisis de estructuras es <strong>indispensable <\/strong>para cualquier tipo de obra. Desarrollar un sistema de c\u00e1lculo estructural garantiza la <strong>seguridad <\/strong>de una estructura gracias a que permite saber cu\u00e1nta carga puede soportar.<strong> <\/strong>El estudio debe realizarse, independientemente de si se trata de una mejora o de una construcci\u00f3n nueva, o de si se aplica a obras residenciales, industriales o infraestructuras p\u00fablicas.<\/p>\n\n\n\n<h2 class=\"wp-block-heading\">\u00bf<strong>Qu\u00e9 debe incluir el c\u00e1lculo de estructuras?<\/strong><\/h2>\n\n\n\n<ul class=\"wp-block-list\"><li>Prever la <strong>rigidez de la estructura<\/strong>.<\/li><li>Cumplir con la <strong>normativa de la localidad <\/strong>en la que se va a construir la obra, as\u00ed como con las <strong>regulaciones <\/strong>que pueda tener el uso de <strong>determinados <a href=\"https:\/\/www.ferrovial.com\/es\/recursos\/materiales-construccion\/\" target=\"_blank\" rel=\"noreferrer noopener\">materiales<\/a>.<\/strong><\/li><li>Contener <strong>c\u00e1lculos num\u00e9ricos y gr\u00e1ficos<\/strong> para dise\u00f1ar y, posteriormente, ejecutar la obra.<\/li><li>Reunir los <strong>requisitos indispensables para llevar a cabo la obra.<\/strong><\/li><li>Ir acompa\u00f1ado de <strong>planos detallados de la obra,<\/strong> as\u00ed como de informaci\u00f3n e <strong>instrucciones de uso y mantenimiento, <\/strong>tanto de materiales como de equipos y sistemas.<\/li><li>Incluir el <strong>an\u00e1lisis profundo del c\u00e1lculo aplicado, <\/strong>contemplando factores como: caracter\u00edsticas del terreno, periodo previsto de uso de la <a href=\"https:\/\/www.ferrovial.com\/es\/recursos\/infraestructura\/\" target=\"_blank\" rel=\"noreferrer noopener\">infraestructura<\/a>, posibles modificaciones a las bases de la construcci\u00f3n, incidencias producto de factores externos como la lluvia o los sismos, el c\u00e1lculo de resistencias, entre otros.<\/li><\/ul>\n\n\n\n<h2 class=\"wp-block-heading\">\u00bf<strong>Qu\u00e9 elementos se toman en cuenta a la hora de hacer un c\u00e1lculo de estructuras?<\/strong><\/h2>\n\n\n\n<p>En l\u00edneas generales, el c\u00e1lculo de estructuras debe tener un resumen de:<\/p>\n\n\n\n<ol class=\"wp-block-list\"><li> <strong>Memoria del c\u00e1lculo:<\/strong><ul><li>Fuerzas horizontales.<\/li><li>Cargas y sobrecargas verticales.<\/li><li>Tensiones admitidas.<\/li><li>Indicaciones de las condiciones de medianer\u00eda y previsiones.&nbsp;<\/li><\/ul><\/li><li><strong>Planos de las estructuras:<\/strong><ul><li>Secciones generales.<\/li><li>Detalles de construcci\u00f3n.<\/li><li>Plantas de fundaciones, organizaci\u00f3n de grupos de pisos y especificidades de cada piso.<\/li><li>Especificaciones t\u00e9cnicas.<\/li><li>Detalles de las juntas de dilataci\u00f3n.<\/li><\/ul><\/li><\/ol>\n\n\n\n<h2 class=\"wp-block-heading\">\u00bf<strong>Qu\u00e9 c\u00e1lculos de estructura se realizan?<\/strong><\/h2>\n\n\n\n<p>Dentro del proyecto de dise\u00f1o y construcci\u00f3n de una obra de <a href=\"https:\/\/www.ferrovial.com\/es\/recursos\/ingenieria-civil\/\" target=\"_blank\" rel=\"noreferrer noopener\">ingenier\u00eda civil<\/a>, se realizan los siguientes c\u00e1lculos para garantizar la estabilidad de la estructura, as\u00ed como <strong>la seguridad en su uso:<\/strong><\/p>\n\n\n\n<ul class=\"wp-block-list\"><li><strong>C\u00e1lculos de tensiones,<\/strong> es decir, de la reacci\u00f3n que se produce en una estructura cuando se le aplica una carga que es de la misma magnitud y se ejerce en sentido contrario.<\/li><li><strong>C\u00e1lculo de momentos flectores,<\/strong> es decir, de la fuerza que hace que un elemento de la estructura se doble cuando se le aplica una fuerza a una distancia determinada, causando una deformaci\u00f3n.<\/li><li><strong>C\u00e1lculos de carga y presi\u00f3n de viento.<\/strong><\/li><li><strong>C\u00e1lculo del esfuerzo cortante, <\/strong>es decir, cuando se aplica una fuerza de forma paralela o tangencial al \u00e1rea de una superficie, provocando una torsi\u00f3n en una parte de la estructura.<\/li><li><strong>C\u00e1lculos de movimientos s\u00edsmicos.<\/strong><\/li><\/ul>\n\n\n\n<h2 class=\"wp-block-heading\">\u00bf<strong>Qu\u00e9 herramientas digitales se utilizan para realizar c\u00e1lculos de estructuras?<\/strong><\/h2>\n\n\n\n<p>El an\u00e1lisis de todos los elementos constitutivos de una estructura puede realizarse de una manera r\u00e1pida, \u00f3ptima y avanzada a trav\u00e9s de distintos <strong><em><a href=\"https:\/\/www.ferrovial.com\/es\/stem\/software\/\" target=\"_blank\" rel=\"noreferrer noopener\">softwares <\/a><\/em>especializados. <\/strong>Estos <strong>programas inform\u00e1ticos<\/strong> hacen posible realizar r\u00e9plicas virtuales de una estructura para facilitar el avance en su construcci\u00f3n.<\/p>\n\n\n\n<p>Algunos de los m\u00e1s conocidos son:<\/p>\n\n\n\n<ul class=\"wp-block-list\"><li><a href=\"https:\/\/www.csiespana.com\/\" target=\"_blank\" rel=\"noreferrer noopener\"><strong>Sap200<\/strong><\/a>: con una interfaz gr\u00e1fica 3D es capaz de dimensionar <a href=\"https:\/\/www.ferrovial.com\/es\/recursos\/puentes\/\" target=\"_blank\" rel=\"noreferrer noopener\">puentes<\/a>, edificios, presas, entre otras estructuras.<\/li><li><a href=\"https:\/\/info.cype.com\/es\/software\/cypecad\/\" target=\"_blank\" rel=\"noreferrer noopener\"><strong>Cypecad<\/strong><\/a>: aplicaci\u00f3n BIM utilizada para el modelaje de estructuras; dise\u00f1a, calcula y dimensiona estructuras, tanto met\u00e1licas como de otros materiales, como el <a href=\"https:\/\/www.ferrovial.com\/es\/recursos\/hormigon\/\" target=\"_blank\" rel=\"noreferrer noopener\">hormig\u00f3n.<\/a><\/li><li><a href=\"https:\/\/www.midasstructure.com\/en\/\" target=\"_blank\" rel=\"noreferrer noopener\"><strong>Midas<\/strong><\/a>: un <em>software<\/em> especializado en c\u00e1lculo y dise\u00f1o de estructuras de car\u00e1cter civil y de <a href=\"https:\/\/www.ferrovial.com\/es\/recursos\/ingenieria-mecanica\/\" target=\"_blank\" rel=\"noreferrer noopener\">ingenier\u00eda mec\u00e1nica<\/a>.<\/li><li><a href=\"https:\/\/www.autodesk.com\/products\/robot-structural-analysis\/overview\" target=\"_blank\" rel=\"noreferrer noopener\"><strong>Autodesk Robot<\/strong><\/a>: utilizado para calcular uniones de acero, estructuras de madera o secciones de armado.<\/li><\/ul>\n<\/div><\/m-wysiwig>\n","protected":false},"excerpt":{"rendered":"","protected":false},"featured_media":0,"parent":227878,"menu_order":0,"comment_status":"closed","ping_status":"closed","template":"","meta":{"_acf_changed":false,"footnotes":""},"class_list":["post-237367","page","type-page","status-publish","hentry"],"acf":[],"yoast_head":"<!-- This site is optimized with the Yoast SEO plugin v27.2 - https:\/\/yoast.com\/product\/yoast-seo-wordpress\/ -->\n<title>Qu\u00e9 es el c\u00e1lculo de estructuras - Ferrovial<\/title>\n<meta name=\"description\" content=\"El c\u00e1lculo de estructuras es la parte del dise\u00f1o de estructuras. Su objetivo es llevar a cabo una correcta y segura ejecuci\u00f3n de obra.\" \/>\n<meta name=\"robots\" content=\"index, follow, max-snippet:-1, max-image-preview:large, max-video-preview:-1\" \/>\n<link rel=\"canonical\" href=\"https:\/\/www.ferrovial.com\/es\/stem\/calculo-de-estructuras\/\" \/>\n<meta property=\"og:locale\" content=\"es_ES\" \/>\n<meta property=\"og:type\" content=\"article\" \/>\n<meta property=\"og:title\" content=\"Qu\u00e9 es el c\u00e1lculo de estructuras - Ferrovial\" \/>\n<meta property=\"og:description\" content=\"El c\u00e1lculo de estructuras es la parte del dise\u00f1o de estructuras. Su objetivo es llevar a cabo una correcta y segura ejecuci\u00f3n de obra.\" \/>\n<meta property=\"og:url\" content=\"https:\/\/www.ferrovial.com\/es\/stem\/calculo-de-estructuras\/\" \/>\n<meta property=\"og:site_name\" content=\"Ferrovial\" \/>\n<meta property=\"article:publisher\" content=\"https:\/\/www.facebook.com\/ferrovial\" \/>\n<meta property=\"article:modified_time\" content=\"2022-09-26T05:47:54+00:00\" \/>\n<meta name=\"twitter:card\" content=\"summary_large_image\" \/>\n<meta name=\"twitter:site\" content=\"@ferrovial\" \/>\n<meta name=\"twitter:label1\" content=\"Est. reading time\" \/>\n\t<meta name=\"twitter:data1\" content=\"5 minutos\" \/>\n<!-- \/ Yoast SEO plugin. -->","yoast_head_json":{"title":"Qu\u00e9 es el c\u00e1lculo de estructuras - Ferrovial","description":"El c\u00e1lculo de estructuras es la parte del dise\u00f1o de estructuras. Su objetivo es llevar a cabo una correcta y segura ejecuci\u00f3n de obra.","robots":{"index":"index","follow":"follow","max-snippet":"max-snippet:-1","max-image-preview":"max-image-preview:large","max-video-preview":"max-video-preview:-1"},"canonical":"https:\/\/www.ferrovial.com\/es\/stem\/calculo-de-estructuras\/","og_locale":"es_ES","og_type":"article","og_title":"Qu\u00e9 es el c\u00e1lculo de estructuras - Ferrovial","og_description":"El c\u00e1lculo de estructuras es la parte del dise\u00f1o de estructuras. Su objetivo es llevar a cabo una correcta y segura ejecuci\u00f3n de obra.","og_url":"https:\/\/www.ferrovial.com\/es\/stem\/calculo-de-estructuras\/","og_site_name":"Ferrovial","article_publisher":"https:\/\/www.facebook.com\/ferrovial","article_modified_time":"2022-09-26T05:47:54+00:00","twitter_card":"summary_large_image","twitter_site":"@ferrovial","twitter_misc":{"Est. reading time":"5 minutos"},"schema":{"@context":"https:\/\/schema.org","@graph":[{"@type":"WebPage","@id":"https:\/\/www.ferrovial.com\/es\/stem\/calculo-de-estructuras\/","url":"https:\/\/www.ferrovial.com\/es\/stem\/calculo-de-estructuras\/","name":"Qu\u00e9 es el c\u00e1lculo de estructuras - Ferrovial","isPartOf":{"@id":"https:\/\/www.ferrovial.com\/es\/#website"},"datePublished":"2022-08-12T12:58:32+00:00","dateModified":"2022-09-26T05:47:54+00:00","description":"El c\u00e1lculo de estructuras es la parte del dise\u00f1o de estructuras. Su objetivo es llevar a cabo una correcta y segura ejecuci\u00f3n de obra.","breadcrumb":{"@id":"https:\/\/www.ferrovial.com\/es\/stem\/calculo-de-estructuras\/#breadcrumb"},"inLanguage":"es","potentialAction":[{"@type":"ReadAction","target":["https:\/\/www.ferrovial.com\/es\/stem\/calculo-de-estructuras\/"]}]},{"@type":"BreadcrumbList","@id":"https:\/\/www.ferrovial.com\/es\/stem\/calculo-de-estructuras\/#breadcrumb","itemListElement":[{"@type":"ListItem","position":1,"name":"Portada","item":"https:\/\/www.ferrovial.com\/es\/"},{"@type":"ListItem","position":2,"name":"STEM","item":"https:\/\/www.ferrovial.com\/es\/stem\/"},{"@type":"ListItem","position":3,"name":"C\u00e1lculo de estructuras"}]},{"@type":"WebSite","@id":"https:\/\/www.ferrovial.com\/es\/#website","url":"https:\/\/www.ferrovial.com\/es\/","name":"Ferrovial","description":"Welcome to the Ferrovial&#039;s website, global operator of sustainable infrastructure. Here you can find all the information about the company and subsidiaries.","publisher":{"@id":"https:\/\/www.ferrovial.com\/es\/#organization"},"potentialAction":[{"@type":"SearchAction","target":{"@type":"EntryPoint","urlTemplate":"https:\/\/www.ferrovial.com\/es\/?s={search_term_string}"},"query-input":{"@type":"PropertyValueSpecification","valueRequired":true,"valueName":"search_term_string"}}],"inLanguage":"es"},{"@type":"Organization","@id":"https:\/\/www.ferrovial.com\/es\/#organization","name":"Ferrovial S.A.","url":"https:\/\/www.ferrovial.com\/es\/","logo":{"@type":"ImageObject","inLanguage":"es","@id":"https:\/\/www.ferrovial.com\/es\/#\/schema\/logo\/image\/","url":"https:\/\/static.ferrovial.com\/wp-content\/uploads\/2020\/01\/13124948\/logo-ferrovial-cf7.png","contentUrl":"https:\/\/static.ferrovial.com\/wp-content\/uploads\/2020\/01\/13124948\/logo-ferrovial-cf7.png","width":144,"height":32,"caption":"Ferrovial S.A."},"image":{"@id":"https:\/\/www.ferrovial.com\/es\/#\/schema\/logo\/image\/"},"sameAs":["https:\/\/www.facebook.com\/ferrovial","https:\/\/x.com\/ferrovial","https:\/\/www.instagram.com\/ferrovial\/","https:\/\/www.linkedin.com\/company\/ferrovial","https:\/\/www.pinterest.es\/ferrovial\/","https:\/\/www.youtube.com\/ferrovial","https:\/\/en.wikipedia.org\/wiki\/Ferrovial"]}]}},"_links":{"self":[{"href":"https:\/\/www.ferrovial.com\/es\/wp-json\/wp\/v2\/pages\/237367","targetHints":{"allow":["GET"]}}],"collection":[{"href":"https:\/\/www.ferrovial.com\/es\/wp-json\/wp\/v2\/pages"}],"about":[{"href":"https:\/\/www.ferrovial.com\/es\/wp-json\/wp\/v2\/types\/page"}],"replies":[{"embeddable":true,"href":"https:\/\/www.ferrovial.com\/es\/wp-json\/wp\/v2\/comments?post=237367"}],"version-history":[{"count":3,"href":"https:\/\/www.ferrovial.com\/es\/wp-json\/wp\/v2\/pages\/237367\/revisions"}],"predecessor-version":[{"id":239674,"href":"https:\/\/www.ferrovial.com\/es\/wp-json\/wp\/v2\/pages\/237367\/revisions\/239674"}],"up":[{"embeddable":true,"href":"https:\/\/www.ferrovial.com\/es\/wp-json\/wp\/v2\/pages\/227878"}],"wp:attachment":[{"href":"https:\/\/www.ferrovial.com\/es\/wp-json\/wp\/v2\/media?parent=237367"}],"curies":[{"name":"wp","href":"https:\/\/api.w.org\/{rel}","templated":true}]}}