{"id":237397,"date":"2022-08-16T08:13:45","date_gmt":"2022-08-16T06:13:45","guid":{"rendered":"https:\/\/www.ferrovial.com\/?page_id=237397"},"modified":"2022-09-09T09:52:55","modified_gmt":"2022-09-09T07:52:55","slug":"criptografia","status":"publish","type":"page","link":"https:\/\/www.ferrovial.com\/es\/stem\/criptografia\/","title":{"rendered":"Criptograf\u00eda"},"content":{"rendered":"    <m-final-content-header >\n            <c-breadcrumb label-text=\"Breadcrumb\" slot=\"breadcrumbs\" type='2' align='left' wrap='wrapped wrapped' aria-label='Vienes de STEM'>\n                        <ol>\n\n                                                            <li><a href=\"https:\/\/www.ferrovial.com\/es\/\" title=\"Ferrovial\">Ferrovial<\/a><\/li>\n                                                                        <li><a href=\"https:\/\/www.ferrovial.com\/es\/stem\/\" title=\"STEM\">STEM<\/a><\/li>\n                                    \n                <\/ol>\n\n                <\/c-breadcrumb>\n    \n        <div slot=\"header\">\n            <h1>\n                \u00bfQu\u00e9 es la criptograf\u00eda?            <\/h1>\n                    <\/div>\n    <\/m-final-content-header>\n\n    \n\n\n<m-wysiwig class=\"wp-block-components-wysiwyg\"><div slot=\"maincontent\">\n<script type=\"application\/ld+json\">\n{\n  \"@context\": \"https:\/\/schema.org\",\n  \"@type\": \"FAQPage\",\n  \"mainEntity\": [{\n    \"@type\": \"Question\",\n    \"name\": \"\u00bfQu\u00e9 es la criptograf\u00eda?\",\n    \"acceptedAnswer\": {\n      \"@type\": \"Answer\",\n      \"text\": \"En general, la criptograf\u00eda es el conjunto de t\u00e9cnicas de cifrado y alteraci\u00f3n ling\u00fc\u00edstica de determinados mensajes con el objetivo de hacerlos inaccesibles a receptores sin autorizaci\u00f3n. Es una palabra que proviene del griego \u201ckrypt\u00f3s\u201d (secreto) y \u201cgraph\u00e9\u201d (escritura); es, por lo tanto, una escritura secreta.\nLlevada al \u00e1mbito inform\u00e1tico, la criptograf\u00eda busca alcanzar el resguardo de la confidencialidad de documentos y datos a trav\u00e9s de sistemas de c\u00f3digos para evitar amenazas de seguridad en internet.\"\n    }\n  },{\n    \"@type\": \"Question\",\n    \"name\": \"\u00bfPara qu\u00e9 sirve la criptograf\u00eda?\",\n    \"acceptedAnswer\": {\n      \"@type\": \"Answer\",\n      \"text\": \"La funci\u00f3n principal de la criptograf\u00eda es mantener la integridad y seguridad digital de los usuarios, as\u00ed como garantizar la protecci\u00f3n de su informaci\u00f3n privada y las operaciones que realiza y comparte en la red. De esta manera, quien no tenga claves o autorizaci\u00f3n para acceder a tal informaci\u00f3n, no podr\u00e1 descifrarla.\"\n    }\n  },{\n    \"@type\": \"Question\",\n    \"name\": \"\u00bfC\u00f3mo se clasifica la criptograf\u00eda inform\u00e1tica?\",\n    \"acceptedAnswer\": {\n      \"@type\": \"Answer\",\n      \"text\": \"La criptograf\u00eda puede dividirse en tres tipos:\n<ol>\n<li>De clave secreta (tambi\u00e9n llamada sim\u00e9trica)<\/li>\n<li>De clave p\u00fablica o privada (tambi\u00e9n llamada asim\u00e9trica)<\/li>\n<li>Funciones hash<\/li>\n<\/ol>\"\n    }\n  },{\n    \"@type\": \"Question\",\n    \"name\": \"\u00bfCu\u00e1les son las caracter\u00edsticas principales de la criptograf\u00eda?\",\n    \"acceptedAnswer\": {\n      \"@type\": \"Answer\",\n      \"text\": \"En l\u00edneas generales, la criptograf\u00eda debe garantizar:\n<ul>\n<li>Confidencialidad, es decir, que sea accesible solo con autorizaci\u00f3n.<\/li>\n<li>Vinculaci\u00f3n, de una acci\u00f3n a una persona o sistema de gesti\u00f3n autorizado.<\/li>\n<li>Integridad, en cuanto a la garant\u00eda de que la informaci\u00f3n est\u00e1 completa y correcta.<\/li>\n<li>Autenticaci\u00f3n, a trav\u00e9s de mecanismos que permiten verificar la identidad de la persona.<\/li>\n<li>Privacidad, tanto de las comunicaciones personales como de las transacciones bancarias a trav\u00e9s de canales en redes.<\/li>\n<li>El no rechazo o repudio, es decir, que ning\u00fan interlocutor pueda negar, despu\u00e9s de haber realizado el pase de informaci\u00f3n, su intenci\u00f3n de hacerlo.<\/li>\n<\/ul>\"\n    }\n  },{\n    \"@type\": \"Question\",\n    \"name\": \"\u00bfCu\u00e1les son los usos de la criptograf\u00eda?\",\n    \"acceptedAnswer\": {\n      \"@type\": \"Answer\",\n      \"text\": \"La forma m\u00e1s com\u00fan de criptograf\u00eda en red es a trav\u00e9s de contrase\u00f1as privadas para mantener seguro material confidencial que se encuentra en ella. A trav\u00e9s de t\u00e9cnicas de ciberseguridad se desarrollan algoritmos de cifrado combinados para codificar y proteger datos de personas y empresas.\"\n    }\n  }]\n}\n<\/script><p>En general, la criptograf\u00eda es el conjunto de <strong>t\u00e9cnicas de cifrado y alteraci\u00f3n ling\u00fc\u00edstica de determinados mensajes<\/strong> con el objetivo de hacerlos inaccesibles a receptores sin autorizaci\u00f3n. Es una palabra que proviene del griego \u201c<em>krypt\u00f3s<\/em>\u201d (secreto) y \u201c<em>graph\u00e9<\/em>\u201d (escritura); <strong>es, por lo tanto, una escritura secreta.<\/strong><\/p>\n\n\n\n<p>Llevada al \u00e1mbito inform\u00e1tico, la criptograf\u00eda busca<strong> alcanzar el resguardo de la confidencialidad de documentos y datos <\/strong>a trav\u00e9s de sistemas de c\u00f3digos para evitar amenazas de seguridad en internet.<\/p>\n\n\n\n<p>Si la criptograf\u00eda es el conjunto de t\u00e9cnicas para cifrar la informaci\u00f3n, la criptolog\u00eda es la disciplina que estudia su codificaci\u00f3n, algoritmos y <strong>sistemas de protecci\u00f3n para garantizar la seguridad de los datos personales.<\/strong><\/p>\n\n\n\n<p>Se considera exitoso el sistema criptogr\u00e1fico cuando un ciberdelincuente con capacidad especial para vulnerar un sistema no logra romper estos c\u00f3digos de cifrado.<\/p>\n\n\n\n<h2 class=\"wp-block-heading\"><strong>\u00bfPara qu\u00e9 sirve la criptograf\u00eda?<\/strong><\/h2>\n\n\n\n<p>La funci\u00f3n principal de la criptograf\u00eda es <strong>mantener la integridad y seguridad digital de los usuarios, <\/strong>as\u00ed como garantizar la protecci\u00f3n de su informaci\u00f3n privada y las operaciones que realiza y comparte en la red. De esta manera, quien no tenga claves o autorizaci\u00f3n para acceder a tal informaci\u00f3n, no podr\u00e1 descifrarla.<\/p>\n\n\n\n<p>La criptograf\u00eda busca, entonces, <strong>garantizar la privacidad de la informaci\u00f3n a trav\u00e9s del dise\u00f1o, implementaci\u00f3n y uso de sistemas de c\u00f3digos y cifrado.<\/strong><\/p>\n\n\n\n<h2 class=\"wp-block-heading\"><strong>\u00bfC\u00f3mo se clasifica la criptograf\u00eda inform\u00e1tica?<\/strong><\/h2>\n\n\n\n<p>La criptograf\u00eda puede dividirse en tres tipos:<\/p>\n\n\n\n<ol class=\"wp-block-list\"><li><strong>De clave secreta (tambi\u00e9n llamada sim\u00e9trica):<\/strong> se vale de una clave \u00fanica, tanto para cifrar como para descifrar la informaci\u00f3n. De esta manera, tanto el emisor como el receptor deben tener la misma clave.<\/li><li><strong>De clave p\u00fablica o privada (tambi\u00e9n llamada asim\u00e9trica):<\/strong> se vale de una clave para el cifrado y otra para el descifrado, una p\u00fablica y otra privada. A la primera, cualquier persona puede acceder, mientras que solo el propietario tiene el acceso a la segunda.<\/li><li><strong>Funciones hash:<\/strong> no utiliza claves, sino que se vale de sistemas algor\u00edtmicos y f\u00f3rmulas matem\u00e1ticas para cifrar de manera irreversible la informaci\u00f3n, generando una huella digital.<\/li><\/ol>\n\n\n\n<p>Independientemente de la tipolog\u00eda, el cifrado criptogr\u00e1fico permite que la informaci\u00f3n que se intercambia en la red, tanto la que se env\u00eda como la que se recibe, est\u00e9 cifrada durante su navegaci\u00f3n. Un ejemplo de esto es el uso de <strong>certificados digitales para compartir datos e informaci\u00f3n de usuarios<\/strong>.<\/p>\n\n\n\n<h2 class=\"wp-block-heading\"><strong>\u00bfCu\u00e1les son las caracter\u00edsticas principales de la criptograf\u00eda?<\/strong><\/h2>\n\n\n\n<p>En l\u00edneas generales, la criptograf\u00eda debe garantizar:<\/p>\n\n\n\n<ul class=\"wp-block-list\"><li><strong>Confidencialidad<\/strong>, es decir, que sea accesible solo con autorizaci\u00f3n.<\/li><li><strong>Vinculaci\u00f3n<\/strong>, de una acci\u00f3n a una persona o sistema de gesti\u00f3n autorizado.<\/li><li><strong>Integridad<\/strong>, en cuanto a la garant\u00eda de que la informaci\u00f3n est\u00e1 completa y correcta.<\/li><li><strong>Autenticaci\u00f3n<\/strong>, a trav\u00e9s de mecanismos que permiten verificar la identidad de la persona.<\/li><li><strong>Privacidad<\/strong>, tanto de las comunicaciones personales como de las transacciones bancarias a trav\u00e9s de canales en redes.<\/li><li><strong>El no rechazo o repudio<\/strong>, es decir, que ning\u00fan interlocutor pueda negar, despu\u00e9s de haber realizado el pase de informaci\u00f3n, su intenci\u00f3n de hacerlo.<\/li><\/ul>\n\n\n\n<h2 class=\"wp-block-heading\"><strong>\u00bfCu\u00e1les son los usos de la criptograf\u00eda?<\/strong><\/h2>\n\n\n\n<p>La forma m\u00e1s com\u00fan de criptograf\u00eda en red es a trav\u00e9s de contrase\u00f1as privadas para mantener seguro material confidencial que se encuentra en ella. A trav\u00e9s de <strong>t\u00e9cnicas de ciberseguridad se desarrollan algoritmos de cifrado combinados<\/strong> para codificar y proteger datos de personas y empresas.<\/p>\n\n\n\n<p>Existen actividades del d\u00eda a d\u00eda que <strong>hacen necesaria la implementaci\u00f3n de algoritmos criptogr\u00e1ficos <\/strong>para proteger operaciones, dispositivos y equipos conectados a la red, pues su uso implica <strong>manipulaci\u00f3n de informaci\u00f3n confidencial<\/strong>; por ejemplo: el retiro de efectivo en cajeros autom\u00e1ticos, las compras <em>online<\/em>, la renovaci\u00f3n de contratos de servicios de <em>streaming<\/em>, el uso del correo electr\u00f3nico o de cualquier dispositivo m\u00f3vil conectado a la red.<\/p>\n\n\n\n<p>En la web, las URL que comienzan por <em>HTTPS<\/em> poseen una clave p\u00fablica y otra privada que se emplean en conjunto para encriptar los datos. Cuando un navegador inicia sesi\u00f3n con un servidor web, este \u00faltimo le env\u00eda una clave p\u00fablica. Entonces, <strong>ocurre un <em>SSL handshake<\/em>, es decir, un <em>saludo<\/em> entre el navegador y el servidor, estableciendo una conexi\u00f3n segura.<\/strong> As\u00ed, el navegador reconoce como seguro al <em>link<\/em>.<\/p>\n\n\n\n<p>Estas <strong>protecciones de confidencialidad, autenticidad e integridad<\/strong> disponibles a trav\u00e9s de protocolos criptogr\u00e1ficos como el SSL permiten proteger la informaci\u00f3n de los usuarios de manipulaciones maliciosas. Adem\u00e1s, <strong>brindan garant\u00eda de que los usuarios se est\u00e1n comunicando correctamente con los sistemas oportunos y pertinentes<\/strong>.<\/p>\n<\/div><\/m-wysiwig>\n","protected":false},"excerpt":{"rendered":"","protected":false},"featured_media":0,"parent":227878,"menu_order":0,"comment_status":"closed","ping_status":"closed","template":"","meta":{"_acf_changed":false,"footnotes":""},"class_list":["post-237397","page","type-page","status-publish","hentry"],"acf":[],"yoast_head":"<!-- This site is optimized with the Yoast SEO plugin v27.2 - https:\/\/yoast.com\/product\/yoast-seo-wordpress\/ -->\n<title>Criptograf\u00eda - Ferrovial<\/title>\n<meta name=\"description\" content=\"Es el conjunto de t\u00e9cnicas de cifrado y alteraci\u00f3n ling\u00fc\u00edstica de determinados mensajes para hacerlos inaccesibles a receptores sin autorizaci\u00f3n.\" \/>\n<meta name=\"robots\" content=\"index, follow, max-snippet:-1, max-image-preview:large, max-video-preview:-1\" \/>\n<link rel=\"canonical\" href=\"https:\/\/www.ferrovial.com\/es\/stem\/criptografia\/\" \/>\n<meta property=\"og:locale\" content=\"es_ES\" \/>\n<meta property=\"og:type\" content=\"article\" \/>\n<meta property=\"og:title\" content=\"Criptograf\u00eda - Ferrovial\" \/>\n<meta property=\"og:description\" content=\"Es el conjunto de t\u00e9cnicas de cifrado y alteraci\u00f3n ling\u00fc\u00edstica de determinados mensajes para hacerlos inaccesibles a receptores sin autorizaci\u00f3n.\" \/>\n<meta property=\"og:url\" content=\"https:\/\/www.ferrovial.com\/es\/stem\/criptografia\/\" \/>\n<meta property=\"og:site_name\" content=\"Ferrovial\" \/>\n<meta property=\"article:publisher\" content=\"https:\/\/www.facebook.com\/ferrovial\" \/>\n<meta property=\"article:modified_time\" content=\"2022-09-09T07:52:55+00:00\" \/>\n<meta name=\"twitter:card\" content=\"summary_large_image\" \/>\n<meta name=\"twitter:site\" content=\"@ferrovial\" \/>\n<meta name=\"twitter:label1\" content=\"Est. reading time\" \/>\n\t<meta name=\"twitter:data1\" content=\"6 minutos\" \/>\n<!-- \/ Yoast SEO plugin. -->","yoast_head_json":{"title":"Criptograf\u00eda - Ferrovial","description":"Es el conjunto de t\u00e9cnicas de cifrado y alteraci\u00f3n ling\u00fc\u00edstica de determinados mensajes para hacerlos inaccesibles a receptores sin autorizaci\u00f3n.","robots":{"index":"index","follow":"follow","max-snippet":"max-snippet:-1","max-image-preview":"max-image-preview:large","max-video-preview":"max-video-preview:-1"},"canonical":"https:\/\/www.ferrovial.com\/es\/stem\/criptografia\/","og_locale":"es_ES","og_type":"article","og_title":"Criptograf\u00eda - Ferrovial","og_description":"Es el conjunto de t\u00e9cnicas de cifrado y alteraci\u00f3n ling\u00fc\u00edstica de determinados mensajes para hacerlos inaccesibles a receptores sin autorizaci\u00f3n.","og_url":"https:\/\/www.ferrovial.com\/es\/stem\/criptografia\/","og_site_name":"Ferrovial","article_publisher":"https:\/\/www.facebook.com\/ferrovial","article_modified_time":"2022-09-09T07:52:55+00:00","twitter_card":"summary_large_image","twitter_site":"@ferrovial","twitter_misc":{"Est. reading time":"6 minutos"},"schema":{"@context":"https:\/\/schema.org","@graph":[{"@type":"WebPage","@id":"https:\/\/www.ferrovial.com\/es\/stem\/criptografia\/","url":"https:\/\/www.ferrovial.com\/es\/stem\/criptografia\/","name":"Criptograf\u00eda - Ferrovial","isPartOf":{"@id":"https:\/\/www.ferrovial.com\/es\/#website"},"datePublished":"2022-08-16T06:13:45+00:00","dateModified":"2022-09-09T07:52:55+00:00","description":"Es el conjunto de t\u00e9cnicas de cifrado y alteraci\u00f3n ling\u00fc\u00edstica de determinados mensajes para hacerlos inaccesibles a receptores sin autorizaci\u00f3n.","breadcrumb":{"@id":"https:\/\/www.ferrovial.com\/es\/stem\/criptografia\/#breadcrumb"},"inLanguage":"es","potentialAction":[{"@type":"ReadAction","target":["https:\/\/www.ferrovial.com\/es\/stem\/criptografia\/"]}]},{"@type":"BreadcrumbList","@id":"https:\/\/www.ferrovial.com\/es\/stem\/criptografia\/#breadcrumb","itemListElement":[{"@type":"ListItem","position":1,"name":"Portada","item":"https:\/\/www.ferrovial.com\/es\/"},{"@type":"ListItem","position":2,"name":"STEM","item":"https:\/\/www.ferrovial.com\/es\/stem\/"},{"@type":"ListItem","position":3,"name":"Criptograf\u00eda"}]},{"@type":"WebSite","@id":"https:\/\/www.ferrovial.com\/es\/#website","url":"https:\/\/www.ferrovial.com\/es\/","name":"Ferrovial","description":"Welcome to the Ferrovial&#039;s website, global operator of sustainable infrastructure. Here you can find all the information about the company and subsidiaries.","publisher":{"@id":"https:\/\/www.ferrovial.com\/es\/#organization"},"potentialAction":[{"@type":"SearchAction","target":{"@type":"EntryPoint","urlTemplate":"https:\/\/www.ferrovial.com\/es\/?s={search_term_string}"},"query-input":{"@type":"PropertyValueSpecification","valueRequired":true,"valueName":"search_term_string"}}],"inLanguage":"es"},{"@type":"Organization","@id":"https:\/\/www.ferrovial.com\/es\/#organization","name":"Ferrovial S.A.","url":"https:\/\/www.ferrovial.com\/es\/","logo":{"@type":"ImageObject","inLanguage":"es","@id":"https:\/\/www.ferrovial.com\/es\/#\/schema\/logo\/image\/","url":"https:\/\/static.ferrovial.com\/wp-content\/uploads\/2020\/01\/13124948\/logo-ferrovial-cf7.png","contentUrl":"https:\/\/static.ferrovial.com\/wp-content\/uploads\/2020\/01\/13124948\/logo-ferrovial-cf7.png","width":144,"height":32,"caption":"Ferrovial S.A."},"image":{"@id":"https:\/\/www.ferrovial.com\/es\/#\/schema\/logo\/image\/"},"sameAs":["https:\/\/www.facebook.com\/ferrovial","https:\/\/x.com\/ferrovial","https:\/\/www.instagram.com\/ferrovial\/","https:\/\/www.linkedin.com\/company\/ferrovial","https:\/\/www.pinterest.es\/ferrovial\/","https:\/\/www.youtube.com\/ferrovial","https:\/\/en.wikipedia.org\/wiki\/Ferrovial"]}]}},"_links":{"self":[{"href":"https:\/\/www.ferrovial.com\/es\/wp-json\/wp\/v2\/pages\/237397","targetHints":{"allow":["GET"]}}],"collection":[{"href":"https:\/\/www.ferrovial.com\/es\/wp-json\/wp\/v2\/pages"}],"about":[{"href":"https:\/\/www.ferrovial.com\/es\/wp-json\/wp\/v2\/types\/page"}],"replies":[{"embeddable":true,"href":"https:\/\/www.ferrovial.com\/es\/wp-json\/wp\/v2\/comments?post=237397"}],"version-history":[{"count":3,"href":"https:\/\/www.ferrovial.com\/es\/wp-json\/wp\/v2\/pages\/237397\/revisions"}],"predecessor-version":[{"id":238639,"href":"https:\/\/www.ferrovial.com\/es\/wp-json\/wp\/v2\/pages\/237397\/revisions\/238639"}],"up":[{"embeddable":true,"href":"https:\/\/www.ferrovial.com\/es\/wp-json\/wp\/v2\/pages\/227878"}],"wp:attachment":[{"href":"https:\/\/www.ferrovial.com\/es\/wp-json\/wp\/v2\/media?parent=237397"}],"curies":[{"name":"wp","href":"https:\/\/api.w.org\/{rel}","templated":true}]}}