{"id":237409,"date":"2022-08-16T09:03:26","date_gmt":"2022-08-16T07:03:26","guid":{"rendered":"https:\/\/www.ferrovial.com\/?page_id=237409"},"modified":"2024-09-25T13:46:33","modified_gmt":"2024-09-25T11:46:33","slug":"retroexcavadora","status":"publish","type":"page","link":"https:\/\/www.ferrovial.com\/es\/stem\/retroexcavadora\/","title":{"rendered":"Retroexcavadora"},"content":{"rendered":"    <m-final-content-header >\n            <c-breadcrumb label-text=\"Breadcrumb\" slot=\"breadcrumbs\" type='2' align='left' wrap='wrapped wrapped' aria-label='Vienes de STEM'>\n                        <ol>\n\n                                                            <li><a href=\"https:\/\/www.ferrovial.com\/es\/\" title=\"Ferrovial\">Ferrovial<\/a><\/li>\n                                                                        <li><a href=\"https:\/\/www.ferrovial.com\/es\/stem\/\" title=\"STEM\">STEM<\/a><\/li>\n                                    \n                <\/ol>\n\n                <\/c-breadcrumb>\n    \n        <div slot=\"header\">\n            <h1>\n                \u00bfQu\u00e9 es una retroexcavadora?            <\/h1>\n                    <\/div>\n    <\/m-final-content-header>\n\n    \n\n\n<m-wysiwig class=\"wp-block-components-wysiwyg\"><div slot=\"maincontent\">\n<p><script type=\"application\/ld+json\">\n{\n  \"@context\": \"https:\/\/schema.org\",\n  \"@type\": \"FAQPage\",\n  \"mainEntity\": [{\n    \"@type\": \"Question\",\n    \"name\": \"\u00bfQu\u00e9 es una retroexcavadora?\",\n    \"acceptedAnswer\": {\n      \"@type\": \"Answer\",\n      \"text\": \"Una retroexcavadora es una m\u00e1quina de construcci\u00f3n cuya funci\u00f3n es realizar trabajos de excavaci\u00f3n en m\u00faltiples terrenos. Tambi\u00e9n suele llamarse retrocargadora, excavadora, cargadora o pala mixta.\nLos elementos principales y caracter\u00edsticos de la retroexcavadora son:\n<ol>\n<li>Un cuchar\u00f3n o pala cargadora, ubicada en la parte frontal, que permite el movimiento de tierra y escombros.\n<\/li>\n<li>Un brazo excavador, ubicado en la parte posterior, cuya capacidad de excavaci\u00f3n es, aproximadamente, de 4 metros de profundidad, aunque existen algunas que pueden llegar a 7 metros.\n<\/li>\n<\/ol>\"\n    }\n  },{\n    \"@type\": \"Question\",\n    \"name\": \"\u00bfCu\u00e1l es la diferencia entre una retroexcavadora y una excavadora?\",\n    \"acceptedAnswer\": {\n      \"@type\": \"Answer\",\n      \"text\": \"Si bien la retroexcavadora es una variante de la excavadora, cada una tiene ciertas particularidades que las diferencian, espec\u00edficamente en los \u00e1mbitos de dise\u00f1o y funciones. Algunas de ellas son:\n<ul>\n<li>Las excavadoras son de mayor tama\u00f1o y tienen m\u00e1s capacidad de carga respecto a las retroexcavadoras, que son m\u00e1s peque\u00f1as y vers\u00e1tiles para ejecutar determinadas tareas de excavaci\u00f3n, carga y recogida de materiales en espacios de dif\u00edcil acceso.\n<\/li>\n<li>Las excavadoras tienen m\u00e1s potencia y capacidad, por lo que suelen utilizarse para trabajos a gran escala y de mayor complejidad, mientras que las retroexcavadoras se pueden utilizar como maquinarias de apoyo o para realizar trabajos a menor escala.\n<\/li>\n<li>A diferencia de las excavadoras, las retroexcavadoras disponen de una pala adicional al cuchar\u00f3n frontal para excavar.\n<\/li>\n<\/ul>\"\n    }\n  },{\n    \"@type\": \"Question\",\n    \"name\": \"\u00bfCu\u00e1les son las caracter\u00edsticas principales de una retroexcavadora?\",\n    \"acceptedAnswer\": {\n      \"@type\": \"Answer\",\n      \"text\": \"<ul>\n<li>Rapidez y calidad de excavaci\u00f3n, lo cual las hace ideales para el sector de construcci\u00f3n.\n<\/li>\n<li>Incidencia en el terreno de arriba hacia abajo y del frente hacia la propia m\u00e1quina.\n<\/li>\n<li>Desplazamiento \u00e1gil y seguro.\n<\/li>\n<li>Capacidad de transportar grandes cantidades de material, seg\u00fan su tama\u00f1o, brazo excavador y cuchar\u00f3n. \n<\/li>\n<li>Ahorro de gastos gracias a su agilidad y velocidad, que permiten reducir la necesidad de invertir en otros equipos.\n<\/li>\n<li>Facilidad de mantenimiento.\n<\/li>\n<li>Gran potencia y fuerza de excavaci\u00f3n.\n<\/li>\n<li>Amplio campo de visi\u00f3n en su cabina, ideal para el operario.\n<\/li>\n<li>Bajo consumo energ\u00e9tico a pesar de sus grandes dimensiones y tonelaje.\n<\/li>\n<\/ul>\"\n    }\n  },{\n    \"@type\": \"Question\",\n    \"name\": \"\u00bfQu\u00e9 tipos de retroexcavadoras existen?\",\n    \"acceptedAnswer\": {\n      \"@type\": \"Answer\",\n      \"text\": \"Las retroexcavadoras pueden ser:\n<ol>\n<li>De neum\u00e1ticos: cuyo tren de rodadura se moviliza a trav\u00e9s de ruedas de caucho. La estabilidad durante su uso viene dada por estabilizadores independientes a las ruedas.\n<\/li>\n<li>De cadenas: el chasis recibe soporte gracias a dos cadenas paralelas.\n<\/li>\n<\/ol>\"\n    }\n  },{\n    \"@type\": \"Question\",\n    \"name\": \"\u00bfCu\u00e1les son las partes de una retroexcavadora?\",\n    \"acceptedAnswer\": {\n      \"@type\": \"Answer\",\n      \"text\": \"<ul>\n<li>Tractor<\/li>\n<li>Boom o pluma<\/li>\n<li>Cilindro de descarga<\/li>\n<li>Cuchar\u00f3n<\/li>\n<li>Brazo excavador<\/li>\n<li>Palanca de descarga<\/li>\n<li>Cilindro de elevaci\u00f3n<\/li>\n<li>Transmisi\u00f3n<\/li>\n<li>Sistema hidr\u00e1ulico<\/li>\n<li>Cabina<\/li>\n<li>Cilindro del brazo<\/li>\n<\/ul>\"\n    }\n  }]\n}\n<\/script><\/p>\n\n\n\n<p>Una retroexcavadora es una&nbsp;<strong>m\u00e1quina de construcci\u00f3n<\/strong>&nbsp;cuya funci\u00f3n es&nbsp;<strong>realizar trabajos de excavaci\u00f3n en m\u00faltiples terrenos.<\/strong>&nbsp;Tambi\u00e9n suele llamarse&nbsp;<strong>retrocargadora<\/strong>,&nbsp;<strong>excavadora<\/strong>,&nbsp;<strong>cargadora&nbsp;<\/strong>o&nbsp;<strong>pala mixta<\/strong>.<\/p>\n\n\n\n<p>Los elementos principales y caracter\u00edsticos de la retroexcavadora son:<\/p>\n\n\n\n<ol class=\"wp-block-list\">\n<li> <strong>Un cuchar\u00f3n o pala cargadora<\/strong>,<strong> <\/strong>ubicada en la <strong>parte frontal<\/strong>, que permite el movimiento de tierra y escombros.<\/li>\n\n\n\n<li><strong>Un brazo excavador<\/strong>, ubicado en la <strong>parte posterior,<\/strong> cuya capacidad de excavaci\u00f3n es, aproximadamente, de 4 metros de profundidad, aunque existen algunas que pueden llegar a 7 metros.<\/li>\n<\/ol>\n\n\n\n<p>Dentro de la cabina de la retroexcavadora hay un asiento que rota para que, desde all\u00ed, la persona que la est\u00e9 operando pueda controlar ambas funciones: <strong>la de carga y la de excavaci\u00f3n.<\/strong>&nbsp;<\/p>\n\n\n\n<p>Las retroexcavadoras se pueden utilizar en una gran variedad de trabajos, como la construcci\u00f3n de edificaciones, de carreteras y obras p\u00fablicas, e incluso para la industria minera.<\/p>\n\n\n\n<h2 class=\"wp-block-heading\"><strong>\u00bfCu\u00e1l es la diferencia entre una retroexcavadora y una excavadora?<\/strong><\/h2>\n\n\n\n<p>Si bien la retroexcavadora es una variante de la excavadora, cada una tiene ciertas particularidades que las diferencian, espec\u00edficamente en los \u00e1mbitos de dise\u00f1o y funciones. Algunas de ellas son:<\/p>\n\n\n\n<ul class=\"wp-block-list\">\n<li>Las <strong>excavadoras <\/strong>son de <strong>mayor tama\u00f1o<\/strong> y tienen m\u00e1s <strong>capacidad de carga <\/strong>respecto a las <strong>retroexcavadoras, <\/strong>que son m\u00e1s peque\u00f1as y vers\u00e1tiles para ejecutar determinadas tareas de excavaci\u00f3n, carga y recogida de materiales en espacios de dif\u00edcil acceso.<\/li>\n\n\n\n<li>Las <strong>excavadoras <\/strong>tienen <strong>m\u00e1s potencia y capacidad,<\/strong> por lo que suelen utilizarse para trabajos a gran escala y de mayor complejidad, mientras que las <strong>retroexcavadoras <\/strong>se pueden utilizar como <strong>maquinarias de apoyo<\/strong> o para realizar trabajos <strong>a menor escala.<\/strong><\/li>\n\n\n\n<li>A diferencia de las excavadoras, las retroexcavadoras disponen de<strong> una pala adicional al cuchar\u00f3n frontal para excavar.<\/strong><\/li>\n<\/ul>\n\n\n\n<h2 class=\"wp-block-heading\"><strong>\u00bfCu\u00e1les son las caracter\u00edsticas principales de una retroexcavadora?<\/strong><\/h2>\n\n\n\n<ul class=\"wp-block-list\">\n<li><strong>Rapidez y calidad de excavaci\u00f3n,<\/strong> lo cual las hace ideales para el sector de construcci\u00f3n.<\/li>\n\n\n\n<li>Incidencia en el terreno<strong> de arriba hacia abajo y del frente hacia <\/strong>la propia <strong>m\u00e1quina.<\/strong><\/li>\n\n\n\n<li><strong>Desplazamiento \u00e1gil y seguro.<\/strong><\/li>\n\n\n\n<li>Capacidad de <strong>transportar grandes cantidades de material,<\/strong> seg\u00fan su tama\u00f1o, brazo excavador y cuchar\u00f3n.&nbsp;<\/li>\n\n\n\n<li><strong>Ahorro de gastos<\/strong> gracias a su agilidad y velocidad, que permiten reducir la necesidad de invertir en otros equipos.<\/li>\n\n\n\n<li><strong>Facilidad de mantenimiento.<\/strong><\/li>\n\n\n\n<li>Gran<strong> potencia y fuerza de excavaci\u00f3n<\/strong>.<\/li>\n\n\n\n<li>Amplio<strong> campo de visi\u00f3n en su cabina<\/strong>, ideal para el operario.<\/li>\n\n\n\n<li><strong>Bajo consumo energ\u00e9tico <\/strong>a pesar de sus grandes dimensiones y tonelaje.<\/li>\n<\/ul>\n\n\n\n<h2 class=\"wp-block-heading\"><strong>\u00bfQu\u00e9 tipos de retroexcavadoras existen?<\/strong><\/h2>\n\n\n\n<p>Las retroexcavadoras pueden ser:<\/p>\n\n\n\n<ol class=\"wp-block-list\">\n<li><strong>De neum\u00e1ticos:<\/strong> cuyo tren de rodadura se moviliza a trav\u00e9s de ruedas de caucho. La estabilidad durante su uso viene dada por estabilizadores independientes a las ruedas.<\/li>\n\n\n\n<li><strong>De cadenas:<\/strong> el chasis recibe soporte gracias a dos cadenas paralelas.<\/li>\n<\/ol>\n\n\n\n<h2 class=\"wp-block-heading\"><strong>\u00bfCu\u00e1les son las partes de una retroexcavadora?<\/strong><\/h2>\n\n\n\n<ul class=\"wp-block-list\">\n<li><strong>Tractor:<\/strong> sirve tanto de veh\u00edculo como de soporte. Cuenta con un contrapeso para equilibrar los movimientos generados durante la operaci\u00f3n.<\/li>\n\n\n\n<li><strong>Boom o pluma:<\/strong> elemento que se encuentra en la parte variable de la m\u00e1quina y que se conecta en su parte delantera, espec\u00edficamente a la derecha de la cabina del operador. Puede tener una o dos piezas y de ellas depende la longitud que pueden alcanzar.<\/li>\n\n\n\n<li><strong>Cilindro de descarga:<\/strong> est\u00e1 basado en un sistema hidr\u00e1ulico. En \u00e9l se apoya el brazo y se conecta al v\u00e9rtice de la palanca de descarga. Se encarga de controlar los movimientos del cuchar\u00f3n.<\/li>\n\n\n\n<li><strong>Cuchar\u00f3n:<\/strong> recipiente que contiene lo excavado. Tiene dientes en su borde para el arranque y agarre de los materiales.<\/li>\n\n\n\n<li><strong>Brazo excavador:<\/strong> de uno de sus extremos se articula la pluma y de otro el cuchar\u00f3n.&nbsp;&nbsp;<\/li>\n\n\n\n<li><strong>Palanca de descarga:<\/strong> compuesta por dos piezas que sirven para hacer girar al cuchar\u00f3n, ya sea para vaciarlo o para llenarlo.<\/li>\n\n\n\n<li><strong>Cilindro de elevaci\u00f3n:<\/strong> es de tipo hidr\u00e1ulico. Se apoya en el tractor y est\u00e1 conectado al codo de la pluma para bajarla o elevarla.<\/li>\n\n\n\n<li><strong>Transmisi\u00f3n:<\/strong> cuenta con cuatro velocidades que permiten cambiar de forma suave y r\u00e1pida los avances y retrocesos de la retroexcavadora, facilitando un mayor control en la manipulaci\u00f3n de la carga. Adem\u00e1s, cuenta con un bot\u00f3n de volcado puesto en la palanca, con el cual puede reducir el tiempo de carga, controlando la potencia del motor.<\/li>\n\n\n\n<li><strong>Sistema hidr\u00e1ulico:<\/strong> circuitos que controlan el movimiento de todos los cilindros de una retroexcavadora.<\/li>\n\n\n\n<li><strong>Cabina:<\/strong> parte interior con visi\u00f3n panor\u00e1mica, donde se encuentran el asiento del operador, los mandos y el inmovilizador electr\u00f3nico para bloquear las funciones del motor.<\/li>\n<\/ul>\n\n\n\n<ul class=\"wp-block-list\">\n<li><strong>Cilindro del brazo:<\/strong> constituido por un sistema hidr\u00e1ulico ubicado en la base de la pluma y unido al extremo anterior del brazo excavador para controlar sus movimientos.<\/li>\n<\/ul>\n<\/div><\/m-wysiwig>\n","protected":false},"excerpt":{"rendered":"","protected":false},"featured_media":0,"parent":227878,"menu_order":0,"comment_status":"closed","ping_status":"closed","template":"","meta":{"_acf_changed":false,"footnotes":""},"class_list":["post-237409","page","type-page","status-publish","hentry"],"acf":[],"yoast_head":"<!-- This site is optimized with the Yoast SEO plugin v27.2 - https:\/\/yoast.com\/product\/yoast-seo-wordpress\/ -->\n<title>Retroexcavadora - Ferrovial<\/title>\n<meta name=\"description\" content=\"Una retroexcavadora es una m\u00e1quina de construcci\u00f3n cuya funci\u00f3n es realizar trabajos de excavaci\u00f3n en m\u00faltiples terrenos.\" \/>\n<meta name=\"robots\" content=\"index, follow, max-snippet:-1, max-image-preview:large, max-video-preview:-1\" \/>\n<link rel=\"canonical\" href=\"https:\/\/www.ferrovial.com\/es\/stem\/retroexcavadora\/\" \/>\n<meta property=\"og:locale\" content=\"es_ES\" \/>\n<meta property=\"og:type\" content=\"article\" \/>\n<meta property=\"og:title\" content=\"Retroexcavadora - Ferrovial\" \/>\n<meta property=\"og:description\" content=\"Una retroexcavadora es una m\u00e1quina de construcci\u00f3n cuya funci\u00f3n es realizar trabajos de excavaci\u00f3n en m\u00faltiples terrenos.\" \/>\n<meta property=\"og:url\" content=\"https:\/\/www.ferrovial.com\/es\/stem\/retroexcavadora\/\" \/>\n<meta property=\"og:site_name\" content=\"Ferrovial\" \/>\n<meta property=\"article:publisher\" content=\"https:\/\/www.facebook.com\/ferrovial\" \/>\n<meta property=\"article:modified_time\" content=\"2024-09-25T11:46:33+00:00\" \/>\n<meta name=\"twitter:card\" content=\"summary_large_image\" \/>\n<meta name=\"twitter:site\" content=\"@ferrovial\" \/>\n<meta name=\"twitter:label1\" content=\"Est. reading time\" \/>\n\t<meta name=\"twitter:data1\" content=\"4 minutos\" \/>\n<!-- \/ Yoast SEO plugin. -->","yoast_head_json":{"title":"Retroexcavadora - Ferrovial","description":"Una retroexcavadora es una m\u00e1quina de construcci\u00f3n cuya funci\u00f3n es realizar trabajos de excavaci\u00f3n en m\u00faltiples terrenos.","robots":{"index":"index","follow":"follow","max-snippet":"max-snippet:-1","max-image-preview":"max-image-preview:large","max-video-preview":"max-video-preview:-1"},"canonical":"https:\/\/www.ferrovial.com\/es\/stem\/retroexcavadora\/","og_locale":"es_ES","og_type":"article","og_title":"Retroexcavadora - Ferrovial","og_description":"Una retroexcavadora es una m\u00e1quina de construcci\u00f3n cuya funci\u00f3n es realizar trabajos de excavaci\u00f3n en m\u00faltiples terrenos.","og_url":"https:\/\/www.ferrovial.com\/es\/stem\/retroexcavadora\/","og_site_name":"Ferrovial","article_publisher":"https:\/\/www.facebook.com\/ferrovial","article_modified_time":"2024-09-25T11:46:33+00:00","twitter_card":"summary_large_image","twitter_site":"@ferrovial","twitter_misc":{"Est. reading time":"4 minutos"},"schema":{"@context":"https:\/\/schema.org","@graph":[{"@type":"WebPage","@id":"https:\/\/www.ferrovial.com\/es\/stem\/retroexcavadora\/","url":"https:\/\/www.ferrovial.com\/es\/stem\/retroexcavadora\/","name":"Retroexcavadora - Ferrovial","isPartOf":{"@id":"https:\/\/www.ferrovial.com\/es\/#website"},"datePublished":"2022-08-16T07:03:26+00:00","dateModified":"2024-09-25T11:46:33+00:00","description":"Una retroexcavadora es una m\u00e1quina de construcci\u00f3n cuya funci\u00f3n es realizar trabajos de excavaci\u00f3n en m\u00faltiples terrenos.","breadcrumb":{"@id":"https:\/\/www.ferrovial.com\/es\/stem\/retroexcavadora\/#breadcrumb"},"inLanguage":"es","potentialAction":[{"@type":"ReadAction","target":["https:\/\/www.ferrovial.com\/es\/stem\/retroexcavadora\/"]}]},{"@type":"BreadcrumbList","@id":"https:\/\/www.ferrovial.com\/es\/stem\/retroexcavadora\/#breadcrumb","itemListElement":[{"@type":"ListItem","position":1,"name":"Portada","item":"https:\/\/www.ferrovial.com\/es\/"},{"@type":"ListItem","position":2,"name":"STEM","item":"https:\/\/www.ferrovial.com\/es\/stem\/"},{"@type":"ListItem","position":3,"name":"Retroexcavadora"}]},{"@type":"WebSite","@id":"https:\/\/www.ferrovial.com\/es\/#website","url":"https:\/\/www.ferrovial.com\/es\/","name":"Ferrovial","description":"Welcome to the Ferrovial&#039;s website, global operator of sustainable infrastructure. Here you can find all the information about the company and subsidiaries.","publisher":{"@id":"https:\/\/www.ferrovial.com\/es\/#organization"},"potentialAction":[{"@type":"SearchAction","target":{"@type":"EntryPoint","urlTemplate":"https:\/\/www.ferrovial.com\/es\/?s={search_term_string}"},"query-input":{"@type":"PropertyValueSpecification","valueRequired":true,"valueName":"search_term_string"}}],"inLanguage":"es"},{"@type":"Organization","@id":"https:\/\/www.ferrovial.com\/es\/#organization","name":"Ferrovial S.A.","url":"https:\/\/www.ferrovial.com\/es\/","logo":{"@type":"ImageObject","inLanguage":"es","@id":"https:\/\/www.ferrovial.com\/es\/#\/schema\/logo\/image\/","url":"https:\/\/static.ferrovial.com\/wp-content\/uploads\/2020\/01\/13124948\/logo-ferrovial-cf7.png","contentUrl":"https:\/\/static.ferrovial.com\/wp-content\/uploads\/2020\/01\/13124948\/logo-ferrovial-cf7.png","width":144,"height":32,"caption":"Ferrovial S.A."},"image":{"@id":"https:\/\/www.ferrovial.com\/es\/#\/schema\/logo\/image\/"},"sameAs":["https:\/\/www.facebook.com\/ferrovial","https:\/\/x.com\/ferrovial","https:\/\/www.instagram.com\/ferrovial\/","https:\/\/www.linkedin.com\/company\/ferrovial","https:\/\/www.pinterest.es\/ferrovial\/","https:\/\/www.youtube.com\/ferrovial","https:\/\/en.wikipedia.org\/wiki\/Ferrovial"]}]}},"_links":{"self":[{"href":"https:\/\/www.ferrovial.com\/es\/wp-json\/wp\/v2\/pages\/237409","targetHints":{"allow":["GET"]}}],"collection":[{"href":"https:\/\/www.ferrovial.com\/es\/wp-json\/wp\/v2\/pages"}],"about":[{"href":"https:\/\/www.ferrovial.com\/es\/wp-json\/wp\/v2\/types\/page"}],"replies":[{"embeddable":true,"href":"https:\/\/www.ferrovial.com\/es\/wp-json\/wp\/v2\/comments?post=237409"}],"version-history":[{"count":3,"href":"https:\/\/www.ferrovial.com\/es\/wp-json\/wp\/v2\/pages\/237409\/revisions"}],"predecessor-version":[{"id":288651,"href":"https:\/\/www.ferrovial.com\/es\/wp-json\/wp\/v2\/pages\/237409\/revisions\/288651"}],"up":[{"embeddable":true,"href":"https:\/\/www.ferrovial.com\/es\/wp-json\/wp\/v2\/pages\/227878"}],"wp:attachment":[{"href":"https:\/\/www.ferrovial.com\/es\/wp-json\/wp\/v2\/media?parent=237409"}],"curies":[{"name":"wp","href":"https:\/\/api.w.org\/{rel}","templated":true}]}}