{"id":237412,"date":"2022-08-16T09:17:26","date_gmt":"2022-08-16T07:17:26","guid":{"rendered":"https:\/\/www.ferrovial.com\/?page_id=237412"},"modified":"2022-09-16T12:04:17","modified_gmt":"2022-09-16T10:04:17","slug":"motoniveladora","status":"publish","type":"page","link":"https:\/\/www.ferrovial.com\/es\/stem\/motoniveladora\/","title":{"rendered":"Motoniveladora"},"content":{"rendered":"    <m-final-content-header >\n            <c-breadcrumb label-text=\"Breadcrumb\" slot=\"breadcrumbs\" type='2' align='left' wrap='wrapped wrapped' aria-label='Vienes de STEM'>\n                        <ol>\n\n                                                            <li><a href=\"https:\/\/www.ferrovial.com\/es\/\" title=\"Ferrovial\">Ferrovial<\/a><\/li>\n                                                                        <li><a href=\"https:\/\/www.ferrovial.com\/es\/stem\/\" title=\"STEM\">STEM<\/a><\/li>\n                                    \n                <\/ol>\n\n                <\/c-breadcrumb>\n    \n        <div slot=\"header\">\n            <h1>\n                \u00bfQu\u00e9 es una motoniveladora?            <\/h1>\n                    <\/div>\n    <\/m-final-content-header>\n\n    \n\n\n<m-wysiwig class=\"wp-block-components-wysiwyg\"><div slot=\"maincontent\">\n<script type=\"application\/ld+json\">\n{\n  \"@context\": \"https:\/\/schema.org\",\n  \"@type\": \"FAQPage\",\n  \"mainEntity\": [{\n    \"@type\": \"Question\",\n    \"name\": \"\u00bfQu\u00e9 es una motoniveladora?\",\n    \"acceptedAnswer\": {\n      \"@type\": \"Answer\",\n      \"text\": \"Una motoniveladora es una m\u00e1quina de construcci\u00f3n autopropulsada que se vale de una larga cuchilla met\u00e1lica ubicada en su tren delantero para, como su nombre lo indica, nivelar terrenos. En su eje delantero tiene escarificadores, que se asemejan a un rastrillo por sus dientes, que sirve para romper terrenos duros.\"\n    }\n  },{\n    \"@type\": \"Question\",\n    \"name\": \"\u00bfQu\u00e9 partes conforman una motoniveladora?\",\n    \"acceptedAnswer\": {\n      \"@type\": \"Answer\",\n      \"text\": \"<ol>\n<li>Bastidor<\/li>\n<li>Eje delantero<\/li>\n<li>Motor<\/li>\n<li>Cabina<\/li>\n<li>Hoja<\/li>\n<li>Pie y tal\u00f3n de la hoja vertedera<\/li>\n<li>Barra de tiro<\/li>\n<li>Giro del c\u00edrculo<\/li>\n<\/ol>\"\n    }\n  },{\n    \"@type\": \"Question\",\n    \"name\": \"\u00bfCu\u00e1l es la funci\u00f3n principal de una motoniveladora?\",\n    \"acceptedAnswer\": {\n      \"@type\": \"Answer\",\n      \"text\": \"La finalidad \u00faltima de una motoniveladora es la de aplanar el suelo y afilar taludes; es decir, nivelar cualquier superficie inclinada respecto al terreno horizontal de referencia. As\u00ed, esta m\u00e1quina se convierte en una herramienta muy vers\u00e1til en el campo de la construcci\u00f3n, al ser capaz de aplanar y refinar a diferentes \u00e1ngulos e inclinaciones.\"\n    }\n  },{\n    \"@type\": \"Question\",\n    \"name\": \"\u00bfCu\u00e1les son las caracter\u00edsticas de una motoniveladora?\",\n    \"acceptedAnswer\": {\n      \"@type\": \"Answer\",\n      \"text\": \"<ul>\n<li>Su cuchilla puede inclinarse hasta 90\u00ba a la derecha o izquierda y girar horizontalmente.<\/li>\n<li>Su cuchilla puede tener un ancho de 3,8 metros, aproximadamente.<\/li>\n<li>Su motor tiene una potencia de entre 120 y 200 caballos de fuerza.<\/li>\n<li>Sus escarificadores logran alcanzar una profundidad de m\u00e1s de 20 cm en el suelo.<\/li>\n<li>Alcanza una velocidad de entre 3 y 7 kil\u00f3metros por hora.<\/li>\n<li>Existen dos tipos de motoniveladoras: r\u00edgidas y articuladas.<\/li>\n<\/ul>\"\n    }\n  },{\n    \"@type\": \"Question\",\n    \"name\": \"Requisitos de seguridad para operar una motoniveladora\",\n    \"acceptedAnswer\": {\n      \"@type\": \"Answer\",\n      \"text\": \"Las motoniveladoras, como toda maquinaria pesada, deben ser operada por personal capacitado y siempre debe cumplir con ciertos par\u00e1metros de seguridad, como:\n\n<ul>\n<li>Contar con equipos y accesorios imprescindibles para regular, utilizar y mantener la m\u00e1quina de forma segura.<\/li>\n<li>Mantener los sistemas hidr\u00e1ulicos y de bater\u00edas en condiciones \u00f3ptimas.<\/li>\n<li>Tener luces y faros delanteros y traseros.<\/li>\n<li>Disponer de sistemas autom\u00e1ticos de bloqueo de aceleraci\u00f3n.<\/li>\n<li>Contar con un correcto sistema de amortiguaci\u00f3n para evitar que vibre el asiento del operador.<\/li>\n<li>La cabina debe estar insonorizada y siempre tener en \u00f3ptimas condiciones sus cristales.<\/li>\n<\/ul>\"\n    }\n  }]\n}\n<\/script><p>Una motoniveladora es una <strong>m\u00e1quina de construcci\u00f3n autopropulsada que se vale de una larga cuchilla met\u00e1lica<\/strong> ubicada en su tren delantero para, como su nombre lo indica, <strong>nivelar terrenos<\/strong>. En su eje delantero tiene <strong>escarificadores,<\/strong> que se asemejan a un rastrillo por sus dientes, que sirve para <strong>romper terrenos duros.<\/strong><\/p>\n\n\n\n<p>Una motoniveladora suele utilizarse para la construcci\u00f3n de carreteras, la nivelaci\u00f3n de terrenos agr\u00edcolas, la construcci\u00f3n de canales y taludes de tierra y, en general, la limpieza de terrenos y suelos.<\/p>\n\n\n\n<h2 class=\"wp-block-heading\"><strong>\u00bfQu\u00e9 partes conforman una motoniveladora?<\/strong><\/h2>\n\n\n\n<ol class=\"wp-block-list\"><li><strong>Bastidor:<\/strong> es el chasis de la m\u00e1quina, y sirve como soporte y anclaje a todas sus otras partes.<\/li><li><strong>Eje delantero:<\/strong> se trata de las ruedas delanteras de la m\u00e1quina, que van unidas al chasis a trav\u00e9s de un pivote.<\/li><li><strong>Motor:<\/strong> se encuentra ubicado en la parte trasera de la motoniveladora, y funciona a trav\u00e9s de un sistema de transmisi\u00f3n hidr\u00e1ulico.<\/li><li><strong>Cabina:<\/strong> espacio central donde se ubica el operador de la m\u00e1quina.<\/li><li><strong>Hoja:<\/strong> cuchilla met\u00e1lica con la que se realiza el movimiento del suelo.<\/li><li><strong>Pie y tal\u00f3n de la hoja vertedera:<\/strong> se trata de los extremos m\u00e1s cercanos a las ruedas delanteras y traseras de la m\u00e1quina.<\/li><li><strong>Barra de tiro:<\/strong> viga que soporta el esfuerzo de tracci\u00f3n ejercido por el chasis de la m\u00e1quina hacia el sistema de la cuchilla.<\/li><li><strong>Giro del c\u00edrculo:<\/strong> elemento que permite que la m\u00e1quina pueda rotar 360 grados para as\u00ed adaptar el \u00e1ngulo de la cuchilla.<\/li><\/ol>\n\n\n\n<h2 class=\"wp-block-heading\"><strong>\u00bfCu\u00e1l es la funci\u00f3n principal de una motoniveladora?<\/strong><\/h2>\n\n\n\n<p>La finalidad \u00faltima de una motoniveladora es la de <strong>aplanar el suelo<\/strong> y <strong>afilar taludes;<\/strong> es decir, nivelar cualquier superficie inclinada respecto al terreno horizontal de referencia. As\u00ed, esta m\u00e1quina se convierte en una herramienta muy vers\u00e1til en el campo de la construcci\u00f3n, al ser capaz de <strong>aplanar y refinar a diferentes \u00e1ngulos e inclinaciones.<\/strong><\/p>\n\n\n\n<p>Al usar esta m\u00e1quina en obras de ingenier\u00eda civil, es posible <strong>eliminar <\/strong>todo rastro de <strong>surcos, huecos o cualquier imperfecci\u00f3n en el terreno<\/strong> que pueda afectar la estabilidad de una <a href=\"https:\/\/www.ferrovial.com\/es\/stem\/construccion-sostenible\/\" target=\"_blank\" rel=\"noreferrer noopener\">construcci\u00f3n<\/a>.<\/p>\n\n\n\n<h2 class=\"wp-block-heading\"><strong>\u00bfCu\u00e1les son las caracter\u00edsticas de una motoniveladora?<\/strong><\/h2>\n\n\n\n<p>Seg\u00fan su funci\u00f3n de nivelaci\u00f3n, la motoniveladora tiene las siguientes caracter\u00edsticas:<\/p>\n\n\n\n<ul class=\"wp-block-list\"><li>Su <strong>cuchilla <\/strong>puede inclinarse hasta <strong>90\u00ba<\/strong> a la derecha o izquierda y girar horizontalmente.<\/li><li>Su <strong>cuchilla<\/strong> puede tener un ancho de <strong>3,8 metros<\/strong>, aproximadamente.<\/li><li>Su <strong>motor<\/strong> tiene una potencia de entre <strong>120 y 200 caballos <\/strong>de fuerza.<\/li><li>Sus <strong>escarificadores <\/strong>logran alcanzar una <strong>profundidad <\/strong>de m\u00e1s de <strong>20 cm<\/strong> en el suelo.<\/li><li>Alcanza una <strong>velocidad <\/strong>de entre <strong>3 y 7 kil\u00f3metros por hora<\/strong>.<\/li><li>Existen dos tipos de motoniveladoras: <strong>r\u00edgidas y articuladas.<\/strong><\/li><\/ul>\n\n\n\n<h2 class=\"wp-block-heading\"><strong>Requisitos de seguridad para operar una motoniveladora<\/strong><\/h2>\n\n\n\n<p>Las motoniveladoras, como toda maquinaria pesada, deben ser operada por personal capacitado y siempre debe cumplir con ciertos par\u00e1metros de seguridad, como:<\/p>\n\n\n\n<ul class=\"wp-block-list\"><li>Contar con <strong>equipos y accesorios imprescindibles<\/strong> para regular, utilizar y mantener la m\u00e1quina de forma segura.<\/li><li><strong>Mantener los sistemas hidr\u00e1ulicos y de bater\u00edas en condiciones \u00f3ptimas.<\/strong> Adem\u00e1s, los dep\u00f3sitos de los fluidos del motor deben contar con componentes que faciliten su canalizaci\u00f3n y un <strong>tap\u00f3n con opci\u00f3n de bloqueo <\/strong>con llave o cualquier otro dispositivo.<\/li><li>Tener <strong>luces <\/strong>y <strong>faros <\/strong>delanteros y traseros.<\/li><li>Disponer de <strong>sistemas autom\u00e1ticos de bloqueo de aceleraci\u00f3n<\/strong>.<\/li><li>Contar con un correcto <strong>sistema de amortiguaci\u00f3n <\/strong>para evitar que vibre el asiento del operador.<\/li><li>La <strong>cabina <\/strong>debe estar <strong>insonorizada <\/strong>y siempre tener en \u00f3ptimas condiciones sus cristales.<\/li><\/ul>\n<\/div><\/m-wysiwig>\n","protected":false},"excerpt":{"rendered":"","protected":false},"featured_media":0,"parent":227878,"menu_order":0,"comment_status":"closed","ping_status":"closed","template":"","meta":{"_acf_changed":false,"footnotes":""},"class_list":["post-237412","page","type-page","status-publish","hentry"],"acf":[],"yoast_head":"<!-- This site is optimized with the Yoast SEO plugin v27.2 - https:\/\/yoast.com\/product\/yoast-seo-wordpress\/ -->\n<title>Motoniveladora - Ferrovial<\/title>\n<meta name=\"description\" content=\"Es una m\u00e1quina de construcci\u00f3n autopropulsada que se vale de una larga cuchilla met\u00e1lica ubicada en su tren delantero para nivelar terrenos.\" \/>\n<meta name=\"robots\" content=\"index, follow, max-snippet:-1, max-image-preview:large, max-video-preview:-1\" \/>\n<link rel=\"canonical\" href=\"https:\/\/www.ferrovial.com\/es\/stem\/motoniveladora\/\" \/>\n<meta property=\"og:locale\" content=\"es_ES\" \/>\n<meta property=\"og:type\" content=\"article\" \/>\n<meta property=\"og:title\" content=\"Motoniveladora - Ferrovial\" \/>\n<meta property=\"og:description\" content=\"Es una m\u00e1quina de construcci\u00f3n autopropulsada que se vale de una larga cuchilla met\u00e1lica ubicada en su tren delantero para nivelar terrenos.\" \/>\n<meta property=\"og:url\" content=\"https:\/\/www.ferrovial.com\/es\/stem\/motoniveladora\/\" \/>\n<meta property=\"og:site_name\" content=\"Ferrovial\" \/>\n<meta property=\"article:publisher\" content=\"https:\/\/www.facebook.com\/ferrovial\" \/>\n<meta property=\"article:modified_time\" content=\"2022-09-16T10:04:17+00:00\" \/>\n<meta name=\"twitter:card\" content=\"summary_large_image\" \/>\n<meta name=\"twitter:site\" content=\"@ferrovial\" \/>\n<meta name=\"twitter:label1\" content=\"Est. reading time\" \/>\n\t<meta name=\"twitter:data1\" content=\"5 minutos\" \/>\n<!-- \/ Yoast SEO plugin. -->","yoast_head_json":{"title":"Motoniveladora - Ferrovial","description":"Es una m\u00e1quina de construcci\u00f3n autopropulsada que se vale de una larga cuchilla met\u00e1lica ubicada en su tren delantero para nivelar terrenos.","robots":{"index":"index","follow":"follow","max-snippet":"max-snippet:-1","max-image-preview":"max-image-preview:large","max-video-preview":"max-video-preview:-1"},"canonical":"https:\/\/www.ferrovial.com\/es\/stem\/motoniveladora\/","og_locale":"es_ES","og_type":"article","og_title":"Motoniveladora - Ferrovial","og_description":"Es una m\u00e1quina de construcci\u00f3n autopropulsada que se vale de una larga cuchilla met\u00e1lica ubicada en su tren delantero para nivelar terrenos.","og_url":"https:\/\/www.ferrovial.com\/es\/stem\/motoniveladora\/","og_site_name":"Ferrovial","article_publisher":"https:\/\/www.facebook.com\/ferrovial","article_modified_time":"2022-09-16T10:04:17+00:00","twitter_card":"summary_large_image","twitter_site":"@ferrovial","twitter_misc":{"Est. reading time":"5 minutos"},"schema":{"@context":"https:\/\/schema.org","@graph":[{"@type":"WebPage","@id":"https:\/\/www.ferrovial.com\/es\/stem\/motoniveladora\/","url":"https:\/\/www.ferrovial.com\/es\/stem\/motoniveladora\/","name":"Motoniveladora - Ferrovial","isPartOf":{"@id":"https:\/\/www.ferrovial.com\/es\/#website"},"datePublished":"2022-08-16T07:17:26+00:00","dateModified":"2022-09-16T10:04:17+00:00","description":"Es una m\u00e1quina de construcci\u00f3n autopropulsada que se vale de una larga cuchilla met\u00e1lica ubicada en su tren delantero para nivelar terrenos.","breadcrumb":{"@id":"https:\/\/www.ferrovial.com\/es\/stem\/motoniveladora\/#breadcrumb"},"inLanguage":"es","potentialAction":[{"@type":"ReadAction","target":["https:\/\/www.ferrovial.com\/es\/stem\/motoniveladora\/"]}]},{"@type":"BreadcrumbList","@id":"https:\/\/www.ferrovial.com\/es\/stem\/motoniveladora\/#breadcrumb","itemListElement":[{"@type":"ListItem","position":1,"name":"Portada","item":"https:\/\/www.ferrovial.com\/es\/"},{"@type":"ListItem","position":2,"name":"STEM","item":"https:\/\/www.ferrovial.com\/es\/stem\/"},{"@type":"ListItem","position":3,"name":"Motoniveladora"}]},{"@type":"WebSite","@id":"https:\/\/www.ferrovial.com\/es\/#website","url":"https:\/\/www.ferrovial.com\/es\/","name":"Ferrovial","description":"Welcome to the Ferrovial&#039;s website, global operator of sustainable infrastructure. Here you can find all the information about the company and subsidiaries.","publisher":{"@id":"https:\/\/www.ferrovial.com\/es\/#organization"},"potentialAction":[{"@type":"SearchAction","target":{"@type":"EntryPoint","urlTemplate":"https:\/\/www.ferrovial.com\/es\/?s={search_term_string}"},"query-input":{"@type":"PropertyValueSpecification","valueRequired":true,"valueName":"search_term_string"}}],"inLanguage":"es"},{"@type":"Organization","@id":"https:\/\/www.ferrovial.com\/es\/#organization","name":"Ferrovial S.A.","url":"https:\/\/www.ferrovial.com\/es\/","logo":{"@type":"ImageObject","inLanguage":"es","@id":"https:\/\/www.ferrovial.com\/es\/#\/schema\/logo\/image\/","url":"https:\/\/static.ferrovial.com\/wp-content\/uploads\/2020\/01\/13124948\/logo-ferrovial-cf7.png","contentUrl":"https:\/\/static.ferrovial.com\/wp-content\/uploads\/2020\/01\/13124948\/logo-ferrovial-cf7.png","width":144,"height":32,"caption":"Ferrovial S.A."},"image":{"@id":"https:\/\/www.ferrovial.com\/es\/#\/schema\/logo\/image\/"},"sameAs":["https:\/\/www.facebook.com\/ferrovial","https:\/\/x.com\/ferrovial","https:\/\/www.instagram.com\/ferrovial\/","https:\/\/www.linkedin.com\/company\/ferrovial","https:\/\/www.pinterest.es\/ferrovial\/","https:\/\/www.youtube.com\/ferrovial","https:\/\/en.wikipedia.org\/wiki\/Ferrovial"]}]}},"_links":{"self":[{"href":"https:\/\/www.ferrovial.com\/es\/wp-json\/wp\/v2\/pages\/237412","targetHints":{"allow":["GET"]}}],"collection":[{"href":"https:\/\/www.ferrovial.com\/es\/wp-json\/wp\/v2\/pages"}],"about":[{"href":"https:\/\/www.ferrovial.com\/es\/wp-json\/wp\/v2\/types\/page"}],"replies":[{"embeddable":true,"href":"https:\/\/www.ferrovial.com\/es\/wp-json\/wp\/v2\/comments?post=237412"}],"version-history":[{"count":3,"href":"https:\/\/www.ferrovial.com\/es\/wp-json\/wp\/v2\/pages\/237412\/revisions"}],"predecessor-version":[{"id":239138,"href":"https:\/\/www.ferrovial.com\/es\/wp-json\/wp\/v2\/pages\/237412\/revisions\/239138"}],"up":[{"embeddable":true,"href":"https:\/\/www.ferrovial.com\/es\/wp-json\/wp\/v2\/pages\/227878"}],"wp:attachment":[{"href":"https:\/\/www.ferrovial.com\/es\/wp-json\/wp\/v2\/media?parent=237412"}],"curies":[{"name":"wp","href":"https:\/\/api.w.org\/{rel}","templated":true}]}}