{"id":237418,"date":"2022-08-16T09:44:18","date_gmt":"2022-08-16T07:44:18","guid":{"rendered":"https:\/\/www.ferrovial.com\/?page_id=237418"},"modified":"2022-09-16T11:48:54","modified_gmt":"2022-09-16T09:48:54","slug":"minicargadora","status":"publish","type":"page","link":"https:\/\/www.ferrovial.com\/es\/stem\/minicargadora\/","title":{"rendered":"Minicargadora"},"content":{"rendered":"    <m-final-content-header >\n            <c-breadcrumb label-text=\"Breadcrumb\" slot=\"breadcrumbs\" type='2' align='left' wrap='wrapped wrapped' aria-label='Vienes de STEM'>\n                        <ol>\n\n                                                            <li><a href=\"https:\/\/www.ferrovial.com\/es\/\" title=\"Ferrovial\">Ferrovial<\/a><\/li>\n                                                                        <li><a href=\"https:\/\/www.ferrovial.com\/es\/stem\/\" title=\"STEM\">STEM<\/a><\/li>\n                                    \n                <\/ol>\n\n                <\/c-breadcrumb>\n    \n        <div slot=\"header\">\n            <h1>\n                \u00bfQu\u00e9 es una minicargadora?            <\/h1>\n                    <\/div>\n    <\/m-final-content-header>\n\n    \n\n\n<m-wysiwig class=\"wp-block-components-wysiwyg\"><div slot=\"maincontent\">\n<script type=\"application\/ld+json\">\n{\n  \"@context\": \"https:\/\/schema.org\",\n  \"@type\": \"FAQPage\",\n  \"mainEntity\": [{\n    \"@type\": \"Question\",\n    \"name\": \"\u00bfQu\u00e9 es una minicargadora?\",\n    \"acceptedAnswer\": {\n      \"@type\": \"Answer\",\n      \"text\": \"Una minicargadora es un veh\u00edculo de carga que cuenta con un chasis r\u00edgido y una cabina, que puede ser desmontable. En esta se engancha una cuchara frontal con cuchillas de tama\u00f1o peque\u00f1o, por lo que esta m\u00e1quina tiene poca capacidad respecto a otros veh\u00edculos de carga.\nLa minicargadora se desplaza con sus cuatro neum\u00e1ticos o gracias a un sistema de oruga. Su motor, que puede ser de gasolina o di\u00e9sel, est\u00e1 integrado en la parte trasera de la m\u00e1quina y cuenta con un sistema hidr\u00e1ulico para elevar la cuchara de carga.\"\n    }\n  },{\n    \"@type\": \"Question\",\n    \"name\": \"\u00bfCu\u00e1les son las partes de una minicargadora?\",\n    \"acceptedAnswer\": {\n      \"@type\": \"Answer\",\n      \"text\": \"<ol>\n<li>Chasis<\/li>\n<li>Cuchar\u00f3n<\/li>\n<li>Neum\u00e1ticos o sistema de oruga<\/li>\n<\/ol>\"\n    }\n  },{\n    \"@type\": \"Question\",\n    \"name\": \"\u00bfCu\u00e1les son las caracter\u00edsticas principales de una minicargadora?\",\n    \"acceptedAnswer\": {\n      \"@type\": \"Answer\",\n      \"text\": \"<ul>\n<li>Cuentan con m\u00faltiples sistemas de bloqueo para prevenir accidentes, por lo que la seguridad es una de sus principales caracter\u00edsticas.<\/li>\n<li>Se mueven a una velocidad de 10 Km\/h.<\/li>\n<li>Permiten una alta visibilidad, una ventaja para realizar de manera segura y eficiente cualquier trabajo de construcci\u00f3n.<\/li>\n<li>Su peso operativo (inferior a cuatro toneladas), hace que sea segura de utilizar dentro de edificaciones. <\/li>\n<li>Suele utilizarse en distintos sectores empresariales, tales como la construcci\u00f3n, la miner\u00eda, la agricultura, entre otros.<\/li>\n<li>Por su dise\u00f1o compacto, peque\u00f1o tama\u00f1o y tipo de giro, una minicargadora se utiliza en obras de dif\u00edcil acceso, en las que no hay espacio suficiente para maniobrar.<\/li>\n<li>Tienen bajo costo de mantenimiento, adem\u00e1s de alta durabilidad.<\/li>\n<li>Ya que su motor es peque\u00f1o y de baja cilindrada, su consumo de combustible es bajo.<\/li>\n<\/ul>\"\n    }\n  },{\n    \"@type\": \"Question\",\n    \"name\": \"\u00bfC\u00f3mo funciona una minicargadora?\",\n    \"acceptedAnswer\": {\n      \"@type\": \"Answer\",\n      \"text\": \"La funci\u00f3n principal de una minicargadora es cargar, transportar o descargar peque\u00f1os vol\u00famenes de material (tanto residual como natural) en obras que no necesiten el uso de maquinaria de gran tama\u00f1o o capacidad.\n\nToda minicargadora cuenta con un sistema de bloqueo a trav\u00e9s de interruptores basculantes cerca de la consola, que tendr\u00e1 que activarse y desactivarse de manera alterna para poder poner en movimiento la m\u00e1quina.  \nPara mover el cuchar\u00f3n delantero es necesario, primero, bajarlo a nivel del suelo para luego conducir hacia adelante, empujando hacia la pila de material que quiera cargarse o arrastrarse. Luego, se debe retroceder y elevar el cuchar\u00f3n hasta alcanzar una altura segura para hacer la descarga.\"\n    }\n  }]\n}\n<\/script><p>Una minicargadora es un veh\u00edculo de carga que cuenta con un chasis r\u00edgido y una cabina, que puede ser desmontable. En esta se engancha una cuchara frontal con cuchillas de tama\u00f1o peque\u00f1o, por lo que esta m\u00e1quina tiene poca capacidad respecto a otros veh\u00edculos de carga.<\/p>\n\n\n\n<p>La minicargadora se desplaza con sus cuatro neum\u00e1ticos o gracias a un sistema de oruga. Su<strong> motor<\/strong>, que puede ser de gasolina o di\u00e9sel, <strong>est\u00e1 integrado en la parte trasera de la m\u00e1quina<\/strong> y cuenta con un <strong>sistema hidr\u00e1ulico para elevar la cuchara de carga. <\/strong>La cuchara frontal puede operar de dos maneras:<\/p>\n\n\n\n<ol class=\"wp-block-list\"><li>Realizando una \u00fanica carga de un mont\u00edculo de material.<\/li><li>Realizando un desplazamiento frontal a ras del suelo para ir acumulando el material sobre la superficie.<\/li><\/ol>\n\n\n\n<h2 class=\"wp-block-heading\"><strong>\u00bfCu\u00e1les son las partes de una minicargadora?<\/strong><\/h2>\n\n\n\n<p>Una minicargadora consta de:<\/p>\n\n\n\n<ol class=\"wp-block-list\"><li><strong>Chasis<\/strong> r\u00edgido sobre el cual se monta la cabina desde donde se controlan los movimientos, que puede ser abierta o estar cubierta. Su estructura es resistente y soporta gran peso.<\/li><li><strong>Cuchar\u00f3n<\/strong> ubicado en la parte frontal de la m\u00e1quina y con el que se realiza la carga. Los brazos que sostienen al cuchar\u00f3n se encuentran en la parte posterior de la m\u00e1quina y funcionan gracias a un sistema hidr\u00e1ulico.<\/li><li><strong>Neum\u00e1ticos o sistema de oruga.<\/strong> Existen tipos de minicargadoras que para desplazarse utilizan un sistema de cuatro neum\u00e1ticos y otras que funcionan con un sistema de oruga, que por medio de un conjunto de eslabones modulares permite el desplazamiento estable sobre terrenos que pueden ser irregulares.<\/li><\/ol>\n\n\n\n<h2 class=\"wp-block-heading\"><strong>\u00bfCu\u00e1les son las caracter\u00edsticas principales de una minicargadora?<\/strong><\/h2>\n\n\n\n<ul class=\"wp-block-list\"><li><strong>Cuentan con<\/strong> <strong>m\u00faltiples sistemas de bloqueo para prevenir accidentes<\/strong>, por lo que la seguridad es una de sus principales caracter\u00edsticas.<\/li><li><strong>Se mueven a una velocidad de 10 Km\/h.<\/strong><\/li><li><strong>Permiten una alta visibilidad, <\/strong>una ventaja para realizar de manera segura y eficiente cualquier trabajo de construcci\u00f3n.<\/li><li><strong>Su peso operativo<\/strong> (inferior a cuatro toneladas), <strong>hace que sea segura de utilizar dentro de edificaciones.&nbsp;<\/strong><\/li><li>Suele utilizarse en distintos sectores empresariales, tales como la <strong>construcci\u00f3n, la miner\u00eda, la agricultura, <\/strong>entre otros.<\/li><li>Por su <strong>dise\u00f1o compacto, peque\u00f1o tama\u00f1o y tipo de giro<\/strong>, una minicargadora se utiliza en obras de dif\u00edcil acceso, en las que no hay espacio suficiente para maniobrar.<\/li><li>Tienen <strong>bajo costo de mantenimiento<\/strong>, adem\u00e1s de <strong>alta durabilidad.<\/strong><\/li><li>Ya que su motor es peque\u00f1o y de baja cilindrada,<strong> su consumo de combustible es bajo.<\/strong><\/li><\/ul>\n\n\n\n<h2 class=\"wp-block-heading\"><strong>\u00bfC\u00f3mo funciona una minicargadora?<\/strong><\/h2>\n\n\n\n<p>La funci\u00f3n principal de una minicargadora es <strong>cargar, transportar o descargar peque\u00f1os vol\u00famenes de material (tanto residual como natural)<\/strong> en obras que no necesiten el uso de maquinaria de gran tama\u00f1o o capacidad.<\/p>\n\n\n\n<p>La correcta manipulaci\u00f3n del veh\u00edculo es necesaria para que su funcionamiento sea lo m\u00e1s \u00f3ptimo y seguro posible. Para ello es necesario <strong>identificar los controles y palancas<\/strong> <strong>de la cabina.<\/strong> Estos pueden variar seg\u00fan el tipo de minicargadora y la marca fabricante, pero generalmente se trata de <strong>dos palancas ubicadas en el apoyabrazo de la m\u00e1quina<\/strong>, cada una de ellas con botones de control. El control de encendido puede ser similar al de un coche o, tambi\u00e9n, puede ser un bot\u00f3n.<\/p>\n\n\n\n<p>Toda minicargadora <strong>cuenta con un sistema de bloqueo a trav\u00e9s de interruptores basculantes cerca de la consola<\/strong>, que tendr\u00e1 que activarse y desactivarse de manera alterna para poder poner en movimiento la m\u00e1quina.&nbsp;&nbsp;<\/p>\n\n\n\n<p>Para <strong>mover el cuchar\u00f3n delantero <\/strong>es necesario, primero, <strong>bajarlo a nivel del suelo para luego conducir hacia adelante,<\/strong> empujando hacia la pila de material que quiera cargarse o arrastrarse. Luego,<strong> se debe retroceder y elevar el cuchar\u00f3n hasta alcanzar una altura segura para hacer la descarga.<\/strong><\/p>\n\n\n\n<p>Los <strong>movimientos controlados del cuchar\u00f3n <\/strong>son posibles gracias a las palancas que se encuentran dentro de la cabina y que controlan las funciones: si la izquierda lo levanta, la derecha cambia su posici\u00f3n. Una vez finalizada la tarea con la minicargadora, se debe <strong>poner el cuchar\u00f3n vac\u00edo a nivel del suelo para aparcar y apagar la m\u00e1quina<\/strong>. Para <strong>operar una minicargadora<\/strong>, es necesario situar el asiento lo suficientemente alto para tener una buena visibilidad de lo que se est\u00e1 realizando con el cuchar\u00f3n.<\/p>\n<\/div><\/m-wysiwig>\n","protected":false},"excerpt":{"rendered":"","protected":false},"featured_media":0,"parent":227878,"menu_order":0,"comment_status":"closed","ping_status":"closed","template":"","meta":{"_acf_changed":false,"footnotes":""},"class_list":["post-237418","page","type-page","status-publish","hentry"],"acf":[],"yoast_head":"<!-- This site is optimized with the Yoast SEO plugin v27.2 - https:\/\/yoast.com\/product\/yoast-seo-wordpress\/ -->\n<title>Minicargadora - Ferrovial<\/title>\n<meta name=\"description\" content=\"Una minicargadora es un veh\u00edculo de carga. Tiene una cabina en la que se engancha una cuchara frontal con cuchillas de tama\u00f1o peque\u00f1o.\" \/>\n<meta name=\"robots\" content=\"index, follow, max-snippet:-1, max-image-preview:large, max-video-preview:-1\" \/>\n<link rel=\"canonical\" href=\"https:\/\/www.ferrovial.com\/es\/stem\/minicargadora\/\" \/>\n<meta property=\"og:locale\" content=\"es_ES\" \/>\n<meta property=\"og:type\" content=\"article\" \/>\n<meta property=\"og:title\" content=\"Minicargadora - Ferrovial\" \/>\n<meta property=\"og:description\" content=\"Una minicargadora es un veh\u00edculo de carga. Tiene una cabina en la que se engancha una cuchara frontal con cuchillas de tama\u00f1o peque\u00f1o.\" \/>\n<meta property=\"og:url\" content=\"https:\/\/www.ferrovial.com\/es\/stem\/minicargadora\/\" \/>\n<meta property=\"og:site_name\" content=\"Ferrovial\" \/>\n<meta property=\"article:publisher\" content=\"https:\/\/www.facebook.com\/ferrovial\" \/>\n<meta property=\"article:modified_time\" content=\"2022-09-16T09:48:54+00:00\" \/>\n<meta name=\"twitter:card\" content=\"summary_large_image\" \/>\n<meta name=\"twitter:site\" content=\"@ferrovial\" \/>\n<meta name=\"twitter:label1\" content=\"Est. reading time\" \/>\n\t<meta name=\"twitter:data1\" content=\"5 minutos\" \/>\n<!-- \/ Yoast SEO plugin. -->","yoast_head_json":{"title":"Minicargadora - Ferrovial","description":"Una minicargadora es un veh\u00edculo de carga. Tiene una cabina en la que se engancha una cuchara frontal con cuchillas de tama\u00f1o peque\u00f1o.","robots":{"index":"index","follow":"follow","max-snippet":"max-snippet:-1","max-image-preview":"max-image-preview:large","max-video-preview":"max-video-preview:-1"},"canonical":"https:\/\/www.ferrovial.com\/es\/stem\/minicargadora\/","og_locale":"es_ES","og_type":"article","og_title":"Minicargadora - Ferrovial","og_description":"Una minicargadora es un veh\u00edculo de carga. Tiene una cabina en la que se engancha una cuchara frontal con cuchillas de tama\u00f1o peque\u00f1o.","og_url":"https:\/\/www.ferrovial.com\/es\/stem\/minicargadora\/","og_site_name":"Ferrovial","article_publisher":"https:\/\/www.facebook.com\/ferrovial","article_modified_time":"2022-09-16T09:48:54+00:00","twitter_card":"summary_large_image","twitter_site":"@ferrovial","twitter_misc":{"Est. reading time":"5 minutos"},"schema":{"@context":"https:\/\/schema.org","@graph":[{"@type":"WebPage","@id":"https:\/\/www.ferrovial.com\/es\/stem\/minicargadora\/","url":"https:\/\/www.ferrovial.com\/es\/stem\/minicargadora\/","name":"Minicargadora - Ferrovial","isPartOf":{"@id":"https:\/\/www.ferrovial.com\/es\/#website"},"datePublished":"2022-08-16T07:44:18+00:00","dateModified":"2022-09-16T09:48:54+00:00","description":"Una minicargadora es un veh\u00edculo de carga. Tiene una cabina en la que se engancha una cuchara frontal con cuchillas de tama\u00f1o peque\u00f1o.","breadcrumb":{"@id":"https:\/\/www.ferrovial.com\/es\/stem\/minicargadora\/#breadcrumb"},"inLanguage":"es","potentialAction":[{"@type":"ReadAction","target":["https:\/\/www.ferrovial.com\/es\/stem\/minicargadora\/"]}]},{"@type":"BreadcrumbList","@id":"https:\/\/www.ferrovial.com\/es\/stem\/minicargadora\/#breadcrumb","itemListElement":[{"@type":"ListItem","position":1,"name":"Portada","item":"https:\/\/www.ferrovial.com\/es\/"},{"@type":"ListItem","position":2,"name":"STEM","item":"https:\/\/www.ferrovial.com\/es\/stem\/"},{"@type":"ListItem","position":3,"name":"Minicargadora"}]},{"@type":"WebSite","@id":"https:\/\/www.ferrovial.com\/es\/#website","url":"https:\/\/www.ferrovial.com\/es\/","name":"Ferrovial","description":"Welcome to the Ferrovial&#039;s website, global operator of sustainable infrastructure. Here you can find all the information about the company and subsidiaries.","publisher":{"@id":"https:\/\/www.ferrovial.com\/es\/#organization"},"potentialAction":[{"@type":"SearchAction","target":{"@type":"EntryPoint","urlTemplate":"https:\/\/www.ferrovial.com\/es\/?s={search_term_string}"},"query-input":{"@type":"PropertyValueSpecification","valueRequired":true,"valueName":"search_term_string"}}],"inLanguage":"es"},{"@type":"Organization","@id":"https:\/\/www.ferrovial.com\/es\/#organization","name":"Ferrovial S.A.","url":"https:\/\/www.ferrovial.com\/es\/","logo":{"@type":"ImageObject","inLanguage":"es","@id":"https:\/\/www.ferrovial.com\/es\/#\/schema\/logo\/image\/","url":"https:\/\/static.ferrovial.com\/wp-content\/uploads\/2020\/01\/13124948\/logo-ferrovial-cf7.png","contentUrl":"https:\/\/static.ferrovial.com\/wp-content\/uploads\/2020\/01\/13124948\/logo-ferrovial-cf7.png","width":144,"height":32,"caption":"Ferrovial S.A."},"image":{"@id":"https:\/\/www.ferrovial.com\/es\/#\/schema\/logo\/image\/"},"sameAs":["https:\/\/www.facebook.com\/ferrovial","https:\/\/x.com\/ferrovial","https:\/\/www.instagram.com\/ferrovial\/","https:\/\/www.linkedin.com\/company\/ferrovial","https:\/\/www.pinterest.es\/ferrovial\/","https:\/\/www.youtube.com\/ferrovial","https:\/\/en.wikipedia.org\/wiki\/Ferrovial"]}]}},"_links":{"self":[{"href":"https:\/\/www.ferrovial.com\/es\/wp-json\/wp\/v2\/pages\/237418","targetHints":{"allow":["GET"]}}],"collection":[{"href":"https:\/\/www.ferrovial.com\/es\/wp-json\/wp\/v2\/pages"}],"about":[{"href":"https:\/\/www.ferrovial.com\/es\/wp-json\/wp\/v2\/types\/page"}],"replies":[{"embeddable":true,"href":"https:\/\/www.ferrovial.com\/es\/wp-json\/wp\/v2\/comments?post=237418"}],"version-history":[{"count":3,"href":"https:\/\/www.ferrovial.com\/es\/wp-json\/wp\/v2\/pages\/237418\/revisions"}],"predecessor-version":[{"id":239134,"href":"https:\/\/www.ferrovial.com\/es\/wp-json\/wp\/v2\/pages\/237418\/revisions\/239134"}],"up":[{"embeddable":true,"href":"https:\/\/www.ferrovial.com\/es\/wp-json\/wp\/v2\/pages\/227878"}],"wp:attachment":[{"href":"https:\/\/www.ferrovial.com\/es\/wp-json\/wp\/v2\/media?parent=237418"}],"curies":[{"name":"wp","href":"https:\/\/api.w.org\/{rel}","templated":true}]}}