{"id":237422,"date":"2022-08-16T09:57:58","date_gmt":"2022-08-16T07:57:58","guid":{"rendered":"https:\/\/www.ferrovial.com\/?page_id=237422"},"modified":"2022-09-08T18:31:32","modified_gmt":"2022-09-08T16:31:32","slug":"interruptores","status":"publish","type":"page","link":"https:\/\/www.ferrovial.com\/es\/stem\/interruptores\/","title":{"rendered":"Interruptores"},"content":{"rendered":"    <m-final-content-header >\n            <c-breadcrumb label-text=\"Breadcrumb\" slot=\"breadcrumbs\" type='2' align='left' wrap='wrapped wrapped' aria-label='Vienes de STEM'>\n                        <ol>\n\n                                                            <li><a href=\"https:\/\/www.ferrovial.com\/es\/\" title=\"Ferrovial\">Ferrovial<\/a><\/li>\n                                                                        <li><a href=\"https:\/\/www.ferrovial.com\/es\/stem\/\" title=\"STEM\">STEM<\/a><\/li>\n                                    \n                <\/ol>\n\n                <\/c-breadcrumb>\n    \n        <div slot=\"header\">\n            <h1>\n                \u00bfQu\u00e9 son los interruptores el\u00e9ctricos?            <\/h1>\n                    <\/div>\n    <\/m-final-content-header>\n\n    \n\n\n<m-wysiwig class=\"wp-block-components-wysiwyg\"><div slot=\"maincontent\">\n<script type=\"application\/ld+json\">\n{\n  \"@context\": \"https:\/\/schema.org\",\n  \"@type\": \"FAQPage\",\n  \"mainEntity\": [{\n    \"@type\": \"Question\",\n    \"name\": \"\u00bfQu\u00e9 son los interruptores el\u00e9ctricos?\",\n    \"acceptedAnswer\": {\n      \"@type\": \"Answer\",\n      \"text\": \"Los interruptores de luz, a veces po\u00e9ticamente llamados la llave de la luz, son conocidos por su uso cotidiano. Normalmente se encuentran como un bot\u00f3n f\u00edsico pegado a la pared; no obstante, existen interruptores digitales, con tecnolog\u00edas avanzadas, aptos para la optimizaci\u00f3n energ\u00e9tica, que pueden funcionar de forma manual, con Wi-Fi e, incluso, con sensores autom\u00e1ticos.\"\n    }\n  },{\n    \"@type\": \"Question\",\n    \"name\": \"\u00bfCu\u00e1les son las partes esenciales de un interruptor el\u00e9ctrico?\",\n    \"acceptedAnswer\": {\n      \"@type\": \"Answer\",\n      \"text\": \"<ol>\n<li>Actuante, que permiten abrir o cerrar el circuito el\u00e9ctrico.\n<\/li>\n<li>Pulsador, que ejerce presi\u00f3n en el actuante, permitiendo que los contactos se mantengan unidos.\n<\/li>\n<li>V\u00edas, encargadas de controlar circuitos el\u00e9ctricos desde distintos lugares.\n<\/li>\n<li>Polos o circuitos, que representan los puntos receptores de la corriente.  \n<\/li>\n<\/ol>\"\n    }\n  },{\n    \"@type\": \"Question\",\n    \"name\": \"\u00bfC\u00f3mo funcionan los interruptores el\u00e9ctricos?\",\n    \"acceptedAnswer\": {\n      \"@type\": \"Answer\",\n      \"text\": \"A nivel mec\u00e1nico, los interruptores cuentan con dos contactos met\u00e1licos que est\u00e1n separados,pero que se unen a trav\u00e9s de una parte m\u00f3vil llamada actuante. El actuante hace presi\u00f3n sobre los contactos para mantenerlos unidos y permitir o bloquear el paso de corriente.\n\nA nivel de cableado, los interruptores tienen una entrada y salida de l\u00ednea de fase. El cable el\u00e9ctrico, a su vez, est\u00e1 compuesto por tres cables: el met\u00e1lico, el neutro y el de tierra, todos cubiertos por un material aislante. El cable se conecta al interruptor el\u00e9ctrico, que lo controla, as\u00ed como tambi\u00e9n a la fuente que genera la electricidad. Una vez alcanzadas estas conexiones, el interruptor cumple su funci\u00f3n de habilitar o deshabilitar el paso de energ\u00eda el\u00e9ctrica.\n\nLos interruptores el\u00e9ctricos tambi\u00e9n pueden funcionar para crear circuitos paralelos e interconectados que se pueden manipular por tomas espec\u00edficas, ofreciendo la opci\u00f3n de contar con distintos puntos de distribuci\u00f3n de electricidad.\"\n    }\n  },{\n    \"@type\": \"Question\",\n    \"name\": \"\u00bfQu\u00e9 tipos de interruptores el\u00e9ctricos existen?\",\n    \"acceptedAnswer\": {\n      \"@type\": \"Answer\",\n      \"text\": \"Si bien todos los interruptores el\u00e9ctricos cumplen la funci\u00f3n b\u00e1sica de abrir o cerrar circuitos de energ\u00eda el\u00e9ctrica, existen distintos tipos. Los principales son:\n<ul>\n<li>Interruptores conmutados: se comunican entre s\u00ed para encender o apagar la corriente el\u00e9ctrica, y uno trabaja en funci\u00f3n del otro.\n<\/li>\n<li>Interruptores cruzados: son tres interruptores conectados entre ellos que manejan la luz el\u00e9ctrica desde cualquier punto donde se encuentren ubicados los interruptores individuales.\n<\/li>\n<li>Interruptor de parada: es de car\u00e1cter industrial y funciona para detener el paso de una operaci\u00f3n, ya sea de emergencia o no.\n<\/li>\n<li>Interruptor basculante: es de las tipolog\u00edas m\u00e1s comunes. Cuenta con un accionador que, seg\u00fan la direcci\u00f3n en la que se ponga, activa o corta la energ\u00eda el\u00e9ctrica.\n<\/li>\n<li>Interruptor de transferencia: transfiere la carga energ\u00e9tica de un circuito a otro en caso de que exista una falla energ\u00e9tica de emergencia. Se suele utilizar en subestaciones el\u00e9ctricas e industriales.\n<\/li>\n<li>Interruptor autom\u00e1tico o disyuntor: este tipo de interruptor corta la energ\u00eda de forma autom\u00e1tica si ocurre una sobrecarga o cortocircuito. Suele utilizarse en las viviendas, comercios e industrias.\n<\/li>\n<li>Interruptor diferencial: da protecci\u00f3n ante la fuga de corriente producto de faltas de aislamiento. Son altamente sensibles y detectan con facilidad los cambios de corriente.\n<\/li>\n<li>Interruptor reed switch: funciona mediante campo magn\u00e9tico, y se encuentra encapsulado en un tubo de vidrio al vac\u00edo.\n<\/li>\n<li>Interruptor de circuito aislado: se vale de una gran cantidad de amperaje para su funcionamiento. \n<\/li>\n<li>Interruptor moment\u00e1neo: funciona mientras dure la presi\u00f3n que haga el accionador.\n<\/li>\n<li>Interruptor rotativo o giratorio: se activa al girar una perilla.\n<\/li>\n<li>Interruptor centr\u00edfugo: se activa en funci\u00f3n a una fuerza centr\u00edfuga. Cuando el cuerpo rotativo alcanza una velocidad determinada, el interruptor se activa, y cuando se detiene, se apaga.\n<\/li>\n<li>Interruptor DIP (Dual in Line Package): se trata de un conjunto de micro interruptores unidos entre s\u00ed en circuitos que cambian el comportamiento de un dispositivo electr\u00f3nico.\n<\/li>\n<li>Interruptor de mercurio: la electricidad la conduce una cantidad m\u00ednima de mercurio dentro de un tubo de vidrio que est\u00e1 cerrado de forma herm\u00e9tica, y se activa o desactiva a trav\u00e9s de la inclinaci\u00f3n.\n<\/li>\n<li>Interruptor de membrana o burbuja: se colocan sobre circuitos impresos, es decir, sobre una superficie de caminos o pistas de material conductor sobre una base no conductora. Adem\u00e1s, suelen utilizarse en mandos remotos, paneles de control de microondas, entre otros.\n<\/li>\n<li>Interruptor gradual (dimmer): var\u00eda la intensidad de la luz a trav\u00e9s de una perilla giratoria.\n<\/li>\n<\/ul>\"\n    }\n  }]\n}\n<\/script><p>Los interruptores son <strong>dispositivos <\/strong>que sirven para <strong>abrir y cerrar circuitos el\u00e9ctricos<\/strong>.<\/p>\n\n\n\n<p>Los <strong>interruptores de luz<\/strong>, a veces po\u00e9ticamente llamados <em>la llave de la luz<\/em>, son conocidos por su uso cotidiano. Normalmente se encuentran como un bot\u00f3n f\u00edsico pegado a la pared; no obstante, existen <strong>interruptores digitales<\/strong>, con tecnolog\u00edas avanzadas, aptos para la <strong>optimizaci\u00f3n energ\u00e9tica, <\/strong>que pueden funcionar de forma manual, con Wi-Fi e, incluso, con sensores autom\u00e1ticos.<\/p>\n\n\n\n<h2 class=\"wp-block-heading\"><strong>\u00bfCu\u00e1les son las partes esenciales de un interruptor el\u00e9ctrico?<\/strong><\/h2>\n\n\n\n<ol class=\"wp-block-list\"><li> <strong>Actuante,<\/strong> que permiten abrir o cerrar el circuito el\u00e9ctrico.<\/li><li><strong>Pulsador,<\/strong> que ejerce presi\u00f3n en el actuante, permitiendo que los contactos se mantengan unidos.<\/li><li><strong>V\u00edas,<\/strong> encargadas de controlar circuitos el\u00e9ctricos desde distintos lugares.<\/li><li><strong>Polos o circuitos,<\/strong> que representan los puntos receptores de la corriente.&nbsp;&nbsp;<\/li><\/ol>\n\n\n\n<h2 class=\"wp-block-heading\"><strong>\u00bfC\u00f3mo funcionan los interruptores el\u00e9ctricos?<\/strong><\/h2>\n\n\n\n<p>A nivel mec\u00e1nico, los interruptores cuentan con <strong>dos contactos met\u00e1licos <\/strong>que est\u00e1n separados,<strong> <\/strong>pero que se unen a trav\u00e9s de una <strong>parte m\u00f3vil <\/strong>llamada <strong><em>actuante<\/em><\/strong><strong>.<\/strong> El actuante hace presi\u00f3n sobre los contactos para mantenerlos unidos y permitir o bloquear el paso de corriente.<\/p>\n\n\n\n<p>Su funci\u00f3n es <strong>facilitar el encendido y apagado de un sistema el\u00e9ctrico.<\/strong> Cuando el <strong>circuito est\u00e1 abierto, es posible el paso de corriente<\/strong>; por el contrario, cuando <strong>se cierra, se interrumpe la transmisi\u00f3n.<\/strong><\/p>\n\n\n\n<p>A nivel de <a href=\"https:\/\/www.ferrovial.com\/es\/stem\/cables-y-cableado\/\" target=\"_blank\" rel=\"noreferrer noopener\">cableado<\/a>, los interruptores tienen una <strong>entrada y salida de l\u00ednea de fase<\/strong>. El cable el\u00e9ctrico, a su vez, est\u00e1 compuesto por <strong>tres cables<\/strong>: el met\u00e1lico, el neutro y el de tierra, todos cubiertos por un material <a href=\"https:\/\/www.ferrovial.com\/es\/stem\/aislamiento\/\" target=\"_blank\" rel=\"noreferrer noopener\">aislante<\/a>. El cable se conecta al interruptor el\u00e9ctrico, que lo controla<strong>,<\/strong> as\u00ed como tambi\u00e9n a la <strong>fuente que genera la electricidad.<\/strong> Una vez alcanzadas estas conexiones, el interruptor cumple su funci\u00f3n de habilitar o deshabilitar el paso de energ\u00eda el\u00e9ctrica.<\/p>\n\n\n\n<p>Los interruptores el\u00e9ctricos tambi\u00e9n pueden funcionar para <strong>crear circuitos paralelos e interconectados<\/strong> que se pueden manipular por tomas espec\u00edficas, ofreciendo la opci\u00f3n de contar con distintos puntos de distribuci\u00f3n de electricidad.<\/p>\n\n\n\n<h2 class=\"wp-block-heading\"><strong>\u00bfQu\u00e9 tipos de interruptores el\u00e9ctricos existen?<\/strong><\/h2>\n\n\n\n<p>Si bien todos los interruptores el\u00e9ctricos cumplen la funci\u00f3n b\u00e1sica de abrir o cerrar circuitos de energ\u00eda el\u00e9ctrica, existen distintos tipos. Los principales son:<\/p>\n\n\n\n<ul class=\"wp-block-list\"><li><strong>Interruptores conmutados:<\/strong> se comunican entre s\u00ed para encender o apagar la corriente el\u00e9ctrica, y uno trabaja en funci\u00f3n del otro.<\/li><li><strong>Interruptores cruzados:<\/strong> son tres interruptores conectados entre ellos que manejan la luz el\u00e9ctrica desde cualquier punto donde se encuentren ubicados los interruptores individuales.<\/li><li><strong>Interruptor de parada:<\/strong> es de car\u00e1cter industrial y funciona para detener el paso de una operaci\u00f3n, ya sea de emergencia o no.<\/li><li><strong>Interruptor basculante:<\/strong> es de las tipolog\u00edas m\u00e1s comunes. Cuenta con un accionador que, seg\u00fan la direcci\u00f3n en la que se ponga, activa o corta la energ\u00eda el\u00e9ctrica.<\/li><li><strong>Interruptor de transferencia:<\/strong> transfiere la carga energ\u00e9tica de un circuito a otro en caso de que exista una falla energ\u00e9tica de emergencia. Se suele utilizar en subestaciones el\u00e9ctricas e industriales.<\/li><li><strong>Interruptor autom\u00e1tico o disyuntor:<\/strong> este tipo de interruptor corta la energ\u00eda de forma autom\u00e1tica si ocurre una sobrecarga o cortocircuito. Suele utilizarse en las viviendas, comercios e industrias.<\/li><li><strong>Interruptor diferencial:<\/strong> da protecci\u00f3n ante la fuga de corriente producto de faltas de aislamiento. Son altamente sensibles y detectan con facilidad los cambios de corriente.<\/li><li><strong>Interruptor <em>reed switch<\/em>:<\/strong> funciona mediante campo magn\u00e9tico, y se encuentra encapsulado en un tubo de vidrio al vac\u00edo.<\/li><li><strong>Interruptor de circuito aislado:<\/strong> se vale de una gran cantidad de amperaje para su funcionamiento.&nbsp;<\/li><li><strong>Interruptor moment\u00e1neo:<\/strong> funciona mientras dure la presi\u00f3n que haga el accionador.<\/li><li><strong>Interruptor rotativo o giratorio:<\/strong> se activa al girar una perilla.<\/li><li><strong>Interruptor centr\u00edfugo:<\/strong> se activa en funci\u00f3n a una fuerza centr\u00edfuga. Cuando el cuerpo rotativo alcanza una velocidad determinada, el interruptor se activa, y cuando se detiene, se apaga.<\/li><li><strong>Interruptor DIP (<em>Dual in Line Package<\/em>):<\/strong> se trata de un conjunto de micro interruptores unidos entre s\u00ed en circuitos que cambian el comportamiento de un dispositivo electr\u00f3nico.<\/li><li><strong>Interruptor de mercurio:<\/strong> la electricidad la conduce una cantidad m\u00ednima de mercurio dentro de un tubo de vidrio que est\u00e1 cerrado de forma herm\u00e9tica, y se activa o desactiva a trav\u00e9s de la inclinaci\u00f3n.<\/li><li><strong>Interruptor de membrana o burbuja:<\/strong> se colocan sobre circuitos impresos, es decir, sobre una superficie de caminos o pistas de material conductor sobre una base no conductora. Adem\u00e1s, suelen utilizarse en mandos remotos, paneles de control de microondas, entre otros.<\/li><li><strong>Interruptor gradual (<em>dimmer<\/em>):<\/strong> var\u00eda la intensidad de la luz a trav\u00e9s de una perilla giratoria.<\/li><\/ul>\n<\/div><\/m-wysiwig>\n","protected":false},"excerpt":{"rendered":"","protected":false},"featured_media":0,"parent":227878,"menu_order":0,"comment_status":"closed","ping_status":"closed","template":"","meta":{"_acf_changed":false,"footnotes":""},"class_list":["post-237422","page","type-page","status-publish","hentry"],"acf":[],"yoast_head":"<!-- This site is optimized with the Yoast SEO plugin v27.2 - https:\/\/yoast.com\/product\/yoast-seo-wordpress\/ -->\n<title>Interruptores - Ferrovial<\/title>\n<meta name=\"description\" content=\"Los interruptores son dispositivos que sirven para abrir y cerrar circuitos el\u00e9ctricos. Normalmente se encuentran como un bot\u00f3n f\u00edsico pegado a la pared.\" \/>\n<meta name=\"robots\" content=\"index, follow, max-snippet:-1, max-image-preview:large, max-video-preview:-1\" \/>\n<link rel=\"canonical\" href=\"https:\/\/www.ferrovial.com\/es\/stem\/interruptores\/\" \/>\n<meta property=\"og:locale\" content=\"es_ES\" \/>\n<meta property=\"og:type\" content=\"article\" \/>\n<meta property=\"og:title\" content=\"Interruptores - Ferrovial\" \/>\n<meta property=\"og:description\" content=\"Los interruptores son dispositivos que sirven para abrir y cerrar circuitos el\u00e9ctricos. Normalmente se encuentran como un bot\u00f3n f\u00edsico pegado a la pared.\" \/>\n<meta property=\"og:url\" content=\"https:\/\/www.ferrovial.com\/es\/stem\/interruptores\/\" \/>\n<meta property=\"og:site_name\" content=\"Ferrovial\" \/>\n<meta property=\"article:publisher\" content=\"https:\/\/www.facebook.com\/ferrovial\" \/>\n<meta property=\"article:modified_time\" content=\"2022-09-08T16:31:32+00:00\" \/>\n<meta name=\"twitter:card\" content=\"summary_large_image\" \/>\n<meta name=\"twitter:site\" content=\"@ferrovial\" \/>\n<meta name=\"twitter:label1\" content=\"Est. reading time\" \/>\n\t<meta name=\"twitter:data1\" content=\"7 minutos\" \/>\n<!-- \/ Yoast SEO plugin. -->","yoast_head_json":{"title":"Interruptores - Ferrovial","description":"Los interruptores son dispositivos que sirven para abrir y cerrar circuitos el\u00e9ctricos. Normalmente se encuentran como un bot\u00f3n f\u00edsico pegado a la pared.","robots":{"index":"index","follow":"follow","max-snippet":"max-snippet:-1","max-image-preview":"max-image-preview:large","max-video-preview":"max-video-preview:-1"},"canonical":"https:\/\/www.ferrovial.com\/es\/stem\/interruptores\/","og_locale":"es_ES","og_type":"article","og_title":"Interruptores - Ferrovial","og_description":"Los interruptores son dispositivos que sirven para abrir y cerrar circuitos el\u00e9ctricos. Normalmente se encuentran como un bot\u00f3n f\u00edsico pegado a la pared.","og_url":"https:\/\/www.ferrovial.com\/es\/stem\/interruptores\/","og_site_name":"Ferrovial","article_publisher":"https:\/\/www.facebook.com\/ferrovial","article_modified_time":"2022-09-08T16:31:32+00:00","twitter_card":"summary_large_image","twitter_site":"@ferrovial","twitter_misc":{"Est. reading time":"7 minutos"},"schema":{"@context":"https:\/\/schema.org","@graph":[{"@type":"WebPage","@id":"https:\/\/www.ferrovial.com\/es\/stem\/interruptores\/","url":"https:\/\/www.ferrovial.com\/es\/stem\/interruptores\/","name":"Interruptores - Ferrovial","isPartOf":{"@id":"https:\/\/www.ferrovial.com\/es\/#website"},"datePublished":"2022-08-16T07:57:58+00:00","dateModified":"2022-09-08T16:31:32+00:00","description":"Los interruptores son dispositivos que sirven para abrir y cerrar circuitos el\u00e9ctricos. Normalmente se encuentran como un bot\u00f3n f\u00edsico pegado a la pared.","breadcrumb":{"@id":"https:\/\/www.ferrovial.com\/es\/stem\/interruptores\/#breadcrumb"},"inLanguage":"es","potentialAction":[{"@type":"ReadAction","target":["https:\/\/www.ferrovial.com\/es\/stem\/interruptores\/"]}]},{"@type":"BreadcrumbList","@id":"https:\/\/www.ferrovial.com\/es\/stem\/interruptores\/#breadcrumb","itemListElement":[{"@type":"ListItem","position":1,"name":"Portada","item":"https:\/\/www.ferrovial.com\/es\/"},{"@type":"ListItem","position":2,"name":"STEM","item":"https:\/\/www.ferrovial.com\/es\/stem\/"},{"@type":"ListItem","position":3,"name":"Interruptores"}]},{"@type":"WebSite","@id":"https:\/\/www.ferrovial.com\/es\/#website","url":"https:\/\/www.ferrovial.com\/es\/","name":"Ferrovial","description":"Welcome to the Ferrovial&#039;s website, global operator of sustainable infrastructure. Here you can find all the information about the company and subsidiaries.","publisher":{"@id":"https:\/\/www.ferrovial.com\/es\/#organization"},"potentialAction":[{"@type":"SearchAction","target":{"@type":"EntryPoint","urlTemplate":"https:\/\/www.ferrovial.com\/es\/?s={search_term_string}"},"query-input":{"@type":"PropertyValueSpecification","valueRequired":true,"valueName":"search_term_string"}}],"inLanguage":"es"},{"@type":"Organization","@id":"https:\/\/www.ferrovial.com\/es\/#organization","name":"Ferrovial S.A.","url":"https:\/\/www.ferrovial.com\/es\/","logo":{"@type":"ImageObject","inLanguage":"es","@id":"https:\/\/www.ferrovial.com\/es\/#\/schema\/logo\/image\/","url":"https:\/\/static.ferrovial.com\/wp-content\/uploads\/2020\/01\/13124948\/logo-ferrovial-cf7.png","contentUrl":"https:\/\/static.ferrovial.com\/wp-content\/uploads\/2020\/01\/13124948\/logo-ferrovial-cf7.png","width":144,"height":32,"caption":"Ferrovial S.A."},"image":{"@id":"https:\/\/www.ferrovial.com\/es\/#\/schema\/logo\/image\/"},"sameAs":["https:\/\/www.facebook.com\/ferrovial","https:\/\/x.com\/ferrovial","https:\/\/www.instagram.com\/ferrovial\/","https:\/\/www.linkedin.com\/company\/ferrovial","https:\/\/www.pinterest.es\/ferrovial\/","https:\/\/www.youtube.com\/ferrovial","https:\/\/en.wikipedia.org\/wiki\/Ferrovial"]}]}},"_links":{"self":[{"href":"https:\/\/www.ferrovial.com\/es\/wp-json\/wp\/v2\/pages\/237422","targetHints":{"allow":["GET"]}}],"collection":[{"href":"https:\/\/www.ferrovial.com\/es\/wp-json\/wp\/v2\/pages"}],"about":[{"href":"https:\/\/www.ferrovial.com\/es\/wp-json\/wp\/v2\/types\/page"}],"replies":[{"embeddable":true,"href":"https:\/\/www.ferrovial.com\/es\/wp-json\/wp\/v2\/comments?post=237422"}],"version-history":[{"count":2,"href":"https:\/\/www.ferrovial.com\/es\/wp-json\/wp\/v2\/pages\/237422\/revisions"}],"predecessor-version":[{"id":238590,"href":"https:\/\/www.ferrovial.com\/es\/wp-json\/wp\/v2\/pages\/237422\/revisions\/238590"}],"up":[{"embeddable":true,"href":"https:\/\/www.ferrovial.com\/es\/wp-json\/wp\/v2\/pages\/227878"}],"wp:attachment":[{"href":"https:\/\/www.ferrovial.com\/es\/wp-json\/wp\/v2\/media?parent=237422"}],"curies":[{"name":"wp","href":"https:\/\/api.w.org\/{rel}","templated":true}]}}