{"id":237428,"date":"2022-08-16T10:10:25","date_gmt":"2022-08-16T08:10:25","guid":{"rendered":"https:\/\/www.ferrovial.com\/?page_id=237428"},"modified":"2022-09-09T08:38:13","modified_gmt":"2022-09-09T06:38:13","slug":"alta-tension-electrica","status":"publish","type":"page","link":"https:\/\/www.ferrovial.com\/es\/stem\/alta-tension-electrica\/","title":{"rendered":"Alta tensi\u00f3n el\u00e9ctrica"},"content":{"rendered":"    <m-final-content-header >\n            <c-breadcrumb label-text=\"Breadcrumb\" slot=\"breadcrumbs\" type='2' align='left' wrap='wrapped wrapped' aria-label='Vienes de STEM'>\n                        <ol>\n\n                                                            <li><a href=\"https:\/\/www.ferrovial.com\/es\/\" title=\"Ferrovial\">Ferrovial<\/a><\/li>\n                                                                        <li><a href=\"https:\/\/www.ferrovial.com\/es\/stem\/\" title=\"STEM\">STEM<\/a><\/li>\n                                    \n                <\/ol>\n\n                <\/c-breadcrumb>\n    \n        <div slot=\"header\">\n            <h1>\n                \u00bfQu\u00e9 es la alta tensi\u00f3n el\u00e9ctrica?            <\/h1>\n                    <\/div>\n    <\/m-final-content-header>\n\n    \n\n\n<m-wysiwig class=\"wp-block-components-wysiwyg\"><div slot=\"maincontent\">\n<script type=\"application\/ld+json\">\n{\n  \"@context\": \"https:\/\/schema.org\",\n  \"@type\": \"FAQPage\",\n  \"mainEntity\": [{\n    \"@type\": \"Question\",\n    \"name\": \"\u00bfQu\u00e9 es la alta tensi\u00f3n el\u00e9ctrica?\",\n    \"acceptedAnswer\": {\n      \"@type\": \"Answer\",\n      \"text\": \"La tensi\u00f3n el\u00e9ctrica es la diferencia de potencia que existe entre un punto de origen y otro de destino dentro del flujo y tr\u00e1nsito de la electricidad. Tambi\u00e9n se le conoce como diferencia de potencial o voltaje.\n\nDentro de los sistemas el\u00e9ctricos, se entiende por alta tensi\u00f3n a aquella que supera los 36 kilovatios (kV).Se utiliza para transportar la electricidad a grandes distancias, normalmente desde las centrales el\u00e9ctricas, donde se genera, hasta las subestaciones de los centros de consumo final.\"\n    }\n  },{\n    \"@type\": \"Question\",\n    \"name\": \"\u00bfCu\u00e1l es la diferencia entre alta, media y baja tensi\u00f3n?\",\n    \"acceptedAnswer\": {\n      \"@type\": \"Answer\",\n      \"text\": \"La electricidad que cualquier persona utiliza a diario, ha atravesado todas las fases de alta, media y baja tensi\u00f3n, desde su generaci\u00f3n hasta su consumo.De acuerdo con el voltaje y funci\u00f3n principal, la tensi\u00f3n el\u00e9ctrica puede ser:\n<ul>\n<li>Alta: es la que se emplea para transportar electricidad desde las centrales de generaci\u00f3n hacia los puntos de consumo y es superior a 36 kV.\n<\/li>\n<li>Media: se emplea para transportar la electricidad desde las subestaciones hasta las centrales transformadoras que est\u00e1n pr\u00f3ximas a los centros de consumo, y est\u00e1n comprendidas entre 1 y 36 kV.\n<\/li>\n<li>Baja: se utiliza para el consumo el\u00e9ctrico en los hogares. El n\u00famero de kV var\u00eda seg\u00fan continente, pues en Europa es de 230 voltios, mientras que en Am\u00e9rica se utilizan entre 100 y 127 voltios.\n<\/li>\n<\/ul>\"\n    }\n  },{\n    \"@type\": \"Question\",\n    \"name\": \"\u00bfQu\u00e9 tipos de alta tensi\u00f3n el\u00e9ctrica se utilizan?\",\n    \"acceptedAnswer\": {\n      \"@type\": \"Answer\",\n      \"text\": \"Las categor\u00edas de alta tensi\u00f3n est\u00e1n reguladas por cada pa\u00eds. Seg\u00fan las necesidades y criterios de cada territorio, se especifican las condiciones t\u00e9cnicas, pautas y garant\u00edas de seguridad e instrucciones complementarias para la instalaci\u00f3n y uso de las l\u00edneas el\u00e9ctricas.\nLos pa\u00edses europeos tienen regulaciones similares. A modo de ejemplo, en Espa\u00f1a se distinguen cuatro tipos de l\u00edneas de alta tensi\u00f3n:\n<ol>\n<li>Categor\u00eda especial: cuando la tensi\u00f3n nominal es igual o superior a 220 kV. Tambi\u00e9n se habla de tensiones normalizadas cuando est\u00e1n entre 220 y 240 kV. Su uso m\u00e1s com\u00fan es para transporte a grandes distancias.\n<\/li>\n<li>Primera categor\u00eda: su tensi\u00f3n nominal es superior a los 66 kV e inferior a los 220 kV, con tensiones normalizadas de entre 110, 132 y 150 Kv. Su uso m\u00e1s frecuente es de transporte y distribuci\u00f3n.\n<\/li>\n<li>Segunda categor\u00eda: su tensi\u00f3n nominal es superior a 30 kV e igual o inferior a 66 kV, con tensiones normalizadas entre 45 y 66 kV. Su uso m\u00e1s frecuente es de distribuci\u00f3n.\n<\/li>\n<li>Tercera categor\u00eda: llega a considerarse cercana a media tensi\u00f3n, cuya tensi\u00f3n es superior a 1 kV e igual o inferior a 30 kV. Su uso m\u00e1s frecuente es para la generaci\u00f3n y distribuci\u00f3n a industrias y terciarios.\n<\/li>\n<\/ol>\"\n    }\n  },{\n    \"@type\": \"Question\",\n    \"name\": \"\u00bfC\u00f3mo manipular la alta tensi\u00f3n de forma segura?\",\n    \"acceptedAnswer\": {\n      \"@type\": \"Answer\",\n      \"text\": \"Toda instalaci\u00f3n el\u00e9ctrica de alta tensi\u00f3n requiere de control el\u00e9ctrico y mantenimiento constante que permita evaluar su funcionamiento y desarrollo \u00f3ptimo. Como se trata de una energ\u00eda que soporta voltajes muy altos, solo puede ser manipulada por personal capacitado y autorizado para hacerlo.\n\nLa alta tensi\u00f3n el\u00e9ctrica est\u00e1 concentrada en grandes centrales en las que se manipula y modifica a trav\u00e9s de transformadores. Sigue un proceso de mantenimiento predictivo, preventivo y correctivo para que no existan fallos negativos en las instalaciones o cualquier otro tipo de riesgo a la integridad.\nAdem\u00e1s, los elementos de alta tensi\u00f3n est\u00e1n pensados para mantener seguro tanto al personal como a las instalaciones. Ellos son:\n\n<ul>\n<li>Torres de alta tensi\u00f3n: cuya gran estructura transmite la corriente de un punto a otro de manera segura.\n<\/li>\n<li>Cables de alta tensi\u00f3n: con un aislamiento resistente y espec\u00edfico para la alta tensi\u00f3n, ubicado en redes subterr\u00e1neas.\n<\/li>\n<li>Transformador: dispositivos que transforman el voltaje con aislamiento el\u00e9ctrico y mecanismos potentes de control para evitar fallos de seguridad.<\/li>\n<\/ul>\"\n    }\n  }]\n}\n<\/script><p>La <strong>tensi\u00f3n el\u00e9ctrica<\/strong> es la <strong>diferencia de potencia que existe entre un punto de origen y otro de destino<\/strong> dentro del flujo y tr\u00e1nsito de la electricidad. Tambi\u00e9n se le conoce como <em>diferencia de potencial<\/em> o <em>voltaje<\/em>.<\/p>\n\n\n\n<p>Dentro de los sistemas el\u00e9ctricos, se entiende por alta tensi\u00f3n a <strong>aquella que supera los 36 kilovatios <\/strong>(kV).<strong> <\/strong>Se utiliza para <strong>transportar la electricidad a grandes distancias<\/strong>, normalmente<strong> desde las centrales el\u00e9ctricas,<\/strong> donde se genera, hasta las subestaciones de los centros de consumo final.<\/p>\n\n\n\n<p>La utilizaci\u00f3n de alta tensi\u00f3n <strong>evita las p\u00e9rdidas de energ\u00eda <\/strong>en el <a href=\"https:\/\/www.ferrovial.com\/es\/stem\/distribucion-electrica\/\" target=\"_blank\" rel=\"noreferrer noopener\">sistema de distribuci\u00f3n el\u00e9ctrica<\/a>. Una vez llegada a destino, la energ\u00eda se transforma para obtener tensiones medias y bajas, seg\u00fan se requiera.<\/p>\n\n\n\n<h2 class=\"wp-block-heading\"><strong>\u00bfCu\u00e1l es la diferencia entre alta, media y baja tensi\u00f3n?<\/strong><\/h2>\n\n\n\n<p>La electricidad que cualquier persona utiliza a diario, ha atravesado todas las fases de alta, media y baja tensi\u00f3n, desde su generaci\u00f3n hasta su consumo.<strong> <\/strong>De acuerdo con el voltaje y funci\u00f3n principal, <strong>la tensi\u00f3n el\u00e9ctrica puede ser:<\/strong><\/p>\n\n\n\n<ul class=\"wp-block-list\"><li><strong>Alta:<\/strong> es la que se emplea para transportar electricidad desde las centrales de generaci\u00f3n hacia los puntos de consumo y es<strong> superior a 36 kV.<\/strong><\/li><li><strong>Media:<\/strong> se emplea para transportar la electricidad desde las subestaciones hasta las centrales transformadoras que est\u00e1n pr\u00f3ximas a los centros de consumo, y est\u00e1n comprendidas entre <strong>1 y 36 kV.<\/strong><\/li><li><strong>Baja: <\/strong>se utiliza para el consumo el\u00e9ctrico en los hogares. El n\u00famero de kV var\u00eda seg\u00fan continente, pues en Europa es de <strong>230 voltios<\/strong>, mientras que en Am\u00e9rica se utilizan entre 100 y 127 voltios.<\/li><\/ul>\n\n\n\n<h2 class=\"wp-block-heading\"><strong>\u00bfQu\u00e9 tipos de alta tensi\u00f3n el\u00e9ctrica se utilizan?<\/strong><\/h2>\n\n\n\n<p>Las categor\u00edas de alta tensi\u00f3n <strong>est\u00e1n reguladas por cada pa\u00eds<\/strong>. Seg\u00fan las necesidades y criterios de cada territorio, se especifican las condiciones t\u00e9cnicas, pautas y garant\u00edas de seguridad e instrucciones complementarias para la instalaci\u00f3n y uso de las l\u00edneas el\u00e9ctricas.<\/p>\n\n\n\n<p>Los pa\u00edses europeos tienen regulaciones similares. A modo de ejemplo, en Espa\u00f1a se distinguen cuatro tipos de l\u00edneas de alta tensi\u00f3n:<\/p>\n\n\n\n<ol class=\"wp-block-list\"><li><strong>Categor\u00eda especial:<\/strong> cuando la tensi\u00f3n nominal es igual o superior a 220 kV. Tambi\u00e9n se habla de tensiones normalizadas cuando est\u00e1n entre 220 y 240 kV. Su uso m\u00e1s com\u00fan es para transporte a grandes distancias.<\/li><li><strong>Primera categor\u00eda:<\/strong> su tensi\u00f3n nominal es superior a los 66 kV e inferior a los 220 kV, con tensiones normalizadas de entre 110, 132 y 150 Kv. Su uso m\u00e1s frecuente es de transporte y distribuci\u00f3n.<\/li><li><strong>Segunda categor\u00eda:<\/strong> su tensi\u00f3n nominal es superior a 30 kV e igual o inferior a 66 kV, con tensiones normalizadas entre 45 y 66 kV. Su uso m\u00e1s frecuente es de distribuci\u00f3n.<\/li><li> <strong>Tercera categor\u00eda:<\/strong> llega a considerarse cercana a media tensi\u00f3n, cuya tensi\u00f3n es superior a 1 kV e igual o inferior a 30 kV. Su uso m\u00e1s frecuente es para la generaci\u00f3n y distribuci\u00f3n a industrias y terciarios.<\/li><\/ol>\n\n\n\n<h2 class=\"wp-block-heading\"><strong>\u00bfC\u00f3mo manipular la alta tensi\u00f3n de forma segura?<\/strong><\/h2>\n\n\n\n<p>Toda instalaci\u00f3n el\u00e9ctrica de alta tensi\u00f3n <strong>requiere de <a href=\"https:\/\/www.ferrovial.com\/es\/stem\/sistemas-de-control-electrico\/\" target=\"_blank\" rel=\"noreferrer noopener\">control el\u00e9ctrico<\/a> y mantenimiento constante<\/strong> que permita evaluar su funcionamiento y desarrollo \u00f3ptimo. Como se trata de una energ\u00eda que <strong>soporta voltajes muy altos, solo puede ser manipulada por personal capacitado y autorizado<\/strong> para hacerlo.<\/p>\n\n\n\n<p>La alta tensi\u00f3n el\u00e9ctrica est\u00e1 <strong>concentrada en grandes centrales<\/strong> en las que se manipula y <strong>modifica a trav\u00e9s de transformadores. <\/strong>Sigue un proceso de <strong>mantenimiento predictivo<\/strong>, <strong>preventivo <\/strong>y <strong>correctivo <\/strong>para que no existan fallos negativos en las instalaciones o cualquier otro tipo de riesgo a la integridad.<\/p>\n\n\n\n<p>Adem\u00e1s, los elementos de alta tensi\u00f3n est\u00e1n pensados para mantener seguro tanto al personal como a las instalaciones. Ellos son:<\/p>\n\n\n\n<ul class=\"wp-block-list\"><li><strong>Torres de alta tensi\u00f3n:<\/strong> cuya gran estructura transmite la corriente de un punto a otro de manera segura.<\/li><li><strong><a href=\"https:\/\/www.ferrovial.com\/es\/stem\/cables-y-cableado\/\" target=\"_blank\" rel=\"noreferrer noopener\">Cables<\/a> de alta tensi\u00f3n:<\/strong> con un <a href=\"https:\/\/www.ferrovial.com\/es\/stem\/aislamiento\/\" target=\"_blank\" rel=\"noreferrer noopener\">aislamiento<\/a> resistente y espec\u00edfico para la alta tensi\u00f3n, ubicado en redes subterr\u00e1neas.<\/li><li><strong>Transformador:<\/strong> dispositivos que transforman el voltaje con aislamiento el\u00e9ctrico y mecanismos potentes de control para evitar fallos de seguridad.<\/li><\/ul>\n<\/div><\/m-wysiwig>\n","protected":false},"excerpt":{"rendered":"","protected":false},"featured_media":0,"parent":227878,"menu_order":0,"comment_status":"closed","ping_status":"closed","template":"","meta":{"_acf_changed":false,"footnotes":""},"class_list":["post-237428","page","type-page","status-publish","hentry"],"acf":[],"yoast_head":"<!-- This site is optimized with the Yoast SEO plugin v27.2 - https:\/\/yoast.com\/product\/yoast-seo-wordpress\/ -->\n<title>Alta tensi\u00f3n el\u00e9ctrica - Ferrovial<\/title>\n<meta name=\"description\" content=\"Tensi\u00f3n el\u00e9ctrica es la diferencia de potencia existente entre un punto de origen y otro de destino dentro del flujo y tr\u00e1nsito de la electricidad.\" \/>\n<meta name=\"robots\" content=\"index, follow, max-snippet:-1, max-image-preview:large, max-video-preview:-1\" \/>\n<link rel=\"canonical\" href=\"https:\/\/www.ferrovial.com\/es\/stem\/alta-tension-electrica\/\" \/>\n<meta property=\"og:locale\" content=\"es_ES\" \/>\n<meta property=\"og:type\" content=\"article\" \/>\n<meta property=\"og:title\" content=\"Alta tensi\u00f3n el\u00e9ctrica - Ferrovial\" \/>\n<meta property=\"og:description\" content=\"Tensi\u00f3n el\u00e9ctrica es la diferencia de potencia existente entre un punto de origen y otro de destino dentro del flujo y tr\u00e1nsito de la electricidad.\" \/>\n<meta property=\"og:url\" content=\"https:\/\/www.ferrovial.com\/es\/stem\/alta-tension-electrica\/\" \/>\n<meta property=\"og:site_name\" content=\"Ferrovial\" \/>\n<meta property=\"article:publisher\" content=\"https:\/\/www.facebook.com\/ferrovial\" \/>\n<meta property=\"article:modified_time\" content=\"2022-09-09T06:38:13+00:00\" \/>\n<meta name=\"twitter:card\" content=\"summary_large_image\" \/>\n<meta name=\"twitter:site\" content=\"@ferrovial\" \/>\n<meta name=\"twitter:label1\" content=\"Est. reading time\" \/>\n\t<meta name=\"twitter:data1\" content=\"6 minutos\" \/>\n<!-- \/ Yoast SEO plugin. -->","yoast_head_json":{"title":"Alta tensi\u00f3n el\u00e9ctrica - Ferrovial","description":"Tensi\u00f3n el\u00e9ctrica es la diferencia de potencia existente entre un punto de origen y otro de destino dentro del flujo y tr\u00e1nsito de la electricidad.","robots":{"index":"index","follow":"follow","max-snippet":"max-snippet:-1","max-image-preview":"max-image-preview:large","max-video-preview":"max-video-preview:-1"},"canonical":"https:\/\/www.ferrovial.com\/es\/stem\/alta-tension-electrica\/","og_locale":"es_ES","og_type":"article","og_title":"Alta tensi\u00f3n el\u00e9ctrica - Ferrovial","og_description":"Tensi\u00f3n el\u00e9ctrica es la diferencia de potencia existente entre un punto de origen y otro de destino dentro del flujo y tr\u00e1nsito de la electricidad.","og_url":"https:\/\/www.ferrovial.com\/es\/stem\/alta-tension-electrica\/","og_site_name":"Ferrovial","article_publisher":"https:\/\/www.facebook.com\/ferrovial","article_modified_time":"2022-09-09T06:38:13+00:00","twitter_card":"summary_large_image","twitter_site":"@ferrovial","twitter_misc":{"Est. reading time":"6 minutos"},"schema":{"@context":"https:\/\/schema.org","@graph":[{"@type":"WebPage","@id":"https:\/\/www.ferrovial.com\/es\/stem\/alta-tension-electrica\/","url":"https:\/\/www.ferrovial.com\/es\/stem\/alta-tension-electrica\/","name":"Alta tensi\u00f3n el\u00e9ctrica - Ferrovial","isPartOf":{"@id":"https:\/\/www.ferrovial.com\/es\/#website"},"datePublished":"2022-08-16T08:10:25+00:00","dateModified":"2022-09-09T06:38:13+00:00","description":"Tensi\u00f3n el\u00e9ctrica es la diferencia de potencia existente entre un punto de origen y otro de destino dentro del flujo y tr\u00e1nsito de la electricidad.","breadcrumb":{"@id":"https:\/\/www.ferrovial.com\/es\/stem\/alta-tension-electrica\/#breadcrumb"},"inLanguage":"es","potentialAction":[{"@type":"ReadAction","target":["https:\/\/www.ferrovial.com\/es\/stem\/alta-tension-electrica\/"]}]},{"@type":"BreadcrumbList","@id":"https:\/\/www.ferrovial.com\/es\/stem\/alta-tension-electrica\/#breadcrumb","itemListElement":[{"@type":"ListItem","position":1,"name":"Portada","item":"https:\/\/www.ferrovial.com\/es\/"},{"@type":"ListItem","position":2,"name":"STEM","item":"https:\/\/www.ferrovial.com\/es\/stem\/"},{"@type":"ListItem","position":3,"name":"Alta tensi\u00f3n el\u00e9ctrica"}]},{"@type":"WebSite","@id":"https:\/\/www.ferrovial.com\/es\/#website","url":"https:\/\/www.ferrovial.com\/es\/","name":"Ferrovial","description":"Welcome to the Ferrovial&#039;s website, global operator of sustainable infrastructure. Here you can find all the information about the company and subsidiaries.","publisher":{"@id":"https:\/\/www.ferrovial.com\/es\/#organization"},"potentialAction":[{"@type":"SearchAction","target":{"@type":"EntryPoint","urlTemplate":"https:\/\/www.ferrovial.com\/es\/?s={search_term_string}"},"query-input":{"@type":"PropertyValueSpecification","valueRequired":true,"valueName":"search_term_string"}}],"inLanguage":"es"},{"@type":"Organization","@id":"https:\/\/www.ferrovial.com\/es\/#organization","name":"Ferrovial S.A.","url":"https:\/\/www.ferrovial.com\/es\/","logo":{"@type":"ImageObject","inLanguage":"es","@id":"https:\/\/www.ferrovial.com\/es\/#\/schema\/logo\/image\/","url":"https:\/\/static.ferrovial.com\/wp-content\/uploads\/2020\/01\/13124948\/logo-ferrovial-cf7.png","contentUrl":"https:\/\/static.ferrovial.com\/wp-content\/uploads\/2020\/01\/13124948\/logo-ferrovial-cf7.png","width":144,"height":32,"caption":"Ferrovial S.A."},"image":{"@id":"https:\/\/www.ferrovial.com\/es\/#\/schema\/logo\/image\/"},"sameAs":["https:\/\/www.facebook.com\/ferrovial","https:\/\/x.com\/ferrovial","https:\/\/www.instagram.com\/ferrovial\/","https:\/\/www.linkedin.com\/company\/ferrovial","https:\/\/www.pinterest.es\/ferrovial\/","https:\/\/www.youtube.com\/ferrovial","https:\/\/en.wikipedia.org\/wiki\/Ferrovial"]}]}},"_links":{"self":[{"href":"https:\/\/www.ferrovial.com\/es\/wp-json\/wp\/v2\/pages\/237428","targetHints":{"allow":["GET"]}}],"collection":[{"href":"https:\/\/www.ferrovial.com\/es\/wp-json\/wp\/v2\/pages"}],"about":[{"href":"https:\/\/www.ferrovial.com\/es\/wp-json\/wp\/v2\/types\/page"}],"replies":[{"embeddable":true,"href":"https:\/\/www.ferrovial.com\/es\/wp-json\/wp\/v2\/comments?post=237428"}],"version-history":[{"count":3,"href":"https:\/\/www.ferrovial.com\/es\/wp-json\/wp\/v2\/pages\/237428\/revisions"}],"predecessor-version":[{"id":238622,"href":"https:\/\/www.ferrovial.com\/es\/wp-json\/wp\/v2\/pages\/237428\/revisions\/238622"}],"up":[{"embeddable":true,"href":"https:\/\/www.ferrovial.com\/es\/wp-json\/wp\/v2\/pages\/227878"}],"wp:attachment":[{"href":"https:\/\/www.ferrovial.com\/es\/wp-json\/wp\/v2\/media?parent=237428"}],"curies":[{"name":"wp","href":"https:\/\/api.w.org\/{rel}","templated":true}]}}