{"id":237435,"date":"2022-08-16T10:35:16","date_gmt":"2022-08-16T08:35:16","guid":{"rendered":"https:\/\/www.ferrovial.com\/?page_id=237435"},"modified":"2022-09-09T08:14:52","modified_gmt":"2022-09-09T06:14:52","slug":"analizador-de-espectro","status":"publish","type":"page","link":"https:\/\/www.ferrovial.com\/es\/stem\/analizador-de-espectro\/","title":{"rendered":"Analizador de espectro"},"content":{"rendered":"    <m-final-content-header >\n            <c-breadcrumb label-text=\"Breadcrumb\" slot=\"breadcrumbs\" type='2' align='left' wrap='wrapped wrapped' aria-label='Vienes de STEM'>\n                        <ol>\n\n                                                            <li><a href=\"https:\/\/www.ferrovial.com\/es\/\" title=\"Ferrovial\">Ferrovial<\/a><\/li>\n                                                                        <li><a href=\"https:\/\/www.ferrovial.com\/es\/stem\/\" title=\"STEM\">STEM<\/a><\/li>\n                                    \n                <\/ol>\n\n                <\/c-breadcrumb>\n    \n        <div slot=\"header\">\n            <h1>\n                \u00bfQu\u00e9 es un analizador de espectro?            <\/h1>\n                    <\/div>\n    <\/m-final-content-header>\n\n    \n\n\n<m-wysiwig class=\"wp-block-components-wysiwyg\"><div slot=\"maincontent\">\n<script type=\"application\/ld+json\">\n{\n  \"@context\": \"https:\/\/schema.org\",\n  \"@type\": \"FAQPage\",\n  \"mainEntity\": [{\n    \"@type\": \"Question\",\n    \"name\": \"\u00bfQu\u00e9 es un analizador de espectro?\",\n    \"acceptedAnswer\": {\n      \"@type\": \"Answer\",\n      \"text\": \"Un analizador de espectro es un instrumento de medida de dispositivos el\u00e9ctricos o electr\u00f3nicos que permite conocer el conjunto de ondas combinadas, tambi\u00e9n llamadas espectros, de las se\u00f1ales el\u00e9ctricas en distintas frecuencias. Esta informaci\u00f3n se expresa en una gr\u00e1fica bajo un esquema logar\u00edtmico.\nEsta herramienta de medici\u00f3n permite verificar, entre otras cosas, circuitos de comunicaciones, transmisiones, receptores de medici\u00f3n de interferencia electromagn\u00e9tica, se\u00f1ales de radio, etc. Incluso, puede llegar a conocer frecuencias que, sin su uso, ser\u00edan muy dif\u00edciles de identificar.\"\n    }\n  },{\n    \"@type\": \"Question\",\n    \"name\": \"\u00bfQu\u00e9 son las ondas y el espectro electromagn\u00e9tico?\",\n    \"acceptedAnswer\": {\n      \"@type\": \"Answer\",\n      \"text\": \"Las ondas electromagn\u00e9ticas son una forma de energ\u00eda que, seg\u00fan su frecuencia, tiene distintas particularidades y aplicaciones. El rango de todas sus frecuencias se conoce como el espectro electromagn\u00e9tico.\n\nEl espectro electromagn\u00e9tico se representa entre los ejes del contenido espectral (eje de las ordenadas) y la frecuencia (eje de las abscisas). El medidor de espectro mide el tama\u00f1o y la frecuencia (cantidad de veces que se repite algo en un tiempo determinado) de las ondas electromagn\u00e9ticas.\"\n    }\n  },{\n    \"@type\": \"Question\",\n    \"name\": \"\u00bfPara qu\u00e9 sirve un analizador de espectro?\",\n    \"acceptedAnswer\": {\n      \"@type\": \"Answer\",\n      \"text\": \"Una de las aplicaciones de un analizador de espectro, puede ser, por ejemplo, la producci\u00f3n musical. En ella se mide constantemente la frecuencia del sonido, tanto para identificar los valores de la voz, como para reconocer los ruidos de ambiente. En este caso, la se\u00f1al que se analiza tiene un rango de frecuencia \u00fatil y otro en el que se captan ruidos de baja frecuencia que puede afectar el sonido base.\nEn la gr\u00e1fica, el sonido intruso se manifiesta como una curva que tiene menor frecuencia que el resto.\"\n    }\n  },{\n    \"@type\": \"Question\",\n    \"name\": \"\u00bfC\u00f3mo funciona un analizador de espectro?\",\n    \"acceptedAnswer\": {\n      \"@type\": \"Answer\",\n      \"text\": \"Todo analizador de espectro, indistintamente del tipo de onda, divide el espectro en distintos grupos de frecuencias y luego les aplica el proceso matem\u00e1tico denominado Transformadora R\u00e1pida de Fourier (FFT, por sus siglas en ingl\u00e9s, Fast Fourier Transformation). Se trata de un algoritmo que transforma la se\u00f1al del dominio de la frecuencia al dominio del tiempo, y viceversa. \nEn la pr\u00e1ctica, cuando se utiliza un analizador de espectro lo que se observan son unas l\u00edneas que se van moviendo conforme va cambiando la frecuencia y va teniendo picos de nivel de amplitud en distintas frecuencias.\"\n    }\n  },{\n    \"@type\": \"Question\",\n    \"name\": \"\u00bfQu\u00e9 tipos de analizadores de espectro existen?\",\n    \"acceptedAnswer\": {\n      \"@type\": \"Answer\",\n      \"text\": \"Los analizadores de espectro pueden clasificarse seg\u00fan sus tipos, que son:\n<ol>\n<li>Analizador de espectro anal\u00f3gico<\/li>\n<li>Analizador de espectro digital<\/li>\n<\/ol>\"\n    }\n  },{\n    \"@type\": \"Question\",\n    \"name\": \"\u00bfCu\u00e1l es la diferencia entre un analizador de espectro y un osciloscopio?\",\n    \"acceptedAnswer\": {\n      \"@type\": \"Answer\",\n      \"text\": \"<ul>\n<li>Toda se\u00f1al puede medirse de dos maneras: una en el dominio del tiempo y otra en el dominio de la frecuencia. Del primero, se encarga un osciloscopio y del segundo un analizador de espectro. All\u00ed radica la principal diferencia entre ambas herramientas de medici\u00f3n.\n<\/li>\n<li>Mientras que el osciloscopio proporciona informaci\u00f3n del valor de una se\u00f1al en un determinado tiempo para dar a conocer cu\u00e1nto tiempo tarda en subir, bajar o repetirse; el analizador del espectro ofrece informaci\u00f3n del dominio de la frecuencia para dar a conocer cu\u00e1nta energ\u00eda hay en cada frecuencia.\n<\/li>\n<\/ul>\"\n    }\n  },{\n    \"@type\": \"Question\",\n    \"name\": \"\u00bfCu\u00e1les son las limitaciones de un analizador de espectro?\",\n    \"acceptedAnswer\": {\n      \"@type\": \"Answer\",\n      \"text\": \"Este medidor no permite conocer los valores del campo magn\u00e9tico ni el\u00e9ctrico. Sin embargo, existen par\u00e1metros que permiten obtener estos valores de forma sencilla e inmediata.\n\nEn la actualidad, el analizador vectorial de se\u00f1ales est\u00e1 desplazando al analizador de espectro en sus funciones. El analizador vectorial es capaz de hacer todas las mediciones del analizador de espectro, pero adem\u00e1s, tiene muchas otras funciones digitales de demodulaci\u00f3n.\"\n    }\n  }]\n}\n<\/script><p>Un analizador de espectro es un <strong>instrumento de medida <\/strong>de <strong>dispositivos el\u00e9ctricos o electr\u00f3nicos<\/strong> que permite conocer el conjunto de ondas combinadas, tambi\u00e9n llamadas espectros, de las se\u00f1ales el\u00e9ctricas en distintas frecuencias. Esta informaci\u00f3n se expresa en una gr\u00e1fica bajo un esquema logar\u00edtmico.<\/p>\n\n\n\n<p>Esta herramienta de medici\u00f3n permite verificar, entre otras cosas, <strong>circuitos de comunicaciones, transmisiones, receptores de medici\u00f3n de interferencia electromagn\u00e9tica, se\u00f1ales de radio,<\/strong> etc. Incluso, puede llegar a conocer frecuencias que, sin su uso, ser\u00edan muy dif\u00edciles de identificar.<\/p>\n\n\n\n<h2 class=\"wp-block-heading\"><strong>\u00bfQu\u00e9 son las ondas y el espectro electromagn\u00e9tico?<\/strong><\/h2>\n\n\n\n<p>Las <strong>ondas electromagn\u00e9ticas <\/strong>son una forma de energ\u00eda que, seg\u00fan su frecuencia, <strong>tiene distintas particularidades y aplicaciones<\/strong>. El rango de todas sus frecuencias se conoce como el espectro electromagn\u00e9tico.<\/p>\n\n\n\n<p>El <strong>espectro electromagn\u00e9tico<\/strong> se representa entre los ejes del contenido espectral (eje de las ordenadas) y la frecuencia (eje de las abscisas). El medidor de espectro mide el tama\u00f1o y la frecuencia (cantidad de veces que se repite algo en un tiempo determinado) de las ondas electromagn\u00e9ticas.<\/p>\n\n\n\n<h2 class=\"wp-block-heading\"><strong>\u00bfPara qu\u00e9 sirve un analizador de espectro?<\/strong><\/h2>\n\n\n\n<p>Una de las aplicaciones de un analizador de espectro, puede ser, por ejemplo, la producci\u00f3n musical. En ella se mide constantemente la frecuencia del sonido, <strong>tanto para identificar los valores de la voz, como para reconocer los ruidos de ambiente.<\/strong> En este caso, la se\u00f1al que se analiza tiene un rango de frecuencia \u00fatil y otro en el que se captan ruidos de baja frecuencia que puede afectar el sonido base.<\/p>\n\n\n\n<p>En la gr\u00e1fica, el sonido intruso <strong>se manifiesta como una curva que tiene menor frecuencia que el resto<\/strong>.&nbsp;<\/p>\n\n\n\n<h2 class=\"wp-block-heading\"><strong>\u00bfC\u00f3mo funciona un analizador de espectro?<\/strong><\/h2>\n\n\n\n<p>Todo analizador de espectro, indistintamente del tipo de onda, divide el espectro en distintos grupos de frecuencias y luego les aplica el <strong>proceso matem\u00e1tico denominado Transformadora R\u00e1pida de Fourier<\/strong> (FFT, por sus siglas en ingl\u00e9s, <em>Fast Fourier Transformation)<\/em>. Se trata de un algoritmo que transforma la se\u00f1al del dominio de la frecuencia al dominio del tiempo, y viceversa.&nbsp;<\/p>\n\n\n\n<p>En la pr\u00e1ctica, cuando se utiliza un analizador de espectro lo que <strong>se observan son unas l\u00edneas que se van moviendo<\/strong> conforme va cambiando la frecuencia y va teniendo picos de nivel de amplitud en distintas frecuencias.&nbsp;<\/p>\n\n\n\n<h2 class=\"wp-block-heading\"><strong>\u00bfQu\u00e9 tipos de analizadores de espectro existen?<\/strong><\/h2>\n\n\n\n<p>Los analizadores de espectro pueden clasificarse seg\u00fan sus tipos, que son:<\/p>\n\n\n\n<ol class=\"wp-block-list\"><li><strong>Analizador de espectro anal\u00f3gico:<\/strong> muestra c\u00f3mo est\u00e1 compuesto el espectro de una onda, sea cual sea su tipo (ac\u00fastica, \u00f3ptica, el\u00e9ctrica, etc.) y determina su estructura dentro de un tramo frecuencial. Para medir, el analizador anal\u00f3gico <strong>se vale de un filtro<\/strong> que divide la se\u00f1al en frecuencias espec\u00edficas, mostrando algunos rangos y bloqueando otros; a este filtro se le denomina como <em>filtro paso banda<\/em>.&nbsp;<\/li><li><strong>Analizador de espectro digital:<\/strong> a diferencia del analizador de espectro anal\u00f3gico, esta tipolog\u00eda <strong>no utiliza un filtro sino un proceso matem\u00e1tico <\/strong>para medir el espectro de la frecuencia: el <em>Fast Fourier Transformation<\/em> (FFT).<\/li><\/ol>\n\n\n\n<h2 class=\"wp-block-heading\"><strong>\u00bfCu\u00e1l es la diferencia entre un analizador de espectro y un osciloscopio?<\/strong><\/h2>\n\n\n\n<ul class=\"wp-block-list\"><li>Toda se\u00f1al puede medirse de dos maneras: <strong>una en el dominio del tiempo y otra en el dominio de la frecuencia. <\/strong>Del primero, se encarga un osciloscopio y del segundo un analizador de espectro. All\u00ed radica la principal diferencia entre ambas herramientas de medici\u00f3n.<\/li><li>Mientras que el osciloscopio proporciona informaci\u00f3n del valor de una se\u00f1al en un determinado tiempo para dar a conocer cu\u00e1nto tiempo tarda en subir, bajar o repetirse; el analizador del espectro<strong> ofrece informaci\u00f3n del dominio de la frecuencia para dar a conocer cu\u00e1nta energ\u00eda hay en cada frecuencia.<\/strong><\/li><\/ul>\n\n\n\n<h2 class=\"wp-block-heading\"><strong>\u00bfCu\u00e1les son las limitaciones de un analizador de espectro?<\/strong><\/h2>\n\n\n\n<p>Este medidor no permite conocer los valores del campo magn\u00e9tico ni el\u00e9ctrico. Sin embargo, existen par\u00e1metros que permiten obtener estos valores de forma sencilla e inmediata.<\/p>\n\n\n\n<p>En la actualidad, el analizador vectorial de se\u00f1ales est\u00e1 desplazando al analizador de espectro en sus funciones. El analizador vectorial es capaz de hacer todas las mediciones del analizador de espectro, pero adem\u00e1s, tiene muchas otras funciones digitales de demodulaci\u00f3n.<\/p>\n<\/div><\/m-wysiwig>\n","protected":false},"excerpt":{"rendered":"","protected":false},"featured_media":0,"parent":227878,"menu_order":0,"comment_status":"closed","ping_status":"closed","template":"","meta":{"_acf_changed":false,"footnotes":""},"class_list":["post-237435","page","type-page","status-publish","hentry"],"acf":[],"yoast_head":"<!-- This site is optimized with the Yoast SEO plugin v27.2 - https:\/\/yoast.com\/product\/yoast-seo-wordpress\/ -->\n<title>Analizador de espectro - Ferrovial<\/title>\n<meta name=\"description\" content=\"Analizador de espectro es un instrumento de medida de dispositivos el\u00e9ctricos que permite conocer el conjunto de ondas combinadas de se\u00f1ales el\u00e9ctricas en distintas frecuencias.\" \/>\n<meta name=\"robots\" content=\"index, follow, max-snippet:-1, max-image-preview:large, max-video-preview:-1\" \/>\n<link rel=\"canonical\" href=\"https:\/\/www.ferrovial.com\/es\/stem\/analizador-de-espectro\/\" \/>\n<meta property=\"og:locale\" content=\"es_ES\" \/>\n<meta property=\"og:type\" content=\"article\" \/>\n<meta property=\"og:title\" content=\"Analizador de espectro - Ferrovial\" \/>\n<meta property=\"og:description\" content=\"Analizador de espectro es un instrumento de medida de dispositivos el\u00e9ctricos que permite conocer el conjunto de ondas combinadas de se\u00f1ales el\u00e9ctricas en distintas frecuencias.\" \/>\n<meta property=\"og:url\" content=\"https:\/\/www.ferrovial.com\/es\/stem\/analizador-de-espectro\/\" \/>\n<meta property=\"og:site_name\" content=\"Ferrovial\" \/>\n<meta property=\"article:publisher\" content=\"https:\/\/www.facebook.com\/ferrovial\" \/>\n<meta property=\"article:modified_time\" content=\"2022-09-09T06:14:52+00:00\" \/>\n<meta name=\"twitter:card\" content=\"summary_large_image\" \/>\n<meta name=\"twitter:site\" content=\"@ferrovial\" \/>\n<meta name=\"twitter:label1\" content=\"Est. reading time\" \/>\n\t<meta name=\"twitter:data1\" content=\"6 minutos\" \/>\n<!-- \/ Yoast SEO plugin. -->","yoast_head_json":{"title":"Analizador de espectro - Ferrovial","description":"Analizador de espectro es un instrumento de medida de dispositivos el\u00e9ctricos que permite conocer el conjunto de ondas combinadas de se\u00f1ales el\u00e9ctricas en distintas frecuencias.","robots":{"index":"index","follow":"follow","max-snippet":"max-snippet:-1","max-image-preview":"max-image-preview:large","max-video-preview":"max-video-preview:-1"},"canonical":"https:\/\/www.ferrovial.com\/es\/stem\/analizador-de-espectro\/","og_locale":"es_ES","og_type":"article","og_title":"Analizador de espectro - Ferrovial","og_description":"Analizador de espectro es un instrumento de medida de dispositivos el\u00e9ctricos que permite conocer el conjunto de ondas combinadas de se\u00f1ales el\u00e9ctricas en distintas frecuencias.","og_url":"https:\/\/www.ferrovial.com\/es\/stem\/analizador-de-espectro\/","og_site_name":"Ferrovial","article_publisher":"https:\/\/www.facebook.com\/ferrovial","article_modified_time":"2022-09-09T06:14:52+00:00","twitter_card":"summary_large_image","twitter_site":"@ferrovial","twitter_misc":{"Est. reading time":"6 minutos"},"schema":{"@context":"https:\/\/schema.org","@graph":[{"@type":"WebPage","@id":"https:\/\/www.ferrovial.com\/es\/stem\/analizador-de-espectro\/","url":"https:\/\/www.ferrovial.com\/es\/stem\/analizador-de-espectro\/","name":"Analizador de espectro - Ferrovial","isPartOf":{"@id":"https:\/\/www.ferrovial.com\/es\/#website"},"datePublished":"2022-08-16T08:35:16+00:00","dateModified":"2022-09-09T06:14:52+00:00","description":"Analizador de espectro es un instrumento de medida de dispositivos el\u00e9ctricos que permite conocer el conjunto de ondas combinadas de se\u00f1ales el\u00e9ctricas en distintas frecuencias.","breadcrumb":{"@id":"https:\/\/www.ferrovial.com\/es\/stem\/analizador-de-espectro\/#breadcrumb"},"inLanguage":"es","potentialAction":[{"@type":"ReadAction","target":["https:\/\/www.ferrovial.com\/es\/stem\/analizador-de-espectro\/"]}]},{"@type":"BreadcrumbList","@id":"https:\/\/www.ferrovial.com\/es\/stem\/analizador-de-espectro\/#breadcrumb","itemListElement":[{"@type":"ListItem","position":1,"name":"Portada","item":"https:\/\/www.ferrovial.com\/es\/"},{"@type":"ListItem","position":2,"name":"STEM","item":"https:\/\/www.ferrovial.com\/es\/stem\/"},{"@type":"ListItem","position":3,"name":"Analizador de espectro"}]},{"@type":"WebSite","@id":"https:\/\/www.ferrovial.com\/es\/#website","url":"https:\/\/www.ferrovial.com\/es\/","name":"Ferrovial","description":"Welcome to the Ferrovial&#039;s website, global operator of sustainable infrastructure. Here you can find all the information about the company and subsidiaries.","publisher":{"@id":"https:\/\/www.ferrovial.com\/es\/#organization"},"potentialAction":[{"@type":"SearchAction","target":{"@type":"EntryPoint","urlTemplate":"https:\/\/www.ferrovial.com\/es\/?s={search_term_string}"},"query-input":{"@type":"PropertyValueSpecification","valueRequired":true,"valueName":"search_term_string"}}],"inLanguage":"es"},{"@type":"Organization","@id":"https:\/\/www.ferrovial.com\/es\/#organization","name":"Ferrovial S.A.","url":"https:\/\/www.ferrovial.com\/es\/","logo":{"@type":"ImageObject","inLanguage":"es","@id":"https:\/\/www.ferrovial.com\/es\/#\/schema\/logo\/image\/","url":"https:\/\/static.ferrovial.com\/wp-content\/uploads\/2020\/01\/13124948\/logo-ferrovial-cf7.png","contentUrl":"https:\/\/static.ferrovial.com\/wp-content\/uploads\/2020\/01\/13124948\/logo-ferrovial-cf7.png","width":144,"height":32,"caption":"Ferrovial S.A."},"image":{"@id":"https:\/\/www.ferrovial.com\/es\/#\/schema\/logo\/image\/"},"sameAs":["https:\/\/www.facebook.com\/ferrovial","https:\/\/x.com\/ferrovial","https:\/\/www.instagram.com\/ferrovial\/","https:\/\/www.linkedin.com\/company\/ferrovial","https:\/\/www.pinterest.es\/ferrovial\/","https:\/\/www.youtube.com\/ferrovial","https:\/\/en.wikipedia.org\/wiki\/Ferrovial"]}]}},"_links":{"self":[{"href":"https:\/\/www.ferrovial.com\/es\/wp-json\/wp\/v2\/pages\/237435","targetHints":{"allow":["GET"]}}],"collection":[{"href":"https:\/\/www.ferrovial.com\/es\/wp-json\/wp\/v2\/pages"}],"about":[{"href":"https:\/\/www.ferrovial.com\/es\/wp-json\/wp\/v2\/types\/page"}],"replies":[{"embeddable":true,"href":"https:\/\/www.ferrovial.com\/es\/wp-json\/wp\/v2\/comments?post=237435"}],"version-history":[{"count":3,"href":"https:\/\/www.ferrovial.com\/es\/wp-json\/wp\/v2\/pages\/237435\/revisions"}],"predecessor-version":[{"id":238619,"href":"https:\/\/www.ferrovial.com\/es\/wp-json\/wp\/v2\/pages\/237435\/revisions\/238619"}],"up":[{"embeddable":true,"href":"https:\/\/www.ferrovial.com\/es\/wp-json\/wp\/v2\/pages\/227878"}],"wp:attachment":[{"href":"https:\/\/www.ferrovial.com\/es\/wp-json\/wp\/v2\/media?parent=237435"}],"curies":[{"name":"wp","href":"https:\/\/api.w.org\/{rel}","templated":true}]}}