{"id":237441,"date":"2022-08-16T10:57:29","date_gmt":"2022-08-16T08:57:29","guid":{"rendered":"https:\/\/www.ferrovial.com\/?page_id=237441"},"modified":"2022-09-16T10:04:50","modified_gmt":"2022-09-16T08:04:50","slug":"instrumentos-de-medida","status":"publish","type":"page","link":"https:\/\/www.ferrovial.com\/es\/stem\/instrumentos-de-medida\/","title":{"rendered":"Instrumentos de medida"},"content":{"rendered":"    <m-final-content-header >\n            <c-breadcrumb label-text=\"Breadcrumb\" slot=\"breadcrumbs\" type='2' align='left' wrap='wrapped wrapped' aria-label='Vienes de STEM'>\n                        <ol>\n\n                                                            <li><a href=\"https:\/\/www.ferrovial.com\/es\/\" title=\"Ferrovial\">Ferrovial<\/a><\/li>\n                                                                        <li><a href=\"https:\/\/www.ferrovial.com\/es\/stem\/\" title=\"STEM\">STEM<\/a><\/li>\n                                    \n                <\/ol>\n\n                <\/c-breadcrumb>\n    \n        <div slot=\"header\">\n            <h1>\n                \u00bfQu\u00e9 son los instrumentos de medici\u00f3n el\u00e9ctrica?            <\/h1>\n                    <\/div>\n    <\/m-final-content-header>\n\n    \n\n\n<m-wysiwig class=\"wp-block-components-wysiwyg\"><div slot=\"maincontent\">\n<script type=\"application\/ld+json\">\n{\n  \"@context\": \"https:\/\/schema.org\",\n  \"@type\": \"FAQPage\",\n  \"mainEntity\": [{\n    \"@type\": \"Question\",\n    \"name\": \"\u00bfQu\u00e9 son los instrumentos de medici\u00f3n el\u00e9ctrica?\",\n    \"acceptedAnswer\": {\n      \"@type\": \"Answer\",\n      \"text\": \"Los instrumentos de medici\u00f3n el\u00e9ctrica son todos los dispositivos empleados para medir la magnitud de una corriente el\u00e9ctrica con distintos objetivos. Los valores que suelen medirse con estos equipos son: la corriente, el voltaje, la resistencia y la potencia, cada uno de ellos representados por unidades distintas: amperios, voltios, ohmios y vatios, respectivamente.\nEn su mayor\u00eda, los instrumentos de medici\u00f3n son port\u00e1tiles para dar respuesta a la necesidad de hacer mediciones r\u00e1pidas y precisas.\"\n    }\n  },{\n    \"@type\": \"Question\",\n    \"name\": \"\u00bfCu\u00e1l es la importancia de los instrumentos de medici\u00f3n el\u00e9ctrica?\",\n    \"acceptedAnswer\": {\n      \"@type\": \"Answer\",\n      \"text\": \"El uso de instrumentos de medici\u00f3n permite registrar datos desconocidos que pueden ser comparados con los que ya est\u00e1n determinados. De esta manera, es posible estudiar las caracter\u00edsticas y particularidades del objeto el\u00e9ctrico analizado.\nLlevado a t\u00e9rminos cotidianos, los instrumentos de medida de la potencia, intensidad, resistencia y voltaje permiten comprobar el correcto funcionamiento de m\u00e1quinas e instalaciones, as\u00ed como identificar las caracter\u00edsticas de consumo de un determinado servicio de energ\u00eda el\u00e9ctrica.\"\n    }\n  },{\n    \"@type\": \"Question\",\n    \"name\": \"\u00bfQu\u00e9 capacidades el\u00e9ctricas miden los instrumentos de medici\u00f3n?\",\n    \"acceptedAnswer\": {\n      \"@type\": \"Answer\",\n      \"text\": \"Seg\u00fan lo que se necesite determinar de un circuito el\u00e9ctrico, existen distintas magnitudes que pueden medirse:\n\n<ol>\n<li>Voltaje: diferencia de potencia que hay entre dos puntos de un elemento conductor de corriente el\u00e9ctrica. Su unidad de medida es el voltio. <\/li>\n<li>Intensidad: magnitud con la que circula la corriente en un circuito el\u00e9ctrico. Su unidad de medida son los amperios.<\/li>\n<li>Resistencia: valor propio de un conductor frente al paso de electrones. Su unidad de medida son los ohmios.<\/li>\n<li>Capacitancia: capacidad de almacenamiento de carga de un elemento en un circuito el\u00e9ctrico. Su unidad de medida tambi\u00e9n son los amperios.<\/li>\n<li>Potencia el\u00e9ctrica: se origina a partir de la combinaci\u00f3n entre el voltaje (voltios) y la corriente (amperios). Su unidad de medida se denomina vatios.<\/li>\n<\/ol>\"\n    }\n  },{\n    \"@type\": \"Question\",\n    \"name\": \"\u00bfCu\u00e1les son los principales instrumentos de medici\u00f3n el\u00e9ctrica?\",\n    \"acceptedAnswer\": {\n      \"@type\": \"Answer\",\n      \"text\": \"<ul>\n<li>Galvan\u00f3metro: indica la intensidad del paso de la corriente el\u00e9ctrica a trav\u00e9s de un circuito. <\/li>\n<li>Volt\u00edmetro: sirve para medir la diferencia de potencial entre dos puntos de un circuito el\u00e9ctrico cerrado o la fuerza electromotriz de una bater\u00eda o pila. Este instrumento debe tener una alta resistencia el\u00e9ctrica para que, al conectarse al circuito, no genere un consumo que altere el resultado y precisi\u00f3n de la medici\u00f3n. <\/li>\n<li>Amper\u00edmetros: mide la intensidad (es decir, los amperios) de corriente que circula por un circuito el\u00e9ctrico.<\/li>\n<li>\u00d3hmetro: registra los ohmios, es decir, la resistencia el\u00e9ctrica en un circuito.<\/li>\n<li>Mult\u00edmetro: medidor que re\u00fane las capacidades de los otros medidores; es decir, incorpora herramientas necesarias para medir voltajes, resistencias, capacitancias, etc.<\/li>\n<li>Osciloscopio: es un instrumento de medici\u00f3n y de visualizaci\u00f3n a nivel gr\u00e1fico de se\u00f1ales el\u00e9ctricas que var\u00edan en el tiempo. Esta herramienta permite visualizar fen\u00f3menos transitorios y facilita el diagn\u00f3stico y an\u00e1lisis del funcionamiento de un circuito el\u00e9ctrico, as\u00ed como sus posibles fallas.<\/li>\n<li>Analizador de espectro: equipo de medici\u00f3n que muestra en una pantalla los componentes y rangos espectrales de las se\u00f1ales el\u00e9ctricas provenientes de cualquier onda, ya sea electromagn\u00e9tica, mec\u00e1nica, ac\u00fastica u \u00f3ptica.<\/li>\n<\/ul>\"\n    }\n  },{\n    \"@type\": \"Question\",\n    \"name\": \"\u00bfC\u00f3mo se clasifican los instrumentos de medici\u00f3n el\u00e9ctrica?\",\n    \"acceptedAnswer\": {\n      \"@type\": \"Answer\",\n      \"text\": \"Los instrumentos de medici\u00f3n, seg\u00fan su funcionamiento, se clasifican en:\n\n<ol>\n<li>Anal\u00f3gicos<\/li>\n<li>Digitales<\/li>\n<li>Registradores<\/li>\n<\/ol>\"\n    }\n  }]\n}\n<\/script><p>Los instrumentos de medici\u00f3n el\u00e9ctrica son todos los <strong>dispositivos empleados para medir la magnitud de una corriente el\u00e9ctrica<\/strong> con distintos objetivos. Los valores que suelen medirse con estos equipos son: <strong>la corriente, el voltaje, la resistencia y la potencia<\/strong>, cada uno de ellos representados por unidades distintas: <strong>amperios, voltios, ohmios y vatios,<\/strong> respectivamente.<\/p>\n\n\n\n<p>En su mayor\u00eda, los instrumentos de medici\u00f3n <strong>son port\u00e1tiles<\/strong> para dar respuesta a la necesidad de hacer mediciones r\u00e1pidas y precisas.<\/p>\n\n\n\n<h2 class=\"wp-block-heading\"><strong>\u00bfCu\u00e1l es la importancia de los instrumentos de medici\u00f3n el\u00e9ctrica?<\/strong><\/h2>\n\n\n\n<p>El uso de instrumentos de medici\u00f3n <strong>permite registrar datos desconocidos que pueden ser comparados con los que ya est\u00e1n determinados.<\/strong> De esta manera, es posible estudiar las caracter\u00edsticas y particularidades del objeto el\u00e9ctrico analizado.<\/p>\n\n\n\n<p>Llevado a t\u00e9rminos cotidianos, los instrumentos de medida de la potencia, intensidad, resistencia y voltaje <strong>permiten comprobar el correcto funcionamiento <\/strong>de m\u00e1quinas e instalaciones, as\u00ed como<strong> identificar las caracter\u00edsticas de consumo de un determinado servicio de energ\u00eda el\u00e9ctrica<\/strong>.<\/p>\n\n\n\n<h2 class=\"wp-block-heading\"><strong>\u00bfQu\u00e9 capacidades el\u00e9ctricas miden los instrumentos de medici\u00f3n?<\/strong><\/h2>\n\n\n\n<p>Seg\u00fan lo que se necesite determinar de un circuito el\u00e9ctrico, existen distintas magnitudes que pueden medirse:<\/p>\n\n\n\n<ol class=\"wp-block-list\"><li><strong>Voltaje:<\/strong> diferencia de potencia que hay entre dos puntos de un elemento conductor de corriente el\u00e9ctrica. Su unidad de medida es el <em>voltio<\/em>.&nbsp;<\/li><li><strong>Intensidad:<\/strong> magnitud con la que circula la corriente en un circuito el\u00e9ctrico. Su unidad de medida son los <em>amperios<\/em>.<\/li><li><strong>Resistencia:<\/strong> valor propio de un conductor frente al paso de electrones. Su unidad de medida son los <em>ohmios<\/em>.<\/li><li><strong>Capacitancia:<\/strong> capacidad de almacenamiento de carga de un elemento en un circuito el\u00e9ctrico. Su unidad de medida tambi\u00e9n son los <em>amperios<\/em>.<\/li><li><strong>Potencia el\u00e9ctrica: <\/strong>se origina a partir de la combinaci\u00f3n entre el voltaje (voltios) y la corriente (amperios). Su unidad de medida se denomina <em>vatios<\/em>.<\/li><\/ol>\n\n\n\n<h2 class=\"wp-block-heading\"><strong>\u00bfCu\u00e1les son los principales instrumentos de medici\u00f3n el\u00e9ctrica?<\/strong><\/h2>\n\n\n\n<ul class=\"wp-block-list\"><li><strong>Galvan\u00f3metro:<\/strong> indica la <strong>intensidad <\/strong>del paso de la corriente el\u00e9ctrica a trav\u00e9s de un circuito.<strong>&nbsp;<\/strong><\/li><\/ul>\n\n\n\n<ul class=\"wp-block-list\"><li><strong>Volt\u00edmetro:<\/strong> sirve para medir la <strong>diferencia de potencial <\/strong>entre dos puntos de un <strong>circuito el\u00e9ctrico cerrado<\/strong> o la fuerza electromotriz de una bater\u00eda o pila. Este instrumento debe tener una alta resistencia el\u00e9ctrica para que, al conectarse al circuito, no genere un consumo que altere el resultado y precisi\u00f3n de la medici\u00f3n.&nbsp;<\/li><\/ul>\n\n\n\n<ul class=\"wp-block-list\"><li><strong>Amper\u00edmetros:<\/strong> mide la <strong>intensidad <\/strong>(es decir, los amperios) <strong>de corriente<\/strong> que circula por un circuito el\u00e9ctrico.<\/li><\/ul>\n\n\n\n<ul class=\"wp-block-list\"><li><strong>\u00d3hmetro:<\/strong> registra los ohmios, es decir, la <strong>resistencia el\u00e9ctrica <\/strong>en un circuito<strong>.<\/strong><\/li><\/ul>\n\n\n\n<ul class=\"wp-block-list\"><li><strong>Mult\u00edmetro: <\/strong>medidor que <strong>re\u00fane las capacidades de los otros medidores<\/strong>; es decir, incorpora herramientas necesarias para medir voltajes, resistencias, capacitancias, etc.<\/li><\/ul>\n\n\n\n<ul class=\"wp-block-list\"><li><strong>Osciloscopio: <\/strong>es un instrumento de medici\u00f3n y de <strong>visualizaci\u00f3n a nivel gr\u00e1fico de se\u00f1ales el\u00e9ctricas que var\u00edan en el tiempo.<\/strong> Esta herramienta permite visualizar fen\u00f3menos transitorios y facilita el diagn\u00f3stico y an\u00e1lisis del funcionamiento de un circuito el\u00e9ctrico, as\u00ed como sus posibles fallas.<\/li><\/ul>\n\n\n\n<ul class=\"wp-block-list\"><li><strong>Analizador de espectro:<\/strong> equipo de medici\u00f3n que muestra en una pantalla los componentes y <strong>rangos espectrales de las se\u00f1ales el\u00e9ctricas<\/strong> provenientes de cualquier onda, ya sea electromagn\u00e9tica, mec\u00e1nica, ac\u00fastica u \u00f3ptica.<\/li><\/ul>\n\n\n\n<h2 class=\"wp-block-heading\">&nbsp;<strong>\u00bfC\u00f3mo se clasifican los instrumentos de medici\u00f3n el\u00e9ctrica?<\/strong><\/h2>\n\n\n\n<p>Los instrumentos de medici\u00f3n, seg\u00fan su funcionamiento, se clasifican en:<\/p>\n\n\n\n<ol class=\"wp-block-list\"><li><strong>Anal\u00f3gicos:<\/strong> basados en sistemas electromagn\u00e9ticos; al momento de pasar una corriente o voltaje por un conductor, se genera un campo magn\u00e9tico que mueve una aguja dentro de una escala de magnitud.<\/li><li><strong>Digitales:<\/strong> son los m\u00e1s comunes, pues hacen la misma medici\u00f3n que los anal\u00f3gicos, pero de una forma m\u00e1s r\u00e1pida, precisa y constante.<\/li><li><strong>Registradores: <\/strong>pueden ser tanto anal\u00f3gicos como digitales y se encargan de registrar los valores que va midiendo en una gr\u00e1fica en la que se muestra el valor de la magnitud en un periodo de tiempo.<\/li><\/ol>\n<\/div><\/m-wysiwig>\n","protected":false},"excerpt":{"rendered":"","protected":false},"featured_media":0,"parent":227878,"menu_order":0,"comment_status":"closed","ping_status":"closed","template":"","meta":{"_acf_changed":false,"footnotes":""},"class_list":["post-237441","page","type-page","status-publish","hentry"],"acf":[],"yoast_head":"<!-- This site is optimized with the Yoast SEO plugin v27.2 - https:\/\/yoast.com\/product\/yoast-seo-wordpress\/ -->\n<title>Instrumentos de medida - Ferrovial<\/title>\n<meta name=\"description\" content=\"Los instrumentos de medici\u00f3n el\u00e9ctrica son todos los dispositivos empleados para medir la magnitud de una corriente el\u00e9ctrica con distintos objetivos.\" \/>\n<meta name=\"robots\" content=\"index, follow, max-snippet:-1, max-image-preview:large, max-video-preview:-1\" \/>\n<link rel=\"canonical\" href=\"https:\/\/www.ferrovial.com\/es\/stem\/instrumentos-de-medida\/\" \/>\n<meta property=\"og:locale\" content=\"es_ES\" \/>\n<meta property=\"og:type\" content=\"article\" \/>\n<meta property=\"og:title\" content=\"Instrumentos de medida - Ferrovial\" \/>\n<meta property=\"og:description\" content=\"Los instrumentos de medici\u00f3n el\u00e9ctrica son todos los dispositivos empleados para medir la magnitud de una corriente el\u00e9ctrica con distintos objetivos.\" \/>\n<meta property=\"og:url\" content=\"https:\/\/www.ferrovial.com\/es\/stem\/instrumentos-de-medida\/\" \/>\n<meta property=\"og:site_name\" content=\"Ferrovial\" \/>\n<meta property=\"article:publisher\" content=\"https:\/\/www.facebook.com\/ferrovial\" \/>\n<meta property=\"article:modified_time\" content=\"2022-09-16T08:04:50+00:00\" \/>\n<meta name=\"twitter:card\" content=\"summary_large_image\" \/>\n<meta name=\"twitter:site\" content=\"@ferrovial\" \/>\n<meta name=\"twitter:label1\" content=\"Est. reading time\" \/>\n\t<meta name=\"twitter:data1\" content=\"6 minutos\" \/>\n<!-- \/ Yoast SEO plugin. -->","yoast_head_json":{"title":"Instrumentos de medida - Ferrovial","description":"Los instrumentos de medici\u00f3n el\u00e9ctrica son todos los dispositivos empleados para medir la magnitud de una corriente el\u00e9ctrica con distintos objetivos.","robots":{"index":"index","follow":"follow","max-snippet":"max-snippet:-1","max-image-preview":"max-image-preview:large","max-video-preview":"max-video-preview:-1"},"canonical":"https:\/\/www.ferrovial.com\/es\/stem\/instrumentos-de-medida\/","og_locale":"es_ES","og_type":"article","og_title":"Instrumentos de medida - Ferrovial","og_description":"Los instrumentos de medici\u00f3n el\u00e9ctrica son todos los dispositivos empleados para medir la magnitud de una corriente el\u00e9ctrica con distintos objetivos.","og_url":"https:\/\/www.ferrovial.com\/es\/stem\/instrumentos-de-medida\/","og_site_name":"Ferrovial","article_publisher":"https:\/\/www.facebook.com\/ferrovial","article_modified_time":"2022-09-16T08:04:50+00:00","twitter_card":"summary_large_image","twitter_site":"@ferrovial","twitter_misc":{"Est. reading time":"6 minutos"},"schema":{"@context":"https:\/\/schema.org","@graph":[{"@type":"WebPage","@id":"https:\/\/www.ferrovial.com\/es\/stem\/instrumentos-de-medida\/","url":"https:\/\/www.ferrovial.com\/es\/stem\/instrumentos-de-medida\/","name":"Instrumentos de medida - Ferrovial","isPartOf":{"@id":"https:\/\/www.ferrovial.com\/es\/#website"},"datePublished":"2022-08-16T08:57:29+00:00","dateModified":"2022-09-16T08:04:50+00:00","description":"Los instrumentos de medici\u00f3n el\u00e9ctrica son todos los dispositivos empleados para medir la magnitud de una corriente el\u00e9ctrica con distintos objetivos.","breadcrumb":{"@id":"https:\/\/www.ferrovial.com\/es\/stem\/instrumentos-de-medida\/#breadcrumb"},"inLanguage":"es","potentialAction":[{"@type":"ReadAction","target":["https:\/\/www.ferrovial.com\/es\/stem\/instrumentos-de-medida\/"]}]},{"@type":"BreadcrumbList","@id":"https:\/\/www.ferrovial.com\/es\/stem\/instrumentos-de-medida\/#breadcrumb","itemListElement":[{"@type":"ListItem","position":1,"name":"Portada","item":"https:\/\/www.ferrovial.com\/es\/"},{"@type":"ListItem","position":2,"name":"STEM","item":"https:\/\/www.ferrovial.com\/es\/stem\/"},{"@type":"ListItem","position":3,"name":"Instrumentos de medida"}]},{"@type":"WebSite","@id":"https:\/\/www.ferrovial.com\/es\/#website","url":"https:\/\/www.ferrovial.com\/es\/","name":"Ferrovial","description":"Welcome to the Ferrovial&#039;s website, global operator of sustainable infrastructure. Here you can find all the information about the company and subsidiaries.","publisher":{"@id":"https:\/\/www.ferrovial.com\/es\/#organization"},"potentialAction":[{"@type":"SearchAction","target":{"@type":"EntryPoint","urlTemplate":"https:\/\/www.ferrovial.com\/es\/?s={search_term_string}"},"query-input":{"@type":"PropertyValueSpecification","valueRequired":true,"valueName":"search_term_string"}}],"inLanguage":"es"},{"@type":"Organization","@id":"https:\/\/www.ferrovial.com\/es\/#organization","name":"Ferrovial S.A.","url":"https:\/\/www.ferrovial.com\/es\/","logo":{"@type":"ImageObject","inLanguage":"es","@id":"https:\/\/www.ferrovial.com\/es\/#\/schema\/logo\/image\/","url":"https:\/\/static.ferrovial.com\/wp-content\/uploads\/2020\/01\/13124948\/logo-ferrovial-cf7.png","contentUrl":"https:\/\/static.ferrovial.com\/wp-content\/uploads\/2020\/01\/13124948\/logo-ferrovial-cf7.png","width":144,"height":32,"caption":"Ferrovial S.A."},"image":{"@id":"https:\/\/www.ferrovial.com\/es\/#\/schema\/logo\/image\/"},"sameAs":["https:\/\/www.facebook.com\/ferrovial","https:\/\/x.com\/ferrovial","https:\/\/www.instagram.com\/ferrovial\/","https:\/\/www.linkedin.com\/company\/ferrovial","https:\/\/www.pinterest.es\/ferrovial\/","https:\/\/www.youtube.com\/ferrovial","https:\/\/en.wikipedia.org\/wiki\/Ferrovial"]}]}},"_links":{"self":[{"href":"https:\/\/www.ferrovial.com\/es\/wp-json\/wp\/v2\/pages\/237441","targetHints":{"allow":["GET"]}}],"collection":[{"href":"https:\/\/www.ferrovial.com\/es\/wp-json\/wp\/v2\/pages"}],"about":[{"href":"https:\/\/www.ferrovial.com\/es\/wp-json\/wp\/v2\/types\/page"}],"replies":[{"embeddable":true,"href":"https:\/\/www.ferrovial.com\/es\/wp-json\/wp\/v2\/comments?post=237441"}],"version-history":[{"count":2,"href":"https:\/\/www.ferrovial.com\/es\/wp-json\/wp\/v2\/pages\/237441\/revisions"}],"predecessor-version":[{"id":239121,"href":"https:\/\/www.ferrovial.com\/es\/wp-json\/wp\/v2\/pages\/237441\/revisions\/239121"}],"up":[{"embeddable":true,"href":"https:\/\/www.ferrovial.com\/es\/wp-json\/wp\/v2\/pages\/227878"}],"wp:attachment":[{"href":"https:\/\/www.ferrovial.com\/es\/wp-json\/wp\/v2\/media?parent=237441"}],"curies":[{"name":"wp","href":"https:\/\/api.w.org\/{rel}","templated":true}]}}