{"id":239100,"date":"2022-09-16T09:14:17","date_gmt":"2022-09-16T07:14:17","guid":{"rendered":"https:\/\/www.ferrovial.com\/empleo\/fake-job-offers\/"},"modified":"2023-05-24T11:41:00","modified_gmt":"2023-05-24T09:41:00","slug":"ofertas-trabajo-fraudulentas","status":"publish","type":"page","link":"https:\/\/www.ferrovial.com\/es\/empleo\/ofertas-trabajo-fraudulentas\/","title":{"rendered":"Ofertas de trabajo fraudulentas"},"content":{"rendered":"    <m-final-content-header >\n            <c-breadcrumb label-text=\"Breadcrumb\" slot=\"breadcrumbs\" type='2' align='left' wrap='wrapped wrapped' aria-label='Vienes de Empleo'>\n                        <ol>\n\n                                                            <li><a href=\"https:\/\/www.ferrovial.com\/es\/\" title=\"Ferrovial\">Ferrovial<\/a><\/li>\n                                                                        <li><a href=\"https:\/\/www.ferrovial.com\/es\/empleo\/\" title=\"Empleo\">Empleo<\/a><\/li>\n                                    \n                <\/ol>\n\n                <\/c-breadcrumb>\n    \n        <div slot=\"header\">\n            <h1>\n                Ofertas de trabajo fraudulentas            <\/h1>\n                    <\/div>\n    <\/m-final-content-header>\n\n    \n\n\n<m-wysiwig class=\"wp-block-components-wysiwyg\"><div slot=\"maincontent\">\n<div class=\"wp-block-image\"><figure class=\"aligncenter size-full is-resized\"><img v-lazy=\"'https:\/\/static.ferrovial.com\/wp-content\/uploads\/2022\/08\/01142253\/icono-alerta-phising.png'\" alt=\"\" class=\"wp-image-235918\" width=\"166\" height=\"83\"\/><\/figure><\/div>\n\n\n\n<p class=\"has-text-align-center\">Hemos recibido mensajes de usuarios preguntando por ofertas de empleo falsas en las que se solicita un pago o petici\u00f3n de documentaci\u00f3n personal.<\/p>\n\n\n\n<p class=\"has-text-align-center\"><strong>Estas ofertas de trabajo son fraudulentas, NO enviaremos un correo electr\u00f3nico o utilizaremos canales poco convencionales o corporativos para ofrecer un trabajo.<\/strong><\/p>\n\n\n\n<p class=\"has-text-align-left\">Por lo tanto, si recibes una oferta de empleo por correo electr\u00f3nico que parece provenir de Ferrovial, es un fraude. <\/p>\n\n\n\n<p>Ten cuidado con las ofertas de trabajo falsas o enga\u00f1osas de personas que fingen estar reclutando para Ferrovial o cualquiera de nuestras filiales. Siempre llevamos a cabo un proceso de contrataci\u00f3n formal, realizando una entrevista antes de hacer una oferta de trabajo a alguien. <strong>No reclutamos por correo electr\u00f3nico y no utilizamos cuestionarios en l\u00ednea<\/strong>.<\/p>\n<\/div><\/m-wysiwig>\n\n\n\n<m-wysiwig class=\"wp-block-components-wysiwyg\"><div slot=\"maincontent\">\n<h2 class=\"wp-block-heading\">C\u00f3mo detectar una oferta de trabajo falsa<\/h2>\n\n\n\n<p><em>Debes sospechar de cualquier persona que se ponga en contacto contigo por correo electr\u00f3nico para ofrecerte un trabajo. Estos correos electr\u00f3nicos suelen tener algunas de las siguientes caracter\u00edsticas:<\/em><\/p>\n\n\n\n<ul class=\"wp-block-list\"><li>Pedir datos de tu pasaporte o documento de identidad<\/li><li>Pedir informaci\u00f3n personal o financiera<\/li><li>Pedir que pagues dinero para ayudar<\/li><li>Pedir que proporciones la informaci\u00f3n r\u00e1pidamente\u00a0<\/li><li>Solicitar que proporciones un n\u00famero de tel\u00e9fono m\u00f3vil<\/li><li>Proceder de una cuenta de Google, Hotmail, Yahoo u otra cuenta alojada en Internet<\/li><\/ul>\n\n\n\n<p>Por favor, ten mucho cuidado porque a menudo los estafadores utilizan las fotograf\u00edas, los logotipos y los nombres de personas reales de las empresas, y crean sitios web falsos que se parecen mucho al sitio web oficial de la empresa para cometer este tipo de fraude.<\/p>\n\n\n\n<h2 class=\"wp-block-heading\">Qu\u00e9 hacer si recibes un correo electr\u00f3nico ofreci\u00e9ndote trabajo en Ferrovial<\/h2>\n\n\n\n<p>No te presentes a esa oferta de trabajo, ya que todas nuestras ofertas de empleo se gestionan a trav\u00e9s de <a href=\"https:\/\/www.ferrovial.com\/es\/empleo\/\">nuestra web<\/a> o portales de empleo.&nbsp;<\/p>\n\n\n\n<p>Por favor, ponte en contacto con el servicio de polic\u00eda local y proporci\u00f3nales los datos para ayudarles a investigar cualquier oferta fraudulenta.<\/p>\n<\/div><\/m-wysiwig>\n\n\n\n<p><\/p>\n\n\n\n<p><\/p>\n","protected":false},"excerpt":{"rendered":"","protected":false},"featured_media":0,"parent":18881,"menu_order":0,"comment_status":"closed","ping_status":"closed","template":"","meta":{"_acf_changed":false,"footnotes":""},"class_list":["post-239100","page","type-page","status-publish","hentry"],"acf":[],"yoast_head":"<!-- This site is optimized with the Yoast SEO plugin v27.2 - https:\/\/yoast.com\/product\/yoast-seo-wordpress\/ -->\n<title>Ofertas de trabajo fraudulentas - Ferrovial<\/title>\n<meta name=\"description\" content=\"Welcome to the Ferrovial&#039;s website, global operator of sustainable infrastructure. Here you can find all the information about the company and subsidiaries.\" \/>\n<meta name=\"robots\" content=\"index, follow, max-snippet:-1, max-image-preview:large, max-video-preview:-1\" \/>\n<link rel=\"canonical\" href=\"https:\/\/www.ferrovial.com\/es\/empleo\/ofertas-trabajo-fraudulentas\/\" \/>\n<meta property=\"og:locale\" content=\"es_ES\" \/>\n<meta property=\"og:type\" content=\"article\" \/>\n<meta property=\"og:title\" content=\"Ofertas de trabajo fraudulentas - Ferrovial\" \/>\n<meta property=\"og:description\" content=\"Welcome to the Ferrovial&#039;s website, global operator of sustainable infrastructure. Here you can find all the information about the company and subsidiaries.\" \/>\n<meta property=\"og:url\" content=\"https:\/\/www.ferrovial.com\/es\/empleo\/ofertas-trabajo-fraudulentas\/\" \/>\n<meta property=\"og:site_name\" content=\"Ferrovial\" \/>\n<meta property=\"article:publisher\" content=\"https:\/\/www.facebook.com\/ferrovial\" \/>\n<meta property=\"article:modified_time\" content=\"2023-05-24T09:41:00+00:00\" \/>\n<meta property=\"og:image\" content=\"https:\/\/www.ferrovial.com\/wp-content\/uploads\/2022\/08\/icono-alerta-phising.png\" \/>\n<meta name=\"twitter:card\" content=\"summary_large_image\" \/>\n<meta name=\"twitter:site\" content=\"@ferrovial\" \/>\n<meta name=\"twitter:label1\" content=\"Est. reading time\" \/>\n\t<meta name=\"twitter:data1\" content=\"2 minutos\" \/>\n<!-- \/ Yoast SEO plugin. -->","yoast_head_json":{"title":"Ofertas de trabajo fraudulentas - Ferrovial","description":"Welcome to the Ferrovial's website, global operator of sustainable infrastructure. Here you can find all the information about the company and subsidiaries.","robots":{"index":"index","follow":"follow","max-snippet":"max-snippet:-1","max-image-preview":"max-image-preview:large","max-video-preview":"max-video-preview:-1"},"canonical":"https:\/\/www.ferrovial.com\/es\/empleo\/ofertas-trabajo-fraudulentas\/","og_locale":"es_ES","og_type":"article","og_title":"Ofertas de trabajo fraudulentas - Ferrovial","og_description":"Welcome to the Ferrovial's website, global operator of sustainable infrastructure. Here you can find all the information about the company and subsidiaries.","og_url":"https:\/\/www.ferrovial.com\/es\/empleo\/ofertas-trabajo-fraudulentas\/","og_site_name":"Ferrovial","article_publisher":"https:\/\/www.facebook.com\/ferrovial","article_modified_time":"2023-05-24T09:41:00+00:00","og_image":[{"url":"https:\/\/www.ferrovial.com\/wp-content\/uploads\/2022\/08\/icono-alerta-phising.png","type":"","width":"","height":""}],"twitter_card":"summary_large_image","twitter_site":"@ferrovial","twitter_misc":{"Est. reading time":"2 minutos"},"schema":{"@context":"https:\/\/schema.org","@graph":[{"@type":"WebPage","@id":"https:\/\/www.ferrovial.com\/es\/empleo\/ofertas-trabajo-fraudulentas\/","url":"https:\/\/www.ferrovial.com\/es\/empleo\/ofertas-trabajo-fraudulentas\/","name":"Ofertas de trabajo fraudulentas - Ferrovial","isPartOf":{"@id":"https:\/\/www.ferrovial.com\/es\/#website"},"primaryImageOfPage":{"@id":"https:\/\/www.ferrovial.com\/es\/empleo\/ofertas-trabajo-fraudulentas\/#primaryimage"},"image":{"@id":"https:\/\/www.ferrovial.com\/es\/empleo\/ofertas-trabajo-fraudulentas\/#primaryimage"},"thumbnailUrl":"https:\/\/www.ferrovial.com\/wp-content\/uploads\/2022\/08\/icono-alerta-phising.png","datePublished":"2022-09-16T07:14:17+00:00","dateModified":"2023-05-24T09:41:00+00:00","description":"Welcome to the Ferrovial's website, global operator of sustainable infrastructure. Here you can find all the information about the company and subsidiaries.","breadcrumb":{"@id":"https:\/\/www.ferrovial.com\/es\/empleo\/ofertas-trabajo-fraudulentas\/#breadcrumb"},"inLanguage":"es","potentialAction":[{"@type":"ReadAction","target":["https:\/\/www.ferrovial.com\/es\/empleo\/ofertas-trabajo-fraudulentas\/"]}]},{"@type":"ImageObject","inLanguage":"es","@id":"https:\/\/www.ferrovial.com\/es\/empleo\/ofertas-trabajo-fraudulentas\/#primaryimage","url":"https:\/\/www.ferrovial.com\/wp-content\/uploads\/2022\/08\/icono-alerta-phising.png","contentUrl":"https:\/\/www.ferrovial.com\/wp-content\/uploads\/2022\/08\/icono-alerta-phising.png"},{"@type":"BreadcrumbList","@id":"https:\/\/www.ferrovial.com\/es\/empleo\/ofertas-trabajo-fraudulentas\/#breadcrumb","itemListElement":[{"@type":"ListItem","position":1,"name":"Portada","item":"https:\/\/www.ferrovial.com\/es\/"},{"@type":"ListItem","position":2,"name":"Empleo","item":"https:\/\/www.ferrovial.com\/es\/empleo\/"},{"@type":"ListItem","position":3,"name":"Ofertas de trabajo fraudulentas"}]},{"@type":"WebSite","@id":"https:\/\/www.ferrovial.com\/es\/#website","url":"https:\/\/www.ferrovial.com\/es\/","name":"Ferrovial","description":"Welcome to the Ferrovial&#039;s website, global operator of sustainable infrastructure. Here you can find all the information about the company and subsidiaries.","publisher":{"@id":"https:\/\/www.ferrovial.com\/es\/#organization"},"potentialAction":[{"@type":"SearchAction","target":{"@type":"EntryPoint","urlTemplate":"https:\/\/www.ferrovial.com\/es\/?s={search_term_string}"},"query-input":{"@type":"PropertyValueSpecification","valueRequired":true,"valueName":"search_term_string"}}],"inLanguage":"es"},{"@type":"Organization","@id":"https:\/\/www.ferrovial.com\/es\/#organization","name":"Ferrovial S.A.","url":"https:\/\/www.ferrovial.com\/es\/","logo":{"@type":"ImageObject","inLanguage":"es","@id":"https:\/\/www.ferrovial.com\/es\/#\/schema\/logo\/image\/","url":"https:\/\/static.ferrovial.com\/wp-content\/uploads\/2020\/01\/13124948\/logo-ferrovial-cf7.png","contentUrl":"https:\/\/static.ferrovial.com\/wp-content\/uploads\/2020\/01\/13124948\/logo-ferrovial-cf7.png","width":144,"height":32,"caption":"Ferrovial S.A."},"image":{"@id":"https:\/\/www.ferrovial.com\/es\/#\/schema\/logo\/image\/"},"sameAs":["https:\/\/www.facebook.com\/ferrovial","https:\/\/x.com\/ferrovial","https:\/\/www.instagram.com\/ferrovial\/","https:\/\/www.linkedin.com\/company\/ferrovial","https:\/\/www.pinterest.es\/ferrovial\/","https:\/\/www.youtube.com\/ferrovial","https:\/\/en.wikipedia.org\/wiki\/Ferrovial"]}]}},"_links":{"self":[{"href":"https:\/\/www.ferrovial.com\/es\/wp-json\/wp\/v2\/pages\/239100","targetHints":{"allow":["GET"]}}],"collection":[{"href":"https:\/\/www.ferrovial.com\/es\/wp-json\/wp\/v2\/pages"}],"about":[{"href":"https:\/\/www.ferrovial.com\/es\/wp-json\/wp\/v2\/types\/page"}],"replies":[{"embeddable":true,"href":"https:\/\/www.ferrovial.com\/es\/wp-json\/wp\/v2\/comments?post=239100"}],"version-history":[{"count":3,"href":"https:\/\/www.ferrovial.com\/es\/wp-json\/wp\/v2\/pages\/239100\/revisions"}],"predecessor-version":[{"id":261514,"href":"https:\/\/www.ferrovial.com\/es\/wp-json\/wp\/v2\/pages\/239100\/revisions\/261514"}],"up":[{"embeddable":true,"href":"https:\/\/www.ferrovial.com\/es\/wp-json\/wp\/v2\/pages\/18881"}],"wp:attachment":[{"href":"https:\/\/www.ferrovial.com\/es\/wp-json\/wp\/v2\/media?parent=239100"}],"curies":[{"name":"wp","href":"https:\/\/api.w.org\/{rel}","templated":true}]}}