{"id":239287,"date":"2022-09-22T07:15:19","date_gmt":"2022-09-22T05:15:19","guid":{"rendered":"https:\/\/www.ferrovial.com\/?page_id=239287"},"modified":"2022-10-05T17:38:29","modified_gmt":"2022-10-05T15:38:29","slug":"malla","status":"publish","type":"page","link":"https:\/\/www.ferrovial.com\/es\/stem\/malla\/","title":{"rendered":"Malla"},"content":{"rendered":"    <m-final-content-header >\n            <c-breadcrumb label-text=\"Breadcrumb\" slot=\"breadcrumbs\" type='2' align='left' wrap='wrapped wrapped' aria-label='Vienes de STEM'>\n                        <ol>\n\n                                                            <li><a href=\"https:\/\/www.ferrovial.com\/es\/\" title=\"Ferrovial\">Ferrovial<\/a><\/li>\n                                                                        <li><a href=\"https:\/\/www.ferrovial.com\/es\/stem\/\" title=\"STEM\">STEM<\/a><\/li>\n                                    \n                <\/ol>\n\n                <\/c-breadcrumb>\n    \n        <div slot=\"header\">\n            <h1>\n                \u00bfQu\u00e9 es una malla?            <\/h1>\n                    <\/div>\n    <\/m-final-content-header>\n\n    \n\n\n<m-wysiwig class=\"wp-block-components-wysiwyg\"><div slot=\"maincontent\">\n<script type=\"application\/ld+json\">\n{\n  \"@context\": \"https:\/\/schema.org\",\n  \"@type\": \"FAQPage\",\n  \"mainEntity\": [{\n    \"@type\": \"Question\",\n    \"name\": \"\u00bfQu\u00e9 es una malla?\",\n    \"acceptedAnswer\": {\n      \"@type\": \"Answer\",\n      \"text\": \"El t\u00e9rmino malla hace referencia a un tejido o red compuesto por elementos atados o anudados entre s\u00ed. Generalmente, est\u00e1 hecha con alambre de acero inoxidable, bronce, aluminio o cobre y se utiliza para crear soportes con cierta rigidez y niveles de apertura.\"\n    }\n  },{\n    \"@type\": \"Question\",\n    \"name\": \"\u00bfQu\u00e9 tipos de mallas existen?\",\n    \"acceptedAnswer\": {\n      \"@type\": \"Answer\",\n      \"text\": \"Seg\u00fan sus caracter\u00edsticas y usos, las mallas estructurales pueden clasificarse en:\n\n<ul>\n<li>Malla de simple torsi\u00f3n<\/li>\n<li>Mallas de triple torsi\u00f3n<\/li>\n<li>Mallas para paneles r\u00edgidos<\/li>\n<li>Mallas electrosoldadas<\/li>\n<\/ul>\"\n    }\n  },{\n    \"@type\": \"Question\",\n    \"name\": \"\u00bfCu\u00e1l es la diferencia entre una malla electrosoldada y una malla de ingenier\u00eda?\",\n    \"acceptedAnswer\": {\n      \"@type\": \"Answer\",\n      \"text\": \"Las mallas electrosoldadas est\u00e1n hechas con varillas de acero y soldadas de manera el\u00e9ctrica. Son de r\u00e1pida instalaci\u00f3n, tienen alta capacidad de rendimiento y no requieren del uso de muchos materiales para su instalaci\u00f3n. Suelen utilizarse en viguetas, b\u00f3vedas, muros de carga y pavimentos.\nLas mallas de ingenier\u00eda se arman con una estructura ya prefabricada con varillas de alta resistencia y se adaptan a las necesidades del proyecto en cuanto a las medidas de las varillas y su calibre. Se trata del sistema de refuerzo m\u00e1s efectivo para elementos de concreto como suelos industriales, puentes, losas y azoteas. Su forma corrugada permite una distribuci\u00f3n uniforme de esfuerzos, adem\u00e1s de facilitar un mejor anclaje.\"\n    }\n  }]\n}\n<\/script>\n<p>El t\u00e9rmino malla hace referencia a un <strong>tejido o red compuesto por elementos atados o anudados entre s\u00ed.<\/strong> Generalmente, <strong>est\u00e1 hecha con alambre de acero inoxidable, bronce, aluminio o cobre<\/strong> y se utiliza para <strong>crear soportes con cierta rigidez y niveles de apertura.<\/strong> Seg\u00fan el tipo de instalaci\u00f3n en la que se hace uso de ellas, <strong>debe realizarse un respectivo c\u00e1lculo de dimensiones, distancias y resistencia.<\/strong><\/p>\n\n\n\n<p>En el \u00e1mbito de <a href=\"https:\/\/www.ferrovial.com\/es-es\/negocio\/construccion\/\" target=\"_blank\" rel=\"noreferrer noopener\">construcci\u00f3n<\/a>, <strong>las cuadr\u00edculas de cada malla pueden estar unidas entre s\u00ed con electrosoldadura<\/strong> para cumplir con normativas de instalaci\u00f3n y seguridad establecidas a nivel internacional. Este tipo de estructuras, adem\u00e1s, se utiliza para <strong>delimitar cierto per\u00edmetro de terrenos,<\/strong> as\u00ed como para indicar cerramientos en una construcci\u00f3n.<\/p>\n\n\n\n<p>Por otro lado, existen mallas de protecci\u00f3n que, en muchos casos, <strong>son pl\u00e1sticas<\/strong> y se utilizan para se\u00f1alar \u00e1reas peligrosas. Este tipo de red se fabrica con <em>nylon<\/em> resistente y es ideal <strong>para evitar ca\u00eddas de objetos en zonas de la construcci\u00f3n,<\/strong> tales como ductos, patios, cornisas, etc.<\/p>\n\n\n\n<h2 class=\"wp-block-heading\"><strong>\u00bfQu\u00e9 tipos de mallas existen?<\/strong><\/h2>\n\n\n\n<p>Seg\u00fan sus caracter\u00edsticas y usos, las mallas estructurales pueden clasificarse en:<\/p>\n\n\n\n<ul class=\"wp-block-list\"><li><strong>Malla de simple torsi\u00f3n:<\/strong> tambi\u00e9n conocida como malla cicl\u00f3nica, se trata de uno de los tipos m\u00e1s <strong>tradicionales, vers\u00e1tiles y eficaces <\/strong>que se adapta a la mayor\u00eda de los cerramientos, independientemente de las condiciones del terreno en el que se instala. Suele estar fabricada en acero galvanizado. Adem\u00e1s, <strong>destaca por ser econ\u00f3mica y resistente, f\u00e1cil de cortar, coser y entrelazar, <\/strong>de sencilla instalaci\u00f3n e ideal para amplias extensiones de terreno.<\/li><li><strong>Mallas de triple torsi\u00f3n:<\/strong> se trata de un tipo hexagonal de acero galvanizado. <strong>Se teje por medio de dos alambres unidos entre s\u00ed<\/strong>,formando tres torsiones flexibles en todas sus direcciones. Su sistema de trenzado no tiene nudos de fijaci\u00f3n, a diferencia del tipo simple torsi\u00f3n, por lo que <strong>reduce la posibilidad de cortes en caso de contacto.<\/strong> Las mallas triple torsi\u00f3n suelen utilizarse para proteger un espacio contra la ca\u00edda de escombros o piedras; adem\u00e1s, destaca por su resistencia a la perforaci\u00f3n y la tensi\u00f3n.<\/li><li><strong>Mallas para paneles r\u00edgidos:<\/strong> se trata de un sistema de alambrado que se caracteriza por su<strong> alta resistencia, durabilidad y rigidez<\/strong>, ofreciendo mucha protecci\u00f3n a la zona en la que se encuentra instalada. Este tipo de malla es ideal para cercar jardines, zonas residenciales, organismos p\u00fablicos, colegios, etc.<\/li><li><strong>Mallas electrosoldadas:<\/strong> se trata de un tipo de malla fabricada por alambres longitudinales y transversales cruzados entre ellos de manera perpendicular y <strong>unidos a trav\u00e9s de soldaduras el\u00e9ctricas. <\/strong>Suelen ser de acero galvanizado o inoxidable, por lo que <strong>son resistentes a la oxidaci\u00f3n y corrosi\u00f3n<\/strong>. Este tipo de malla se utiliza como <strong>refuerzo en losas, <\/strong><a href=\"https:\/\/www.ferrovial.com\/es\/stem\/cimentaciones\/\" target=\"_blank\" rel=\"noreferrer noopener\"><strong>cimentaciones<\/strong><\/a><strong>, pavimentos o muros de contenci\u00f3n<\/strong>; as\u00ed como en estructuras hidr\u00e1ulicas y silos. <strong>Destaca, adem\u00e1s, por su capacidad de adherencia al <\/strong><a href=\"https:\/\/www.ferrovial.com\/es\/recursos\/hormigon\/\" target=\"_blank\" rel=\"noreferrer noopener\"><strong>hormig\u00f3n<\/strong><\/a><strong>.<\/strong><\/li><\/ul>\n\n\n\n<h2 class=\"wp-block-heading\"><strong>\u00bfCu\u00e1l es la diferencia entre una malla electrosoldada y una malla de ingenier\u00eda?<\/strong><\/h2>\n\n\n\n<p>Si bien en la mayor\u00eda de las construcciones las mallas electrosoldadas son las m\u00e1s comunes, <strong>cuando la obra requiere un nivel de refuerzo mayor, se hace uso de la malla de ingenier\u00eda.<\/strong> A ambas se les conoce como <strong><em>acero de refuerzo<\/em><\/strong> dado que tienen <strong>alta capacidad de resistencia, rigidez, ductilidad, esfuerzos de tracci\u00f3n y torsi\u00f3n, amortiguamiento y soldabilidad. <\/strong>No obstante, cada una de ellas tiene sus particularidades y aplicaciones espec\u00edficas:<\/p>\n\n\n\n<ul class=\"wp-block-list\"><li>Las <strong>mallas electrosoldadas<\/strong> est\u00e1n hechas con varillas de acero y soldadas de manera el\u00e9ctrica. Son de r\u00e1pida instalaci\u00f3n, tienen alta capacidad de rendimiento y no requieren del uso de muchos materiales para su instalaci\u00f3n. <strong>Suelen utilizarse en viguetas, b\u00f3vedas, muros de carga y pavimentos.<\/strong><\/li><li>Las <strong>mallas de ingenier\u00eda <\/strong>se arman con una <strong>estructura ya prefabricada con varillas de alta resistencia<\/strong> y se adaptan a las necesidades del proyecto en cuanto a las medidas de las varillas y su calibre. Se trata del sistema de refuerzo m\u00e1s efectivo para elementos de concreto como <strong>suelos industriales, puentes, losas y azoteas. <\/strong>Su forma corrugada permite una distribuci\u00f3n uniforme de esfuerzos, adem\u00e1s de facilitar un mejor anclaje.<\/li><\/ul>\n\n\n\n<p>Independientemente del tipo de malla del que se haga uso, para la instalaci\u00f3n de estos aceros de refuerzo <strong>se realiza una detallada especificaci\u00f3n de uso y aplicaci\u00f3n en los dise\u00f1os y planos de construcci\u00f3n, <\/strong>indicando cu\u00e1l de estas dos tipolog\u00edas es la m\u00e1s apropiada para la obra.<\/p>\n<\/div><\/m-wysiwig>\n","protected":false},"excerpt":{"rendered":"","protected":false},"featured_media":0,"parent":227878,"menu_order":0,"comment_status":"closed","ping_status":"closed","template":"","meta":{"_acf_changed":false,"footnotes":""},"class_list":["post-239287","page","type-page","status-publish","hentry"],"acf":[],"yoast_head":"<!-- This site is optimized with the Yoast SEO plugin v27.2 - https:\/\/yoast.com\/product\/yoast-seo-wordpress\/ -->\n<title>Malla: qu\u00e9 es, c\u00f3mo est\u00e1 hecha, qu\u00e9 tipos existen, diferencias... - Ferrovial<\/title>\n<meta name=\"description\" content=\"Las mallas electrosoldadas son las m\u00e1s comunes, pero si la obra requiere un nivel de refuerzo mayor, se hace uso de la malla de ingenier\u00eda.\" \/>\n<meta name=\"robots\" content=\"index, follow, max-snippet:-1, max-image-preview:large, max-video-preview:-1\" \/>\n<link rel=\"canonical\" href=\"https:\/\/www.ferrovial.com\/es\/stem\/malla\/\" \/>\n<meta property=\"og:locale\" content=\"es_ES\" \/>\n<meta property=\"og:type\" content=\"article\" \/>\n<meta property=\"og:title\" content=\"Malla: qu\u00e9 es, c\u00f3mo est\u00e1 hecha, qu\u00e9 tipos existen, diferencias... - Ferrovial\" \/>\n<meta property=\"og:description\" content=\"Las mallas electrosoldadas son las m\u00e1s comunes, pero si la obra requiere un nivel de refuerzo mayor, se hace uso de la malla de ingenier\u00eda.\" \/>\n<meta property=\"og:url\" content=\"https:\/\/www.ferrovial.com\/es\/stem\/malla\/\" \/>\n<meta property=\"og:site_name\" content=\"Ferrovial\" \/>\n<meta property=\"article:publisher\" content=\"https:\/\/www.facebook.com\/ferrovial\" \/>\n<meta property=\"article:modified_time\" content=\"2022-10-05T15:38:29+00:00\" \/>\n<meta name=\"twitter:card\" content=\"summary_large_image\" \/>\n<meta name=\"twitter:site\" content=\"@ferrovial\" \/>\n<meta name=\"twitter:label1\" content=\"Est. reading time\" \/>\n\t<meta name=\"twitter:data1\" content=\"5 minutos\" \/>\n<!-- \/ Yoast SEO plugin. -->","yoast_head_json":{"title":"Malla: qu\u00e9 es, c\u00f3mo est\u00e1 hecha, qu\u00e9 tipos existen, diferencias... - Ferrovial","description":"Las mallas electrosoldadas son las m\u00e1s comunes, pero si la obra requiere un nivel de refuerzo mayor, se hace uso de la malla de ingenier\u00eda.","robots":{"index":"index","follow":"follow","max-snippet":"max-snippet:-1","max-image-preview":"max-image-preview:large","max-video-preview":"max-video-preview:-1"},"canonical":"https:\/\/www.ferrovial.com\/es\/stem\/malla\/","og_locale":"es_ES","og_type":"article","og_title":"Malla: qu\u00e9 es, c\u00f3mo est\u00e1 hecha, qu\u00e9 tipos existen, diferencias... - Ferrovial","og_description":"Las mallas electrosoldadas son las m\u00e1s comunes, pero si la obra requiere un nivel de refuerzo mayor, se hace uso de la malla de ingenier\u00eda.","og_url":"https:\/\/www.ferrovial.com\/es\/stem\/malla\/","og_site_name":"Ferrovial","article_publisher":"https:\/\/www.facebook.com\/ferrovial","article_modified_time":"2022-10-05T15:38:29+00:00","twitter_card":"summary_large_image","twitter_site":"@ferrovial","twitter_misc":{"Est. reading time":"5 minutos"},"schema":{"@context":"https:\/\/schema.org","@graph":[{"@type":"WebPage","@id":"https:\/\/www.ferrovial.com\/es\/stem\/malla\/","url":"https:\/\/www.ferrovial.com\/es\/stem\/malla\/","name":"Malla: qu\u00e9 es, c\u00f3mo est\u00e1 hecha, qu\u00e9 tipos existen, diferencias... - Ferrovial","isPartOf":{"@id":"https:\/\/www.ferrovial.com\/es\/#website"},"datePublished":"2022-09-22T05:15:19+00:00","dateModified":"2022-10-05T15:38:29+00:00","description":"Las mallas electrosoldadas son las m\u00e1s comunes, pero si la obra requiere un nivel de refuerzo mayor, se hace uso de la malla de ingenier\u00eda.","breadcrumb":{"@id":"https:\/\/www.ferrovial.com\/es\/stem\/malla\/#breadcrumb"},"inLanguage":"es","potentialAction":[{"@type":"ReadAction","target":["https:\/\/www.ferrovial.com\/es\/stem\/malla\/"]}]},{"@type":"BreadcrumbList","@id":"https:\/\/www.ferrovial.com\/es\/stem\/malla\/#breadcrumb","itemListElement":[{"@type":"ListItem","position":1,"name":"Portada","item":"https:\/\/www.ferrovial.com\/es\/"},{"@type":"ListItem","position":2,"name":"STEM","item":"https:\/\/www.ferrovial.com\/es\/stem\/"},{"@type":"ListItem","position":3,"name":"Malla"}]},{"@type":"WebSite","@id":"https:\/\/www.ferrovial.com\/es\/#website","url":"https:\/\/www.ferrovial.com\/es\/","name":"Ferrovial","description":"Welcome to the Ferrovial&#039;s website, global operator of sustainable infrastructure. Here you can find all the information about the company and subsidiaries.","publisher":{"@id":"https:\/\/www.ferrovial.com\/es\/#organization"},"potentialAction":[{"@type":"SearchAction","target":{"@type":"EntryPoint","urlTemplate":"https:\/\/www.ferrovial.com\/es\/?s={search_term_string}"},"query-input":{"@type":"PropertyValueSpecification","valueRequired":true,"valueName":"search_term_string"}}],"inLanguage":"es"},{"@type":"Organization","@id":"https:\/\/www.ferrovial.com\/es\/#organization","name":"Ferrovial S.A.","url":"https:\/\/www.ferrovial.com\/es\/","logo":{"@type":"ImageObject","inLanguage":"es","@id":"https:\/\/www.ferrovial.com\/es\/#\/schema\/logo\/image\/","url":"https:\/\/static.ferrovial.com\/wp-content\/uploads\/2020\/01\/13124948\/logo-ferrovial-cf7.png","contentUrl":"https:\/\/static.ferrovial.com\/wp-content\/uploads\/2020\/01\/13124948\/logo-ferrovial-cf7.png","width":144,"height":32,"caption":"Ferrovial S.A."},"image":{"@id":"https:\/\/www.ferrovial.com\/es\/#\/schema\/logo\/image\/"},"sameAs":["https:\/\/www.facebook.com\/ferrovial","https:\/\/x.com\/ferrovial","https:\/\/www.instagram.com\/ferrovial\/","https:\/\/www.linkedin.com\/company\/ferrovial","https:\/\/www.pinterest.es\/ferrovial\/","https:\/\/www.youtube.com\/ferrovial","https:\/\/en.wikipedia.org\/wiki\/Ferrovial"]}]}},"_links":{"self":[{"href":"https:\/\/www.ferrovial.com\/es\/wp-json\/wp\/v2\/pages\/239287","targetHints":{"allow":["GET"]}}],"collection":[{"href":"https:\/\/www.ferrovial.com\/es\/wp-json\/wp\/v2\/pages"}],"about":[{"href":"https:\/\/www.ferrovial.com\/es\/wp-json\/wp\/v2\/types\/page"}],"replies":[{"embeddable":true,"href":"https:\/\/www.ferrovial.com\/es\/wp-json\/wp\/v2\/comments?post=239287"}],"version-history":[{"count":2,"href":"https:\/\/www.ferrovial.com\/es\/wp-json\/wp\/v2\/pages\/239287\/revisions"}],"predecessor-version":[{"id":240217,"href":"https:\/\/www.ferrovial.com\/es\/wp-json\/wp\/v2\/pages\/239287\/revisions\/240217"}],"up":[{"embeddable":true,"href":"https:\/\/www.ferrovial.com\/es\/wp-json\/wp\/v2\/pages\/227878"}],"wp:attachment":[{"href":"https:\/\/www.ferrovial.com\/es\/wp-json\/wp\/v2\/media?parent=239287"}],"curies":[{"name":"wp","href":"https:\/\/api.w.org\/{rel}","templated":true}]}}