{"id":239291,"date":"2022-09-22T07:29:13","date_gmt":"2022-09-22T05:29:13","guid":{"rendered":"https:\/\/www.ferrovial.com\/?page_id=239291"},"modified":"2024-09-16T21:32:20","modified_gmt":"2024-09-16T19:32:20","slug":"carga-axial","status":"publish","type":"page","link":"https:\/\/www.ferrovial.com\/es\/stem\/carga-axial\/","title":{"rendered":"Carga axial"},"content":{"rendered":"    <m-final-content-header >\n            <c-breadcrumb label-text=\"Breadcrumb\" slot=\"breadcrumbs\" type='2' align='left' wrap='wrapped wrapped' aria-label='Vienes de STEM'>\n                        <ol>\n\n                                                            <li><a href=\"https:\/\/www.ferrovial.com\/es\/\" title=\"Ferrovial\">Ferrovial<\/a><\/li>\n                                                                        <li><a href=\"https:\/\/www.ferrovial.com\/es\/stem\/\" title=\"STEM\">STEM<\/a><\/li>\n                                    \n                <\/ol>\n\n                <\/c-breadcrumb>\n    \n        <div slot=\"header\">\n            <h1>\n                \u00bfQu\u00e9 es la carga axial?            <\/h1>\n                    <\/div>\n    <\/m-final-content-header>\n\n    \n\n\n<m-wysiwig class=\"wp-block-components-wysiwyg\"><div slot=\"maincontent\">\n<p><script type=\"application\/ld+json\">\n{\n  \"@context\": \"https:\/\/schema.org\",\n  \"@type\": \"FAQPage\",\n  \"mainEntity\": [{\n    \"@type\": \"Question\",\n    \"name\": \"\u00bfQu\u00e9 es la carga axial?\",\n    \"acceptedAnswer\": {\n      \"@type\": \"Answer\",\n      \"text\": \"Se entiende por carga axial a la fuerza que act\u00faa a lo largo del eje, o pieza central, de una estructura, produciendo un esfuerzo uniforme. Este tipo de carga puede ser de presi\u00f3n o compresi\u00f3n.\nAdem\u00e1s, la carga axial puede ser conc\u00e9ntrica, cuando la l\u00ednea de acci\u00f3n de la fuerza coincide con el eje de simetr\u00eda que pasa por el centro del elemento; o exc\u00e9ntrica, cuando la fuerza es paralela al eje de simetr\u00eda, pero su acci\u00f3n no est\u00e1 sobre el propio eje.\"\n    }\n  },{\n    \"@type\": \"Question\",\n    \"name\": \"\u00bfC\u00f3mo se calcula la carga axial?\",\n    \"acceptedAnswer\": {\n      \"@type\": \"Answer\",\n      \"text\": \"Para calcular la carga axial sobre los elementos de una estructura se deben seguir los siguientes pasos:\n\n<ol>\n<li>Identificar las cargas axiales en cada uno de los elementos de la estructura.<\/li>\n<li>Diagramar la incidencia de una fuerza sobre cada elemento.<\/li>\n<li>Desarrollar y aplicar ecuaciones que garanticen el equilibrio de traslaci\u00f3n, es decir, que la suma de todas las fuerzas sea igual a cero.<\/li>\n<li>Aplicar la ecuaci\u00f3n de los torques (M=F \u2022 d)para alcanzar el equilibrio rotacional. Al igual que el traslacional, la suma de los torques debe ser nula.<\/li>\n<\/ol>\"\n    }\n  },{\n    \"@type\": \"Question\",\n    \"name\": \"\u00bfCu\u00e1l es la diferencia entre una carga axial y una radial?\",\n    \"acceptedAnswer\": {\n      \"@type\": \"Answer\",\n      \"text\": \"Las cargas axiales son aquellascapaces de resistir una fuerza en la misma direcci\u00f3n que el eje, tambi\u00e9n conocida como carga de empuje. En cambio, las cargas radiales est\u00e1n hechas para resistir fuerzas perpendiculares a la direcci\u00f3n del eje.\"\n    }\n  },{\n    \"@type\": \"Question\",\n    \"name\": \"\u00bfD\u00f3nde se utilizan las cargas axiales?\",\n    \"acceptedAnswer\": {\n      \"@type\": \"Answer\",\n      \"text\": \"Las cargas axiales est\u00e1n presentes en cualquier tipo de construcci\u00f3n de edificaciones, as\u00ed como en los elementos constitutivos de las obras. Por ejemplo, en las columnas de un edificio existen ejes axiales que las atraviesan longitudinalmente y las someten de manera constante a una fuerza axial de compresi\u00f3n ejercida por el techo.\"\n    }\n  }]\n}\n<\/script>\n<\/p>\n\n\n\n<p>Se entiende por carga axial a la\u00a0<strong>fuerza que act\u00faa a lo largo del eje, o pieza central, de una estructura, produciendo un esfuerzo uniforme.<\/strong>\u00a0Este tipo de carga puede ser de\u00a0<strong>presi\u00f3n o compresi\u00f3n\u00a0<\/strong>es decir, que puede resultar de la aplicaci\u00f3n de peso de apoyo o asentamiento, o ser inducida por las condiciones operativas o variables externas, por ejemplo, el cambio de temperatura que produce expansi\u00f3n o contracci\u00f3n de componentes.<\/p>\n\n\n\n<p>Cuando una carga axial es <strong>por efecto de compresi\u00f3n<\/strong>, la estructura se somete a una fuerza que act\u00faa en el mismo sentido, tendiendo a producir aplastamientos.Su c\u00e1lculo es indispensable para garantizar la estabilidad de la estructura.<\/p>\n\n\n\n<p>Adem\u00e1s, la carga axial puede ser <strong>conc\u00e9ntrica<\/strong>, cuando la l\u00ednea de acci\u00f3n de la fuerza coincide con el eje de simetr\u00eda que pasa por el centro del elemento; o <strong>exc\u00e9ntrica<\/strong>, cuando la fuerza es paralela al eje de simetr\u00eda, pero su acci\u00f3n no est\u00e1 sobre el propio eje.<\/p>\n\n\n\n<h2 class=\"wp-block-heading\"><strong>\u00bfC\u00f3mo se calcula la carga axial?<\/strong><\/h2>\n\n\n\n<p>Para calcular la carga axial sobre los elementos de una estructura se deben seguir los siguientes pasos:<\/p>\n\n\n\n<ol class=\"wp-block-list\">\n<li><strong>Identificar l<\/strong>as cargas axiales en cada uno de los elementos de la estructura.<\/li>\n\n\n\n<li><strong>Diagramar<\/strong> la incidencia de una fuerza sobre cada elemento.<\/li>\n\n\n\n<li><strong>Desarrollar y aplicar ecuaciones<\/strong> que garanticen el equilibrio de traslaci\u00f3n, es decir, que la suma de todas las fuerzas sea igual a cero.<\/li>\n\n\n\n<li><strong>Aplicar la ecuaci\u00f3n de los torques <\/strong>(M=F \u2022 d)para alcanzar el <strong>equilibrio rotacional. <\/strong>Al igual que el traslacional, la suma de los torques debe ser nula.<\/li>\n<\/ol>\n\n\n\n<h2 class=\"wp-block-heading\"><strong>\u00bfCu\u00e1l es la diferencia entre una carga axial y una radial?<\/strong><\/h2>\n\n\n\n<p>Las <strong>cargas axiales <\/strong>son aquellas capaces de resistir una fuerza en la <strong>misma direcci\u00f3n que el eje,<\/strong> tambi\u00e9n conocida como carga de empuje. En cambio, las <strong>cargas radiales <\/strong>est\u00e1n hechas para resistir fuerzas<strong> perpendiculares a la direcci\u00f3n del eje<\/strong>.<\/p>\n\n\n\n<h2 class=\"wp-block-heading\"><strong>\u00bfD\u00f3nde se utilizan las cargas axiales?<\/strong><\/h2>\n\n\n\n<p>Las cargas axiales est\u00e1n presentes en cualquier tipo de construcci\u00f3n de <a href=\"https:\/\/www.ferrovial.com\/es\/recursos\/edificios\/\" target=\"_blank\" rel=\"noreferrer noopener\">edificaciones<\/a>, as\u00ed como en los elementos constitutivos de las obras. Por ejemplo, en las columnas de un edificio existen ejes axiales que las atraviesan longitudinalmente y las someten de manera constante a una fuerza axial de compresi\u00f3n ejercida por el techo.<\/p>\n\n\n\n<p>En este caso, el centro axial y geom\u00e9trico coinciden, por lo que tambi\u00e9n se produce una fuerza conc\u00e9ntrica, permitiendo que puedan soportar grandes cantidades de energ\u00eda y peso. Conociendo estos factores, es posible calcular la carga que pueden soportar los elementos de la construcci\u00f3n y, en consecuencia, saber cu\u00e1l es su posici\u00f3n ideal dentro de la edificaci\u00f3n.<\/p>\n<\/div><\/m-wysiwig>\n","protected":false},"excerpt":{"rendered":"","protected":false},"featured_media":0,"parent":227878,"menu_order":0,"comment_status":"closed","ping_status":"closed","template":"","meta":{"_acf_changed":false,"footnotes":""},"class_list":["post-239291","page","type-page","status-publish","hentry"],"acf":[],"yoast_head":"<!-- This site is optimized with the Yoast SEO plugin v27.2 - https:\/\/yoast.com\/product\/yoast-seo-wordpress\/ -->\n<title>Qu\u00e9 es la carga axial, c\u00f3mo se calcula, usos - Ferrovial<\/title>\n<meta name=\"description\" content=\"La carga axial es la fuerza que act\u00faa a lo largo del eje, o pieza central, de una estructura, produciendo un esfuerzo uniforme.\" \/>\n<meta name=\"robots\" content=\"index, follow, max-snippet:-1, max-image-preview:large, max-video-preview:-1\" \/>\n<link rel=\"canonical\" href=\"https:\/\/www.ferrovial.com\/es\/stem\/carga-axial\/\" \/>\n<meta property=\"og:locale\" content=\"es_ES\" \/>\n<meta property=\"og:type\" content=\"article\" \/>\n<meta property=\"og:title\" content=\"Qu\u00e9 es la carga axial, c\u00f3mo se calcula, usos - Ferrovial\" \/>\n<meta property=\"og:description\" content=\"La carga axial es la fuerza que act\u00faa a lo largo del eje, o pieza central, de una estructura, produciendo un esfuerzo uniforme.\" \/>\n<meta property=\"og:url\" content=\"https:\/\/www.ferrovial.com\/es\/stem\/carga-axial\/\" \/>\n<meta property=\"og:site_name\" content=\"Ferrovial\" \/>\n<meta property=\"article:publisher\" content=\"https:\/\/www.facebook.com\/ferrovial\" \/>\n<meta property=\"article:modified_time\" content=\"2024-09-16T19:32:20+00:00\" \/>\n<meta name=\"twitter:card\" content=\"summary_large_image\" \/>\n<meta name=\"twitter:site\" content=\"@ferrovial\" \/>\n<meta name=\"twitter:label1\" content=\"Est. reading time\" \/>\n\t<meta name=\"twitter:data1\" content=\"2 minutos\" \/>\n<!-- \/ Yoast SEO plugin. -->","yoast_head_json":{"title":"Qu\u00e9 es la carga axial, c\u00f3mo se calcula, usos - Ferrovial","description":"La carga axial es la fuerza que act\u00faa a lo largo del eje, o pieza central, de una estructura, produciendo un esfuerzo uniforme.","robots":{"index":"index","follow":"follow","max-snippet":"max-snippet:-1","max-image-preview":"max-image-preview:large","max-video-preview":"max-video-preview:-1"},"canonical":"https:\/\/www.ferrovial.com\/es\/stem\/carga-axial\/","og_locale":"es_ES","og_type":"article","og_title":"Qu\u00e9 es la carga axial, c\u00f3mo se calcula, usos - Ferrovial","og_description":"La carga axial es la fuerza que act\u00faa a lo largo del eje, o pieza central, de una estructura, produciendo un esfuerzo uniforme.","og_url":"https:\/\/www.ferrovial.com\/es\/stem\/carga-axial\/","og_site_name":"Ferrovial","article_publisher":"https:\/\/www.facebook.com\/ferrovial","article_modified_time":"2024-09-16T19:32:20+00:00","twitter_card":"summary_large_image","twitter_site":"@ferrovial","twitter_misc":{"Est. reading time":"2 minutos"},"schema":{"@context":"https:\/\/schema.org","@graph":[{"@type":"WebPage","@id":"https:\/\/www.ferrovial.com\/es\/stem\/carga-axial\/","url":"https:\/\/www.ferrovial.com\/es\/stem\/carga-axial\/","name":"Qu\u00e9 es la carga axial, c\u00f3mo se calcula, usos - Ferrovial","isPartOf":{"@id":"https:\/\/www.ferrovial.com\/es\/#website"},"datePublished":"2022-09-22T05:29:13+00:00","dateModified":"2024-09-16T19:32:20+00:00","description":"La carga axial es la fuerza que act\u00faa a lo largo del eje, o pieza central, de una estructura, produciendo un esfuerzo uniforme.","breadcrumb":{"@id":"https:\/\/www.ferrovial.com\/es\/stem\/carga-axial\/#breadcrumb"},"inLanguage":"es","potentialAction":[{"@type":"ReadAction","target":["https:\/\/www.ferrovial.com\/es\/stem\/carga-axial\/"]}]},{"@type":"BreadcrumbList","@id":"https:\/\/www.ferrovial.com\/es\/stem\/carga-axial\/#breadcrumb","itemListElement":[{"@type":"ListItem","position":1,"name":"Portada","item":"https:\/\/www.ferrovial.com\/es\/"},{"@type":"ListItem","position":2,"name":"STEM","item":"https:\/\/www.ferrovial.com\/es\/stem\/"},{"@type":"ListItem","position":3,"name":"Carga axial"}]},{"@type":"WebSite","@id":"https:\/\/www.ferrovial.com\/es\/#website","url":"https:\/\/www.ferrovial.com\/es\/","name":"Ferrovial","description":"Welcome to the Ferrovial&#039;s website, global operator of sustainable infrastructure. Here you can find all the information about the company and subsidiaries.","publisher":{"@id":"https:\/\/www.ferrovial.com\/es\/#organization"},"potentialAction":[{"@type":"SearchAction","target":{"@type":"EntryPoint","urlTemplate":"https:\/\/www.ferrovial.com\/es\/?s={search_term_string}"},"query-input":{"@type":"PropertyValueSpecification","valueRequired":true,"valueName":"search_term_string"}}],"inLanguage":"es"},{"@type":"Organization","@id":"https:\/\/www.ferrovial.com\/es\/#organization","name":"Ferrovial S.A.","url":"https:\/\/www.ferrovial.com\/es\/","logo":{"@type":"ImageObject","inLanguage":"es","@id":"https:\/\/www.ferrovial.com\/es\/#\/schema\/logo\/image\/","url":"https:\/\/static.ferrovial.com\/wp-content\/uploads\/2020\/01\/13124948\/logo-ferrovial-cf7.png","contentUrl":"https:\/\/static.ferrovial.com\/wp-content\/uploads\/2020\/01\/13124948\/logo-ferrovial-cf7.png","width":144,"height":32,"caption":"Ferrovial S.A."},"image":{"@id":"https:\/\/www.ferrovial.com\/es\/#\/schema\/logo\/image\/"},"sameAs":["https:\/\/www.facebook.com\/ferrovial","https:\/\/x.com\/ferrovial","https:\/\/www.instagram.com\/ferrovial\/","https:\/\/www.linkedin.com\/company\/ferrovial","https:\/\/www.pinterest.es\/ferrovial\/","https:\/\/www.youtube.com\/ferrovial","https:\/\/en.wikipedia.org\/wiki\/Ferrovial"]}]}},"_links":{"self":[{"href":"https:\/\/www.ferrovial.com\/es\/wp-json\/wp\/v2\/pages\/239291","targetHints":{"allow":["GET"]}}],"collection":[{"href":"https:\/\/www.ferrovial.com\/es\/wp-json\/wp\/v2\/pages"}],"about":[{"href":"https:\/\/www.ferrovial.com\/es\/wp-json\/wp\/v2\/types\/page"}],"replies":[{"embeddable":true,"href":"https:\/\/www.ferrovial.com\/es\/wp-json\/wp\/v2\/comments?post=239291"}],"version-history":[{"count":3,"href":"https:\/\/www.ferrovial.com\/es\/wp-json\/wp\/v2\/pages\/239291\/revisions"}],"predecessor-version":[{"id":288249,"href":"https:\/\/www.ferrovial.com\/es\/wp-json\/wp\/v2\/pages\/239291\/revisions\/288249"}],"up":[{"embeddable":true,"href":"https:\/\/www.ferrovial.com\/es\/wp-json\/wp\/v2\/pages\/227878"}],"wp:attachment":[{"href":"https:\/\/www.ferrovial.com\/es\/wp-json\/wp\/v2\/media?parent=239291"}],"curies":[{"name":"wp","href":"https:\/\/api.w.org\/{rel}","templated":true}]}}