{"id":239297,"date":"2022-09-22T07:53:38","date_gmt":"2022-09-22T05:53:38","guid":{"rendered":"https:\/\/www.ferrovial.com\/?page_id=239297"},"modified":"2022-10-05T18:09:12","modified_gmt":"2022-10-05T16:09:12","slug":"bateria","status":"publish","type":"page","link":"https:\/\/www.ferrovial.com\/es\/stem\/bateria\/","title":{"rendered":"Bater\u00eda"},"content":{"rendered":"    <m-final-content-header >\n            <c-breadcrumb label-text=\"Breadcrumb\" slot=\"breadcrumbs\" type='2' align='left' wrap='wrapped wrapped' aria-label='Vienes de STEM'>\n                        <ol>\n\n                                                            <li><a href=\"https:\/\/www.ferrovial.com\/es\/\" title=\"Ferrovial\">Ferrovial<\/a><\/li>\n                                                                        <li><a href=\"https:\/\/www.ferrovial.com\/es\/stem\/\" title=\"STEM\">STEM<\/a><\/li>\n                                    \n                <\/ol>\n\n                <\/c-breadcrumb>\n    \n        <div slot=\"header\">\n            <h1>\n                \u00bfQu\u00e9 es una bater\u00eda?            <\/h1>\n                    <\/div>\n    <\/m-final-content-header>\n\n    \n\n\n<m-wysiwig class=\"wp-block-components-wysiwyg\"><div slot=\"maincontent\">\n<script type=\"application\/ld+json\">\n{\n  \"@context\": \"https:\/\/schema.org\",\n  \"@type\": \"FAQPage\",\n  \"mainEntity\": [{\n    \"@type\": \"Question\",\n    \"name\": \"\u00bfQu\u00e9 es una bater\u00eda?\",\n    \"acceptedAnswer\": {\n      \"@type\": \"Answer\",\n      \"text\": \"El t\u00e9rmino bater\u00eda se refiere a un almacenador de energ\u00eda de car\u00e1cter electroqu\u00edmico, que re\u00fane y descarga energ\u00eda gracias a reacciones qu\u00edmicas reversibles que facilitan la carga de un equipo por medio de fuentes el\u00e9ctricas.\"\n    }\n  },{\n    \"@type\": \"Question\",\n    \"name\": \"\u00bfQu\u00e9 elementos componen una bater\u00eda?\",\n    \"acceptedAnswer\": {\n      \"@type\": \"Answer\",\n      \"text\": \"Toda bater\u00eda cuenta con:\n\n<ul>\n<li>Celdas con dos polos, uno positivo, llamado c\u00e1todo, y otro negativo, llamado \u00e1nodo.<\/li>\n<li>Un electrolito conductor.<\/li>\n<li>Una c\u00e1mara de aire.<\/li>\n<li>Un contenedor para todos estos elementos.<\/li>\n<\/ul>\"\n    }\n  },{\n    \"@type\": \"Question\",\n    \"name\": \"\u00bfC\u00f3mo funciona una bater\u00eda?\",\n    \"acceptedAnswer\": {\n      \"@type\": \"Answer\",\n      \"text\": \"Una bater\u00eda funciona gracias a una reacci\u00f3n electroqu\u00edmica de reducci\u00f3n y oxidaci\u00f3n, que suele llamarse Redox. La reacci\u00f3n consiste en un intercambio de electrones entre los dos polos para la transferencia de energ\u00eda, generando una oxidaci\u00f3n de los materiales.\nLa circulaci\u00f3n de electrones de un polo a otro ocurre por medio del circuito el\u00e9ctrico al que se conecte. Se entiende que los polos alcanzan su l\u00edmite cuando el c\u00e1todo queda cargado de electrones y el \u00e1nodo los pierde y se oxida totalmente.\"\n    }\n  },{\n    \"@type\": \"Question\",\n    \"name\": \"\u00bfQu\u00e9 tipo de bater\u00edas existen?\",\n    \"acceptedAnswer\": {\n      \"@type\": \"Answer\",\n      \"text\": \"Los tipos de bater\u00edas m\u00e1s comunes son:\n\n<ol>\n<li>Bater\u00eda de plomo-\u00e1cido<\/li>\n<li>Bater\u00eda de n\u00edquel-cadmio<\/li>\n<li>Bater\u00eda n\u00edquel-hidruro met\u00e1lico<\/li>\n<li>Bater\u00eda de ion-litio<\/li>\n<li>Bater\u00eda de litio de fosfato de hierro<\/li>\n<\/ol>\"\n    }\n  },{\n    \"@type\": \"Question\",\n    \"name\": \"\u00bfPueden las bater\u00edas almacenar energ\u00eda sostenible?\",\n    \"acceptedAnswer\": {\n      \"@type\": \"Answer\",\n      \"text\": \"De acuerdo con el Escenario de Desarrollo Sostenible de la Agencia Internacional de Energ\u00eda (IEA), para que se pueda conseguir los objetivos de transici\u00f3n energ\u00e9tica, es necesario contar con 10.000 GWh de capacidad en bater\u00edas como fuente de almacenamiento de energ\u00eda.\"\n    }\n  }]\n}\n<\/script>\n<p>El t\u00e9rmino <em>bater\u00eda<\/em> se refiere a un <strong>almacenador de energ\u00eda de car\u00e1cter electroqu\u00edmico<\/strong>, que re\u00fane y descarga energ\u00eda gracias a reacciones qu\u00edmicas reversibles que facilitan la carga de un equipo por medio de fuentes el\u00e9ctricas. Una bater\u00eda puede <strong>transformar la energ\u00eda qu\u00edmica en el\u00e9ctrica<\/strong>, y mientras mayor sea su capacidad de carga, m\u00e1s corriente podr\u00e1 almacenar.<\/p>\n\n\n\n<p>El <strong>voltaje o tensi\u00f3n<\/strong> de las bater\u00edas se mide en <strong>voltios<\/strong>, mientras que su <strong>capacidad de carga<\/strong>, es decir, la cantidad de electricidad que pueden almacenar y, posteriormente, suministrar al tiempo que se descargan, se mide en <strong>amperios por hora<\/strong>.<\/p>\n\n\n\n<p>La capacidad de carga de una bater\u00eda va disminuyendo en funci\u00f3n de su antig\u00fcedad y uso. Tambi\u00e9n tiene el llamado <em>efecto memoria<\/em>, que ocurre cuando se carga una bater\u00eda sin que se deje descargar completamente, con lo cual se ve afectada la capacidad de almacenamiento de energ\u00eda.<\/p>\n\n\n\n<h2 class=\"wp-block-heading\">\u00bfQu\u00e9 elementos componen una bater\u00eda?<\/h2>\n\n\n\n<p>Toda bater\u00eda cuenta con:<\/p>\n\n\n\n<ul class=\"wp-block-list\"><li>Celdas con dos polos, uno positivo, llamado<em> c\u00e1todo<\/em>, y otro negativo, llamado <em>\u00e1nodo<\/em>.<\/li><li>Un electrolito conductor.<\/li><li>Una c\u00e1mara de aire.<\/li><li>Un contenedor para todos estos elementos.<\/li><\/ul>\n\n\n\n<h2 class=\"wp-block-heading\">\u00bfC\u00f3mo funciona una bater\u00eda?<\/h2>\n\n\n\n<p>Una bater\u00eda funciona gracias a una <strong>reacci\u00f3n electroqu\u00edmica de reducci\u00f3n y oxidaci\u00f3n<\/strong>, que suele llamarse <em>Redox<\/em>. La reacci\u00f3n consiste en un intercambio de electrones entre los dos polos para la transferencia de energ\u00eda, generando una oxidaci\u00f3n de los materiales.<\/p>\n\n\n\n<p>Dichos polos est\u00e1n sumergidos en una soluci\u00f3n electrol\u00edtica y cada uno de ellos, al ser de cargas diferentes, reacciona de manera opuesta: mientras el \u00e1nodo reacciona oxid\u00e1ndose por la liberaci\u00f3n de electrones, el c\u00e1todo reduce su oxidaci\u00f3n debido a la ganancia de electrones.<\/p>\n\n\n\n<p>La circulaci\u00f3n de electrones de un polo a otro ocurre por medio del <strong>circuito el\u00e9ctrico<\/strong> al que se conecte. Se entiende que los polos alcanzan su l\u00edmite cuando el c\u00e1todo queda cargado de electrones y el \u00e1nodo los pierde y se oxida totalmente.<\/p>\n\n\n\n<p>Cuando una bater\u00eda se descarga es posible volverla a cargar aliment\u00e1ndola con corriente el\u00e9ctrica. El proceso se completa cuando se restablece la diferencia qu\u00edmica de sus celdas, quedando preparada para suministrar la energ\u00eda almacenada.<\/p>\n\n\n\n<h2 class=\"wp-block-heading\">\u00bfQu\u00e9 tipo de bater\u00edas existen?<\/h2>\n\n\n\n<p>Los tipos de bater\u00edas m\u00e1s comunes son:<\/p>\n\n\n\n<ol class=\"wp-block-list\"><li><strong>Bater\u00eda de plomo-\u00e1cido:<\/strong> se trata de un acumulador de energ\u00eda no derramable muy com\u00fan, sobre todo por ser econ\u00f3mica y vers\u00e1til, pues se utiliza en \u00e1mbitos que van desde el soporte el\u00e9ctrico para industrias y hogares hasta para el arranque de coches. Destaca por su estabilidad, seguridad y buen funcionamiento, y es capaz de soportar sobrecargas y descargas.<\/li><li><strong>Bater\u00eda de n\u00edquel-cadmio:<\/strong> se trata de una bater\u00eda galv\u00e1nica de larga duraci\u00f3n capaz de soportar bajas temperaturas y ser resistente a sobrecargas. Funciona a partir de la reacci\u00f3n entre el cadmio, el \u00f3xido de n\u00edquel y el agua, formando hidr\u00f3xido de cadmio para generar fuerza electromotriz.<\/li><li><strong>Bater\u00eda n\u00edquel-hidruro met\u00e1lico:<\/strong> es un tipo de bater\u00eda que surgi\u00f3 para sustituir a la de n\u00edquel-cadmio por tener m\u00e1s capacidad; sin embargo, a diferencia de su antecesora, no funciona de forma \u00f3ptima a temperaturas extremas, y tiene un ciclo de carga y descarga m\u00e1s corto, por lo que dura menos.<\/li><li><strong>Bater\u00eda de ion-litio:<\/strong> utiliza una sal de litio como electrolito. Tiene una alta eficiencia, un efecto memoria inferior respecto a otros tipos de bater\u00edas, es de bajo mantenimiento y sus desechos (de litio) son f\u00e1ciles de reciclar. Sin embargo, no resiste temperaturas extremas y degenera r\u00e1pidamente. Suele utilizarse en aparatos tales como <em>smartphones<\/em>, tabletas y ordenadores port\u00e1tiles.<\/li><li><strong>Bater\u00eda de litio de fosfato de hierro:<\/strong> se fabrica a partir de electrodos de hierro, litio y f\u00f3sforo, y su electrolito es de sal de litio; se posiciona como una de las opciones m\u00e1s seguras y econ\u00f3micas disponibles. Es ideal para la acumulaci\u00f3n de energ\u00eda solar, por tener mucha densidad energ\u00e9tica. Adem\u00e1s, gracias a su alta capacidad de oxidaci\u00f3n, proporciona mayor tensi\u00f3n.<\/li><\/ol>\n\n\n\n<h2 class=\"wp-block-heading\">\u00bfPueden las bater\u00edas almacenar energ\u00eda sostenible?<\/h2>\n\n\n\n<p>Almacenar energ\u00eda a trav\u00e9s de bater\u00edas se traduce en eficiencia energ\u00e9tica y sostenibilidad, porque permite suministrar energ\u00eda de manera continua, haciendo frente a posibles fluctuaciones de la fuente de generaci\u00f3n.<\/p>\n\n\n\n<p>De acuerdo con el <a href=\"https:\/\/www.worldenergytrade.com\/energias-alternativas\/electricidad\/iea-un-fuerte-auge-en-innovacion-de-baterias-es-clave-en-la-transicion-energetica\" target=\"_blank\" rel=\"noreferrer noopener\">Escenario de Desarrollo Sostenible de la Agencia Internacional de Energ\u00eda (IEA)<\/a>, para que se pueda conseguir los objetivos de transici\u00f3n energ\u00e9tica, <strong>es necesario contar con 10.000 GWh de capacidad en bater\u00edas como fuente de almacenamiento de energ\u00eda.<\/strong><\/p>\n<\/div><\/m-wysiwig>\n","protected":false},"excerpt":{"rendered":"","protected":false},"featured_media":0,"parent":227878,"menu_order":0,"comment_status":"closed","ping_status":"closed","template":"","meta":{"_acf_changed":false,"footnotes":""},"class_list":["post-239297","page","type-page","status-publish","hentry"],"acf":[],"yoast_head":"<!-- This site is optimized with the Yoast SEO plugin v27.2 - https:\/\/yoast.com\/product\/yoast-seo-wordpress\/ -->\n<title>Bater\u00eda: qu\u00e9 es, elementos que la componen, funcionamiento... - Ferrovial<\/title>\n<meta name=\"description\" content=\"Una bater\u00eda puede transformar la energ\u00eda qu\u00edmica en el\u00e9ctrica, y mientras mayor sea su capacidad de carga, m\u00e1s corriente podr\u00e1 almacenar.\" \/>\n<meta name=\"robots\" content=\"index, follow, max-snippet:-1, max-image-preview:large, max-video-preview:-1\" \/>\n<link rel=\"canonical\" href=\"https:\/\/www.ferrovial.com\/es\/stem\/bateria\/\" \/>\n<meta property=\"og:locale\" content=\"es_ES\" \/>\n<meta property=\"og:type\" content=\"article\" \/>\n<meta property=\"og:title\" content=\"Bater\u00eda: qu\u00e9 es, elementos que la componen, funcionamiento... - Ferrovial\" \/>\n<meta property=\"og:description\" content=\"Una bater\u00eda puede transformar la energ\u00eda qu\u00edmica en el\u00e9ctrica, y mientras mayor sea su capacidad de carga, m\u00e1s corriente podr\u00e1 almacenar.\" \/>\n<meta property=\"og:url\" content=\"https:\/\/www.ferrovial.com\/es\/stem\/bateria\/\" \/>\n<meta property=\"og:site_name\" content=\"Ferrovial\" \/>\n<meta property=\"article:publisher\" content=\"https:\/\/www.facebook.com\/ferrovial\" \/>\n<meta property=\"article:modified_time\" content=\"2022-10-05T16:09:12+00:00\" \/>\n<meta name=\"twitter:card\" content=\"summary_large_image\" \/>\n<meta name=\"twitter:site\" content=\"@ferrovial\" \/>\n<meta name=\"twitter:label1\" content=\"Est. reading time\" \/>\n\t<meta name=\"twitter:data1\" content=\"5 minutos\" \/>\n<!-- \/ Yoast SEO plugin. -->","yoast_head_json":{"title":"Bater\u00eda: qu\u00e9 es, elementos que la componen, funcionamiento... - Ferrovial","description":"Una bater\u00eda puede transformar la energ\u00eda qu\u00edmica en el\u00e9ctrica, y mientras mayor sea su capacidad de carga, m\u00e1s corriente podr\u00e1 almacenar.","robots":{"index":"index","follow":"follow","max-snippet":"max-snippet:-1","max-image-preview":"max-image-preview:large","max-video-preview":"max-video-preview:-1"},"canonical":"https:\/\/www.ferrovial.com\/es\/stem\/bateria\/","og_locale":"es_ES","og_type":"article","og_title":"Bater\u00eda: qu\u00e9 es, elementos que la componen, funcionamiento... - Ferrovial","og_description":"Una bater\u00eda puede transformar la energ\u00eda qu\u00edmica en el\u00e9ctrica, y mientras mayor sea su capacidad de carga, m\u00e1s corriente podr\u00e1 almacenar.","og_url":"https:\/\/www.ferrovial.com\/es\/stem\/bateria\/","og_site_name":"Ferrovial","article_publisher":"https:\/\/www.facebook.com\/ferrovial","article_modified_time":"2022-10-05T16:09:12+00:00","twitter_card":"summary_large_image","twitter_site":"@ferrovial","twitter_misc":{"Est. reading time":"5 minutos"},"schema":{"@context":"https:\/\/schema.org","@graph":[{"@type":"WebPage","@id":"https:\/\/www.ferrovial.com\/es\/stem\/bateria\/","url":"https:\/\/www.ferrovial.com\/es\/stem\/bateria\/","name":"Bater\u00eda: qu\u00e9 es, elementos que la componen, funcionamiento... - Ferrovial","isPartOf":{"@id":"https:\/\/www.ferrovial.com\/es\/#website"},"datePublished":"2022-09-22T05:53:38+00:00","dateModified":"2022-10-05T16:09:12+00:00","description":"Una bater\u00eda puede transformar la energ\u00eda qu\u00edmica en el\u00e9ctrica, y mientras mayor sea su capacidad de carga, m\u00e1s corriente podr\u00e1 almacenar.","breadcrumb":{"@id":"https:\/\/www.ferrovial.com\/es\/stem\/bateria\/#breadcrumb"},"inLanguage":"es","potentialAction":[{"@type":"ReadAction","target":["https:\/\/www.ferrovial.com\/es\/stem\/bateria\/"]}]},{"@type":"BreadcrumbList","@id":"https:\/\/www.ferrovial.com\/es\/stem\/bateria\/#breadcrumb","itemListElement":[{"@type":"ListItem","position":1,"name":"Portada","item":"https:\/\/www.ferrovial.com\/es\/"},{"@type":"ListItem","position":2,"name":"STEM","item":"https:\/\/www.ferrovial.com\/es\/stem\/"},{"@type":"ListItem","position":3,"name":"Bater\u00eda"}]},{"@type":"WebSite","@id":"https:\/\/www.ferrovial.com\/es\/#website","url":"https:\/\/www.ferrovial.com\/es\/","name":"Ferrovial","description":"Welcome to the Ferrovial&#039;s website, global operator of sustainable infrastructure. Here you can find all the information about the company and subsidiaries.","publisher":{"@id":"https:\/\/www.ferrovial.com\/es\/#organization"},"potentialAction":[{"@type":"SearchAction","target":{"@type":"EntryPoint","urlTemplate":"https:\/\/www.ferrovial.com\/es\/?s={search_term_string}"},"query-input":{"@type":"PropertyValueSpecification","valueRequired":true,"valueName":"search_term_string"}}],"inLanguage":"es"},{"@type":"Organization","@id":"https:\/\/www.ferrovial.com\/es\/#organization","name":"Ferrovial S.A.","url":"https:\/\/www.ferrovial.com\/es\/","logo":{"@type":"ImageObject","inLanguage":"es","@id":"https:\/\/www.ferrovial.com\/es\/#\/schema\/logo\/image\/","url":"https:\/\/static.ferrovial.com\/wp-content\/uploads\/2020\/01\/13124948\/logo-ferrovial-cf7.png","contentUrl":"https:\/\/static.ferrovial.com\/wp-content\/uploads\/2020\/01\/13124948\/logo-ferrovial-cf7.png","width":144,"height":32,"caption":"Ferrovial S.A."},"image":{"@id":"https:\/\/www.ferrovial.com\/es\/#\/schema\/logo\/image\/"},"sameAs":["https:\/\/www.facebook.com\/ferrovial","https:\/\/x.com\/ferrovial","https:\/\/www.instagram.com\/ferrovial\/","https:\/\/www.linkedin.com\/company\/ferrovial","https:\/\/www.pinterest.es\/ferrovial\/","https:\/\/www.youtube.com\/ferrovial","https:\/\/en.wikipedia.org\/wiki\/Ferrovial"]}]}},"_links":{"self":[{"href":"https:\/\/www.ferrovial.com\/es\/wp-json\/wp\/v2\/pages\/239297","targetHints":{"allow":["GET"]}}],"collection":[{"href":"https:\/\/www.ferrovial.com\/es\/wp-json\/wp\/v2\/pages"}],"about":[{"href":"https:\/\/www.ferrovial.com\/es\/wp-json\/wp\/v2\/types\/page"}],"replies":[{"embeddable":true,"href":"https:\/\/www.ferrovial.com\/es\/wp-json\/wp\/v2\/comments?post=239297"}],"version-history":[{"count":3,"href":"https:\/\/www.ferrovial.com\/es\/wp-json\/wp\/v2\/pages\/239297\/revisions"}],"predecessor-version":[{"id":240219,"href":"https:\/\/www.ferrovial.com\/es\/wp-json\/wp\/v2\/pages\/239297\/revisions\/240219"}],"up":[{"embeddable":true,"href":"https:\/\/www.ferrovial.com\/es\/wp-json\/wp\/v2\/pages\/227878"}],"wp:attachment":[{"href":"https:\/\/www.ferrovial.com\/es\/wp-json\/wp\/v2\/media?parent=239297"}],"curies":[{"name":"wp","href":"https:\/\/api.w.org\/{rel}","templated":true}]}}