{"id":239307,"date":"2022-09-22T08:22:34","date_gmt":"2022-09-22T06:22:34","guid":{"rendered":"https:\/\/www.ferrovial.com\/?page_id=239307"},"modified":"2022-10-05T18:20:05","modified_gmt":"2022-10-05T16:20:05","slug":"motores","status":"publish","type":"page","link":"https:\/\/www.ferrovial.com\/es\/stem\/motores\/","title":{"rendered":"Motores"},"content":{"rendered":"    <m-final-content-header >\n            <c-breadcrumb label-text=\"Breadcrumb\" slot=\"breadcrumbs\" type='2' align='left' wrap='wrapped wrapped' aria-label='Vienes de STEM'>\n                        <ol>\n\n                                                            <li><a href=\"https:\/\/www.ferrovial.com\/es\/\" title=\"Ferrovial\">Ferrovial<\/a><\/li>\n                                                                        <li><a href=\"https:\/\/www.ferrovial.com\/es\/stem\/\" title=\"STEM\">STEM<\/a><\/li>\n                                    \n                <\/ol>\n\n                <\/c-breadcrumb>\n    \n        <div slot=\"header\">\n            <h1>\n                \u00bfQu\u00e9 son los motores?            <\/h1>\n                    <\/div>\n    <\/m-final-content-header>\n\n    \n\n\n<m-wysiwig class=\"wp-block-components-wysiwyg\"><div slot=\"maincontent\">\n<script type=\"application\/ld+json\">\n{\n  \"@context\": \"https:\/\/schema.org\",\n  \"@type\": \"FAQPage\",\n  \"mainEntity\": [{\n    \"@type\": \"Question\",\n    \"name\": \"\u00bfQu\u00e9 son los motores?\",\n    \"acceptedAnswer\": {\n      \"@type\": \"Answer\",\n      \"text\": \"Los motores son mecanismos capaces de transformar un tipo de energ\u00eda (el\u00e9ctrica, de combusti\u00f3n, etc.) en energ\u00eda mec\u00e1nica. Esta transformaci\u00f3n permite la realizaci\u00f3n de un trabajo que hace funcionar un sistema o maquinaria.\"\n    }\n  },{\n    \"@type\": \"Question\",\n    \"name\": \"\u00bfCu\u00e1les son las caracter\u00edsticas de los motores?\",\n    \"acceptedAnswer\": {\n      \"@type\": \"Answer\",\n      \"text\": \"Existen distintos tipos de motores y cada uno tiene sus propias caracter\u00edsticas, pero hay algunos elementos que guardan en com\u00fan:\n\n<ul>\n<li>Estabilidad<\/li>\n<li>Potencia<\/li>\n<li>Rendimiento<\/li>\n<li>Par motor<\/li>\n<li>Velocidad nominal<\/li>\n<\/ul>\"\n    }\n  },{\n    \"@type\": \"Question\",\n    \"name\": \"\u00bfQu\u00e9 tipos de motores existen?\",\n    \"acceptedAnswer\": {\n      \"@type\": \"Answer\",\n      \"text\": \"De acuerdo con el tipo de energ\u00eda que requieran para cumplir con sus funciones, los motores pueden clasificarse en:\n<ol>\n<li>Motores el\u00e9ctricos<\/li>\n<li>Motores t\u00e9rmicos<\/li>\n<li>Motores h\u00edbridos<\/li>\n<li>Motores de reacci\u00f3n<\/li>\n<\/ol>\"\n    }\n  }]\n}\n<\/script>\n<p>Los motores son mecanismos capaces de <strong>transformar un tipo de energ\u00eda<\/strong> (el\u00e9ctrica, de combusti\u00f3n, etc.) <strong>en energ\u00eda mec\u00e1nica<\/strong>. Esta transformaci\u00f3n permite la realizaci\u00f3n de un trabajo que hace funcionar un sistema o <a href=\"https:\/\/www.ferrovial.com\/es\/recursos\/maquinaria\/\" target=\"_blank\" rel=\"noreferrer noopener\">maquinaria<\/a>. Los motores suelen fabricarse con piezas de acero o aluminio fundido, ideales para soportar y contrarrestar el calor que generan en el proceso mec\u00e1nico de transformaci\u00f3n de energ\u00eda.<\/p>\n\n\n\n<h2 class=\"wp-block-heading\">\u00bfCu\u00e1les son las caracter\u00edsticas de los motores?<\/h2>\n\n\n\n<p>Existen distintos tipos de motores y cada uno tiene sus propias caracter\u00edsticas, pero hay algunos elementos que guardan en com\u00fan:<\/p>\n\n\n\n<ul class=\"wp-block-list\"><li><strong>Estabilidad:<\/strong> es la capacidad de mantenerse funcionando a altas velocidades sin consumir una cantidad excesiva de combustible o energ\u00eda el\u00e9ctrica.<\/li><li><strong>Potencia:<\/strong> es el trabajo que generan los motores en un determinado tiempo, a una velocidad espec\u00edfica. La potencia de un motor se expresa en kW (kilovatios), seg\u00fan el Sistema Internacional de Unidades; en HP (<em>horsepower, caballos de fuerza<\/em>, en ingl\u00e9s), en los sistemas anglosajones; o en CV (caballos de vapor), en el sistema m\u00e9trico decimal.<\/li><li><strong>Rendimiento: <\/strong>es el resultado que se obtiene entre la potencia \u00fatil de los motores y la potencia absorbida.<\/li><li><strong>Par motor:<\/strong> consiste en el momento de fuerza que incide sobre el eje de los motores y que determina su giro.<\/li><li><strong>Velocidad nominal:<\/strong> se trata del n\u00famero de revoluciones por minuto a las que giran los motores.<\/li><\/ul>\n\n\n\n<h2 class=\"wp-block-heading\">\u00bfQu\u00e9 tipos de motores existen?<\/h2>\n\n\n\n<p>De acuerdo con el <strong>tipo de energ\u00eda<\/strong> que requieran para cumplir con sus funciones, los motores pueden clasificarse en:<\/p>\n\n\n\n<ol class=\"wp-block-list\"><li><strong>Motores el\u00e9ctricos:<\/strong> son aquellos cuyo trabajo es posible gracias a una corriente el\u00e9ctrica que <strong>se puede almacenar en bater\u00edas recargables.<\/strong> Tambi\u00e9n pueden ser de car\u00e1cter reversible, es decir, convertir la energ\u00eda mec\u00e1nica en el\u00e9ctrica, operando como generadores. Incluso, existen sistemas de tracci\u00f3n que combinan ambas tareas.<br><br>Los motores el\u00e9ctricos pueden impulsarse a trav\u00e9s de <strong>fuentes de corriente continua o directa <\/strong>(CC), es decir, la que proviene de <a href=\"https:\/\/www.ferrovial.com\/es\/stem\/bateria\/\" target=\"_blank\" rel=\"noreferrer noopener\">bater\u00edas<\/a>, paneles solares o instalaciones en el interior de artefactos que utilizan este sistema; o a trav\u00e9s de <strong>fuentes de corriente alterna (CA)<\/strong>, es decir, que se toma directamente de la red el\u00e9ctrica, los alternadores de plantas u otras corrientes bif\u00e1sicas o trif\u00e1sicas como los inversores de potencia.<br><br>Este tipo de motor es m\u00e1s ventajoso en t\u00e9rminos de sostenibilidad medioambiental frente a los de combusti\u00f3n porque su emisi\u00f3n de di\u00f3xido de carbono es m\u00ednima, adem\u00e1s de que no emiten calor ni ruido.<\/li><li><strong>Motores t\u00e9rmicos:<\/strong> son aquellos que utilizan la <strong>energ\u00eda t\u00e9rmica<\/strong> producto de la combusti\u00f3n de un fluido, ya sea gasoil o gasolina, para transformarla en energ\u00eda mec\u00e1nica. El calor necesario para el funcionamiento de la m\u00e1quina se genera gracias a las reacciones qu\u00edmicas de la combusti\u00f3n. Los motores t\u00e9rmicos se pueden clasificar, a su vez, en:<ul><li><strong>Motores de combusti\u00f3n externa:<\/strong> son aquellos cuyo proceso de combusti\u00f3n ocurre fuera del motor y el calor desprendido se transmite a un fluido intermedio, que es el que genera la energ\u00eda mec\u00e1nica. Tal es el caso de la <strong>m\u00e1quina de vapor<\/strong>, cuyo fluido intermedio es el vapor de agua y el lugar donde ocurre la combusti\u00f3n es la caldera, ubicada fuera del motor.<\/li><li><strong>Motores de combusti\u00f3n interna:<\/strong> el proceso de combusti\u00f3n ocurre dentro del mismo motor, en una c\u00e1mara interna en la que se generan los gases que producen el funcionamiento de la m\u00e1quina. Los m\u00e1s comunes son los motores de <strong>gasolina<\/strong>, que se valen de cuatro tiempos (admisi\u00f3n, compresi\u00f3n, combusti\u00f3n y escape) para su funcionamiento, en el que la gasolina se mezcla con el aire antes de ser aspirado por el cilindro para producir la combusti\u00f3n. Tambi\u00e9n est\u00e1n los motores de <strong>di\u00e9sel<\/strong>, que utilizan inyectores de combusti\u00f3n para ba\u00f1ar de combustible el cilindro. Este tipo de motores no tienen buj\u00eda, a diferencia de los de gasolina, por lo que necesita una compresi\u00f3n m\u00e1s alta para que se pueda dar la mezcla entre combustible y aire y as\u00ed pueda encenderse el motor.<\/li><\/ul><\/li><li><strong>Motores h\u00edbridos:<\/strong> son aquellos que utilizan dos tipos de potencia diferentes: la el\u00e9ctrica y la t\u00e9rmica, a trav\u00e9s de gasolina, que se combinan para poner en marcha un veh\u00edculo o m\u00e1quina. Pueden trabajar en conjunto, por separado o en paralelo, y buscan maximizar el rendimiento de combustibles como la gasolina, al mismo tiempo que se mantiene la bater\u00eda cargada, de manera que no sea necesario volverla a cargar.<\/li><li><strong>Motores de reacci\u00f3n:<\/strong> basados en la tercera de las <a href=\"https:\/\/www.ferrovial.com\/es\/stem\/leyes-de-newton\/\" target=\"_blank\" rel=\"noreferrer noopener\">Leyes de Newton<\/a>, este tipo de motores consisten en una turbina de gas que se utiliza para descargar chorros de fluidos a gran velocidad y provocar la propulsi\u00f3n de una m\u00e1quina. Un ejemplo de este tipo de motores son los turborreactores, cohetes y pulsorreactores.<\/li><\/ol>\n<\/div><\/m-wysiwig>\n","protected":false},"excerpt":{"rendered":"","protected":false},"featured_media":0,"parent":227878,"menu_order":0,"comment_status":"closed","ping_status":"closed","template":"","meta":{"_acf_changed":false,"footnotes":""},"class_list":["post-239307","page","type-page","status-publish","hentry"],"acf":[],"yoast_head":"<!-- This site is optimized with the Yoast SEO plugin v27.2 - https:\/\/yoast.com\/product\/yoast-seo-wordpress\/ -->\n<title>Motores: qu\u00e9 son, caracter\u00edsticas y tipos - Ferrovial<\/title>\n<meta name=\"description\" content=\"Los motores son mecanismos capaces de transformar un tipo de energ\u00eda (el\u00e9ctrica, de combusti\u00f3n, etc.) en energ\u00eda mec\u00e1nica. Esta transformaci\u00f3n permite...\" \/>\n<meta name=\"robots\" content=\"index, follow, max-snippet:-1, max-image-preview:large, max-video-preview:-1\" \/>\n<link rel=\"canonical\" href=\"https:\/\/www.ferrovial.com\/es\/stem\/motores\/\" \/>\n<meta property=\"og:locale\" content=\"es_ES\" \/>\n<meta property=\"og:type\" content=\"article\" \/>\n<meta property=\"og:title\" content=\"Motores: qu\u00e9 son, caracter\u00edsticas y tipos - Ferrovial\" \/>\n<meta property=\"og:description\" content=\"Los motores son mecanismos capaces de transformar un tipo de energ\u00eda (el\u00e9ctrica, de combusti\u00f3n, etc.) en energ\u00eda mec\u00e1nica. Esta transformaci\u00f3n permite...\" \/>\n<meta property=\"og:url\" content=\"https:\/\/www.ferrovial.com\/es\/stem\/motores\/\" \/>\n<meta property=\"og:site_name\" content=\"Ferrovial\" \/>\n<meta property=\"article:publisher\" content=\"https:\/\/www.facebook.com\/ferrovial\" \/>\n<meta property=\"article:modified_time\" content=\"2022-10-05T16:20:05+00:00\" \/>\n<meta name=\"twitter:card\" content=\"summary_large_image\" \/>\n<meta name=\"twitter:site\" content=\"@ferrovial\" \/>\n<meta name=\"twitter:label1\" content=\"Est. reading time\" \/>\n\t<meta name=\"twitter:data1\" content=\"5 minutos\" \/>\n<!-- \/ Yoast SEO plugin. -->","yoast_head_json":{"title":"Motores: qu\u00e9 son, caracter\u00edsticas y tipos - Ferrovial","description":"Los motores son mecanismos capaces de transformar un tipo de energ\u00eda (el\u00e9ctrica, de combusti\u00f3n, etc.) en energ\u00eda mec\u00e1nica. Esta transformaci\u00f3n permite...","robots":{"index":"index","follow":"follow","max-snippet":"max-snippet:-1","max-image-preview":"max-image-preview:large","max-video-preview":"max-video-preview:-1"},"canonical":"https:\/\/www.ferrovial.com\/es\/stem\/motores\/","og_locale":"es_ES","og_type":"article","og_title":"Motores: qu\u00e9 son, caracter\u00edsticas y tipos - Ferrovial","og_description":"Los motores son mecanismos capaces de transformar un tipo de energ\u00eda (el\u00e9ctrica, de combusti\u00f3n, etc.) en energ\u00eda mec\u00e1nica. Esta transformaci\u00f3n permite...","og_url":"https:\/\/www.ferrovial.com\/es\/stem\/motores\/","og_site_name":"Ferrovial","article_publisher":"https:\/\/www.facebook.com\/ferrovial","article_modified_time":"2022-10-05T16:20:05+00:00","twitter_card":"summary_large_image","twitter_site":"@ferrovial","twitter_misc":{"Est. reading time":"5 minutos"},"schema":{"@context":"https:\/\/schema.org","@graph":[{"@type":"WebPage","@id":"https:\/\/www.ferrovial.com\/es\/stem\/motores\/","url":"https:\/\/www.ferrovial.com\/es\/stem\/motores\/","name":"Motores: qu\u00e9 son, caracter\u00edsticas y tipos - Ferrovial","isPartOf":{"@id":"https:\/\/www.ferrovial.com\/es\/#website"},"datePublished":"2022-09-22T06:22:34+00:00","dateModified":"2022-10-05T16:20:05+00:00","description":"Los motores son mecanismos capaces de transformar un tipo de energ\u00eda (el\u00e9ctrica, de combusti\u00f3n, etc.) en energ\u00eda mec\u00e1nica. Esta transformaci\u00f3n permite...","breadcrumb":{"@id":"https:\/\/www.ferrovial.com\/es\/stem\/motores\/#breadcrumb"},"inLanguage":"es","potentialAction":[{"@type":"ReadAction","target":["https:\/\/www.ferrovial.com\/es\/stem\/motores\/"]}]},{"@type":"BreadcrumbList","@id":"https:\/\/www.ferrovial.com\/es\/stem\/motores\/#breadcrumb","itemListElement":[{"@type":"ListItem","position":1,"name":"Portada","item":"https:\/\/www.ferrovial.com\/es\/"},{"@type":"ListItem","position":2,"name":"STEM","item":"https:\/\/www.ferrovial.com\/es\/stem\/"},{"@type":"ListItem","position":3,"name":"Motores"}]},{"@type":"WebSite","@id":"https:\/\/www.ferrovial.com\/es\/#website","url":"https:\/\/www.ferrovial.com\/es\/","name":"Ferrovial","description":"Welcome to the Ferrovial&#039;s website, global operator of sustainable infrastructure. Here you can find all the information about the company and subsidiaries.","publisher":{"@id":"https:\/\/www.ferrovial.com\/es\/#organization"},"potentialAction":[{"@type":"SearchAction","target":{"@type":"EntryPoint","urlTemplate":"https:\/\/www.ferrovial.com\/es\/?s={search_term_string}"},"query-input":{"@type":"PropertyValueSpecification","valueRequired":true,"valueName":"search_term_string"}}],"inLanguage":"es"},{"@type":"Organization","@id":"https:\/\/www.ferrovial.com\/es\/#organization","name":"Ferrovial S.A.","url":"https:\/\/www.ferrovial.com\/es\/","logo":{"@type":"ImageObject","inLanguage":"es","@id":"https:\/\/www.ferrovial.com\/es\/#\/schema\/logo\/image\/","url":"https:\/\/static.ferrovial.com\/wp-content\/uploads\/2020\/01\/13124948\/logo-ferrovial-cf7.png","contentUrl":"https:\/\/static.ferrovial.com\/wp-content\/uploads\/2020\/01\/13124948\/logo-ferrovial-cf7.png","width":144,"height":32,"caption":"Ferrovial S.A."},"image":{"@id":"https:\/\/www.ferrovial.com\/es\/#\/schema\/logo\/image\/"},"sameAs":["https:\/\/www.facebook.com\/ferrovial","https:\/\/x.com\/ferrovial","https:\/\/www.instagram.com\/ferrovial\/","https:\/\/www.linkedin.com\/company\/ferrovial","https:\/\/www.pinterest.es\/ferrovial\/","https:\/\/www.youtube.com\/ferrovial","https:\/\/en.wikipedia.org\/wiki\/Ferrovial"]}]}},"_links":{"self":[{"href":"https:\/\/www.ferrovial.com\/es\/wp-json\/wp\/v2\/pages\/239307","targetHints":{"allow":["GET"]}}],"collection":[{"href":"https:\/\/www.ferrovial.com\/es\/wp-json\/wp\/v2\/pages"}],"about":[{"href":"https:\/\/www.ferrovial.com\/es\/wp-json\/wp\/v2\/types\/page"}],"replies":[{"embeddable":true,"href":"https:\/\/www.ferrovial.com\/es\/wp-json\/wp\/v2\/comments?post=239307"}],"version-history":[{"count":2,"href":"https:\/\/www.ferrovial.com\/es\/wp-json\/wp\/v2\/pages\/239307\/revisions"}],"predecessor-version":[{"id":240221,"href":"https:\/\/www.ferrovial.com\/es\/wp-json\/wp\/v2\/pages\/239307\/revisions\/240221"}],"up":[{"embeddable":true,"href":"https:\/\/www.ferrovial.com\/es\/wp-json\/wp\/v2\/pages\/227878"}],"wp:attachment":[{"href":"https:\/\/www.ferrovial.com\/es\/wp-json\/wp\/v2\/media?parent=239307"}],"curies":[{"name":"wp","href":"https:\/\/api.w.org\/{rel}","templated":true}]}}