{"id":239315,"date":"2022-09-22T08:46:21","date_gmt":"2022-09-22T06:46:21","guid":{"rendered":"https:\/\/www.ferrovial.com\/?page_id=239315"},"modified":"2022-10-05T18:28:12","modified_gmt":"2022-10-05T16:28:12","slug":"osciloscopio","status":"publish","type":"page","link":"https:\/\/www.ferrovial.com\/es\/stem\/osciloscopio\/","title":{"rendered":"Osciloscopio"},"content":{"rendered":"    <m-final-content-header >\n            <c-breadcrumb label-text=\"Breadcrumb\" slot=\"breadcrumbs\" type='2' align='left' wrap='wrapped wrapped' aria-label='Vienes de STEM'>\n                        <ol>\n\n                                                            <li><a href=\"https:\/\/www.ferrovial.com\/es\/\" title=\"Ferrovial\">Ferrovial<\/a><\/li>\n                                                                        <li><a href=\"https:\/\/www.ferrovial.com\/es\/stem\/\" title=\"STEM\">STEM<\/a><\/li>\n                                    \n                <\/ol>\n\n                <\/c-breadcrumb>\n    \n        <div slot=\"header\">\n            <h1>\n                \u00bfQu\u00e9 es un osciloscopio?            <\/h1>\n                    <\/div>\n    <\/m-final-content-header>\n\n    \n\n\n<m-wysiwig class=\"wp-block-components-wysiwyg\"><div slot=\"maincontent\">\n<script type=\"application\/ld+json\">\n{\n  \"@context\": \"https:\/\/schema.org\",\n  \"@type\": \"FAQPage\",\n  \"mainEntity\": [{\n    \"@type\": \"Question\",\n    \"name\": \"\u00bfQu\u00e9 es un osciloscopio?\",\n    \"acceptedAnswer\": {\n      \"@type\": \"Answer\",\n      \"text\": \"El t\u00e9rmino osciloscopio se utiliza para nombrar el instrumento de medici\u00f3n electr\u00f3nica para la visualizaci\u00f3n de se\u00f1ales el\u00e9ctricas en un tiempo determinado. Estas se\u00f1ales se expresan en gr\u00e1ficas en las que un haz de electrones atraviesa un eje de coordenadas en una pantalla de f\u00f3sforo. La amplitud se representa en el eje vertical y el tiempo, en el eje horizontal. La imagen que resulta de la medici\u00f3n se conoce como oscilograma.\"\n    }\n  },{\n    \"@type\": \"Question\",\n    \"name\": \"\u00bfCu\u00e1les son los criterios de medici\u00f3n de un osciloscopio?\",\n    \"acceptedAnswer\": {\n      \"@type\": \"Answer\",\n      \"text\": \"Todo osciloscopio tiene conmutadores que facilitan el ajuste del rango de tiempo y voltaje. Adem\u00e1s, dispone de tres controles reguladores de la se\u00f1al de entrada para medirla y visualizarla en la pantalla del equipo:\n\n<ol>\n<li>Control regulador del eje X: es decir, el horizontal, para medir el tiempo, ya sea en microsegundos, milisegundos o segundos.<\/li>\n<li>Control regulador del eje Y: es decir, el vertical, para medir el voltaje de la se\u00f1al de entrada, ya sea en volts, milivolts, microvolts, etc.<\/li>\n<li>Control de ajuste del disparo: tambi\u00e9n conocido como trigger, por su nombre en ingl\u00e9s, para sincronizar las ondas repetidas peri\u00f3dicamente.<\/li>\n<\/ol>\"\n    }\n  },{\n    \"@type\": \"Question\",\n    \"name\": \"\u00bfQu\u00e9 tipos de osciloscopios existen?\",\n    \"acceptedAnswer\": {\n      \"@type\": \"Answer\",\n      \"text\": \"Aunque su premisa de trabajo es similar, existen diferencias entre los dos tipos de osciloscopios. Seg\u00fan su visualizaci\u00f3n, se clasifican en:\n\n<ol>\n<li>Anal\u00f3gico<\/li>\n<li>Digitales<\/li>\n<\/ol>\"\n    }\n  },{\n    \"@type\": \"Question\",\n    \"name\": \"\u00bfQu\u00e9 usos se les puede dar a un osciloscopio?\",\n    \"acceptedAnswer\": {\n      \"@type\": \"Answer\",\n      \"text\": \"Un osciloscopio, adem\u00e1s de dar a conocer la amplitud de un voltaje y su frecuencia, sirve para captar y diferenciar las distintas corrientes alternas a la principal. Adem\u00e1s, permite identificar fallos presentes en una se\u00f1al.\n\nEl uso de un osciloscopio es com\u00fan en el campo de la electr\u00f3nica, pero tambi\u00e9n se puede utilizar para medir distintos fen\u00f3menos que cambian con el paso del tiempo, tales como:\n\n<ul>\n<li>Potencia de un sonido.<\/li>\n<li>Vibraciones.<\/li>\n<li>La actividad el\u00e9ctrica de los nervios.<\/li>\n<li>Ritmo respiratorio o presi\u00f3n arterial.<\/li>\n<\/ul>\"\n    }\n  }]\n}\n<\/script>\n<p>El t\u00e9rmino <em>osciloscopio <\/em>se utiliza para nombrar el <strong>instrumento de medici\u00f3n electr\u00f3nica para la visualizaci\u00f3n de se\u00f1ales el\u00e9ctricas<\/strong> en un tiempo determinado. Estas se\u00f1ales se expresan en gr\u00e1ficas en las que un haz de electrones atraviesa un eje de coordenadas en una pantalla de f\u00f3sforo. La amplitud se representa en el eje vertical y el tiempo, en el eje horizontal<strong>. <\/strong>La imagen que resulta de la medici\u00f3n se conoce como <strong>oscilograma.<\/strong><\/p>\n\n\n\n<h2 class=\"wp-block-heading\"><strong>\u00bfCu\u00e1les son los criterios de medici\u00f3n de un osciloscopio?<\/strong><\/h2>\n\n\n\n<p>Todo osciloscopio tiene <strong>conmutadores <\/strong>que facilitan el ajuste del <strong>rango de tiempo y voltaje<\/strong>. Adem\u00e1s, dispone de tres controles reguladores de la se\u00f1al de entrada para medirla y visualizarla en la pantalla del equipo:<\/p>\n\n\n\n<ol class=\"wp-block-list\"><li><strong>Control regulador del eje X:<\/strong> es decir, el horizontal, para medir el tiempo, ya sea en microsegundos, milisegundos o segundos.<\/li><li><strong>Control regulador del eje Y:<\/strong> es decir, el vertical, para medir el voltaje de la se\u00f1al de entrada, ya sea en volts, milivolts, microvolts, etc.<\/li><li><strong>Control de ajuste del disparo:<\/strong> tambi\u00e9n conocido como <em>trigger<\/em>, por su nombre en ingl\u00e9s, para sincronizar las ondas repetidas peri\u00f3dicamente.<\/li><\/ol>\n\n\n\n<h2 class=\"wp-block-heading\"><strong>\u00bfQu\u00e9 tipos de osciloscopios existen?<\/strong><\/h2>\n\n\n\n<p>Aunque su premisa de trabajo es similar, existen diferencias entre los dos tipos de osciloscopios. Seg\u00fan su visualizaci\u00f3n, se clasifican en:<\/p>\n\n\n\n<ol class=\"wp-block-list\"><li><strong>Anal\u00f3gico: <\/strong>cuenta con una pantalla de tubo de rayos cat\u00f3dicos, varios canales verticales, uno horizontal, una base que marca el tiempo y un sistema de disparo. La tensi\u00f3n que mide es generada a trav\u00e9s de un circuito cuya frecuencia puede ajustarse en un rango muy amplio de valores, permitiendo adaptarse a la frecuencia de la se\u00f1al que se est\u00e1 midiendo.<br>Mientras los osciloscopios anal\u00f3gicos tienen una pantalla CRT (es decir, un tubo de rayos cat\u00f3dicos, por sus siglas en ingl\u00e9s <em>Cathode Ray Tube<\/em>), los digitales incluyen pantallas LED mucho m\u00e1s n\u00edtidas y potentes.<br>Aunque funcionan sin dificultad para tareas sencillas, este tipo de osciloscopio tiene un ancho de banda menor. Es por esta raz\u00f3n que se trata de un instrumento cada vez m\u00e1s obsoleto, quedando desplazado por los digitales.<\/li><li><strong>Digitales: <\/strong>esta modalidad destaca por sus facilidades de manipulaci\u00f3n, ya que puede mostrar, decodificar y guardar de forma digitalizada la se\u00f1al de entrada. Esta funci\u00f3n es producto de la asignaci\u00f3n de un c\u00f3digo binario a la se\u00f1al que entra de forma anal\u00f3gica, por lo que es necesario que el instrumento cuente con un conversor an\u00e1logo-digital (ADC). Una vez almacenados los datos en una memoria, el aparato puede realizar los c\u00e1lculos de la se\u00f1al.<\/li><\/ol>\n\n\n\n<h2 class=\"wp-block-heading\"><strong>\u00bfQu\u00e9 usos se les puede dar a un osciloscopio?<\/strong><\/h2>\n\n\n\n<p>Un osciloscopio, adem\u00e1s de dar a conocer la amplitud de un voltaje y su frecuencia, sirve para <strong>captar y diferenciar las distintas corrientes alternas <\/strong>a la principal. Adem\u00e1s, permite <strong>identificar fallos <\/strong>presentes en una se\u00f1al.<\/p>\n\n\n\n<p>El uso de un osciloscopio es com\u00fan en el campo de la electr\u00f3nica, pero tambi\u00e9n se puede utilizar para medir distintos fen\u00f3menos que cambian con el paso del tiempo, tales como:<\/p>\n\n\n\n<ul class=\"wp-block-list\"><li>Potencia de un sonido.<\/li><li>Vibraciones.<\/li><li>La actividad el\u00e9ctrica de los nervios.<\/li><li>Ritmo respiratorio o presi\u00f3n arterial.<\/li><\/ul>\n<\/div><\/m-wysiwig>\n","protected":false},"excerpt":{"rendered":"","protected":false},"featured_media":0,"parent":227878,"menu_order":0,"comment_status":"closed","ping_status":"closed","template":"","meta":{"_acf_changed":false,"footnotes":""},"class_list":["post-239315","page","type-page","status-publish","hentry"],"acf":[],"yoast_head":"<!-- This site is optimized with the Yoast SEO plugin v27.2 - https:\/\/yoast.com\/product\/yoast-seo-wordpress\/ -->\n<title>Osciloscopio: qu\u00e9 es, qu\u00e9 usos tiene, c\u00f3mo mide, tipos - Ferrovial<\/title>\n<meta name=\"description\" content=\"Un osciloscopio, adem\u00e1s de mostrar la amplitud de un voltaje y su frecuencia, sirve para captar y diferenciar distintas corrientes alternas a la principal.\" \/>\n<meta name=\"robots\" content=\"index, follow, max-snippet:-1, max-image-preview:large, max-video-preview:-1\" \/>\n<link rel=\"canonical\" href=\"https:\/\/www.ferrovial.com\/es\/stem\/osciloscopio\/\" \/>\n<meta property=\"og:locale\" content=\"es_ES\" \/>\n<meta property=\"og:type\" content=\"article\" \/>\n<meta property=\"og:title\" content=\"Osciloscopio: qu\u00e9 es, qu\u00e9 usos tiene, c\u00f3mo mide, tipos - Ferrovial\" \/>\n<meta property=\"og:description\" content=\"Un osciloscopio, adem\u00e1s de mostrar la amplitud de un voltaje y su frecuencia, sirve para captar y diferenciar distintas corrientes alternas a la principal.\" \/>\n<meta property=\"og:url\" content=\"https:\/\/www.ferrovial.com\/es\/stem\/osciloscopio\/\" \/>\n<meta property=\"og:site_name\" content=\"Ferrovial\" \/>\n<meta property=\"article:publisher\" content=\"https:\/\/www.facebook.com\/ferrovial\" \/>\n<meta property=\"article:modified_time\" content=\"2022-10-05T16:28:12+00:00\" \/>\n<meta name=\"twitter:card\" content=\"summary_large_image\" \/>\n<meta name=\"twitter:site\" content=\"@ferrovial\" \/>\n<meta name=\"twitter:label1\" content=\"Est. reading time\" \/>\n\t<meta name=\"twitter:data1\" content=\"4 minutos\" \/>\n<!-- \/ Yoast SEO plugin. -->","yoast_head_json":{"title":"Osciloscopio: qu\u00e9 es, qu\u00e9 usos tiene, c\u00f3mo mide, tipos - Ferrovial","description":"Un osciloscopio, adem\u00e1s de mostrar la amplitud de un voltaje y su frecuencia, sirve para captar y diferenciar distintas corrientes alternas a la principal.","robots":{"index":"index","follow":"follow","max-snippet":"max-snippet:-1","max-image-preview":"max-image-preview:large","max-video-preview":"max-video-preview:-1"},"canonical":"https:\/\/www.ferrovial.com\/es\/stem\/osciloscopio\/","og_locale":"es_ES","og_type":"article","og_title":"Osciloscopio: qu\u00e9 es, qu\u00e9 usos tiene, c\u00f3mo mide, tipos - Ferrovial","og_description":"Un osciloscopio, adem\u00e1s de mostrar la amplitud de un voltaje y su frecuencia, sirve para captar y diferenciar distintas corrientes alternas a la principal.","og_url":"https:\/\/www.ferrovial.com\/es\/stem\/osciloscopio\/","og_site_name":"Ferrovial","article_publisher":"https:\/\/www.facebook.com\/ferrovial","article_modified_time":"2022-10-05T16:28:12+00:00","twitter_card":"summary_large_image","twitter_site":"@ferrovial","twitter_misc":{"Est. reading time":"4 minutos"},"schema":{"@context":"https:\/\/schema.org","@graph":[{"@type":"WebPage","@id":"https:\/\/www.ferrovial.com\/es\/stem\/osciloscopio\/","url":"https:\/\/www.ferrovial.com\/es\/stem\/osciloscopio\/","name":"Osciloscopio: qu\u00e9 es, qu\u00e9 usos tiene, c\u00f3mo mide, tipos - Ferrovial","isPartOf":{"@id":"https:\/\/www.ferrovial.com\/es\/#website"},"datePublished":"2022-09-22T06:46:21+00:00","dateModified":"2022-10-05T16:28:12+00:00","description":"Un osciloscopio, adem\u00e1s de mostrar la amplitud de un voltaje y su frecuencia, sirve para captar y diferenciar distintas corrientes alternas a la principal.","breadcrumb":{"@id":"https:\/\/www.ferrovial.com\/es\/stem\/osciloscopio\/#breadcrumb"},"inLanguage":"es","potentialAction":[{"@type":"ReadAction","target":["https:\/\/www.ferrovial.com\/es\/stem\/osciloscopio\/"]}]},{"@type":"BreadcrumbList","@id":"https:\/\/www.ferrovial.com\/es\/stem\/osciloscopio\/#breadcrumb","itemListElement":[{"@type":"ListItem","position":1,"name":"Portada","item":"https:\/\/www.ferrovial.com\/es\/"},{"@type":"ListItem","position":2,"name":"STEM","item":"https:\/\/www.ferrovial.com\/es\/stem\/"},{"@type":"ListItem","position":3,"name":"Osciloscopio"}]},{"@type":"WebSite","@id":"https:\/\/www.ferrovial.com\/es\/#website","url":"https:\/\/www.ferrovial.com\/es\/","name":"Ferrovial","description":"Welcome to the Ferrovial&#039;s website, global operator of sustainable infrastructure. Here you can find all the information about the company and subsidiaries.","publisher":{"@id":"https:\/\/www.ferrovial.com\/es\/#organization"},"potentialAction":[{"@type":"SearchAction","target":{"@type":"EntryPoint","urlTemplate":"https:\/\/www.ferrovial.com\/es\/?s={search_term_string}"},"query-input":{"@type":"PropertyValueSpecification","valueRequired":true,"valueName":"search_term_string"}}],"inLanguage":"es"},{"@type":"Organization","@id":"https:\/\/www.ferrovial.com\/es\/#organization","name":"Ferrovial S.A.","url":"https:\/\/www.ferrovial.com\/es\/","logo":{"@type":"ImageObject","inLanguage":"es","@id":"https:\/\/www.ferrovial.com\/es\/#\/schema\/logo\/image\/","url":"https:\/\/static.ferrovial.com\/wp-content\/uploads\/2020\/01\/13124948\/logo-ferrovial-cf7.png","contentUrl":"https:\/\/static.ferrovial.com\/wp-content\/uploads\/2020\/01\/13124948\/logo-ferrovial-cf7.png","width":144,"height":32,"caption":"Ferrovial S.A."},"image":{"@id":"https:\/\/www.ferrovial.com\/es\/#\/schema\/logo\/image\/"},"sameAs":["https:\/\/www.facebook.com\/ferrovial","https:\/\/x.com\/ferrovial","https:\/\/www.instagram.com\/ferrovial\/","https:\/\/www.linkedin.com\/company\/ferrovial","https:\/\/www.pinterest.es\/ferrovial\/","https:\/\/www.youtube.com\/ferrovial","https:\/\/en.wikipedia.org\/wiki\/Ferrovial"]}]}},"_links":{"self":[{"href":"https:\/\/www.ferrovial.com\/es\/wp-json\/wp\/v2\/pages\/239315","targetHints":{"allow":["GET"]}}],"collection":[{"href":"https:\/\/www.ferrovial.com\/es\/wp-json\/wp\/v2\/pages"}],"about":[{"href":"https:\/\/www.ferrovial.com\/es\/wp-json\/wp\/v2\/types\/page"}],"replies":[{"embeddable":true,"href":"https:\/\/www.ferrovial.com\/es\/wp-json\/wp\/v2\/comments?post=239315"}],"version-history":[{"count":3,"href":"https:\/\/www.ferrovial.com\/es\/wp-json\/wp\/v2\/pages\/239315\/revisions"}],"predecessor-version":[{"id":240223,"href":"https:\/\/www.ferrovial.com\/es\/wp-json\/wp\/v2\/pages\/239315\/revisions\/240223"}],"up":[{"embeddable":true,"href":"https:\/\/www.ferrovial.com\/es\/wp-json\/wp\/v2\/pages\/227878"}],"wp:attachment":[{"href":"https:\/\/www.ferrovial.com\/es\/wp-json\/wp\/v2\/media?parent=239315"}],"curies":[{"name":"wp","href":"https:\/\/api.w.org\/{rel}","templated":true}]}}