{"id":23974,"date":"2019-09-13T13:44:14","date_gmt":"2019-09-13T11:44:14","guid":{"rendered":"https:\/\/www.ferrovial.com\/?page_id=23974"},"modified":"2020-05-20T11:19:23","modified_gmt":"2020-05-20T09:19:23","slug":"emisiones-y-rating","status":"publish","type":"page","link":"https:\/\/www.ferrovial.com\/es\/accionistas-e-inversores\/informacion-bursatil\/emisiones-y-rating\/","title":{"rendered":"Emisiones y ratings"},"content":{"rendered":"    <m-final-content-header >\n            <c-breadcrumb label-text=\"Breadcrumb\" slot=\"breadcrumbs\" type='2' align='left' wrap='wrapped wrapped' aria-label='Vienes de Informaci\u00f3n burs\u00e1til'>\n                        <ol>\n\n                                                            <li><a href=\"https:\/\/www.ferrovial.com\/es\/\" title=\"Ferrovial\">Ferrovial<\/a><\/li>\n                                                                        <li><a href=\"https:\/\/www.ferrovial.com\/es\/accionistas-e-inversores\/\" title=\"Accionistas e inversores\">Accionistas e inversores<\/a><\/li>\n                                                                        <li><a href=\"https:\/\/www.ferrovial.com\/es\/accionistas-e-inversores\/informacion-bursatil\/\" title=\"Informaci\u00f3n burs\u00e1til\">Informaci\u00f3n burs\u00e1til<\/a><\/li>\n                                    \n                <\/ol>\n\n                <\/c-breadcrumb>\n    \n        <div slot=\"header\">\n            <h1>\n                Emisiones y ratings            <\/h1>\n                    <\/div>\n    <\/m-final-content-header>\n\n    \n\n    <m-cyphers-basic>\n                        <ul slot=\"cyphers\">\n                                                <li>\n                                                                        <p class=\"pre\">\n                                            S&#038;P                                        <\/p>\n                                                                                <p class=\"number\">\n                                            BBB                                         <\/p>\n                                                                                <p class=\"post\">\n                                            (Stable)                                        <\/p>\n                                                                    <\/li>\n                                                        <li>\n                                                                        <p class=\"pre\">\n                                            Fitch                                        <\/p>\n                                                                                <p class=\"number\">\n                                            BBB                                         <\/p>\n                                                                                <p class=\"post\">\n                                            (Stable)                                        <\/p>\n                                                                    <\/li>\n                                            <\/ul>\n                    <\/m-cyphers-basic>\n\n    \n\n    <m-multiple-distributor columns='3'>\n                            <div class=\"card\">\n                                                <img decoding=\"async\" src=\"https:\/\/static.ferrovial.com\/wp-content\/uploads\/2019\/10\/13134050\/lbj-3_2018-062-02.jpg\" alt=\"autopista LBJ express en Texas Estados Unidos\" position=\"center \" \/>\n                                                        <p class=\"name\">Rating<\/p>\n                                                                    <p class=\"description\">Descripci\u00f3n por defecto<\/p>\n                                                                        <a title='M\u00e1s informaci\u00f3n' aria-label='M\u00e1s informaci\u00f3n sobre Rating'>M\u00e1s informaci\u00f3n<\/a>\n                                                            <\/div>\n                                        <div class=\"card\">\n                                                <img decoding=\"async\" src=\"https:\/\/static.ferrovial.com\/wp-content\/uploads\/2019\/10\/13134047\/q86-autovia-soto-del-barco-muros-de-nalon1-800x600.jpg\" alt=\"Q86-Autov\u00eda-Soto-del-Barco-Muros-de-Nal\u00f3n\" position=\"center \" \/>\n                                                        <p class=\"name\">Emisiones de deuda<\/p>\n                                                                    <p class=\"description\">Descripci\u00f3n por defecto<\/p>\n                                                                        <a title='M\u00e1s informaci\u00f3n' aria-label='M\u00e1s informaci\u00f3n sobre Emisiones de deuda'>M\u00e1s informaci\u00f3n<\/a>\n                                                            <\/div>\n                                        <div class=\"card\">\n                                                <img decoding=\"async\" src=\"https:\/\/static.ferrovial.com\/wp-content\/uploads\/2019\/10\/13134048\/presa-de-iruenc2a6aa3-800x600.jpg\" alt=\"Presa-de-Iruenc\" position=\"center \" \/>\n                                                        <p class=\"name\">Documentaci\u00f3n de emisiones de deuda<\/p>\n                                                                    <p class=\"description\">Descripci\u00f3n por defecto<\/p>\n                                                                        <a title='M\u00e1s informaci\u00f3n' aria-label='M\u00e1s informaci\u00f3n sobre Documentaci\u00f3n de emisiones de deuda'>M\u00e1s informaci\u00f3n<\/a>\n                                                            <\/div>\n                        <\/m-multiple-distributor>\n\n    ","protected":false},"excerpt":{"rendered":"","protected":false},"featured_media":0,"parent":19097,"menu_order":0,"comment_status":"closed","ping_status":"closed","template":"","meta":{"_acf_changed":false,"footnotes":""},"class_list":["post-23974","page","type-page","status-publish","hentry"],"acf":[],"yoast_head":"<!-- This site is optimized with the Yoast SEO plugin v27.2 - https:\/\/yoast.com\/product\/yoast-seo-wordpress\/ -->\n<title>Emisiones, Rating y documentaci\u00f3n oficial - Ferrovial<\/title>\n<meta name=\"description\" content=\"Toda la Documentaci\u00f3n de Emisiones de Deuda y Rating accesible para accionistas e inversores de Ferrovial. Entra e inf\u00f3rmate\" \/>\n<meta name=\"robots\" content=\"index, follow, max-snippet:-1, max-image-preview:large, max-video-preview:-1\" \/>\n<link rel=\"canonical\" href=\"https:\/\/www.ferrovial.com\/es\/accionistas-e-inversores\/informacion-bursatil\/emisiones-y-rating\/\" \/>\n<meta property=\"og:locale\" content=\"es_ES\" \/>\n<meta property=\"og:type\" content=\"article\" \/>\n<meta property=\"og:title\" content=\"Emisiones, Rating y documentaci\u00f3n oficial - Ferrovial\" \/>\n<meta property=\"og:description\" content=\"Toda la Documentaci\u00f3n de Emisiones de Deuda y Rating accesible para accionistas e inversores de Ferrovial. Entra e inf\u00f3rmate\" \/>\n<meta property=\"og:url\" content=\"https:\/\/www.ferrovial.com\/es\/accionistas-e-inversores\/informacion-bursatil\/emisiones-y-rating\/\" \/>\n<meta property=\"og:site_name\" content=\"Ferrovial\" \/>\n<meta property=\"article:publisher\" content=\"https:\/\/www.facebook.com\/ferrovial\" \/>\n<meta property=\"article:modified_time\" content=\"2020-05-20T09:19:23+00:00\" \/>\n<meta name=\"twitter:card\" content=\"summary_large_image\" \/>\n<meta name=\"twitter:site\" content=\"@ferrovial\" \/>\n<!-- \/ Yoast SEO plugin. -->","yoast_head_json":{"title":"Emisiones, Rating y documentaci\u00f3n oficial - Ferrovial","description":"Toda la Documentaci\u00f3n de Emisiones de Deuda y Rating accesible para accionistas e inversores de Ferrovial. Entra e inf\u00f3rmate","robots":{"index":"index","follow":"follow","max-snippet":"max-snippet:-1","max-image-preview":"max-image-preview:large","max-video-preview":"max-video-preview:-1"},"canonical":"https:\/\/www.ferrovial.com\/es\/accionistas-e-inversores\/informacion-bursatil\/emisiones-y-rating\/","og_locale":"es_ES","og_type":"article","og_title":"Emisiones, Rating y documentaci\u00f3n oficial - Ferrovial","og_description":"Toda la Documentaci\u00f3n de Emisiones de Deuda y Rating accesible para accionistas e inversores de Ferrovial. Entra e inf\u00f3rmate","og_url":"https:\/\/www.ferrovial.com\/es\/accionistas-e-inversores\/informacion-bursatil\/emisiones-y-rating\/","og_site_name":"Ferrovial","article_publisher":"https:\/\/www.facebook.com\/ferrovial","article_modified_time":"2020-05-20T09:19:23+00:00","twitter_card":"summary_large_image","twitter_site":"@ferrovial","schema":{"@context":"https:\/\/schema.org","@graph":[{"@type":"WebPage","@id":"https:\/\/www.ferrovial.com\/es\/accionistas-e-inversores\/informacion-bursatil\/emisiones-y-rating\/","url":"https:\/\/www.ferrovial.com\/es\/accionistas-e-inversores\/informacion-bursatil\/emisiones-y-rating\/","name":"Emisiones, Rating y documentaci\u00f3n oficial - Ferrovial","isPartOf":{"@id":"https:\/\/www.ferrovial.com\/es\/#website"},"datePublished":"2019-09-13T11:44:14+00:00","dateModified":"2020-05-20T09:19:23+00:00","description":"Toda la Documentaci\u00f3n de Emisiones de Deuda y Rating accesible para accionistas e inversores de Ferrovial. Entra e inf\u00f3rmate","breadcrumb":{"@id":"https:\/\/www.ferrovial.com\/es\/accionistas-e-inversores\/informacion-bursatil\/emisiones-y-rating\/#breadcrumb"},"inLanguage":"es","potentialAction":[{"@type":"ReadAction","target":["https:\/\/www.ferrovial.com\/es\/accionistas-e-inversores\/informacion-bursatil\/emisiones-y-rating\/"]}]},{"@type":"BreadcrumbList","@id":"https:\/\/www.ferrovial.com\/es\/accionistas-e-inversores\/informacion-bursatil\/emisiones-y-rating\/#breadcrumb","itemListElement":[{"@type":"ListItem","position":1,"name":"Portada","item":"https:\/\/www.ferrovial.com\/es\/"},{"@type":"ListItem","position":2,"name":"Accionistas e inversores","item":"https:\/\/www.ferrovial.com\/es\/accionistas-e-inversores\/"},{"@type":"ListItem","position":3,"name":"Informaci\u00f3n burs\u00e1til","item":"https:\/\/www.ferrovial.com\/es\/accionistas-e-inversores\/informacion-bursatil\/"},{"@type":"ListItem","position":4,"name":"Emisiones y ratings"}]},{"@type":"WebSite","@id":"https:\/\/www.ferrovial.com\/es\/#website","url":"https:\/\/www.ferrovial.com\/es\/","name":"Ferrovial","description":"Welcome to the Ferrovial&#039;s website, global operator of sustainable infrastructure. Here you can find all the information about the company and subsidiaries.","publisher":{"@id":"https:\/\/www.ferrovial.com\/es\/#organization"},"potentialAction":[{"@type":"SearchAction","target":{"@type":"EntryPoint","urlTemplate":"https:\/\/www.ferrovial.com\/es\/?s={search_term_string}"},"query-input":{"@type":"PropertyValueSpecification","valueRequired":true,"valueName":"search_term_string"}}],"inLanguage":"es"},{"@type":"Organization","@id":"https:\/\/www.ferrovial.com\/es\/#organization","name":"Ferrovial S.A.","url":"https:\/\/www.ferrovial.com\/es\/","logo":{"@type":"ImageObject","inLanguage":"es","@id":"https:\/\/www.ferrovial.com\/es\/#\/schema\/logo\/image\/","url":"https:\/\/static.ferrovial.com\/wp-content\/uploads\/2020\/01\/13124948\/logo-ferrovial-cf7.png","contentUrl":"https:\/\/static.ferrovial.com\/wp-content\/uploads\/2020\/01\/13124948\/logo-ferrovial-cf7.png","width":144,"height":32,"caption":"Ferrovial S.A."},"image":{"@id":"https:\/\/www.ferrovial.com\/es\/#\/schema\/logo\/image\/"},"sameAs":["https:\/\/www.facebook.com\/ferrovial","https:\/\/x.com\/ferrovial","https:\/\/www.instagram.com\/ferrovial\/","https:\/\/www.linkedin.com\/company\/ferrovial","https:\/\/www.pinterest.es\/ferrovial\/","https:\/\/www.youtube.com\/ferrovial","https:\/\/en.wikipedia.org\/wiki\/Ferrovial"]}]}},"_links":{"self":[{"href":"https:\/\/www.ferrovial.com\/es\/wp-json\/wp\/v2\/pages\/23974","targetHints":{"allow":["GET"]}}],"collection":[{"href":"https:\/\/www.ferrovial.com\/es\/wp-json\/wp\/v2\/pages"}],"about":[{"href":"https:\/\/www.ferrovial.com\/es\/wp-json\/wp\/v2\/types\/page"}],"replies":[{"embeddable":true,"href":"https:\/\/www.ferrovial.com\/es\/wp-json\/wp\/v2\/comments?post=23974"}],"version-history":[{"count":3,"href":"https:\/\/www.ferrovial.com\/es\/wp-json\/wp\/v2\/pages\/23974\/revisions"}],"predecessor-version":[{"id":167583,"href":"https:\/\/www.ferrovial.com\/es\/wp-json\/wp\/v2\/pages\/23974\/revisions\/167583"}],"up":[{"embeddable":true,"href":"https:\/\/www.ferrovial.com\/es\/wp-json\/wp\/v2\/pages\/19097"}],"wp:attachment":[{"href":"https:\/\/www.ferrovial.com\/es\/wp-json\/wp\/v2\/media?parent=23974"}],"curies":[{"name":"wp","href":"https:\/\/api.w.org\/{rel}","templated":true}]}}