{"id":24013,"date":"2019-09-13T14:01:48","date_gmt":"2019-09-13T12:01:48","guid":{"rendered":"https:\/\/www.ferrovial.com\/?page_id=24013"},"modified":"2025-12-01T11:30:23","modified_gmt":"2025-12-01T10:30:23","slug":"rating","status":"publish","type":"page","link":"https:\/\/www.ferrovial.com\/es\/accionistas-e-inversores\/informacion-bursatil\/emisiones-y-rating\/rating\/","title":{"rendered":"Rating"},"content":{"rendered":"    <m-final-content-header >\n            <c-breadcrumb label-text=\"Breadcrumb\" slot=\"breadcrumbs\" type='2' align='left' wrap='wrapped wrapped' aria-label='Vienes de Emisiones y ratings'>\n                        <ol>\n\n                                                            <li><a href=\"https:\/\/www.ferrovial.com\/es\/\" title=\"Ferrovial\">Ferrovial<\/a><\/li>\n                                                                        <li><a href=\"https:\/\/www.ferrovial.com\/es\/accionistas-e-inversores\/\" title=\"Accionistas e inversores\">Accionistas e inversores<\/a><\/li>\n                                                                        <li><a href=\"https:\/\/www.ferrovial.com\/es\/accionistas-e-inversores\/informacion-bursatil\/\" title=\"Informaci\u00f3n burs\u00e1til\">Informaci\u00f3n burs\u00e1til<\/a><\/li>\n                                                                        <li><a href=\"https:\/\/www.ferrovial.com\/es\/accionistas-e-inversores\/informacion-bursatil\/emisiones-y-rating\/\" title=\"Emisiones y ratings\">Emisiones y ratings<\/a><\/li>\n                                    \n                <\/ol>\n\n                <\/c-breadcrumb>\n    \n        <div slot=\"header\">\n            <h1>\n                Rating            <\/h1>\n                    <\/div>\n    <\/m-final-content-header>\n\n    \n\n    <m-cyphers-basic>\n                        <ul slot=\"cyphers\">\n                                                <li>\n                                                                        <p class=\"number\">\n                                            BBB (estable)                                        <\/p>\n                                                                                <p class=\"post\">\n                                            Standard &#038; Poor&#8217;s*                                        <\/p>\n                                                                    <\/li>\n                                                        <li>\n                                                                        <p class=\"number\">\n                                            BBB (estable)                                        <\/p>\n                                                                                <p class=\"post\">\n                                            Fitch**                                        <\/p>\n                                                                    <\/li>\n                                            <\/ul>\n                    <\/m-cyphers-basic>\n\n    \n\n\n<m-table class=\"wp-block-components-table\"><h2>Per\u00edodos de rating<\/h2><div class=\"m-table__group-buttons\" slot=\"buttons\"><a href=\"https:\/\/www.ferrovial.com\/es\/accionistas-e-inversores\/informacion-bursatil\/emisiones-y-rating\/rating\/?action=themePrintTable&amp;block=1570005197223\" title=\"Imprimir tabla Per\u00edodos de rating\" icon=\"file\" print=\"true\" target=\"_blank\" rel=\"noopener noreferrer\" sr-only=\"Abrir una nueva ventana\">Imprimir<\/a><\/div><div slot=\"table\">\n<table style=\"border-collapse: collapse; width: 100%; height: 596px;\">\n<tbody>\n<tr>\n<td style=\"width: 50%;\">Noviembre 2025<\/td>\n<td style=\"width: 49.9427%;\">Standard &amp; Poors confirma la calificaci\u00f3n crediticia BBB con perspectiva estable<\/td>\n<\/tr>\n<tr>\n<td style=\"width: 50%;\">Junio 2025<\/td>\n<td style=\"width: 49.9427%;\">Fitch Ratings confirma la calificaci\u00f3n crediticia BBB con perspectiva estable<\/td>\n<\/tr>\n<tr>\n<td style=\"width: 50%;\">Abril 2025<\/td>\n<td style=\"width: 49.9427%;\">Standard &amp; Poors confirma la calificaci\u00f3n crediticia BBB con perspectiva estable<\/td>\n<\/tr>\n<tr>\n<td style=\"width: 50%;\">Junio 2024<\/td>\n<td style=\"width: 49.9427%;\">Fitch Ratings confirma la calificaci\u00f3n crediticia BBB con perspectiva estable\u00a0<\/td>\n<\/tr>\n<tr>\n<td style=\"width: 50%;\">Abril 2024<\/td>\n<td style=\"width: 49.9427%;\">Standard &amp; Poors confirma la calificaci\u00f3n crediticia BBB con perspectiva estable\u00a0<\/td>\n<\/tr>\n<tr style=\"height: 20px;\">\n<td style=\"width: 50%; height: 20px;\">Agosto 2023<\/td>\n<td style=\"width: 49.9427%; height: 20px;\">Fitch Ratings confirma la calificaci\u00f3n crediticia BBB con perspectiva estable<\/td>\n<\/tr>\n<tr style=\"height: 20px;\">\n<td style=\"width: 50%; height: 20px;\">Junio 2023<\/td>\n<td style=\"width: 49.9427%; height: 20px;\">Standard &amp; Poors confirma la calificaci\u00f3n crediticia BBB con perspectiva estable\u00a0<\/td>\n<\/tr>\n<tr style=\"height: 23px;\">\n<td style=\"width: 50%; height: 23px;\">Febrero 2023<\/td>\n<td style=\"width: 49.9427%; height: 23px;\">Standard &amp; Poors confirma la calificaci\u00f3n crediticia BBB con perspectiva estable\u00a0<\/td>\n<\/tr>\n<tr style=\"height: 23px;\">\n<td style=\"width: 50%; height: 23px;\">Febrero 2023<\/td>\n<td style=\"width: 49.9427%; height: 23px;\">Fitch Ratings confirma la calificaci\u00f3n crediticia BBB con perspectiva estable<\/td>\n<\/tr>\n<tr style=\"height: 23px;\">\n<td style=\"width: 50%; height: 23px;\">Octubre 2021<\/td>\n<td style=\"width: 49.9427%; height: 23px;\">Standard &amp; Poors confirma la calificaci\u00f3n crediticia BBB con perspectiva estable\u00a0<\/td>\n<\/tr>\n<tr style=\"height: 23px;\">\n<td style=\"width: 50%; height: 23px;\">Marzo 2021<\/td>\n<td style=\"width: 49.9427%; height: 23px;\">Fitch Ratings confirma la calificaci\u00f3n crediticia BBB con perspectiva estable<\/td>\n<\/tr>\n<tr style=\"height: 23px;\">\n<td style=\"width: 50%; height: 23px;\">Mayo 2020<\/td>\n<td style=\"width: 49.9427%; height: 23px;\">Standard &amp; Poors confirma la calificaci\u00f3n crediticia BBB con perspectiva estable\u00a0<\/td>\n<\/tr>\n<tr style=\"height: 23px;\">\n<td style=\"width: 50%; height: 23px;\">Marzo 2020<\/td>\n<td style=\"width: 49.9427%; height: 23px;\">Fitch Ratings confirma la calificaci\u00f3n crediticia BBB con perspectiva estable<\/td>\n<\/tr>\n<tr style=\"height: 23px;\">\n<td style=\"width: 50%; height: 23px;\">Abril 2019<\/td>\n<td style=\"width: 49.9427%; height: 23px;\">Standard &amp; Poors confirma la calificaci\u00f3n crediticia BBB con perspectiva en revisi\u00f3n por la venta de la divisi\u00f3n de servicios.<\/td>\n<\/tr>\n<tr style=\"height: 23px;\">\n<td style=\"width: 50%; height: 23px;\">Enero 2019<\/td>\n<td style=\"width: 49.9427%; height: 23px;\">Fitch Ratings confirma la calificaci\u00f3n crediticia BBB con perspectiva estable<\/td>\n<\/tr>\n<tr style=\"height: 23px;\">\n<td style=\"width: 50%; height: 23px;\">Septiembre 2018<\/td>\n<td style=\"width: 49.9427%; height: 23px;\">Fitch Ratings confirma la calificaci\u00f3n crediticia BBB con perspectiva estable<\/td>\n<\/tr>\n<tr style=\"height: 27px;\">\n<td style=\"width: 50%; height: 27px;\">Abril 2018<\/td>\n<td style=\"width: 49.9427%; height: 27px;\">Standard &amp; Poors confirma la calificaci\u00f3n crediticia BBB con perspectiva estable\u00a0<\/td>\n<\/tr>\n<tr style=\"height: 23px;\">\n<td style=\"width: 50%; height: 23px;\">Octubre 2017<\/td>\n<td style=\"width: 49.9427%; height: 23px;\">Fitch Ratings confirma la calificaci\u00f3n crediticia BBB con perspectiva estable<\/td>\n<\/tr>\n<tr style=\"height: 23px;\">\n<td style=\"width: 50%; height: 23px;\">Mayo 2017<\/td>\n<td style=\"width: 49.9427%; height: 23px;\">Standard &amp; Poors confirma la calificaci\u00f3n crediticia BBB con perspectiva estable\u00a0<\/td>\n<\/tr>\n<tr style=\"height: 23px;\">\n<td style=\"width: 50%; height: 23px;\">Julio 2016<\/td>\n<td style=\"width: 49.9427%; height: 23px;\">Standard &amp; Poors confirma la calificaci\u00f3n crediticia BBB con perspectiva estable<\/td>\n<\/tr>\n<tr style=\"height: 23px;\">\n<td style=\"width: 50%; height: 23px;\">Julio 2016<\/td>\n<td style=\"width: 49.9427%; height: 23px;\">Fitch Ratings confirma la calificaci\u00f3n crediticia BBB con perspectiva estable<\/td>\n<\/tr>\n<tr style=\"height: 23px;\">\n<td style=\"width: 50%; height: 23px;\">Junio 2015<\/td>\n<td style=\"width: 49.9427%; height: 23px;\">Standard &amp; Poors confirma la calificaci\u00f3n crediticia BBB con perspectiva estable<\/td>\n<\/tr>\n<tr style=\"height: 23px;\">\n<td style=\"width: 50%; height: 23px;\">Julio 2015<\/td>\n<td style=\"width: 49.9427%; height: 23px;\">Fitch Ratings confirma la calificaci\u00f3n crediticia BBB con perspectiva estable<\/td>\n<\/tr>\n<tr style=\"height: 23px;\">\n<td style=\"width: 50%; height: 23px;\">Julio 2014<\/td>\n<td style=\"width: 49.9427%; height: 23px;\">Fitch revisa al alza la calificaci\u00f3n crediticia a largo plazo a BBB, perspectiva estable<\/td>\n<\/tr>\n<tr style=\"height: 23px;\">\n<td style=\"width: 50%; height: 23px;\">Mayo 2014<\/td>\n<td style=\"width: 49.9427%; height: 23px;\">Standard &amp; Poor\u2019s confirma la calificaci\u00f3n crediticia de BBB con perspectiva estable<\/td>\n<\/tr>\n<tr style=\"height: 23px;\">\n<td style=\"width: 50%; height: 23px;\">Mayo 2013<\/td>\n<td style=\"width: 49.9427%; height: 23px;\">Standard &amp; Poor\u2019s revisa al alza la calificaci\u00f3n crediticia a BBB, perspectiva estable.<\/td>\n<\/tr>\n<tr style=\"height: 23px;\">\n<td style=\"width: 50%; height: 23px;\">Mayo 2013<\/td>\n<td style=\"width: 49.9427%; height: 23px;\">Fitch confirma la calificaci\u00f3n crediticia a largo plazo de BBB-, perspectiva estable.<\/td>\n<\/tr>\n<tr style=\"height: 23px;\">\n<td style=\"width: 50%; height: 23px;\">Mayo 2012<\/td>\n<td style=\"width: 49.9427%; height: 23px;\">Standard &amp; Poor\u2019s confirma la calificaci\u00f3n crediticia a largo plazo de BBB-, perspectiva estable.<\/td>\n<\/tr>\n<tr style=\"height: 23px;\">\n<td style=\"width: 50%; height: 23px;\">Mayo 2012<\/td>\n<td style=\"width: 49.9427%; height: 23px;\">Fitch confirma la calificaci\u00f3n crediticia a largo plazo de BBB-, perspectiva estable.<\/td>\n<\/tr>\n<tr style=\"height: 23px;\">\n<td style=\"width: 50%; height: 23px;\">Agosto 2011<\/td>\n<td style=\"width: 49.9427%; height: 23px;\">Standard &amp; Poor\u2019s asigna la calificaci\u00f3n crediticia a largo plazo de BBB-, perspectiva estable.<\/td>\n<\/tr>\n<tr style=\"height: 23px;\">\n<td style=\"width: 50%; height: 23px;\">Agosto 2011<\/td>\n<td style=\"width: 49.9427%; height: 23px;\">Fitch asigna la calificaci\u00f3n crediticia a largo plazo de BBB-, perspectiva estable.<\/td>\n<\/tr>\n<\/tbody>\n<\/table>\n<\/div><\/m-table>\n\n\n\n<m-wysiwig class=\"wp-block-components-wysiwyg\"><div slot=\"maincontent\">\n<p>Advertencia: La calificaci\u00f3n crediticia puede ser revisada, suspendida o retirada en cualquier momento por la agencia de calificaci\u00f3n.<\/p>\n\n\n\n<p>* Standard &amp; Poor\u2019s Credit Market Services Europe Limited<br>** Fitch Ratings Limited<\/p>\n<\/div><\/m-wysiwig>\n","protected":false},"excerpt":{"rendered":"","protected":false},"featured_media":0,"parent":23974,"menu_order":0,"comment_status":"closed","ping_status":"closed","template":"","meta":{"_acf_changed":false,"footnotes":""},"class_list":["post-24013","page","type-page","status-publish","hentry"],"acf":[],"yoast_head":"<!-- This site is optimized with the Yoast SEO plugin v27.2 - https:\/\/yoast.com\/product\/yoast-seo-wordpress\/ -->\n<title>Rating de Standard &amp; Poor&#039;s y Fitch - Ferrovial<\/title>\n<meta name=\"description\" content=\"Emisiones y Rating para accionistas e inversores y calificaci\u00f3n crediticia de BBB realizada por las agencias Standard &amp; Poor&#039;s y Fitch. Entra e inf\u00f3rmate\" \/>\n<meta name=\"robots\" content=\"index, follow, max-snippet:-1, max-image-preview:large, max-video-preview:-1\" \/>\n<link rel=\"canonical\" href=\"https:\/\/www.ferrovial.com\/es\/accionistas-e-inversores\/informacion-bursatil\/emisiones-y-rating\/rating\/\" \/>\n<meta property=\"og:locale\" content=\"es_ES\" \/>\n<meta property=\"og:type\" content=\"article\" \/>\n<meta property=\"og:title\" content=\"Rating de Standard &amp; Poor&#039;s y Fitch - Ferrovial\" \/>\n<meta property=\"og:description\" content=\"Emisiones y Rating para accionistas e inversores y calificaci\u00f3n crediticia de BBB realizada por las agencias Standard &amp; Poor&#039;s y Fitch. Entra e inf\u00f3rmate\" \/>\n<meta property=\"og:url\" content=\"https:\/\/www.ferrovial.com\/es\/accionistas-e-inversores\/informacion-bursatil\/emisiones-y-rating\/rating\/\" \/>\n<meta property=\"og:site_name\" content=\"Ferrovial\" \/>\n<meta property=\"article:publisher\" content=\"https:\/\/www.facebook.com\/ferrovial\" \/>\n<meta property=\"article:modified_time\" content=\"2025-12-01T10:30:23+00:00\" \/>\n<meta name=\"twitter:card\" content=\"summary_large_image\" \/>\n<meta name=\"twitter:site\" content=\"@ferrovial\" \/>\n<meta name=\"twitter:label1\" content=\"Est. reading time\" \/>\n\t<meta name=\"twitter:data1\" content=\"2 minutos\" \/>\n<!-- \/ Yoast SEO plugin. -->","yoast_head_json":{"title":"Rating de Standard & Poor's y Fitch - Ferrovial","description":"Emisiones y Rating para accionistas e inversores y calificaci\u00f3n crediticia de BBB realizada por las agencias Standard & Poor's y Fitch. Entra e inf\u00f3rmate","robots":{"index":"index","follow":"follow","max-snippet":"max-snippet:-1","max-image-preview":"max-image-preview:large","max-video-preview":"max-video-preview:-1"},"canonical":"https:\/\/www.ferrovial.com\/es\/accionistas-e-inversores\/informacion-bursatil\/emisiones-y-rating\/rating\/","og_locale":"es_ES","og_type":"article","og_title":"Rating de Standard & Poor's y Fitch - Ferrovial","og_description":"Emisiones y Rating para accionistas e inversores y calificaci\u00f3n crediticia de BBB realizada por las agencias Standard & Poor's y Fitch. Entra e inf\u00f3rmate","og_url":"https:\/\/www.ferrovial.com\/es\/accionistas-e-inversores\/informacion-bursatil\/emisiones-y-rating\/rating\/","og_site_name":"Ferrovial","article_publisher":"https:\/\/www.facebook.com\/ferrovial","article_modified_time":"2025-12-01T10:30:23+00:00","twitter_card":"summary_large_image","twitter_site":"@ferrovial","twitter_misc":{"Est. reading time":"2 minutos"},"schema":{"@context":"https:\/\/schema.org","@graph":[{"@type":"WebPage","@id":"https:\/\/www.ferrovial.com\/es\/accionistas-e-inversores\/informacion-bursatil\/emisiones-y-rating\/rating\/","url":"https:\/\/www.ferrovial.com\/es\/accionistas-e-inversores\/informacion-bursatil\/emisiones-y-rating\/rating\/","name":"Rating de Standard & Poor's y Fitch - Ferrovial","isPartOf":{"@id":"https:\/\/www.ferrovial.com\/es\/#website"},"datePublished":"2019-09-13T12:01:48+00:00","dateModified":"2025-12-01T10:30:23+00:00","description":"Emisiones y Rating para accionistas e inversores y calificaci\u00f3n crediticia de BBB realizada por las agencias Standard & Poor's y Fitch. Entra e inf\u00f3rmate","breadcrumb":{"@id":"https:\/\/www.ferrovial.com\/es\/accionistas-e-inversores\/informacion-bursatil\/emisiones-y-rating\/rating\/#breadcrumb"},"inLanguage":"es","potentialAction":[{"@type":"ReadAction","target":["https:\/\/www.ferrovial.com\/es\/accionistas-e-inversores\/informacion-bursatil\/emisiones-y-rating\/rating\/"]}]},{"@type":"BreadcrumbList","@id":"https:\/\/www.ferrovial.com\/es\/accionistas-e-inversores\/informacion-bursatil\/emisiones-y-rating\/rating\/#breadcrumb","itemListElement":[{"@type":"ListItem","position":1,"name":"Portada","item":"https:\/\/www.ferrovial.com\/es\/"},{"@type":"ListItem","position":2,"name":"Accionistas e inversores","item":"https:\/\/www.ferrovial.com\/es\/accionistas-e-inversores\/"},{"@type":"ListItem","position":3,"name":"Informaci\u00f3n burs\u00e1til","item":"https:\/\/www.ferrovial.com\/es\/accionistas-e-inversores\/informacion-bursatil\/"},{"@type":"ListItem","position":4,"name":"Emisiones y ratings","item":"https:\/\/www.ferrovial.com\/es\/accionistas-e-inversores\/informacion-bursatil\/emisiones-y-rating\/"},{"@type":"ListItem","position":5,"name":"Rating"}]},{"@type":"WebSite","@id":"https:\/\/www.ferrovial.com\/es\/#website","url":"https:\/\/www.ferrovial.com\/es\/","name":"Ferrovial","description":"Welcome to the Ferrovial&#039;s website, global operator of sustainable infrastructure. Here you can find all the information about the company and subsidiaries.","publisher":{"@id":"https:\/\/www.ferrovial.com\/es\/#organization"},"potentialAction":[{"@type":"SearchAction","target":{"@type":"EntryPoint","urlTemplate":"https:\/\/www.ferrovial.com\/es\/?s={search_term_string}"},"query-input":{"@type":"PropertyValueSpecification","valueRequired":true,"valueName":"search_term_string"}}],"inLanguage":"es"},{"@type":"Organization","@id":"https:\/\/www.ferrovial.com\/es\/#organization","name":"Ferrovial S.A.","url":"https:\/\/www.ferrovial.com\/es\/","logo":{"@type":"ImageObject","inLanguage":"es","@id":"https:\/\/www.ferrovial.com\/es\/#\/schema\/logo\/image\/","url":"https:\/\/static.ferrovial.com\/wp-content\/uploads\/2020\/01\/13124948\/logo-ferrovial-cf7.png","contentUrl":"https:\/\/static.ferrovial.com\/wp-content\/uploads\/2020\/01\/13124948\/logo-ferrovial-cf7.png","width":144,"height":32,"caption":"Ferrovial S.A."},"image":{"@id":"https:\/\/www.ferrovial.com\/es\/#\/schema\/logo\/image\/"},"sameAs":["https:\/\/www.facebook.com\/ferrovial","https:\/\/x.com\/ferrovial","https:\/\/www.instagram.com\/ferrovial\/","https:\/\/www.linkedin.com\/company\/ferrovial","https:\/\/www.pinterest.es\/ferrovial\/","https:\/\/www.youtube.com\/ferrovial","https:\/\/en.wikipedia.org\/wiki\/Ferrovial"]}]}},"_links":{"self":[{"href":"https:\/\/www.ferrovial.com\/es\/wp-json\/wp\/v2\/pages\/24013","targetHints":{"allow":["GET"]}}],"collection":[{"href":"https:\/\/www.ferrovial.com\/es\/wp-json\/wp\/v2\/pages"}],"about":[{"href":"https:\/\/www.ferrovial.com\/es\/wp-json\/wp\/v2\/types\/page"}],"replies":[{"embeddable":true,"href":"https:\/\/www.ferrovial.com\/es\/wp-json\/wp\/v2\/comments?post=24013"}],"version-history":[{"count":4,"href":"https:\/\/www.ferrovial.com\/es\/wp-json\/wp\/v2\/pages\/24013\/revisions"}],"predecessor-version":[{"id":319045,"href":"https:\/\/www.ferrovial.com\/es\/wp-json\/wp\/v2\/pages\/24013\/revisions\/319045"}],"up":[{"embeddable":true,"href":"https:\/\/www.ferrovial.com\/es\/wp-json\/wp\/v2\/pages\/23974"}],"wp:attachment":[{"href":"https:\/\/www.ferrovial.com\/es\/wp-json\/wp\/v2\/media?parent=24013"}],"curies":[{"name":"wp","href":"https:\/\/api.w.org\/{rel}","templated":true}]}}