{"id":24043,"date":"2019-09-13T14:11:47","date_gmt":"2019-09-13T12:11:47","guid":{"rendered":"https:\/\/www.ferrovial.com\/?page_id=24043"},"modified":"2025-03-31T15:28:29","modified_gmt":"2025-03-31T13:28:29","slug":"emisiones","status":"publish","type":"page","link":"https:\/\/www.ferrovial.com\/es\/accionistas-e-inversores\/informacion-bursatil\/emisiones-y-rating\/emisiones\/","title":{"rendered":"Emisiones de deuda"},"content":{"rendered":"    <m-final-content-header >\n            <c-breadcrumb label-text=\"Breadcrumb\" slot=\"breadcrumbs\" type='2' align='left' wrap='wrapped wrapped' aria-label='Vienes de Emisiones y ratings'>\n                        <ol>\n\n                                                            <li><a href=\"https:\/\/www.ferrovial.com\/es\/\" title=\"Ferrovial\">Ferrovial<\/a><\/li>\n                                                                        <li><a href=\"https:\/\/www.ferrovial.com\/es\/accionistas-e-inversores\/\" title=\"Accionistas e inversores\">Accionistas e inversores<\/a><\/li>\n                                                                        <li><a href=\"https:\/\/www.ferrovial.com\/es\/accionistas-e-inversores\/informacion-bursatil\/\" title=\"Informaci\u00f3n burs\u00e1til\">Informaci\u00f3n burs\u00e1til<\/a><\/li>\n                                                                        <li><a href=\"https:\/\/www.ferrovial.com\/es\/accionistas-e-inversores\/informacion-bursatil\/emisiones-y-rating\/\" title=\"Emisiones y ratings\">Emisiones y ratings<\/a><\/li>\n                                    \n                <\/ol>\n\n                <\/c-breadcrumb>\n    \n        <div slot=\"header\">\n            <h1>\n                Emisiones de deuda            <\/h1>\n                    <\/div>\n    <\/m-final-content-header>\n\n    \n\n\n<m-wysiwig class=\"wp-block-components-wysiwyg\"><div slot=\"maincontent\"><\/div><\/m-wysiwig>\n\n\n\n<m-table class=\"wp-block-components-table\"><h2>Emisiones de deuda<\/h2><div class=\"m-table__group-buttons\" slot=\"buttons\"><a href=\"https:\/\/www.ferrovial.com\/es\/accionistas-e-inversores\/informacion-bursatil\/emisiones-y-rating\/emisiones\/?action=themePrintTable&amp;block=1568884402022\" title=\"Imprimir tabla Emisiones de deuda\" icon=\"file\" print=\"true\" target=\"_blank\" rel=\"noopener noreferrer\" sr-only=\"Abrir una nueva ventana\">Imprimir<\/a><\/div><div slot=\"table\">\n<table style=\"border-collapse: collapse; width: 100%; height: 185px;\">\n<thead>\n<tr style=\"height: 23px;\">\n<th style=\"width: 17.0124%; height: 23px;\">C\u00d3DIGO ISIN<\/th>\n<th style=\"width: 8.99032%; height: 23px;\">CUP\u00d3N<\/th>\n<th style=\"width: 31.8811%; height: 23px;\">FECHA DE PAGO DE CUP\u00d3N<\/th>\n<th style=\"width: 28.769%; height: 23px;\">FECHA DE VENCIMIENTO<\/th>\n<th style=\"width: 13.278%; height: 23px;\">NOCIONAL<\/th>\n<\/tr>\n<\/thead>\n<tbody>\n<tr style=\"height: 35px;\">\n<td style=\"width: 17.0124%; height: 35px;\">\n<p><a href=\"https:\/\/static.ferrovial.com\/wp-content\/uploads\/2025\/01\/17093027\/project-iron-ix-2024-prospectus-final320468667649.pdf\">XS2969695084<\/a><\/p>\n<\/td>\n<td style=\"width: 8.99032%; height: 35px;\">3,25%<\/td>\n<td style=\"width: 31.8811%; height: 35px;\">16 de enero<\/td>\n<td style=\"width: 28.769%; height: 35px;\">16\/01\/2030<\/td>\n<td style=\"width: 13.278%; height: 35px;\">\u20ac 500 M<\/td>\n<\/tr>\n<tr style=\"height: 35px;\">\n<td style=\"width: 17.0124%; height: 35px;\"><a href=\"https:\/\/static.ferrovial.com\/wp-content\/uploads\/2023\/09\/08124027\/a52271202-v10-planet-2023.pdf\" target=\"_blank\" rel=\"noopener\">XS2680945479<\/a><\/td>\n<td style=\"width: 8.99032%; height: 35px;\">4.375%<\/td>\n<td style=\"width: 31.8811%; height: 35px;\">13 de septiembre<\/td>\n<td style=\"width: 28.769%; height: 35px;\">13\/09\/2030<\/td>\n<td style=\"width: 13.278%; height: 35px;\">\u20ac 500 M<\/td>\n<\/tr>\n<tr style=\"height: 23px;\">\n<td style=\"width: 17.0124%; height: 23px;\"><a href=\"https:\/\/static.ferrovial.com\/wp-content\/uploads\/2020\/11\/13122714\/iron-viii-prospectus.pdf\">ES0205032040<\/a><\/td>\n<td style=\"width: 8.99032%; height: 23px;\">0,54%<\/td>\n<td style=\"width: 31.8811%; height: 23px;\">12 de noviembre<\/td>\n<td style=\"width: 28.769%; height: 23px;\">12\/11\/2028<\/td>\n<td style=\"width: 13.278%; height: 23px;\">\u20ac 500 M<\/td>\n<\/tr>\n<tr style=\"height: 23px;\">\n<td style=\"width: 17.0124%; height: 23px;\"><a href=\"https:\/\/static.ferrovial.com\/wp-content\/uploads\/2020\/09\/13124106\/ferrovial-tap-june-2020_tcs.pdf\">ES0205032032<\/a><\/td>\n<td style=\"width: 8.99032%; height: 23px;\">1,382%<\/td>\n<td style=\"width: 31.8811%; height: 23px;\">14 de mayo<\/td>\n<td style=\"width: 28.769%; height: 23px;\">14\/05\/2026<\/td>\n<td style=\"width: 13.278%; height: 23px;\">\u20ac 129,9 M<\/td>\n<\/tr>\n<tr style=\"height: 23px;\">\n<td style=\"width: 17.0124%; height: 23px;\"><a href=\"https:\/\/static.ferrovial.com\/wp-content\/uploads\/2020\/09\/13124105\/ferrovial-may-2020_prospectus.pdf\">ES0205032032<\/a><\/td>\n<td style=\"width: 8.99032%; height: 23px;\">1,382%<\/td>\n<td style=\"width: 31.8811%; height: 23px;\">14 de mayo<\/td>\n<td style=\"width: 28.769%; height: 23px;\">14\/05\/2026<\/td>\n<td style=\"width: 13.278%; height: 23px;\">\u20ac 650 M<\/td>\n<\/tr>\n<\/tbody>\n<\/table>\n<\/div><\/m-table>\n","protected":false},"excerpt":{"rendered":"","protected":false},"featured_media":0,"parent":23974,"menu_order":0,"comment_status":"closed","ping_status":"closed","template":"","meta":{"_acf_changed":false,"footnotes":""},"class_list":["post-24043","page","type-page","status-publish","hentry"],"acf":[],"yoast_head":"<!-- This site is optimized with the Yoast SEO plugin v27.2 - https:\/\/yoast.com\/product\/yoast-seo-wordpress\/ -->\n<title>Emisiones de deuda y vencimiento - Ferrovial<\/title>\n<meta name=\"description\" content=\"Buscador de emisiones y rating para accionistas e inversores en la web de Ferrovial. C\u00f3digo ISIN, cup\u00f3n, fecha de pago, vencimiento y nocional. Entra e inf\u00f3rmate\" \/>\n<meta name=\"robots\" content=\"index, follow, max-snippet:-1, max-image-preview:large, max-video-preview:-1\" \/>\n<link rel=\"canonical\" href=\"https:\/\/www.ferrovial.com\/es\/accionistas-e-inversores\/informacion-bursatil\/emisiones-y-rating\/emisiones\/\" \/>\n<meta property=\"og:locale\" content=\"es_ES\" \/>\n<meta property=\"og:type\" content=\"article\" \/>\n<meta property=\"og:title\" content=\"Emisiones de deuda y vencimiento - Ferrovial\" \/>\n<meta property=\"og:description\" content=\"Buscador de emisiones y rating para accionistas e inversores en la web de Ferrovial. C\u00f3digo ISIN, cup\u00f3n, fecha de pago, vencimiento y nocional. Entra e inf\u00f3rmate\" \/>\n<meta property=\"og:url\" content=\"https:\/\/www.ferrovial.com\/es\/accionistas-e-inversores\/informacion-bursatil\/emisiones-y-rating\/emisiones\/\" \/>\n<meta property=\"og:site_name\" content=\"Ferrovial\" \/>\n<meta property=\"article:publisher\" content=\"https:\/\/www.facebook.com\/ferrovial\" \/>\n<meta property=\"article:modified_time\" content=\"2025-03-31T13:28:29+00:00\" \/>\n<meta name=\"twitter:card\" content=\"summary_large_image\" \/>\n<meta name=\"twitter:site\" content=\"@ferrovial\" \/>\n<meta name=\"twitter:label1\" content=\"Est. reading time\" \/>\n\t<meta name=\"twitter:data1\" content=\"1 minuto\" \/>\n<!-- \/ Yoast SEO plugin. -->","yoast_head_json":{"title":"Emisiones de deuda y vencimiento - Ferrovial","description":"Buscador de emisiones y rating para accionistas e inversores en la web de Ferrovial. C\u00f3digo ISIN, cup\u00f3n, fecha de pago, vencimiento y nocional. Entra e inf\u00f3rmate","robots":{"index":"index","follow":"follow","max-snippet":"max-snippet:-1","max-image-preview":"max-image-preview:large","max-video-preview":"max-video-preview:-1"},"canonical":"https:\/\/www.ferrovial.com\/es\/accionistas-e-inversores\/informacion-bursatil\/emisiones-y-rating\/emisiones\/","og_locale":"es_ES","og_type":"article","og_title":"Emisiones de deuda y vencimiento - Ferrovial","og_description":"Buscador de emisiones y rating para accionistas e inversores en la web de Ferrovial. C\u00f3digo ISIN, cup\u00f3n, fecha de pago, vencimiento y nocional. Entra e inf\u00f3rmate","og_url":"https:\/\/www.ferrovial.com\/es\/accionistas-e-inversores\/informacion-bursatil\/emisiones-y-rating\/emisiones\/","og_site_name":"Ferrovial","article_publisher":"https:\/\/www.facebook.com\/ferrovial","article_modified_time":"2025-03-31T13:28:29+00:00","twitter_card":"summary_large_image","twitter_site":"@ferrovial","twitter_misc":{"Est. reading time":"1 minuto"},"schema":{"@context":"https:\/\/schema.org","@graph":[{"@type":"WebPage","@id":"https:\/\/www.ferrovial.com\/es\/accionistas-e-inversores\/informacion-bursatil\/emisiones-y-rating\/emisiones\/","url":"https:\/\/www.ferrovial.com\/es\/accionistas-e-inversores\/informacion-bursatil\/emisiones-y-rating\/emisiones\/","name":"Emisiones de deuda y vencimiento - Ferrovial","isPartOf":{"@id":"https:\/\/www.ferrovial.com\/es\/#website"},"datePublished":"2019-09-13T12:11:47+00:00","dateModified":"2025-03-31T13:28:29+00:00","description":"Buscador de emisiones y rating para accionistas e inversores en la web de Ferrovial. C\u00f3digo ISIN, cup\u00f3n, fecha de pago, vencimiento y nocional. Entra e inf\u00f3rmate","breadcrumb":{"@id":"https:\/\/www.ferrovial.com\/es\/accionistas-e-inversores\/informacion-bursatil\/emisiones-y-rating\/emisiones\/#breadcrumb"},"inLanguage":"es","potentialAction":[{"@type":"ReadAction","target":["https:\/\/www.ferrovial.com\/es\/accionistas-e-inversores\/informacion-bursatil\/emisiones-y-rating\/emisiones\/"]}]},{"@type":"BreadcrumbList","@id":"https:\/\/www.ferrovial.com\/es\/accionistas-e-inversores\/informacion-bursatil\/emisiones-y-rating\/emisiones\/#breadcrumb","itemListElement":[{"@type":"ListItem","position":1,"name":"Portada","item":"https:\/\/www.ferrovial.com\/es\/"},{"@type":"ListItem","position":2,"name":"Accionistas e inversores","item":"https:\/\/www.ferrovial.com\/es\/accionistas-e-inversores\/"},{"@type":"ListItem","position":3,"name":"Informaci\u00f3n burs\u00e1til","item":"https:\/\/www.ferrovial.com\/es\/accionistas-e-inversores\/informacion-bursatil\/"},{"@type":"ListItem","position":4,"name":"Emisiones y ratings","item":"https:\/\/www.ferrovial.com\/es\/accionistas-e-inversores\/informacion-bursatil\/emisiones-y-rating\/"},{"@type":"ListItem","position":5,"name":"Emisiones de deuda"}]},{"@type":"WebSite","@id":"https:\/\/www.ferrovial.com\/es\/#website","url":"https:\/\/www.ferrovial.com\/es\/","name":"Ferrovial","description":"Welcome to the Ferrovial&#039;s website, global operator of sustainable infrastructure. Here you can find all the information about the company and subsidiaries.","publisher":{"@id":"https:\/\/www.ferrovial.com\/es\/#organization"},"potentialAction":[{"@type":"SearchAction","target":{"@type":"EntryPoint","urlTemplate":"https:\/\/www.ferrovial.com\/es\/?s={search_term_string}"},"query-input":{"@type":"PropertyValueSpecification","valueRequired":true,"valueName":"search_term_string"}}],"inLanguage":"es"},{"@type":"Organization","@id":"https:\/\/www.ferrovial.com\/es\/#organization","name":"Ferrovial S.A.","url":"https:\/\/www.ferrovial.com\/es\/","logo":{"@type":"ImageObject","inLanguage":"es","@id":"https:\/\/www.ferrovial.com\/es\/#\/schema\/logo\/image\/","url":"https:\/\/static.ferrovial.com\/wp-content\/uploads\/2020\/01\/13124948\/logo-ferrovial-cf7.png","contentUrl":"https:\/\/static.ferrovial.com\/wp-content\/uploads\/2020\/01\/13124948\/logo-ferrovial-cf7.png","width":144,"height":32,"caption":"Ferrovial S.A."},"image":{"@id":"https:\/\/www.ferrovial.com\/es\/#\/schema\/logo\/image\/"},"sameAs":["https:\/\/www.facebook.com\/ferrovial","https:\/\/x.com\/ferrovial","https:\/\/www.instagram.com\/ferrovial\/","https:\/\/www.linkedin.com\/company\/ferrovial","https:\/\/www.pinterest.es\/ferrovial\/","https:\/\/www.youtube.com\/ferrovial","https:\/\/en.wikipedia.org\/wiki\/Ferrovial"]}]}},"_links":{"self":[{"href":"https:\/\/www.ferrovial.com\/es\/wp-json\/wp\/v2\/pages\/24043","targetHints":{"allow":["GET"]}}],"collection":[{"href":"https:\/\/www.ferrovial.com\/es\/wp-json\/wp\/v2\/pages"}],"about":[{"href":"https:\/\/www.ferrovial.com\/es\/wp-json\/wp\/v2\/types\/page"}],"replies":[{"embeddable":true,"href":"https:\/\/www.ferrovial.com\/es\/wp-json\/wp\/v2\/comments?post=24043"}],"version-history":[{"count":2,"href":"https:\/\/www.ferrovial.com\/es\/wp-json\/wp\/v2\/pages\/24043\/revisions"}],"predecessor-version":[{"id":302635,"href":"https:\/\/www.ferrovial.com\/es\/wp-json\/wp\/v2\/pages\/24043\/revisions\/302635"}],"up":[{"embeddable":true,"href":"https:\/\/www.ferrovial.com\/es\/wp-json\/wp\/v2\/pages\/23974"}],"wp:attachment":[{"href":"https:\/\/www.ferrovial.com\/es\/wp-json\/wp\/v2\/media?parent=24043"}],"curies":[{"name":"wp","href":"https:\/\/api.w.org\/{rel}","templated":true}]}}