{"id":240727,"date":"2022-10-18T14:12:57","date_gmt":"2022-10-18T12:12:57","guid":{"rendered":"https:\/\/www.ferrovial.com\/?page_id=240727"},"modified":"2024-02-23T13:34:11","modified_gmt":"2024-02-23T12:34:11","slug":"maquinaria-de-obra","status":"publish","type":"page","link":"https:\/\/www.ferrovial.com\/es\/stem\/maquinaria-de-obra\/","title":{"rendered":"Maquinaria de obra"},"content":{"rendered":"    <m-final-content-header >\n            <c-breadcrumb label-text=\"Breadcrumb\" slot=\"breadcrumbs\" type='2' align='left' wrap='wrapped wrapped' aria-label='Vienes de STEM'>\n                        <ol>\n\n                                                            <li><a href=\"https:\/\/www.ferrovial.com\/es\/\" title=\"Ferrovial\">Ferrovial<\/a><\/li>\n                                                                        <li><a href=\"https:\/\/www.ferrovial.com\/es\/stem\/\" title=\"STEM\">STEM<\/a><\/li>\n                                    \n                <\/ol>\n\n                <\/c-breadcrumb>\n    \n        <div slot=\"header\">\n            <h1>\n                \u00bfQu\u00e9 es maquinaria de obra?            <\/h1>\n                    <\/div>\n    <\/m-final-content-header>\n\n    \n\n\n<m-wysiwig class=\"wp-block-components-wysiwyg\"><div slot=\"maincontent\">\n<p><script type=\"application\/ld+json\">\n{\n  \"@context\": \"https:\/\/schema.org\",\n  \"@type\": \"FAQPage\",\n  \"mainEntity\": [{\n    \"@type\": \"Question\",\n    \"name\": \"\u00bfQu\u00e9 es maquinaria de obra?\",\n    \"acceptedAnswer\": {\n      \"@type\": \"Answer\",\n      \"text\": \"La maquinaria de obra son todas las m\u00e1quinas empleadas para actividades del sector de la construcci\u00f3n, que van desde la excavaci\u00f3n de capas de suelo hasta el transporte, carga y descarga de materiales y residuos.\"\n    }\n  },{\n    \"@type\": \"Question\",\n    \"name\": \"\u00bfCu\u00e1les son las principales caracter\u00edsticas de la maquinaria de obra?\",\n    \"acceptedAnswer\": {\n      \"@type\": \"Answer\",\n      \"text\": \"<ul>\n<li>Realizan procesos de excavaci\u00f3n, demolici\u00f3n, remodelaciones, transporte o preparaci\u00f3n de terrenos.<\/li>\n<li>Soportan las condiciones a las que se someten para realizar una operaci\u00f3n en la construcci\u00f3n.<\/li>\n<li>Poseen sistemas de tracci\u00f3n en sus mecanismos de rodaje para maniobrar en terrenos inestables.<\/li>\n<li>Cuentan con neum\u00e1ticos o bandas de rodadura estilo oruga.<\/li>\n<\/ul>\nAdem\u00e1s, toda m\u00e1quina empleada en el \u00e1rea de construcci\u00f3n debe:\n<ul>\n<li>Ser operada por una persona con la autorizaci\u00f3n requerida para utilizar los equipos y m\u00e1quinas de obra.<\/li>\n<li>Cumplir con los requerimientos de mantenimiento y conservaci\u00f3n de las m\u00e1quinas.\n<\/li>\n<li>Respetar las medidas de uso, manipulaci\u00f3n y seguridad indicados para cada tipo de m\u00e1quina.\n<\/li>\n<li>Vigilar el uso de los veh\u00edculos en el per\u00edmetro de trabajo.\n<\/li>\n<\/ul>\"\n    }\n  },{\n    \"@type\": \"Question\",\n    \"name\": \"\u00bfC\u00f3mo se clasifican las m\u00e1quinas de obra de construcci\u00f3n?\",\n    \"acceptedAnswer\": {\n      \"@type\": \"Answer\",\n      \"text\": \"La maquinaria de obra se puede clasificar seg\u00fan su capacidad:\n<ol>\n<li>Maquinaria pesada: veh\u00edculos de grandes proporciones y peso.<\/li>\n<li>Maquinaria semipesada: se trata de los veh\u00edculos de medianas proporciones respecto a la categor\u00eda anterior. <\/li>\n<li>Maquinaria ligera: en esta categor\u00eda entran los equipos de construcci\u00f3n de peque\u00f1as dimensiones, con funciones muy espec\u00edficas.\n<\/li>\n<\/ol>\nLa maquinaria de obra, adem\u00e1s, puede clasificarse seg\u00fan el uso que se le da:\n<ul>\n<li>Demolici\u00f3n<\/li>\n<li>Acarreo de materiales<\/li>\n<li>Excavaci\u00f3n<\/li>\n<li>Preparaci\u00f3n del terreno<\/li>\n<li>Desplazamiento de materiales<\/li>\n<\/ul>\"\n    }\n  },{\n    \"@type\": \"Question\",\n    \"name\": \"\u00bfCu\u00e1l es el panorama de la sostenibilidad en las maquinarias de obra?\",\n    \"acceptedAnswer\": {\n      \"@type\": \"Answer\",\n      \"text\": \"El sector de la construcci\u00f3n consume m\u00e1s del 30% de la energ\u00eda empleada en actividades humanas, emitiendo una quinta parte de las emisiones de di\u00f3xido de carbono a nivel mundial, por lo que la utilizaci\u00f3n de m\u00e1quinas de construcci\u00f3n eficientes es necesaria para cumplir con el compromiso de neutralidad de carbono para el a\u00f1o 2050.\"\n    }\n  }]\n}\n<\/script>\n<p>La maquinaria de obra son todas las <strong>m\u00e1quinas empleadas para actividades del sector de la <\/strong><a href=\"https:\/\/www.ferrovial.com\/es-es\/negocio\/construccion\/\" target=\"_blank\" rel=\"noreferrer noopener\"><strong>construcci\u00f3n<\/strong><\/a><strong>,<\/strong> que van desde la excavaci\u00f3n de capas de suelo hasta el transporte, carga y descarga de materiales y residuos. El uso de estas m\u00e1quinas depende, generalmente, de las <strong>caracter\u00edsticas de la obra de ingenier\u00eda a realizarse,<\/strong> teniendo en cuenta el terreno a manipular, las caracter\u00edsticas de la<a href=\"https:\/\/www.ferrovial.com\/es\/recursos\/edificacion\/\" target=\"_blank\" rel=\"noreferrer noopener\"> edificaci\u00f3n<\/a> a construir, el peso de los materiales, etc.<\/p><\/p>\n\n\n\n<h2 class=\"wp-block-heading\"><strong>\u00bfCu\u00e1les son las principales caracter\u00edsticas de la maquinaria de obra?<\/strong><\/h2>\n\n\n\n<p>Independientemente de su tipo o uso, todos los veh\u00edculos considerados como <a href=\"https:\/\/www.ferrovial.com\/blog\/es\/2013\/09\/maquinaria-grandes-infraestructuras\/\" target=\"_blank\" rel=\"noreferrer noopener\">maquinaria de obra<\/a> tienen una serie de caracter\u00edsticas en com\u00fan, tales como:<\/p>\n\n\n\n<ul class=\"wp-block-list\">\n<li>Realizan procesos <strong>de excavaci\u00f3n, demolici\u00f3n, remodelaciones, transporte o preparaci\u00f3n de terrenos.<\/strong><\/li>\n\n\n\n<li><strong>Soportan las condiciones <\/strong>a las que se someten para realizar una operaci\u00f3n en la construcci\u00f3n.<\/li>\n\n\n\n<li>Poseen <strong>sistemas de tracci\u00f3n <\/strong>en sus mecanismos de rodaje para maniobrar en terrenos inestables.<\/li>\n\n\n\n<li>Cuentan con <strong>neum\u00e1ticos o bandas de rodadura estilo oruga.<\/strong><\/li>\n<\/ul>\n\n\n\n<p>Adem\u00e1s, toda m\u00e1quina empleada en el \u00e1rea de construcci\u00f3n debe:<\/p>\n\n\n\n<ul class=\"wp-block-list\">\n<li>Ser operada por una persona con la autorizaci\u00f3n requerida para utilizar los equipos y m\u00e1quinas de obra.<\/li>\n\n\n\n<li>Cumplir con los requerimientos de mantenimiento y conservaci\u00f3n de las m\u00e1quinas.<\/li>\n\n\n\n<li>Respetar las medidas de uso, manipulaci\u00f3n y seguridad indicados para cada tipo de m\u00e1quina.<\/li>\n\n\n\n<li>Vigilar el uso de los veh\u00edculos en el per\u00edmetro de trabajo.<\/li>\n<\/ul>\n\n\n\n<h2 class=\"wp-block-heading\"><strong>\u00bfC\u00f3mo se clasifican las m\u00e1quinas de obra de construcci\u00f3n?<\/strong><\/h2>\n\n\n\n<p>La maquinaria de obra se puede clasificar <strong>seg\u00fan su capacidad:<\/strong><\/p>\n\n\n\n<ol class=\"wp-block-list\">\n<li><strong>Maquinaria pesada:<\/strong> veh\u00edculos de <strong>grandes proporciones y peso<\/strong>. Es necesario que el operador que la utilice tenga una acreditaci\u00f3n especial para el uso espec\u00edfico de este tipo de m\u00e1quina. Est\u00e1 destinada a grandes movimientos de tierras, ya sea de espacios abiertos o t\u00faneles; tambi\u00e9n suele utilizarse para excavaciones profundas e instalaci\u00f3n de <a href=\"https:\/\/www.ferrovial.com\/es\/stem\/cimentaciones\/\" target=\"_blank\" rel=\"noreferrer noopener\">cimentaciones<\/a>, dragados o perforaciones.<\/li>\n\n\n\n<li><strong>Maquinaria semipesada:<\/strong> se trata de los veh\u00edculos de <strong>medianas proporciones <\/strong>respecto a la categor\u00eda anterior. Algunas m\u00e1quinas coinciden con la maquinaria pesada en nombre y funci\u00f3n, solo que est\u00e1n <strong>adaptadas a una escala menor.<\/strong><\/li>\n\n\n\n<li><strong>Maquinaria ligera:<\/strong> en esta categor\u00eda entran los equipos de construcci\u00f3n de peque\u00f1as dimensiones, con funciones muy espec\u00edficas.<\/li>\n<\/ol>\n\n\n\n<p>La maquinaria de obra, adem\u00e1s, puede clasificarse <strong>seg\u00fan el uso<\/strong> que se le da:<\/p>\n\n\n\n<ul class=\"wp-block-list\">\n<li><strong>Demolici\u00f3n:<\/strong> como la bola de demolici\u00f3n o el martillo mec\u00e1nico.<\/li>\n\n\n\n<li><strong>Acarreo de materiales:<\/strong> en su mayor\u00eda son camiones para cargas pesadas, con capacidad de acarrear toneladas de materiales. El cami\u00f3n volquete, los contenedores y hormigoneras son algunos ejemplos.<\/li>\n\n\n\n<li><strong>Excavaci\u00f3n:<\/strong> utilizada para hacer zanjas, ampliaciones de terrenos, canales, t\u00faneles etc. Las excavadoras, <a href=\"https:\/\/www.ferrovial.com\/es\/stem\/minicargadora\/\" target=\"_blank\" rel=\"noreferrer noopener\">minicargadoras<\/a>, <a href=\"https:\/\/www.ferrovial.com\/es\/stem\/retroexcavadora\/\" target=\"_blank\" rel=\"noreferrer noopener\">retroexcavadoras<\/a>, tuneladoras, zanjadoras o dragalinas son algunos ejemplos.<\/li>\n\n\n\n<li><strong>Preparaci\u00f3n del terreno:<\/strong> como las aplanadoras o las <a href=\"https:\/\/www.ferrovial.com\/es\/stem\/motoniveladora\/\" target=\"_blank\" rel=\"noreferrer noopener\">motoniveladoras<\/a>.<\/li>\n\n\n\n<li><strong>Desplazamiento de materiales:<\/strong> como la gr\u00faa torre o cami\u00f3n gr\u00faa.<\/li>\n<\/ul>\n\n\n\n<h2 class=\"wp-block-heading\"><strong>\u00bfCu\u00e1l es el panorama de la sostenibilidad en las maquinarias de obra?<\/strong><\/h2>\n\n\n\n<p><strong>El sector de la construcci\u00f3n consume m\u00e1s del 30% de la energ\u00eda empleada en actividades humanas<\/strong>, emitiendo una quinta parte de las emisiones de di\u00f3xido de carbono a nivel mundial, por lo que la utilizaci\u00f3n de m\u00e1quinas de construcci\u00f3n eficientes es necesaria para cumplir con el <strong>compromiso de neutralidad de carbono para el a\u00f1o 2050. <\/strong>Para ello, es necesario:<\/p>\n\n\n\n<ul class=\"wp-block-list\">\n<li><strong>Mejorar los materiales <\/strong>empleados para la construcci\u00f3n de la maquinaria, haci\u00e9ndolos m\u00e1s ligeros y menos gruesos, de manera que consuman menos energ\u00eda.<\/li>\n\n\n\n<li><strong>Reducir el uso de combustible f\u00f3sil<\/strong> sin dejar de garantizar un suministro de energ\u00eda estable, fiable y suficiente. El <strong>biocombustible<\/strong>, las <strong>bater\u00edas de iones <\/strong>y la <strong>electricidad <\/strong>son algunas alternativas sostenibles.<\/li>\n\n\n\n<li><strong>Reducir las emisiones t\u00f3xicas <\/strong>generadas por la maquinaria de obra.<\/li>\n\n\n\n<li><strong>Reciclar los excedentes que se produzcan en la fabricaci\u00f3n y uso de las m\u00e1quinas,<\/strong> de manera que se pueda dar un segundo uso a piezas ya fabricadas.<\/li>\n\n\n\n<li><strong>Optimizar el uso de la m\u00e1quina<\/strong> para que pueda llevar a cabo m\u00e1s tareas en el menor tiempo posible, traduci\u00e9ndose en el ahorro de la energ\u00eda empleada.<\/li>\n<\/ul>\n<\/div><\/m-wysiwig>\n","protected":false},"excerpt":{"rendered":"","protected":false},"featured_media":0,"parent":227878,"menu_order":0,"comment_status":"closed","ping_status":"closed","template":"","meta":{"_acf_changed":false,"footnotes":""},"class_list":["post-240727","page","type-page","status-publish","hentry"],"acf":[],"yoast_head":"<!-- This site is optimized with the Yoast SEO plugin v27.2 - https:\/\/yoast.com\/product\/yoast-seo-wordpress\/ -->\n<title>Maquinaria de obra - Ferrovial<\/title>\n<meta name=\"description\" content=\"La maquinaria de obra son aquellas m\u00e1quinas empleadas para el sector de la construcci\u00f3n, van desde la excavaci\u00f3n de capas de suelo hasta el transporte, carga y descarga de materiales y residuos.\" \/>\n<meta name=\"robots\" content=\"index, follow, max-snippet:-1, max-image-preview:large, max-video-preview:-1\" \/>\n<link rel=\"canonical\" href=\"https:\/\/www.ferrovial.com\/es\/stem\/maquinaria-de-obra\/\" \/>\n<meta property=\"og:locale\" content=\"es_ES\" \/>\n<meta property=\"og:type\" content=\"article\" \/>\n<meta property=\"og:title\" content=\"Maquinaria de obra - Ferrovial\" \/>\n<meta property=\"og:description\" content=\"La maquinaria de obra son aquellas m\u00e1quinas empleadas para el sector de la construcci\u00f3n, van desde la excavaci\u00f3n de capas de suelo hasta el transporte, carga y descarga de materiales y residuos.\" \/>\n<meta property=\"og:url\" content=\"https:\/\/www.ferrovial.com\/es\/stem\/maquinaria-de-obra\/\" \/>\n<meta property=\"og:site_name\" content=\"Ferrovial\" \/>\n<meta property=\"article:publisher\" content=\"https:\/\/www.facebook.com\/ferrovial\" \/>\n<meta property=\"article:modified_time\" content=\"2024-02-23T12:34:11+00:00\" \/>\n<meta name=\"twitter:card\" content=\"summary_large_image\" \/>\n<meta name=\"twitter:site\" content=\"@ferrovial\" \/>\n<meta name=\"twitter:label1\" content=\"Est. reading time\" \/>\n\t<meta name=\"twitter:data1\" content=\"3 minutos\" \/>\n<!-- \/ Yoast SEO plugin. -->","yoast_head_json":{"title":"Maquinaria de obra - Ferrovial","description":"La maquinaria de obra son aquellas m\u00e1quinas empleadas para el sector de la construcci\u00f3n, van desde la excavaci\u00f3n de capas de suelo hasta el transporte, carga y descarga de materiales y residuos.","robots":{"index":"index","follow":"follow","max-snippet":"max-snippet:-1","max-image-preview":"max-image-preview:large","max-video-preview":"max-video-preview:-1"},"canonical":"https:\/\/www.ferrovial.com\/es\/stem\/maquinaria-de-obra\/","og_locale":"es_ES","og_type":"article","og_title":"Maquinaria de obra - Ferrovial","og_description":"La maquinaria de obra son aquellas m\u00e1quinas empleadas para el sector de la construcci\u00f3n, van desde la excavaci\u00f3n de capas de suelo hasta el transporte, carga y descarga de materiales y residuos.","og_url":"https:\/\/www.ferrovial.com\/es\/stem\/maquinaria-de-obra\/","og_site_name":"Ferrovial","article_publisher":"https:\/\/www.facebook.com\/ferrovial","article_modified_time":"2024-02-23T12:34:11+00:00","twitter_card":"summary_large_image","twitter_site":"@ferrovial","twitter_misc":{"Est. reading time":"3 minutos"},"schema":{"@context":"https:\/\/schema.org","@graph":[{"@type":"WebPage","@id":"https:\/\/www.ferrovial.com\/es\/stem\/maquinaria-de-obra\/","url":"https:\/\/www.ferrovial.com\/es\/stem\/maquinaria-de-obra\/","name":"Maquinaria de obra - Ferrovial","isPartOf":{"@id":"https:\/\/www.ferrovial.com\/es\/#website"},"datePublished":"2022-10-18T12:12:57+00:00","dateModified":"2024-02-23T12:34:11+00:00","description":"La maquinaria de obra son aquellas m\u00e1quinas empleadas para el sector de la construcci\u00f3n, van desde la excavaci\u00f3n de capas de suelo hasta el transporte, carga y descarga de materiales y residuos.","breadcrumb":{"@id":"https:\/\/www.ferrovial.com\/es\/stem\/maquinaria-de-obra\/#breadcrumb"},"inLanguage":"es","potentialAction":[{"@type":"ReadAction","target":["https:\/\/www.ferrovial.com\/es\/stem\/maquinaria-de-obra\/"]}]},{"@type":"BreadcrumbList","@id":"https:\/\/www.ferrovial.com\/es\/stem\/maquinaria-de-obra\/#breadcrumb","itemListElement":[{"@type":"ListItem","position":1,"name":"Portada","item":"https:\/\/www.ferrovial.com\/es\/"},{"@type":"ListItem","position":2,"name":"STEM","item":"https:\/\/www.ferrovial.com\/es\/stem\/"},{"@type":"ListItem","position":3,"name":"Maquinaria de obra"}]},{"@type":"WebSite","@id":"https:\/\/www.ferrovial.com\/es\/#website","url":"https:\/\/www.ferrovial.com\/es\/","name":"Ferrovial","description":"Welcome to the Ferrovial&#039;s website, global operator of sustainable infrastructure. Here you can find all the information about the company and subsidiaries.","publisher":{"@id":"https:\/\/www.ferrovial.com\/es\/#organization"},"potentialAction":[{"@type":"SearchAction","target":{"@type":"EntryPoint","urlTemplate":"https:\/\/www.ferrovial.com\/es\/?s={search_term_string}"},"query-input":{"@type":"PropertyValueSpecification","valueRequired":true,"valueName":"search_term_string"}}],"inLanguage":"es"},{"@type":"Organization","@id":"https:\/\/www.ferrovial.com\/es\/#organization","name":"Ferrovial S.A.","url":"https:\/\/www.ferrovial.com\/es\/","logo":{"@type":"ImageObject","inLanguage":"es","@id":"https:\/\/www.ferrovial.com\/es\/#\/schema\/logo\/image\/","url":"https:\/\/static.ferrovial.com\/wp-content\/uploads\/2020\/01\/13124948\/logo-ferrovial-cf7.png","contentUrl":"https:\/\/static.ferrovial.com\/wp-content\/uploads\/2020\/01\/13124948\/logo-ferrovial-cf7.png","width":144,"height":32,"caption":"Ferrovial S.A."},"image":{"@id":"https:\/\/www.ferrovial.com\/es\/#\/schema\/logo\/image\/"},"sameAs":["https:\/\/www.facebook.com\/ferrovial","https:\/\/x.com\/ferrovial","https:\/\/www.instagram.com\/ferrovial\/","https:\/\/www.linkedin.com\/company\/ferrovial","https:\/\/www.pinterest.es\/ferrovial\/","https:\/\/www.youtube.com\/ferrovial","https:\/\/en.wikipedia.org\/wiki\/Ferrovial"]}]}},"_links":{"self":[{"href":"https:\/\/www.ferrovial.com\/es\/wp-json\/wp\/v2\/pages\/240727","targetHints":{"allow":["GET"]}}],"collection":[{"href":"https:\/\/www.ferrovial.com\/es\/wp-json\/wp\/v2\/pages"}],"about":[{"href":"https:\/\/www.ferrovial.com\/es\/wp-json\/wp\/v2\/types\/page"}],"replies":[{"embeddable":true,"href":"https:\/\/www.ferrovial.com\/es\/wp-json\/wp\/v2\/comments?post=240727"}],"version-history":[{"count":2,"href":"https:\/\/www.ferrovial.com\/es\/wp-json\/wp\/v2\/pages\/240727\/revisions"}],"predecessor-version":[{"id":276058,"href":"https:\/\/www.ferrovial.com\/es\/wp-json\/wp\/v2\/pages\/240727\/revisions\/276058"}],"up":[{"embeddable":true,"href":"https:\/\/www.ferrovial.com\/es\/wp-json\/wp\/v2\/pages\/227878"}],"wp:attachment":[{"href":"https:\/\/www.ferrovial.com\/es\/wp-json\/wp\/v2\/media?parent=240727"}],"curies":[{"name":"wp","href":"https:\/\/api.w.org\/{rel}","templated":true}]}}