{"id":240810,"date":"2022-11-03T11:40:55","date_gmt":"2022-11-03T10:40:55","guid":{"rendered":"https:\/\/www.ferrovial.com\/?page_id=240810"},"modified":"2025-06-26T12:50:04","modified_gmt":"2025-06-26T10:50:04","slug":"informe-quadriga","status":"publish","type":"page","link":"https:\/\/www.ferrovial.com\/es\/cintra\/informe-quadriga\/","title":{"rendered":"Informe Quadriga"},"content":{"rendered":"    <m-hero type='reduced' :translations='{\n        &quot;play&quot;:&quot;Reproducir v\u00eddeo de fondo&quot;,\n        &quot;pause&quot;:&quot;Pausar v\u00eddeo de fondo&quot;,\n        &quot;prev&quot;:&quot;Anterior&quot;,\n        &quot;next&quot;:&quot;Siguiente&quot;,\n        &quot;paginationseparator&quot;:&quot;de&quot;,\n        &quot;goto&quot;:&quot;Ir al slide&quot;,\n        &quot;external&quot;:&quot;Abrir una nueva ventana&quot;\n    }'>\n            <c-breadcrumb label-text=\"Breadcrumb\" slot=\"breadcrumbs\" type='1' align='left left' wrap='wrapped wrapped' aria-label='Vienes de Cintra'>\n                        <ol>\n\n                                                            <li><a href=\"https:\/\/www.ferrovial.com\/es\/\" title=\"Ferrovial\">Ferrovial<\/a><\/li>\n                                                                        <li><a href=\"https:\/\/www.ferrovial.com\/es\/cintra\/\" title=\"Cintra\">Cintra<\/a><\/li>\n                                    \n                <\/ol>\n\n                <\/c-breadcrumb>\n    \n                        <div slot=\"carouselItem\">\n                            <c-background-video :sources=\"['https:\/\/static.ferrovial.com\/wp-content\/uploads\/2020\/01\/13130413\/05_407_aereo_1_1.mp4']\" position=\"center center\" poster=\"https:\/\/static.ferrovial.com\/wp-content\/uploads\/2020\/11\/13123125\/34-tor-phase-iq-4-116-1-1920x1080.png\" :translations=\"{&quot;play&quot;:&quot;Reproducir v\u00eddeo de fondo&quot;,&quot;pause&quot;:&quot;Pausar v\u00eddeo de fondo&quot;}\"><\/c-background-video>\n                        <\/div>\n        <section slot=\"hero\">\n            <article>\n                                        <h1>\n                            La contribuci\u00f3n de nuestras autopistas al desarrollo socioecon\u00f3mico                        <\/h1>\n                                                <p>Descripci\u00f3n por defecto<\/p>\n                                    <\/article>\n        <\/section>\n    <\/m-hero>\n\n    \n\n    <m-introduction-subhome type='primary' pathfront='1' pathback='2' icon='roads'>\n        <img decoding=\"async\" class=\"dots hidden\" slot=\"bg\" src=\"https:\/\/www.ferrovial.com\/wp-content\/themes\/global\/front\/dist\/static\/img\/dots.svg\" alt=\"\" \/>\n                        <h3 slot=\"title\">\n                    El Informe Quadriga analiza el impacto socioecon\u00f3mico de nuestras autopistas                <\/h3>\n                                <p slot=\"description\">\n                    El Informe Quadriga ha sido realizado por la consultora internacional Steer y estudia 21 autopistas gestionadas por Cintra, filial de la compa\u00f1\u00eda, repartidas entre Estados Unidos, Canad\u00e1, Espa\u00f1a, Portugal, Irlanda, Reino Unido, Australia, Eslovaquia, y Colombia.                <\/p>\n                    <\/m-introduction-subhome>\n    \n\n\n<m-wysiwig class=\"wp-block-components-wysiwyg\"><div slot=\"maincontent\">\n<p>Las <strong>autopistas de Cintra han generado un impacto total de 60,8 mil millones de d\u00f3lares en el PIB de las nueve geograf\u00edas<\/strong> hasta de diciembre de 2021. Asimismo, el Informe Quadriga revela que su construcci\u00f3n, mantenimiento y gesti\u00f3n han creado 334 mil empleos.<\/p>\n\n\n\n<p>Estas autopistas han contribuido a que los tiempos de viaje de sus usuarios se reduzcan considerablemente. En 2021, los usuarios de las autopistas de Cintra ahorraron 81 millones de horas de viaje. Norteam\u00e9rica ha sido la m\u00e1s beneficiada en esta materia, y acumula un ahorro de 58 millones de horas.<\/p>\n\n\n\n<p>Respecto al impacto socioecon\u00f3mico, las autopistas <strong>mejoran la movidad, reducen la congesti\u00f3n y contribuyen al desarrollo sostenible de los territorios donde se encuentran<\/strong>. En total, han supuesto un <strong>ahorro socioecon\u00f3mico de 29.100 millones de d\u00f3lares,<\/strong> de los cuales por reducci\u00f3n de tiempos de viaje fueron 23.200 millones de d\u00f3lares, por incremento de la seguridad y reducci\u00f3n de emisiones 1.900 millones de d\u00f3lares y 4.000 millones de d\u00f3lares por aumento en la productividad.<\/p>\n\n\n\n<p>En Norteam\u00e9rica se estima que los activos de Cintra han permitido evitar m\u00e1s de 21.600 accidentes que se habr\u00edan producido sin ellos hasta el 2021, mientras que en Europa se han evitado 2.650 accidentes graves.<\/p>\n\n\n\n\n             <a class='rich-link' href='https:\/\/static.ferrovial.com\/wp-content\/uploads\/2022\/11\/03094212\/economic-impact-of-cintra-assets-oct-22-with-disclaimer.pdf' title='DESCARGA AQU\u00cd EL INFORME QUADRIGA' target='_blank'>\n                <span>DESCARGA AQU\u00cd EL INFORME QUADRIGA<\/span>\n                <img src='https:\/\/www.ferrovial.com\/wp-content\/themes\/global\/front\/dist\/static\/img\/icon-download.svg' alt='download link'>\n            <\/a>\n        \n<\/div><\/m-wysiwig>\n\n\n    <m-cyphers-extended>\n         \n                <span slot=\"label\">\n                    Datos Destacados                <\/span>\n                                    <h2 slot=\"title\">\n                        Generaci\u00f3n de 60.800M $ en las geograf\u00edas                    <\/h2>\n                    \n                                            <div slot=\"cypher\">\n                                                        \n                                                            <div>\n                                    <span >29100<\/span>M $                                <\/div>\n                            \n                                                            <span>\n                                    ahorro socioecon\u00f3mico                                <\/span>\n                                                    <\/div>\n                    \n                    \n                                            <div slot=\"cypher\">\n                                                        \n                                                            <div>\n                                    <span > 334000<\/span>                                <\/div>\n                            \n                                                            <span>\n                                    empleos generados                                <\/span>\n                                                    <\/div>\n                    \n                    \n                                            <div slot=\"cypher\">\n                                                            <span>\n                                    Reducci\u00f3n de                                 <\/span>\n                                                        \n                                                            <div>\n                                    <span >1170 <\/span>M                                <\/div>\n                            \n                                                            <span>\n                                    horas de viaje hasta 2021                                <\/span>\n                                                    <\/div>\n                    \n                    \n                                            <div slot=\"cypher\">\n                                                            <span>\n                                    Reducci\u00f3n de                                <\/span>\n                                                        \n                                                            <div>\n                                    <span >21650<\/span>                                <\/div>\n                            \n                                                            <span>\n                                    accidentes carretera (US\/CA)                                <\/span>\n                                                    <\/div>\n                    \n                                <\/m-cyphers-extended>\n    \n\n\n<m-wysiwig class=\"wp-block-components-wysiwyg\"><div slot=\"maincontent\">\n<h2 class=\"wp-block-heading\">Elaboraci\u00f3n del informe<\/h2>\n\n\n\n<p>Hemos colaborado con la consultora Steer para la elaboraci\u00f3n del Informe Quadriga. La metodolog\u00eda utilizada en el Informe Quadriga, proporciona un marco de evaluaci\u00f3n global, consistente y estandarizado para todas las autopistas de Cintra. La consultora tambi\u00e9n resalta el papel del buen funcionamiento de estas autopistas en el plano de la seguridad.<\/p>\n<\/div><\/m-wysiwig>\n\n\n\n    <m-block-with-image-and-link orientation='orientation'>\n                    <h3 class=\"title\" slot=\"title\">Nuestras autopistas contribuyen al desarrollo social y econ\u00f3mico de la sociedad<\/h3>\n        \n                    <div class=\"description\" slot=\"description\">\n                <p style=\"text-align: justify;\" data-mce-style=\"text-align: justify;\">El informe concluye que generan un impacto socioecon\u00f3mico significativo para las regiones donde operan. Son un motor de crecimiento e indispensables para el buen funcionamiento de la sociedad: reducen el tiempo de viaje de los ciudadanos, son seguras y sostenibles, y fortalecen la productividad.<\/p>\n                            <\/div>\n        \n        \n        <!-- Images -->\n        \n            \n                <div class=\"m-block-with-image-and-link__link_item\" slot=\"linkItem\">\n                                            <picture>\n                                                            <source media=\"(max-width: 667px)\" srcset=\"https:\/\/static.ferrovial.com\/wp-content\/uploads\/2022\/10\/25115122\/autopista-lbj-express-usa-1-3-600x450.png\">\n                                                                                        <source media=\"(max-width: 1023px)\" srcset=\"https:\/\/static.ferrovial.com\/wp-content\/uploads\/2022\/10\/25115122\/autopista-lbj-express-usa-1-3.png\">\n                            \n                            <img decoding=\"async\" class=\"m-block-with-image-and-link__background-image\" alt=\"\" src=\"https:\/\/static.ferrovial.com\/wp-content\/uploads\/2022\/10\/25115122\/autopista-lbj-express-usa-1-3.png\">\n                        <\/picture>\n                    \n                                                                        <div class=\"m-block-with-image-and-link__overlay\" >\n                        \n                                                            <div class=\"m-block-with-image-and-link__text_wrapper\">\n                                                                            <div class=\"m-block-with-image-and-link__title\">Contribuci\u00f3n al desarrollo socioecon\u00f3mico<\/div>\n                                                                                                                <div class=\"m-block-with-image-and-link__description\">El impacto econ\u00f3mico total asociado a la inversi\u00f3n y a la explotaci\u00f3n de estos 21 activos hasta el 2021 es de 60.800 millones de d\u00f3lares, de los cuales 14.800 millones recaen en los ingresos salariales directos de los trabajadores.<\/div>\n                                                                    <\/div>\n                            \n                                                    <\/div>\n                                            \n                <\/div>\n\n            \n                <div class=\"m-block-with-image-and-link__link_item\" slot=\"linkItem\">\n                                            <picture>\n                                                            <source media=\"(max-width: 667px)\" srcset=\"https:\/\/static.ferrovial.com\/wp-content\/uploads\/2022\/10\/25115101\/autopista-lbj-express-usa-2-2-600x450.png\">\n                                                                                        <source media=\"(max-width: 1023px)\" srcset=\"https:\/\/static.ferrovial.com\/wp-content\/uploads\/2022\/10\/25115101\/autopista-lbj-express-usa-2-2.png\">\n                            \n                            <img decoding=\"async\" class=\"m-block-with-image-and-link__background-image\" alt=\"\" src=\"https:\/\/static.ferrovial.com\/wp-content\/uploads\/2022\/10\/25115101\/autopista-lbj-express-usa-2-2.png\">\n                        <\/picture>\n                    \n                                                                        <div class=\"m-block-with-image-and-link__overlay\" >\n                        \n                                                            <div class=\"m-block-with-image-and-link__text_wrapper\">\n                                                                            <div class=\"m-block-with-image-and-link__title\">Mejora de la movilidad y contribuci\u00f3n al desarrollo sostenible<\/div>\n                                                                                                                <div class=\"m-block-with-image-and-link__description\">A trav\u00e9s de un modelo de gesti\u00f3n integral, el impacto socioecon\u00f3mico de las autopistas de Cintra ha generado un valor total de 29.100 millones de d\u00f3lares hasta el 2021.<\/div>\n                                                                    <\/div>\n                            \n                                                    <\/div>\n                                            \n                <\/div>\n\n            \n                <div class=\"m-block-with-image-and-link__link_item\" slot=\"linkItem\">\n                                            <picture>\n                                                            <source media=\"(max-width: 667px)\" srcset=\"https:\/\/static.ferrovial.com\/wp-content\/uploads\/2022\/10\/25115039\/autopista-lbj-express-usa-3-2-600x450.png\">\n                                                                                        <source media=\"(max-width: 1023px)\" srcset=\"https:\/\/static.ferrovial.com\/wp-content\/uploads\/2022\/10\/25115039\/autopista-lbj-express-usa-3-2.png\">\n                            \n                            <img decoding=\"async\" class=\"m-block-with-image-and-link__background-image\" alt=\"\" src=\"https:\/\/static.ferrovial.com\/wp-content\/uploads\/2022\/10\/25115039\/autopista-lbj-express-usa-3-2.png\">\n                        <\/picture>\n                    \n                                                                        <div class=\"m-block-with-image-and-link__overlay\" >\n                        \n                                                            <div class=\"m-block-with-image-and-link__text_wrapper\">\n                                                                            <div class=\"m-block-with-image-and-link__title\">Las Managed Lanes como motor de crecimiento econ\u00f3mico<\/div>\n                                                                                                                <div class=\"m-block-with-image-and-link__description\">La NTE, LBJ, NTE35W y la I-77 han generado un total de 98.600 empleos, y han tenido impacto econ\u00f3mico que alcanza los 18.800 millones de d\u00f3lares hasta el 2021.<\/div>\n                                                                    <\/div>\n                            \n                                                    <\/div>\n                                            \n                <\/div>\n\n            \n                <div class=\"m-block-with-image-and-link__link_item\" slot=\"linkItem\">\n                                            <picture>\n                                                            <source media=\"(max-width: 667px)\" srcset=\"https:\/\/static.ferrovial.com\/wp-content\/uploads\/2022\/10\/25115017\/autopista-lbj-express-usa-4-2-600x450.png\">\n                                                                                        <source media=\"(max-width: 1023px)\" srcset=\"https:\/\/static.ferrovial.com\/wp-content\/uploads\/2022\/10\/25115017\/autopista-lbj-express-usa-4-2.png\">\n                            \n                            <img decoding=\"async\" class=\"m-block-with-image-and-link__background-image\" alt=\"\" src=\"https:\/\/static.ferrovial.com\/wp-content\/uploads\/2022\/10\/25115017\/autopista-lbj-express-usa-4-2.png\">\n                        <\/picture>\n                    \n                                                                        <div class=\"m-block-with-image-and-link__overlay\" >\n                        \n                                                            <div class=\"m-block-with-image-and-link__text_wrapper\">\n                                                                            <div class=\"m-block-with-image-and-link__title\">Mejora de la seguridad vial y la fluidez del tr\u00e1fico<\/div>\n                                                                                                                <div class=\"m-block-with-image-and-link__description\">Las mejoras del tr\u00e1fico generadas por las autopistas de Cintra han permitido en Norteam\u00e9rica una reducci\u00f3n de m\u00e1s de 21.600 accidentes de carretera hasta el 2021. En Europa, las autopistas de la compa\u00f1\u00eda han contribuido a una reducci\u00f3n de 2.650 accidentes graves hasta la fecha.<\/div>\n                                                                    <\/div>\n                            \n                                                    <\/div>\n                                            \n                <\/div>\n\n            \n        \n        <!-- Icons -->\n        \n    <\/m-block-with-image-and-link>\n\n    \n\n\n    <m-link-list>\n                    <h3 slot=\"maintitle\">\n                Descarga de documentos            <\/h3>\n                    <p slot=\"text\">Descripci\u00f3n por defecto<\/p>\n                    <ul slot=\"links\">\n                                    <li>\n                        <c-link external='_blank' sr-only='Abrir en una nueva pesta\u00f1a' icon='download'>\n                            <a href=\"https:\/\/static.ferrovial.com\/wp-content\/uploads\/2022\/11\/03094212\/economic-impact-of-cintra-assets-oct-22-with-disclaimer.pdf\" title=\"Informe de Quadriga\">\n                                Informe de Quadriga (PDF 2 MB)                            <\/a>\n                        <\/c-link>\n                    <\/li>\n                                    <li>\n                        <c-link external='_blank' sr-only='Abrir en una nueva pesta\u00f1a' icon='download'>\n                            <a href=\"https:\/\/static.ferrovial.com\/wp-content\/uploads\/2022\/11\/02103215\/economic-impact-of-cintra-assets-ppt-oct-22.pdf\" title=\"Presentaci\u00f3n Impacto Econ\u00f3mico de Cintra\">\n                                Presentaci\u00f3n Impacto Econ\u00f3mico de Cintra (PDF 10 MB)                            <\/a>\n                        <\/c-link>\n                    <\/li>\n                                    <li>\n                        <c-link external='true' icon='arrow'>\n                            <a href=\"\" title=\"Nota de Prensa\">\n                                Nota de Prensa                            <\/a>\n                        <\/c-link>\n                    <\/li>\n                            <\/ul>\n            <\/m-link-list>\n    ","protected":false},"excerpt":{"rendered":"","protected":false},"featured_media":0,"parent":17688,"menu_order":0,"comment_status":"closed","ping_status":"closed","template":"","meta":{"_acf_changed":false,"footnotes":""},"class_list":["post-240810","page","type-page","status-publish","hentry"],"acf":[],"yoast_head":"<!-- This site is optimized with the Yoast SEO plugin v27.2 - https:\/\/yoast.com\/product\/yoast-seo-wordpress\/ -->\n<title>Informe Quadriga - Ferrovial<\/title>\n<meta name=\"description\" content=\"Welcome to the Ferrovial&#039;s website, global operator of sustainable infrastructure. Here you can find all the information about the company and subsidiaries.\" \/>\n<meta name=\"robots\" content=\"noindex, follow\" \/>\n<meta property=\"og:locale\" content=\"es_ES\" \/>\n<meta property=\"og:type\" content=\"article\" \/>\n<meta property=\"og:title\" content=\"Informe Quadriga - Ferrovial\" \/>\n<meta property=\"og:description\" content=\"Welcome to the Ferrovial&#039;s website, global operator of sustainable infrastructure. Here you can find all the information about the company and subsidiaries.\" \/>\n<meta property=\"og:url\" content=\"https:\/\/www.ferrovial.com\/es\/cintra\/informe-quadriga\/\" \/>\n<meta property=\"og:site_name\" content=\"Ferrovial\" \/>\n<meta property=\"article:publisher\" content=\"https:\/\/www.facebook.com\/ferrovial\" \/>\n<meta property=\"article:modified_time\" content=\"2025-06-26T10:50:04+00:00\" \/>\n<meta property=\"og:image\" content=\"https:\/\/www.ferrovial.com\/wp-content\/themes\/global\/front\/dist\/static\/img\/dots.svg\" \/>\n<meta name=\"twitter:card\" content=\"summary_large_image\" \/>\n<meta name=\"twitter:site\" content=\"@ferrovial\" \/>\n<meta name=\"twitter:label1\" content=\"Est. reading time\" \/>\n\t<meta name=\"twitter:data1\" content=\"2 minutos\" \/>\n<!-- \/ Yoast SEO plugin. -->","yoast_head_json":{"title":"Informe Quadriga - Ferrovial","description":"Welcome to the Ferrovial's website, global operator of sustainable infrastructure. Here you can find all the information about the company and subsidiaries.","robots":{"index":"noindex","follow":"follow"},"og_locale":"es_ES","og_type":"article","og_title":"Informe Quadriga - Ferrovial","og_description":"Welcome to the Ferrovial's website, global operator of sustainable infrastructure. Here you can find all the information about the company and subsidiaries.","og_url":"https:\/\/www.ferrovial.com\/es\/cintra\/informe-quadriga\/","og_site_name":"Ferrovial","article_publisher":"https:\/\/www.facebook.com\/ferrovial","article_modified_time":"2025-06-26T10:50:04+00:00","og_image":[{"url":"https:\/\/www.ferrovial.com\/wp-content\/themes\/global\/front\/dist\/static\/img\/dots.svg","type":"","width":"","height":""}],"twitter_card":"summary_large_image","twitter_site":"@ferrovial","twitter_misc":{"Est. reading time":"2 minutos"},"schema":{"@context":"https:\/\/schema.org","@graph":[{"@type":"WebPage","@id":"https:\/\/www.ferrovial.com\/es\/cintra\/informe-quadriga\/","url":"https:\/\/www.ferrovial.com\/es\/cintra\/informe-quadriga\/","name":"Informe Quadriga - Ferrovial","isPartOf":{"@id":"https:\/\/www.ferrovial.com\/es\/#website"},"primaryImageOfPage":{"@id":"https:\/\/www.ferrovial.com\/es\/cintra\/informe-quadriga\/#primaryimage"},"image":{"@id":"https:\/\/www.ferrovial.com\/es\/cintra\/informe-quadriga\/#primaryimage"},"thumbnailUrl":"https:\/\/www.ferrovial.com\/wp-content\/themes\/global\/front\/dist\/static\/img\/dots.svg","datePublished":"2022-11-03T10:40:55+00:00","dateModified":"2025-06-26T10:50:04+00:00","description":"Welcome to the Ferrovial's website, global operator of sustainable infrastructure. Here you can find all the information about the company and subsidiaries.","breadcrumb":{"@id":"https:\/\/www.ferrovial.com\/es\/cintra\/informe-quadriga\/#breadcrumb"},"inLanguage":"es","potentialAction":[{"@type":"ReadAction","target":["https:\/\/www.ferrovial.com\/es\/cintra\/informe-quadriga\/"]}]},{"@type":"ImageObject","inLanguage":"es","@id":"https:\/\/www.ferrovial.com\/es\/cintra\/informe-quadriga\/#primaryimage","url":"https:\/\/www.ferrovial.com\/wp-content\/themes\/global\/front\/dist\/static\/img\/dots.svg","contentUrl":"https:\/\/www.ferrovial.com\/wp-content\/themes\/global\/front\/dist\/static\/img\/dots.svg"},{"@type":"BreadcrumbList","@id":"https:\/\/www.ferrovial.com\/es\/cintra\/informe-quadriga\/#breadcrumb","itemListElement":[{"@type":"ListItem","position":1,"name":"Portada","item":"https:\/\/www.ferrovial.com\/es\/"},{"@type":"ListItem","position":2,"name":"Cintra","item":"https:\/\/www.ferrovial.com\/es\/cintra\/"},{"@type":"ListItem","position":3,"name":"Informe Quadriga"}]},{"@type":"WebSite","@id":"https:\/\/www.ferrovial.com\/es\/#website","url":"https:\/\/www.ferrovial.com\/es\/","name":"Ferrovial","description":"Welcome to the Ferrovial&#039;s website, global operator of sustainable infrastructure. Here you can find all the information about the company and subsidiaries.","publisher":{"@id":"https:\/\/www.ferrovial.com\/es\/#organization"},"potentialAction":[{"@type":"SearchAction","target":{"@type":"EntryPoint","urlTemplate":"https:\/\/www.ferrovial.com\/es\/?s={search_term_string}"},"query-input":{"@type":"PropertyValueSpecification","valueRequired":true,"valueName":"search_term_string"}}],"inLanguage":"es"},{"@type":"Organization","@id":"https:\/\/www.ferrovial.com\/es\/#organization","name":"Ferrovial S.A.","url":"https:\/\/www.ferrovial.com\/es\/","logo":{"@type":"ImageObject","inLanguage":"es","@id":"https:\/\/www.ferrovial.com\/es\/#\/schema\/logo\/image\/","url":"https:\/\/static.ferrovial.com\/wp-content\/uploads\/2020\/01\/13124948\/logo-ferrovial-cf7.png","contentUrl":"https:\/\/static.ferrovial.com\/wp-content\/uploads\/2020\/01\/13124948\/logo-ferrovial-cf7.png","width":144,"height":32,"caption":"Ferrovial S.A."},"image":{"@id":"https:\/\/www.ferrovial.com\/es\/#\/schema\/logo\/image\/"},"sameAs":["https:\/\/www.facebook.com\/ferrovial","https:\/\/x.com\/ferrovial","https:\/\/www.instagram.com\/ferrovial\/","https:\/\/www.linkedin.com\/company\/ferrovial","https:\/\/www.pinterest.es\/ferrovial\/","https:\/\/www.youtube.com\/ferrovial","https:\/\/en.wikipedia.org\/wiki\/Ferrovial"]}]}},"_links":{"self":[{"href":"https:\/\/www.ferrovial.com\/es\/wp-json\/wp\/v2\/pages\/240810","targetHints":{"allow":["GET"]}}],"collection":[{"href":"https:\/\/www.ferrovial.com\/es\/wp-json\/wp\/v2\/pages"}],"about":[{"href":"https:\/\/www.ferrovial.com\/es\/wp-json\/wp\/v2\/types\/page"}],"replies":[{"embeddable":true,"href":"https:\/\/www.ferrovial.com\/es\/wp-json\/wp\/v2\/comments?post=240810"}],"version-history":[{"count":3,"href":"https:\/\/www.ferrovial.com\/es\/wp-json\/wp\/v2\/pages\/240810\/revisions"}],"predecessor-version":[{"id":308284,"href":"https:\/\/www.ferrovial.com\/es\/wp-json\/wp\/v2\/pages\/240810\/revisions\/308284"}],"up":[{"embeddable":true,"href":"https:\/\/www.ferrovial.com\/es\/wp-json\/wp\/v2\/pages\/17688"}],"wp:attachment":[{"href":"https:\/\/www.ferrovial.com\/es\/wp-json\/wp\/v2\/media?parent=240810"}],"curies":[{"name":"wp","href":"https:\/\/api.w.org\/{rel}","templated":true}]}}