{"id":240869,"date":"2022-10-21T15:33:14","date_gmt":"2022-10-21T13:33:14","guid":{"rendered":"https:\/\/www.ferrovial.com\/?page_id=240869"},"modified":"2022-10-25T12:05:48","modified_gmt":"2022-10-25T10:05:48","slug":"internet","status":"publish","type":"page","link":"https:\/\/www.ferrovial.com\/es\/stem\/internet\/","title":{"rendered":"Internet"},"content":{"rendered":"    <m-final-content-header >\n            <c-breadcrumb label-text=\"Breadcrumb\" slot=\"breadcrumbs\" type='2' align='left' wrap='wrapped wrapped' aria-label='Vienes de STEM'>\n                        <ol>\n\n                                                            <li><a href=\"https:\/\/www.ferrovial.com\/es\/\" title=\"Ferrovial\">Ferrovial<\/a><\/li>\n                                                                        <li><a href=\"https:\/\/www.ferrovial.com\/es\/stem\/\" title=\"STEM\">STEM<\/a><\/li>\n                                    \n                <\/ol>\n\n                <\/c-breadcrumb>\n    \n        <div slot=\"header\">\n            <h1>\n                \u00bfQu\u00e9 es Internet?            <\/h1>\n                    <\/div>\n    <\/m-final-content-header>\n\n    \n\n\n<m-wysiwig class=\"wp-block-components-wysiwyg\"><div slot=\"maincontent\">\n<script type=\"application\/ld+json\">\n{\n  \"@context\": \"https:\/\/schema.org\",\n  \"@type\": \"FAQPage\",\n  \"mainEntity\": [{\n    \"@type\": \"Question\",\n    \"name\": \"\u00bfQu\u00e9 es Internet?\",\n    \"acceptedAnswer\": {\n      \"@type\": \"Answer\",\n      \"text\": \"El t\u00e9rmino Internet se utiliza para hacer referencia a una red de computadoras interconectadas entre s\u00ed a nivel mundial con el objetivo de hacer com\u00fan informaci\u00f3n de acceso p\u00fablico. Esta red utiliza un lenguaje en com\u00fan para la comunicaci\u00f3n entre los dispositivos.\"\n    }\n  },{\n    \"@type\": \"Question\",\n    \"name\": \"\u00bfQu\u00e9 caracter\u00edsticas tiene Internet?\",\n    \"acceptedAnswer\": {\n      \"@type\": \"Answer\",\n      \"text\": \"<ul>\n<li>Ofrece informaci\u00f3n las 24 horas del d\u00eda<\/li>\n<li>Es de car\u00e1cter p\u00fablico<\/li>\n<li>Es de orden universal y descentralizado<\/li>\n<li>Es colaborativo<\/li>\n<li>Es de crecimiento ilimitado y colaborativo<\/li>\n<li>Genera rastro a partir de cada interacci\u00f3n<\/li>\n<li>Puede consultarse desde cualquier dispositivo de forma inmediata<\/li>\n<li>Sus usos pueden ir desde la b\u00fasqueda de informaci\u00f3n, pasando por la investigaci\u00f3n, contacto social, comunicaci\u00f3n inmediata, educaci\u00f3n hasta llegar a operaciones financieras.<\/li>\n<\/ul>\"\n    }\n  },{\n    \"@type\": \"Question\",\n    \"name\": \"\u00bfCu\u00e1ndo surge el Internet?\",\n    \"acceptedAnswer\": {\n      \"@type\": \"Answer\",\n      \"text\": \"Internet surge en el a\u00f1o 1969 en Estados Unidos, cuando la Agencia de Proyectos de Investigaci\u00f3n Avanzada ARPA, hoy llamada DARPA (Defense Advanced Research Projects Agency), busc\u00f3 mejorar los sistemas de comunicaci\u00f3n en remoto entre su red de computadoras.\nPara el a\u00f1o 1983 la ARPANET empieza a utilizar protocolos TCP\/IP para establecer comunicaci\u00f3n entre computadoras. Posteriormente, a finales de los a\u00f1os ochenta se crea el servicio World Wide Web (WWW) que se vale de Internet como medio de transmisi\u00f3n para la consulta remota de archivos de hipertexto. Esta fue la primera propuesta de uso de computadoras y enlaces para crear una red.\"\n    }\n  },{\n    \"@type\": \"Question\",\n    \"name\": \"\u00bfQu\u00e9 tipos de conexi\u00f3n a Internet existen?\",\n    \"acceptedAnswer\": {\n      \"@type\": \"Answer\",\n      \"text\": \"<ol>\n<li>Fibra \u00f3ptica (cable)<\/li>\n<li>L\u00edneas telef\u00f3nicas<\/li>\n<li>Redes inal\u00e1mbricas<\/li>\n<li>Satelital<\/li>\n<li>M\u00f3vil<\/li>\n<li>Hotspots de Wi-Fi<\/li>\n<li>ADSL (L\u00ednea Digital Asim\u00e9trica Suscriptora o Asymmetric Digital Subscriber Line)<\/li>\n<li>PLC (Conexi\u00f3n por red el\u00e9ctrica o Power Line Communications)<\/li>\n<\/ol>\"\n    }\n  }]\n}\n<\/script><p>El t\u00e9rmino Internet se utiliza para hacer referencia a una <strong>red de computadoras interconectadas<\/strong> entre s\u00ed a nivel mundial con el objetivo de hacer com\u00fan informaci\u00f3n de acceso p\u00fablico. Esta red <strong>utiliza un lenguaje en com\u00fan<\/strong> para la comunicaci\u00f3n entre los dispositivos.<\/p>\n\n\n\n<p>Internet se vale de protocolos, recursos y servicios para operar a trav\u00e9s de diferentes medios de conexi\u00f3n a la red, ya sea por medio de una l\u00ednea telef\u00f3nica, un cable o medios m\u00e1s modernos como conexi\u00f3n: 4G (LTE) y 5G, fibra \u00f3ptica o ADSL.&nbsp;<\/p>\n\n\n\n<p>Para acceder a los sitios web disponibles en Internet se hace uso de navegadores web como Google Chrome, Mozilla Firefox, Internet Explorer, entre otros.<\/p>\n\n\n\n<p>Su nombre proviene del anglicismo <em>International Network of Computers<\/em>, cuya traducci\u00f3n al espa\u00f1ol es <em>Red internacional de Computadoras<\/em>, tambi\u00e9n denominada como <em>Red Inform\u00e1tica Descentralizada de Alcance Global <\/em>o <em>Red de Redes<\/em>.<\/p>\n\n\n\n<h2 class=\"wp-block-heading\"><strong>\u00bfQu\u00e9 caracter\u00edsticas tiene Internet?<\/strong><\/h2>\n\n\n\n<ul class=\"wp-block-list\"><li><strong>Ofrece informaci\u00f3n las 24 horas del d\u00eda,<\/strong> y se puede acceder a ella siempre y cuando la conexi\u00f3n sea posible.&nbsp;<\/li><li><strong>Es de car\u00e1cter p\u00fablico.<\/strong><\/li><li>No pertenece a ning\u00fan ente, <strong>es de orden universal y descentralizado,<\/strong> por lo que no hay puntos de control a nivel jer\u00e1rquico.<\/li><li><strong>Es colaborativo,<\/strong> es decir, toda persona puede compartir informaci\u00f3n en Internet.<\/li><li><strong>Es de crecimiento ilimitado y colaborativo,<\/strong> permitiendo nuevas conexiones a la red de forma compartida.<\/li><li><strong>Genera rastro a partir de cada interacci\u00f3n<\/strong> que realizan los usuarios, de manera que se puede ofrecer una experiencia personalizada adaptada a sus intereses y preferencias. No obstante, <strong>es una red an\u00f3nima <\/strong>que no exige que los usuarios se identifiquen para su uso.&nbsp;<\/li><li><strong>Puede consultarse desde cualquier dispositivo de forma inmediata, <\/strong>y los mensajes se transmiten de forma instant\u00e1nea.<\/li><li>Sus usos pueden ir desde la b\u00fasqueda de informaci\u00f3n, pasando por la investigaci\u00f3n, contacto social, comunicaci\u00f3n inmediata, educaci\u00f3n hasta llegar a operaciones financieras.<\/li><\/ul>\n\n\n\n<h2 class=\"wp-block-heading\"><strong>\u00bfCu\u00e1ndo surge el Internet?<\/strong><\/h2>\n\n\n\n<p><strong>Internet surge en el a\u00f1o 1969 <\/strong>en Estados Unidos, cuando la Agencia de Proyectos de Investigaci\u00f3n Avanzada ARPA, hoy llamada DARPA (<em>Defense Advanced Research Projects Agency<\/em>), busc\u00f3 <strong>mejorar los sistemas de comunicaci\u00f3n en remoto entre su red de computadoras.<\/strong><\/p>\n\n\n\n<p>No obstante, no es hasta que nace la Red de la Agencia para los Proyectos de Investigaci\u00f3n Avanzada (<em>Advanced Research Projects Agency Network<\/em>) que es posible establecer una red de comunicaciones de alta velocidad con el objetivo de crear una red de computadoras que les permitiera a centros de investigaci\u00f3n y defensa <strong>mantener contacto de forma remota sin que se viese interrumpido su funcionamiento<\/strong> en caso de que algunos nodos fueran atacados o destruidos.<\/p>\n\n\n\n<p>Para el a\u00f1o 1983 la ARPANET empieza a utilizar protocolos TCP\/IP para establecer comunicaci\u00f3n entre computadoras. Posteriormente, a finales de los a\u00f1os ochenta se crea el servicio <strong><em>World Wide Web<\/em><\/strong><strong> (WWW) <\/strong>que se vale de Internet como <strong>medio de transmisi\u00f3n<\/strong> para la consulta remota de archivos de hipertexto. Esta fue la primera propuesta de uso de computadoras y enlaces para crear una red.<\/p>\n\n\n\n<h2 class=\"wp-block-heading\"><strong>\u00bfQu\u00e9 tipos de conexi\u00f3n a Internet existen?<\/strong><\/h2>\n\n\n\n<p>El acceso a Internet es posible gracias a m\u00faltiples canales. Algunos de ellos son:<\/p>\n\n\n\n<ol class=\"wp-block-list\"><li><strong>Fibra \u00f3ptica (cable):<\/strong> se implementan se\u00f1ales luminosas y no el\u00e9ctricas para codificar la informaci\u00f3n, permitiendo la transmisi\u00f3n de datos entre nodos.<\/li><li><strong>L\u00edneas telef\u00f3nicas: <\/strong>pueden ser convencionales (es decir, que transmiten anal\u00f3gicamente la se\u00f1al) o digitales (funcionan a trav\u00e9s de un adaptador de red).<\/li><li><strong>Redes inal\u00e1mbricas: <\/strong>sustituyen a los cables por se\u00f1ales infrarrojas u ondas de radio para la transmisi\u00f3n de la informaci\u00f3n. Un m\u00e9todo com\u00fan es el LMDS (<em>Local Multipoint Distribution System<\/em>), que se vale de ondas de radio de alta frecuencia.<\/li><li><strong>Satelital:<\/strong> sistema que se combina con la conexi\u00f3n telef\u00f3nica para reducir la congesti\u00f3n de las redes terrestres.<\/li><li><strong>M\u00f3vil:<\/strong> se trata de la conexi\u00f3n a trav\u00e9s de <em>smartphones<\/em>, ofreciendo un acceso a Internet r\u00e1pido.<\/li><li><strong><em>Hotspots<\/em> de Wi-Fi:<\/strong> se trata de sitios que ofrecen acceso a Internet por medio de una red local inal\u00e1mbrica (WLAN) a trav\u00e9s de un <em>router<\/em> que se conecta a un proveedor de servicio de Internet. Se utiliza tecnolog\u00eda Wi-Fi para facilitar la conexi\u00f3n de equipos y lograr el intercambio de datos de forma inal\u00e1mbrica a trav\u00e9s de ondas de radio.<\/li><li><strong>ADSL (L\u00ednea Digital Asim\u00e9trica Suscriptora o <em>Asymmetric Digital Subscriber Line): <\/em><\/strong>este tipo de conexi\u00f3n permite la transmisi\u00f3n digital de datos a alta velocidad a trav\u00e9s de una l\u00ednea telef\u00f3nica com\u00fan.<\/li><li><strong>PLC (Conexi\u00f3n por red el\u00e9ctrica o <em>Power Line Communications<\/em>)<\/strong>: conexi\u00f3n que se vale de l\u00edneas el\u00e9ctricas para transmitir datos a alta velocidad, a trav\u00e9s de instalaciones el\u00e9ctricas como puntos de acceso. De esta forma, se establecen redes internas para compartir datos entre diferentes dispositivos.<\/li><\/ol>\n<\/div><\/m-wysiwig>\n","protected":false},"excerpt":{"rendered":"","protected":false},"featured_media":0,"parent":227878,"menu_order":0,"comment_status":"closed","ping_status":"closed","template":"","meta":{"_acf_changed":false,"footnotes":""},"class_list":["post-240869","page","type-page","status-publish","hentry"],"acf":[],"yoast_head":"<!-- This site is optimized with the Yoast SEO plugin v27.2 - https:\/\/yoast.com\/product\/yoast-seo-wordpress\/ -->\n<title>Internet: qu\u00e9 es, qu\u00e9 tipos de conexi\u00f3n existen - Ferrovial<\/title>\n<meta name=\"description\" content=\"Internet hace referencia a una red de computadoras interconectadas entre s\u00ed a nivel mundial cuyo objetivo es hacer com\u00fan informaci\u00f3n de acceso p\u00fablico.\" \/>\n<meta name=\"robots\" content=\"index, follow, max-snippet:-1, max-image-preview:large, max-video-preview:-1\" \/>\n<link rel=\"canonical\" href=\"https:\/\/www.ferrovial.com\/es\/stem\/internet\/\" \/>\n<meta property=\"og:locale\" content=\"es_ES\" \/>\n<meta property=\"og:type\" content=\"article\" \/>\n<meta property=\"og:title\" content=\"Internet: qu\u00e9 es, qu\u00e9 tipos de conexi\u00f3n existen - Ferrovial\" \/>\n<meta property=\"og:description\" content=\"Internet hace referencia a una red de computadoras interconectadas entre s\u00ed a nivel mundial cuyo objetivo es hacer com\u00fan informaci\u00f3n de acceso p\u00fablico.\" \/>\n<meta property=\"og:url\" content=\"https:\/\/www.ferrovial.com\/es\/stem\/internet\/\" \/>\n<meta property=\"og:site_name\" content=\"Ferrovial\" \/>\n<meta property=\"article:publisher\" content=\"https:\/\/www.facebook.com\/ferrovial\" \/>\n<meta property=\"article:modified_time\" content=\"2022-10-25T10:05:48+00:00\" \/>\n<meta name=\"twitter:card\" content=\"summary_large_image\" \/>\n<meta name=\"twitter:site\" content=\"@ferrovial\" \/>\n<meta name=\"twitter:label1\" content=\"Est. reading time\" \/>\n\t<meta name=\"twitter:data1\" content=\"5 minutos\" \/>\n<!-- \/ Yoast SEO plugin. -->","yoast_head_json":{"title":"Internet: qu\u00e9 es, qu\u00e9 tipos de conexi\u00f3n existen - Ferrovial","description":"Internet hace referencia a una red de computadoras interconectadas entre s\u00ed a nivel mundial cuyo objetivo es hacer com\u00fan informaci\u00f3n de acceso p\u00fablico.","robots":{"index":"index","follow":"follow","max-snippet":"max-snippet:-1","max-image-preview":"max-image-preview:large","max-video-preview":"max-video-preview:-1"},"canonical":"https:\/\/www.ferrovial.com\/es\/stem\/internet\/","og_locale":"es_ES","og_type":"article","og_title":"Internet: qu\u00e9 es, qu\u00e9 tipos de conexi\u00f3n existen - Ferrovial","og_description":"Internet hace referencia a una red de computadoras interconectadas entre s\u00ed a nivel mundial cuyo objetivo es hacer com\u00fan informaci\u00f3n de acceso p\u00fablico.","og_url":"https:\/\/www.ferrovial.com\/es\/stem\/internet\/","og_site_name":"Ferrovial","article_publisher":"https:\/\/www.facebook.com\/ferrovial","article_modified_time":"2022-10-25T10:05:48+00:00","twitter_card":"summary_large_image","twitter_site":"@ferrovial","twitter_misc":{"Est. reading time":"5 minutos"},"schema":{"@context":"https:\/\/schema.org","@graph":[{"@type":"WebPage","@id":"https:\/\/www.ferrovial.com\/es\/stem\/internet\/","url":"https:\/\/www.ferrovial.com\/es\/stem\/internet\/","name":"Internet: qu\u00e9 es, qu\u00e9 tipos de conexi\u00f3n existen - Ferrovial","isPartOf":{"@id":"https:\/\/www.ferrovial.com\/es\/#website"},"datePublished":"2022-10-21T13:33:14+00:00","dateModified":"2022-10-25T10:05:48+00:00","description":"Internet hace referencia a una red de computadoras interconectadas entre s\u00ed a nivel mundial cuyo objetivo es hacer com\u00fan informaci\u00f3n de acceso p\u00fablico.","breadcrumb":{"@id":"https:\/\/www.ferrovial.com\/es\/stem\/internet\/#breadcrumb"},"inLanguage":"es","potentialAction":[{"@type":"ReadAction","target":["https:\/\/www.ferrovial.com\/es\/stem\/internet\/"]}]},{"@type":"BreadcrumbList","@id":"https:\/\/www.ferrovial.com\/es\/stem\/internet\/#breadcrumb","itemListElement":[{"@type":"ListItem","position":1,"name":"Portada","item":"https:\/\/www.ferrovial.com\/es\/"},{"@type":"ListItem","position":2,"name":"STEM","item":"https:\/\/www.ferrovial.com\/es\/stem\/"},{"@type":"ListItem","position":3,"name":"Internet"}]},{"@type":"WebSite","@id":"https:\/\/www.ferrovial.com\/es\/#website","url":"https:\/\/www.ferrovial.com\/es\/","name":"Ferrovial","description":"Welcome to the Ferrovial&#039;s website, global operator of sustainable infrastructure. Here you can find all the information about the company and subsidiaries.","publisher":{"@id":"https:\/\/www.ferrovial.com\/es\/#organization"},"potentialAction":[{"@type":"SearchAction","target":{"@type":"EntryPoint","urlTemplate":"https:\/\/www.ferrovial.com\/es\/?s={search_term_string}"},"query-input":{"@type":"PropertyValueSpecification","valueRequired":true,"valueName":"search_term_string"}}],"inLanguage":"es"},{"@type":"Organization","@id":"https:\/\/www.ferrovial.com\/es\/#organization","name":"Ferrovial S.A.","url":"https:\/\/www.ferrovial.com\/es\/","logo":{"@type":"ImageObject","inLanguage":"es","@id":"https:\/\/www.ferrovial.com\/es\/#\/schema\/logo\/image\/","url":"https:\/\/static.ferrovial.com\/wp-content\/uploads\/2020\/01\/13124948\/logo-ferrovial-cf7.png","contentUrl":"https:\/\/static.ferrovial.com\/wp-content\/uploads\/2020\/01\/13124948\/logo-ferrovial-cf7.png","width":144,"height":32,"caption":"Ferrovial S.A."},"image":{"@id":"https:\/\/www.ferrovial.com\/es\/#\/schema\/logo\/image\/"},"sameAs":["https:\/\/www.facebook.com\/ferrovial","https:\/\/x.com\/ferrovial","https:\/\/www.instagram.com\/ferrovial\/","https:\/\/www.linkedin.com\/company\/ferrovial","https:\/\/www.pinterest.es\/ferrovial\/","https:\/\/www.youtube.com\/ferrovial","https:\/\/en.wikipedia.org\/wiki\/Ferrovial"]}]}},"_links":{"self":[{"href":"https:\/\/www.ferrovial.com\/es\/wp-json\/wp\/v2\/pages\/240869","targetHints":{"allow":["GET"]}}],"collection":[{"href":"https:\/\/www.ferrovial.com\/es\/wp-json\/wp\/v2\/pages"}],"about":[{"href":"https:\/\/www.ferrovial.com\/es\/wp-json\/wp\/v2\/types\/page"}],"replies":[{"embeddable":true,"href":"https:\/\/www.ferrovial.com\/es\/wp-json\/wp\/v2\/comments?post=240869"}],"version-history":[{"count":2,"href":"https:\/\/www.ferrovial.com\/es\/wp-json\/wp\/v2\/pages\/240869\/revisions"}],"predecessor-version":[{"id":241191,"href":"https:\/\/www.ferrovial.com\/es\/wp-json\/wp\/v2\/pages\/240869\/revisions\/241191"}],"up":[{"embeddable":true,"href":"https:\/\/www.ferrovial.com\/es\/wp-json\/wp\/v2\/pages\/227878"}],"wp:attachment":[{"href":"https:\/\/www.ferrovial.com\/es\/wp-json\/wp\/v2\/media?parent=240869"}],"curies":[{"name":"wp","href":"https:\/\/api.w.org\/{rel}","templated":true}]}}