{"id":240890,"date":"2022-10-22T12:02:18","date_gmt":"2022-10-22T10:02:18","guid":{"rendered":"https:\/\/www.ferrovial.com\/?page_id=240890"},"modified":"2022-11-02T11:32:19","modified_gmt":"2022-11-02T10:32:19","slug":"estados-materia","status":"publish","type":"page","link":"https:\/\/www.ferrovial.com\/es\/stem\/estados-materia\/","title":{"rendered":"Estados de la materia"},"content":{"rendered":"    <m-final-content-header >\n            <c-breadcrumb label-text=\"Breadcrumb\" slot=\"breadcrumbs\" type='2' align='left' wrap='wrapped wrapped' aria-label='Vienes de STEM'>\n                        <ol>\n\n                                                            <li><a href=\"https:\/\/www.ferrovial.com\/es\/\" title=\"Ferrovial\">Ferrovial<\/a><\/li>\n                                                                        <li><a href=\"https:\/\/www.ferrovial.com\/es\/stem\/\" title=\"STEM\">STEM<\/a><\/li>\n                                    \n                <\/ol>\n\n                <\/c-breadcrumb>\n    \n        <div slot=\"header\">\n            <h1>\n                \u00bfQu\u00e9 es la materia?            <\/h1>\n                    <\/div>\n    <\/m-final-content-header>\n\n    \n\n\n<m-wysiwig class=\"wp-block-components-wysiwyg\"><div slot=\"maincontent\">\n<p><script type=\"application\/ld+json\">\n{\n  \"@context\": \"https:\/\/schema.org\",\n  \"@type\": \"FAQPage\",\n  \"mainEntity\": [{\n    \"@type\": \"Question\",\n    \"name\": \"\u00bfQu\u00e9 es la materia?\",\n    \"acceptedAnswer\": {\n      \"@type\": \"Answer\",\n      \"text\": \"La materia es todo aquello que tiene masa y ocupa un volumen. Tanto la f\u00edsica como la qu\u00edmica estudian la materia desde distintos puntos de vista. Todo lo que nos rodea est\u00e1 compuesto de materia, que puede presentarse en diversos estados.\"\n    }\n  },{\n    \"@type\": \"Question\",\n    \"name\": \"\u00bfCu\u00e1les son los estados de la materia?\",\n    \"acceptedAnswer\": {\n      \"@type\": \"Answer\",\n      \"text\": \"La materia se presenta en tres estados, tambi\u00e9n llamados formas de agregaci\u00f3n:\n<ol>\n<li>S\u00f3lido<\/li>\n<li>L\u00edquido<\/li>\n<li>Gaseoso<\/li>\n<\/ol>\"\n    }\n  },{\n    \"@type\": \"Question\",\n    \"name\": \"\u00bfCu\u00e1les son los nuevos estados de la materia?\",\n    \"acceptedAnswer\": {\n      \"@type\": \"Answer\",\n      \"text\": \"<ul>\n<li>Plasma: es, b\u00e1sicamente, un gas, pero ionizado; es decir, est\u00e1 compuesto por \u00e1tomos que se han separado de algunos de sus electrones.<\/li>\n<li>Condensado de Bose-Einstein: Es un estado de la materia que puede darse en ciertos materiales a temperaturas cercanas al cero absoluto. El condensado no tiene an\u00e1logo cl\u00e1sico y se le considera el quinto estado de la materia. Es fr\u00edo y denso (300 veces m\u00e1s fr\u00edo de lo que se hab\u00edan enfriado antes los \u00e1tomos), y los cient\u00edficos aseguran que sus \u00e1tomos llegan a permanecer inm\u00f3viles (lo que se conoce como estado fundamental).<\/li>\n<\/ul>\"\n    }\n  },{\n    \"@type\": \"Question\",\n    \"name\": \"\u00bfC\u00f3mo cambia de estado la materia?\",\n    \"acceptedAnswer\": {\n      \"@type\": \"Answer\",\n      \"text\": \"<ul>\n<li>S\u00d3LIDO \u2014 fusi\u00f3n \u2192 L\u00cdQUIDO<\/li>\n<li>S\u00d3LIDO \u2014 sublimaci\u00f3n \u2192 GASEOSO<\/li>\n<li>L\u00cdQUIDO \u2014 evaporaci\u00f3n \u2192 GASEOSO<\/li>\n<li>L\u00cdQUIDO \u2014 solidificaci\u00f3n \u2192 S\u00d3LIDO<\/li>\n<li>GASEOSO \u2014 deposici\u00f3n*\u2192 S\u00d3LIDO<\/li>\n<li>GASEOSO \u2014 condensaci\u00f3n \u2192 L\u00cdQUIDO<\/li>\n<li>GASEOSO \u2014 licuefacci\u00f3n* \u2192 L\u00cdQUIDO<\/li>\n<li>GASEOSO \u2014 ionizaci\u00f3n \u2192 PLASM\u00c1TICO<\/li>\n<li>PLASM\u00c1TICO \u2014 desionizaci\u00f3n \u2192 GASEOSO<\/li>\n<\/ul>\"\n    }\n  },{\n    \"@type\": \"Question\",\n    \"name\": \"\u00bfExisten otros estados de la materia?\",\n    \"acceptedAnswer\": {\n      \"@type\": \"Answer\",\n      \"text\": \"<ul>\n<li>Supers\u00f3lido<\/li>\n<li>Cristal l\u00edquido<\/li>\n<li>Materia fuertemente o d\u00e9bilmente sim\u00e9trica<\/li>\n<li>Materia de quarks (tambi\u00e9n conocida como materia extra\u00f1a)<\/li>\n<li>Materia degenerada<\/li>\n<li>Superfluido polarit\u00f3n<\/li>\n<li>L\u00edquido de spin cu\u00e1ntico<\/li>\n<\/ul>\"\n    }\n  }]\n}\n<\/script><p>La materia es todo aquello que tiene masa y ocupa un volumen. Tanto la f\u00edsica como la qu\u00edmica estudian la materia desde distintos puntos de vista. Todo lo que nos rodea est\u00e1 compuesto de materia, que puede presentarse en diversos estados.<\/p><\/p>\n\n\n\n<h2 class=\"wp-block-heading\"><strong>\u00bfCu\u00e1les son los estados de la materia?<\/strong><\/h2>\n\n\n\n<p>La materia se presenta en tres estados, tambi\u00e9n llamados <em>formas de agregaci\u00f3n<\/em>:<\/p>\n\n\n\n<ol class=\"wp-block-list\"><li><strong>S\u00f3lido: <\/strong>los \u00e1tomos de la materia s\u00f3lida est\u00e1n muy juntos, por lo que tienen <strong>forma y volumen fijos<\/strong>. Los s\u00f3lidos no se pueden comprimir; sin embargo, las altas temperaturas aumentan la vibraci\u00f3n de sus part\u00edculas, haciendo que se dilaten ligeramente. Los s\u00f3lidos tienen <strong>memoria de forma<\/strong>, por lo que si se deforman, tienden a volver a su forma original.<\/li><li><strong>L\u00edquido:<\/strong> tienen <strong>volumen fijo<\/strong>, pero sus \u00e1tomos est\u00e1n menos cohesionados que los de los s\u00f3lidos, por lo que su <strong>forma es variable<\/strong>; en consecuencia, asumen la forma de la superficie o el contenedor en que se encuentran.<\/li><li><strong>Gaseoso: <\/strong>sus part\u00edculas no est\u00e1n cohesionadas, y tienden a dispersarse, por lo que<strong> no tienen forma ni volumen fijos<\/strong>. Como los l\u00edquidos, su forma depender\u00e1 del contenedor, pero a diferencia de aquellos, los gases ocupan absolutamente todo el espacio disponible en el contenedor. El volumen de los gases cambia seg\u00fan las condiciones de temperatura y presi\u00f3n, as\u00ed que <strong>pueden comprimirse <\/strong>para alojar m\u00e1s cantidad en recipientes m\u00e1s peque\u00f1os.<\/li><\/ol>\n\n\n\n<p>Estos son los <strong>estados cl\u00e1sicos de la materia<\/strong>, y los que m\u00e1s f\u00e1cilmente se pueden observar en circunstancias cotidianas. Sin embargo, con el avance de la ciencia, se han podido observar nuevos estados de la materia en condiciones extremas o extraterrestres.<\/p>\n\n\n\n<h2 class=\"wp-block-heading\"><strong>\u00bfCu\u00e1les son los nuevos estados de la materia?<\/strong><\/h2>\n\n\n\n<p><strong>Plasma:<\/strong> es, b\u00e1sicamente, un gas, pero <strong>ionizado<\/strong>; es decir, est\u00e1 compuesto por \u00e1tomos que se han separado de algunos de sus electrones.<\/p>\n\n\n\n<p>Aunque podr\u00eda parecer que esta caracter\u00edstica es insuficiente para considerarlo un estado distinto de la materia, en la pr\u00e1ctica sucede que el plasma es <strong>capaz de conducir electricidad <\/strong>y, bajo la influencia de un campo magn\u00e9tico, puede formar rayos y filamentos (ejemplo: pantallas de plasma).&nbsp;<\/p>\n\n\n\n<p>El sol y buena parte del universo est\u00e1n hechos de plasma.<\/p>\n\n\n\n<p><strong>Condensado de Bose-Einstein:&nbsp;<\/strong><\/p>\n\n\n\n<p>Es un estado de la materia que puede darse en ciertos materiales a <strong>temperaturas cercanas al cero absoluto<\/strong>. El condensado no tiene an\u00e1logo cl\u00e1sico y se le considera el <strong>quinto estado <\/strong>de la materia. Es <strong>fr\u00edo y denso <\/strong>(300 veces m\u00e1s fr\u00edo de lo que se hab\u00edan enfriado antes los \u00e1tomos), y los cient\u00edficos aseguran que sus \u00e1tomos llegan a permanecer inm\u00f3viles (lo que se conoce como <em>estado fundamental<\/em>).&nbsp;<\/p>\n\n\n\n<p>Este estado hab\u00eda sido predicho por Albert Einstein y Satyendra Nath Bose en 1927. Desde entonces, hab\u00eda sido un <strong>estado te\u00f3rico de la materia<\/strong>, hasta que casi medio siglo despu\u00e9s los f\u00edsicos E. A. Cornell, W. Ketterle y C. E. Wieman lograron desarrollarlo en el laboratorio, cosa que les vali\u00f3 el Premio Nobel de F\u00edsica de 2001.<\/p>\n\n\n\n<h2 class=\"wp-block-heading\"><strong>\u00bfC\u00f3mo cambia de estado la materia?<\/strong><\/h2>\n\n\n\n<p>La materia cambia de estado gracias a variaciones de temperatura y presi\u00f3n. Cada uno de estos cambios recibe un nombre:<\/p>\n\n\n\n<p>S\u00d3LIDO <em>\u2014 fusi\u00f3n \u2192<\/em> L\u00cdQUIDO<\/p>\n\n\n\n<p>S\u00d3LIDO <em>\u2014 sublimaci\u00f3n \u2192<\/em> GASEOSO<\/p>\n\n\n\n<p>L\u00cdQUIDO <em>\u2014 evaporaci\u00f3n \u2192<\/em> GASEOSO<\/p>\n\n\n\n<p>L\u00cdQUIDO <em>\u2014 solidificaci\u00f3n \u2192<\/em> S\u00d3LIDO<\/p>\n\n\n\n<p>GASEOSO <em>\u2014 deposici\u00f3n*\u2192<\/em> S\u00d3LIDO<\/p>\n\n\n\n<p>GASEOSO <em>\u2014 condensaci\u00f3n \u2192<\/em> L\u00cdQUIDO<\/p>\n\n\n\n<p>GASEOSO <em>\u2014 licuefacci\u00f3n* \u2192<\/em> L\u00cdQUIDO<\/p>\n\n\n\n<p>GASEOSO <em>\u2014 ionizaci\u00f3n \u2192<\/em> PLASM\u00c1TICO<\/p>\n\n\n\n<p>PLASM\u00c1TICO <em>\u2014 desionizaci\u00f3n \u2192<\/em> GASEOSO<\/p>\n\n\n\n<p>*la <em>deposici\u00f3n<\/em>, tambi\u00e9n puede llamarse <em>sublimaci\u00f3n inversa<\/em>.<\/p>\n\n\n\n<p>*la diferencia entre <em>condensaci\u00f3n <\/em>y <em>licuefacci\u00f3n <\/em>es que la condensaci\u00f3n es el <strong>proceso inverso de la evaporaci\u00f3n<\/strong>, mientras que en la licuefacci\u00f3n el cambio de estado se produce gracias <strong>al aumento de la presi\u00f3n y la disminuci\u00f3n de la temperatura <\/strong>(como en la producci\u00f3n de nitr\u00f3geno l\u00edquido).<\/p>\n\n\n\n<p>Cada elemento cambia de estado en condiciones y circunstancias diversas, pero el <a href=\"https:\/\/www.ferrovial.com\/es\/recursos\/agua\/\" target=\"_blank\" rel=\"noreferrer noopener\">agua (y su ciclo)<\/a> son un buen ejemplo para observar y comprender con mayor facilidad los cambios de estado de la materia:<\/p>\n\n\n\n<p>El agua se presenta naturalmente en <strong>estado l\u00edquido<\/strong>, pero basta enfriarla lo suficiente (alcanzar el <em>punto de congelaci\u00f3n<\/em>; es decir, una temperatura de 0 \u00baC) para que pase a <strong>estado s\u00f3lido <\/strong>(conocido como <em>hielo<\/em>), o calentarla lo suficiente (alcanzar el <em>punto de ebullici\u00f3n<\/em>; es decir, una temperatura cercana a los 100 \u00baC) para que se convierta en <em>vapor de agua <\/em>(<strong>estado gaseoso<\/strong>). Finalmente, gracias a la <em>condensaci\u00f3n<\/em>, el vapor de agua (estado gaseoso) vuelve a convertirse en agua en <strong>estado l\u00edquido <\/strong>(ej.: <strong>lluvia<\/strong>).<\/p>\n\n\n\n<p>El proceso de <em>sublimaci\u00f3n <\/em>(paso directo de <strong>estado s\u00f3lido a estado gaseoso<\/strong>, sin pasar por el estado l\u00edquido), en general, es m\u00e1s raro de observar en circunstancias naturales, pero en el caso del agua puede observarse en el <strong>hielo seco<\/strong>. Otro proceso raro es el de <em>deposici\u00f3n<\/em>, o <em>sublimaci\u00f3n inversa<\/em>, pero en el caso del agua se observa en el fen\u00f3meno atmosf\u00e9rico del <strong>granizo<\/strong>.<\/p>\n\n\n\n<h2 class=\"wp-block-heading\"><strong>\u00bfExisten otros estados de la materia?<\/strong><\/h2>\n\n\n\n<p>Existen muchos otros estados de la materia. La mayor\u00eda de ellos solo son posibles en <strong>circunstancias muy extremas o controladas <\/strong>(en laboratorio, en condiciones muy espec\u00edficas del mundo exterior, etc.), o incluso solo se han manifestado de <strong>manera te\u00f3rica <\/strong>(existen modelos y teor\u00edas seg\u00fan las cuales debe existir tal estado, pero su observaci\u00f3n y estudio no ha sido posible hasta ahora). Otros estados se consideran casi <strong>variaciones <\/strong>de los estados principales. Algunos de estos son:<\/p>\n\n\n\n<ul class=\"wp-block-list\"><li>Supers\u00f3lido<\/li><li>Cristal l\u00edquido<\/li><li>Materia fuertemente o d\u00e9bilmente sim\u00e9trica<\/li><li>Materia de quarks (tambi\u00e9n conocida como materia extra\u00f1a)<\/li><li>Materia degenerada<\/li><li>Superfluido polarit\u00f3n<\/li><li>L\u00edquido de spin cu\u00e1ntico<\/li><\/ul>\n\n\n\n<p><a href=\"https:\/\/static.ferrovial.com\/wp-content\/uploads\/2022\/11\/02112831\/stem-quimica-es.pdf\" target=\"_blank\" rel=\"noreferrer noopener\">Descarga aqu\u00ed el pdf con todo el contenido de qu\u00edmica.<\/a><\/p>\n<\/div><\/m-wysiwig>\n","protected":false},"excerpt":{"rendered":"","protected":false},"featured_media":0,"parent":227878,"menu_order":0,"comment_status":"closed","ping_status":"closed","template":"","meta":{"_acf_changed":false,"footnotes":""},"class_list":["post-240890","page","type-page","status-publish","hentry"],"acf":[],"yoast_head":"<!-- This site is optimized with the Yoast SEO plugin v27.2 - https:\/\/yoast.com\/product\/yoast-seo-wordpress\/ -->\n<title>Estados de la materia: qu\u00e9 es, cu\u00e1les son, c\u00f3mo cambia - Ferrovial<\/title>\n<meta name=\"description\" content=\"La materia es todo aquello que tiene masa y ocupa un volumen. Existen muchos estados de la materia. Con\u00f3celos aqu\u00ed.\" \/>\n<meta name=\"robots\" content=\"index, follow, max-snippet:-1, max-image-preview:large, max-video-preview:-1\" \/>\n<link rel=\"canonical\" href=\"https:\/\/www.ferrovial.com\/es\/stem\/estados-materia\/\" \/>\n<meta property=\"og:locale\" content=\"es_ES\" \/>\n<meta property=\"og:type\" content=\"article\" \/>\n<meta property=\"og:title\" content=\"Estados de la materia: qu\u00e9 es, cu\u00e1les son, c\u00f3mo cambia - Ferrovial\" \/>\n<meta property=\"og:description\" content=\"La materia es todo aquello que tiene masa y ocupa un volumen. Existen muchos estados de la materia. Con\u00f3celos aqu\u00ed.\" \/>\n<meta property=\"og:url\" content=\"https:\/\/www.ferrovial.com\/es\/stem\/estados-materia\/\" \/>\n<meta property=\"og:site_name\" content=\"Ferrovial\" \/>\n<meta property=\"article:publisher\" content=\"https:\/\/www.facebook.com\/ferrovial\" \/>\n<meta property=\"article:modified_time\" content=\"2022-11-02T10:32:19+00:00\" \/>\n<meta name=\"twitter:card\" content=\"summary_large_image\" \/>\n<meta name=\"twitter:site\" content=\"@ferrovial\" \/>\n<meta name=\"twitter:label1\" content=\"Est. reading time\" \/>\n\t<meta name=\"twitter:data1\" content=\"6 minutos\" \/>\n<!-- \/ Yoast SEO plugin. -->","yoast_head_json":{"title":"Estados de la materia: qu\u00e9 es, cu\u00e1les son, c\u00f3mo cambia - Ferrovial","description":"La materia es todo aquello que tiene masa y ocupa un volumen. Existen muchos estados de la materia. Con\u00f3celos aqu\u00ed.","robots":{"index":"index","follow":"follow","max-snippet":"max-snippet:-1","max-image-preview":"max-image-preview:large","max-video-preview":"max-video-preview:-1"},"canonical":"https:\/\/www.ferrovial.com\/es\/stem\/estados-materia\/","og_locale":"es_ES","og_type":"article","og_title":"Estados de la materia: qu\u00e9 es, cu\u00e1les son, c\u00f3mo cambia - Ferrovial","og_description":"La materia es todo aquello que tiene masa y ocupa un volumen. Existen muchos estados de la materia. Con\u00f3celos aqu\u00ed.","og_url":"https:\/\/www.ferrovial.com\/es\/stem\/estados-materia\/","og_site_name":"Ferrovial","article_publisher":"https:\/\/www.facebook.com\/ferrovial","article_modified_time":"2022-11-02T10:32:19+00:00","twitter_card":"summary_large_image","twitter_site":"@ferrovial","twitter_misc":{"Est. reading time":"6 minutos"},"schema":{"@context":"https:\/\/schema.org","@graph":[{"@type":"WebPage","@id":"https:\/\/www.ferrovial.com\/es\/stem\/estados-materia\/","url":"https:\/\/www.ferrovial.com\/es\/stem\/estados-materia\/","name":"Estados de la materia: qu\u00e9 es, cu\u00e1les son, c\u00f3mo cambia - Ferrovial","isPartOf":{"@id":"https:\/\/www.ferrovial.com\/es\/#website"},"datePublished":"2022-10-22T10:02:18+00:00","dateModified":"2022-11-02T10:32:19+00:00","description":"La materia es todo aquello que tiene masa y ocupa un volumen. Existen muchos estados de la materia. Con\u00f3celos aqu\u00ed.","breadcrumb":{"@id":"https:\/\/www.ferrovial.com\/es\/stem\/estados-materia\/#breadcrumb"},"inLanguage":"es","potentialAction":[{"@type":"ReadAction","target":["https:\/\/www.ferrovial.com\/es\/stem\/estados-materia\/"]}]},{"@type":"BreadcrumbList","@id":"https:\/\/www.ferrovial.com\/es\/stem\/estados-materia\/#breadcrumb","itemListElement":[{"@type":"ListItem","position":1,"name":"Portada","item":"https:\/\/www.ferrovial.com\/es\/"},{"@type":"ListItem","position":2,"name":"STEM","item":"https:\/\/www.ferrovial.com\/es\/stem\/"},{"@type":"ListItem","position":3,"name":"Estados de la materia"}]},{"@type":"WebSite","@id":"https:\/\/www.ferrovial.com\/es\/#website","url":"https:\/\/www.ferrovial.com\/es\/","name":"Ferrovial","description":"Welcome to the Ferrovial&#039;s website, global operator of sustainable infrastructure. Here you can find all the information about the company and subsidiaries.","publisher":{"@id":"https:\/\/www.ferrovial.com\/es\/#organization"},"potentialAction":[{"@type":"SearchAction","target":{"@type":"EntryPoint","urlTemplate":"https:\/\/www.ferrovial.com\/es\/?s={search_term_string}"},"query-input":{"@type":"PropertyValueSpecification","valueRequired":true,"valueName":"search_term_string"}}],"inLanguage":"es"},{"@type":"Organization","@id":"https:\/\/www.ferrovial.com\/es\/#organization","name":"Ferrovial S.A.","url":"https:\/\/www.ferrovial.com\/es\/","logo":{"@type":"ImageObject","inLanguage":"es","@id":"https:\/\/www.ferrovial.com\/es\/#\/schema\/logo\/image\/","url":"https:\/\/static.ferrovial.com\/wp-content\/uploads\/2020\/01\/13124948\/logo-ferrovial-cf7.png","contentUrl":"https:\/\/static.ferrovial.com\/wp-content\/uploads\/2020\/01\/13124948\/logo-ferrovial-cf7.png","width":144,"height":32,"caption":"Ferrovial S.A."},"image":{"@id":"https:\/\/www.ferrovial.com\/es\/#\/schema\/logo\/image\/"},"sameAs":["https:\/\/www.facebook.com\/ferrovial","https:\/\/x.com\/ferrovial","https:\/\/www.instagram.com\/ferrovial\/","https:\/\/www.linkedin.com\/company\/ferrovial","https:\/\/www.pinterest.es\/ferrovial\/","https:\/\/www.youtube.com\/ferrovial","https:\/\/en.wikipedia.org\/wiki\/Ferrovial"]}]}},"_links":{"self":[{"href":"https:\/\/www.ferrovial.com\/es\/wp-json\/wp\/v2\/pages\/240890","targetHints":{"allow":["GET"]}}],"collection":[{"href":"https:\/\/www.ferrovial.com\/es\/wp-json\/wp\/v2\/pages"}],"about":[{"href":"https:\/\/www.ferrovial.com\/es\/wp-json\/wp\/v2\/types\/page"}],"replies":[{"embeddable":true,"href":"https:\/\/www.ferrovial.com\/es\/wp-json\/wp\/v2\/comments?post=240890"}],"version-history":[{"count":3,"href":"https:\/\/www.ferrovial.com\/es\/wp-json\/wp\/v2\/pages\/240890\/revisions"}],"predecessor-version":[{"id":241741,"href":"https:\/\/www.ferrovial.com\/es\/wp-json\/wp\/v2\/pages\/240890\/revisions\/241741"}],"up":[{"embeddable":true,"href":"https:\/\/www.ferrovial.com\/es\/wp-json\/wp\/v2\/pages\/227878"}],"wp:attachment":[{"href":"https:\/\/www.ferrovial.com\/es\/wp-json\/wp\/v2\/media?parent=240890"}],"curies":[{"name":"wp","href":"https:\/\/api.w.org\/{rel}","templated":true}]}}