{"id":240902,"date":"2022-10-22T12:17:32","date_gmt":"2022-10-22T10:17:32","guid":{"rendered":"https:\/\/www.ferrovial.com\/?page_id=240902"},"modified":"2024-09-10T14:54:14","modified_gmt":"2024-09-10T12:54:14","slug":"fluidos","status":"publish","type":"page","link":"https:\/\/www.ferrovial.com\/es\/stem\/fluidos\/","title":{"rendered":"Fluidos"},"content":{"rendered":"    <m-final-content-header >\n            <c-breadcrumb label-text=\"Breadcrumb\" slot=\"breadcrumbs\" type='2' align='left' wrap='wrapped wrapped' aria-label='Vienes de STEM'>\n                        <ol>\n\n                                                            <li><a href=\"https:\/\/www.ferrovial.com\/es\/\" title=\"Ferrovial\">Ferrovial<\/a><\/li>\n                                                                        <li><a href=\"https:\/\/www.ferrovial.com\/es\/stem\/\" title=\"STEM\">STEM<\/a><\/li>\n                                    \n                <\/ol>\n\n                <\/c-breadcrumb>\n    \n        <div slot=\"header\">\n            <h1>\n                \u00bfQu\u00e9 son los fluidos?            <\/h1>\n                    <\/div>\n    <\/m-final-content-header>\n\n    \n\n\n<m-wysiwig class=\"wp-block-components-wysiwyg\"><div slot=\"maincontent\">\n<p><script type=\"application\/ld+json\">\n{\n  \"@context\": \"https:\/\/schema.org\",\n  \"@type\": \"FAQPage\",\n  \"mainEntity\": [{\n    \"@type\": \"Question\",\n    \"name\": \"\u00bfQu\u00e9 son los fluidos?\",\n    \"acceptedAnswer\": {\n      \"@type\": \"Answer\",\n      \"text\": \"El t\u00e9rmino fluidos se utiliza para denominar a toda materia compuesta por mol\u00e9culas que se atraen entre s\u00ed a trav\u00e9s de una fuerza de atracci\u00f3n muy d\u00e9bil, lo que impide que puedan mantener una forma determinada y estable, diferenci\u00e1ndolos de las materias s\u00f3lidas que s\u00ed tienen dicha propiedad. \n\nA nivel f\u00edsico, los fluidos pueden ser l\u00edquidos y gases, ya que ninguno de los dos puede conservar una forma estable.\"\n    }\n  },{\n    \"@type\": \"Question\",\n    \"name\": \"\u00bfQu\u00e9 caracter\u00edsticas tienen los fluidos?\",\n    \"acceptedAnswer\": {\n      \"@type\": \"Answer\",\n      \"text\": \"Los fluidos, independientemente de cu\u00e1les sean, guardan en com\u00fan ciertas propiedades f\u00edsicas, tales como:\n<ul>\n<li>Cambio de forma<\/li>\n<li>Dispersi\u00f3n molecular<\/li>\n<li>Densidad<\/li>\n<li>Viscosidad<\/li>\n<li>Volumen<\/li>\n<li>Presi\u00f3n<\/li>\n<\/ul>\"\n    }\n  },{\n    \"@type\": \"Question\",\n    \"name\": \"\u00bfC\u00f3mo se clasifican los fluidos?\",\n    \"acceptedAnswer\": {\n      \"@type\": \"Answer\",\n      \"text\": \"Los fluidos pueden ser:\n<ol>\n<li>Fluidos reales<\/li>\n<li>Fluidos newtonianos<\/li>\n<li>Fluidos no newtonianos<\/li>\n<li>Superfluidos<\/li>\n<\/ol>\"\n    }\n  },{\n    \"@type\": \"Question\",\n    \"name\": \"\u00bfCu\u00e1l es la diferencia entre los fluidos l\u00edquidos y los fluidos gaseosos?\",\n    \"acceptedAnswer\": {\n      \"@type\": \"Answer\",\n      \"text\": \"Si bien tanto los l\u00edquidos como los gases se consideran fluidos, en los l\u00edquidos las fuerzasintermoleculares facilitan el movimiento de las part\u00edculas.Adem\u00e1s, presentan un volumen fijo. Cuando el l\u00edquido se vierte en un recipiente contenedor, ocupa un volumen parcial o igual al del recipiente.\n\nLos gases tienen part\u00edculas separadas en movimiento, que chocan unas con otras y se dispersan, raz\u00f3n por la cual no tienen un volumen definido. De esta manera, tienden a ocupar el mayor volumen posible del contenedor, siendo muy expandibles.\"\n    }\n  },{\n    \"@type\": \"Question\",\n    \"name\": \"\u00bfQu\u00e9 es la mec\u00e1nica de fluidos?\",\n    \"acceptedAnswer\": {\n      \"@type\": \"Answer\",\n      \"text\": \"La mec\u00e1nica de fluidos es una rama de la mec\u00e1nica de medios continuos y es la encargada de estudiar el comportamiento y movimiento de los fluidos, tanto en reposo (est\u00e1tica de fluidos) como en movimiento (din\u00e1mica de fluidos), as\u00ed como su interacci\u00f3n con el recipiente o contorno que los limita.\"\n    }\n  },{\n    \"@type\": \"Question\",\n    \"name\": \"\u00bfCu\u00e1les son algunos ejemplos de fluidos?\",\n    \"acceptedAnswer\": {\n      \"@type\": \"Answer\",\n      \"text\": \"<ul>\n<li>Plasma sangu\u00edneo: fluido no newtoniano cuya viscosidad aumenta con el esfuerzo cortante aplicado pero que deja de aumentar progresivamente cuando incrementa la velocidad.<\/li>\n<li>Helio: carente de viscosidad, se le considera un superfluido.<\/li>\n<li>Mercurio: fluido newtoniano, \u00fanico metal l\u00edquido a temperatura ambiente.<\/li>\n<\/ul>\"\n    }\n  }]\n}\n<\/script><p>El t\u00e9rmino <em>fluidos <\/em>se utiliza para denominar a toda <strong>materia compuesta por mol\u00e9culas que se atraen entre s\u00ed a trav\u00e9s de una fuerza de atracci\u00f3n muy d\u00e9bil,<\/strong> lo que impide que puedan mantener una forma determinada y estable, diferenci\u00e1ndolos de las materias s\u00f3lidas que s\u00ed tienen dicha propiedad.&nbsp;<\/p><\/p>\n\n\n\n<p>A nivel f\u00edsico, <strong>los fluidos pueden ser l\u00edquidos y gases,<\/strong> <strong>ya que ninguno de los dos puede conservar una forma estable.<\/strong> No obstante, la diferencia entre ellos es que los primeros se adaptan a la forma del contenedor que los aloja, mientras que los segundos tienen menor atracci\u00f3n entre sus part\u00edculas, por lo que pueden ser comprimidos, careciendo tanto de volumen como de forma.<\/p>\n\n\n\n<h2 class=\"wp-block-heading\"><strong>\u00bfQu\u00e9 caracter\u00edsticas tienen los fluidos?<\/strong><\/h2>\n\n\n\n<p>Los fluidos, independientemente de cu\u00e1les sean, guardan en com\u00fan ciertas propiedades f\u00edsicas, tales como:<\/p>\n\n\n\n<ul class=\"wp-block-list\">\n<li><strong>Cambio de forma: <\/strong>sin que existan <strong>fuerzas restitutivas <\/strong>que los obliguen a recuperar la composici\u00f3n original de la masa, diferenci\u00e1ndolos de un s\u00f3lido de car\u00e1cter deformable, que s\u00ed tienen fuerzas restitutivas.<\/li>\n\n\n\n<li><strong>Dispersi\u00f3n molecular:<\/strong> pueden pasar de un estado a otro y, debido a su fluidez, si se les aplica una variable externa, como la temperatura, se puede concentrar esta dispersi\u00f3n.<\/li>\n\n\n\n<li><strong>Densidad:<\/strong> pueden tener mayor o menor densidad en funci\u00f3n a la cantidad de materia que hay en un volumen de fluido. La densidad suele estar representada en kg\/m3.<\/li>\n\n\n\n<li><strong>Viscosidad:<\/strong> se trata de la resistencia que tienen los fluidos a ser deformados y que pudieran limitar su fluidez.<\/li>\n\n\n\n<li><strong>Volumen:<\/strong> espacio que ocupa un fluido en un espacio determinado, teniendo en cuenta el alto, ancho y largo. Los fluidos l\u00edquidos suelen adoptar la forma del recipiente donde est\u00e1n contenidos. Los gases, al contrario, no tienen volumen ni forma, por lo que se expandir\u00e1n lo m\u00e1ximo posible en el espacio que los contenga.<\/li>\n\n\n\n<li><strong>Presi\u00f3n:<\/strong> es la fuerza que la masa del fluido ejerce sobre los cuerpos que est\u00e1n sumergidos en \u00e9l. En los fondos marinos, por ejemplo, la presi\u00f3n es mucho m\u00e1s alta que en la tierra.<\/li>\n<\/ul>\n\n\n\n<h2 class=\"wp-block-heading\"><strong>\u00bfC\u00f3mo se clasifican los fluidos?<\/strong><\/h2>\n\n\n\n<p>Los fluidos pueden ser:<\/p>\n\n\n\n<ol class=\"wp-block-list\">\n<li><strong>Fluidos reales:<\/strong> son todos aquellos con la cualidad de ser viscosos o compresibles; la posici\u00f3n de sus mol\u00e9culas puede cambiar continuamente.<\/li>\n\n\n\n<li><strong>Fluidos newtonianos:<\/strong> son los que tienen viscosidad constante, sin variar seg\u00fan la fuerza que se les aplique. Las <a href=\"https:\/\/www.ferrovial.com\/es\/stem\/leyes-de-newton\/\" target=\"_blank\" rel=\"noreferrer noopener\">leyes mec\u00e1nicas de Newton <\/a>explican el comportamiento de este tipo de fluidos.<\/li>\n\n\n\n<li><strong>Fluidos no newtonianos:<\/strong> no poseen viscosidad \u00fanica, ya que dependen de la fuerza que se ejerza sobre ellos, as\u00ed como tambi\u00e9n de los cambios de temperatura, por lo que pueden ser un intermedio entre fluido y s\u00f3lido.<\/li>\n\n\n\n<li><strong>Superfluidos:<\/strong> se caracterizan porque pueden fluir ante la menor fuerza aplicada sin que haya ning\u00fan tipo de resistencia ni fricci\u00f3n.<\/li>\n<\/ol>\n\n\n\n<h2 class=\"wp-block-heading\"><strong>\u00bfCu\u00e1l es la diferencia entre los fluidos l\u00edquidos y los fluidos gaseosos?<\/strong><\/h2>\n\n\n\n<p>Si bien tanto los l\u00edquidos como los gases se consideran fluidos, en los<strong> l\u00edquidos <\/strong>las fuerzas intermoleculares facilitan el <strong>movimiento de las part\u00edculas<\/strong>.<strong> <\/strong>Adem\u00e1s, presentan un <strong>volumen fijo<\/strong>. Cuando el l\u00edquido se vierte en un recipiente contenedor, ocupa un volumen parcial o igual al del recipiente.<\/p>\n\n\n\n<p>Por el contrario,<strong> <\/strong>los <strong>gases tienen part\u00edculas separadas en movimiento<\/strong>, que chocan unas con otras y se dispersan, raz\u00f3n por la cual <strong>no tienen un volumen definido<\/strong>. De esta manera, tienden a ocupar el mayor volumen posible del contenedor, siendo <strong>muy expandibles.<\/strong><\/p>\n\n\n\n<p>Por otro lado, los gases que son <strong>compresibles<\/strong>, ya que su volumen disminuye cuando se aplica fuerzas sobre ellos.<strong> <\/strong>Los l\u00edquidos, en cambio, no disminuyen su volumen cuando se les ejerce una fuerza muy grande,<strong> <\/strong>por lo que se les considera <strong>incompresibles<\/strong>. Adem\u00e1s, los fluidos l\u00edquidos suelen ejercer presi\u00f3n (conocida como <strong>presi\u00f3n hidrost\u00e1tica<\/strong>) sobre cuerpos sumergidos en ellos o en las paredes de los recipientes contenedores.<\/p>\n\n\n\n<h2 class=\"wp-block-heading\"><strong>\u00bfQu\u00e9 es la mec\u00e1nica de fluidos?<\/strong><\/h2>\n\n\n\n<p>La mec\u00e1nica de fluidos es una rama de la <strong>mec\u00e1nica de medios continuos<\/strong> y es la encargada de estudiar el comportamiento y movimiento de los fluidos, tanto en reposo (est\u00e1tica de fluidos) como en movimiento (din\u00e1mica de fluidos), as\u00ed como su interacci\u00f3n con el recipiente o contorno que los limita.<\/p>\n\n\n\n<h2 class=\"wp-block-heading\"><strong>\u00bfCu\u00e1les son algunos ejemplos de fluidos?<\/strong><\/h2>\n\n\n\n<ul class=\"wp-block-list\">\n<li><strong>Plasma sangu\u00edneo:<\/strong> fluido no newtoniano cuya viscosidad aumenta con el esfuerzo cortante aplicado pero que deja de aumentar progresivamente cuando incrementa la velocidad.<\/li>\n\n\n\n<li><strong>Helio:<\/strong> carente de viscosidad, se le considera un superfluido.<\/li>\n\n\n\n<li><strong>Mercurio:<\/strong> fluido newtoniano, \u00fanico metal l\u00edquido a temperatura ambiente.<\/li>\n<\/ul>\n<\/div><\/m-wysiwig>\n","protected":false},"excerpt":{"rendered":"","protected":false},"featured_media":0,"parent":227878,"menu_order":0,"comment_status":"closed","ping_status":"closed","template":"","meta":{"_acf_changed":false,"footnotes":""},"class_list":["post-240902","page","type-page","status-publish","hentry"],"acf":[],"yoast_head":"<!-- This site is optimized with the Yoast SEO plugin v27.2 - https:\/\/yoast.com\/product\/yoast-seo-wordpress\/ -->\n<title>Fluidos: qu\u00e9 son, caracter\u00edsticas, clasificaci\u00f3n, mec\u00e1nica - Ferrovial<\/title>\n<meta name=\"description\" content=\"Fluidos es toda materia compuesta por mol\u00e9culas que se atraen entre s\u00ed a trav\u00e9s de una fuerza de atracci\u00f3n muy d\u00e9bil, impidiendo que mantengan una forma determinada y estable.\" \/>\n<meta name=\"robots\" content=\"index, follow, max-snippet:-1, max-image-preview:large, max-video-preview:-1\" \/>\n<link rel=\"canonical\" href=\"https:\/\/www.ferrovial.com\/es\/stem\/fluidos\/\" \/>\n<meta property=\"og:locale\" content=\"es_ES\" \/>\n<meta property=\"og:type\" content=\"article\" \/>\n<meta property=\"og:title\" content=\"Fluidos: qu\u00e9 son, caracter\u00edsticas, clasificaci\u00f3n, mec\u00e1nica - Ferrovial\" \/>\n<meta property=\"og:description\" content=\"Fluidos es toda materia compuesta por mol\u00e9culas que se atraen entre s\u00ed a trav\u00e9s de una fuerza de atracci\u00f3n muy d\u00e9bil, impidiendo que mantengan una forma determinada y estable.\" \/>\n<meta property=\"og:url\" content=\"https:\/\/www.ferrovial.com\/es\/stem\/fluidos\/\" \/>\n<meta property=\"og:site_name\" content=\"Ferrovial\" \/>\n<meta property=\"article:publisher\" content=\"https:\/\/www.facebook.com\/ferrovial\" \/>\n<meta property=\"article:modified_time\" content=\"2024-09-10T12:54:14+00:00\" \/>\n<meta name=\"twitter:card\" content=\"summary_large_image\" \/>\n<meta name=\"twitter:site\" content=\"@ferrovial\" \/>\n<meta name=\"twitter:label1\" content=\"Est. reading time\" \/>\n\t<meta name=\"twitter:data1\" content=\"6 minutos\" \/>\n<!-- \/ Yoast SEO plugin. -->","yoast_head_json":{"title":"Fluidos: qu\u00e9 son, caracter\u00edsticas, clasificaci\u00f3n, mec\u00e1nica - Ferrovial","description":"Fluidos es toda materia compuesta por mol\u00e9culas que se atraen entre s\u00ed a trav\u00e9s de una fuerza de atracci\u00f3n muy d\u00e9bil, impidiendo que mantengan una forma determinada y estable.","robots":{"index":"index","follow":"follow","max-snippet":"max-snippet:-1","max-image-preview":"max-image-preview:large","max-video-preview":"max-video-preview:-1"},"canonical":"https:\/\/www.ferrovial.com\/es\/stem\/fluidos\/","og_locale":"es_ES","og_type":"article","og_title":"Fluidos: qu\u00e9 son, caracter\u00edsticas, clasificaci\u00f3n, mec\u00e1nica - Ferrovial","og_description":"Fluidos es toda materia compuesta por mol\u00e9culas que se atraen entre s\u00ed a trav\u00e9s de una fuerza de atracci\u00f3n muy d\u00e9bil, impidiendo que mantengan una forma determinada y estable.","og_url":"https:\/\/www.ferrovial.com\/es\/stem\/fluidos\/","og_site_name":"Ferrovial","article_publisher":"https:\/\/www.facebook.com\/ferrovial","article_modified_time":"2024-09-10T12:54:14+00:00","twitter_card":"summary_large_image","twitter_site":"@ferrovial","twitter_misc":{"Est. reading time":"6 minutos"},"schema":{"@context":"https:\/\/schema.org","@graph":[{"@type":"WebPage","@id":"https:\/\/www.ferrovial.com\/es\/stem\/fluidos\/","url":"https:\/\/www.ferrovial.com\/es\/stem\/fluidos\/","name":"Fluidos: qu\u00e9 son, caracter\u00edsticas, clasificaci\u00f3n, mec\u00e1nica - Ferrovial","isPartOf":{"@id":"https:\/\/www.ferrovial.com\/es\/#website"},"datePublished":"2022-10-22T10:17:32+00:00","dateModified":"2024-09-10T12:54:14+00:00","description":"Fluidos es toda materia compuesta por mol\u00e9culas que se atraen entre s\u00ed a trav\u00e9s de una fuerza de atracci\u00f3n muy d\u00e9bil, impidiendo que mantengan una forma determinada y estable.","breadcrumb":{"@id":"https:\/\/www.ferrovial.com\/es\/stem\/fluidos\/#breadcrumb"},"inLanguage":"es","potentialAction":[{"@type":"ReadAction","target":["https:\/\/www.ferrovial.com\/es\/stem\/fluidos\/"]}]},{"@type":"BreadcrumbList","@id":"https:\/\/www.ferrovial.com\/es\/stem\/fluidos\/#breadcrumb","itemListElement":[{"@type":"ListItem","position":1,"name":"Portada","item":"https:\/\/www.ferrovial.com\/es\/"},{"@type":"ListItem","position":2,"name":"STEM","item":"https:\/\/www.ferrovial.com\/es\/stem\/"},{"@type":"ListItem","position":3,"name":"Fluidos"}]},{"@type":"WebSite","@id":"https:\/\/www.ferrovial.com\/es\/#website","url":"https:\/\/www.ferrovial.com\/es\/","name":"Ferrovial","description":"Welcome to the Ferrovial&#039;s website, global operator of sustainable infrastructure. Here you can find all the information about the company and subsidiaries.","publisher":{"@id":"https:\/\/www.ferrovial.com\/es\/#organization"},"potentialAction":[{"@type":"SearchAction","target":{"@type":"EntryPoint","urlTemplate":"https:\/\/www.ferrovial.com\/es\/?s={search_term_string}"},"query-input":{"@type":"PropertyValueSpecification","valueRequired":true,"valueName":"search_term_string"}}],"inLanguage":"es"},{"@type":"Organization","@id":"https:\/\/www.ferrovial.com\/es\/#organization","name":"Ferrovial S.A.","url":"https:\/\/www.ferrovial.com\/es\/","logo":{"@type":"ImageObject","inLanguage":"es","@id":"https:\/\/www.ferrovial.com\/es\/#\/schema\/logo\/image\/","url":"https:\/\/static.ferrovial.com\/wp-content\/uploads\/2020\/01\/13124948\/logo-ferrovial-cf7.png","contentUrl":"https:\/\/static.ferrovial.com\/wp-content\/uploads\/2020\/01\/13124948\/logo-ferrovial-cf7.png","width":144,"height":32,"caption":"Ferrovial S.A."},"image":{"@id":"https:\/\/www.ferrovial.com\/es\/#\/schema\/logo\/image\/"},"sameAs":["https:\/\/www.facebook.com\/ferrovial","https:\/\/x.com\/ferrovial","https:\/\/www.instagram.com\/ferrovial\/","https:\/\/www.linkedin.com\/company\/ferrovial","https:\/\/www.pinterest.es\/ferrovial\/","https:\/\/www.youtube.com\/ferrovial","https:\/\/en.wikipedia.org\/wiki\/Ferrovial"]}]}},"_links":{"self":[{"href":"https:\/\/www.ferrovial.com\/es\/wp-json\/wp\/v2\/pages\/240902","targetHints":{"allow":["GET"]}}],"collection":[{"href":"https:\/\/www.ferrovial.com\/es\/wp-json\/wp\/v2\/pages"}],"about":[{"href":"https:\/\/www.ferrovial.com\/es\/wp-json\/wp\/v2\/types\/page"}],"replies":[{"embeddable":true,"href":"https:\/\/www.ferrovial.com\/es\/wp-json\/wp\/v2\/comments?post=240902"}],"version-history":[{"count":3,"href":"https:\/\/www.ferrovial.com\/es\/wp-json\/wp\/v2\/pages\/240902\/revisions"}],"predecessor-version":[{"id":287938,"href":"https:\/\/www.ferrovial.com\/es\/wp-json\/wp\/v2\/pages\/240902\/revisions\/287938"}],"up":[{"embeddable":true,"href":"https:\/\/www.ferrovial.com\/es\/wp-json\/wp\/v2\/pages\/227878"}],"wp:attachment":[{"href":"https:\/\/www.ferrovial.com\/es\/wp-json\/wp\/v2\/media?parent=240902"}],"curies":[{"name":"wp","href":"https:\/\/api.w.org\/{rel}","templated":true}]}}