{"id":240908,"date":"2022-10-22T12:27:04","date_gmt":"2022-10-22T10:27:04","guid":{"rendered":"https:\/\/www.ferrovial.com\/?page_id=240908"},"modified":"2024-08-25T23:36:47","modified_gmt":"2024-08-25T21:36:47","slug":"corriente-electrica","status":"publish","type":"page","link":"https:\/\/www.ferrovial.com\/es\/stem\/corriente-electrica\/","title":{"rendered":"Corriente el\u00e9ctrica"},"content":{"rendered":"    <m-final-content-header >\n            <c-breadcrumb label-text=\"Breadcrumb\" slot=\"breadcrumbs\" type='2' align='left' wrap='wrapped wrapped' aria-label='Vienes de STEM'>\n                        <ol>\n\n                                                            <li><a href=\"https:\/\/www.ferrovial.com\/es\/\" title=\"Ferrovial\">Ferrovial<\/a><\/li>\n                                                                        <li><a href=\"https:\/\/www.ferrovial.com\/es\/stem\/\" title=\"STEM\">STEM<\/a><\/li>\n                                    \n                <\/ol>\n\n                <\/c-breadcrumb>\n    \n        <div slot=\"header\">\n            <h1>\n                \u00bfQu\u00e9 es la corriente el\u00e9ctrica?            <\/h1>\n                    <\/div>\n    <\/m-final-content-header>\n\n    \n\n\n<m-wysiwig class=\"wp-block-components-wysiwyg\"><div slot=\"maincontent\">\n<p><script type=\"application\/ld+json\">\n{\n  \"@context\": \"https:\/\/schema.org\",\n  \"@type\": \"FAQPage\",\n  \"mainEntity\": [{\n    \"@type\": \"Question\",\n    \"name\": \"\u00bfQu\u00e9 es la corriente el\u00e9ctrica?\",\n    \"acceptedAnswer\": {\n      \"@type\": \"Answer\",\n      \"text\": \"Se entiende por corriente el\u00e9ctrica a un fen\u00f3meno f\u00edsico de desplazamiento o flujo de una carga el\u00e9ctrica, generalmente de electrones, por medio de un material conductor. Para que haya corriente el\u00e9ctrica, los electrones que est\u00e1n m\u00e1s alejados del n\u00facleo del \u00e1tomo de un determinado material tienen que desligarse y circular de forma libre a trav\u00e9s de un conductor en un circuito el\u00e9ctrico.\"\n    }\n  },{\n    \"@type\": \"Question\",\n    \"name\": \"\u00bfC\u00f3mo funciona la corriente el\u00e9ctrica?\",\n    \"acceptedAnswer\": {\n      \"@type\": \"Answer\",\n      \"text\": \"La corriente el\u00e9ctrica funciona a partir de un movimiento de part\u00edculas, que comienza en el momento en el que a uno de los extremos del conductor se le aplica una tensi\u00f3n externa que, a su vez, genera un campo el\u00e9ctrico sobre los electrones de carga negativa que se ven atra\u00eddos hacia la terminal positiva de la tensi\u00f3n externa.\"\n    }\n  },{\n    \"@type\": \"Question\",\n    \"name\": \"\u00bfCu\u00e1l es la f\u00f3rmula de la corriente el\u00e9ctrica?\",\n    \"acceptedAnswer\": {\n      \"@type\": \"Answer\",\n      \"text\": \"La Ley de Ohm determina la f\u00f3rmula de la corriente el\u00e9ctrica, que plantea:\nIntensidad = Voltaje \/ Resistencia.\n<ul>\n<li>La resistencia representa el obst\u00e1culo al que se enfrentan los electrones en su camino. Su unidad de medida son los Ohmios.<\/li>\n<li>La intensidad es una cualidad de la corriente el\u00e9ctrica. Su unidad de medida son los Amperios.<\/li>\n<li>El voltaje representa la diferencia de potencia entre un punto con respecto a otro. Su unidad de medida son los Voltios.<\/li>\n<\/ul>\"\n    }\n  },{\n    \"@type\": \"Question\",\n    \"name\": \"\u00bfQu\u00e9 tipos de corrientes el\u00e9ctricas existen?\",\n    \"acceptedAnswer\": {\n      \"@type\": \"Answer\",\n      \"text\": \"La corriente el\u00e9ctrica se puede clasificar seg\u00fan su naturaleza en:\n<ol>\n<li>Corriente continua (CC)<\/li>\n<li>Corriente alterna (CA)<\/li>\n<li>Corriente trif\u00e1sica<\/li>\n<li>Corriente monof\u00e1sica<\/li>\n<\/ol>\"\n    }\n  },{\n    \"@type\": \"Question\",\n    \"name\": \"\u00bfQu\u00e9 tipo de materiales existen para la conducci\u00f3n el\u00e9ctrica?\",\n    \"acceptedAnswer\": {\n      \"@type\": \"Answer\",\n      \"text\": \"<ol>\n<li>Materiales conductores: ofrecen poca resistencia al paso de electricidad.<\/li>\n<li>Materiales semiconductores: se pueden comportar como conductores o como aislantes, dependiendo del campo el\u00e9ctrico donde funcionen.<\/li>\n<li>Materiales aislantes: los electrones no circulan libremente, por lo que no se consideran conductores de corriente el\u00e9ctrica.<\/li>\n<\/ol>\"\n    }\n  },{\n    \"@type\": \"Question\",\n    \"name\": \"\u00bfCu\u00e1les son los efectos de la corriente el\u00e9ctrica?\",\n    \"acceptedAnswer\": {\n      \"@type\": \"Answer\",\n      \"text\": \"La corriente el\u00e9ctrica puede tener distintos efectos. Alguno de ellos:\n<ul>\n<li>Calor\u00edficos<\/li>\n<li>Magn\u00e9ticos<\/li>\n<li>Fisiol\u00f3gicos<\/li>\n<li>Qu\u00edmico<\/li>\n<\/ul>\"\n    }\n  }]\n}\n<\/script><p>Se entiende por corriente el\u00e9ctrica a un <strong>fen\u00f3meno f\u00edsico de desplazamiento o flujo de una carga el\u00e9ctrica, generalmente de electrones, por medio de un material conductor.<\/strong> Para que haya corriente el\u00e9ctrica, los electrones que est\u00e1n m\u00e1s alejados del n\u00facleo del \u00e1tomo de un determinado material tienen que desligarse y circular de forma libre a trav\u00e9s de un conductor en un circuito el\u00e9ctrico.&nbsp;<\/p><\/p>\n\n\n\n<p>La intensidad de la corriente el\u00e9ctrica viene determinada por la <strong>cantidad de carga que pasa por un conductor en una unidad de tiempo. <\/strong>La intensidad se mide en Culombios por segundo (C\/s), que equivale a un <strong>Amperio (A)<\/strong>, y los<a href=\"https:\/\/www.ferrovial.com\/es\/stem\/instrumentos-de-medida\/\" target=\"_blank\" rel=\"noreferrer noopener\"> instrumentos de medida<\/a> por excelencia de la corriente el\u00e9ctrica son<strong> el galvan\u00f3metro o el amper\u00edmetro.<\/strong><\/p>\n\n\n\n<h2 class=\"wp-block-heading\"><strong>\u00bfC\u00f3mo funciona la corriente el\u00e9ctrica?<\/strong><\/h2>\n\n\n\n<p>La corriente el\u00e9ctrica <strong>funciona a partir de un movimiento de part\u00edculas,<\/strong> que comienza en el momento en el que a uno de los extremos del conductor <strong>se le aplica una tensi\u00f3n externa <\/strong>que, a su vez, genera un campo el\u00e9ctrico sobre los electrones de carga negativa que se ven atra\u00eddos hacia la terminal positiva de la tensi\u00f3n externa.<\/p>\n\n\n\n<p>Para que la corriente el\u00e9ctrica pueda transmitirse de un punto a otro, <strong>demanda materiales con alta cantidad de electrones libres,<\/strong> que se encuentran ubicados en la \u00faltima \u00f3rbita de su n\u00facleo, lo que significa que son altamente susceptibles a moverse al estar menos atra\u00eddos por la fuerza de su n\u00facleo.<\/p>\n\n\n\n<h2 class=\"wp-block-heading\"><strong>\u00bfCu\u00e1l es la f\u00f3rmula de la corriente el\u00e9ctrica?<\/strong><\/h2>\n\n\n\n<p>La Ley de Ohm determina la f\u00f3rmula de la corriente el\u00e9ctrica, que plantea:<\/p>\n\n\n\n<p><strong>Intensidad = Voltaje \/ Resistencia.<\/strong><\/p>\n\n\n\n<ul class=\"wp-block-list\">\n<li>La resistencia <strong>representa<\/strong> el obst\u00e1culo al que se enfrentan los electrones en su camino. Su unidad de medida son los Ohmios.<\/li>\n\n\n\n<li>La <strong>intensidad<\/strong> es una cualidad de la corriente el\u00e9ctrica. Su unidad de medida son los Amperios.<\/li>\n\n\n\n<li>El <strong>voltaje <\/strong>representa la diferencia de potencia entre un punto con respecto a otro. Su unidad de medida son los Voltios.<\/li>\n<\/ul>\n\n\n\n<h2 class=\"wp-block-heading\"><strong>\u00bfQu\u00e9 tipos de corrientes el\u00e9ctricas existen?<\/strong><\/h2>\n\n\n\n<p>La corriente el\u00e9ctrica se puede clasificar seg\u00fan su naturaleza en:<\/p>\n\n\n\n<ol class=\"wp-block-list\">\n<li><strong>Corriente continua (CC):<\/strong> consiste en el desplazamiento de cargas el\u00e9ctricas que no modifican su sentido de circulaci\u00f3n con el paso del tiempo.<\/li>\n\n\n\n<li><strong>Corriente alterna (CA):<\/strong> el sentido y direcci\u00f3n de la corriente var\u00eda de forma c\u00edclica, siendo la tipolog\u00eda opuesta a la continua. Se trata de una corriente eficiente, por lo que es com\u00fan su uso en hogares y empresas.<\/li>\n\n\n\n<li><strong>Corriente trif\u00e1sica:<\/strong> consiste en tres corrientes alternas con la misma frecuencia y amplitud llamadas <em>fases<\/em>.\u00a0<\/li>\n\n\n\n<li><strong>Corriente monof\u00e1sica:<\/strong> este tipo de corriente se obtiene a partir de una sola fase de la corriente trif\u00e1sica y un<a href=\"https:\/\/www.ferrovial.com\/es\/stem\/cables-y-cableado\/\" target=\"_blank\" rel=\"noreferrer noopener\"> cable<\/a> neutro que permite aprovechar la energ\u00eda de baja tensi\u00f3n.<\/li>\n<\/ol>\n\n\n\n<h2 class=\"wp-block-heading\">&nbsp;<strong>\u00bfQu\u00e9 tipo de materiales existen para la conducci\u00f3n el\u00e9ctrica?<\/strong><\/h2>\n\n\n\n<ol class=\"wp-block-list\">\n<li><strong>Materiales conductores:<\/strong> ofrecen poca resistencia al paso de electricidad. Los electrones circulan libremente porque est\u00e1n unidos de una forma muy d\u00e9bil a los \u00e1tomos, de manera que pueden conducir mucha electricidad.<\/li>\n\n\n\n<li><strong>Materiales semiconductores:<\/strong> se pueden comportar como conductores o como aislantes, dependiendo del campo el\u00e9ctrico donde funcionen.<\/li>\n\n\n\n<li><strong>Materiales aislantes:<\/strong> los electrones no circulan libremente, por lo que no se consideran conductores de corriente el\u00e9ctrica.<\/li>\n<\/ol>\n\n\n\n<h2 class=\"wp-block-heading\"><strong>\u00bfCu\u00e1les son los efectos de la corriente el\u00e9ctrica?<\/strong><\/h2>\n\n\n\n<p>La corriente el\u00e9ctrica puede tener distintos efectos. Alguno de ellos:<\/p>\n\n\n\n<ul class=\"wp-block-list\">\n<li><strong>Calor\u00edficos: <\/strong>producto del aumento de temperatura del conductor por el paso de la corriente el\u00e9ctrica. Un ejemplo de ello son las estufas.<\/li>\n\n\n\n<li><strong>Magn\u00e9ticos: <\/strong>cuando una corriente el\u00e9ctrica pasa por un conductor crea un campo magn\u00e9tico a su alrededor. Este efecto se puede identificar en televisores, radios, amper\u00edmetros, etc.<\/li>\n\n\n\n<li><strong>Fisiol\u00f3gicos: <\/strong>existen aparatos de electromedicina que responden al efecto de conducci\u00f3n el\u00e9ctrica, generando una electrocuci\u00f3n en aquellos a las que se les aplique.<\/li>\n\n\n\n<li><strong>Qu\u00edmico: <\/strong>efecto que genera el paso de la corriente el\u00e9ctrica por un electrolito, en el que se basa el funcionamiento de las<a href=\"https:\/\/www.ferrovial.com\/es\/stem\/bateria\/\"> bater\u00edas<\/a>.<\/li>\n<\/ul>\n<\/div><\/m-wysiwig>\n","protected":false},"excerpt":{"rendered":"","protected":false},"featured_media":0,"parent":227878,"menu_order":0,"comment_status":"closed","ping_status":"closed","template":"","meta":{"_acf_changed":false,"footnotes":""},"class_list":["post-240908","page","type-page","status-publish","hentry"],"acf":[],"yoast_head":"<!-- This site is optimized with the Yoast SEO plugin v27.2 - https:\/\/yoast.com\/product\/yoast-seo-wordpress\/ -->\n<title>Corriente el\u00e9ctrica: qu\u00e9 es, c\u00f3mo funciona, tipos, efectos - Ferrovial<\/title>\n<meta name=\"description\" content=\"Corriente el\u00e9ctrica es un fen\u00f3meno f\u00edsico de desplazamiento o flujo de una carga el\u00e9ctrica, generalmente de electrones, por medio de un material conductor.\" \/>\n<meta name=\"robots\" content=\"index, follow, max-snippet:-1, max-image-preview:large, max-video-preview:-1\" \/>\n<link rel=\"canonical\" href=\"https:\/\/www.ferrovial.com\/es\/stem\/corriente-electrica\/\" \/>\n<meta property=\"og:locale\" content=\"es_ES\" \/>\n<meta property=\"og:type\" content=\"article\" \/>\n<meta property=\"og:title\" content=\"Corriente el\u00e9ctrica: qu\u00e9 es, c\u00f3mo funciona, tipos, efectos - Ferrovial\" \/>\n<meta property=\"og:description\" content=\"Corriente el\u00e9ctrica es un fen\u00f3meno f\u00edsico de desplazamiento o flujo de una carga el\u00e9ctrica, generalmente de electrones, por medio de un material conductor.\" \/>\n<meta property=\"og:url\" content=\"https:\/\/www.ferrovial.com\/es\/stem\/corriente-electrica\/\" \/>\n<meta property=\"og:site_name\" content=\"Ferrovial\" \/>\n<meta property=\"article:publisher\" content=\"https:\/\/www.facebook.com\/ferrovial\" \/>\n<meta property=\"article:modified_time\" content=\"2024-08-25T21:36:47+00:00\" \/>\n<meta name=\"twitter:card\" content=\"summary_large_image\" \/>\n<meta name=\"twitter:site\" content=\"@ferrovial\" \/>\n<meta name=\"twitter:label1\" content=\"Est. reading time\" \/>\n\t<meta name=\"twitter:data1\" content=\"3 minutos\" \/>\n<!-- \/ Yoast SEO plugin. -->","yoast_head_json":{"title":"Corriente el\u00e9ctrica: qu\u00e9 es, c\u00f3mo funciona, tipos, efectos - Ferrovial","description":"Corriente el\u00e9ctrica es un fen\u00f3meno f\u00edsico de desplazamiento o flujo de una carga el\u00e9ctrica, generalmente de electrones, por medio de un material conductor.","robots":{"index":"index","follow":"follow","max-snippet":"max-snippet:-1","max-image-preview":"max-image-preview:large","max-video-preview":"max-video-preview:-1"},"canonical":"https:\/\/www.ferrovial.com\/es\/stem\/corriente-electrica\/","og_locale":"es_ES","og_type":"article","og_title":"Corriente el\u00e9ctrica: qu\u00e9 es, c\u00f3mo funciona, tipos, efectos - Ferrovial","og_description":"Corriente el\u00e9ctrica es un fen\u00f3meno f\u00edsico de desplazamiento o flujo de una carga el\u00e9ctrica, generalmente de electrones, por medio de un material conductor.","og_url":"https:\/\/www.ferrovial.com\/es\/stem\/corriente-electrica\/","og_site_name":"Ferrovial","article_publisher":"https:\/\/www.facebook.com\/ferrovial","article_modified_time":"2024-08-25T21:36:47+00:00","twitter_card":"summary_large_image","twitter_site":"@ferrovial","twitter_misc":{"Est. reading time":"3 minutos"},"schema":{"@context":"https:\/\/schema.org","@graph":[{"@type":"WebPage","@id":"https:\/\/www.ferrovial.com\/es\/stem\/corriente-electrica\/","url":"https:\/\/www.ferrovial.com\/es\/stem\/corriente-electrica\/","name":"Corriente el\u00e9ctrica: qu\u00e9 es, c\u00f3mo funciona, tipos, efectos - Ferrovial","isPartOf":{"@id":"https:\/\/www.ferrovial.com\/es\/#website"},"datePublished":"2022-10-22T10:27:04+00:00","dateModified":"2024-08-25T21:36:47+00:00","description":"Corriente el\u00e9ctrica es un fen\u00f3meno f\u00edsico de desplazamiento o flujo de una carga el\u00e9ctrica, generalmente de electrones, por medio de un material conductor.","breadcrumb":{"@id":"https:\/\/www.ferrovial.com\/es\/stem\/corriente-electrica\/#breadcrumb"},"inLanguage":"es","potentialAction":[{"@type":"ReadAction","target":["https:\/\/www.ferrovial.com\/es\/stem\/corriente-electrica\/"]}]},{"@type":"BreadcrumbList","@id":"https:\/\/www.ferrovial.com\/es\/stem\/corriente-electrica\/#breadcrumb","itemListElement":[{"@type":"ListItem","position":1,"name":"Portada","item":"https:\/\/www.ferrovial.com\/es\/"},{"@type":"ListItem","position":2,"name":"STEM","item":"https:\/\/www.ferrovial.com\/es\/stem\/"},{"@type":"ListItem","position":3,"name":"Corriente el\u00e9ctrica"}]},{"@type":"WebSite","@id":"https:\/\/www.ferrovial.com\/es\/#website","url":"https:\/\/www.ferrovial.com\/es\/","name":"Ferrovial","description":"Welcome to the Ferrovial&#039;s website, global operator of sustainable infrastructure. Here you can find all the information about the company and subsidiaries.","publisher":{"@id":"https:\/\/www.ferrovial.com\/es\/#organization"},"potentialAction":[{"@type":"SearchAction","target":{"@type":"EntryPoint","urlTemplate":"https:\/\/www.ferrovial.com\/es\/?s={search_term_string}"},"query-input":{"@type":"PropertyValueSpecification","valueRequired":true,"valueName":"search_term_string"}}],"inLanguage":"es"},{"@type":"Organization","@id":"https:\/\/www.ferrovial.com\/es\/#organization","name":"Ferrovial S.A.","url":"https:\/\/www.ferrovial.com\/es\/","logo":{"@type":"ImageObject","inLanguage":"es","@id":"https:\/\/www.ferrovial.com\/es\/#\/schema\/logo\/image\/","url":"https:\/\/static.ferrovial.com\/wp-content\/uploads\/2020\/01\/13124948\/logo-ferrovial-cf7.png","contentUrl":"https:\/\/static.ferrovial.com\/wp-content\/uploads\/2020\/01\/13124948\/logo-ferrovial-cf7.png","width":144,"height":32,"caption":"Ferrovial S.A."},"image":{"@id":"https:\/\/www.ferrovial.com\/es\/#\/schema\/logo\/image\/"},"sameAs":["https:\/\/www.facebook.com\/ferrovial","https:\/\/x.com\/ferrovial","https:\/\/www.instagram.com\/ferrovial\/","https:\/\/www.linkedin.com\/company\/ferrovial","https:\/\/www.pinterest.es\/ferrovial\/","https:\/\/www.youtube.com\/ferrovial","https:\/\/en.wikipedia.org\/wiki\/Ferrovial"]}]}},"_links":{"self":[{"href":"https:\/\/www.ferrovial.com\/es\/wp-json\/wp\/v2\/pages\/240908","targetHints":{"allow":["GET"]}}],"collection":[{"href":"https:\/\/www.ferrovial.com\/es\/wp-json\/wp\/v2\/pages"}],"about":[{"href":"https:\/\/www.ferrovial.com\/es\/wp-json\/wp\/v2\/types\/page"}],"replies":[{"embeddable":true,"href":"https:\/\/www.ferrovial.com\/es\/wp-json\/wp\/v2\/comments?post=240908"}],"version-history":[{"count":3,"href":"https:\/\/www.ferrovial.com\/es\/wp-json\/wp\/v2\/pages\/240908\/revisions"}],"predecessor-version":[{"id":287313,"href":"https:\/\/www.ferrovial.com\/es\/wp-json\/wp\/v2\/pages\/240908\/revisions\/287313"}],"up":[{"embeddable":true,"href":"https:\/\/www.ferrovial.com\/es\/wp-json\/wp\/v2\/pages\/227878"}],"wp:attachment":[{"href":"https:\/\/www.ferrovial.com\/es\/wp-json\/wp\/v2\/media?parent=240908"}],"curies":[{"name":"wp","href":"https:\/\/api.w.org\/{rel}","templated":true}]}}