{"id":240914,"date":"2022-10-22T12:37:43","date_gmt":"2022-10-22T10:37:43","guid":{"rendered":"https:\/\/www.ferrovial.com\/?page_id=240914"},"modified":"2024-09-11T16:24:26","modified_gmt":"2024-09-11T14:24:26","slug":"electromagnetismo","status":"publish","type":"page","link":"https:\/\/www.ferrovial.com\/es\/stem\/electromagnetismo\/","title":{"rendered":"Electromagnetismo"},"content":{"rendered":"    <m-final-content-header >\n            <c-breadcrumb label-text=\"Breadcrumb\" slot=\"breadcrumbs\" type='2' align='left' wrap='wrapped wrapped' aria-label='Vienes de STEM'>\n                        <ol>\n\n                                                            <li><a href=\"https:\/\/www.ferrovial.com\/es\/\" title=\"Ferrovial\">Ferrovial<\/a><\/li>\n                                                                        <li><a href=\"https:\/\/www.ferrovial.com\/es\/stem\/\" title=\"STEM\">STEM<\/a><\/li>\n                                    \n                <\/ol>\n\n                <\/c-breadcrumb>\n    \n        <div slot=\"header\">\n            <h1>\n                \u00bfQu\u00e9 es el electromagnetismo?            <\/h1>\n                    <\/div>\n    <\/m-final-content-header>\n\n    \n\n\n<m-wysiwig class=\"wp-block-components-wysiwyg\"><div slot=\"maincontent\">\n<p><script type=\"application\/ld+json\">\n{\n  \"@context\": \"https:\/\/schema.org\",\n  \"@type\": \"FAQPage\",\n  \"mainEntity\": [{\n    \"@type\": \"Question\",\n    \"name\": \"\u00bfQu\u00e9 es el electromagnetismo?\",\n    \"acceptedAnswer\": {\n      \"@type\": \"Answer\",\n      \"text\": \"El electromagnetismo es una rama de la f\u00edsica que se encarga de estudiar la interacci\u00f3n entre las part\u00edculas con campos el\u00e9ctricos y magn\u00e9ticos.\"\n    }\n  },{\n    \"@type\": \"Question\",\n    \"name\": \"\u00bfQu\u00e9 son las ecuaciones de Maxwell?\",\n    \"acceptedAnswer\": {\n      \"@type\": \"Answer\",\n      \"text\": \"Son las ecuaciones que describen de forma completa los fen\u00f3menos electromagn\u00e9ticos, unificando por primera vez la luz, la electricidad y el magnetismo como el mismo fen\u00f3meno con manifestaciones distintas.\nOriginalmente eran 20 ecuaciones, pero en 1884, O. Heaviside y W. Gibbs, las agruparon en cuatro, y las convirtieron en ecuaciones diferenciales vectoriales. Esta s\u00edntesis dej\u00f3 por fuera un t\u00e9rmino que, sin embargo, es fundamental para el estudio electromagn\u00e9tico. Ese t\u00e9rmino se encuentra englobado por la conocida Fuerza de Lorentz. La fuerza de Lorentz y las ecuaciones de Maxwell son suficientes para describir y estudiar cualquier fen\u00f3meno electromagn\u00e9tico.\"\n    }\n  },{\n    \"@type\": \"Question\",\n    \"name\": \"\u00bfDesde cu\u00e1ndo se conoce el electromagnetismo?\",\n    \"acceptedAnswer\": {\n      \"@type\": \"Answer\",\n      \"text\": \"El electromagnetismo se conoce y se intuye desde la antig\u00fcedad, observ\u00e1ndolo en algunos fen\u00f3menos meteorol\u00f3gicos, como las tormentas el\u00e9ctricas. Sin embargo, no se pose\u00edan entonces suficientes conocimientos sobre electricidad para poder comprenderlo verdaderamente.\"\n    }\n  },{\n    \"@type\": \"Question\",\n    \"name\": \"\u00bfCu\u00e1les son las ramas de estudio de la electromagn\u00e9tica?\",\n    \"acceptedAnswer\": {\n      \"@type\": \"Answer\",\n      \"text\": \"El estudio del electromagnetismo se divide, fundamentalmente, en dos ramas:\n<ol>\n<li>Electrost\u00e1tica<\/li>\n<li>Electrodin\u00e1mica\n<ol><li>Electrodin\u00e1mica cl\u00e1sica <\/li><li>Electrodin\u00e1mica relativista<\/li><\/ol><\/li>\n<\/ol>\nSin embargo, tambi\u00e9n son ramas de la electromagn\u00e9tica:\n<ol>\n<li>Magnetoest\u00e1tica<\/li>\n<li>Electrodin\u00e1mica cu\u00e1ntica<\/li>\n<\/ol>\"\n    }\n  }]\n}\n<\/script><p>El electromagnetismo es una rama de la <strong>f\u00edsica<\/strong> que se encarga de estudiar la interacci\u00f3n entre las part\u00edculas con <strong>campos el\u00e9ctricos y magn\u00e9ticos<\/strong>.<\/p><\/p>\n\n\n\n<p>La mayor parte de las fuerzas del mundo conocido tienen que ver con el electromagnetismo; por ejemplo, la luz.<\/p>\n\n\n\n<h2 class=\"wp-block-heading\"><strong>\u00bfQu\u00e9 son las ecuaciones de Maxwell?<\/strong><\/h2>\n\n\n\n<p>Son las ecuaciones que describen de forma completa los fen\u00f3menos electromagn\u00e9ticos, unificando por primera vez la luz, la electricidad y el magnetismo como el mismo fen\u00f3meno con manifestaciones distintas. Las ecuaciones fueron ideadas en <strong>1865 <\/strong>por el matem\u00e1tico y cient\u00edfico escoc\u00e9s James Clerk Maxwell, y resumen los trabajos de numerosos cient\u00edficos que lo precedieron, como Ampere, Gauss, Sturgeon, Henry, Faraday, Ohm y Coulomb, entre otros.<\/p>\n\n\n\n<p>Originalmente eran 20 ecuaciones, pero en 1884, O. Heaviside y W. Gibbs, las agruparon en cuatro, y las convirtieron en <strong>ecuaciones diferenciales vectoriales<\/strong>. Esta s\u00edntesis dej\u00f3 por fuera un t\u00e9rmino que, sin embargo, es fundamental para el estudio electromagn\u00e9tico. Ese t\u00e9rmino se encuentra englobado por la conocida <strong><em>Fuerza de Lorentz<\/em><\/strong>. La fuerza de Lorentz y las ecuaciones de Maxwell son suficientes para describir y estudiar cualquier fen\u00f3meno electromagn\u00e9tico.<\/p>\n\n\n\n<p>Las ecuaciones de Maxwell se consideran el <strong>segundo punto de gran unificaci\u00f3n de la f\u00edsica <\/strong>(el primero fue la creaci\u00f3n de la f\u00edsica newtoniana). Gracias a estas ecuaciones fueron posibles los trabajos posteriores de Albert Einstein, Nikola Tesla y Thomas Alva Edison.<\/p>\n\n\n\n<h2 class=\"wp-block-heading\"><strong>\u00bfDesde cu\u00e1ndo se conoce el electromagnetismo?<\/strong><\/h2>\n\n\n\n<p>El electromagnetismo se conoce y <strong>se intuye desde la antig\u00fcedad<\/strong>, observ\u00e1ndolo en algunos fen\u00f3menos meteorol\u00f3gicos, como las tormentas el\u00e9ctricas. Sin embargo, no se pose\u00edan entonces suficientes conocimientos sobre electricidad para poder comprenderlo verdaderamente.<\/p>\n\n\n\n<p>No fue sino hasta 1820 que el f\u00edsico dan\u00e9s <strong>Hans Christian \u00d8rsted <\/strong>llev\u00f3 a cabo un experimento que le permiti\u00f3 descubrir y demostrar la relaci\u00f3n entre la electricidad y el magnetismo.<\/p>\n\n\n\n<h2 class=\"wp-block-heading\"><strong>\u00bfCu\u00e1les son las ramas de estudio de la electromagn\u00e9tica?<\/strong><\/h2>\n\n\n\n<p>El estudio del electromagnetismo se divide, fundamentalmente, en dos ramas:<\/p>\n\n\n\n<ol class=\"wp-block-list\">\n<li><strong>Electrost\u00e1tica: <\/strong>estudia los fen\u00f3menos que tienen que ver con cuerpos cargados que se encuentran en <strong>estado de reposo<\/strong>; es decir, los fen\u00f3menos relacionados con la carga intr\u00ednseca de la materia cuando <strong>no depende del tiempo<\/strong>.<\/li>\n\n\n\n<li><strong>Electrodin\u00e1mica: <\/strong>estudia los fen\u00f3menos que tienen que ver con cuerpos cargados <strong>en movimiento<\/strong>, as\u00ed como los <strong>campos el\u00e9ctricos y magn\u00e9ticos variables<\/strong>. A su vez, se divide en:\n<ol class=\"wp-block-list\">\n<li><strong>Electrodin\u00e1mica cl\u00e1sica<\/strong>\u00a0<\/li>\n\n\n\n<li><strong>Electrodin\u00e1mica relativista<\/strong> (cuando se usa un sistema de referencia)<\/li>\n<\/ol>\n<\/li>\n<\/ol>\n\n\n\n<p>Sin embargo, tambi\u00e9n son ramas de la electromagn\u00e9tica:<\/p>\n\n\n\n<ol class=\"wp-block-list\">\n<li><strong>Magnetost\u00e1tica: <\/strong>estudia los fen\u00f3menos asociados a campos magn\u00e9ticos que son <strong>constantes en el tiempo<\/strong>.<\/li>\n\n\n\n<li><strong>Electrodin\u00e1mica cu\u00e1ntica: <\/strong>inicialmente el <strong>electromagnetismo era una rama macrosc\u00f3pica de la f\u00edsica<\/strong>; es decir, se aplicaba a grandes cantidades de part\u00edculas, no a fen\u00f3menos que ocurr\u00edan en los \u00e1tomos o las mol\u00e9culas. Sin embargo, a principios del siglo XX ocurre la primera <strong>revoluci\u00f3n cu\u00e1ntica<\/strong>, que oblig\u00f3 a los cient\u00edficos a desarrollar una teor\u00eda cu\u00e1ntica aplicable a la electromagn\u00e9tica, dando as\u00ed origen a la electrodin\u00e1mica cu\u00e1ntica, que tambi\u00e9n se podr\u00eda entender como una <strong>teor\u00eda cu\u00e1ntica de campos<\/strong>.<\/li>\n<\/ol>\n<\/div><\/m-wysiwig>\n","protected":false},"excerpt":{"rendered":"","protected":false},"featured_media":0,"parent":227878,"menu_order":0,"comment_status":"closed","ping_status":"closed","template":"","meta":{"_acf_changed":false,"footnotes":""},"class_list":["post-240914","page","type-page","status-publish","hentry"],"acf":[],"yoast_head":"<!-- This site is optimized with the Yoast SEO plugin v27.2 - https:\/\/yoast.com\/product\/yoast-seo-wordpress\/ -->\n<title>\u00bfQu\u00e9 es el electromagnetismo, cu\u00e1les son sus ramas? - Ferrovial<\/title>\n<meta name=\"description\" content=\"El electromagnetismo es una rama de la f\u00edsica que se encarga de estudiar la interacci\u00f3n entre las part\u00edculas con campos el\u00e9ctricos y magn\u00e9ticos.\" \/>\n<meta name=\"robots\" content=\"index, follow, max-snippet:-1, max-image-preview:large, max-video-preview:-1\" \/>\n<link rel=\"canonical\" href=\"https:\/\/www.ferrovial.com\/es\/stem\/electromagnetismo\/\" \/>\n<meta property=\"og:locale\" content=\"es_ES\" \/>\n<meta property=\"og:type\" content=\"article\" \/>\n<meta property=\"og:title\" content=\"\u00bfQu\u00e9 es el electromagnetismo, cu\u00e1les son sus ramas? - Ferrovial\" \/>\n<meta property=\"og:description\" content=\"El electromagnetismo es una rama de la f\u00edsica que se encarga de estudiar la interacci\u00f3n entre las part\u00edculas con campos el\u00e9ctricos y magn\u00e9ticos.\" \/>\n<meta property=\"og:url\" content=\"https:\/\/www.ferrovial.com\/es\/stem\/electromagnetismo\/\" \/>\n<meta property=\"og:site_name\" content=\"Ferrovial\" \/>\n<meta property=\"article:publisher\" content=\"https:\/\/www.facebook.com\/ferrovial\" \/>\n<meta property=\"article:modified_time\" content=\"2024-09-11T14:24:26+00:00\" \/>\n<meta name=\"twitter:card\" content=\"summary_large_image\" \/>\n<meta name=\"twitter:site\" content=\"@ferrovial\" \/>\n<meta name=\"twitter:label1\" content=\"Est. reading time\" \/>\n\t<meta name=\"twitter:data1\" content=\"4 minutos\" \/>\n<!-- \/ Yoast SEO plugin. -->","yoast_head_json":{"title":"\u00bfQu\u00e9 es el electromagnetismo, cu\u00e1les son sus ramas? - Ferrovial","description":"El electromagnetismo es una rama de la f\u00edsica que se encarga de estudiar la interacci\u00f3n entre las part\u00edculas con campos el\u00e9ctricos y magn\u00e9ticos.","robots":{"index":"index","follow":"follow","max-snippet":"max-snippet:-1","max-image-preview":"max-image-preview:large","max-video-preview":"max-video-preview:-1"},"canonical":"https:\/\/www.ferrovial.com\/es\/stem\/electromagnetismo\/","og_locale":"es_ES","og_type":"article","og_title":"\u00bfQu\u00e9 es el electromagnetismo, cu\u00e1les son sus ramas? - Ferrovial","og_description":"El electromagnetismo es una rama de la f\u00edsica que se encarga de estudiar la interacci\u00f3n entre las part\u00edculas con campos el\u00e9ctricos y magn\u00e9ticos.","og_url":"https:\/\/www.ferrovial.com\/es\/stem\/electromagnetismo\/","og_site_name":"Ferrovial","article_publisher":"https:\/\/www.facebook.com\/ferrovial","article_modified_time":"2024-09-11T14:24:26+00:00","twitter_card":"summary_large_image","twitter_site":"@ferrovial","twitter_misc":{"Est. reading time":"4 minutos"},"schema":{"@context":"https:\/\/schema.org","@graph":[{"@type":"WebPage","@id":"https:\/\/www.ferrovial.com\/es\/stem\/electromagnetismo\/","url":"https:\/\/www.ferrovial.com\/es\/stem\/electromagnetismo\/","name":"\u00bfQu\u00e9 es el electromagnetismo, cu\u00e1les son sus ramas? - Ferrovial","isPartOf":{"@id":"https:\/\/www.ferrovial.com\/es\/#website"},"datePublished":"2022-10-22T10:37:43+00:00","dateModified":"2024-09-11T14:24:26+00:00","description":"El electromagnetismo es una rama de la f\u00edsica que se encarga de estudiar la interacci\u00f3n entre las part\u00edculas con campos el\u00e9ctricos y magn\u00e9ticos.","breadcrumb":{"@id":"https:\/\/www.ferrovial.com\/es\/stem\/electromagnetismo\/#breadcrumb"},"inLanguage":"es","potentialAction":[{"@type":"ReadAction","target":["https:\/\/www.ferrovial.com\/es\/stem\/electromagnetismo\/"]}]},{"@type":"BreadcrumbList","@id":"https:\/\/www.ferrovial.com\/es\/stem\/electromagnetismo\/#breadcrumb","itemListElement":[{"@type":"ListItem","position":1,"name":"Portada","item":"https:\/\/www.ferrovial.com\/es\/"},{"@type":"ListItem","position":2,"name":"STEM","item":"https:\/\/www.ferrovial.com\/es\/stem\/"},{"@type":"ListItem","position":3,"name":"Electromagnetismo"}]},{"@type":"WebSite","@id":"https:\/\/www.ferrovial.com\/es\/#website","url":"https:\/\/www.ferrovial.com\/es\/","name":"Ferrovial","description":"Welcome to the Ferrovial&#039;s website, global operator of sustainable infrastructure. Here you can find all the information about the company and subsidiaries.","publisher":{"@id":"https:\/\/www.ferrovial.com\/es\/#organization"},"potentialAction":[{"@type":"SearchAction","target":{"@type":"EntryPoint","urlTemplate":"https:\/\/www.ferrovial.com\/es\/?s={search_term_string}"},"query-input":{"@type":"PropertyValueSpecification","valueRequired":true,"valueName":"search_term_string"}}],"inLanguage":"es"},{"@type":"Organization","@id":"https:\/\/www.ferrovial.com\/es\/#organization","name":"Ferrovial S.A.","url":"https:\/\/www.ferrovial.com\/es\/","logo":{"@type":"ImageObject","inLanguage":"es","@id":"https:\/\/www.ferrovial.com\/es\/#\/schema\/logo\/image\/","url":"https:\/\/static.ferrovial.com\/wp-content\/uploads\/2020\/01\/13124948\/logo-ferrovial-cf7.png","contentUrl":"https:\/\/static.ferrovial.com\/wp-content\/uploads\/2020\/01\/13124948\/logo-ferrovial-cf7.png","width":144,"height":32,"caption":"Ferrovial S.A."},"image":{"@id":"https:\/\/www.ferrovial.com\/es\/#\/schema\/logo\/image\/"},"sameAs":["https:\/\/www.facebook.com\/ferrovial","https:\/\/x.com\/ferrovial","https:\/\/www.instagram.com\/ferrovial\/","https:\/\/www.linkedin.com\/company\/ferrovial","https:\/\/www.pinterest.es\/ferrovial\/","https:\/\/www.youtube.com\/ferrovial","https:\/\/en.wikipedia.org\/wiki\/Ferrovial"]}]}},"_links":{"self":[{"href":"https:\/\/www.ferrovial.com\/es\/wp-json\/wp\/v2\/pages\/240914","targetHints":{"allow":["GET"]}}],"collection":[{"href":"https:\/\/www.ferrovial.com\/es\/wp-json\/wp\/v2\/pages"}],"about":[{"href":"https:\/\/www.ferrovial.com\/es\/wp-json\/wp\/v2\/types\/page"}],"replies":[{"embeddable":true,"href":"https:\/\/www.ferrovial.com\/es\/wp-json\/wp\/v2\/comments?post=240914"}],"version-history":[{"count":3,"href":"https:\/\/www.ferrovial.com\/es\/wp-json\/wp\/v2\/pages\/240914\/revisions"}],"predecessor-version":[{"id":288014,"href":"https:\/\/www.ferrovial.com\/es\/wp-json\/wp\/v2\/pages\/240914\/revisions\/288014"}],"up":[{"embeddable":true,"href":"https:\/\/www.ferrovial.com\/es\/wp-json\/wp\/v2\/pages\/227878"}],"wp:attachment":[{"href":"https:\/\/www.ferrovial.com\/es\/wp-json\/wp\/v2\/media?parent=240914"}],"curies":[{"name":"wp","href":"https:\/\/api.w.org\/{rel}","templated":true}]}}