{"id":240937,"date":"2022-10-24T08:54:46","date_gmt":"2022-10-24T06:54:46","guid":{"rendered":"https:\/\/www.ferrovial.com\/?page_id=240937"},"modified":"2022-11-02T11:38:14","modified_gmt":"2022-11-02T10:38:14","slug":"probabilidad","status":"publish","type":"page","link":"https:\/\/www.ferrovial.com\/es\/stem\/probabilidad\/","title":{"rendered":"Probabilidad"},"content":{"rendered":"    <m-final-content-header >\n            <c-breadcrumb label-text=\"Breadcrumb\" slot=\"breadcrumbs\" type='2' align='left' wrap='wrapped wrapped' aria-label='Vienes de STEM'>\n                        <ol>\n\n                                                            <li><a href=\"https:\/\/www.ferrovial.com\/es\/\" title=\"Ferrovial\">Ferrovial<\/a><\/li>\n                                                                        <li><a href=\"https:\/\/www.ferrovial.com\/es\/stem\/\" title=\"STEM\">STEM<\/a><\/li>\n                                    \n                <\/ol>\n\n                <\/c-breadcrumb>\n    \n        <div slot=\"header\">\n            <h1>\n                \u00bfQu\u00e9 es probabilidad?            <\/h1>\n                    <\/div>\n    <\/m-final-content-header>\n\n    \n\n\n<m-wysiwig class=\"wp-block-components-wysiwyg\"><div slot=\"maincontent\">\n<p><script type=\"application\/ld+json\">\n{\n  \"@context\": \"https:\/\/schema.org\",\n  \"@type\": \"FAQPage\",\n  \"mainEntity\": [{\n    \"@type\": \"Question\",\n    \"name\": \"\u00bfQu\u00e9 es probabilidad?\",\n    \"acceptedAnswer\": {\n      \"@type\": \"Answer\",\n      \"text\": \"El t\u00e9rmino probabilidad se utiliza para definir el c\u00e1lculo matem\u00e1tico que establece todas las posibilidades que existen de que ocurra un fen\u00f3meno en determinadas circunstancias de azar. La probabilidad se calcula con base en un valor entre 0 y 1 y el nivel de certidumbre viene determinado por la cercan\u00eda a la unidad; por el contrario, en caso de que se aproxime al cero, hay menos seguridad en el resultado final.\"\n    }\n  },{\n    \"@type\": \"Question\",\n    \"name\": \"\u00bfCu\u00e1l es la f\u00f3rmula para calcular la probabilidad?\",\n    \"acceptedAnswer\": {\n      \"@type\": \"Answer\",\n      \"text\": \"Para el c\u00e1lculo de la probabilidad es necesario dividir el n\u00famero de sucesos favorables entre el n\u00famero total de sucesos posibles. Esto genera una muestra y, a partir de los datos obtenidos, se puede realizar el c\u00e1lculo.\n\nProbabilidad = Casos favorables \/ casos posibles x 100\"\n    }\n  },{\n    \"@type\": \"Question\",\n    \"name\": \"\u00bfQu\u00e9 tipos de probabilidad existen?\",\n    \"acceptedAnswer\": {\n      \"@type\": \"Answer\",\n      \"text\": \"<ul>\n<li>Matem\u00e1tica<\/li>\n<li>Frecuencial<\/li>\n<li>Objetiva<\/li>\n<li>Subjetiva<\/li>\n<li>Binomial<\/li>\n<li>L\u00f3gica<\/li>\n<li>Condicionada<\/li>\n<li>Hipergeom\u00e9trica<\/li>\n<\/ul>\"\n    }\n  },{\n    \"@type\": \"Question\",\n    \"name\": \"\u00bfQu\u00e9 teor\u00edas dan explicaci\u00f3n a la probabilidad?\",\n    \"acceptedAnswer\": {\n      \"@type\": \"Answer\",\n      \"text\": \"Existen tres m\u00e9todos para determinar la probabilidad de cualquier evento y se basan en las reglas de:\n<ol>\n<li>Adici\u00f3n<\/li>\n<li>Multiplicaci\u00f3n<\/li>\n<li>Distribuci\u00f3n binomial<\/li>\n<\/ol>\"\n    }\n  },{\n    \"@type\": \"Question\",\n    \"name\": \"\u00bfEn qu\u00e9 situaciones se aplica la probabilidad?\",\n    \"acceptedAnswer\": {\n      \"@type\": \"Answer\",\n      \"text\": \"Algunos ejemplos en los que se aplica la probabilidad son:\n<ol>\n<li>An\u00e1lisis estad\u00edstico del riesgo empresarial<\/li>\n<li>C\u00e1lculo de seguros<\/li>\n<li>An\u00e1lisis de conducta<\/li>\n<li>Investigaci\u00f3n m\u00e9dica<\/li>\n<\/ol>\"\n    }\n  }]\n}\n<\/script><p>El t\u00e9rmino probabilidad se utiliza para definir el <strong>c\u00e1lculo matem\u00e1tico que establece todas las posibilidades que existen de que ocurra un fen\u00f3meno en determinadas circunstancias de azar. <\/strong>La probabilidad se calcula con base en <strong>un valor entre 0 y 1<\/strong> y el nivel de certidumbre viene determinado por la cercan\u00eda a la unidad; por el contrario, en caso de que se aproxime al cero, hay menos seguridad en el resultado final.<\/p><\/p>\n\n\n\n<h2 class=\"wp-block-heading\"><strong>\u00bfCu\u00e1l es la f\u00f3rmula para calcular la probabilidad?<\/strong><\/h2>\n\n\n\n<p>Para el c\u00e1lculo de la probabilidad es necesario <strong>dividir el n\u00famero de sucesos favorables entre el n\u00famero total de sucesos posibles. <\/strong>Esto genera una muestra y, a partir de los datos obtenidos, se puede realizar el c\u00e1lculo.<\/p>\n\n\n\n<p>El c\u00e1lculo de probabilidades <strong>se expresa en porcentaje<\/strong> y responde a la siguiente f\u00f3rmula:<\/p>\n\n\n\n<p><strong>Probabilidad<\/strong> <strong>= Casos favorables \/ casos posibles x 100<\/strong>.<\/p>\n\n\n\n<h2 class=\"wp-block-heading\"><strong>\u00bfQu\u00e9 tipos de probabilidad existen?<\/strong><\/h2>\n\n\n\n<ul class=\"wp-block-list\"><li><strong>Matem\u00e1tica:<\/strong> sigue los principios de una l\u00f3gica formal y no experimental, calculando en cifras eventos aleatorios que pueden ocurrir en un determinado campo.<\/li><li><strong>Frecuencial:<\/strong> se basa en la experimentaci\u00f3n y determina el n\u00famero de veces que un suceso puede ocurrir, teniendo en cuenta un n\u00famero espec\u00edfico de oportunidades.<\/li><li><strong>Objetiva:<\/strong> tiene en cuenta con antelaci\u00f3n la frecuencia del evento, y solo da a conocer los casos probables en los que puede ocurrir tal evento.<\/li><li><strong>Subjetiva:<\/strong> su concepto es opuesto a la probabilidad matem\u00e1tica, ya que toma en cuenta ciertas eventualidades que permiten inferir la probabilidad de un determinado evento, aun sin tener una certeza a nivel aritm\u00e9tico.&nbsp;<\/li><li><strong>Binomial:<\/strong> determina el \u00e9xito o fracaso de un evento que tenga \u00fanicamente dos posibles resultados.<\/li><li><strong>L\u00f3gica:<\/strong> plantea la posibilidad de que un evento ocurra a partir de leyes inductivas.<\/li><li><strong>Condicionada:<\/strong> explica la probabilidad de que suceda un evento seg\u00fan la ocurrencia previa de otro, por lo que uno es dependiente del otro.&nbsp;<\/li><li><strong>Hipergeom\u00e9trica:<\/strong> probabilidad que se obtiene a partir de t\u00e9cnicas de muestreo, es decir, que los eventos se clasifican seg\u00fan la frecuencia de su acontecimiento. De esta forma, se crean una serie de grupos de eventos que est\u00e1n determinados seg\u00fan su aparici\u00f3n.&nbsp;<\/li><\/ul>\n\n\n\n<h2 class=\"wp-block-heading\"><strong>\u00bfQu\u00e9 teor\u00edas dan explicaci\u00f3n a la probabilidad?<\/strong><\/h2>\n\n\n\n<p>Existen tres m\u00e9todos para determinar la probabilidad de cualquier evento y se basan en las reglas de:<\/p>\n\n\n\n<ol class=\"wp-block-list\"><li><strong>Adici\u00f3n:<\/strong> plantea que la probabilidad de que ocurra un evento en concreto es igual a la suma de las probabilidades individuales, siempre y cuando los eventos no ocurran en el mismo momento.<\/li><li><strong>Multiplicaci\u00f3n:<\/strong> plantea que la probabilidad de que ocurra dos o m\u00e1s eventos independientes es igual al producto de sus probabilidades individuales.<\/li><li><strong>Distribuci\u00f3n binomial:<\/strong> plantea que la probabilidad de que ocurra una combinaci\u00f3n determinada de eventos independientes entre ellos admite solo dos posibles resultados excluyentes entre ellos: \u00e9xito o fracaso.<\/li><\/ol>\n\n\n\n<p>Adem\u00e1s, existe la <strong>regla de Laplace<\/strong>, que plantea que en una muestra aleatoria formada por resultados que son igual de probables, la probabilidad de un suceso es resultado del n\u00famero de casos posibles divididos entre el n\u00famero de casos probables.<\/p>\n\n\n\n<h2 class=\"wp-block-heading\"><strong>\u00bfEn qu\u00e9 situaciones se aplica la probabilidad?<\/strong><\/h2>\n\n\n\n<p>Algunos ejemplos en los que se aplica la probabilidad son:<\/p>\n\n\n\n<ol class=\"wp-block-list\"><li><strong>An\u00e1lisis estad\u00edstico del riesgo empresarial:<\/strong> se pueden estimar ca\u00edda de precios de acciones, estados de inversiones, etc., a trav\u00e9s de f\u00f3rmulas probabil\u00edsticas.\u00a0<\/li><li><strong>C\u00e1lculo de seguros: <\/strong>los procesos en los que se estudia la fiabilidad de un asegurado, para saber si es rentable asegurarlo y por cu\u00e1nto dinero y tiempo conviene hacerlo, son posibles gracias a estrategias y c\u00e1lculos de probabilidad.\u00a0<\/li><li><strong>An\u00e1lisis de conducta: <\/strong>en este tipo de aplicaci\u00f3n, se hace uso de la probabilidad para evaluar ciertos comportamientos de una muestra de la poblaci\u00f3n, de manera que puedan predecirse ciertos patrones de opini\u00f3n, comportamientos o pensamientos.<\/li><li><strong>Investigaci\u00f3n m\u00e9dica:<\/strong> el \u00e9xito de vacunas, as\u00ed como sus efectos secundarios en la poblaci\u00f3n, por ejemplo, viene determinada por c\u00e1lculos probabil\u00edsticos.<\/li><\/ol>\n\n\n\n<p><a href=\"https:\/\/static.ferrovial.com\/wp-content\/uploads\/2022\/11\/02113443\/stem-matematicas-es.pdf\" target=\"_blank\" rel=\"noreferrer noopener\">Descarga aqu\u00ed el pdf con todo el contenido de matem\u00e1ticas.<\/a><\/p>\n<\/div><\/m-wysiwig>\n","protected":false},"excerpt":{"rendered":"","protected":false},"featured_media":0,"parent":227878,"menu_order":0,"comment_status":"closed","ping_status":"closed","template":"","meta":{"_acf_changed":false,"footnotes":""},"class_list":["post-240937","page","type-page","status-publish","hentry"],"acf":[],"yoast_head":"<!-- This site is optimized with the Yoast SEO plugin v27.2 - https:\/\/yoast.com\/product\/yoast-seo-wordpress\/ -->\n<title>Probabilidad: qu\u00e9 es, f\u00f3rmula, tipos, teor\u00edas - Ferrovial<\/title>\n<meta name=\"description\" content=\"Probabilidad es el c\u00e1lculo matem\u00e1tico que establece todas las posibilidades que existen de que ocurra un fen\u00f3meno en determinadas circunstancias de azar.\" \/>\n<meta name=\"robots\" content=\"index, follow, max-snippet:-1, max-image-preview:large, max-video-preview:-1\" \/>\n<link rel=\"canonical\" href=\"https:\/\/www.ferrovial.com\/es\/stem\/probabilidad\/\" \/>\n<meta property=\"og:locale\" content=\"es_ES\" \/>\n<meta property=\"og:type\" content=\"article\" \/>\n<meta property=\"og:title\" content=\"Probabilidad: qu\u00e9 es, f\u00f3rmula, tipos, teor\u00edas - Ferrovial\" \/>\n<meta property=\"og:description\" content=\"Probabilidad es el c\u00e1lculo matem\u00e1tico que establece todas las posibilidades que existen de que ocurra un fen\u00f3meno en determinadas circunstancias de azar.\" \/>\n<meta property=\"og:url\" content=\"https:\/\/www.ferrovial.com\/es\/stem\/probabilidad\/\" \/>\n<meta property=\"og:site_name\" content=\"Ferrovial\" \/>\n<meta property=\"article:publisher\" content=\"https:\/\/www.facebook.com\/ferrovial\" \/>\n<meta property=\"article:modified_time\" content=\"2022-11-02T10:38:14+00:00\" \/>\n<meta name=\"twitter:card\" content=\"summary_large_image\" \/>\n<meta name=\"twitter:site\" content=\"@ferrovial\" \/>\n<meta name=\"twitter:label1\" content=\"Est. reading time\" \/>\n\t<meta name=\"twitter:data1\" content=\"5 minutos\" \/>\n<!-- \/ Yoast SEO plugin. -->","yoast_head_json":{"title":"Probabilidad: qu\u00e9 es, f\u00f3rmula, tipos, teor\u00edas - Ferrovial","description":"Probabilidad es el c\u00e1lculo matem\u00e1tico que establece todas las posibilidades que existen de que ocurra un fen\u00f3meno en determinadas circunstancias de azar.","robots":{"index":"index","follow":"follow","max-snippet":"max-snippet:-1","max-image-preview":"max-image-preview:large","max-video-preview":"max-video-preview:-1"},"canonical":"https:\/\/www.ferrovial.com\/es\/stem\/probabilidad\/","og_locale":"es_ES","og_type":"article","og_title":"Probabilidad: qu\u00e9 es, f\u00f3rmula, tipos, teor\u00edas - Ferrovial","og_description":"Probabilidad es el c\u00e1lculo matem\u00e1tico que establece todas las posibilidades que existen de que ocurra un fen\u00f3meno en determinadas circunstancias de azar.","og_url":"https:\/\/www.ferrovial.com\/es\/stem\/probabilidad\/","og_site_name":"Ferrovial","article_publisher":"https:\/\/www.facebook.com\/ferrovial","article_modified_time":"2022-11-02T10:38:14+00:00","twitter_card":"summary_large_image","twitter_site":"@ferrovial","twitter_misc":{"Est. reading time":"5 minutos"},"schema":{"@context":"https:\/\/schema.org","@graph":[{"@type":"WebPage","@id":"https:\/\/www.ferrovial.com\/es\/stem\/probabilidad\/","url":"https:\/\/www.ferrovial.com\/es\/stem\/probabilidad\/","name":"Probabilidad: qu\u00e9 es, f\u00f3rmula, tipos, teor\u00edas - Ferrovial","isPartOf":{"@id":"https:\/\/www.ferrovial.com\/es\/#website"},"datePublished":"2022-10-24T06:54:46+00:00","dateModified":"2022-11-02T10:38:14+00:00","description":"Probabilidad es el c\u00e1lculo matem\u00e1tico que establece todas las posibilidades que existen de que ocurra un fen\u00f3meno en determinadas circunstancias de azar.","breadcrumb":{"@id":"https:\/\/www.ferrovial.com\/es\/stem\/probabilidad\/#breadcrumb"},"inLanguage":"es","potentialAction":[{"@type":"ReadAction","target":["https:\/\/www.ferrovial.com\/es\/stem\/probabilidad\/"]}]},{"@type":"BreadcrumbList","@id":"https:\/\/www.ferrovial.com\/es\/stem\/probabilidad\/#breadcrumb","itemListElement":[{"@type":"ListItem","position":1,"name":"Portada","item":"https:\/\/www.ferrovial.com\/es\/"},{"@type":"ListItem","position":2,"name":"STEM","item":"https:\/\/www.ferrovial.com\/es\/stem\/"},{"@type":"ListItem","position":3,"name":"Probabilidad"}]},{"@type":"WebSite","@id":"https:\/\/www.ferrovial.com\/es\/#website","url":"https:\/\/www.ferrovial.com\/es\/","name":"Ferrovial","description":"Welcome to the Ferrovial&#039;s website, global operator of sustainable infrastructure. Here you can find all the information about the company and subsidiaries.","publisher":{"@id":"https:\/\/www.ferrovial.com\/es\/#organization"},"potentialAction":[{"@type":"SearchAction","target":{"@type":"EntryPoint","urlTemplate":"https:\/\/www.ferrovial.com\/es\/?s={search_term_string}"},"query-input":{"@type":"PropertyValueSpecification","valueRequired":true,"valueName":"search_term_string"}}],"inLanguage":"es"},{"@type":"Organization","@id":"https:\/\/www.ferrovial.com\/es\/#organization","name":"Ferrovial S.A.","url":"https:\/\/www.ferrovial.com\/es\/","logo":{"@type":"ImageObject","inLanguage":"es","@id":"https:\/\/www.ferrovial.com\/es\/#\/schema\/logo\/image\/","url":"https:\/\/static.ferrovial.com\/wp-content\/uploads\/2020\/01\/13124948\/logo-ferrovial-cf7.png","contentUrl":"https:\/\/static.ferrovial.com\/wp-content\/uploads\/2020\/01\/13124948\/logo-ferrovial-cf7.png","width":144,"height":32,"caption":"Ferrovial S.A."},"image":{"@id":"https:\/\/www.ferrovial.com\/es\/#\/schema\/logo\/image\/"},"sameAs":["https:\/\/www.facebook.com\/ferrovial","https:\/\/x.com\/ferrovial","https:\/\/www.instagram.com\/ferrovial\/","https:\/\/www.linkedin.com\/company\/ferrovial","https:\/\/www.pinterest.es\/ferrovial\/","https:\/\/www.youtube.com\/ferrovial","https:\/\/en.wikipedia.org\/wiki\/Ferrovial"]}]}},"_links":{"self":[{"href":"https:\/\/www.ferrovial.com\/es\/wp-json\/wp\/v2\/pages\/240937","targetHints":{"allow":["GET"]}}],"collection":[{"href":"https:\/\/www.ferrovial.com\/es\/wp-json\/wp\/v2\/pages"}],"about":[{"href":"https:\/\/www.ferrovial.com\/es\/wp-json\/wp\/v2\/types\/page"}],"replies":[{"embeddable":true,"href":"https:\/\/www.ferrovial.com\/es\/wp-json\/wp\/v2\/comments?post=240937"}],"version-history":[{"count":3,"href":"https:\/\/www.ferrovial.com\/es\/wp-json\/wp\/v2\/pages\/240937\/revisions"}],"predecessor-version":[{"id":241762,"href":"https:\/\/www.ferrovial.com\/es\/wp-json\/wp\/v2\/pages\/240937\/revisions\/241762"}],"up":[{"embeddable":true,"href":"https:\/\/www.ferrovial.com\/es\/wp-json\/wp\/v2\/pages\/227878"}],"wp:attachment":[{"href":"https:\/\/www.ferrovial.com\/es\/wp-json\/wp\/v2\/media?parent=240937"}],"curies":[{"name":"wp","href":"https:\/\/api.w.org\/{rel}","templated":true}]}}