{"id":240944,"date":"2022-10-24T09:16:12","date_gmt":"2022-10-24T07:16:12","guid":{"rendered":"https:\/\/www.ferrovial.com\/?page_id=240944"},"modified":"2024-09-11T15:54:22","modified_gmt":"2024-09-11T13:54:22","slug":"camion-grua","status":"publish","type":"page","link":"https:\/\/www.ferrovial.com\/es\/stem\/camion-grua\/","title":{"rendered":"Cami\u00f3n gr\u00faa"},"content":{"rendered":"    <m-final-content-header >\n            <c-breadcrumb label-text=\"Breadcrumb\" slot=\"breadcrumbs\" type='2' align='left' wrap='wrapped wrapped' aria-label='Vienes de STEM'>\n                        <ol>\n\n                                                            <li><a href=\"https:\/\/www.ferrovial.com\/es\/\" title=\"Ferrovial\">Ferrovial<\/a><\/li>\n                                                                        <li><a href=\"https:\/\/www.ferrovial.com\/es\/stem\/\" title=\"STEM\">STEM<\/a><\/li>\n                                    \n                <\/ol>\n\n                <\/c-breadcrumb>\n    \n        <div slot=\"header\">\n            <h1>\n                \u00bfQu\u00e9 es un cami\u00f3n gr\u00faa?            <\/h1>\n                    <\/div>\n    <\/m-final-content-header>\n\n    \n\n\n<m-wysiwig class=\"wp-block-components-wysiwyg\"><div slot=\"maincontent\">\n<p><script type=\"application\/ld+json\">\n{\n  \"@context\": \"https:\/\/schema.org\",\n  \"@type\": \"FAQPage\",\n  \"mainEntity\": [{\n    \"@type\": \"Question\",\n    \"name\": \"\u00bfQu\u00e9 es un cami\u00f3n gr\u00faa?\",\n    \"acceptedAnswer\": {\n      \"@type\": \"Answer\",\n      \"text\": \"Un cami\u00f3n gr\u00faa, tambi\u00e9n llamado cami\u00f3n pluma, es un veh\u00edculo de transporte que tiene incorporado en su estructura una gr\u00faa que facilita la carga y descarga de mercanc\u00edas de gran dimensi\u00f3n. De esta manera, no hay dependencia de una maquinaria complementaria para cumplir con sus funciones.\"\n    }\n  },{\n    \"@type\": \"Question\",\n    \"name\": \"\u00bfCu\u00e1les son las caracter\u00edsticas principales de un cami\u00f3n gr\u00faa?\",\n    \"acceptedAnswer\": {\n      \"@type\": \"Answer\",\n      \"text\": \"Si bien existen distintos tipos de camiones gr\u00faas, todos guardan en com\u00fan una serie de caracter\u00edsticas, tales como:\n<ul>\n<li>Poseen dos o cuatro ruedas motrices, ya sea con neum\u00e1ticos o de orugas.<\/li>\n<li>Tienen potencias de elevaci\u00f3n de m\u00e1s 350 caballos y, generalmente, para poner en funcionamiento la gr\u00faase requiere un segundo motor.<\/li>\n<li>El brazo de la gr\u00faa puede alcanzar hasta 25 metros de altura.<\/li>\n<li>La gr\u00faa est\u00e1 instalada en la parte trasera del chasis del cami\u00f3n; no obstante, existen algunos modelos que la tienen instalada en la misma cabina.<\/li>\n<li>Su uso m\u00e1s com\u00fan est\u00e1 en los sectores de la construcci\u00f3n y la log\u00edstica, en especial para transportar y elevar contenedores de grandes dimensiones.<\/li>\n<li>Para el uso de un cami\u00f3n gr\u00faa es necesario cumplimentar una serie de protocolos de seguridad que garanticen la integridad f\u00edsica de los operadores.<\/li>\n<\/ul>\"\n    }\n  },{\n    \"@type\": \"Question\",\n    \"name\": \"\u00bfCu\u00e1les son las partes de un cami\u00f3n gr\u00faa?\",\n    \"acceptedAnswer\": {\n      \"@type\": \"Answer\",\n      \"text\": \"En l\u00edneas generales, todo cami\u00f3n gr\u00faa cuenta con:\n<ol>\n<li>Una estructura base<\/li>\n<li>Columna<\/li>\n<li>Sistema de brazos<\/li>\n<li>Estabilizadores<\/li>\n<li>Veh\u00edculo portador<\/li>\n<li>Sistema hidr\u00e1ulico de la gr\u00faa<\/li>\n<li>Gatos hidr\u00e1ulicos<\/li>\n<li>Placas de apoyo<\/li>\n<\/ol>\"\n    }\n  },{\n    \"@type\": \"Question\",\n    \"name\": \"\u00bfQu\u00e9 tipos de cami\u00f3n gr\u00faa existen?\",\n    \"acceptedAnswer\": {\n      \"@type\": \"Answer\",\n      \"text\": \"La clasificaci\u00f3n de los camiones gr\u00faas depende de las caracter\u00edsticas de los veh\u00edculos y las funciones que cumplen. Los tipos m\u00e1s comunes son:\n<ul>\n<li>Hidrogr\u00faas<\/li>\n<li>Cami\u00f3n gr\u00faa sidelifter, tambi\u00e9n conocido como cami\u00f3n sideload<\/li>\n<li>Cami\u00f3n gr\u00faa telesc\u00f3pica<\/li>\n<li>Cami\u00f3n gr\u00faa articulada<\/li>\n<\/ul>\"\n    }\n  }]\n}\n<\/script><p>Un cami\u00f3n gr\u00faa, tambi\u00e9n llamado <strong>cami\u00f3n pluma,<\/strong> es un veh\u00edculo de transporte que <strong>tiene incorporado en su estructura una gr\u00faa que facilita la carga y descarga de mercanc\u00edas de gran dimensi\u00f3n<\/strong>. De esta manera, no hay dependencia de una maquinaria complementaria para cumplir con sus funciones.&nbsp;<\/p><\/p>\n\n\n\n<p>Este tipo de veh\u00edculo, adem\u00e1s, no solo transporta art\u00edculos, sino que tambi\u00e9n <strong>puede subirlos a alturas elevadas<\/strong>. Gracias a su potencial de altura y su gran soporte, un cami\u00f3n gr\u00faa <strong>es capaz de levantar estructuras de acero u hormig\u00f3n pesado sin que existan riesgos de desplome.<\/strong><\/p>\n\n\n\n<h2 class=\"wp-block-heading\"><strong>\u00bfCu\u00e1les son las caracter\u00edsticas principales de un cami\u00f3n gr\u00faa?<\/strong><\/h2>\n\n\n\n<p>Si bien existen distintos tipos de camiones gr\u00faas, todos guardan en com\u00fan una serie de caracter\u00edsticas, tales como:<\/p>\n\n\n\n<ul class=\"wp-block-list\">\n<li>Poseen <strong>dos o cuatro ruedas motrices, ya sea con neum\u00e1ticos o de orugas.<\/strong><\/li>\n\n\n\n<li>Tienen <strong>potencias de elevaci\u00f3n de m\u00e1s 350 caballos <\/strong>y, generalmente, para poner en funcionamiento la gr\u00faa se requiere un segundo motor.<\/li>\n\n\n\n<li><strong>El brazo de la gr\u00faa puede alcanzar hasta 25 metros de altura.<\/strong><\/li>\n\n\n\n<li>La gr\u00faa est\u00e1 instalada en la parte trasera del chasis del cami\u00f3n; no obstante, existen algunos modelos que la tienen instalada en la misma cabina.<\/li>\n\n\n\n<li><strong>Su uso m\u00e1s com\u00fan est\u00e1 en los sectores de la <\/strong><a href=\"https:\/\/www.ferrovial.com\/es-es\/f-construccion\/\" target=\"_blank\" rel=\"noreferrer noopener\"><strong>construcci\u00f3n<\/strong><\/a><strong> y la <\/strong><a href=\"https:\/\/www.ferrovial.com\/es\/recursos\/logistica\/\" target=\"_blank\" rel=\"noreferrer noopener\"><strong>log\u00edstica<\/strong><\/a><strong>,<\/strong> en especial para transportar y elevar contenedores de grandes dimensiones.<\/li>\n\n\n\n<li>Para el uso de un cami\u00f3n gr\u00faa <strong>es necesario cumplimentar una serie de protocolos de seguridad <\/strong>que garanticen la integridad f\u00edsica de los operadores.<\/li>\n<\/ul>\n\n\n\n<h2 class=\"wp-block-heading\"><strong>\u00bfCu\u00e1les son las partes de un cami\u00f3n gr\u00faa?<\/strong><\/h2>\n\n\n\n<p>En l\u00edneas generales, todo cami\u00f3n gr\u00faa cuenta con:<\/p>\n\n\n\n<ol class=\"wp-block-list\">\n<li><strong>Una estructura base:<\/strong> es la parte m\u00e1s importante del veh\u00edculo, tambi\u00e9n conocida como caparaz\u00f3n, en el que se encuentran los anclajes y sistemas de rodamiento para el giro de la columna.<\/li>\n\n\n\n<li><strong>Columna:<\/strong> se trata del soporte principal del sistema de la pluma hidr\u00e1ulica.<\/li>\n\n\n\n<li><strong>Sistema de brazos:<\/strong> ya sea el principal o los extensibles, son los miembros estructurales del sistema de la pluma de la gr\u00faa cargadora.<\/li>\n\n\n\n<li><strong>Estabilizadores:<\/strong> le dan firmeza a la estructura portante que se encuentra anclada al veh\u00edculo. Pueden tener un asiento fijado a la columna de la gr\u00faa o una plataforma situada en su base.<\/li>\n\n\n\n<li><strong>Veh\u00edculo portador:<\/strong> se trata del cami\u00f3n que tiene la gr\u00faa incorporada.<\/li>\n\n\n\n<li><strong>Sistema hidr\u00e1ulico de la gr\u00faa:<\/strong> se trata de un mecanismo de bombeo a presi\u00f3n de un aceite lubricante que, por medio de manguitos, conduce el l\u00edquido hasta los cilindros que contienen un pist\u00f3n para activar el movimiento de la pluma.<\/li>\n\n\n\n<li><strong>Gatos hidr\u00e1ulicos:<\/strong> son capaces de nivelar la m\u00e1quina para que la gr\u00faa funcione correctamente sobre el cami\u00f3n, permitiendo su extensi\u00f3n. De esta manera, el peso recae sobre los estabilizadores, que tienen mayor capacidad de carga, y no sobre los neum\u00e1ticos.<\/li>\n\n\n\n<li><strong>Placas de apoyo:<\/strong> son las encargadas de disminuir la presi\u00f3n que ejerce la m\u00e1quina sobre el terreno en el que operan, de manera que se reduzca el riesgo de vuelco del cami\u00f3n.<\/li>\n<\/ol>\n\n\n\n<h2 class=\"wp-block-heading\"><strong>\u00bfQu\u00e9 tipos de cami\u00f3n gr\u00faa existen?<\/strong><\/h2>\n\n\n\n<p>La clasificaci\u00f3n de los camiones gr\u00faas depende de las caracter\u00edsticas de los veh\u00edculos y las funciones que cumplen. Los tipos m\u00e1s comunes son:<\/p>\n\n\n\n<ul class=\"wp-block-list\">\n<li><strong>Hidrogr\u00faas:<\/strong> se trata de un cami\u00f3n con gr\u00faa hidr\u00e1ulica articulada, dise\u00f1ada para transportar, soportar, elevar y depositar cargas.<\/li>\n\n\n\n<li><strong>Cami\u00f3n gr\u00faa <\/strong><strong><em>sidelifter<\/em><\/strong><strong>, tambi\u00e9n conocido como cami\u00f3n <\/strong><strong><em>sideload<\/em><\/strong><strong>:<\/strong> tiene acoplado un <em>spreader<\/em> elevador, cuya funci\u00f3n es enganchar, elevar y descender contenedores al cami\u00f3n.<\/li>\n\n\n\n<li><strong>Cami\u00f3n gr\u00faa telesc\u00f3pica:<\/strong> se trata de un tipo m\u00f3vil \u00fatil para trabajos de izamiento, giro o extensi\u00f3n a diferentes radios, siendo precisos y r\u00e1pidos en su movimiento.<\/li>\n\n\n\n<li><strong>Cami\u00f3n gr\u00faa articulada:<\/strong> cuenta con una columna giratoria, y su gr\u00faa suele instalarse sobre veh\u00edculos comerciales que tienen una alta resistencia y capacidad de carga.<\/li>\n<\/ul>\n<\/div><\/m-wysiwig>\n","protected":false},"excerpt":{"rendered":"","protected":false},"featured_media":0,"parent":227878,"menu_order":0,"comment_status":"closed","ping_status":"closed","template":"","meta":{"_acf_changed":false,"footnotes":""},"class_list":["post-240944","page","type-page","status-publish","hentry"],"acf":[],"yoast_head":"<!-- This site is optimized with the Yoast SEO plugin v27.2 - https:\/\/yoast.com\/product\/yoast-seo-wordpress\/ -->\n<title>Cami\u00f3n gr\u00faa: caracter\u00edsticas, partes, tipos - Ferrovial<\/title>\n<meta name=\"description\" content=\"Cami\u00f3n gr\u00faa o pluma, es un veh\u00edculo de transporte que tiene incorporado en su estructura una gr\u00faa que facilita la carga y descarga de mercanc\u00edas de gran dimensi\u00f3n.\" \/>\n<meta name=\"robots\" content=\"index, follow, max-snippet:-1, max-image-preview:large, max-video-preview:-1\" \/>\n<link rel=\"canonical\" href=\"https:\/\/www.ferrovial.com\/es\/stem\/camion-grua\/\" \/>\n<meta property=\"og:locale\" content=\"es_ES\" \/>\n<meta property=\"og:type\" content=\"article\" \/>\n<meta property=\"og:title\" content=\"Cami\u00f3n gr\u00faa: caracter\u00edsticas, partes, tipos - Ferrovial\" \/>\n<meta property=\"og:description\" content=\"Cami\u00f3n gr\u00faa o pluma, es un veh\u00edculo de transporte que tiene incorporado en su estructura una gr\u00faa que facilita la carga y descarga de mercanc\u00edas de gran dimensi\u00f3n.\" \/>\n<meta property=\"og:url\" content=\"https:\/\/www.ferrovial.com\/es\/stem\/camion-grua\/\" \/>\n<meta property=\"og:site_name\" content=\"Ferrovial\" \/>\n<meta property=\"article:publisher\" content=\"https:\/\/www.facebook.com\/ferrovial\" \/>\n<meta property=\"article:modified_time\" content=\"2024-09-11T13:54:22+00:00\" \/>\n<meta name=\"twitter:card\" content=\"summary_large_image\" \/>\n<meta name=\"twitter:site\" content=\"@ferrovial\" \/>\n<meta name=\"twitter:label1\" content=\"Est. reading time\" \/>\n\t<meta name=\"twitter:data1\" content=\"5 minutos\" \/>\n<!-- \/ Yoast SEO plugin. -->","yoast_head_json":{"title":"Cami\u00f3n gr\u00faa: caracter\u00edsticas, partes, tipos - Ferrovial","description":"Cami\u00f3n gr\u00faa o pluma, es un veh\u00edculo de transporte que tiene incorporado en su estructura una gr\u00faa que facilita la carga y descarga de mercanc\u00edas de gran dimensi\u00f3n.","robots":{"index":"index","follow":"follow","max-snippet":"max-snippet:-1","max-image-preview":"max-image-preview:large","max-video-preview":"max-video-preview:-1"},"canonical":"https:\/\/www.ferrovial.com\/es\/stem\/camion-grua\/","og_locale":"es_ES","og_type":"article","og_title":"Cami\u00f3n gr\u00faa: caracter\u00edsticas, partes, tipos - Ferrovial","og_description":"Cami\u00f3n gr\u00faa o pluma, es un veh\u00edculo de transporte que tiene incorporado en su estructura una gr\u00faa que facilita la carga y descarga de mercanc\u00edas de gran dimensi\u00f3n.","og_url":"https:\/\/www.ferrovial.com\/es\/stem\/camion-grua\/","og_site_name":"Ferrovial","article_publisher":"https:\/\/www.facebook.com\/ferrovial","article_modified_time":"2024-09-11T13:54:22+00:00","twitter_card":"summary_large_image","twitter_site":"@ferrovial","twitter_misc":{"Est. reading time":"5 minutos"},"schema":{"@context":"https:\/\/schema.org","@graph":[{"@type":"WebPage","@id":"https:\/\/www.ferrovial.com\/es\/stem\/camion-grua\/","url":"https:\/\/www.ferrovial.com\/es\/stem\/camion-grua\/","name":"Cami\u00f3n gr\u00faa: caracter\u00edsticas, partes, tipos - Ferrovial","isPartOf":{"@id":"https:\/\/www.ferrovial.com\/es\/#website"},"datePublished":"2022-10-24T07:16:12+00:00","dateModified":"2024-09-11T13:54:22+00:00","description":"Cami\u00f3n gr\u00faa o pluma, es un veh\u00edculo de transporte que tiene incorporado en su estructura una gr\u00faa que facilita la carga y descarga de mercanc\u00edas de gran dimensi\u00f3n.","breadcrumb":{"@id":"https:\/\/www.ferrovial.com\/es\/stem\/camion-grua\/#breadcrumb"},"inLanguage":"es","potentialAction":[{"@type":"ReadAction","target":["https:\/\/www.ferrovial.com\/es\/stem\/camion-grua\/"]}]},{"@type":"BreadcrumbList","@id":"https:\/\/www.ferrovial.com\/es\/stem\/camion-grua\/#breadcrumb","itemListElement":[{"@type":"ListItem","position":1,"name":"Portada","item":"https:\/\/www.ferrovial.com\/es\/"},{"@type":"ListItem","position":2,"name":"STEM","item":"https:\/\/www.ferrovial.com\/es\/stem\/"},{"@type":"ListItem","position":3,"name":"Cami\u00f3n gr\u00faa"}]},{"@type":"WebSite","@id":"https:\/\/www.ferrovial.com\/es\/#website","url":"https:\/\/www.ferrovial.com\/es\/","name":"Ferrovial","description":"Welcome to the Ferrovial&#039;s website, global operator of sustainable infrastructure. Here you can find all the information about the company and subsidiaries.","publisher":{"@id":"https:\/\/www.ferrovial.com\/es\/#organization"},"potentialAction":[{"@type":"SearchAction","target":{"@type":"EntryPoint","urlTemplate":"https:\/\/www.ferrovial.com\/es\/?s={search_term_string}"},"query-input":{"@type":"PropertyValueSpecification","valueRequired":true,"valueName":"search_term_string"}}],"inLanguage":"es"},{"@type":"Organization","@id":"https:\/\/www.ferrovial.com\/es\/#organization","name":"Ferrovial S.A.","url":"https:\/\/www.ferrovial.com\/es\/","logo":{"@type":"ImageObject","inLanguage":"es","@id":"https:\/\/www.ferrovial.com\/es\/#\/schema\/logo\/image\/","url":"https:\/\/static.ferrovial.com\/wp-content\/uploads\/2020\/01\/13124948\/logo-ferrovial-cf7.png","contentUrl":"https:\/\/static.ferrovial.com\/wp-content\/uploads\/2020\/01\/13124948\/logo-ferrovial-cf7.png","width":144,"height":32,"caption":"Ferrovial S.A."},"image":{"@id":"https:\/\/www.ferrovial.com\/es\/#\/schema\/logo\/image\/"},"sameAs":["https:\/\/www.facebook.com\/ferrovial","https:\/\/x.com\/ferrovial","https:\/\/www.instagram.com\/ferrovial\/","https:\/\/www.linkedin.com\/company\/ferrovial","https:\/\/www.pinterest.es\/ferrovial\/","https:\/\/www.youtube.com\/ferrovial","https:\/\/en.wikipedia.org\/wiki\/Ferrovial"]}]}},"_links":{"self":[{"href":"https:\/\/www.ferrovial.com\/es\/wp-json\/wp\/v2\/pages\/240944","targetHints":{"allow":["GET"]}}],"collection":[{"href":"https:\/\/www.ferrovial.com\/es\/wp-json\/wp\/v2\/pages"}],"about":[{"href":"https:\/\/www.ferrovial.com\/es\/wp-json\/wp\/v2\/types\/page"}],"replies":[{"embeddable":true,"href":"https:\/\/www.ferrovial.com\/es\/wp-json\/wp\/v2\/comments?post=240944"}],"version-history":[{"count":3,"href":"https:\/\/www.ferrovial.com\/es\/wp-json\/wp\/v2\/pages\/240944\/revisions"}],"predecessor-version":[{"id":287996,"href":"https:\/\/www.ferrovial.com\/es\/wp-json\/wp\/v2\/pages\/240944\/revisions\/287996"}],"up":[{"embeddable":true,"href":"https:\/\/www.ferrovial.com\/es\/wp-json\/wp\/v2\/pages\/227878"}],"wp:attachment":[{"href":"https:\/\/www.ferrovial.com\/es\/wp-json\/wp\/v2\/media?parent=240944"}],"curies":[{"name":"wp","href":"https:\/\/api.w.org\/{rel}","templated":true}]}}